{"id":4282,"date":"2025-03-15T11:41:13","date_gmt":"2025-03-15T03:41:13","guid":{"rendered":"https:\/\/ruishengglassco.com\/?post_type=product&#038;p=4282"},"modified":"2025-09-11T16:26:13","modified_gmt":"2025-09-11T08:26:13","slug":"rs057-700ml-750ml-flask-tall-glass-bottles-wholesale","status":"publish","type":"product","link":"https:\/\/ruishengglassco.com\/fr\/produit\/rs057-700ml-750ml-flask-tall-glass-bottles-wholesale","title":{"rendered":"RS057 : 700ml 750ml Flask Tall Glass Bottles Manufacturers"},"content":{"rendered":"<p><span data-preserver-spaces=\"true\">Ces<\/span><strong><span data-preserver-spaces=\"true\"> Bouteille carr\u00e9e en verre de 700ml<\/span><\/strong><span data-preserver-spaces=\"true\"> l'un des produits les plus vendus de notre usine. Le mat\u00e9riau de cette bouteille en verre est un cristal tr\u00e8s transparent.<\/span><\/p>\n<p><span data-preserver-spaces=\"true\">Notre entreprise <\/span><span data-preserver-spaces=\"true\">est dou\u00e9 pour<\/span><span data-preserver-spaces=\"true\"> la production de bouteilles en verre de haute qualit\u00e9, <\/span><span data-preserver-spaces=\"true\">Nous garantissons donc<\/span><span data-preserver-spaces=\"true\"> que nous <\/span><span data-preserver-spaces=\"true\">peut produire des bouteilles en verre de haute qualit\u00e9<\/span><span data-preserver-spaces=\"true\">.<\/span><\/p>\n<p><span data-preserver-spaces=\"true\">Si vous <\/span><span data-preserver-spaces=\"true\">vouloir<\/span><span data-preserver-spaces=\"true\"> toute autre capacit\u00e9, <\/span><span data-preserver-spaces=\"true\">puis<\/span><span data-preserver-spaces=\"true\"> nous pouvons <\/span><span data-preserver-spaces=\"true\">changer<\/span><span data-preserver-spaces=\"true\"> comme <\/span><span data-preserver-spaces=\"true\">vous<\/span><span data-preserver-spaces=\"true\"> demande.<\/span><\/p>\n<p><span data-preserver-spaces=\"true\">Nos principaux produits sont des bouteilles en verre de qualit\u00e9 sup\u00e9rieure avec bouchons, <\/span><span data-preserver-spaces=\"true\">tels que<\/span><span data-preserver-spaces=\"true\"> bouteilles de vodka, bouteilles de brandy, bouteilles de whisky, bouteilles de liqueur, bouteilles de confiture, et <\/span><span data-preserver-spaces=\"true\">ainsi de suite<\/span><span data-preserver-spaces=\"true\">.<\/span><span data-preserver-spaces=\"true\"> Nous pouvons \u00e9galement proposer des bouteilles en verre ambr\u00e9, des bouteilles vertes et des bouteilles d'eau. <\/span><span data-preserver-spaces=\"true\">Notre <\/span><span data-preserver-spaces=\"true\">principal<\/span><span data-preserver-spaces=\"true\"> march\u00e9s <\/span><span data-preserver-spaces=\"true\">sont<\/span><span data-preserver-spaces=\"true\"> Europe, \u00c9tats-Unis, Australie, <\/span><span data-preserver-spaces=\"true\">etc.<\/span><span data-preserver-spaces=\"true\">.<\/span><span data-preserver-spaces=\"true\"> Tous les produits jouissent d'une excellente r\u00e9putation en mati\u00e8re d'innovation et de fonctionnalit\u00e9.<\/span><\/p>\n<p><span data-preserver-spaces=\"true\">Nous s\u00e9lectionnons avec soin les mat\u00e9riaux utilis\u00e9s pour notre bouteille en verre \u00e0 silex de 700 ml d'huile d'olive carr\u00e9e. Nous nous procurons ces mat\u00e9riaux dans leur pays d'origine. <\/span><span data-preserver-spaces=\"true\">En outre<\/span><span data-preserver-spaces=\"true\">, nous <\/span><span data-preserver-spaces=\"true\">utiliser<\/span><span data-preserver-spaces=\"true\"> des machines de pointe pour produire <\/span><span data-preserver-spaces=\"true\">les<\/span><span data-preserver-spaces=\"true\"> bouteilles en verre.<\/span><\/p>\n<h2>L'information sur <strong>Fabricants de flacons carr\u00e9s en verre de 700 ml<\/strong>:<\/h2>\n<ul>\n<li>Mat\u00e9riau principal : mat\u00e9riau blanc cristallin mat\u00e9riau extr\u00eamement blanc<\/li>\n<li>Cap : Li\u00e8ge<\/li>\n<li>R\u00e9f\u00e9rence : RS057<\/li>\n<li>MOQ : 10000 PCS<\/li>\n<li>Capacit\u00e9 : 700ml<\/li>\n<li>Pcs\/Ctn : 24pcs<\/li>\n<li>Origine du lieu : Shandong, Chine<\/li>\n<li>Caract\u00e9ristique : Respectueux de l'environnement<\/li>\n<\/ul>\n<p>Si vous \u00eates satisfait de cette bouteille en verre, veuillez me contacter \u00e0 temps. Si vous ne l'aimez pas, vous pouvez regarder nos autres bouteilles. Ou je vous donnerai le catalogue, vous pouvez choisir ce que vous voulez. Si vous \u00eates int\u00e9ress\u00e9 par nos bouteilles herm\u00e9tiques d'alcool, veuillez nous contacter. Nous vous r\u00e9pondrons dans les 24 heures.<\/p>","protected":false},"excerpt":{"rendered":"<p><span data-preserver-spaces=\"true\">Ces<\/span><strong><span data-preserver-spaces=\"true\">\u00a0Bouteille carr\u00e9e en verre 700ml Wholesale\u00a0<\/span><\/strong><span data-preserver-spaces=\"true\">sont l'un des produits les plus vendus de notre usine. <\/span><span data-preserver-spaces=\"true\">Le mat\u00e9riau de cette bouteille en verre est <\/span><span data-preserver-spaces=\"true\">mat\u00e9riau cristallin d'une extr\u00eame blancheur<\/span><span data-preserver-spaces=\"true\">.<\/span><\/p>","protected":false},"featured_media":4283,"comment_status":"closed","ping_status":"closed","template":"","meta":[],"product_cat":[44,40],"class_list":{"0":"post-4282","1":"product","2":"type-product","3":"status-publish","4":"has-post-thumbnail","6":"product_cat-700ml-liquor-bottle-manufacturer","7":"product_cat-750ml-liquor-bottle-manufacturer","9":"first","10":"instock","11":"shipping-taxable","12":"product-type-simple"},"yoast_head":"<!-- This site is optimized with the Yoast SEO plugin v22.0 - https:\/\/yoast.com\/wordpress\/plugins\/seo\/ -->\n<title>Glass Flask Bottles Manufacturers | Square Liquor Bottle Manufacturer<\/title>\n<meta name=\"description\" content=\"Buy Glass Flask Bottles Manufacturers From China Liquor Bottle Manufacturer. Clear Square Liquor Bottle Will Catch Your Eyes In An Instant.\" \/>\n<meta name=\"robots\" content=\"index, follow, max-snippet:-1, max-image-preview:large, max-video-preview:-1\" \/>\n<link rel=\"canonical\" href=\"https:\/\/ruishengglassco.com\/fr\/produit\/rs057-700ml-750ml-flask-tall-glass-bottles-wholesale\" \/>\n<meta property=\"og:locale\" content=\"fr_FR\" \/>\n<meta property=\"og:type\" content=\"article\" \/>\n<meta property=\"og:title\" content=\"Glass Flask Bottles Manufacturers | Square Liquor Bottle Manufacturer\" \/>\n<meta property=\"og:description\" content=\"Buy Glass Flask Bottles Manufacturers From China Liquor Bottle Manufacturer. Clear Square Liquor Bottle Will Catch Your Eyes In An Instant.\" \/>\n<meta property=\"og:url\" content=\"https:\/\/ruishengglassco.com\/fr\/produit\/rs057-700ml-750ml-flask-tall-glass-bottles-wholesale\" \/>\n<meta property=\"article:publisher\" content=\"https:\/\/www.facebook.com\/ruishengglassbottles\" \/>\n<meta property=\"article:modified_time\" content=\"2025-09-11T08:26:13+00:00\" \/>\n<meta property=\"og:image\" content=\"https:\/\/ruishengglassco.com\/wp-content\/uploads\/2025\/03\/RS057-700ml-750ml-Flask-Tall-Glass-Bottles-Wholesale.webp\" \/>\n\t<meta property=\"og:image:width\" content=\"800\" \/>\n\t<meta property=\"og:image:height\" content=\"800\" \/>\n\t<meta property=\"og:image:type\" content=\"image\/webp\" \/>\n<meta name=\"twitter:card\" content=\"summary_large_image\" \/>\n<meta name=\"twitter:label1\" content=\"Dur\u00e9e de lecture estim\u00e9e\" \/>\n\t<meta name=\"twitter:data1\" content=\"2 minutes\" \/>\n<script type=\"application\/ld+json\" class=\"yoast-schema-graph\">{\"@context\":\"https:\/\/schema.org\",\"@graph\":[{\"@type\":\"WebPage\",\"@id\":\"https:\/\/ruishengglassco.com\/product\/rs057-700ml-750ml-flask-tall-glass-bottles-wholesale\",\"url\":\"https:\/\/ruishengglassco.com\/product\/rs057-700ml-750ml-flask-tall-glass-bottles-wholesale\",\"name\":\"Glass Flask Bottles Manufacturers | Square Liquor Bottle Manufacturer\",\"isPartOf\":{\"@id\":\"https:\/\/ruishengglassco.com\/#website\"},\"datePublished\":\"2025-03-15T03:41:13+00:00\",\"dateModified\":\"2025-09-11T08:26:13+00:00\",\"description\":\"Buy Glass Flask Bottles Manufacturers From China Liquor Bottle Manufacturer. Clear Square Liquor Bottle Will Catch Your Eyes In An Instant.\",\"breadcrumb\":{\"@id\":\"https:\/\/ruishengglassco.com\/product\/rs057-700ml-750ml-flask-tall-glass-bottles-wholesale#breadcrumb\"},\"inLanguage\":\"fr-FR\",\"potentialAction\":[{\"@type\":\"ReadAction\",\"target\":[\"https:\/\/ruishengglassco.com\/product\/rs057-700ml-750ml-flask-tall-glass-bottles-wholesale\"]}]},{\"@type\":\"BreadcrumbList\",\"@id\":\"https:\/\/ruishengglassco.com\/product\/rs057-700ml-750ml-flask-tall-glass-bottles-wholesale#breadcrumb\",\"itemListElement\":[{\"@type\":\"ListItem\",\"position\":1,\"name\":\"Home\",\"item\":\"https:\/\/ruishengglassco.com\/\"},{\"@type\":\"ListItem\",\"position\":2,\"name\":\"Products\",\"item\":\"https:\/\/ruishengglassco.com\/products\"},{\"@type\":\"ListItem\",\"position\":3,\"name\":\"RS057: 700ml 750ml Flask Tall Glass Bottles Manufacturers\"}]},{\"@type\":\"WebSite\",\"@id\":\"https:\/\/ruishengglassco.com\/#website\",\"url\":\"https:\/\/ruishengglassco.com\/\",\"name\":\"Ruisheng Glass\",\"description\":\"\",\"publisher\":{\"@id\":\"https:\/\/ruishengglassco.com\/#organization\"},\"potentialAction\":[{\"@type\":\"SearchAction\",\"target\":{\"@type\":\"EntryPoint\",\"urlTemplate\":\"https:\/\/ruishengglassco.com\/?s={search_term_string}\"},\"query-input\":\"required name=search_term_string\"}],\"inLanguage\":\"fr-FR\"},{\"@type\":\"Organization\",\"@id\":\"https:\/\/ruishengglassco.com\/#organization\",\"name\":\"Shandong Yuncheng Ruisheng Glass Co., Ltd\",\"url\":\"https:\/\/ruishengglassco.com\/\",\"logo\":{\"@type\":\"ImageObject\",\"inLanguage\":\"fr-FR\",\"@id\":\"https:\/\/ruishengglassco.com\/#\/schema\/logo\/image\/\",\"url\":\"https:\/\/ruishengglassco.com\/wp-content\/uploads\/2023\/09\/ruisheng_logo_icon.webp\",\"contentUrl\":\"https:\/\/ruishengglassco.com\/wp-content\/uploads\/2023\/09\/ruisheng_logo_icon.webp\",\"width\":400,\"height\":233,\"caption\":\"Shandong Yuncheng Ruisheng Glass Co., Ltd\"},\"image\":{\"@id\":\"https:\/\/ruishengglassco.com\/#\/schema\/logo\/image\/\"},\"sameAs\":[\"https:\/\/www.facebook.com\/ruishengglassbottles\",\"https:\/\/www.instagram.com\/Ruishengglassbottlewholesales\/\",\"https:\/\/www.youtube.com\/channel\/UCMmbMNGwsL-XrtjfSFLCdVQ\"]}]}<\/script>\n<!-- \/ Yoast SEO plugin. -->","yoast_head_json":{"title":"Glass Flask Bottles Manufacturers | Square Liquor Bottle Manufacturer","description":"Buy Glass Flask Bottles Manufacturers From China Liquor Bottle Manufacturer. Clear Square Liquor Bottle Will Catch Your Eyes In An Instant.","robots":{"index":"index","follow":"follow","max-snippet":"max-snippet:-1","max-image-preview":"max-image-preview:large","max-video-preview":"max-video-preview:-1"},"canonical":"https:\/\/ruishengglassco.com\/fr\/produit\/rs057-700ml-750ml-flask-tall-glass-bottles-wholesale","og_locale":"fr_FR","og_type":"article","og_title":"Glass Flask Bottles Manufacturers | Square Liquor Bottle Manufacturer","og_description":"Buy Glass Flask Bottles Manufacturers From China Liquor Bottle Manufacturer. Clear Square Liquor Bottle Will Catch Your Eyes In An Instant.","og_url":"https:\/\/ruishengglassco.com\/fr\/produit\/rs057-700ml-750ml-flask-tall-glass-bottles-wholesale","article_publisher":"https:\/\/www.facebook.com\/ruishengglassbottles","article_modified_time":"2025-09-11T08:26:13+00:00","og_image":[{"width":800,"height":800,"url":"https:\/\/ruishengglassco.com\/wp-content\/uploads\/2025\/03\/RS057-700ml-750ml-Flask-Tall-Glass-Bottles-Wholesale.webp","type":"image\/webp"}],"twitter_card":"summary_large_image","twitter_misc":{"Dur\u00e9e de lecture estim\u00e9e":"2 minutes"},"schema":{"@context":"https:\/\/schema.org","@graph":[{"@type":"WebPage","@id":"https:\/\/ruishengglassco.com\/product\/rs057-700ml-750ml-flask-tall-glass-bottles-wholesale","url":"https:\/\/ruishengglassco.com\/product\/rs057-700ml-750ml-flask-tall-glass-bottles-wholesale","name":"Glass Flask Bottles Manufacturers | Square Liquor Bottle Manufacturer","isPartOf":{"@id":"https:\/\/ruishengglassco.com\/#website"},"datePublished":"2025-03-15T03:41:13+00:00","dateModified":"2025-09-11T08:26:13+00:00","description":"Buy Glass Flask Bottles Manufacturers From China Liquor Bottle Manufacturer. Clear Square Liquor Bottle Will Catch Your Eyes In An Instant.","breadcrumb":{"@id":"https:\/\/ruishengglassco.com\/product\/rs057-700ml-750ml-flask-tall-glass-bottles-wholesale#breadcrumb"},"inLanguage":"fr-FR","potentialAction":[{"@type":"ReadAction","target":["https:\/\/ruishengglassco.com\/product\/rs057-700ml-750ml-flask-tall-glass-bottles-wholesale"]}]},{"@type":"BreadcrumbList","@id":"https:\/\/ruishengglassco.com\/product\/rs057-700ml-750ml-flask-tall-glass-bottles-wholesale#breadcrumb","itemListElement":[{"@type":"ListItem","position":1,"name":"Home","item":"https:\/\/ruishengglassco.com\/"},{"@type":"ListItem","position":2,"name":"Products","item":"https:\/\/ruishengglassco.com\/products"},{"@type":"ListItem","position":3,"name":"RS057: 700ml 750ml Flask Tall Glass Bottles Manufacturers"}]},{"@type":"WebSite","@id":"https:\/\/ruishengglassco.com\/#website","url":"https:\/\/ruishengglassco.com\/","name":"Ruisheng Glass","description":"","publisher":{"@id":"https:\/\/ruishengglassco.com\/#organization"},"potentialAction":[{"@type":"SearchAction","target":{"@type":"EntryPoint","urlTemplate":"https:\/\/ruishengglassco.com\/?s={search_term_string}"},"query-input":"required name=search_term_string"}],"inLanguage":"fr-FR"},{"@type":"Organization","@id":"https:\/\/ruishengglassco.com\/#organization","name":"Shandong Yuncheng Ruisheng Glass Co., Ltd","url":"https:\/\/ruishengglassco.com\/","logo":{"@type":"ImageObject","inLanguage":"fr-FR","@id":"https:\/\/ruishengglassco.com\/#\/schema\/logo\/image\/","url":"https:\/\/ruishengglassco.com\/wp-content\/uploads\/2023\/09\/ruisheng_logo_icon.webp","contentUrl":"https:\/\/ruishengglassco.com\/wp-content\/uploads\/2023\/09\/ruisheng_logo_icon.webp","width":400,"height":233,"caption":"Shandong Yuncheng Ruisheng Glass Co., Ltd"},"image":{"@id":"https:\/\/ruishengglassco.com\/#\/schema\/logo\/image\/"},"sameAs":["https:\/\/www.facebook.com\/ruishengglassbottles","https:\/\/www.instagram.com\/Ruishengglassbottlewholesales\/","https:\/\/www.youtube.com\/channel\/UCMmbMNGwsL-XrtjfSFLCdVQ"]}]}},"_links":{"self":[{"href":"https:\/\/ruishengglassco.com\/fr\/wp-json\/wp\/v2\/product\/4282","targetHints":{"allow":["GET"]}}],"collection":[{"href":"https:\/\/ruishengglassco.com\/fr\/wp-json\/wp\/v2\/product"}],"about":[{"href":"https:\/\/ruishengglassco.com\/fr\/wp-json\/wp\/v2\/types\/product"}],"replies":[{"embeddable":true,"href":"https:\/\/ruishengglassco.com\/fr\/wp-json\/wp\/v2\/comments?post=4282"}],"wp:featuredmedia":[{"embeddable":true,"href":"https:\/\/ruishengglassco.com\/fr\/wp-json\/wp\/v2\/media\/4283"}],"wp:attachment":[{"href":"https:\/\/ruishengglassco.com\/fr\/wp-json\/wp\/v2\/media?parent=4282"}],"wp:term":[{"taxonomy":"product_cat","embeddable":true,"href":"https:\/\/ruishengglassco.com\/fr\/wp-json\/wp\/v2\/product_cat?post=4282"}],"curies":[{"name":"wp","href":"https:\/\/api.w.org\/{rel}","templated":true}]}}