{"id":4280,"date":"2025-03-15T11:38:33","date_gmt":"2025-03-15T03:38:33","guid":{"rendered":"https:\/\/ruishengglassco.com\/?post_type=product&#038;p=4280"},"modified":"2025-07-17T08:39:10","modified_gmt":"2025-07-17T00:39:10","slug":"rs058-bouteille-de-spiritueux-750ml-700ml-500ml","status":"publish","type":"product","link":"https:\/\/ruishengglassco.com\/fr\/produit\/rs058-bouteille-de-spiritueux-750ml-700ml-500ml","title":{"rendered":"RS058 : Bouteille de spiritueux 750ml 700ml 500ml"},"content":{"rendered":"<p>Les bouteilles de spiritueux en gros, disponibles dans des formats de 750 ml, 700 ml et 500 ml, sont un projet cl\u00e9 de Ruisheng. Ruisheng, l'un des principaux fabricants de bouteilles en verre bouch\u00e9es, propose un large \u00e9ventail d'options. Elle propose des bouteilles en verre rondes de Boston, des bouteilles en verre carr\u00e9es et des bouteilles de forme personnalis\u00e9e. Vous pouvez \u00e9galement trouver des bouteilles bouch\u00e9es sp\u00e9ciales pour les spiritueux tels que le whisky, le brandy, le rhum et la vodka.<\/p>\n<p>Faites de l'artisanat ou exp\u00e9diez des marchandises \u00e0 vos clients en choisissant une petite bouteille en verre ou une grande bouteille en verre en gros. Les formats disponibles vont de 50 ml \u00e0 1 500 ml. Les commandes personnalis\u00e9es peuvent \u00eatre accept\u00e9es. La plupart des bouteilles en verre en vente sont fabriqu\u00e9es en verre de haute qualit\u00e9, ce qui rend le corps de la bouteille de liqueur plus solide et plus beau. Nous garantissons que toutes les bouteilles en verre transparent avec bouchon sont non toxiques, 100% r\u00e9cup\u00e9rables, r\u00e9utilisables et sans danger pour la plan\u00e8te.<\/p>\n<p>Cette bouteille en verre est con\u00e7ue pour le brandy XO haut de gamme. Elle met en valeur la qualit\u00e9 sup\u00e9rieure de votre liqueur.<\/p>\n<h2>Informations sur les bouteilles de spiritueux en vrac pour le brandy XO<\/h2>\n<ul>\n<li>Mat\u00e9riau principal : verre \u00e0 haute teneur en silex<\/li>\n<li>Bouchon : bouchon \u00e0 vis<\/li>\n<li>R\u00e9f\u00e9rence : RS058<\/li>\n<li>MOQ : 10000 PCS<\/li>\n<li>Capacit\u00e9 : 700ml<\/li>\n<li>Pcs\/Ctn : 24pcs<\/li>\n<li>Origine du lieu : Shandong, Chine<\/li>\n<li>Caract\u00e9ristique : Respectueux de l'environnement<\/li>\n<\/ul>\n<p>Ruisheng produit des bouteilles en verre de 700ml depuis longtemps. Notre \u00e9quipe qualifi\u00e9e est exp\u00e9riment\u00e9e, ce qui nous permet de fabriquer en toute confiance un produit que vous aimerez. Les bouteilles en verre transparent de Ruisheng ont \u00e9t\u00e9 bien accueillies en Europe, aux Etats-Unis, en Australie et dans d'autres r\u00e9gions. Tous les produits jouissent d'une excellente r\u00e9putation en termes d'innovation et de fonctionnalit\u00e9.<\/p>\n<p>Ruisheng Glass Bottle s'est maintenant \u00e9tendu \u00e0 un nouveau site, a introduit des machines de pointe et notre vitesse de production est nettement plus \u00e9lev\u00e9e qu'auparavant. Nous produirons donc de bonnes bouteilles \u00e0 la date fix\u00e9e et nous vous livrerons les marchandises.<\/p>\n<p>Si vous cherchez \u00e0 acheter des bouteilles de spiritueux en gros pour le XO ou le Brandy, veuillez nous contacter. Nous vous r\u00e9pondrons dans les 24 heures.<br \/>J'esp\u00e8re que vous pourrez passer commande.<\/p>","protected":false},"excerpt":{"rendered":"<table style=\"undefined;width: 367px;\">\n<colgroup>\n<col style=\"width: 133px;\" \/>\n<col style=\"width: 234px;\" \/> <\/colgroup>\n<tbody>\n<tr>\n<th colspan=\"2\">Bouteilles de spiritueux en gros pour le brandy XO<\/th>\n<\/tr>\n<tr>\n<td>Mat\u00e9riau principal :<\/td>\n<td>mat\u00e9riau blanc cristallin<\/td>\n<\/tr>\n<tr>\n<td>Cap :<\/td>\n<td>Bouchon \u00e0 vis<\/td>\n<\/tr>\n<tr>\n<td>Capacit\u00e9 :<\/td>\n<td>750ml<\/td>\n<\/tr>\n<tr>\n<td>Fonctionnalit\u00e9 :<\/td>\n<td>Respect de l'environnement<\/td>\n<\/tr>\n<tr>\n<td>MOQ :<\/td>\n<td>10000 PCS<\/td>\n<\/tr>\n<tr>\n<td>Mode d'exp\u00e9dition :<\/td>\n<td>Exp\u00e9dition, Express<\/td>\n<\/tr>\n<tr>\n<td>OEM\/ODM :<\/td>\n<td>Bienvenue<\/td>\n<\/tr>\n<tr>\n<td>Origine du lieu :<\/td>\n<td>Shandong, Chine<\/td>\n<\/tr>\n<tr>\n<td>Pcs\/Ctn :<\/td>\n<td>24pcs<\/td>\n<\/tr>\n<\/tbody>\n<\/table>","protected":false},"featured_media":4281,"comment_status":"closed","ping_status":"closed","template":"","meta":[],"product_cat":[41,44,40,56],"class_list":{"0":"post-4280","1":"product","2":"type-product","3":"status-publish","4":"has-post-thumbnail","6":"product_cat-500ml-liquor-bottle-manufacturer","7":"product_cat-700ml-liquor-bottle-manufacturer","8":"product_cat-750ml-liquor-bottle-manufacturer","9":"product_cat-xo-brandy-bottle","11":"first","12":"instock","13":"shipping-taxable","14":"product-type-simple"},"yoast_head":"<!-- This site is optimized with the Yoast SEO plugin v22.0 - https:\/\/yoast.com\/wordpress\/plugins\/seo\/ -->\n<title>Spirit Bottles Bulk | XO Brandy Bottle Supplier<\/title>\n<meta name=\"description\" content=\"Buy Spirit Bottles Bulk From China Glass Bottle Mnaufacturer. Professional Xo Brandy Bottle Supplier, Sales In High Quality&amp;Cheap Price\" \/>\n<meta name=\"robots\" content=\"index, follow, max-snippet:-1, max-image-preview:large, max-video-preview:-1\" \/>\n<link rel=\"canonical\" href=\"https:\/\/ruishengglassco.com\/fr\/produit\/rs058-bouteille-de-spiritueux-750ml-700ml-500ml\" \/>\n<meta property=\"og:locale\" content=\"fr_FR\" \/>\n<meta property=\"og:type\" content=\"article\" \/>\n<meta property=\"og:title\" content=\"Spirit Bottles Bulk | XO Brandy Bottle Supplier\" \/>\n<meta property=\"og:description\" content=\"Buy Spirit Bottles Bulk From China Glass Bottle Mnaufacturer. Professional Xo Brandy Bottle Supplier, Sales In High Quality&amp;Cheap Price\" \/>\n<meta property=\"og:url\" content=\"https:\/\/ruishengglassco.com\/fr\/produit\/rs058-bouteille-de-spiritueux-750ml-700ml-500ml\" \/>\n<meta property=\"article:publisher\" content=\"https:\/\/www.facebook.com\/ruishengglassbottles\" \/>\n<meta property=\"article:modified_time\" content=\"2025-07-17T00:39:10+00:00\" \/>\n<meta property=\"og:image\" content=\"https:\/\/ruishengglassco.com\/wp-content\/uploads\/2025\/03\/RS058-Wholesale-Spirit-Bottle-750ml-700ml-500ml.webp\" \/>\n\t<meta property=\"og:image:width\" content=\"800\" \/>\n\t<meta property=\"og:image:height\" content=\"800\" \/>\n\t<meta property=\"og:image:type\" content=\"image\/webp\" \/>\n<meta name=\"twitter:card\" content=\"summary_large_image\" \/>\n<meta name=\"twitter:label1\" content=\"Dur\u00e9e de lecture estim\u00e9e\" \/>\n\t<meta name=\"twitter:data1\" content=\"2 minutes\" \/>\n<script type=\"application\/ld+json\" class=\"yoast-schema-graph\">{\"@context\":\"https:\/\/schema.org\",\"@graph\":[{\"@type\":\"WebPage\",\"@id\":\"https:\/\/ruishengglassco.com\/product\/rs058-spirit-bottle-750ml-700ml-500ml\",\"url\":\"https:\/\/ruishengglassco.com\/product\/rs058-spirit-bottle-750ml-700ml-500ml\",\"name\":\"Spirit Bottles Bulk | XO Brandy Bottle Supplier\",\"isPartOf\":{\"@id\":\"https:\/\/ruishengglassco.com\/#website\"},\"datePublished\":\"2025-03-15T03:38:33+00:00\",\"dateModified\":\"2025-07-17T00:39:10+00:00\",\"description\":\"Buy Spirit Bottles Bulk From China Glass Bottle Mnaufacturer. Professional Xo Brandy Bottle Supplier, Sales In High Quality&Cheap Price\",\"breadcrumb\":{\"@id\":\"https:\/\/ruishengglassco.com\/product\/rs058-spirit-bottle-750ml-700ml-500ml#breadcrumb\"},\"inLanguage\":\"fr-FR\",\"potentialAction\":[{\"@type\":\"ReadAction\",\"target\":[\"https:\/\/ruishengglassco.com\/product\/rs058-spirit-bottle-750ml-700ml-500ml\"]}]},{\"@type\":\"BreadcrumbList\",\"@id\":\"https:\/\/ruishengglassco.com\/product\/rs058-spirit-bottle-750ml-700ml-500ml#breadcrumb\",\"itemListElement\":[{\"@type\":\"ListItem\",\"position\":1,\"name\":\"Home\",\"item\":\"https:\/\/ruishengglassco.com\/\"},{\"@type\":\"ListItem\",\"position\":2,\"name\":\"Products\",\"item\":\"https:\/\/ruishengglassco.com\/products\"},{\"@type\":\"ListItem\",\"position\":3,\"name\":\"RS058: Spirit Bottle 750ml 700ml 500ml\"}]},{\"@type\":\"WebSite\",\"@id\":\"https:\/\/ruishengglassco.com\/#website\",\"url\":\"https:\/\/ruishengglassco.com\/\",\"name\":\"Ruisheng Glass\",\"description\":\"\",\"publisher\":{\"@id\":\"https:\/\/ruishengglassco.com\/#organization\"},\"potentialAction\":[{\"@type\":\"SearchAction\",\"target\":{\"@type\":\"EntryPoint\",\"urlTemplate\":\"https:\/\/ruishengglassco.com\/?s={search_term_string}\"},\"query-input\":\"required name=search_term_string\"}],\"inLanguage\":\"fr-FR\"},{\"@type\":\"Organization\",\"@id\":\"https:\/\/ruishengglassco.com\/#organization\",\"name\":\"Shandong Yuncheng Ruisheng Glass Co., Ltd\",\"url\":\"https:\/\/ruishengglassco.com\/\",\"logo\":{\"@type\":\"ImageObject\",\"inLanguage\":\"fr-FR\",\"@id\":\"https:\/\/ruishengglassco.com\/#\/schema\/logo\/image\/\",\"url\":\"https:\/\/ruishengglassco.com\/wp-content\/uploads\/2023\/09\/ruisheng_logo_icon.webp\",\"contentUrl\":\"https:\/\/ruishengglassco.com\/wp-content\/uploads\/2023\/09\/ruisheng_logo_icon.webp\",\"width\":400,\"height\":233,\"caption\":\"Shandong Yuncheng Ruisheng Glass Co., Ltd\"},\"image\":{\"@id\":\"https:\/\/ruishengglassco.com\/#\/schema\/logo\/image\/\"},\"sameAs\":[\"https:\/\/www.facebook.com\/ruishengglassbottles\",\"https:\/\/www.instagram.com\/Ruishengglassbottlewholesales\/\",\"https:\/\/www.youtube.com\/channel\/UCMmbMNGwsL-XrtjfSFLCdVQ\"]}]}<\/script>\n<!-- \/ Yoast SEO plugin. -->","yoast_head_json":{"title":"Spirit Bottles Bulk | XO Brandy Bottle Supplier","description":"Buy Spirit Bottles Bulk From China Glass Bottle Mnaufacturer. Professional Xo Brandy Bottle Supplier, Sales In High Quality&Cheap Price","robots":{"index":"index","follow":"follow","max-snippet":"max-snippet:-1","max-image-preview":"max-image-preview:large","max-video-preview":"max-video-preview:-1"},"canonical":"https:\/\/ruishengglassco.com\/fr\/produit\/rs058-bouteille-de-spiritueux-750ml-700ml-500ml","og_locale":"fr_FR","og_type":"article","og_title":"Spirit Bottles Bulk | XO Brandy Bottle Supplier","og_description":"Buy Spirit Bottles Bulk From China Glass Bottle Mnaufacturer. Professional Xo Brandy Bottle Supplier, Sales In High Quality&Cheap Price","og_url":"https:\/\/ruishengglassco.com\/fr\/produit\/rs058-bouteille-de-spiritueux-750ml-700ml-500ml","article_publisher":"https:\/\/www.facebook.com\/ruishengglassbottles","article_modified_time":"2025-07-17T00:39:10+00:00","og_image":[{"width":800,"height":800,"url":"https:\/\/ruishengglassco.com\/wp-content\/uploads\/2025\/03\/RS058-Wholesale-Spirit-Bottle-750ml-700ml-500ml.webp","type":"image\/webp"}],"twitter_card":"summary_large_image","twitter_misc":{"Dur\u00e9e de lecture estim\u00e9e":"2 minutes"},"schema":{"@context":"https:\/\/schema.org","@graph":[{"@type":"WebPage","@id":"https:\/\/ruishengglassco.com\/product\/rs058-spirit-bottle-750ml-700ml-500ml","url":"https:\/\/ruishengglassco.com\/product\/rs058-spirit-bottle-750ml-700ml-500ml","name":"Spirit Bottles Bulk | XO Brandy Bottle Supplier","isPartOf":{"@id":"https:\/\/ruishengglassco.com\/#website"},"datePublished":"2025-03-15T03:38:33+00:00","dateModified":"2025-07-17T00:39:10+00:00","description":"Buy Spirit Bottles Bulk From China Glass Bottle Mnaufacturer. Professional Xo Brandy Bottle Supplier, Sales In High Quality&Cheap Price","breadcrumb":{"@id":"https:\/\/ruishengglassco.com\/product\/rs058-spirit-bottle-750ml-700ml-500ml#breadcrumb"},"inLanguage":"fr-FR","potentialAction":[{"@type":"ReadAction","target":["https:\/\/ruishengglassco.com\/product\/rs058-spirit-bottle-750ml-700ml-500ml"]}]},{"@type":"BreadcrumbList","@id":"https:\/\/ruishengglassco.com\/product\/rs058-spirit-bottle-750ml-700ml-500ml#breadcrumb","itemListElement":[{"@type":"ListItem","position":1,"name":"Home","item":"https:\/\/ruishengglassco.com\/"},{"@type":"ListItem","position":2,"name":"Products","item":"https:\/\/ruishengglassco.com\/products"},{"@type":"ListItem","position":3,"name":"RS058: Spirit Bottle 750ml 700ml 500ml"}]},{"@type":"WebSite","@id":"https:\/\/ruishengglassco.com\/#website","url":"https:\/\/ruishengglassco.com\/","name":"Ruisheng Glass","description":"","publisher":{"@id":"https:\/\/ruishengglassco.com\/#organization"},"potentialAction":[{"@type":"SearchAction","target":{"@type":"EntryPoint","urlTemplate":"https:\/\/ruishengglassco.com\/?s={search_term_string}"},"query-input":"required name=search_term_string"}],"inLanguage":"fr-FR"},{"@type":"Organization","@id":"https:\/\/ruishengglassco.com\/#organization","name":"Shandong Yuncheng Ruisheng Glass Co., Ltd","url":"https:\/\/ruishengglassco.com\/","logo":{"@type":"ImageObject","inLanguage":"fr-FR","@id":"https:\/\/ruishengglassco.com\/#\/schema\/logo\/image\/","url":"https:\/\/ruishengglassco.com\/wp-content\/uploads\/2023\/09\/ruisheng_logo_icon.webp","contentUrl":"https:\/\/ruishengglassco.com\/wp-content\/uploads\/2023\/09\/ruisheng_logo_icon.webp","width":400,"height":233,"caption":"Shandong Yuncheng Ruisheng Glass Co., Ltd"},"image":{"@id":"https:\/\/ruishengglassco.com\/#\/schema\/logo\/image\/"},"sameAs":["https:\/\/www.facebook.com\/ruishengglassbottles","https:\/\/www.instagram.com\/Ruishengglassbottlewholesales\/","https:\/\/www.youtube.com\/channel\/UCMmbMNGwsL-XrtjfSFLCdVQ"]}]}},"_links":{"self":[{"href":"https:\/\/ruishengglassco.com\/fr\/wp-json\/wp\/v2\/product\/4280","targetHints":{"allow":["GET"]}}],"collection":[{"href":"https:\/\/ruishengglassco.com\/fr\/wp-json\/wp\/v2\/product"}],"about":[{"href":"https:\/\/ruishengglassco.com\/fr\/wp-json\/wp\/v2\/types\/product"}],"replies":[{"embeddable":true,"href":"https:\/\/ruishengglassco.com\/fr\/wp-json\/wp\/v2\/comments?post=4280"}],"wp:featuredmedia":[{"embeddable":true,"href":"https:\/\/ruishengglassco.com\/fr\/wp-json\/wp\/v2\/media\/4281"}],"wp:attachment":[{"href":"https:\/\/ruishengglassco.com\/fr\/wp-json\/wp\/v2\/media?parent=4280"}],"wp:term":[{"taxonomy":"product_cat","embeddable":true,"href":"https:\/\/ruishengglassco.com\/fr\/wp-json\/wp\/v2\/product_cat?post=4280"}],"curies":[{"name":"wp","href":"https:\/\/api.w.org\/{rel}","templated":true}]}}