{"id":4278,"date":"2025-03-15T11:35:25","date_gmt":"2025-03-15T03:35:25","guid":{"rendered":"https:\/\/ruishengglassco.com\/?post_type=product&#038;p=4278"},"modified":"2025-09-11T15:56:21","modified_gmt":"2025-09-11T07:56:21","slug":"rs059-ou-acheter-des-bouteilles-en-verre-bouteille-en-verre-500ml","status":"publish","type":"product","link":"https:\/\/ruishengglassco.com\/fr\/produit\/rs059-ou-acheter-des-bouteilles-en-verre-bouteille-en-verre-500ml","title":{"rendered":"RS059 : O\u00f9 acheter des bouteilles en verre Bouteille en verre 500ml"},"content":{"rendered":"<p>Vous cherchez un endroit o\u00f9 acheter des bouteilles en verre de 500 ml ? Ruisheng est l'un des plus grands fabricants de bouteilles en verre en Chine. Nous pouvons vous fournir non seulement des bouteilles en verre pour boissons alcoolis\u00e9es de 500ml, mais aussi des bouteilles en verre personnalis\u00e9es. Elles peuvent \u00eatre utilis\u00e9es pour les bouteilles de vodka, les bouteilles de brandy, les bouteilles de XO et d'autres applications similaires.<\/p>\n<p>Nous respectons toujours le principe de la qualit\u00e9 d'abord, et nos employ\u00e9s ne se rel\u00e2chent jamais au travail. C'est pourquoi nos bouteilles en verre vides sont tr\u00e8s recherch\u00e9es. Pour garantir la qualit\u00e9 de nos bouteilles en verre, nos produits sont soumis \u00e0 des tests de qualit\u00e9 rigoureux et \u00e0 un emballage s\u00fbr afin que vous puissiez les utiliser dans votre pays.<\/p>\n<p>Chacune de nos bouteilles en verre \u00e0 vendre fait l'objet d'une inspection stricte avant d'\u00eatre emball\u00e9e, ce qui nous permet de garantir la qualit\u00e9 de nos produits.<\/p>\n<p>Ce qui est important, c'est notre attitude \u00e0 l'\u00e9gard des clients ; nous r\u00e9pondons patiemment \u00e0 leurs questions.<\/p>\n<p>Nous voulons nous assurer que nos clients comprennent nos bouteilles en verre transparent et que nous connaissons toutes leurs exigences. Si notre usine compte autant de clients fid\u00e8les, c'est gr\u00e2ce \u00e0 notre attitude consciencieuse.<\/p>\n<p>Vous pouvez \u00e9galement visiter notre site web, o\u00f9 les tailles et les types de bouteilles en verre sont r\u00e9pertori\u00e9s en d\u00e9tail ci-dessus. Vous pouvez choisir votre bouteille en verre pr\u00e9f\u00e9r\u00e9e.<\/p>\n<h2>O\u00f9 acheter des bouteilles en verre Bouteille en verre 500ml<\/h2>\n<p>Les informations concernant la bouteille en verre sont les suivantes<\/p>\n<ul>\n<li>Mat\u00e9riau principal : verre \u00e0 haute teneur en silex<\/li>\n<li>Cap : Li\u00e8ge<\/li>\n<li>R\u00e9f\u00e9rence : RS059<\/li>\n<li>MOQ : 10000 PCS<\/li>\n<li>Capacit\u00e9 : Sur mesure<\/li>\n<li>Pcs\/Ctn : 24pcs<\/li>\n<li>Origine du lieu : Shandong, Chine<\/li>\n<li>Caract\u00e9ristique : Respectueux de l'environnement<\/li>\n<\/ul>\n<p>Nous pouvons \u00e9galement personnaliser la couleur et la capacit\u00e9 de ces bouteilles vides \u00e0 vendre pour r\u00e9pondre \u00e0 vos besoins sp\u00e9cifiques. Si vous n'aimez pas ce type de bouteille \u00e0 alcool en verre, ce n'est pas grave. Je peux vous fournir notre catalogue et vous pourrez choisir celle qui vous convient.<\/p>\n<p>Je suis convaincu que nous aurons une coop\u00e9ration \u00e0 long terme, car notre qualit\u00e9 r\u00e9pondra toujours \u00e0 vos attentes. Notre personnel est disponible pour r\u00e9pondre \u00e0 vos questions 24 heures sur 24, \u00e0 la fois en ligne et par t\u00e9l\u00e9phone.<\/p>\n<p>La coop\u00e9ration \u00e0 long terme est bas\u00e9e sur la confiance. J'esp\u00e8re que vous pouvez faire confiance \u00e0 nos produits ; la qualit\u00e9 de nos produits est absolument bonne.<\/p>\n<p>Si vous avez des questions, n'h\u00e9sitez pas \u00e0 me contacter \u00e0 tout moment. Nous nous ferons un plaisir d'y r\u00e9pondre.<\/p>","protected":false},"excerpt":{"rendered":"<table class=\"tg\">\n<tbody>\n<tr>\n<th class=\"tg-24i8\" colspan=\"2\">O\u00f9 acheter des bouteilles en verre Bouteille en verre 500ml<\/th>\n<\/tr>\n<tr>\n<td class=\"tg-b7b8\">R\u00e9f\u00e9rence :<\/td>\n<td class=\"tg-b7b8\">RS059<\/td>\n<\/tr>\n<tr>\n<td class=\"tg-yw4l\">Mat\u00e9riau principal :<\/td>\n<td class=\"tg-yw4l\">Verre \u00e0 haute teneur en silex (ce mat\u00e9riau est \u00e9galement appel\u00e9 verre blanc cristallin)<\/td>\n<\/tr>\n<tr>\n<td class=\"tg-b7b8\">Cap :<\/td>\n<td class=\"tg-b7b8\">Li\u00e8ge<\/td>\n<\/tr>\n<tr>\n<td class=\"tg-yw4l\">Capacit\u00e9 :<\/td>\n<td class=\"tg-yw4l\">Sur mesure<\/td>\n<\/tr>\n<tr>\n<td class=\"tg-b7b8\">Fonctionnalit\u00e9 :<\/td>\n<td class=\"tg-b7b8\">Respect de l'environnement<\/td>\n<\/tr>\n<tr>\n<td class=\"tg-yw4l\">MOQ :<\/td>\n<td class=\"tg-yw4l\">10000 PCS<\/td>\n<\/tr>\n<tr>\n<td class=\"tg-b7b8\">Mode d'emballage :<\/td>\n<td class=\"tg-b7b8\">Carton standard pour l'exportation \/ Palette \/ carton standard pour l'exportation et palette<\/td>\n<\/tr>\n<tr>\n<td class=\"tg-yw4l\">OEM\/ODM :<\/td>\n<td class=\"tg-yw4l\">Bienvenue<\/td>\n<\/tr>\n<tr>\n<td class=\"tg-b7b8\">Origine du lieu :<\/td>\n<td class=\"tg-b7b8\">Shandong, Chine<\/td>\n<\/tr>\n<tr>\n<td class=\"tg-yw4l\">Pcs\/Ctn :<\/td>\n<td class=\"tg-yw4l\">24pcs ou selon la demande du client<\/td>\n<\/tr>\n<\/tbody>\n<\/table>","protected":false},"featured_media":4279,"comment_status":"closed","ping_status":"closed","template":"","meta":[],"product_cat":[41,52],"class_list":{"0":"post-4278","1":"product","2":"type-product","3":"status-publish","4":"has-post-thumbnail","6":"product_cat-500ml-liquor-bottle-manufacturer","7":"product_cat-vodka-bottle","9":"first","10":"instock","11":"shipping-taxable","12":"product-type-simple"},"yoast_head":"<!-- This site is optimized with the Yoast SEO plugin v22.0 - https:\/\/yoast.com\/wordpress\/plugins\/seo\/ -->\n<title>Where To Buy Glass Bottles 500ml Glass Bottle-Ruisheng<\/title>\n<meta name=\"description\" content=\"Are you searching for a place where to buy glass bottles 500ml glass bottle? Ruisheng Wholesale 500ml glass bottles in factory outlet price.\" \/>\n<meta name=\"robots\" content=\"index, follow, max-snippet:-1, max-image-preview:large, max-video-preview:-1\" \/>\n<link rel=\"canonical\" href=\"https:\/\/ruishengglassco.com\/fr\/produit\/rs059-ou-acheter-des-bouteilles-en-verre-bouteille-en-verre-500ml\" \/>\n<meta property=\"og:locale\" content=\"fr_FR\" \/>\n<meta property=\"og:type\" content=\"article\" \/>\n<meta property=\"og:title\" content=\"Where To Buy Glass Bottles 500ml Glass Bottle-Ruisheng\" \/>\n<meta property=\"og:description\" content=\"Are you searching for a place where to buy glass bottles 500ml glass bottle? Ruisheng Wholesale 500ml glass bottles in factory outlet price.\" \/>\n<meta property=\"og:url\" content=\"https:\/\/ruishengglassco.com\/fr\/produit\/rs059-ou-acheter-des-bouteilles-en-verre-bouteille-en-verre-500ml\" \/>\n<meta property=\"article:publisher\" content=\"https:\/\/www.facebook.com\/ruishengglassbottles\" \/>\n<meta property=\"article:modified_time\" content=\"2025-09-11T07:56:21+00:00\" \/>\n<meta property=\"og:image\" content=\"https:\/\/ruishengglassco.com\/wp-content\/uploads\/2025\/03\/RS059-Where-to-buy-glass-bottles-500ml-glass-bottle.webp\" \/>\n\t<meta property=\"og:image:width\" content=\"800\" \/>\n\t<meta property=\"og:image:height\" content=\"800\" \/>\n\t<meta property=\"og:image:type\" content=\"image\/webp\" \/>\n<meta name=\"twitter:card\" content=\"summary_large_image\" \/>\n<meta name=\"twitter:label1\" content=\"Dur\u00e9e de lecture estim\u00e9e\" \/>\n\t<meta name=\"twitter:data1\" content=\"2 minutes\" \/>\n<script type=\"application\/ld+json\" class=\"yoast-schema-graph\">{\"@context\":\"https:\/\/schema.org\",\"@graph\":[{\"@type\":\"WebPage\",\"@id\":\"https:\/\/ruishengglassco.com\/product\/rs059-where-to-buy-glass-bottles-500ml-glass-bottle\",\"url\":\"https:\/\/ruishengglassco.com\/product\/rs059-where-to-buy-glass-bottles-500ml-glass-bottle\",\"name\":\"Where To Buy Glass Bottles 500ml Glass Bottle-Ruisheng\",\"isPartOf\":{\"@id\":\"https:\/\/ruishengglassco.com\/#website\"},\"datePublished\":\"2025-03-15T03:35:25+00:00\",\"dateModified\":\"2025-09-11T07:56:21+00:00\",\"description\":\"Are you searching for a place where to buy glass bottles 500ml glass bottle? Ruisheng Wholesale 500ml glass bottles in factory outlet price.\",\"breadcrumb\":{\"@id\":\"https:\/\/ruishengglassco.com\/product\/rs059-where-to-buy-glass-bottles-500ml-glass-bottle#breadcrumb\"},\"inLanguage\":\"fr-FR\",\"potentialAction\":[{\"@type\":\"ReadAction\",\"target\":[\"https:\/\/ruishengglassco.com\/product\/rs059-where-to-buy-glass-bottles-500ml-glass-bottle\"]}]},{\"@type\":\"BreadcrumbList\",\"@id\":\"https:\/\/ruishengglassco.com\/product\/rs059-where-to-buy-glass-bottles-500ml-glass-bottle#breadcrumb\",\"itemListElement\":[{\"@type\":\"ListItem\",\"position\":1,\"name\":\"Home\",\"item\":\"https:\/\/ruishengglassco.com\/\"},{\"@type\":\"ListItem\",\"position\":2,\"name\":\"Products\",\"item\":\"https:\/\/ruishengglassco.com\/products\"},{\"@type\":\"ListItem\",\"position\":3,\"name\":\"RS059: Where To Buy Glass Bottles 500ml Glass Bottle\"}]},{\"@type\":\"WebSite\",\"@id\":\"https:\/\/ruishengglassco.com\/#website\",\"url\":\"https:\/\/ruishengglassco.com\/\",\"name\":\"Ruisheng Glass\",\"description\":\"\",\"publisher\":{\"@id\":\"https:\/\/ruishengglassco.com\/#organization\"},\"potentialAction\":[{\"@type\":\"SearchAction\",\"target\":{\"@type\":\"EntryPoint\",\"urlTemplate\":\"https:\/\/ruishengglassco.com\/?s={search_term_string}\"},\"query-input\":\"required name=search_term_string\"}],\"inLanguage\":\"fr-FR\"},{\"@type\":\"Organization\",\"@id\":\"https:\/\/ruishengglassco.com\/#organization\",\"name\":\"Shandong Yuncheng Ruisheng Glass Co., Ltd\",\"url\":\"https:\/\/ruishengglassco.com\/\",\"logo\":{\"@type\":\"ImageObject\",\"inLanguage\":\"fr-FR\",\"@id\":\"https:\/\/ruishengglassco.com\/#\/schema\/logo\/image\/\",\"url\":\"https:\/\/ruishengglassco.com\/wp-content\/uploads\/2023\/09\/ruisheng_logo_icon.webp\",\"contentUrl\":\"https:\/\/ruishengglassco.com\/wp-content\/uploads\/2023\/09\/ruisheng_logo_icon.webp\",\"width\":400,\"height\":233,\"caption\":\"Shandong Yuncheng Ruisheng Glass Co., Ltd\"},\"image\":{\"@id\":\"https:\/\/ruishengglassco.com\/#\/schema\/logo\/image\/\"},\"sameAs\":[\"https:\/\/www.facebook.com\/ruishengglassbottles\",\"https:\/\/www.instagram.com\/Ruishengglassbottlewholesales\/\",\"https:\/\/www.youtube.com\/channel\/UCMmbMNGwsL-XrtjfSFLCdVQ\"]}]}<\/script>\n<!-- \/ Yoast SEO plugin. -->","yoast_head_json":{"title":"Where To Buy Glass Bottles 500ml Glass Bottle-Ruisheng","description":"Are you searching for a place where to buy glass bottles 500ml glass bottle? Ruisheng Wholesale 500ml glass bottles in factory outlet price.","robots":{"index":"index","follow":"follow","max-snippet":"max-snippet:-1","max-image-preview":"max-image-preview:large","max-video-preview":"max-video-preview:-1"},"canonical":"https:\/\/ruishengglassco.com\/fr\/produit\/rs059-ou-acheter-des-bouteilles-en-verre-bouteille-en-verre-500ml","og_locale":"fr_FR","og_type":"article","og_title":"Where To Buy Glass Bottles 500ml Glass Bottle-Ruisheng","og_description":"Are you searching for a place where to buy glass bottles 500ml glass bottle? Ruisheng Wholesale 500ml glass bottles in factory outlet price.","og_url":"https:\/\/ruishengglassco.com\/fr\/produit\/rs059-ou-acheter-des-bouteilles-en-verre-bouteille-en-verre-500ml","article_publisher":"https:\/\/www.facebook.com\/ruishengglassbottles","article_modified_time":"2025-09-11T07:56:21+00:00","og_image":[{"width":800,"height":800,"url":"https:\/\/ruishengglassco.com\/wp-content\/uploads\/2025\/03\/RS059-Where-to-buy-glass-bottles-500ml-glass-bottle.webp","type":"image\/webp"}],"twitter_card":"summary_large_image","twitter_misc":{"Dur\u00e9e de lecture estim\u00e9e":"2 minutes"},"schema":{"@context":"https:\/\/schema.org","@graph":[{"@type":"WebPage","@id":"https:\/\/ruishengglassco.com\/product\/rs059-where-to-buy-glass-bottles-500ml-glass-bottle","url":"https:\/\/ruishengglassco.com\/product\/rs059-where-to-buy-glass-bottles-500ml-glass-bottle","name":"Where To Buy Glass Bottles 500ml Glass Bottle-Ruisheng","isPartOf":{"@id":"https:\/\/ruishengglassco.com\/#website"},"datePublished":"2025-03-15T03:35:25+00:00","dateModified":"2025-09-11T07:56:21+00:00","description":"Are you searching for a place where to buy glass bottles 500ml glass bottle? Ruisheng Wholesale 500ml glass bottles in factory outlet price.","breadcrumb":{"@id":"https:\/\/ruishengglassco.com\/product\/rs059-where-to-buy-glass-bottles-500ml-glass-bottle#breadcrumb"},"inLanguage":"fr-FR","potentialAction":[{"@type":"ReadAction","target":["https:\/\/ruishengglassco.com\/product\/rs059-where-to-buy-glass-bottles-500ml-glass-bottle"]}]},{"@type":"BreadcrumbList","@id":"https:\/\/ruishengglassco.com\/product\/rs059-where-to-buy-glass-bottles-500ml-glass-bottle#breadcrumb","itemListElement":[{"@type":"ListItem","position":1,"name":"Home","item":"https:\/\/ruishengglassco.com\/"},{"@type":"ListItem","position":2,"name":"Products","item":"https:\/\/ruishengglassco.com\/products"},{"@type":"ListItem","position":3,"name":"RS059: Where To Buy Glass Bottles 500ml Glass Bottle"}]},{"@type":"WebSite","@id":"https:\/\/ruishengglassco.com\/#website","url":"https:\/\/ruishengglassco.com\/","name":"Ruisheng Glass","description":"","publisher":{"@id":"https:\/\/ruishengglassco.com\/#organization"},"potentialAction":[{"@type":"SearchAction","target":{"@type":"EntryPoint","urlTemplate":"https:\/\/ruishengglassco.com\/?s={search_term_string}"},"query-input":"required name=search_term_string"}],"inLanguage":"fr-FR"},{"@type":"Organization","@id":"https:\/\/ruishengglassco.com\/#organization","name":"Shandong Yuncheng Ruisheng Glass Co., Ltd","url":"https:\/\/ruishengglassco.com\/","logo":{"@type":"ImageObject","inLanguage":"fr-FR","@id":"https:\/\/ruishengglassco.com\/#\/schema\/logo\/image\/","url":"https:\/\/ruishengglassco.com\/wp-content\/uploads\/2023\/09\/ruisheng_logo_icon.webp","contentUrl":"https:\/\/ruishengglassco.com\/wp-content\/uploads\/2023\/09\/ruisheng_logo_icon.webp","width":400,"height":233,"caption":"Shandong Yuncheng Ruisheng Glass Co., Ltd"},"image":{"@id":"https:\/\/ruishengglassco.com\/#\/schema\/logo\/image\/"},"sameAs":["https:\/\/www.facebook.com\/ruishengglassbottles","https:\/\/www.instagram.com\/Ruishengglassbottlewholesales\/","https:\/\/www.youtube.com\/channel\/UCMmbMNGwsL-XrtjfSFLCdVQ"]}]}},"_links":{"self":[{"href":"https:\/\/ruishengglassco.com\/fr\/wp-json\/wp\/v2\/product\/4278","targetHints":{"allow":["GET"]}}],"collection":[{"href":"https:\/\/ruishengglassco.com\/fr\/wp-json\/wp\/v2\/product"}],"about":[{"href":"https:\/\/ruishengglassco.com\/fr\/wp-json\/wp\/v2\/types\/product"}],"replies":[{"embeddable":true,"href":"https:\/\/ruishengglassco.com\/fr\/wp-json\/wp\/v2\/comments?post=4278"}],"wp:featuredmedia":[{"embeddable":true,"href":"https:\/\/ruishengglassco.com\/fr\/wp-json\/wp\/v2\/media\/4279"}],"wp:attachment":[{"href":"https:\/\/ruishengglassco.com\/fr\/wp-json\/wp\/v2\/media?parent=4278"}],"wp:term":[{"taxonomy":"product_cat","embeddable":true,"href":"https:\/\/ruishengglassco.com\/fr\/wp-json\/wp\/v2\/product_cat?post=4278"}],"curies":[{"name":"wp","href":"https:\/\/api.w.org\/{rel}","templated":true}]}}