{"id":4274,"date":"2025-03-15T11:31:02","date_gmt":"2025-03-15T03:31:02","guid":{"rendered":"https:\/\/ruishengglassco.com\/?post_type=product&#038;p=4274"},"modified":"2025-03-26T14:53:15","modified_gmt":"2025-03-26T06:53:15","slug":"rs0611-fabricants-sur-mesure-petits-flacons-en-verre-250ml","status":"publish","type":"product","link":"https:\/\/ruishengglassco.com\/fr\/produit\/rs0611-fabricants-sur-mesure-petits-flacons-en-verre-250ml","title":{"rendered":"RS0611 : Fabrication sur mesure de petits flacons en verre 250ml"},"content":{"rendered":"<h2>Bouteilles en verre personnalis\u00e9es avec couvercles<\/h2>\n<p>En plus de produire des bouteilles en verre liquides de moyenne et grande taille, notre soci\u00e9t\u00e9 produit \u00e9galement des bouteilles en verre avec couvercle 250ml sur mesure. Les petites bouteilles en verre de Ruisheng, adoptant un mat\u00e9riau de verre \u00e0 haute teneur en silex, rendent ces bouteilles en verre \u00e0 vendre plus claires et transparentes\u3002.<\/p>\n<p>Ces flacons en verre avec couvercle peuvent \u00eatre utilis\u00e9s pour les parfums, les freebies ou les condiments, vous pouvez \u00e9galement les utiliser pour contenir les \u00e9chantillons pr\u00e9sent\u00e9s. Ils ont une grande capacit\u00e9, 50ml, 100ml, 150ml ou 200ml. Vous pouvez \u00e9galement demander la contenance que vous souhaitez.<\/p>\n<p>Notre soci\u00e9t\u00e9 dispose d'un grand nombre de ces bouteilles en verre imprim\u00e9es personnalis\u00e9es, avec de nombreuses formes, telles que la forme d'une tour, d'un c\u0153ur, d'une t\u00eate de mort, et des bouteilles rondes en verre noir de Boston. Nous acceptons \u00e9galement les commandes ODM\/OEM. Il vous suffit de nous fournir une photo ou un dessin pour que nous puissions fabriquer la m\u00eame bouteille.<\/p>\n<h2>Informations sur les bouteilles en verre personnalis\u00e9es avec couvercles 250ml :<\/h2>\n<ul>\n<li>Mat\u00e9riau principal : verre \u00e0 haute teneur en silex<\/li>\n<li>Bouchon : bouchon \u00e0 vis<\/li>\n<li>R\u00e9f\u00e9rence : RS061<\/li>\n<li>MOQ : 10000 PCS<\/li>\n<li>Capacit\u00e9 : 100ml<\/li>\n<li>Pcs\/Ctn : 24pcs<\/li>\n<li>Origine du lieu : Shandong, Chine<\/li>\n<li>Caract\u00e9ristique : Respectueux de l'environnement<\/li>\n<\/ul>\n<p>Ces bouteilles en verre personnalis\u00e9es pour boissons alcoolis\u00e9es sont fabriqu\u00e9es tr\u00e8s rapidement, et nous avons quelques bouteilles en stock. Si vous les voulez d'urgence, nous pouvons organiser la livraison dans les plus brefs d\u00e9lais.<\/p>\n<p>En tant que l'un des plus grands fabricants chinois de bouteilles de spiritueux, Ruisheng peut \u00e9galement fabriquer des t\u00eates de pulv\u00e9risation pour vous avec cette bouteille.<\/p>\n<p>Nos principaux produits sont des bouteilles en verre transparent de premi\u00e8re qualit\u00e9, telles que les bouteilles de vodka, de brandy, de whisky, de liqueur, de confiture, etc. Nous proposons \u00e9galement des bouteilles en verre ambr\u00e9, des bouteilles vertes et des bouteilles d'eau. Notre march\u00e9 principal est l'Europe, la Russie, l'Australie, l'Am\u00e9rique, etc. Tous nos produits jouissent d'une excellente r\u00e9putation en mati\u00e8re d'innovation et de fonctionnalit\u00e9.<\/p>\n<p>J'esp\u00e8re que ces petites bouteilles en verre personnalis\u00e9es vous plaisent, nous pouvons \u00e9galement vous envoyer le catalogue, vous pouvez choisir celui qui vous convient. Nous vous invitons \u00e9galement \u00e0 visiter notre usine et \u00e0 passer une commande. Nous esp\u00e9rons coop\u00e9rer avec vous pendant longtemps. <span class=\"tran\" data-group=\"0_0\">J'esp\u00e8re que<\/span> <span class=\"tran\" data-group=\"1_1\">nous<\/span> <span class=\"tran\" data-group=\"2_2\">peut<\/span> <span class=\"tran highlight\" data-group=\"3_3\">coop\u00e9rer<\/span> <span class=\"tran\" data-group=\"4_4\">joyeusement<\/span>.<\/p>\n<p>Si vous \u00eates int\u00e9ress\u00e9 par des bouteilles en verre en vrac \u00e0 des prix de sortie d'usine, veuillez nous contacter. Nous vous r\u00e9pondrons dans les 24 heures.<\/p>","protected":false},"excerpt":{"rendered":"<table class=\"tg\">\n<tbody>\n<tr>\n<th class=\"tg-24i8\" colspan=\"2\">Petites bouteilles en verre personnalis\u00e9es avec couvercles<\/th>\n<\/tr>\n<tr>\n<td class=\"tg-b7b8\">R\u00e9f\u00e9rence :<\/td>\n<td class=\"tg-b7b8\">RS061<\/td>\n<\/tr>\n<tr>\n<td class=\"tg-yw4l\">Mat\u00e9riau principal :<\/td>\n<td class=\"tg-yw4l\">Verre \u00e0 haute teneur en silex (ce mat\u00e9riau est \u00e9galement appel\u00e9 verre blanc cristallin)<\/td>\n<\/tr>\n<tr>\n<td class=\"tg-b7b8\">Cap :<\/td>\n<td class=\"tg-b7b8\">Casquette Scrow<\/td>\n<\/tr>\n<tr>\n<td class=\"tg-yw4l\">Capacit\u00e9 :<\/td>\n<td class=\"tg-yw4l\">Sur mesure<\/td>\n<\/tr>\n<tr>\n<td class=\"tg-b7b8\">Fonctionnalit\u00e9 :<\/td>\n<td class=\"tg-b7b8\">Respect de l'environnement<\/td>\n<\/tr>\n<tr>\n<td class=\"tg-yw4l\">MOQ :<\/td>\n<td class=\"tg-yw4l\">10000 PCS<\/td>\n<\/tr>\n<tr>\n<td class=\"tg-b7b8\">Mode d'emballage :<\/td>\n<td class=\"tg-b7b8\">Carton standard pour l'exportation \/ Palette \/ carton standard pour l'exportation et palette<\/td>\n<\/tr>\n<tr>\n<td class=\"tg-yw4l\">OEM\/ODM :<\/td>\n<td class=\"tg-yw4l\">Bienvenue<\/td>\n<\/tr>\n<tr>\n<td class=\"tg-b7b8\">Origine du lieu :<\/td>\n<td class=\"tg-b7b8\">Shandong, Chine<\/td>\n<\/tr>\n<tr>\n<td class=\"tg-yw4l\">Pcs\/Ctn :<\/td>\n<td class=\"tg-yw4l\">24pcs ou selon la demande du client<\/td>\n<\/tr>\n<\/tbody>\n<\/table>","protected":false},"featured_media":4275,"comment_status":"closed","ping_status":"closed","template":"","meta":[],"product_cat":[47,45,52],"class_list":{"0":"post-4274","1":"product","2":"type-product","3":"status-publish","4":"has-post-thumbnail","6":"product_cat-250ml-liquor-bottle-manufacturer","7":"product_cat-custom-glass-bottle","8":"product_cat-vodka-bottle","10":"first","11":"instock","12":"shipping-taxable","13":"product-type-simple"},"yoast_head":"<!-- This site is optimized with the Yoast SEO plugin v22.0 - https:\/\/yoast.com\/wordpress\/plugins\/seo\/ -->\n<title>250ml Custom Glass Bottles With Lids | China Spirit Bottles Manufacturers<\/title>\n<meta name=\"description\" content=\"Ruisheng, a professional China Spirit Bottle Manufacturer, Wholesale 250ml 250ml Custom Glass Bottles with Lids In Factory Outlet Price.\" \/>\n<meta name=\"robots\" content=\"index, follow, max-snippet:-1, max-image-preview:large, max-video-preview:-1\" \/>\n<link rel=\"canonical\" href=\"https:\/\/ruishengglassco.com\/fr\/produit\/rs0611-fabricants-sur-mesure-petits-flacons-en-verre-250ml\" \/>\n<meta property=\"og:locale\" content=\"fr_FR\" \/>\n<meta property=\"og:type\" content=\"article\" \/>\n<meta property=\"og:title\" content=\"250ml Custom Glass Bottles With Lids | China Spirit Bottles Manufacturers\" \/>\n<meta property=\"og:description\" content=\"Ruisheng, a professional China Spirit Bottle Manufacturer, Wholesale 250ml 250ml Custom Glass Bottles with Lids In Factory Outlet Price.\" \/>\n<meta property=\"og:url\" content=\"https:\/\/ruishengglassco.com\/fr\/produit\/rs0611-fabricants-sur-mesure-petits-flacons-en-verre-250ml\" \/>\n<meta property=\"article:publisher\" content=\"https:\/\/www.facebook.com\/ruishengglassbottles\" \/>\n<meta property=\"article:modified_time\" content=\"2025-03-26T06:53:15+00:00\" \/>\n<meta property=\"og:image\" content=\"https:\/\/ruishengglassco.com\/wp-content\/uploads\/2025\/03\/RS0611-Custom-Wholesale-Small-Glass-Bottles-250ml.webp\" \/>\n\t<meta property=\"og:image:width\" content=\"800\" \/>\n\t<meta property=\"og:image:height\" content=\"800\" \/>\n\t<meta property=\"og:image:type\" content=\"image\/webp\" \/>\n<meta name=\"twitter:card\" content=\"summary_large_image\" \/>\n<meta name=\"twitter:label1\" content=\"Dur\u00e9e de lecture estim\u00e9e\" \/>\n\t<meta name=\"twitter:data1\" content=\"2 minutes\" \/>\n<script type=\"application\/ld+json\" class=\"yoast-schema-graph\">{\"@context\":\"https:\/\/schema.org\",\"@graph\":[{\"@type\":\"WebPage\",\"@id\":\"https:\/\/ruishengglassco.com\/product\/rs0611-custom-manufacturers-small-glass-bottles-250ml\",\"url\":\"https:\/\/ruishengglassco.com\/product\/rs0611-custom-manufacturers-small-glass-bottles-250ml\",\"name\":\"250ml Custom Glass Bottles With Lids | China Spirit Bottles Manufacturers\",\"isPartOf\":{\"@id\":\"https:\/\/ruishengglassco.com\/#website\"},\"datePublished\":\"2025-03-15T03:31:02+00:00\",\"dateModified\":\"2025-03-26T06:53:15+00:00\",\"description\":\"Ruisheng, a professional China Spirit Bottle Manufacturer, Wholesale 250ml 250ml Custom Glass Bottles with Lids In Factory Outlet Price.\",\"breadcrumb\":{\"@id\":\"https:\/\/ruishengglassco.com\/product\/rs0611-custom-manufacturers-small-glass-bottles-250ml#breadcrumb\"},\"inLanguage\":\"fr-FR\",\"potentialAction\":[{\"@type\":\"ReadAction\",\"target\":[\"https:\/\/ruishengglassco.com\/product\/rs0611-custom-manufacturers-small-glass-bottles-250ml\"]}]},{\"@type\":\"BreadcrumbList\",\"@id\":\"https:\/\/ruishengglassco.com\/product\/rs0611-custom-manufacturers-small-glass-bottles-250ml#breadcrumb\",\"itemListElement\":[{\"@type\":\"ListItem\",\"position\":1,\"name\":\"Home\",\"item\":\"https:\/\/ruishengglassco.com\/\"},{\"@type\":\"ListItem\",\"position\":2,\"name\":\"Products\",\"item\":\"https:\/\/ruishengglassco.com\/products\"},{\"@type\":\"ListItem\",\"position\":3,\"name\":\"RS0611: Custom Manufacturers Small Glass Bottles 250ml\"}]},{\"@type\":\"WebSite\",\"@id\":\"https:\/\/ruishengglassco.com\/#website\",\"url\":\"https:\/\/ruishengglassco.com\/\",\"name\":\"Ruisheng Glass\",\"description\":\"\",\"publisher\":{\"@id\":\"https:\/\/ruishengglassco.com\/#organization\"},\"potentialAction\":[{\"@type\":\"SearchAction\",\"target\":{\"@type\":\"EntryPoint\",\"urlTemplate\":\"https:\/\/ruishengglassco.com\/?s={search_term_string}\"},\"query-input\":\"required name=search_term_string\"}],\"inLanguage\":\"fr-FR\"},{\"@type\":\"Organization\",\"@id\":\"https:\/\/ruishengglassco.com\/#organization\",\"name\":\"Shandong Yuncheng Ruisheng Glass Co., Ltd\",\"url\":\"https:\/\/ruishengglassco.com\/\",\"logo\":{\"@type\":\"ImageObject\",\"inLanguage\":\"fr-FR\",\"@id\":\"https:\/\/ruishengglassco.com\/#\/schema\/logo\/image\/\",\"url\":\"https:\/\/ruishengglassco.com\/wp-content\/uploads\/2023\/09\/ruisheng_logo_icon.webp\",\"contentUrl\":\"https:\/\/ruishengglassco.com\/wp-content\/uploads\/2023\/09\/ruisheng_logo_icon.webp\",\"width\":400,\"height\":233,\"caption\":\"Shandong Yuncheng Ruisheng Glass Co., Ltd\"},\"image\":{\"@id\":\"https:\/\/ruishengglassco.com\/#\/schema\/logo\/image\/\"},\"sameAs\":[\"https:\/\/www.facebook.com\/ruishengglassbottles\",\"https:\/\/www.instagram.com\/Ruishengglassbottlewholesales\/\",\"https:\/\/www.youtube.com\/channel\/UCMmbMNGwsL-XrtjfSFLCdVQ\"]}]}<\/script>\n<!-- \/ Yoast SEO plugin. -->","yoast_head_json":{"title":"250ml Custom Glass Bottles With Lids | China Spirit Bottles Manufacturers","description":"Ruisheng, a professional China Spirit Bottle Manufacturer, Wholesale 250ml 250ml Custom Glass Bottles with Lids In Factory Outlet Price.","robots":{"index":"index","follow":"follow","max-snippet":"max-snippet:-1","max-image-preview":"max-image-preview:large","max-video-preview":"max-video-preview:-1"},"canonical":"https:\/\/ruishengglassco.com\/fr\/produit\/rs0611-fabricants-sur-mesure-petits-flacons-en-verre-250ml","og_locale":"fr_FR","og_type":"article","og_title":"250ml Custom Glass Bottles With Lids | China Spirit Bottles Manufacturers","og_description":"Ruisheng, a professional China Spirit Bottle Manufacturer, Wholesale 250ml 250ml Custom Glass Bottles with Lids In Factory Outlet Price.","og_url":"https:\/\/ruishengglassco.com\/fr\/produit\/rs0611-fabricants-sur-mesure-petits-flacons-en-verre-250ml","article_publisher":"https:\/\/www.facebook.com\/ruishengglassbottles","article_modified_time":"2025-03-26T06:53:15+00:00","og_image":[{"width":800,"height":800,"url":"https:\/\/ruishengglassco.com\/wp-content\/uploads\/2025\/03\/RS0611-Custom-Wholesale-Small-Glass-Bottles-250ml.webp","type":"image\/webp"}],"twitter_card":"summary_large_image","twitter_misc":{"Dur\u00e9e de lecture estim\u00e9e":"2 minutes"},"schema":{"@context":"https:\/\/schema.org","@graph":[{"@type":"WebPage","@id":"https:\/\/ruishengglassco.com\/product\/rs0611-custom-manufacturers-small-glass-bottles-250ml","url":"https:\/\/ruishengglassco.com\/product\/rs0611-custom-manufacturers-small-glass-bottles-250ml","name":"250ml Custom Glass Bottles With Lids | China Spirit Bottles Manufacturers","isPartOf":{"@id":"https:\/\/ruishengglassco.com\/#website"},"datePublished":"2025-03-15T03:31:02+00:00","dateModified":"2025-03-26T06:53:15+00:00","description":"Ruisheng, a professional China Spirit Bottle Manufacturer, Wholesale 250ml 250ml Custom Glass Bottles with Lids In Factory Outlet Price.","breadcrumb":{"@id":"https:\/\/ruishengglassco.com\/product\/rs0611-custom-manufacturers-small-glass-bottles-250ml#breadcrumb"},"inLanguage":"fr-FR","potentialAction":[{"@type":"ReadAction","target":["https:\/\/ruishengglassco.com\/product\/rs0611-custom-manufacturers-small-glass-bottles-250ml"]}]},{"@type":"BreadcrumbList","@id":"https:\/\/ruishengglassco.com\/product\/rs0611-custom-manufacturers-small-glass-bottles-250ml#breadcrumb","itemListElement":[{"@type":"ListItem","position":1,"name":"Home","item":"https:\/\/ruishengglassco.com\/"},{"@type":"ListItem","position":2,"name":"Products","item":"https:\/\/ruishengglassco.com\/products"},{"@type":"ListItem","position":3,"name":"RS0611: Custom Manufacturers Small Glass Bottles 250ml"}]},{"@type":"WebSite","@id":"https:\/\/ruishengglassco.com\/#website","url":"https:\/\/ruishengglassco.com\/","name":"Ruisheng Glass","description":"","publisher":{"@id":"https:\/\/ruishengglassco.com\/#organization"},"potentialAction":[{"@type":"SearchAction","target":{"@type":"EntryPoint","urlTemplate":"https:\/\/ruishengglassco.com\/?s={search_term_string}"},"query-input":"required name=search_term_string"}],"inLanguage":"fr-FR"},{"@type":"Organization","@id":"https:\/\/ruishengglassco.com\/#organization","name":"Shandong Yuncheng Ruisheng Glass Co., Ltd","url":"https:\/\/ruishengglassco.com\/","logo":{"@type":"ImageObject","inLanguage":"fr-FR","@id":"https:\/\/ruishengglassco.com\/#\/schema\/logo\/image\/","url":"https:\/\/ruishengglassco.com\/wp-content\/uploads\/2023\/09\/ruisheng_logo_icon.webp","contentUrl":"https:\/\/ruishengglassco.com\/wp-content\/uploads\/2023\/09\/ruisheng_logo_icon.webp","width":400,"height":233,"caption":"Shandong Yuncheng Ruisheng Glass Co., Ltd"},"image":{"@id":"https:\/\/ruishengglassco.com\/#\/schema\/logo\/image\/"},"sameAs":["https:\/\/www.facebook.com\/ruishengglassbottles","https:\/\/www.instagram.com\/Ruishengglassbottlewholesales\/","https:\/\/www.youtube.com\/channel\/UCMmbMNGwsL-XrtjfSFLCdVQ"]}]}},"_links":{"self":[{"href":"https:\/\/ruishengglassco.com\/fr\/wp-json\/wp\/v2\/product\/4274","targetHints":{"allow":["GET"]}}],"collection":[{"href":"https:\/\/ruishengglassco.com\/fr\/wp-json\/wp\/v2\/product"}],"about":[{"href":"https:\/\/ruishengglassco.com\/fr\/wp-json\/wp\/v2\/types\/product"}],"replies":[{"embeddable":true,"href":"https:\/\/ruishengglassco.com\/fr\/wp-json\/wp\/v2\/comments?post=4274"}],"wp:featuredmedia":[{"embeddable":true,"href":"https:\/\/ruishengglassco.com\/fr\/wp-json\/wp\/v2\/media\/4275"}],"wp:attachment":[{"href":"https:\/\/ruishengglassco.com\/fr\/wp-json\/wp\/v2\/media?parent=4274"}],"wp:term":[{"taxonomy":"product_cat","embeddable":true,"href":"https:\/\/ruishengglassco.com\/fr\/wp-json\/wp\/v2\/product_cat?post=4274"}],"curies":[{"name":"wp","href":"https:\/\/api.w.org\/{rel}","templated":true}]}}