{"id":4272,"date":"2025-03-15T11:27:32","date_gmt":"2025-03-15T03:27:32","guid":{"rendered":"https:\/\/ruishengglassco.com\/?post_type=product&#038;p=4272"},"modified":"2025-03-26T14:53:49","modified_gmt":"2025-03-26T06:53:49","slug":"rs062-bouteilles-de-vodka-en-verre-de-1-litre-avec-bouchons-en-gros","status":"publish","type":"product","link":"https:\/\/ruishengglassco.com\/fr\/produit\/rs062-bouteilles-de-vodka-en-verre-de-1-litre-avec-bouchons-en-gros","title":{"rendered":"RS062 : Bouteilles de vodka en verre de 1 litre Fabricants avec bouchons"},"content":{"rendered":"<p>Ruisheng, l'un des plus grands fournisseurs de bouteilles de vodka en Chine, propose cette grande bouteille de vodka au prix de gros. Cette bouteille en verre de 1000ml avec bouchon est l'une des grandes bouteilles de vodka.<\/p>\n<p>Nous proposons une large gamme de bouteilles en verre de 1000 ml, telles que des bouteilles de brandy, de rhum, de vodka, de whisky, de gin et de vin, etc. Elles sont disponibles dans toutes les formes, tailles et couleurs, de 50 ml \u00e0 3 000 ml, de forme normale \u00e0 forme personnalis\u00e9e, de couleur silex \u00e0 couleur noire. Notre usine compte 12 lignes de production, ce qui nous permet de garantir la production de produits de qualit\u00e9 sur le march\u00e9.<\/p>\n<p>La grande bouteille de vodka est une bouteille en verre \u00e0 haute teneur en silex. Elle sert g\u00e9n\u00e9ralement \u00e0 contenir de la vodka, mais on peut aussi l'utiliser pour contenir du whisky, du brandy ou d'autres liquides. Nos bouteilles de vodka uniques sont fabriqu\u00e9es \u00e0 l'aide d'une machine de fabrication de bouteilles en verre de pointe, la machine IS. Cette machine est enti\u00e8rement automatique et ne n\u00e9cessite pas beaucoup de personnel.<\/p>\n<p>Il existe de nombreuses bouteilles en verre similaires \u00e0 cette bouteille, telles que 250ml, 375ml, 500ml, 700ml et ainsi de suite. Le bouchon de cette bouteille en verre est en li\u00e8ge. Nous proposons des bouchons de diff\u00e9rentes tailles, de diff\u00e9rents mat\u00e9riaux et de diff\u00e9rentes couleurs. Nous pouvons vous proposer n'importe quel bouchon. 83mm.<\/p>\n<h2>Les d\u00e9tails du prix de fabrication de cette grande bouteille de vodka<\/h2>\n<p>Cette bouteille en verre de 1000 ml avec bouchon est fabriqu\u00e9e \u00e0 partir d'un mat\u00e9riau de haute qualit\u00e9, le verre de silex\/le verre blanc cristallin. Le poids du verre est de 850 g, et cette bouteille de vodka est dot\u00e9e d'un fond \u00e9pais, ce qui conf\u00e8re \u00e0 la bouteille de verre une grande qualit\u00e9. Les dimensions de cette grande bouteille de vodka sont de 90 x 283 mm. Le diam\u00e8tre ext\u00e9rieur du goulot est de 34,5 mm et le diam\u00e8tre int\u00e9rieur de 21,2 mm. Cette meilleure bouteille de vodka est adapt\u00e9e \u00e0 un bouchon en T de 22,5 mm. Le bouchon peut \u00eatre celui de votre choix.<\/p>\n<p>Notre usine compte plus de 10 personnes charg\u00e9es du contr\u00f4le qualit\u00e9 et de la conception. Nous acceptons \u00e9galement les commandes OEM. Quelle que soit la bouteille que vous souhaitez, vous pouvez nous en faire part, puis nous la dessinerons et la fabriquerons selon vos exigences.<\/p>\n<p>&nbsp;<\/p>","protected":false},"excerpt":{"rendered":"<table class=\"tg\">\n<tbody>\n<tr>\n<th class=\"tg-hjji\" colspan=\"2\">Grande bouteille de vodka Prix de gros<\/th>\n<\/tr>\n<tr>\n<td class=\"tg-b7b8\">Capacit\u00e9<\/td>\n<td class=\"tg-b7b8\">1000ml 1.5L<\/td>\n<\/tr>\n<tr>\n<td class=\"tg-yw4l\">Mat\u00e9riau<\/td>\n<td class=\"tg-yw4l\">Mat\u00e9riau de verre \u00e0 haute teneur en silex,Mat\u00e9riau de verre \u00e0 haute teneur en silex<\/td>\n<\/tr>\n<tr>\n<td class=\"tg-b7b8\">Type d'\u00e9tanch\u00e9it\u00e9<\/td>\n<td class=\"tg-b7b8\">Bouchon, bouchon guala, bouchon \u00e0 visser<\/td>\n<\/tr>\n<tr>\n<td class=\"tg-yw4l\">Surface<\/td>\n<td class=\"tg-yw4l\">Gel, d\u00e9calcomanie, peinture, marquage \u00e0 chaud, gaufrage, impression, gla\u00e7age, s\u00e9rigraphie<\/td>\n<\/tr>\n<tr>\n<td class=\"tg-b7b8\">\u00c9chantillon<\/td>\n<td class=\"tg-b7b8\">Utilisation gratuite de nos moules existants<\/td>\n<\/tr>\n<tr>\n<td class=\"tg-yw4l\">D\u00e9lai d'ex\u00e9cution<\/td>\n<td class=\"tg-yw4l\">20-30 jours pour les produits de masse<\/td>\n<\/tr>\n<tr>\n<td class=\"tg-b7b8\">Port<\/td>\n<td class=\"tg-b7b8\">Qingdao, Chine<\/td>\n<\/tr>\n<tr>\n<td class=\"tg-yw4l\">Paiement<\/td>\n<td class=\"tg-yw4l\">T\/T,Paypal,Trande assurance<\/td>\n<\/tr>\n<\/tbody>\n<\/table>","protected":false},"featured_media":4273,"comment_status":"closed","ping_status":"closed","template":"","meta":[],"product_cat":[43,52],"class_list":{"0":"post-4272","1":"product","2":"type-product","3":"status-publish","4":"has-post-thumbnail","6":"product_cat-1000ml-liquor-bottle-manufacturer","7":"product_cat-vodka-bottle","9":"first","10":"instock","11":"shipping-taxable","12":"product-type-simple"},"yoast_head":"<!-- This site is optimized with the Yoast SEO plugin v22.0 - https:\/\/yoast.com\/wordpress\/plugins\/seo\/ -->\n<title>Big Bottle of Vodka Manufacturers Price|1 liter Glass Bottle With Corks<\/title>\n<meta name=\"description\" content=\"Big Bottle of Vodka Factory Price. 100% quality assurance.Also provide 1000ml glass bottle wholesale for brandy, rum , vodka, whiksey, gin and wine ect.\" \/>\n<meta name=\"robots\" content=\"index, follow, max-snippet:-1, max-image-preview:large, max-video-preview:-1\" \/>\n<link rel=\"canonical\" href=\"https:\/\/ruishengglassco.com\/fr\/produit\/rs062-bouteilles-de-vodka-en-verre-de-1-litre-avec-bouchons-en-gros\" \/>\n<meta property=\"og:locale\" content=\"fr_FR\" \/>\n<meta property=\"og:type\" content=\"article\" \/>\n<meta property=\"og:title\" content=\"Big Bottle of Vodka Manufacturers Price|1 liter Glass Bottle With Corks\" \/>\n<meta property=\"og:description\" content=\"Big Bottle of Vodka Factory Price. 100% quality assurance.Also provide 1000ml glass bottle wholesale for brandy, rum , vodka, whiksey, gin and wine ect.\" \/>\n<meta property=\"og:url\" content=\"https:\/\/ruishengglassco.com\/fr\/produit\/rs062-bouteilles-de-vodka-en-verre-de-1-litre-avec-bouchons-en-gros\" \/>\n<meta property=\"article:publisher\" content=\"https:\/\/www.facebook.com\/ruishengglassbottles\" \/>\n<meta property=\"article:modified_time\" content=\"2025-03-26T06:53:49+00:00\" \/>\n<meta property=\"og:image\" content=\"https:\/\/ruishengglassco.com\/wp-content\/uploads\/2025\/03\/RS062-1-Liter-Glass-Vodka-Bottles-Wholesale-With-Corks.webp\" \/>\n\t<meta property=\"og:image:width\" content=\"800\" \/>\n\t<meta property=\"og:image:height\" content=\"800\" \/>\n\t<meta property=\"og:image:type\" content=\"image\/webp\" \/>\n<meta name=\"twitter:card\" content=\"summary_large_image\" \/>\n<meta name=\"twitter:label1\" content=\"Dur\u00e9e de lecture estim\u00e9e\" \/>\n\t<meta name=\"twitter:data1\" content=\"2 minutes\" \/>\n<script type=\"application\/ld+json\" class=\"yoast-schema-graph\">{\"@context\":\"https:\/\/schema.org\",\"@graph\":[{\"@type\":\"WebPage\",\"@id\":\"https:\/\/ruishengglassco.com\/product\/rs062-1-liter-glass-vodka-bottles-manufacturers-with-corks\",\"url\":\"https:\/\/ruishengglassco.com\/product\/rs062-1-liter-glass-vodka-bottles-manufacturers-with-corks\",\"name\":\"Big Bottle of Vodka Manufacturers Price|1 liter Glass Bottle With Corks\",\"isPartOf\":{\"@id\":\"https:\/\/ruishengglassco.com\/#website\"},\"datePublished\":\"2025-03-15T03:27:32+00:00\",\"dateModified\":\"2025-03-26T06:53:49+00:00\",\"description\":\"Big Bottle of Vodka Factory Price. 100% quality assurance.Also provide 1000ml glass bottle wholesale for brandy, rum , vodka, whiksey, gin and wine ect.\",\"breadcrumb\":{\"@id\":\"https:\/\/ruishengglassco.com\/product\/rs062-1-liter-glass-vodka-bottles-manufacturers-with-corks#breadcrumb\"},\"inLanguage\":\"fr-FR\",\"potentialAction\":[{\"@type\":\"ReadAction\",\"target\":[\"https:\/\/ruishengglassco.com\/product\/rs062-1-liter-glass-vodka-bottles-manufacturers-with-corks\"]}]},{\"@type\":\"BreadcrumbList\",\"@id\":\"https:\/\/ruishengglassco.com\/product\/rs062-1-liter-glass-vodka-bottles-manufacturers-with-corks#breadcrumb\",\"itemListElement\":[{\"@type\":\"ListItem\",\"position\":1,\"name\":\"Home\",\"item\":\"https:\/\/ruishengglassco.com\/\"},{\"@type\":\"ListItem\",\"position\":2,\"name\":\"Products\",\"item\":\"https:\/\/ruishengglassco.com\/products\"},{\"@type\":\"ListItem\",\"position\":3,\"name\":\"RS062: 1 Liter Glass Vodka Bottles Manufacturers With Corks\"}]},{\"@type\":\"WebSite\",\"@id\":\"https:\/\/ruishengglassco.com\/#website\",\"url\":\"https:\/\/ruishengglassco.com\/\",\"name\":\"Ruisheng Glass\",\"description\":\"\",\"publisher\":{\"@id\":\"https:\/\/ruishengglassco.com\/#organization\"},\"potentialAction\":[{\"@type\":\"SearchAction\",\"target\":{\"@type\":\"EntryPoint\",\"urlTemplate\":\"https:\/\/ruishengglassco.com\/?s={search_term_string}\"},\"query-input\":\"required name=search_term_string\"}],\"inLanguage\":\"fr-FR\"},{\"@type\":\"Organization\",\"@id\":\"https:\/\/ruishengglassco.com\/#organization\",\"name\":\"Shandong Yuncheng Ruisheng Glass Co., Ltd\",\"url\":\"https:\/\/ruishengglassco.com\/\",\"logo\":{\"@type\":\"ImageObject\",\"inLanguage\":\"fr-FR\",\"@id\":\"https:\/\/ruishengglassco.com\/#\/schema\/logo\/image\/\",\"url\":\"https:\/\/ruishengglassco.com\/wp-content\/uploads\/2023\/09\/ruisheng_logo_icon.webp\",\"contentUrl\":\"https:\/\/ruishengglassco.com\/wp-content\/uploads\/2023\/09\/ruisheng_logo_icon.webp\",\"width\":400,\"height\":233,\"caption\":\"Shandong Yuncheng Ruisheng Glass Co., Ltd\"},\"image\":{\"@id\":\"https:\/\/ruishengglassco.com\/#\/schema\/logo\/image\/\"},\"sameAs\":[\"https:\/\/www.facebook.com\/ruishengglassbottles\",\"https:\/\/www.instagram.com\/Ruishengglassbottlewholesales\/\",\"https:\/\/www.youtube.com\/channel\/UCMmbMNGwsL-XrtjfSFLCdVQ\"]}]}<\/script>\n<!-- \/ Yoast SEO plugin. -->","yoast_head_json":{"title":"Big Bottle of Vodka Manufacturers Price|1 liter Glass Bottle With Corks","description":"Big Bottle of Vodka Factory Price. 100% quality assurance.Also provide 1000ml glass bottle wholesale for brandy, rum , vodka, whiksey, gin and wine ect.","robots":{"index":"index","follow":"follow","max-snippet":"max-snippet:-1","max-image-preview":"max-image-preview:large","max-video-preview":"max-video-preview:-1"},"canonical":"https:\/\/ruishengglassco.com\/fr\/produit\/rs062-bouteilles-de-vodka-en-verre-de-1-litre-avec-bouchons-en-gros","og_locale":"fr_FR","og_type":"article","og_title":"Big Bottle of Vodka Manufacturers Price|1 liter Glass Bottle With Corks","og_description":"Big Bottle of Vodka Factory Price. 100% quality assurance.Also provide 1000ml glass bottle wholesale for brandy, rum , vodka, whiksey, gin and wine ect.","og_url":"https:\/\/ruishengglassco.com\/fr\/produit\/rs062-bouteilles-de-vodka-en-verre-de-1-litre-avec-bouchons-en-gros","article_publisher":"https:\/\/www.facebook.com\/ruishengglassbottles","article_modified_time":"2025-03-26T06:53:49+00:00","og_image":[{"width":800,"height":800,"url":"https:\/\/ruishengglassco.com\/wp-content\/uploads\/2025\/03\/RS062-1-Liter-Glass-Vodka-Bottles-Wholesale-With-Corks.webp","type":"image\/webp"}],"twitter_card":"summary_large_image","twitter_misc":{"Dur\u00e9e de lecture estim\u00e9e":"2 minutes"},"schema":{"@context":"https:\/\/schema.org","@graph":[{"@type":"WebPage","@id":"https:\/\/ruishengglassco.com\/product\/rs062-1-liter-glass-vodka-bottles-manufacturers-with-corks","url":"https:\/\/ruishengglassco.com\/product\/rs062-1-liter-glass-vodka-bottles-manufacturers-with-corks","name":"Big Bottle of Vodka Manufacturers Price|1 liter Glass Bottle With Corks","isPartOf":{"@id":"https:\/\/ruishengglassco.com\/#website"},"datePublished":"2025-03-15T03:27:32+00:00","dateModified":"2025-03-26T06:53:49+00:00","description":"Big Bottle of Vodka Factory Price. 100% quality assurance.Also provide 1000ml glass bottle wholesale for brandy, rum , vodka, whiksey, gin and wine ect.","breadcrumb":{"@id":"https:\/\/ruishengglassco.com\/product\/rs062-1-liter-glass-vodka-bottles-manufacturers-with-corks#breadcrumb"},"inLanguage":"fr-FR","potentialAction":[{"@type":"ReadAction","target":["https:\/\/ruishengglassco.com\/product\/rs062-1-liter-glass-vodka-bottles-manufacturers-with-corks"]}]},{"@type":"BreadcrumbList","@id":"https:\/\/ruishengglassco.com\/product\/rs062-1-liter-glass-vodka-bottles-manufacturers-with-corks#breadcrumb","itemListElement":[{"@type":"ListItem","position":1,"name":"Home","item":"https:\/\/ruishengglassco.com\/"},{"@type":"ListItem","position":2,"name":"Products","item":"https:\/\/ruishengglassco.com\/products"},{"@type":"ListItem","position":3,"name":"RS062: 1 Liter Glass Vodka Bottles Manufacturers With Corks"}]},{"@type":"WebSite","@id":"https:\/\/ruishengglassco.com\/#website","url":"https:\/\/ruishengglassco.com\/","name":"Ruisheng Glass","description":"","publisher":{"@id":"https:\/\/ruishengglassco.com\/#organization"},"potentialAction":[{"@type":"SearchAction","target":{"@type":"EntryPoint","urlTemplate":"https:\/\/ruishengglassco.com\/?s={search_term_string}"},"query-input":"required name=search_term_string"}],"inLanguage":"fr-FR"},{"@type":"Organization","@id":"https:\/\/ruishengglassco.com\/#organization","name":"Shandong Yuncheng Ruisheng Glass Co., Ltd","url":"https:\/\/ruishengglassco.com\/","logo":{"@type":"ImageObject","inLanguage":"fr-FR","@id":"https:\/\/ruishengglassco.com\/#\/schema\/logo\/image\/","url":"https:\/\/ruishengglassco.com\/wp-content\/uploads\/2023\/09\/ruisheng_logo_icon.webp","contentUrl":"https:\/\/ruishengglassco.com\/wp-content\/uploads\/2023\/09\/ruisheng_logo_icon.webp","width":400,"height":233,"caption":"Shandong Yuncheng Ruisheng Glass Co., Ltd"},"image":{"@id":"https:\/\/ruishengglassco.com\/#\/schema\/logo\/image\/"},"sameAs":["https:\/\/www.facebook.com\/ruishengglassbottles","https:\/\/www.instagram.com\/Ruishengglassbottlewholesales\/","https:\/\/www.youtube.com\/channel\/UCMmbMNGwsL-XrtjfSFLCdVQ"]}]}},"_links":{"self":[{"href":"https:\/\/ruishengglassco.com\/fr\/wp-json\/wp\/v2\/product\/4272","targetHints":{"allow":["GET"]}}],"collection":[{"href":"https:\/\/ruishengglassco.com\/fr\/wp-json\/wp\/v2\/product"}],"about":[{"href":"https:\/\/ruishengglassco.com\/fr\/wp-json\/wp\/v2\/types\/product"}],"replies":[{"embeddable":true,"href":"https:\/\/ruishengglassco.com\/fr\/wp-json\/wp\/v2\/comments?post=4272"}],"wp:featuredmedia":[{"embeddable":true,"href":"https:\/\/ruishengglassco.com\/fr\/wp-json\/wp\/v2\/media\/4273"}],"wp:attachment":[{"href":"https:\/\/ruishengglassco.com\/fr\/wp-json\/wp\/v2\/media?parent=4272"}],"wp:term":[{"taxonomy":"product_cat","embeddable":true,"href":"https:\/\/ruishengglassco.com\/fr\/wp-json\/wp\/v2\/product_cat?post=4272"}],"curies":[{"name":"wp","href":"https:\/\/api.w.org\/{rel}","templated":true}]}}