{"id":4268,"date":"2025-03-15T11:21:24","date_gmt":"2025-03-15T03:21:24","guid":{"rendered":"https:\/\/ruishengglassco.com\/?post_type=product&#038;p=4268"},"modified":"2025-09-11T16:22:36","modified_gmt":"2025-09-11T08:22:36","slug":"bouteilles-en-verre-vides-700ml-en-vrac","status":"publish","type":"product","link":"https:\/\/ruishengglassco.com\/fr\/produit\/bouteilles-en-verre-vides-700ml-en-vrac","title":{"rendered":"Bouteilles en verre vides 700ml en vrac"},"content":{"rendered":"<p>En tant que l'un des plus grands fabricants de bouteilles de spiritueux en verre de 70cl, Ruisheng se concentre sur la production de bouteilles de spiritueux depuis 2009. Ces bouteilles \u00e0 liqueur vides de 700ml en vrac sont l'une des bouteilles en verre les plus vendues dans notre usine. Cette bouteille en verre pour spiritueux est mise en valeur par son fond en verre \u00e9pais. Son mat\u00e9riau est le verre blanc cristallin. Ces bouteilles de spiritueux en verre de 700ml sont tr\u00e8s lisses et durables. Cette bouteille en verre solide est parfaite pour l'emballage de la vodka, des boissons et d'autres liquides.<\/p>\n<p>Cette bouteille de liqueur en verre de 700 ml est fabriqu\u00e9e par le plus grand fournisseur de bouteilles en verre super flint de Chine. L'objectif de notre soci\u00e9t\u00e9 est de produire des bouteilles en verre de haute qualit\u00e9 et d'offrir le meilleur service. Nous pouvons vous proposer un service de fourniture de bouteilles de liqueur en verre en une seule \u00e9tape. Par exemple, le dessin de la bouteille, l'impression du logo, la d\u00e9coration de l'\u00e9tiquette, le bouchon, la bo\u00eete color\u00e9e, etc.<\/p>\n<h2>Informations sur les bouteilles de liqueur vides de 700 ml en vrac<\/h2>\n<p>Cette bouteille de spiritueux de 70cl p\u00e8se 580g. Elle est fabriqu\u00e9e en verre blanc cristallin, la bouteille en verre \u00e0 vendre ayant un fond lourd. Elle permet d'offrir aux clients des produits de haute qualit\u00e9.<\/p>\n<p>La taille de cette bouteille en verre de 700 ml en gros est de 62,6\u00d7340 mm. Le diam\u00e8tre de la bouteille transparente est de 62,6 mm et sa hauteur est de 340 mm. Le type de fermeture de cette bouteille de liqueur de 70cl est le bouchon en T. Nous pouvons proposer diff\u00e9rentes tailles et diff\u00e9rentes couleurs pour ce bouchon. En ce qui concerne la taille, nous pouvons fabriquer un petit bouchon, un bouchon moyen, un grand bouchon, etc. En ce qui concerne la couleur, nous pouvons fabriquer des bouchons dor\u00e9s, des bouchons argent\u00e9s, des bouchons rouges et d'autres bouchons personnalis\u00e9s.<\/p>\n<p>Nos bouteilles en verre vides sont vendues dans de nombreux pays et r\u00e9gions. Par exemple, aux \u00c9tats-Unis, en Australie, en Suisse, en Nouvelle-Z\u00e9lande et au P\u00e9rou. Nous avons acquis une bonne r\u00e9putation dans le monde entier.<\/p>\n<p>Notre usine propose \u00e9galement des commandes OEM. Notre usine compte plus de 10 designers, nous pouvons fabriquer des bouteilles en verre sur mesure, du dessin \u00e0 l'exp\u00e9dition.<\/p>\n<p>Nos bouteilles de liqueur vides de 700ml en vrac ne sont que l'une de nos bouteilles en verre existantes. Si vous avez besoin d'autres bouteilles, n'h\u00e9sitez pas \u00e0 nous contacter.<\/p>","protected":false},"excerpt":{"rendered":"<table>\n<tbody>\n<tr>\n<th colspan=\"2\">Bouteilles en verre vides 700ml en vrac<\/th>\n<\/tr>\n<tr>\n<td>R\u00e9f\u00e9rence :<\/td>\n<td>R-042<\/td>\n<\/tr>\n<tr>\n<td>Mat\u00e9riau principal :<\/td>\n<td>Verre super silex (ce mat\u00e9riau est \u00e9galement appel\u00e9 verre blanc cristallin)<\/td>\n<\/tr>\n<tr>\n<td>Application :<\/td>\n<td>Liqueurs, Whisky, Vodka, Brandy, XO, etc.<\/td>\n<\/tr>\n<tr>\n<td>Cap :<\/td>\n<td>Bouchon en li\u00e8ge\/couronne<\/td>\n<\/tr>\n<tr>\n<td>Capacit\u00e9 :<\/td>\n<td>700ml<\/td>\n<\/tr>\n<tr>\n<td>Fonctionnalit\u00e9 :<\/td>\n<td>Respect de l'environnement<\/td>\n<\/tr>\n<tr>\n<td>MOQ :<\/td>\n<td>10000 PCS<\/td>\n<\/tr>\n<tr>\n<td>Mode d'emballage :<\/td>\n<td>Carton standard pour l'exportation \/ Palette \/ carton standard pour l'exportation et palette<\/td>\n<\/tr>\n<tr>\n<td>OEM\/ODM :<\/td>\n<td>Bienvenue<\/td>\n<\/tr>\n<tr>\n<td>Origine du lieu :<\/td>\n<td>Shandong, Chine<\/td>\n<\/tr>\n<tr>\n<td>Pcs\/Ctn :<\/td>\n<td>24pcs ou selon la demande du client<\/td>\n<\/tr>\n<\/tbody>\n<\/table>","protected":false},"featured_media":4269,"comment_status":"closed","ping_status":"closed","template":"","meta":[],"product_cat":[44],"class_list":{"0":"post-4268","1":"product","2":"type-product","3":"status-publish","4":"has-post-thumbnail","6":"product_cat-700ml-liquor-bottle-manufacturer","8":"first","9":"instock","10":"shipping-taxable","11":"product-type-simple"},"yoast_head":"<!-- This site is optimized with the Yoast SEO plugin v22.0 - https:\/\/yoast.com\/wordpress\/plugins\/seo\/ -->\n<title>Buy Empty Liquor Bottles Bulk | 70cl Glass Spirit Bottles Manufacturer<\/title>\n<meta name=\"description\" content=\"Do you want to buy empty liquor bottles bulk from China glass spirit bottles manufacturer? Factory Outlet&amp;Quality Assurance.\" \/>\n<meta name=\"robots\" content=\"index, follow, max-snippet:-1, max-image-preview:large, max-video-preview:-1\" \/>\n<link rel=\"canonical\" href=\"https:\/\/ruishengglassco.com\/fr\/produit\/bouteilles-en-verre-vides-700ml-en-vrac\" \/>\n<meta property=\"og:locale\" content=\"fr_FR\" \/>\n<meta property=\"og:type\" content=\"article\" \/>\n<meta property=\"og:title\" content=\"Buy Empty Liquor Bottles Bulk | 70cl Glass Spirit Bottles Manufacturer\" \/>\n<meta property=\"og:description\" content=\"Do you want to buy empty liquor bottles bulk from China glass spirit bottles manufacturer? Factory Outlet&amp;Quality Assurance.\" \/>\n<meta property=\"og:url\" content=\"https:\/\/ruishengglassco.com\/fr\/produit\/bouteilles-en-verre-vides-700ml-en-vrac\" \/>\n<meta property=\"article:publisher\" content=\"https:\/\/www.facebook.com\/ruishengglassbottles\" \/>\n<meta property=\"article:modified_time\" content=\"2025-09-11T08:22:36+00:00\" \/>\n<meta property=\"og:image\" content=\"https:\/\/ruishengglassco.com\/wp-content\/uploads\/2025\/03\/700ml-Empty-Glass-Bottles-Bulk.webp\" \/>\n\t<meta property=\"og:image:width\" content=\"605\" \/>\n\t<meta property=\"og:image:height\" content=\"606\" \/>\n\t<meta property=\"og:image:type\" content=\"image\/webp\" \/>\n<meta name=\"twitter:card\" content=\"summary_large_image\" \/>\n<meta name=\"twitter:label1\" content=\"Dur\u00e9e de lecture estim\u00e9e\" \/>\n\t<meta name=\"twitter:data1\" content=\"2 minutes\" \/>\n<script type=\"application\/ld+json\" class=\"yoast-schema-graph\">{\"@context\":\"https:\/\/schema.org\",\"@graph\":[{\"@type\":\"WebPage\",\"@id\":\"https:\/\/ruishengglassco.com\/product\/700ml-empty-glass-bottles-bulk\",\"url\":\"https:\/\/ruishengglassco.com\/product\/700ml-empty-glass-bottles-bulk\",\"name\":\"Buy Empty Liquor Bottles Bulk | 70cl Glass Spirit Bottles Manufacturer\",\"isPartOf\":{\"@id\":\"https:\/\/ruishengglassco.com\/#website\"},\"datePublished\":\"2025-03-15T03:21:24+00:00\",\"dateModified\":\"2025-09-11T08:22:36+00:00\",\"description\":\"Do you want to buy empty liquor bottles bulk from China glass spirit bottles manufacturer? Factory Outlet&Quality Assurance.\",\"breadcrumb\":{\"@id\":\"https:\/\/ruishengglassco.com\/product\/700ml-empty-glass-bottles-bulk#breadcrumb\"},\"inLanguage\":\"fr-FR\",\"potentialAction\":[{\"@type\":\"ReadAction\",\"target\":[\"https:\/\/ruishengglassco.com\/product\/700ml-empty-glass-bottles-bulk\"]}]},{\"@type\":\"BreadcrumbList\",\"@id\":\"https:\/\/ruishengglassco.com\/product\/700ml-empty-glass-bottles-bulk#breadcrumb\",\"itemListElement\":[{\"@type\":\"ListItem\",\"position\":1,\"name\":\"Home\",\"item\":\"https:\/\/ruishengglassco.com\/\"},{\"@type\":\"ListItem\",\"position\":2,\"name\":\"Products\",\"item\":\"https:\/\/ruishengglassco.com\/products\"},{\"@type\":\"ListItem\",\"position\":3,\"name\":\"700ml Empty Glass Bottles Bulk\"}]},{\"@type\":\"WebSite\",\"@id\":\"https:\/\/ruishengglassco.com\/#website\",\"url\":\"https:\/\/ruishengglassco.com\/\",\"name\":\"Ruisheng Glass\",\"description\":\"\",\"publisher\":{\"@id\":\"https:\/\/ruishengglassco.com\/#organization\"},\"potentialAction\":[{\"@type\":\"SearchAction\",\"target\":{\"@type\":\"EntryPoint\",\"urlTemplate\":\"https:\/\/ruishengglassco.com\/?s={search_term_string}\"},\"query-input\":\"required name=search_term_string\"}],\"inLanguage\":\"fr-FR\"},{\"@type\":\"Organization\",\"@id\":\"https:\/\/ruishengglassco.com\/#organization\",\"name\":\"Shandong Yuncheng Ruisheng Glass Co., Ltd\",\"url\":\"https:\/\/ruishengglassco.com\/\",\"logo\":{\"@type\":\"ImageObject\",\"inLanguage\":\"fr-FR\",\"@id\":\"https:\/\/ruishengglassco.com\/#\/schema\/logo\/image\/\",\"url\":\"https:\/\/ruishengglassco.com\/wp-content\/uploads\/2023\/09\/ruisheng_logo_icon.webp\",\"contentUrl\":\"https:\/\/ruishengglassco.com\/wp-content\/uploads\/2023\/09\/ruisheng_logo_icon.webp\",\"width\":400,\"height\":233,\"caption\":\"Shandong Yuncheng Ruisheng Glass Co., Ltd\"},\"image\":{\"@id\":\"https:\/\/ruishengglassco.com\/#\/schema\/logo\/image\/\"},\"sameAs\":[\"https:\/\/www.facebook.com\/ruishengglassbottles\",\"https:\/\/www.instagram.com\/Ruishengglassbottlewholesales\/\",\"https:\/\/www.youtube.com\/channel\/UCMmbMNGwsL-XrtjfSFLCdVQ\"]}]}<\/script>\n<!-- \/ Yoast SEO plugin. -->","yoast_head_json":{"title":"Buy Empty Liquor Bottles Bulk | 70cl Glass Spirit Bottles Manufacturer","description":"Do you want to buy empty liquor bottles bulk from China glass spirit bottles manufacturer? Factory Outlet&Quality Assurance.","robots":{"index":"index","follow":"follow","max-snippet":"max-snippet:-1","max-image-preview":"max-image-preview:large","max-video-preview":"max-video-preview:-1"},"canonical":"https:\/\/ruishengglassco.com\/fr\/produit\/bouteilles-en-verre-vides-700ml-en-vrac","og_locale":"fr_FR","og_type":"article","og_title":"Buy Empty Liquor Bottles Bulk | 70cl Glass Spirit Bottles Manufacturer","og_description":"Do you want to buy empty liquor bottles bulk from China glass spirit bottles manufacturer? Factory Outlet&Quality Assurance.","og_url":"https:\/\/ruishengglassco.com\/fr\/produit\/bouteilles-en-verre-vides-700ml-en-vrac","article_publisher":"https:\/\/www.facebook.com\/ruishengglassbottles","article_modified_time":"2025-09-11T08:22:36+00:00","og_image":[{"width":605,"height":606,"url":"https:\/\/ruishengglassco.com\/wp-content\/uploads\/2025\/03\/700ml-Empty-Glass-Bottles-Bulk.webp","type":"image\/webp"}],"twitter_card":"summary_large_image","twitter_misc":{"Dur\u00e9e de lecture estim\u00e9e":"2 minutes"},"schema":{"@context":"https:\/\/schema.org","@graph":[{"@type":"WebPage","@id":"https:\/\/ruishengglassco.com\/product\/700ml-empty-glass-bottles-bulk","url":"https:\/\/ruishengglassco.com\/product\/700ml-empty-glass-bottles-bulk","name":"Buy Empty Liquor Bottles Bulk | 70cl Glass Spirit Bottles Manufacturer","isPartOf":{"@id":"https:\/\/ruishengglassco.com\/#website"},"datePublished":"2025-03-15T03:21:24+00:00","dateModified":"2025-09-11T08:22:36+00:00","description":"Do you want to buy empty liquor bottles bulk from China glass spirit bottles manufacturer? Factory Outlet&Quality Assurance.","breadcrumb":{"@id":"https:\/\/ruishengglassco.com\/product\/700ml-empty-glass-bottles-bulk#breadcrumb"},"inLanguage":"fr-FR","potentialAction":[{"@type":"ReadAction","target":["https:\/\/ruishengglassco.com\/product\/700ml-empty-glass-bottles-bulk"]}]},{"@type":"BreadcrumbList","@id":"https:\/\/ruishengglassco.com\/product\/700ml-empty-glass-bottles-bulk#breadcrumb","itemListElement":[{"@type":"ListItem","position":1,"name":"Home","item":"https:\/\/ruishengglassco.com\/"},{"@type":"ListItem","position":2,"name":"Products","item":"https:\/\/ruishengglassco.com\/products"},{"@type":"ListItem","position":3,"name":"700ml Empty Glass Bottles Bulk"}]},{"@type":"WebSite","@id":"https:\/\/ruishengglassco.com\/#website","url":"https:\/\/ruishengglassco.com\/","name":"Ruisheng Glass","description":"","publisher":{"@id":"https:\/\/ruishengglassco.com\/#organization"},"potentialAction":[{"@type":"SearchAction","target":{"@type":"EntryPoint","urlTemplate":"https:\/\/ruishengglassco.com\/?s={search_term_string}"},"query-input":"required name=search_term_string"}],"inLanguage":"fr-FR"},{"@type":"Organization","@id":"https:\/\/ruishengglassco.com\/#organization","name":"Shandong Yuncheng Ruisheng Glass Co., Ltd","url":"https:\/\/ruishengglassco.com\/","logo":{"@type":"ImageObject","inLanguage":"fr-FR","@id":"https:\/\/ruishengglassco.com\/#\/schema\/logo\/image\/","url":"https:\/\/ruishengglassco.com\/wp-content\/uploads\/2023\/09\/ruisheng_logo_icon.webp","contentUrl":"https:\/\/ruishengglassco.com\/wp-content\/uploads\/2023\/09\/ruisheng_logo_icon.webp","width":400,"height":233,"caption":"Shandong Yuncheng Ruisheng Glass Co., Ltd"},"image":{"@id":"https:\/\/ruishengglassco.com\/#\/schema\/logo\/image\/"},"sameAs":["https:\/\/www.facebook.com\/ruishengglassbottles","https:\/\/www.instagram.com\/Ruishengglassbottlewholesales\/","https:\/\/www.youtube.com\/channel\/UCMmbMNGwsL-XrtjfSFLCdVQ"]}]}},"_links":{"self":[{"href":"https:\/\/ruishengglassco.com\/fr\/wp-json\/wp\/v2\/product\/4268","targetHints":{"allow":["GET"]}}],"collection":[{"href":"https:\/\/ruishengglassco.com\/fr\/wp-json\/wp\/v2\/product"}],"about":[{"href":"https:\/\/ruishengglassco.com\/fr\/wp-json\/wp\/v2\/types\/product"}],"replies":[{"embeddable":true,"href":"https:\/\/ruishengglassco.com\/fr\/wp-json\/wp\/v2\/comments?post=4268"}],"wp:featuredmedia":[{"embeddable":true,"href":"https:\/\/ruishengglassco.com\/fr\/wp-json\/wp\/v2\/media\/4269"}],"wp:attachment":[{"href":"https:\/\/ruishengglassco.com\/fr\/wp-json\/wp\/v2\/media?parent=4268"}],"wp:term":[{"taxonomy":"product_cat","embeddable":true,"href":"https:\/\/ruishengglassco.com\/fr\/wp-json\/wp\/v2\/product_cat?post=4268"}],"curies":[{"name":"wp","href":"https:\/\/api.w.org\/{rel}","templated":true}]}}