{"id":4266,"date":"2025-03-15T11:18:57","date_gmt":"2025-03-15T03:18:57","guid":{"rendered":"https:\/\/ruishengglassco.com\/?post_type=product&#038;p=4266"},"modified":"2025-03-26T14:54:07","modified_gmt":"2025-03-26T06:54:07","slug":"rs066-bouteilles-transparentes-de-700-ml-en-gros","status":"publish","type":"product","link":"https:\/\/ruishengglassco.com\/fr\/produit\/rs066-bouteilles-transparentes-de-700-ml-en-gros","title":{"rendered":"RS066 : Fabricants de flacons transparents de 700ml"},"content":{"rendered":"<p>Cette s\u00e9rie de bouteilles d'alcool transparentes de 700 ml en vrac est sp\u00e9cialement con\u00e7ue pour l'emballage des boissons alcoolis\u00e9es. Ces bouteilles en verre transparent peuvent contenir toutes sortes de liquides, tels que du vin, des boissons, de l'huile, du vinaigre de fruits, etc.<\/p>\n<p>Nos bouteilles en verre sp\u00e9cial transparent de 700 ml ont un long col et un fond \u00e9pais. Il y a un cercle rond sur les bouteilles en verre \u00e0 liqueur. Vous pouvez y apposer votre logo, qu'il s'agisse d'un logo en papier, en plastique, en m\u00e9tal ou autre.<\/p>\n<p>Notre soci\u00e9t\u00e9 peut fabriquer de nombreux types de bouteilles en verre uniques, qu'il s'agisse de bouteilles en verre haut de gamme telles que les bouteilles de vodka ou de brandy, ou de bouteilles en verre moyennement haut de gamme telles que les bouteilles de boissons. Nous pouvons \u00e9galement peindre n'importe quelle couleur sur les bouteilles en verre, car nos bouteilles en verre sont des bouteilles en verre \u00e0 silex.<\/p>\n<h2>D\u00e9tails des bouteilles d'alcool transparentes de 700 ml en vrac<\/h2>\n<p>Ces bouteilles en verre sp\u00e9cial transparent de 700 ml sont fabriqu\u00e9es \u00e0 partir d'un mat\u00e9riau de qualit\u00e9 sup\u00e9rieure, le verre \u00e0 silex. Notre bouteille en verre liquide est tr\u00e8s claire et durable. Le poids de cette bouteille en verre est de 620g. Son fond est \u00e9pais et sa taille est d'environ 10 mm. Le type de fermeture de cette bouteille en verre est le bouchon \u00e0 vis. Nous pouvons vous proposer le bouchon \u00e0 vis en aluminium et le bouchon \u00e0 vis en plastique aluminium. En ce qui concerne le bouchon \u00e0 vis des bouteilles en verre, nous pouvons vous proposer un bouchon anti-faux et un bouchon ordinaire. Si vous avez besoin de l'un ou l'autre de ces produits, veuillez nous en informer et nous vous proposerons un produit adapt\u00e9 \u00e0 vos besoins.<\/p>\n<p>Nous pouvons proposer ces bouteilles en verre en gros avec trois types d'emballage. Le premier est le carton d'exportation standard. Nous emballons g\u00e9n\u00e9ralement les bouteilles en verre dans du papier plastique et nous les pla\u00e7ons dans le carton en les s\u00e9parant par du carton. Nous mettons habituellement 24 bouteilles par carton. Si vous avez des demandes concernant le carton d'emballage, nous pouvons \u00e9galement fabriquer un carton sur mesure pour le client.<\/p>\n<p>La deuxi\u00e8me m\u00e9thode est l'emballage sur palette. Nous pla\u00e7ons les bouteilles en verre sur la palette, puis nous les enveloppons avec du papier plastique.<\/p>\n<p>Si vous souhaitez acheter en gros des bouteilles en verre sp\u00e9cial transparent de 700ml, nous pouvons \u00e9galement accepter les commandes OEM. Si vous avez des questions sur ces bouteilles en verre, veuillez nous contacter par email ou par t\u00e9l\u00e9phone, nous vous r\u00e9pondrons dans les plus brefs d\u00e9lais.<br \/>\nLa troisi\u00e8me m\u00e9thode est celle du carton et de la palette. Nous placerons les bouteilles en verre dans le carton, puis sur la palette.<br \/>\n.<\/p>","protected":false},"excerpt":{"rendered":"<table class=\"tg\">\n<tbody>\n<tr>\n<th class=\"tg-24i8\" colspan=\"2\">Bouteilles en verre sp\u00e9cial transparent 700ml Wholesale<\/th>\n<\/tr>\n<tr>\n<td class=\"tg-b7b8\">Mat\u00e9riau principal :<\/td>\n<td class=\"tg-b7b8\">Verre \u00e0 haute teneur en silex<\/td>\n<\/tr>\n<tr>\n<td class=\"tg-yw4l\">Cap :<\/td>\n<td class=\"tg-yw4l\">Capuchon \u00e0 vis<\/td>\n<\/tr>\n<tr>\n<td class=\"tg-b7b8\">Capacit\u00e9 :<\/td>\n<td class=\"tg-b7b8\">700ml<\/td>\n<\/tr>\n<tr>\n<td class=\"tg-yw4l\">Fonctionnalit\u00e9 :<\/td>\n<td class=\"tg-yw4l\">Respect de l'environnement<\/td>\n<\/tr>\n<tr>\n<td class=\"tg-b7b8\">MOQ :<\/td>\n<td class=\"tg-b7b8\">10000 PCS<\/td>\n<\/tr>\n<tr>\n<td class=\"tg-yw4l\">Mode d'emballage :<\/td>\n<td class=\"tg-yw4l\">Carton standard pour l'exportation \/ Palette \/ carton standard pour l'exportation et palette<\/td>\n<\/tr>\n<tr>\n<td class=\"tg-b7b8\">OEM\/ODM :<\/td>\n<td class=\"tg-b7b8\">Bienvenue<\/td>\n<\/tr>\n<tr>\n<td class=\"tg-yw4l\">Origine du lieu :<\/td>\n<td class=\"tg-yw4l\">Shandong, Chine<\/td>\n<\/tr>\n<tr>\n<td class=\"tg-b7b8\">Pcs\/Ctn :<\/td>\n<td class=\"tg-b7b8\">24pcs \/ 20pcs<\/td>\n<\/tr>\n<\/tbody>\n<\/table>","protected":false},"featured_media":4267,"comment_status":"closed","ping_status":"closed","template":"","meta":[],"product_cat":[44],"class_list":{"0":"post-4266","1":"product","2":"type-product","3":"status-publish","4":"has-post-thumbnail","6":"product_cat-700ml-liquor-bottle-manufacturer","8":"first","9":"instock","10":"shipping-taxable","11":"product-type-simple"},"yoast_head":"<!-- This site is optimized with the Yoast SEO plugin v22.0 - https:\/\/yoast.com\/wordpress\/plugins\/seo\/ -->\n<title>700ml Clear Alcohol Bottles Bulk | Custom Special Glass Bottle<\/title>\n<meta name=\"description\" content=\"Ruisheng, sales 700ml clear alcohol bottles bulk in factory outlet price. Primary liquor bottle manufacturer, provide custon special glass bottle service.\" \/>\n<meta name=\"robots\" content=\"index, follow, max-snippet:-1, max-image-preview:large, max-video-preview:-1\" \/>\n<link rel=\"canonical\" href=\"https:\/\/ruishengglassco.com\/fr\/produit\/rs066-bouteilles-transparentes-de-700-ml-en-gros\" \/>\n<meta property=\"og:locale\" content=\"fr_FR\" \/>\n<meta property=\"og:type\" content=\"article\" \/>\n<meta property=\"og:title\" content=\"700ml Clear Alcohol Bottles Bulk | Custom Special Glass Bottle\" \/>\n<meta property=\"og:description\" content=\"Ruisheng, sales 700ml clear alcohol bottles bulk in factory outlet price. Primary liquor bottle manufacturer, provide custon special glass bottle service.\" \/>\n<meta property=\"og:url\" content=\"https:\/\/ruishengglassco.com\/fr\/produit\/rs066-bouteilles-transparentes-de-700-ml-en-gros\" \/>\n<meta property=\"article:publisher\" content=\"https:\/\/www.facebook.com\/ruishengglassbottles\" \/>\n<meta property=\"article:modified_time\" content=\"2025-03-26T06:54:07+00:00\" \/>\n<meta property=\"og:image\" content=\"https:\/\/ruishengglassco.com\/wp-content\/uploads\/2025\/03\/RS066-700ml-Clear-Bottles-Wholesale.webp\" \/>\n\t<meta property=\"og:image:width\" content=\"800\" \/>\n\t<meta property=\"og:image:height\" content=\"800\" \/>\n\t<meta property=\"og:image:type\" content=\"image\/webp\" \/>\n<meta name=\"twitter:card\" content=\"summary_large_image\" \/>\n<meta name=\"twitter:label1\" content=\"Dur\u00e9e de lecture estim\u00e9e\" \/>\n\t<meta name=\"twitter:data1\" content=\"2 minutes\" \/>\n<script type=\"application\/ld+json\" class=\"yoast-schema-graph\">{\"@context\":\"https:\/\/schema.org\",\"@graph\":[{\"@type\":\"WebPage\",\"@id\":\"https:\/\/ruishengglassco.com\/product\/rs066-700ml-clear-bottles-wholesale\",\"url\":\"https:\/\/ruishengglassco.com\/product\/rs066-700ml-clear-bottles-wholesale\",\"name\":\"700ml Clear Alcohol Bottles Bulk | Custom Special Glass Bottle\",\"isPartOf\":{\"@id\":\"https:\/\/ruishengglassco.com\/#website\"},\"datePublished\":\"2025-03-15T03:18:57+00:00\",\"dateModified\":\"2025-03-26T06:54:07+00:00\",\"description\":\"Ruisheng, sales 700ml clear alcohol bottles bulk in factory outlet price. Primary liquor bottle manufacturer, provide custon special glass bottle service.\",\"breadcrumb\":{\"@id\":\"https:\/\/ruishengglassco.com\/product\/rs066-700ml-clear-bottles-wholesale#breadcrumb\"},\"inLanguage\":\"fr-FR\",\"potentialAction\":[{\"@type\":\"ReadAction\",\"target\":[\"https:\/\/ruishengglassco.com\/product\/rs066-700ml-clear-bottles-wholesale\"]}]},{\"@type\":\"BreadcrumbList\",\"@id\":\"https:\/\/ruishengglassco.com\/product\/rs066-700ml-clear-bottles-wholesale#breadcrumb\",\"itemListElement\":[{\"@type\":\"ListItem\",\"position\":1,\"name\":\"Home\",\"item\":\"https:\/\/ruishengglassco.com\/\"},{\"@type\":\"ListItem\",\"position\":2,\"name\":\"Products\",\"item\":\"https:\/\/ruishengglassco.com\/products\"},{\"@type\":\"ListItem\",\"position\":3,\"name\":\"RS066: 700ml Clear Bottles Manufacturers\"}]},{\"@type\":\"WebSite\",\"@id\":\"https:\/\/ruishengglassco.com\/#website\",\"url\":\"https:\/\/ruishengglassco.com\/\",\"name\":\"Ruisheng Glass\",\"description\":\"\",\"publisher\":{\"@id\":\"https:\/\/ruishengglassco.com\/#organization\"},\"potentialAction\":[{\"@type\":\"SearchAction\",\"target\":{\"@type\":\"EntryPoint\",\"urlTemplate\":\"https:\/\/ruishengglassco.com\/?s={search_term_string}\"},\"query-input\":\"required name=search_term_string\"}],\"inLanguage\":\"fr-FR\"},{\"@type\":\"Organization\",\"@id\":\"https:\/\/ruishengglassco.com\/#organization\",\"name\":\"Shandong Yuncheng Ruisheng Glass Co., Ltd\",\"url\":\"https:\/\/ruishengglassco.com\/\",\"logo\":{\"@type\":\"ImageObject\",\"inLanguage\":\"fr-FR\",\"@id\":\"https:\/\/ruishengglassco.com\/#\/schema\/logo\/image\/\",\"url\":\"https:\/\/ruishengglassco.com\/wp-content\/uploads\/2023\/09\/ruisheng_logo_icon.webp\",\"contentUrl\":\"https:\/\/ruishengglassco.com\/wp-content\/uploads\/2023\/09\/ruisheng_logo_icon.webp\",\"width\":400,\"height\":233,\"caption\":\"Shandong Yuncheng Ruisheng Glass Co., Ltd\"},\"image\":{\"@id\":\"https:\/\/ruishengglassco.com\/#\/schema\/logo\/image\/\"},\"sameAs\":[\"https:\/\/www.facebook.com\/ruishengglassbottles\",\"https:\/\/www.instagram.com\/Ruishengglassbottlewholesales\/\",\"https:\/\/www.youtube.com\/channel\/UCMmbMNGwsL-XrtjfSFLCdVQ\"]}]}<\/script>\n<!-- \/ Yoast SEO plugin. -->","yoast_head_json":{"title":"700ml Clear Alcohol Bottles Bulk | Custom Special Glass Bottle","description":"Ruisheng, sales 700ml clear alcohol bottles bulk in factory outlet price. Primary liquor bottle manufacturer, provide custon special glass bottle service.","robots":{"index":"index","follow":"follow","max-snippet":"max-snippet:-1","max-image-preview":"max-image-preview:large","max-video-preview":"max-video-preview:-1"},"canonical":"https:\/\/ruishengglassco.com\/fr\/produit\/rs066-bouteilles-transparentes-de-700-ml-en-gros","og_locale":"fr_FR","og_type":"article","og_title":"700ml Clear Alcohol Bottles Bulk | Custom Special Glass Bottle","og_description":"Ruisheng, sales 700ml clear alcohol bottles bulk in factory outlet price. Primary liquor bottle manufacturer, provide custon special glass bottle service.","og_url":"https:\/\/ruishengglassco.com\/fr\/produit\/rs066-bouteilles-transparentes-de-700-ml-en-gros","article_publisher":"https:\/\/www.facebook.com\/ruishengglassbottles","article_modified_time":"2025-03-26T06:54:07+00:00","og_image":[{"width":800,"height":800,"url":"https:\/\/ruishengglassco.com\/wp-content\/uploads\/2025\/03\/RS066-700ml-Clear-Bottles-Wholesale.webp","type":"image\/webp"}],"twitter_card":"summary_large_image","twitter_misc":{"Dur\u00e9e de lecture estim\u00e9e":"2 minutes"},"schema":{"@context":"https:\/\/schema.org","@graph":[{"@type":"WebPage","@id":"https:\/\/ruishengglassco.com\/product\/rs066-700ml-clear-bottles-wholesale","url":"https:\/\/ruishengglassco.com\/product\/rs066-700ml-clear-bottles-wholesale","name":"700ml Clear Alcohol Bottles Bulk | Custom Special Glass Bottle","isPartOf":{"@id":"https:\/\/ruishengglassco.com\/#website"},"datePublished":"2025-03-15T03:18:57+00:00","dateModified":"2025-03-26T06:54:07+00:00","description":"Ruisheng, sales 700ml clear alcohol bottles bulk in factory outlet price. Primary liquor bottle manufacturer, provide custon special glass bottle service.","breadcrumb":{"@id":"https:\/\/ruishengglassco.com\/product\/rs066-700ml-clear-bottles-wholesale#breadcrumb"},"inLanguage":"fr-FR","potentialAction":[{"@type":"ReadAction","target":["https:\/\/ruishengglassco.com\/product\/rs066-700ml-clear-bottles-wholesale"]}]},{"@type":"BreadcrumbList","@id":"https:\/\/ruishengglassco.com\/product\/rs066-700ml-clear-bottles-wholesale#breadcrumb","itemListElement":[{"@type":"ListItem","position":1,"name":"Home","item":"https:\/\/ruishengglassco.com\/"},{"@type":"ListItem","position":2,"name":"Products","item":"https:\/\/ruishengglassco.com\/products"},{"@type":"ListItem","position":3,"name":"RS066: 700ml Clear Bottles Manufacturers"}]},{"@type":"WebSite","@id":"https:\/\/ruishengglassco.com\/#website","url":"https:\/\/ruishengglassco.com\/","name":"Ruisheng Glass","description":"","publisher":{"@id":"https:\/\/ruishengglassco.com\/#organization"},"potentialAction":[{"@type":"SearchAction","target":{"@type":"EntryPoint","urlTemplate":"https:\/\/ruishengglassco.com\/?s={search_term_string}"},"query-input":"required name=search_term_string"}],"inLanguage":"fr-FR"},{"@type":"Organization","@id":"https:\/\/ruishengglassco.com\/#organization","name":"Shandong Yuncheng Ruisheng Glass Co., Ltd","url":"https:\/\/ruishengglassco.com\/","logo":{"@type":"ImageObject","inLanguage":"fr-FR","@id":"https:\/\/ruishengglassco.com\/#\/schema\/logo\/image\/","url":"https:\/\/ruishengglassco.com\/wp-content\/uploads\/2023\/09\/ruisheng_logo_icon.webp","contentUrl":"https:\/\/ruishengglassco.com\/wp-content\/uploads\/2023\/09\/ruisheng_logo_icon.webp","width":400,"height":233,"caption":"Shandong Yuncheng Ruisheng Glass Co., Ltd"},"image":{"@id":"https:\/\/ruishengglassco.com\/#\/schema\/logo\/image\/"},"sameAs":["https:\/\/www.facebook.com\/ruishengglassbottles","https:\/\/www.instagram.com\/Ruishengglassbottlewholesales\/","https:\/\/www.youtube.com\/channel\/UCMmbMNGwsL-XrtjfSFLCdVQ"]}]}},"_links":{"self":[{"href":"https:\/\/ruishengglassco.com\/fr\/wp-json\/wp\/v2\/product\/4266","targetHints":{"allow":["GET"]}}],"collection":[{"href":"https:\/\/ruishengglassco.com\/fr\/wp-json\/wp\/v2\/product"}],"about":[{"href":"https:\/\/ruishengglassco.com\/fr\/wp-json\/wp\/v2\/types\/product"}],"replies":[{"embeddable":true,"href":"https:\/\/ruishengglassco.com\/fr\/wp-json\/wp\/v2\/comments?post=4266"}],"wp:featuredmedia":[{"embeddable":true,"href":"https:\/\/ruishengglassco.com\/fr\/wp-json\/wp\/v2\/media\/4267"}],"wp:attachment":[{"href":"https:\/\/ruishengglassco.com\/fr\/wp-json\/wp\/v2\/media?parent=4266"}],"wp:term":[{"taxonomy":"product_cat","embeddable":true,"href":"https:\/\/ruishengglassco.com\/fr\/wp-json\/wp\/v2\/product_cat?post=4266"}],"curies":[{"name":"wp","href":"https:\/\/api.w.org\/{rel}","templated":true}]}}