{"id":4261,"date":"2025-03-15T11:11:06","date_gmt":"2025-03-15T03:11:06","guid":{"rendered":"https:\/\/ruishengglassco.com\/?post_type=product&#038;p=4261"},"modified":"2025-09-11T16:15:43","modified_gmt":"2025-09-11T08:15:43","slug":"rs069-fournisseur-de-bouteilles-en-verre-personnalisees-pour-liquides-de-500ml","status":"publish","type":"product","link":"https:\/\/ruishengglassco.com\/fr\/produit\/rs069-fournisseur-de-bouteilles-en-verre-personnalisees-pour-liquides-de-500ml","title":{"rendered":"RS069 : Bouteilles de liquide en verre 500ml sur mesure Fournisseur"},"content":{"rendered":"<p>Les bouteilles en verre liquide 500ml sont fabriqu\u00e9es par Shandong Yuncheng Ruisheng Glass Co, Ltd. Notre soci\u00e9t\u00e9 est l'un des plus grands fabricants de bouteilles en verre personnalis\u00e9es pour spiritueux en Chine. Nous avons travaill\u00e9 sur la production de divers types de bouteilles en verre liquide.<\/p>\n<p>En tant que fournisseur professionnel de bouteilles personnalis\u00e9es, Ruisheng a investi dans 2 lignes de production de la machine enti\u00e8rement automatique 8S la plus avanc\u00e9e, 3 lignes de production de machines manuelles CNC, 4 lignes de production de machines semi-automatiques CNC. Notre usine dispose \u00e9galement de deux ensembles de machines IS. La machine 8S et les machines CNC sont utilis\u00e9es pour produire des bouteilles en verre de premi\u00e8re qualit\u00e9 - des bouteilles en verre supper flint. La production journali\u00e8re est de 120 000 pi\u00e8ces. Les machines IS sont utilis\u00e9es pour produire des bouteilles en verre de qualit\u00e9 moyenne et leur production quotidienne est de 200 000 unit\u00e9s. Notre soci\u00e9t\u00e9 compte plus de 500 employ\u00e9s et un groupe d'ing\u00e9nieurs qualifi\u00e9s. Gr\u00e2ce \u00e0 notre riche exp\u00e9rience et \u00e0 nos technologies de pointe, nous avons acquis une bonne r\u00e9putation aupr\u00e8s de nos clients du monde entier.<\/p>\n<p>Notre bouteille en verre de 500 ml est utilis\u00e9e pour contenir de la vodka, du whisky, du gin, du rhum, du brandy, des boissons et d'autres alcools. Nous ne fabriquons pas seulement cette bouteille en verre transparent, mais nous pouvons \u00e9galement produire des bouteilles en verre vert clair et vert fonc\u00e9. Nous pouvons \u00e9galement proposer des bouchons ou des capsules assortis.<\/p>\n<p>Nous utilisons du verre \u00e0 haute teneur en silex pour fabriquer les bouteilles vides en verre liquide de 500 ml. Cette mati\u00e8re premi\u00e8re rend la bouteille en verre plus claire, plus durable et plus lisse.<\/p>\n<h2>Les d\u00e9tails du fournisseur de flacons en verre liquide de 500ml<\/h2>\n<ul>\n<li>Mat\u00e9riau principal : Verre \u00e0 haute teneur en silex (ce mat\u00e9riau est \u00e9galement appel\u00e9 verre blanc cristallin)<\/li>\n<li>Capuchon : Li\u00e8ge (nous pouvons proposer diff\u00e9rentes couleurs et diff\u00e9rents mat\u00e9riaux, comme la couleur dor\u00e9e, la couleur argent\u00e9e, le mat\u00e9riau \u00e0 haute teneur en polym\u00e8re, le mat\u00e9riau complexe, le mat\u00e9riau en bois).<\/li>\n<li>R\u00e9f\u00e9rence : RS069<\/li>\n<li>MOQ : 10000 PCS<\/li>\n<li>Capacit\u00e9 : 500 ml (d'autres capacit\u00e9s sont possibles, telles que 700 ml, 750 ml, etc.)<\/li>\n<li>Poids : 580g<\/li>\n<li>Pcs\/Ctn : 24pcs (les bo\u00eetes de couleur personnalis\u00e9e sont accept\u00e9es)<\/li>\n<li>Port : Qingdao, Chine<\/li>\n<li>Origine du lieu : Shandong, Chine<\/li>\n<li>Caract\u00e9ristique : Respectueux de l'environnement<\/li>\n<\/ul>\n<p>Comment choisir une bouteille en verre pour e-liquide ? Pour choisir la bonne bouteille en verre de 500 ml, il faut d'abord tenir compte de la qualit\u00e9 des bouteilles de liquide, car une bouteille en verre de haute qualit\u00e9 permet de garantir la qualit\u00e9 des boissons alcoolis\u00e9es et d'am\u00e9liorer leur valve. En outre, les clients doivent \u00e9galement pr\u00eater attention \u00e0 la qualit\u00e9 des produits de liqueur, aux ar\u00f4mes de liqueur et \u00e0 la propagande culturelle pour s\u00e9lectionner une bouteille en verre pour e-liquide. En outre, pour choisir et acheter une bouteille de liqueur, il faut choisir un fabricant habituel de bouteilles de liqueur, afin de garantir la qualit\u00e9 et le prix des bouteilles d'alcool.<\/p>\n<p>Si vous ne souhaitez pas acheter les accessoires aupr\u00e8s de diff\u00e9rentes soci\u00e9t\u00e9s, nous pouvons \u00e9galement vous proposer un service \u00e0 guichet unique. Vous n'avez qu'\u00e0 nous faire part de vos demandes et nous vous proposerons les accessoires dont vous avez besoin. Nous pouvons r\u00e9aliser des traitements profonds sur la bouteille, tels que le d\u00e9poli, la d\u00e9calcomanie, la peinture, etc.<\/p>\n<p>En plus des bouteilles en verre de 500ml, Shandong Yuncheng Ruisheng propose des bouteilles de liqueur de 250ml, des bouteilles de spiritueux de 375ml, des bouteilles en verre de 700ml, des bouteilles de liqueur en verre de 750ml, des bouteilles en verre de 1000ml avec bouchon, des bouteilles en verre de 1,5 litre et ainsi de suite. Bien s\u00fbr, en tant que fabricant de bouteilles personnalis\u00e9es, nous pouvons concevoir la capacit\u00e9 en fonction de vos besoins.<\/p>","protected":false},"excerpt":{"rendered":"<table class=\"tg\">\n<tbody>\n<tr>\n<th class=\"tg-24i8\" colspan=\"2\">Bouteilles en verre pour liquides de 500ml Wholesale<\/th>\n<\/tr>\n<tr>\n<td class=\"tg-b7b8\">R\u00e9f\u00e9rence :<\/td>\n<td class=\"tg-b7b8\">RS069<\/td>\n<\/tr>\n<tr>\n<td class=\"tg-yw4l\">Mat\u00e9riau principal :<\/td>\n<td class=\"tg-yw4l\">Verre \u00e0 haute teneur en silex (ce mat\u00e9riau est \u00e9galement appel\u00e9 verre blanc cristallin)<\/td>\n<\/tr>\n<tr>\n<td class=\"tg-b7b8\">Cap :<\/td>\n<td class=\"tg-b7b8\">Li\u00e8ge<\/td>\n<\/tr>\n<tr>\n<td class=\"tg-yw4l\">Capacit\u00e9 :<\/td>\n<td class=\"tg-yw4l\">500ml<\/td>\n<\/tr>\n<tr>\n<td class=\"tg-b7b8\">Fonctionnalit\u00e9 :<\/td>\n<td class=\"tg-b7b8\">Respect de l'environnement<\/td>\n<\/tr>\n<tr>\n<td class=\"tg-yw4l\">MOQ :<\/td>\n<td class=\"tg-yw4l\">10000 PCS<\/td>\n<\/tr>\n<tr>\n<td class=\"tg-b7b8\">Mode d'emballage :<\/td>\n<td class=\"tg-b7b8\">Carton standard pour l'exportation \/ Palette \/ carton standard pour l'exportation et palette<\/td>\n<\/tr>\n<tr>\n<td class=\"tg-yw4l\">OEM\/ODM :<\/td>\n<td class=\"tg-yw4l\">Bienvenue<\/td>\n<\/tr>\n<tr>\n<td class=\"tg-b7b8\">Origine du lieu :<\/td>\n<td class=\"tg-b7b8\">Shandong, Chine<\/td>\n<\/tr>\n<tr>\n<td class=\"tg-yw4l\">Pcs\/Ctn :<\/td>\n<td class=\"tg-yw4l\">24pcs ou selon la demande du client<\/td>\n<\/tr>\n<\/tbody>\n<\/table>","protected":false},"featured_media":4262,"comment_status":"closed","ping_status":"closed","template":"","meta":[],"product_cat":[41],"class_list":{"0":"post-4261","1":"product","2":"type-product","3":"status-publish","4":"has-post-thumbnail","6":"product_cat-500ml-liquor-bottle-manufacturer","8":"first","9":"instock","10":"shipping-taxable","11":"product-type-simple"},"yoast_head":"<!-- This site is optimized with the Yoast SEO plugin v22.0 - https:\/\/yoast.com\/wordpress\/plugins\/seo\/ -->\n<title>500ml Liquid Glass Bottles Wholesale | Empty Spirit Bottle Manufacturer<\/title>\n<meta name=\"description\" content=\"Ruisheng, a professional China Spirit Bottle Manufacturer, provide 500ml Liquid Glass Bottles Supplier For spirit. Factory Outlet&amp;Free Sample.\" \/>\n<meta name=\"robots\" content=\"index, follow, max-snippet:-1, max-image-preview:large, max-video-preview:-1\" \/>\n<link rel=\"canonical\" href=\"https:\/\/ruishengglassco.com\/fr\/produit\/rs069-fournisseur-de-bouteilles-en-verre-personnalisees-pour-liquides-de-500ml\" \/>\n<meta property=\"og:locale\" content=\"fr_FR\" \/>\n<meta property=\"og:type\" content=\"article\" \/>\n<meta property=\"og:title\" content=\"500ml Liquid Glass Bottles Wholesale | Empty Spirit Bottle Manufacturer\" \/>\n<meta property=\"og:description\" content=\"Ruisheng, a professional China Spirit Bottle Manufacturer, provide 500ml Liquid Glass Bottles Supplier For spirit. Factory Outlet&amp;Free Sample.\" \/>\n<meta property=\"og:url\" content=\"https:\/\/ruishengglassco.com\/fr\/produit\/rs069-fournisseur-de-bouteilles-en-verre-personnalisees-pour-liquides-de-500ml\" \/>\n<meta property=\"article:publisher\" content=\"https:\/\/www.facebook.com\/ruishengglassbottles\" \/>\n<meta property=\"article:modified_time\" content=\"2025-09-11T08:15:43+00:00\" \/>\n<meta property=\"og:image\" content=\"https:\/\/ruishengglassco.com\/wp-content\/uploads\/2025\/03\/RS069-Custom-500ml-Liquid-Glass-Bottles-Wholesale.webp\" \/>\n\t<meta property=\"og:image:width\" content=\"800\" \/>\n\t<meta property=\"og:image:height\" content=\"800\" \/>\n\t<meta property=\"og:image:type\" content=\"image\/webp\" \/>\n<meta name=\"twitter:card\" content=\"summary_large_image\" \/>\n<meta name=\"twitter:label1\" content=\"Dur\u00e9e de lecture estim\u00e9e\" \/>\n\t<meta name=\"twitter:data1\" content=\"3 minutes\" \/>\n<script type=\"application\/ld+json\" class=\"yoast-schema-graph\">{\"@context\":\"https:\/\/schema.org\",\"@graph\":[{\"@type\":\"WebPage\",\"@id\":\"https:\/\/ruishengglassco.com\/product\/rs069-custom-500ml-liquid-glass-bottles-supplier\",\"url\":\"https:\/\/ruishengglassco.com\/product\/rs069-custom-500ml-liquid-glass-bottles-supplier\",\"name\":\"500ml Liquid Glass Bottles Wholesale | Empty Spirit Bottle Manufacturer\",\"isPartOf\":{\"@id\":\"https:\/\/ruishengglassco.com\/#website\"},\"datePublished\":\"2025-03-15T03:11:06+00:00\",\"dateModified\":\"2025-09-11T08:15:43+00:00\",\"description\":\"Ruisheng, a professional China Spirit Bottle Manufacturer, provide 500ml Liquid Glass Bottles Supplier For spirit. Factory Outlet&Free Sample.\",\"breadcrumb\":{\"@id\":\"https:\/\/ruishengglassco.com\/product\/rs069-custom-500ml-liquid-glass-bottles-supplier#breadcrumb\"},\"inLanguage\":\"fr-FR\",\"potentialAction\":[{\"@type\":\"ReadAction\",\"target\":[\"https:\/\/ruishengglassco.com\/product\/rs069-custom-500ml-liquid-glass-bottles-supplier\"]}]},{\"@type\":\"BreadcrumbList\",\"@id\":\"https:\/\/ruishengglassco.com\/product\/rs069-custom-500ml-liquid-glass-bottles-supplier#breadcrumb\",\"itemListElement\":[{\"@type\":\"ListItem\",\"position\":1,\"name\":\"Home\",\"item\":\"https:\/\/ruishengglassco.com\/\"},{\"@type\":\"ListItem\",\"position\":2,\"name\":\"Products\",\"item\":\"https:\/\/ruishengglassco.com\/products\"},{\"@type\":\"ListItem\",\"position\":3,\"name\":\"RS069: Custom 500ml Liquid Glass Bottles Supplier\"}]},{\"@type\":\"WebSite\",\"@id\":\"https:\/\/ruishengglassco.com\/#website\",\"url\":\"https:\/\/ruishengglassco.com\/\",\"name\":\"Ruisheng Glass\",\"description\":\"\",\"publisher\":{\"@id\":\"https:\/\/ruishengglassco.com\/#organization\"},\"potentialAction\":[{\"@type\":\"SearchAction\",\"target\":{\"@type\":\"EntryPoint\",\"urlTemplate\":\"https:\/\/ruishengglassco.com\/?s={search_term_string}\"},\"query-input\":\"required name=search_term_string\"}],\"inLanguage\":\"fr-FR\"},{\"@type\":\"Organization\",\"@id\":\"https:\/\/ruishengglassco.com\/#organization\",\"name\":\"Shandong Yuncheng Ruisheng Glass Co., Ltd\",\"url\":\"https:\/\/ruishengglassco.com\/\",\"logo\":{\"@type\":\"ImageObject\",\"inLanguage\":\"fr-FR\",\"@id\":\"https:\/\/ruishengglassco.com\/#\/schema\/logo\/image\/\",\"url\":\"https:\/\/ruishengglassco.com\/wp-content\/uploads\/2023\/09\/ruisheng_logo_icon.webp\",\"contentUrl\":\"https:\/\/ruishengglassco.com\/wp-content\/uploads\/2023\/09\/ruisheng_logo_icon.webp\",\"width\":400,\"height\":233,\"caption\":\"Shandong Yuncheng Ruisheng Glass Co., Ltd\"},\"image\":{\"@id\":\"https:\/\/ruishengglassco.com\/#\/schema\/logo\/image\/\"},\"sameAs\":[\"https:\/\/www.facebook.com\/ruishengglassbottles\",\"https:\/\/www.instagram.com\/Ruishengglassbottlewholesales\/\",\"https:\/\/www.youtube.com\/channel\/UCMmbMNGwsL-XrtjfSFLCdVQ\"]}]}<\/script>\n<!-- \/ Yoast SEO plugin. -->","yoast_head_json":{"title":"500ml Liquid Glass Bottles Wholesale | Empty Spirit Bottle Manufacturer","description":"Ruisheng, a professional China Spirit Bottle Manufacturer, provide 500ml Liquid Glass Bottles Supplier For spirit. Factory Outlet&Free Sample.","robots":{"index":"index","follow":"follow","max-snippet":"max-snippet:-1","max-image-preview":"max-image-preview:large","max-video-preview":"max-video-preview:-1"},"canonical":"https:\/\/ruishengglassco.com\/fr\/produit\/rs069-fournisseur-de-bouteilles-en-verre-personnalisees-pour-liquides-de-500ml","og_locale":"fr_FR","og_type":"article","og_title":"500ml Liquid Glass Bottles Wholesale | Empty Spirit Bottle Manufacturer","og_description":"Ruisheng, a professional China Spirit Bottle Manufacturer, provide 500ml Liquid Glass Bottles Supplier For spirit. Factory Outlet&Free Sample.","og_url":"https:\/\/ruishengglassco.com\/fr\/produit\/rs069-fournisseur-de-bouteilles-en-verre-personnalisees-pour-liquides-de-500ml","article_publisher":"https:\/\/www.facebook.com\/ruishengglassbottles","article_modified_time":"2025-09-11T08:15:43+00:00","og_image":[{"width":800,"height":800,"url":"https:\/\/ruishengglassco.com\/wp-content\/uploads\/2025\/03\/RS069-Custom-500ml-Liquid-Glass-Bottles-Wholesale.webp","type":"image\/webp"}],"twitter_card":"summary_large_image","twitter_misc":{"Dur\u00e9e de lecture estim\u00e9e":"3 minutes"},"schema":{"@context":"https:\/\/schema.org","@graph":[{"@type":"WebPage","@id":"https:\/\/ruishengglassco.com\/product\/rs069-custom-500ml-liquid-glass-bottles-supplier","url":"https:\/\/ruishengglassco.com\/product\/rs069-custom-500ml-liquid-glass-bottles-supplier","name":"500ml Liquid Glass Bottles Wholesale | Empty Spirit Bottle Manufacturer","isPartOf":{"@id":"https:\/\/ruishengglassco.com\/#website"},"datePublished":"2025-03-15T03:11:06+00:00","dateModified":"2025-09-11T08:15:43+00:00","description":"Ruisheng, a professional China Spirit Bottle Manufacturer, provide 500ml Liquid Glass Bottles Supplier For spirit. Factory Outlet&Free Sample.","breadcrumb":{"@id":"https:\/\/ruishengglassco.com\/product\/rs069-custom-500ml-liquid-glass-bottles-supplier#breadcrumb"},"inLanguage":"fr-FR","potentialAction":[{"@type":"ReadAction","target":["https:\/\/ruishengglassco.com\/product\/rs069-custom-500ml-liquid-glass-bottles-supplier"]}]},{"@type":"BreadcrumbList","@id":"https:\/\/ruishengglassco.com\/product\/rs069-custom-500ml-liquid-glass-bottles-supplier#breadcrumb","itemListElement":[{"@type":"ListItem","position":1,"name":"Home","item":"https:\/\/ruishengglassco.com\/"},{"@type":"ListItem","position":2,"name":"Products","item":"https:\/\/ruishengglassco.com\/products"},{"@type":"ListItem","position":3,"name":"RS069: Custom 500ml Liquid Glass Bottles Supplier"}]},{"@type":"WebSite","@id":"https:\/\/ruishengglassco.com\/#website","url":"https:\/\/ruishengglassco.com\/","name":"Ruisheng Glass","description":"","publisher":{"@id":"https:\/\/ruishengglassco.com\/#organization"},"potentialAction":[{"@type":"SearchAction","target":{"@type":"EntryPoint","urlTemplate":"https:\/\/ruishengglassco.com\/?s={search_term_string}"},"query-input":"required name=search_term_string"}],"inLanguage":"fr-FR"},{"@type":"Organization","@id":"https:\/\/ruishengglassco.com\/#organization","name":"Shandong Yuncheng Ruisheng Glass Co., Ltd","url":"https:\/\/ruishengglassco.com\/","logo":{"@type":"ImageObject","inLanguage":"fr-FR","@id":"https:\/\/ruishengglassco.com\/#\/schema\/logo\/image\/","url":"https:\/\/ruishengglassco.com\/wp-content\/uploads\/2023\/09\/ruisheng_logo_icon.webp","contentUrl":"https:\/\/ruishengglassco.com\/wp-content\/uploads\/2023\/09\/ruisheng_logo_icon.webp","width":400,"height":233,"caption":"Shandong Yuncheng Ruisheng Glass Co., Ltd"},"image":{"@id":"https:\/\/ruishengglassco.com\/#\/schema\/logo\/image\/"},"sameAs":["https:\/\/www.facebook.com\/ruishengglassbottles","https:\/\/www.instagram.com\/Ruishengglassbottlewholesales\/","https:\/\/www.youtube.com\/channel\/UCMmbMNGwsL-XrtjfSFLCdVQ"]}]}},"_links":{"self":[{"href":"https:\/\/ruishengglassco.com\/fr\/wp-json\/wp\/v2\/product\/4261","targetHints":{"allow":["GET"]}}],"collection":[{"href":"https:\/\/ruishengglassco.com\/fr\/wp-json\/wp\/v2\/product"}],"about":[{"href":"https:\/\/ruishengglassco.com\/fr\/wp-json\/wp\/v2\/types\/product"}],"replies":[{"embeddable":true,"href":"https:\/\/ruishengglassco.com\/fr\/wp-json\/wp\/v2\/comments?post=4261"}],"wp:featuredmedia":[{"embeddable":true,"href":"https:\/\/ruishengglassco.com\/fr\/wp-json\/wp\/v2\/media\/4262"}],"wp:attachment":[{"href":"https:\/\/ruishengglassco.com\/fr\/wp-json\/wp\/v2\/media?parent=4261"}],"wp:term":[{"taxonomy":"product_cat","embeddable":true,"href":"https:\/\/ruishengglassco.com\/fr\/wp-json\/wp\/v2\/product_cat?post=4261"}],"curies":[{"name":"wp","href":"https:\/\/api.w.org\/{rel}","templated":true}]}}