{"id":4258,"date":"2025-03-15T11:08:58","date_gmt":"2025-03-15T03:08:58","guid":{"rendered":"https:\/\/ruishengglassco.com\/?post_type=product&#038;p=4258"},"modified":"2025-03-26T14:55:45","modified_gmt":"2025-03-26T06:55:45","slug":"rs070-750ml-bouteilles-en-verre-depoli-usine","status":"publish","type":"product","link":"https:\/\/ruishengglassco.com\/fr\/produit\/rs070-750ml-bouteilles-en-verre-depoli-usine","title":{"rendered":"RS070 : Fabrique de bouteilles en verre d\u00e9poli de 750 ml"},"content":{"rendered":"<p>Cette s\u00e9rie de bouteilles en verre givr\u00e9 de 750 ml avec bouchons est l'un de nos produits les plus vendus dans le monde. Il s'agit d'une forme courante pour les bouteilles de vodka de 750 ml. Mais nous avons un format plus petit pour cette forme de bouteille en verre, sa capacit\u00e9 est de 500ml.<\/p>\n<p>Notre bouteille en verre d\u00e9poli est fabriqu\u00e9e \u00e0 partir de mati\u00e8res premi\u00e8res de premi\u00e8re qualit\u00e9. Les bouteilles en verre \u00e0 liqueur sont tr\u00e8s claires, lisses et moins fragiles que les autres bouteilles en verre. Sans givrage, vous verrez qu'elle est tr\u00e8s claire.<\/p>\n<p>Cette bouteille en verre de 750 ml n'est pas une bouteille en verre l\u00e9g\u00e8re, vous conna\u00eetrez sa texture lorsque vous la prendrez en main.<\/p>\n<h2>D\u00e9tails des bouteilles en verre d\u00e9poli de 750ml avec bouchons en li\u00e8ge<\/h2>\n<p>L'information de la bouteille en verre est un mugissement :<\/p>\n<ul>\n<li>Mat\u00e9riau principal : Verre \u00e0 haute teneur en silex<\/li>\n<li>Cap : Li\u00e8ge<\/li>\n<li>R\u00e9f\u00e9rence : RS070<\/li>\n<li>MOQ : 10000 PCS<\/li>\n<li>Capacit\u00e9 : 500ml 750ml<\/li>\n<li>Pcs\/Ctn : 24pcs<\/li>\n<li>Origine du lieu : Shandong, Chine<\/li>\n<li>Caract\u00e9ristique : Respectueux de l'environnement<\/li>\n<\/ul>\n<h2>Les bouchons pour ce fabricant de bouteilles en verre d\u00e9poli de 750ML<\/h2>\n<p>En ce qui concerne le bouchon de cette bouteille en verre de 750 ml, il existe diff\u00e9rents types de bouchons dans notre usine. Diff\u00e9rents mat\u00e9riaux de li\u00e8ge tels que le li\u00e8ge \u00e0 haute teneur en polym\u00e8re, le li\u00e8ge complexe et le li\u00e8ge en bois. Diff\u00e9rentes couleurs de li\u00e8ge, comme le li\u00e8ge dor\u00e9, le li\u00e8ge argent\u00e9, le li\u00e8ge noir et d'autres couleurs de li\u00e8ge.<\/p>\n<p>Cette bouteille en verre peut \u00eatre utilis\u00e9e dans de nombreux pays, tels que l'Am\u00e9rique, l'Europe, l'Australie, la Russie, etc. Nous coop\u00e9rons avec de nombreux clients dans le monde entier et jouissons d'une bonne r\u00e9putation.<\/p>\n<p>Notre soci\u00e9t\u00e9 a investi dans 2 lignes de production de la machine enti\u00e8rement automatique 8S la plus avanc\u00e9e, 3 lignes de production de machines manuelles CNC, 4 lignes de production de machines semi-automatiques CNC. Notre usine dispose \u00e9galement de deux ensembles de machines IS. La machine 8S et les machines CNC sont utilis\u00e9es pour produire des bouteilles en verre de premi\u00e8re qualit\u00e9 - des bouteilles en verre supper flint. La production journali\u00e8re est de 120 000 pi\u00e8ces. Les machines IS sont utilis\u00e9es pour produire des bouteilles en verre de qualit\u00e9 moyenne et leur production journali\u00e8re est de 200 000 pi\u00e8ces.<\/p>\n<p>En tant que fabricant et fournisseur professionnel de bouteilles d'alcool en verre, nous pouvons \u00e9galement produire des bouteilles en verre personnalis\u00e9es en fonction des demandes des clients. Si vous le souhaitez, vous pouvez nous dire ce que vous voulez, nous ferons en sorte que notre designer le con\u00e7oive pour vous.<\/p>\n<p>Si vous souhaitez commander en gros nos bouteilles en verre d\u00e9poli de 750 ml ou vous renseigner sur les bouteilles en verre personnalis\u00e9es, contactez-nous, et nous fabriquerons la bouteille dont vous avez besoin.<\/p>\n<p>Outre les bouteilles en verre d\u00e9poli de 750 ml, nous proposons \u00e9galement des bouteilles en verre de 100 ml en gros, des bouteilles en verre de 250 ml avec bouchon, des bouteilles en verre transparent de 375 ml, des petites bouteilles en verre de 50 cl, des bouteilles de spiritueux de 1000 ml, etc. Si vous souhaitez vous renseigner sur nos bouteilles en verre en gros, veuillez nous contacter. Nous vous r\u00e9pondrons dans les plus brefs d\u00e9lais. Notre objectif est de produire des bouteilles en verre de haute qualit\u00e9 et d'offrir le meilleur service aux clients du monde entier.<\/p>","protected":false},"excerpt":{"rendered":"<table class=\"tg\" style=\"undefined;table-layout: fixed; width: 365px;\">\n<colgroup>\n<col style=\"width: 156px;\" \/>\n<col style=\"width: 209px;\" \/> <\/colgroup>\n<tbody>\n<tr>\n<th class=\"tg-wrg0\" colspan=\"2\">Bouteilles en verre givr\u00e9 Wholesale avec bouchons 750ml<\/th>\n<\/tr>\n<tr>\n<td class=\"tg-b7b8\">Mat\u00e9riau principal :<\/td>\n<td class=\"tg-b7b8\">Verre \u00e0 haute teneur en silex<\/td>\n<\/tr>\n<tr>\n<td class=\"tg-yw4l\">Cap :<\/td>\n<td class=\"tg-yw4l\">Li\u00e8ge<\/td>\n<\/tr>\n<tr>\n<td class=\"tg-b7b8\">Capacit\u00e9 :<\/td>\n<td class=\"tg-b7b8\">500ml 750ml<\/td>\n<\/tr>\n<tr>\n<td class=\"tg-yw4l\">Fonctionnalit\u00e9 :<\/td>\n<td class=\"tg-yw4l\">Respect de l'environnement<\/td>\n<\/tr>\n<tr>\n<td class=\"tg-b7b8\">MOQ :<\/td>\n<td class=\"tg-b7b8\">10000 PCS<\/td>\n<\/tr>\n<tr>\n<td class=\"tg-yw4l\">Origine du lieu :<\/td>\n<td class=\"tg-yw4l\">Shandong, Chine<\/td>\n<\/tr>\n<tr>\n<td class=\"tg-b7b8\">Pcs\/Ctn :<\/td>\n<td class=\"tg-b7b8\">24pcs<\/td>\n<\/tr>\n<tr>\n<td class=\"tg-yw4l\">R\u00e9f\u00e9rence :<\/td>\n<td class=\"tg-yw4l\">RS070<\/td>\n<\/tr>\n<\/tbody>\n<\/table>","protected":false},"featured_media":4259,"comment_status":"closed","ping_status":"closed","template":"","meta":[],"product_cat":[40,52],"class_list":{"0":"post-4258","1":"product","2":"type-product","3":"status-publish","4":"has-post-thumbnail","6":"product_cat-750ml-liquor-bottle-manufacturer","7":"product_cat-vodka-bottle","9":"first","10":"instock","11":"shipping-taxable","12":"product-type-simple"},"yoast_head":"<!-- This site is optimized with the Yoast SEO plugin v22.0 - https:\/\/yoast.com\/wordpress\/plugins\/seo\/ -->\n<title>750ml Frosted Glass Bottles Factory | Glass Alcohol Bottles Supplier<\/title>\n<meta name=\"description\" content=\"Do you want to buy 750ml frosted glass bottles factory from China glass alcohol bottles suppliers? Factory Outlet&amp;Cheap Price Here.\" \/>\n<meta name=\"robots\" content=\"index, follow, max-snippet:-1, max-image-preview:large, max-video-preview:-1\" \/>\n<link rel=\"canonical\" href=\"https:\/\/ruishengglassco.com\/fr\/produit\/rs070-750ml-bouteilles-en-verre-depoli-usine\" \/>\n<meta property=\"og:locale\" content=\"fr_FR\" \/>\n<meta property=\"og:type\" content=\"article\" \/>\n<meta property=\"og:title\" content=\"750ml Frosted Glass Bottles Factory | Glass Alcohol Bottles Supplier\" \/>\n<meta property=\"og:description\" content=\"Do you want to buy 750ml frosted glass bottles factory from China glass alcohol bottles suppliers? Factory Outlet&amp;Cheap Price Here.\" \/>\n<meta property=\"og:url\" content=\"https:\/\/ruishengglassco.com\/fr\/produit\/rs070-750ml-bouteilles-en-verre-depoli-usine\" \/>\n<meta property=\"article:publisher\" content=\"https:\/\/www.facebook.com\/ruishengglassbottles\" \/>\n<meta property=\"article:modified_time\" content=\"2025-03-26T06:55:45+00:00\" \/>\n<meta property=\"og:image\" content=\"https:\/\/ruishengglassco.com\/wp-content\/uploads\/2025\/03\/RS070-750ml-Frosted-Glass-Bottles-Wholesale.webp\" \/>\n\t<meta property=\"og:image:width\" content=\"800\" \/>\n\t<meta property=\"og:image:height\" content=\"800\" \/>\n\t<meta property=\"og:image:type\" content=\"image\/webp\" \/>\n<meta name=\"twitter:card\" content=\"summary_large_image\" \/>\n<meta name=\"twitter:label1\" content=\"Dur\u00e9e de lecture estim\u00e9e\" \/>\n\t<meta name=\"twitter:data1\" content=\"3 minutes\" \/>\n<script type=\"application\/ld+json\" class=\"yoast-schema-graph\">{\"@context\":\"https:\/\/schema.org\",\"@graph\":[{\"@type\":\"WebPage\",\"@id\":\"https:\/\/ruishengglassco.com\/product\/rs070-750ml-frosted-glass-bottles-factory\",\"url\":\"https:\/\/ruishengglassco.com\/product\/rs070-750ml-frosted-glass-bottles-factory\",\"name\":\"750ml Frosted Glass Bottles Factory | Glass Alcohol Bottles Supplier\",\"isPartOf\":{\"@id\":\"https:\/\/ruishengglassco.com\/#website\"},\"datePublished\":\"2025-03-15T03:08:58+00:00\",\"dateModified\":\"2025-03-26T06:55:45+00:00\",\"description\":\"Do you want to buy 750ml frosted glass bottles factory from China glass alcohol bottles suppliers? Factory Outlet&Cheap Price Here.\",\"breadcrumb\":{\"@id\":\"https:\/\/ruishengglassco.com\/product\/rs070-750ml-frosted-glass-bottles-factory#breadcrumb\"},\"inLanguage\":\"fr-FR\",\"potentialAction\":[{\"@type\":\"ReadAction\",\"target\":[\"https:\/\/ruishengglassco.com\/product\/rs070-750ml-frosted-glass-bottles-factory\"]}]},{\"@type\":\"BreadcrumbList\",\"@id\":\"https:\/\/ruishengglassco.com\/product\/rs070-750ml-frosted-glass-bottles-factory#breadcrumb\",\"itemListElement\":[{\"@type\":\"ListItem\",\"position\":1,\"name\":\"Home\",\"item\":\"https:\/\/ruishengglassco.com\/\"},{\"@type\":\"ListItem\",\"position\":2,\"name\":\"Products\",\"item\":\"https:\/\/ruishengglassco.com\/products\"},{\"@type\":\"ListItem\",\"position\":3,\"name\":\"RS070: 750ml Frosted Glass Bottles Factory\"}]},{\"@type\":\"WebSite\",\"@id\":\"https:\/\/ruishengglassco.com\/#website\",\"url\":\"https:\/\/ruishengglassco.com\/\",\"name\":\"Ruisheng Glass\",\"description\":\"\",\"publisher\":{\"@id\":\"https:\/\/ruishengglassco.com\/#organization\"},\"potentialAction\":[{\"@type\":\"SearchAction\",\"target\":{\"@type\":\"EntryPoint\",\"urlTemplate\":\"https:\/\/ruishengglassco.com\/?s={search_term_string}\"},\"query-input\":\"required name=search_term_string\"}],\"inLanguage\":\"fr-FR\"},{\"@type\":\"Organization\",\"@id\":\"https:\/\/ruishengglassco.com\/#organization\",\"name\":\"Shandong Yuncheng Ruisheng Glass Co., Ltd\",\"url\":\"https:\/\/ruishengglassco.com\/\",\"logo\":{\"@type\":\"ImageObject\",\"inLanguage\":\"fr-FR\",\"@id\":\"https:\/\/ruishengglassco.com\/#\/schema\/logo\/image\/\",\"url\":\"https:\/\/ruishengglassco.com\/wp-content\/uploads\/2023\/09\/ruisheng_logo_icon.webp\",\"contentUrl\":\"https:\/\/ruishengglassco.com\/wp-content\/uploads\/2023\/09\/ruisheng_logo_icon.webp\",\"width\":400,\"height\":233,\"caption\":\"Shandong Yuncheng Ruisheng Glass Co., Ltd\"},\"image\":{\"@id\":\"https:\/\/ruishengglassco.com\/#\/schema\/logo\/image\/\"},\"sameAs\":[\"https:\/\/www.facebook.com\/ruishengglassbottles\",\"https:\/\/www.instagram.com\/Ruishengglassbottlewholesales\/\",\"https:\/\/www.youtube.com\/channel\/UCMmbMNGwsL-XrtjfSFLCdVQ\"]}]}<\/script>\n<!-- \/ Yoast SEO plugin. -->","yoast_head_json":{"title":"750ml Frosted Glass Bottles Factory | Glass Alcohol Bottles Supplier","description":"Do you want to buy 750ml frosted glass bottles factory from China glass alcohol bottles suppliers? Factory Outlet&Cheap Price Here.","robots":{"index":"index","follow":"follow","max-snippet":"max-snippet:-1","max-image-preview":"max-image-preview:large","max-video-preview":"max-video-preview:-1"},"canonical":"https:\/\/ruishengglassco.com\/fr\/produit\/rs070-750ml-bouteilles-en-verre-depoli-usine","og_locale":"fr_FR","og_type":"article","og_title":"750ml Frosted Glass Bottles Factory | Glass Alcohol Bottles Supplier","og_description":"Do you want to buy 750ml frosted glass bottles factory from China glass alcohol bottles suppliers? Factory Outlet&Cheap Price Here.","og_url":"https:\/\/ruishengglassco.com\/fr\/produit\/rs070-750ml-bouteilles-en-verre-depoli-usine","article_publisher":"https:\/\/www.facebook.com\/ruishengglassbottles","article_modified_time":"2025-03-26T06:55:45+00:00","og_image":[{"width":800,"height":800,"url":"https:\/\/ruishengglassco.com\/wp-content\/uploads\/2025\/03\/RS070-750ml-Frosted-Glass-Bottles-Wholesale.webp","type":"image\/webp"}],"twitter_card":"summary_large_image","twitter_misc":{"Dur\u00e9e de lecture estim\u00e9e":"3 minutes"},"schema":{"@context":"https:\/\/schema.org","@graph":[{"@type":"WebPage","@id":"https:\/\/ruishengglassco.com\/product\/rs070-750ml-frosted-glass-bottles-factory","url":"https:\/\/ruishengglassco.com\/product\/rs070-750ml-frosted-glass-bottles-factory","name":"750ml Frosted Glass Bottles Factory | Glass Alcohol Bottles Supplier","isPartOf":{"@id":"https:\/\/ruishengglassco.com\/#website"},"datePublished":"2025-03-15T03:08:58+00:00","dateModified":"2025-03-26T06:55:45+00:00","description":"Do you want to buy 750ml frosted glass bottles factory from China glass alcohol bottles suppliers? Factory Outlet&Cheap Price Here.","breadcrumb":{"@id":"https:\/\/ruishengglassco.com\/product\/rs070-750ml-frosted-glass-bottles-factory#breadcrumb"},"inLanguage":"fr-FR","potentialAction":[{"@type":"ReadAction","target":["https:\/\/ruishengglassco.com\/product\/rs070-750ml-frosted-glass-bottles-factory"]}]},{"@type":"BreadcrumbList","@id":"https:\/\/ruishengglassco.com\/product\/rs070-750ml-frosted-glass-bottles-factory#breadcrumb","itemListElement":[{"@type":"ListItem","position":1,"name":"Home","item":"https:\/\/ruishengglassco.com\/"},{"@type":"ListItem","position":2,"name":"Products","item":"https:\/\/ruishengglassco.com\/products"},{"@type":"ListItem","position":3,"name":"RS070: 750ml Frosted Glass Bottles Factory"}]},{"@type":"WebSite","@id":"https:\/\/ruishengglassco.com\/#website","url":"https:\/\/ruishengglassco.com\/","name":"Ruisheng Glass","description":"","publisher":{"@id":"https:\/\/ruishengglassco.com\/#organization"},"potentialAction":[{"@type":"SearchAction","target":{"@type":"EntryPoint","urlTemplate":"https:\/\/ruishengglassco.com\/?s={search_term_string}"},"query-input":"required name=search_term_string"}],"inLanguage":"fr-FR"},{"@type":"Organization","@id":"https:\/\/ruishengglassco.com\/#organization","name":"Shandong Yuncheng Ruisheng Glass Co., Ltd","url":"https:\/\/ruishengglassco.com\/","logo":{"@type":"ImageObject","inLanguage":"fr-FR","@id":"https:\/\/ruishengglassco.com\/#\/schema\/logo\/image\/","url":"https:\/\/ruishengglassco.com\/wp-content\/uploads\/2023\/09\/ruisheng_logo_icon.webp","contentUrl":"https:\/\/ruishengglassco.com\/wp-content\/uploads\/2023\/09\/ruisheng_logo_icon.webp","width":400,"height":233,"caption":"Shandong Yuncheng Ruisheng Glass Co., Ltd"},"image":{"@id":"https:\/\/ruishengglassco.com\/#\/schema\/logo\/image\/"},"sameAs":["https:\/\/www.facebook.com\/ruishengglassbottles","https:\/\/www.instagram.com\/Ruishengglassbottlewholesales\/","https:\/\/www.youtube.com\/channel\/UCMmbMNGwsL-XrtjfSFLCdVQ"]}]}},"_links":{"self":[{"href":"https:\/\/ruishengglassco.com\/fr\/wp-json\/wp\/v2\/product\/4258","targetHints":{"allow":["GET"]}}],"collection":[{"href":"https:\/\/ruishengglassco.com\/fr\/wp-json\/wp\/v2\/product"}],"about":[{"href":"https:\/\/ruishengglassco.com\/fr\/wp-json\/wp\/v2\/types\/product"}],"replies":[{"embeddable":true,"href":"https:\/\/ruishengglassco.com\/fr\/wp-json\/wp\/v2\/comments?post=4258"}],"wp:featuredmedia":[{"embeddable":true,"href":"https:\/\/ruishengglassco.com\/fr\/wp-json\/wp\/v2\/media\/4259"}],"wp:attachment":[{"href":"https:\/\/ruishengglassco.com\/fr\/wp-json\/wp\/v2\/media?parent=4258"}],"wp:term":[{"taxonomy":"product_cat","embeddable":true,"href":"https:\/\/ruishengglassco.com\/fr\/wp-json\/wp\/v2\/product_cat?post=4258"}],"curies":[{"name":"wp","href":"https:\/\/api.w.org\/{rel}","templated":true}]}}