{"id":4256,"date":"2025-03-15T11:06:10","date_gmt":"2025-03-15T03:06:10","guid":{"rendered":"https:\/\/ruishengglassco.com\/?post_type=product&#038;p=4256"},"modified":"2025-09-11T16:16:49","modified_gmt":"2025-09-11T08:16:49","slug":"rs073-bouteilles-de-spiritueux-en-verre-de-500ml-fabricant","status":"publish","type":"product","link":"https:\/\/ruishengglassco.com\/fr\/produit\/rs073-bouteilles-de-spiritueux-en-verre-de-500ml-fabricant","title":{"rendered":"RS073 : Fabricant de bouteilles de spiritueux en verre de 500 ml"},"content":{"rendered":"<p>Ruisheng Glass Ltd. est un fabricant de bouteilles \u00e0 alcool en verre de 500 ml en Chine. Notre usine produit principalement des bouteilles en verre spiritueux de qualit\u00e9 sup\u00e9rieure et de qualit\u00e9 moyenne, telles que des bouteilles en verre blanc cristallin et des bouteilles en verre tr\u00e8s blanc.<\/p>\n<p>Les bouteilles en verre de 500 ml sont l'une des principales bouteilles en verre de notre usine. Nous pouvons proposer des bouteilles en verre vides de diff\u00e9rentes formes, telles que des bouteilles en verre cylindriques, des bouteilles en verre carr\u00e9es, des bouteilles en verre plat et des bouteilles en verre de forme personnalis\u00e9e. Nous pouvons \u00e9galement fabriquer des bouteilles en verre \u00e0 liqueur de diff\u00e9rents volumes, tels que 100 ml, 125 ml, 250 ml, 375 ml, 500 ml, 700 ml, 750 ml, 1000 ml. 700ml, 750ml, 1000ml, 1750ml, 3000ml et autres bouteilles en verre de volume personnalis\u00e9.<\/p>\n<h2>D\u00e9tails des bouteilles de spiritueux en verre de 500 ml<\/h2>\n<p>Notre bouteille de spiritueux en verre de 500 ml a une forme de prismes hexagonaux. Son poids est de 580g. Cette bouteille en verre est munie d'un bouchon guala clousure. Le type de scellage est tr\u00e8s s\u00fbr et anti-fake. Vous pouvez utiliser ce bouchon pour sceller les bouteilles en verre une seule fois. Vous pouvez mettre le bouchon sur les bouteilles en verre lorsque vous laissez un peu de liquide dans les bouteilles en verre. Mais vous pouvez remplir les bouteilles de liquide une deuxi\u00e8me fois. Le bouchon est donc s\u00fbr pour votre liquide et d'autres entreprises ne peuvent pas utiliser votre bouteille pour contenir le liquide.<\/p>\n<h2>\u00c0 propos de Packing Way<\/h2>\n<p>Nous avons trois fa\u00e7ons d'emballer les bouteilles d'alcool en verre, et nous pouvons \u00e9galement emballer les bouteilles en verre selon la demande du client.<\/p>\n<p>Le premier mode d'emballage des bouteilles en verre est l'emballage en carton. Le carton est un carton d'exportation standard. Si vous souhaitez fabriquer un carton d'emballage personnalis\u00e9, nous pouvons \u00e9galement le faire pour vous.<\/p>\n<p>Le deuxi\u00e8me mode d'emballage des bouteilles de spiritueux en verre est l'emballage sur palette. La palette est exempte de fumigation. Les dimensions de la palette sont de 100 x 120 cm.<\/p>\n<p>Le troisi\u00e8me mode d'emballage est le carton et la palette. Le carton est un carton d'exportation standard ou une bo\u00eete de couleur personnalis\u00e9e, et la palette est exempte de fumigation.<\/p>\n<p>Si vous souhaitez acheter des bouteilles de spiritueux en verre de 500 ml, n'h\u00e9sitez pas \u00e0 nous contacter.<\/p>","protected":false},"excerpt":{"rendered":"<table class=\"tg\">\n<tbody>\n<tr>\n<th class=\"tg-yw4l\" colspan=\"2\">Bouteilles d'alcool \u00e0 br\u00fbler en verre de 500ml<\/th>\n<\/tr>\n<tr>\n<td class=\"tg-b7b8\">R\u00e9f\u00e9rence :<\/td>\n<td class=\"tg-b7b8\">RS073<\/td>\n<\/tr>\n<tr>\n<td class=\"tg-yw4l\">Mat\u00e9riau principal :<\/td>\n<td class=\"tg-yw4l\">Verre \u00e0 haute teneur en silex (ce mat\u00e9riau est \u00e9galement appel\u00e9 verre blanc cristallin)<\/td>\n<\/tr>\n<tr>\n<td class=\"tg-b7b8\">Cap :<\/td>\n<td class=\"tg-b7b8\">casquette guala<\/td>\n<\/tr>\n<tr>\n<td class=\"tg-yw4l\">Capacit\u00e9 :<\/td>\n<td class=\"tg-yw4l\">700ml<\/td>\n<\/tr>\n<tr>\n<td class=\"tg-b7b8\">Fonctionnalit\u00e9 :<\/td>\n<td class=\"tg-b7b8\">Respect de l'environnement<\/td>\n<\/tr>\n<tr>\n<td class=\"tg-yw4l\">MOQ :<\/td>\n<td class=\"tg-yw4l\">10000 PCS<\/td>\n<\/tr>\n<tr>\n<td class=\"tg-b7b8\">Mode d'emballage :<\/td>\n<td class=\"tg-b7b8\">Carton standard pour l'exportation \/ Palette \/ carton standard pour l'exportation et palette<\/td>\n<\/tr>\n<tr>\n<td class=\"tg-yw4l\">OEM\/ODM :<\/td>\n<td class=\"tg-yw4l\">Bienvenue<\/td>\n<\/tr>\n<tr>\n<td class=\"tg-b7b8\">Origine du lieu :<\/td>\n<td class=\"tg-b7b8\">Shandong, Chine<\/td>\n<\/tr>\n<tr>\n<td class=\"tg-yw4l\">Pcs\/Ctn :<\/td>\n<td class=\"tg-yw4l\">24pcs ou selon la demande du client<\/td>\n<\/tr>\n<\/tbody>\n<\/table>","protected":false},"featured_media":4257,"comment_status":"closed","ping_status":"closed","template":"","meta":[],"product_cat":[41],"class_list":{"0":"post-4256","1":"product","2":"type-product","3":"status-publish","4":"has-post-thumbnail","6":"product_cat-500ml-liquor-bottle-manufacturer","8":"first","9":"instock","10":"shipping-taxable","11":"product-type-simple"},"yoast_head":"<!-- This site is optimized with the Yoast SEO plugin v22.0 - https:\/\/yoast.com\/wordpress\/plugins\/seo\/ -->\n<title>500ml Glass Spirit Bottles Manufacturer |Wholesale Glass Bottle For Liquor<\/title>\n<meta name=\"description\" content=\"Ruisheng(RS), one of the best China glass spirit bottles manufacturer, wholesale 500ml glass bottle for liquor with high quality&amp;cheap price.\" \/>\n<meta name=\"robots\" content=\"index, follow, max-snippet:-1, max-image-preview:large, max-video-preview:-1\" \/>\n<link rel=\"canonical\" href=\"https:\/\/ruishengglassco.com\/fr\/produit\/rs073-bouteilles-de-spiritueux-en-verre-de-500ml-fabricant\" \/>\n<meta property=\"og:locale\" content=\"fr_FR\" \/>\n<meta property=\"og:type\" content=\"article\" \/>\n<meta property=\"og:title\" content=\"500ml Glass Spirit Bottles Manufacturer |Wholesale Glass Bottle For Liquor\" \/>\n<meta property=\"og:description\" content=\"Ruisheng(RS), one of the best China glass spirit bottles manufacturer, wholesale 500ml glass bottle for liquor with high quality&amp;cheap price.\" \/>\n<meta property=\"og:url\" content=\"https:\/\/ruishengglassco.com\/fr\/produit\/rs073-bouteilles-de-spiritueux-en-verre-de-500ml-fabricant\" \/>\n<meta property=\"article:publisher\" content=\"https:\/\/www.facebook.com\/ruishengglassbottles\" \/>\n<meta property=\"article:modified_time\" content=\"2025-09-11T08:16:49+00:00\" \/>\n<meta property=\"og:image\" content=\"https:\/\/ruishengglassco.com\/wp-content\/uploads\/2025\/03\/RS073-500ml-Glass-Spirit-Bottles-Manufacturer.webp\" \/>\n\t<meta property=\"og:image:width\" content=\"800\" \/>\n\t<meta property=\"og:image:height\" content=\"800\" \/>\n\t<meta property=\"og:image:type\" content=\"image\/webp\" \/>\n<meta name=\"twitter:card\" content=\"summary_large_image\" \/>\n<meta name=\"twitter:label1\" content=\"Dur\u00e9e de lecture estim\u00e9e\" \/>\n\t<meta name=\"twitter:data1\" content=\"2 minutes\" \/>\n<script type=\"application\/ld+json\" class=\"yoast-schema-graph\">{\"@context\":\"https:\/\/schema.org\",\"@graph\":[{\"@type\":\"WebPage\",\"@id\":\"https:\/\/ruishengglassco.com\/product\/rs073-500ml-glass-spirit-bottles-manufacturer\",\"url\":\"https:\/\/ruishengglassco.com\/product\/rs073-500ml-glass-spirit-bottles-manufacturer\",\"name\":\"500ml Glass Spirit Bottles Manufacturer |Wholesale Glass Bottle For Liquor\",\"isPartOf\":{\"@id\":\"https:\/\/ruishengglassco.com\/#website\"},\"datePublished\":\"2025-03-15T03:06:10+00:00\",\"dateModified\":\"2025-09-11T08:16:49+00:00\",\"description\":\"Ruisheng(RS), one of the best China glass spirit bottles manufacturer, wholesale 500ml glass bottle for liquor with high quality&cheap price.\",\"breadcrumb\":{\"@id\":\"https:\/\/ruishengglassco.com\/product\/rs073-500ml-glass-spirit-bottles-manufacturer#breadcrumb\"},\"inLanguage\":\"fr-FR\",\"potentialAction\":[{\"@type\":\"ReadAction\",\"target\":[\"https:\/\/ruishengglassco.com\/product\/rs073-500ml-glass-spirit-bottles-manufacturer\"]}]},{\"@type\":\"BreadcrumbList\",\"@id\":\"https:\/\/ruishengglassco.com\/product\/rs073-500ml-glass-spirit-bottles-manufacturer#breadcrumb\",\"itemListElement\":[{\"@type\":\"ListItem\",\"position\":1,\"name\":\"Home\",\"item\":\"https:\/\/ruishengglassco.com\/\"},{\"@type\":\"ListItem\",\"position\":2,\"name\":\"Products\",\"item\":\"https:\/\/ruishengglassco.com\/products\"},{\"@type\":\"ListItem\",\"position\":3,\"name\":\"RS073: 500ml Glass Spirit Bottles Manufacturer\"}]},{\"@type\":\"WebSite\",\"@id\":\"https:\/\/ruishengglassco.com\/#website\",\"url\":\"https:\/\/ruishengglassco.com\/\",\"name\":\"Ruisheng Glass\",\"description\":\"\",\"publisher\":{\"@id\":\"https:\/\/ruishengglassco.com\/#organization\"},\"potentialAction\":[{\"@type\":\"SearchAction\",\"target\":{\"@type\":\"EntryPoint\",\"urlTemplate\":\"https:\/\/ruishengglassco.com\/?s={search_term_string}\"},\"query-input\":\"required name=search_term_string\"}],\"inLanguage\":\"fr-FR\"},{\"@type\":\"Organization\",\"@id\":\"https:\/\/ruishengglassco.com\/#organization\",\"name\":\"Shandong Yuncheng Ruisheng Glass Co., Ltd\",\"url\":\"https:\/\/ruishengglassco.com\/\",\"logo\":{\"@type\":\"ImageObject\",\"inLanguage\":\"fr-FR\",\"@id\":\"https:\/\/ruishengglassco.com\/#\/schema\/logo\/image\/\",\"url\":\"https:\/\/ruishengglassco.com\/wp-content\/uploads\/2023\/09\/ruisheng_logo_icon.webp\",\"contentUrl\":\"https:\/\/ruishengglassco.com\/wp-content\/uploads\/2023\/09\/ruisheng_logo_icon.webp\",\"width\":400,\"height\":233,\"caption\":\"Shandong Yuncheng Ruisheng Glass Co., Ltd\"},\"image\":{\"@id\":\"https:\/\/ruishengglassco.com\/#\/schema\/logo\/image\/\"},\"sameAs\":[\"https:\/\/www.facebook.com\/ruishengglassbottles\",\"https:\/\/www.instagram.com\/Ruishengglassbottlewholesales\/\",\"https:\/\/www.youtube.com\/channel\/UCMmbMNGwsL-XrtjfSFLCdVQ\"]}]}<\/script>\n<!-- \/ Yoast SEO plugin. -->","yoast_head_json":{"title":"500ml Glass Spirit Bottles Manufacturer |Wholesale Glass Bottle For Liquor","description":"Ruisheng(RS), one of the best China glass spirit bottles manufacturer, wholesale 500ml glass bottle for liquor with high quality&cheap price.","robots":{"index":"index","follow":"follow","max-snippet":"max-snippet:-1","max-image-preview":"max-image-preview:large","max-video-preview":"max-video-preview:-1"},"canonical":"https:\/\/ruishengglassco.com\/fr\/produit\/rs073-bouteilles-de-spiritueux-en-verre-de-500ml-fabricant","og_locale":"fr_FR","og_type":"article","og_title":"500ml Glass Spirit Bottles Manufacturer |Wholesale Glass Bottle For Liquor","og_description":"Ruisheng(RS), one of the best China glass spirit bottles manufacturer, wholesale 500ml glass bottle for liquor with high quality&cheap price.","og_url":"https:\/\/ruishengglassco.com\/fr\/produit\/rs073-bouteilles-de-spiritueux-en-verre-de-500ml-fabricant","article_publisher":"https:\/\/www.facebook.com\/ruishengglassbottles","article_modified_time":"2025-09-11T08:16:49+00:00","og_image":[{"width":800,"height":800,"url":"https:\/\/ruishengglassco.com\/wp-content\/uploads\/2025\/03\/RS073-500ml-Glass-Spirit-Bottles-Manufacturer.webp","type":"image\/webp"}],"twitter_card":"summary_large_image","twitter_misc":{"Dur\u00e9e de lecture estim\u00e9e":"2 minutes"},"schema":{"@context":"https:\/\/schema.org","@graph":[{"@type":"WebPage","@id":"https:\/\/ruishengglassco.com\/product\/rs073-500ml-glass-spirit-bottles-manufacturer","url":"https:\/\/ruishengglassco.com\/product\/rs073-500ml-glass-spirit-bottles-manufacturer","name":"500ml Glass Spirit Bottles Manufacturer |Wholesale Glass Bottle For Liquor","isPartOf":{"@id":"https:\/\/ruishengglassco.com\/#website"},"datePublished":"2025-03-15T03:06:10+00:00","dateModified":"2025-09-11T08:16:49+00:00","description":"Ruisheng(RS), one of the best China glass spirit bottles manufacturer, wholesale 500ml glass bottle for liquor with high quality&cheap price.","breadcrumb":{"@id":"https:\/\/ruishengglassco.com\/product\/rs073-500ml-glass-spirit-bottles-manufacturer#breadcrumb"},"inLanguage":"fr-FR","potentialAction":[{"@type":"ReadAction","target":["https:\/\/ruishengglassco.com\/product\/rs073-500ml-glass-spirit-bottles-manufacturer"]}]},{"@type":"BreadcrumbList","@id":"https:\/\/ruishengglassco.com\/product\/rs073-500ml-glass-spirit-bottles-manufacturer#breadcrumb","itemListElement":[{"@type":"ListItem","position":1,"name":"Home","item":"https:\/\/ruishengglassco.com\/"},{"@type":"ListItem","position":2,"name":"Products","item":"https:\/\/ruishengglassco.com\/products"},{"@type":"ListItem","position":3,"name":"RS073: 500ml Glass Spirit Bottles Manufacturer"}]},{"@type":"WebSite","@id":"https:\/\/ruishengglassco.com\/#website","url":"https:\/\/ruishengglassco.com\/","name":"Ruisheng Glass","description":"","publisher":{"@id":"https:\/\/ruishengglassco.com\/#organization"},"potentialAction":[{"@type":"SearchAction","target":{"@type":"EntryPoint","urlTemplate":"https:\/\/ruishengglassco.com\/?s={search_term_string}"},"query-input":"required name=search_term_string"}],"inLanguage":"fr-FR"},{"@type":"Organization","@id":"https:\/\/ruishengglassco.com\/#organization","name":"Shandong Yuncheng Ruisheng Glass Co., Ltd","url":"https:\/\/ruishengglassco.com\/","logo":{"@type":"ImageObject","inLanguage":"fr-FR","@id":"https:\/\/ruishengglassco.com\/#\/schema\/logo\/image\/","url":"https:\/\/ruishengglassco.com\/wp-content\/uploads\/2023\/09\/ruisheng_logo_icon.webp","contentUrl":"https:\/\/ruishengglassco.com\/wp-content\/uploads\/2023\/09\/ruisheng_logo_icon.webp","width":400,"height":233,"caption":"Shandong Yuncheng Ruisheng Glass Co., Ltd"},"image":{"@id":"https:\/\/ruishengglassco.com\/#\/schema\/logo\/image\/"},"sameAs":["https:\/\/www.facebook.com\/ruishengglassbottles","https:\/\/www.instagram.com\/Ruishengglassbottlewholesales\/","https:\/\/www.youtube.com\/channel\/UCMmbMNGwsL-XrtjfSFLCdVQ"]}]}},"_links":{"self":[{"href":"https:\/\/ruishengglassco.com\/fr\/wp-json\/wp\/v2\/product\/4256","targetHints":{"allow":["GET"]}}],"collection":[{"href":"https:\/\/ruishengglassco.com\/fr\/wp-json\/wp\/v2\/product"}],"about":[{"href":"https:\/\/ruishengglassco.com\/fr\/wp-json\/wp\/v2\/types\/product"}],"replies":[{"embeddable":true,"href":"https:\/\/ruishengglassco.com\/fr\/wp-json\/wp\/v2\/comments?post=4256"}],"wp:featuredmedia":[{"embeddable":true,"href":"https:\/\/ruishengglassco.com\/fr\/wp-json\/wp\/v2\/media\/4257"}],"wp:attachment":[{"href":"https:\/\/ruishengglassco.com\/fr\/wp-json\/wp\/v2\/media?parent=4256"}],"wp:term":[{"taxonomy":"product_cat","embeddable":true,"href":"https:\/\/ruishengglassco.com\/fr\/wp-json\/wp\/v2\/product_cat?post=4256"}],"curies":[{"name":"wp","href":"https:\/\/api.w.org\/{rel}","templated":true}]}}