{"id":4254,"date":"2025-03-15T11:04:10","date_gmt":"2025-03-15T03:04:10","guid":{"rendered":"https:\/\/ruishengglassco.com\/?post_type=product&#038;p=4254"},"modified":"2025-07-17T14:14:16","modified_gmt":"2025-07-17T06:14:16","slug":"rs074-500ml-unique-glass-bottles-wholesale","status":"publish","type":"product","link":"https:\/\/ruishengglassco.com\/fr\/produit\/rs074-500ml-unique-glass-bottles-wholesale","title":{"rendered":"RS074 : Fabrication de bouteilles en verre uniques de 500ml"},"content":{"rendered":"<p>Les bouteilles en verre uniques de 500 ml sont fabriqu\u00e9es en Chine. Cette bouteille en verre est id\u00e9ale non seulement pour le whisky, mais aussi pour toutes sortes de spiritueux et autres. Ces bouteilles en verre sp\u00e9ciales sont fabriqu\u00e9es par l'un des plus grands fournisseurs de bouteilles en verre, Ruisheng. Elles sont export\u00e9es vers l'Europe, les \u00c9tats-Unis, l'Australie, l'Am\u00e9rique, etc.<\/p>\n<p>Ces bouteilles en verre uniques de 500 ml sont fabriqu\u00e9es par des machines enti\u00e8rement automatiques. Il y a 12 lignes de production dans notre usine, et notre production est d'environ 120 000 pi\u00e8ces par jour. Nous pouvons terminer toutes les commandes \u00e0 temps. Ne vous inqui\u00e9tez donc pas de notre d\u00e9lai de livraison pour les bouteilles en verre.<\/p>\n<p>Notre usine propose des bouteilles en verre de haute qualit\u00e9 destin\u00e9es \u00e0 diverses utilisations : aliments et boissons, emballages en gros, faveurs de mariage, artisanat, etc. Que vous ayez besoin d'un emballage pour une nouvelle gamme de produits de boisson ou pour emballer vos produits existants.<\/p>\n<h2>Les d\u00e9tails de 500ml Bouteilles en verre uniques Wholesale<\/h2>\n<p>Cette bouteille en verre unique de 500 ml est fabriqu\u00e9e \u00e0 partir de verre \u00e0 haute teneur en silex, ce qui rend la bouteille en verre plus claire, plus durable et plus lisse. Le poids du verre est de 620 g et le fond est \u00e9pais.<\/p>\n<p>Nous pouvons effectuer un traitement approfondi sur ces bouteilles en verre en gros. Par exemple, logo d\u00e9calqu\u00e9, givr\u00e9, couleur de peinture, \u00e9tiquette autocollante et autres traitements profonds sur les bouteilles en verre. Nous pouvons \u00e9galement proposer diff\u00e9rentes couleurs et diff\u00e9rents mat\u00e9riaux de bouchon en T pour ces bouteilles en verre uniques de 500 ml. En ce qui concerne la couleur du bouchon en T, nous pouvons le fabriquer en rouge, en dor\u00e9, en argent\u00e9 et dans d'autres couleurs personnalis\u00e9es. En ce qui concerne le mat\u00e9riau du li\u00e8ge en T, nous pouvons proposer du li\u00e8ge \u00e0 haute teneur en polym\u00e8re, du li\u00e8ge complexe et du li\u00e8ge en bois.<\/p>\n<p>En tant que fabricant professionnel de bouteilles en verre, nous pouvons offrir les meilleures bouteilles en verre liquide \u00e0 nos clients, qu'il s'agisse de bouteilles en verre existantes ou de bouteilles en verre personnalis\u00e9es. Toutes les bouteilles en verre sont propos\u00e9es \u00e0 des prix raisonnables.<\/p>\n<p>Si vous souhaitez acheter des bouteilles en verre 500ml, des bouteilles en verre uniques ou des bouteilles en verre personnalis\u00e9es, veuillez nous contacter. Nous ferons de notre mieux pour vous.<\/p>","protected":false},"excerpt":{"rendered":"<p>Nos principaux produits sont des bouteilles en verre de qualit\u00e9 sup\u00e9rieure, telles que des bouteilles de vodka, de brandy, de whisky, de liqueur, de confiture, etc. Nous pouvons \u00e9galement proposer des bouteilles en verre ambr\u00e9, des bouteilles vertes et des bouteilles d'eau. Nos principaux march\u00e9s sont l'Europe, les \u00c9tats-Unis, l'Australie et l'Am\u00e9rique. Tous nos produits sont r\u00e9put\u00e9s pour leur innovation et leur fonctionnalit\u00e9.<\/p>","protected":false},"featured_media":4255,"comment_status":"closed","ping_status":"closed","template":"","meta":[],"product_cat":[41],"class_list":{"0":"post-4254","1":"product","2":"type-product","3":"status-publish","4":"has-post-thumbnail","6":"product_cat-500ml-liquor-bottle-manufacturer","8":"first","9":"instock","10":"shipping-taxable","11":"product-type-simple"},"yoast_head":"<!-- This site is optimized with the Yoast SEO plugin v22.0 - https:\/\/yoast.com\/wordpress\/plugins\/seo\/ -->\n<title>500ml Unique Glass Bottles Manufacturers | China Alcohol Bottle Suppliers<\/title>\n<meta name=\"description\" content=\"Do you want to buy 500ml unique glass bottles Manufacturers from China Alcohol bottle suppliers? Factory Outlet&amp;Cheap Price. Custom Service Offered.\" \/>\n<meta name=\"robots\" content=\"index, follow, max-snippet:-1, max-image-preview:large, max-video-preview:-1\" \/>\n<link rel=\"canonical\" href=\"https:\/\/ruishengglassco.com\/fr\/produit\/rs074-500ml-unique-glass-bottles-wholesale\" \/>\n<meta property=\"og:locale\" content=\"fr_FR\" \/>\n<meta property=\"og:type\" content=\"article\" \/>\n<meta property=\"og:title\" content=\"500ml Unique Glass Bottles Manufacturers | China Alcohol Bottle Suppliers\" \/>\n<meta property=\"og:description\" content=\"Do you want to buy 500ml unique glass bottles Manufacturers from China Alcohol bottle suppliers? Factory Outlet&amp;Cheap Price. Custom Service Offered.\" \/>\n<meta property=\"og:url\" content=\"https:\/\/ruishengglassco.com\/fr\/produit\/rs074-500ml-unique-glass-bottles-wholesale\" \/>\n<meta property=\"article:publisher\" content=\"https:\/\/www.facebook.com\/ruishengglassbottles\" \/>\n<meta property=\"article:modified_time\" content=\"2025-07-17T06:14:16+00:00\" \/>\n<meta property=\"og:image\" content=\"https:\/\/ruishengglassco.com\/wp-content\/uploads\/2025\/03\/RS074-500ml-Unique-Glass-Bottles-Wholesale.webp\" \/>\n\t<meta property=\"og:image:width\" content=\"800\" \/>\n\t<meta property=\"og:image:height\" content=\"800\" \/>\n\t<meta property=\"og:image:type\" content=\"image\/webp\" \/>\n<meta name=\"twitter:card\" content=\"summary_large_image\" \/>\n<meta name=\"twitter:label1\" content=\"Dur\u00e9e de lecture estim\u00e9e\" \/>\n\t<meta name=\"twitter:data1\" content=\"2 minutes\" \/>\n<script type=\"application\/ld+json\" class=\"yoast-schema-graph\">{\"@context\":\"https:\/\/schema.org\",\"@graph\":[{\"@type\":\"WebPage\",\"@id\":\"https:\/\/ruishengglassco.com\/product\/rs074-500ml-unique-glass-bottles-wholesale\",\"url\":\"https:\/\/ruishengglassco.com\/product\/rs074-500ml-unique-glass-bottles-wholesale\",\"name\":\"500ml Unique Glass Bottles Manufacturers | China Alcohol Bottle Suppliers\",\"isPartOf\":{\"@id\":\"https:\/\/ruishengglassco.com\/#website\"},\"datePublished\":\"2025-03-15T03:04:10+00:00\",\"dateModified\":\"2025-07-17T06:14:16+00:00\",\"description\":\"Do you want to buy 500ml unique glass bottles Manufacturers from China Alcohol bottle suppliers? Factory Outlet&Cheap Price. Custom Service Offered.\",\"breadcrumb\":{\"@id\":\"https:\/\/ruishengglassco.com\/product\/rs074-500ml-unique-glass-bottles-wholesale#breadcrumb\"},\"inLanguage\":\"fr-FR\",\"potentialAction\":[{\"@type\":\"ReadAction\",\"target\":[\"https:\/\/ruishengglassco.com\/product\/rs074-500ml-unique-glass-bottles-wholesale\"]}]},{\"@type\":\"BreadcrumbList\",\"@id\":\"https:\/\/ruishengglassco.com\/product\/rs074-500ml-unique-glass-bottles-wholesale#breadcrumb\",\"itemListElement\":[{\"@type\":\"ListItem\",\"position\":1,\"name\":\"Home\",\"item\":\"https:\/\/ruishengglassco.com\/\"},{\"@type\":\"ListItem\",\"position\":2,\"name\":\"Products\",\"item\":\"https:\/\/ruishengglassco.com\/products\"},{\"@type\":\"ListItem\",\"position\":3,\"name\":\"RS074: 500ml Unique Glass Bottles Manufacturers\"}]},{\"@type\":\"WebSite\",\"@id\":\"https:\/\/ruishengglassco.com\/#website\",\"url\":\"https:\/\/ruishengglassco.com\/\",\"name\":\"Ruisheng Glass\",\"description\":\"\",\"publisher\":{\"@id\":\"https:\/\/ruishengglassco.com\/#organization\"},\"potentialAction\":[{\"@type\":\"SearchAction\",\"target\":{\"@type\":\"EntryPoint\",\"urlTemplate\":\"https:\/\/ruishengglassco.com\/?s={search_term_string}\"},\"query-input\":\"required name=search_term_string\"}],\"inLanguage\":\"fr-FR\"},{\"@type\":\"Organization\",\"@id\":\"https:\/\/ruishengglassco.com\/#organization\",\"name\":\"Shandong Yuncheng Ruisheng Glass Co., Ltd\",\"url\":\"https:\/\/ruishengglassco.com\/\",\"logo\":{\"@type\":\"ImageObject\",\"inLanguage\":\"fr-FR\",\"@id\":\"https:\/\/ruishengglassco.com\/#\/schema\/logo\/image\/\",\"url\":\"https:\/\/ruishengglassco.com\/wp-content\/uploads\/2023\/09\/ruisheng_logo_icon.webp\",\"contentUrl\":\"https:\/\/ruishengglassco.com\/wp-content\/uploads\/2023\/09\/ruisheng_logo_icon.webp\",\"width\":400,\"height\":233,\"caption\":\"Shandong Yuncheng Ruisheng Glass Co., Ltd\"},\"image\":{\"@id\":\"https:\/\/ruishengglassco.com\/#\/schema\/logo\/image\/\"},\"sameAs\":[\"https:\/\/www.facebook.com\/ruishengglassbottles\",\"https:\/\/www.instagram.com\/Ruishengglassbottlewholesales\/\",\"https:\/\/www.youtube.com\/channel\/UCMmbMNGwsL-XrtjfSFLCdVQ\"]}]}<\/script>\n<!-- \/ Yoast SEO plugin. -->","yoast_head_json":{"title":"500ml Unique Glass Bottles Manufacturers | China Alcohol Bottle Suppliers","description":"Do you want to buy 500ml unique glass bottles Manufacturers from China Alcohol bottle suppliers? Factory Outlet&Cheap Price. Custom Service Offered.","robots":{"index":"index","follow":"follow","max-snippet":"max-snippet:-1","max-image-preview":"max-image-preview:large","max-video-preview":"max-video-preview:-1"},"canonical":"https:\/\/ruishengglassco.com\/fr\/produit\/rs074-500ml-unique-glass-bottles-wholesale","og_locale":"fr_FR","og_type":"article","og_title":"500ml Unique Glass Bottles Manufacturers | China Alcohol Bottle Suppliers","og_description":"Do you want to buy 500ml unique glass bottles Manufacturers from China Alcohol bottle suppliers? Factory Outlet&Cheap Price. Custom Service Offered.","og_url":"https:\/\/ruishengglassco.com\/fr\/produit\/rs074-500ml-unique-glass-bottles-wholesale","article_publisher":"https:\/\/www.facebook.com\/ruishengglassbottles","article_modified_time":"2025-07-17T06:14:16+00:00","og_image":[{"width":800,"height":800,"url":"https:\/\/ruishengglassco.com\/wp-content\/uploads\/2025\/03\/RS074-500ml-Unique-Glass-Bottles-Wholesale.webp","type":"image\/webp"}],"twitter_card":"summary_large_image","twitter_misc":{"Dur\u00e9e de lecture estim\u00e9e":"2 minutes"},"schema":{"@context":"https:\/\/schema.org","@graph":[{"@type":"WebPage","@id":"https:\/\/ruishengglassco.com\/product\/rs074-500ml-unique-glass-bottles-wholesale","url":"https:\/\/ruishengglassco.com\/product\/rs074-500ml-unique-glass-bottles-wholesale","name":"500ml Unique Glass Bottles Manufacturers | China Alcohol Bottle Suppliers","isPartOf":{"@id":"https:\/\/ruishengglassco.com\/#website"},"datePublished":"2025-03-15T03:04:10+00:00","dateModified":"2025-07-17T06:14:16+00:00","description":"Do you want to buy 500ml unique glass bottles Manufacturers from China Alcohol bottle suppliers? Factory Outlet&Cheap Price. Custom Service Offered.","breadcrumb":{"@id":"https:\/\/ruishengglassco.com\/product\/rs074-500ml-unique-glass-bottles-wholesale#breadcrumb"},"inLanguage":"fr-FR","potentialAction":[{"@type":"ReadAction","target":["https:\/\/ruishengglassco.com\/product\/rs074-500ml-unique-glass-bottles-wholesale"]}]},{"@type":"BreadcrumbList","@id":"https:\/\/ruishengglassco.com\/product\/rs074-500ml-unique-glass-bottles-wholesale#breadcrumb","itemListElement":[{"@type":"ListItem","position":1,"name":"Home","item":"https:\/\/ruishengglassco.com\/"},{"@type":"ListItem","position":2,"name":"Products","item":"https:\/\/ruishengglassco.com\/products"},{"@type":"ListItem","position":3,"name":"RS074: 500ml Unique Glass Bottles Manufacturers"}]},{"@type":"WebSite","@id":"https:\/\/ruishengglassco.com\/#website","url":"https:\/\/ruishengglassco.com\/","name":"Ruisheng Glass","description":"","publisher":{"@id":"https:\/\/ruishengglassco.com\/#organization"},"potentialAction":[{"@type":"SearchAction","target":{"@type":"EntryPoint","urlTemplate":"https:\/\/ruishengglassco.com\/?s={search_term_string}"},"query-input":"required name=search_term_string"}],"inLanguage":"fr-FR"},{"@type":"Organization","@id":"https:\/\/ruishengglassco.com\/#organization","name":"Shandong Yuncheng Ruisheng Glass Co., Ltd","url":"https:\/\/ruishengglassco.com\/","logo":{"@type":"ImageObject","inLanguage":"fr-FR","@id":"https:\/\/ruishengglassco.com\/#\/schema\/logo\/image\/","url":"https:\/\/ruishengglassco.com\/wp-content\/uploads\/2023\/09\/ruisheng_logo_icon.webp","contentUrl":"https:\/\/ruishengglassco.com\/wp-content\/uploads\/2023\/09\/ruisheng_logo_icon.webp","width":400,"height":233,"caption":"Shandong Yuncheng Ruisheng Glass Co., Ltd"},"image":{"@id":"https:\/\/ruishengglassco.com\/#\/schema\/logo\/image\/"},"sameAs":["https:\/\/www.facebook.com\/ruishengglassbottles","https:\/\/www.instagram.com\/Ruishengglassbottlewholesales\/","https:\/\/www.youtube.com\/channel\/UCMmbMNGwsL-XrtjfSFLCdVQ"]}]}},"_links":{"self":[{"href":"https:\/\/ruishengglassco.com\/fr\/wp-json\/wp\/v2\/product\/4254","targetHints":{"allow":["GET"]}}],"collection":[{"href":"https:\/\/ruishengglassco.com\/fr\/wp-json\/wp\/v2\/product"}],"about":[{"href":"https:\/\/ruishengglassco.com\/fr\/wp-json\/wp\/v2\/types\/product"}],"replies":[{"embeddable":true,"href":"https:\/\/ruishengglassco.com\/fr\/wp-json\/wp\/v2\/comments?post=4254"}],"wp:featuredmedia":[{"embeddable":true,"href":"https:\/\/ruishengglassco.com\/fr\/wp-json\/wp\/v2\/media\/4255"}],"wp:attachment":[{"href":"https:\/\/ruishengglassco.com\/fr\/wp-json\/wp\/v2\/media?parent=4254"}],"wp:term":[{"taxonomy":"product_cat","embeddable":true,"href":"https:\/\/ruishengglassco.com\/fr\/wp-json\/wp\/v2\/product_cat?post=4254"}],"curies":[{"name":"wp","href":"https:\/\/api.w.org\/{rel}","templated":true}]}}