{"id":4252,"date":"2025-03-15T11:00:36","date_gmt":"2025-03-15T03:00:36","guid":{"rendered":"https:\/\/ruishengglassco.com\/?post_type=product&#038;p=4252"},"modified":"2025-07-17T14:13:22","modified_gmt":"2025-07-17T06:13:22","slug":"rs075-500ml-bouteilles-en-verre-avec-bouchon-en-liege-en-gros","status":"publish","type":"product","link":"https:\/\/ruishengglassco.com\/fr\/produit\/rs075-500ml-bouteilles-en-verre-avec-bouchon-en-liege-en-gros","title":{"rendered":"RS075 : Bouteilles en verre 500ml avec bouchon en li\u00e8ge Fabricants"},"content":{"rendered":"<h2>Informations d\u00e9taill\u00e9es sur les fabricants de bouteilles en verre avec bouchon en li\u00e8ge de 500 ml<\/h2>\n<p>Les 500 ml <strong>Bouteilles en verre avec bouchon en li\u00e8ge en gros<\/strong> est l'un des produits les plus vendus dans notre usine. Cette bouteille de liqueur en verre a la forme d'une tour, elle est \u00e9troite en haut et large en bas. Le bouchon de cette bouteille en verre est un bouchon en li\u00e8ge, de couleur noire, dor\u00e9e, argent\u00e9e et d'autres couleurs sont disponibles. Elle est principalement con\u00e7ue pour l'emballage du Gin.<\/p>\n<p>La soci\u00e9t\u00e9 Ruisheng Glass fabrique ces bouteilles de gin vides de 500 ml. Notre entreprise est situ\u00e9e dans une ville r\u00e9put\u00e9e pour ses produits d'emballage de boissons. Dans cette ville, vous pouvez trouver toutes sortes de r\u00e9cipients en verre, de bouchons, de bo\u00eetes d'emballage et toutes sortes d'\u00e9tiquettes. La soci\u00e9t\u00e9 Ruisheng se consacre \u00e0 offrir un service complet \u00e0 ses clients, nous pouvons offrir un traitement approfondi et une d\u00e9coration sur les bouteilles en verre bouch\u00e9es.<\/p>\n<p>Notre usine dispose de 12 lignes de production pour la fabrication de bouteilles en verre avec bouchons, dont des machines enti\u00e8rement automatiques et des machines semi-automatiques. Nous pouvons produire 12 types de bouteilles en verre pour spiritueux, soit environ 10 000 pi\u00e8ces par jour et un total d'environ 120 000 pi\u00e8ces par jour. Quelle que soit la quantit\u00e9 de bouteilles en verre vides que vous souhaitez, nous pouvons les produire pour vous dans les d\u00e9lais impartis.<\/p>\n<h2>Les d\u00e9tails des bouteilles en verre de 500ml avec bouchon en li\u00e8ge<\/h2>\n<p>Le poids de ces bouteilles en verre de 500 ml avec bouchon est de 550 g. Son fond est fin et l'on peut voir tr\u00e8s clairement la liqueur \u00e0 l'int\u00e9rieur. Le diam\u00e8tre du fond de cette bouteille en verre avec bouchon est de 88 mm. Sa hauteur est de 280 mm. Cette bouteille en verre est ferm\u00e9e par un bouchon en li\u00e8ge. Son diam\u00e8tre int\u00e9rieur est de 17,5 mm et son diam\u00e8tre ext\u00e9rieur de 28,5 mm. Cette embouchure de bouteilles en verre en gros est adapt\u00e9e au bouchon en T standard. En ce qui concerne la couleur du bouchon en T, nous pouvons vous proposer diff\u00e9rentes couleurs, comme le noir, le dor\u00e9, l'argent\u00e9 et d'autres couleurs personnalis\u00e9es. En ce qui concerne le mat\u00e9riau du bouchon en T, nous pouvons vous proposer du li\u00e8ge \u00e0 haute teneur en polym\u00e8re, du li\u00e8ge complexe, du li\u00e8ge en bois et du li\u00e8ge en verre.<\/p>\n<p>Si vous souhaitez obtenir plus d'informations sur nos bouteilles en verre ou sur notre usine, n'h\u00e9sitez pas \u00e0 nous contacter.<\/p>","protected":false},"excerpt":{"rendered":"<p><span data-preserver-spaces=\"true\">Ruisheng est <\/span><span data-preserver-spaces=\"true\">a pro<\/span><span data-preserver-spaces=\"true\"> \u00e0 <\/span><span data-preserver-spaces=\"true\">r\u00e9alisation<\/span><span data-preserver-spaces=\"true\"> bouteilles de liqueur en verre.<\/span> <span data-preserver-spaces=\"true\">Ils offrent <\/span><span data-preserver-spaces=\"true\">bouteille en verre avec bouchon en li\u00e8ge<\/span><span data-preserver-spaces=\"true\"> des services de vente en gros pour les marques et les soci\u00e9t\u00e9s de spiritueux.<\/span> <span data-preserver-spaces=\"true\">Cette s\u00e9rie <\/span><strong><span data-preserver-spaces=\"true\">de 500ml <\/span><span data-preserver-spaces=\"true\">bouchon en li\u00e8ge<\/span><span data-preserver-spaces=\"true\"> bouteilles en verre <\/span><span data-preserver-spaces=\"true\">commerce de gros<\/span><\/strong><span data-preserver-spaces=\"true\"> est l'un des produits les plus vendus dans notre usine.<\/span> <span data-preserver-spaces=\"true\">Cette bouteille en verre \u00e0 liqueur <\/span><span data-preserver-spaces=\"true\">est form\u00e9<\/span><span data-preserver-spaces=\"true\"> comme une tour<\/span><span data-preserver-spaces=\"true\">; il est \u00e9troit sur<\/span><span data-preserver-spaces=\"true\"> le haut et <\/span><span data-preserver-spaces=\"true\">large sur<\/span><span data-preserver-spaces=\"true\"> le bas.<\/span> <span data-preserver-spaces=\"true\">La fermeture de cette bouteille en verre en gros est en li\u00e8ge, de couleur noire. <\/span><span data-preserver-spaces=\"true\">couleur<\/span><span data-preserver-spaces=\"true\">d'or <\/span><span data-preserver-spaces=\"true\">couleur<\/span><span data-preserver-spaces=\"true\">, argent <\/span><span data-preserver-spaces=\"true\">couleur<\/span><span data-preserver-spaces=\"true\">, <\/span><span data-preserver-spaces=\"true\">et<\/span><span data-preserver-spaces=\"true\"> autres couleurs <\/span><span data-preserver-spaces=\"true\">sont<\/span><span data-preserver-spaces=\"true\"> disponible.<\/span><\/p>\n<div><strong><span class=\"mceItemHidden\"><span class=\"hiddenSpellError\">-<\/span><span class=\"hiddenSpellError\">MOQ<\/span>: 10000 PCS (Environ 10000 <span class=\"hiddenSpellError\">pcs<\/span>)<\/span><\/strong><\/div>\n<div><span class=\"mceItemHidden\"><span class=\"hiddenSpellError\">-Gratuit<\/span>\u00a0\u00c9chantillon offert.<\/span><\/div>\n<div><span class=\"mceItemHidden\"><span class=\"hiddenSpellError\">-Globale<\/span>\u00a0Livraison dans les 30 jours.<\/span><\/div>\n<div><span class=\"mceItemHidden\"><span class=\"hiddenSpellError\">-OEM<\/span>\/Service offert par l'ODM<\/span><\/div>\n<p>Si vous souhaitez conna\u00eetre le prix de gros des bouteilles en verre avec bouchons, veuillez contacter notre \u00e9quipe de vente.<\/p>","protected":false},"featured_media":4253,"comment_status":"closed","ping_status":"closed","template":"","meta":[],"product_cat":[41,50],"class_list":{"0":"post-4252","1":"product","2":"type-product","3":"status-publish","4":"has-post-thumbnail","6":"product_cat-500ml-liquor-bottle-manufacturer","7":"product_cat-gin-bottle","9":"first","10":"instock","11":"shipping-taxable","12":"product-type-simple"},"yoast_head":"<!-- This site is optimized with the Yoast SEO plugin v22.0 - https:\/\/yoast.com\/wordpress\/plugins\/seo\/ -->\n<title>500ml Cork Top Glass Bottles Manufacturers | Empty Gin Bottle Suppliers<\/title>\n<meta name=\"description\" content=\"Buy 500ml Cork Top Glass Bottles Manufacturers From China Empty Gin Bottle Suppliers. Factory Outlet Price&amp;Free Sample Offered. Get Quote Here.\" \/>\n<meta name=\"robots\" content=\"index, follow, max-snippet:-1, max-image-preview:large, max-video-preview:-1\" \/>\n<link rel=\"canonical\" href=\"https:\/\/ruishengglassco.com\/fr\/produit\/rs075-500ml-bouteilles-en-verre-avec-bouchon-en-liege-en-gros\" \/>\n<meta property=\"og:locale\" content=\"fr_FR\" \/>\n<meta property=\"og:type\" content=\"article\" \/>\n<meta property=\"og:title\" content=\"500ml Cork Top Glass Bottles Manufacturers | Empty Gin Bottle Suppliers\" \/>\n<meta property=\"og:description\" content=\"Buy 500ml Cork Top Glass Bottles Manufacturers From China Empty Gin Bottle Suppliers. Factory Outlet Price&amp;Free Sample Offered. Get Quote Here.\" \/>\n<meta property=\"og:url\" content=\"https:\/\/ruishengglassco.com\/fr\/produit\/rs075-500ml-bouteilles-en-verre-avec-bouchon-en-liege-en-gros\" \/>\n<meta property=\"article:publisher\" content=\"https:\/\/www.facebook.com\/ruishengglassbottles\" \/>\n<meta property=\"article:modified_time\" content=\"2025-07-17T06:13:22+00:00\" \/>\n<meta property=\"og:image\" content=\"https:\/\/ruishengglassco.com\/wp-content\/uploads\/2025\/03\/RS075-500ml-Cork-Top-Glass-Bottles-Wholesale.webp\" \/>\n\t<meta property=\"og:image:width\" content=\"460\" \/>\n\t<meta property=\"og:image:height\" content=\"460\" \/>\n\t<meta property=\"og:image:type\" content=\"image\/webp\" \/>\n<meta name=\"twitter:card\" content=\"summary_large_image\" \/>\n<meta name=\"twitter:label1\" content=\"Dur\u00e9e de lecture estim\u00e9e\" \/>\n\t<meta name=\"twitter:data1\" content=\"2 minutes\" \/>\n<script type=\"application\/ld+json\" class=\"yoast-schema-graph\">{\"@context\":\"https:\/\/schema.org\",\"@graph\":[{\"@type\":\"WebPage\",\"@id\":\"https:\/\/ruishengglassco.com\/product\/rs075-500ml-cork-top-glass-bottles-wholesale\",\"url\":\"https:\/\/ruishengglassco.com\/product\/rs075-500ml-cork-top-glass-bottles-wholesale\",\"name\":\"500ml Cork Top Glass Bottles Manufacturers | Empty Gin Bottle Suppliers\",\"isPartOf\":{\"@id\":\"https:\/\/ruishengglassco.com\/#website\"},\"datePublished\":\"2025-03-15T03:00:36+00:00\",\"dateModified\":\"2025-07-17T06:13:22+00:00\",\"description\":\"Buy 500ml Cork Top Glass Bottles Manufacturers From China Empty Gin Bottle Suppliers. Factory Outlet Price&Free Sample Offered. Get Quote Here.\",\"breadcrumb\":{\"@id\":\"https:\/\/ruishengglassco.com\/product\/rs075-500ml-cork-top-glass-bottles-wholesale#breadcrumb\"},\"inLanguage\":\"fr-FR\",\"potentialAction\":[{\"@type\":\"ReadAction\",\"target\":[\"https:\/\/ruishengglassco.com\/product\/rs075-500ml-cork-top-glass-bottles-wholesale\"]}]},{\"@type\":\"BreadcrumbList\",\"@id\":\"https:\/\/ruishengglassco.com\/product\/rs075-500ml-cork-top-glass-bottles-wholesale#breadcrumb\",\"itemListElement\":[{\"@type\":\"ListItem\",\"position\":1,\"name\":\"Home\",\"item\":\"https:\/\/ruishengglassco.com\/\"},{\"@type\":\"ListItem\",\"position\":2,\"name\":\"Products\",\"item\":\"https:\/\/ruishengglassco.com\/products\"},{\"@type\":\"ListItem\",\"position\":3,\"name\":\"RS075: 500ml Cork Top Glass Bottles Manufacturers\"}]},{\"@type\":\"WebSite\",\"@id\":\"https:\/\/ruishengglassco.com\/#website\",\"url\":\"https:\/\/ruishengglassco.com\/\",\"name\":\"Ruisheng Glass\",\"description\":\"\",\"publisher\":{\"@id\":\"https:\/\/ruishengglassco.com\/#organization\"},\"potentialAction\":[{\"@type\":\"SearchAction\",\"target\":{\"@type\":\"EntryPoint\",\"urlTemplate\":\"https:\/\/ruishengglassco.com\/?s={search_term_string}\"},\"query-input\":\"required name=search_term_string\"}],\"inLanguage\":\"fr-FR\"},{\"@type\":\"Organization\",\"@id\":\"https:\/\/ruishengglassco.com\/#organization\",\"name\":\"Shandong Yuncheng Ruisheng Glass Co., Ltd\",\"url\":\"https:\/\/ruishengglassco.com\/\",\"logo\":{\"@type\":\"ImageObject\",\"inLanguage\":\"fr-FR\",\"@id\":\"https:\/\/ruishengglassco.com\/#\/schema\/logo\/image\/\",\"url\":\"https:\/\/ruishengglassco.com\/wp-content\/uploads\/2023\/09\/ruisheng_logo_icon.webp\",\"contentUrl\":\"https:\/\/ruishengglassco.com\/wp-content\/uploads\/2023\/09\/ruisheng_logo_icon.webp\",\"width\":400,\"height\":233,\"caption\":\"Shandong Yuncheng Ruisheng Glass Co., Ltd\"},\"image\":{\"@id\":\"https:\/\/ruishengglassco.com\/#\/schema\/logo\/image\/\"},\"sameAs\":[\"https:\/\/www.facebook.com\/ruishengglassbottles\",\"https:\/\/www.instagram.com\/Ruishengglassbottlewholesales\/\",\"https:\/\/www.youtube.com\/channel\/UCMmbMNGwsL-XrtjfSFLCdVQ\"]}]}<\/script>\n<!-- \/ Yoast SEO plugin. -->","yoast_head_json":{"title":"500ml Cork Top Glass Bottles Manufacturers | Empty Gin Bottle Suppliers","description":"Buy 500ml Cork Top Glass Bottles Manufacturers From China Empty Gin Bottle Suppliers. Factory Outlet Price&Free Sample Offered. Get Quote Here.","robots":{"index":"index","follow":"follow","max-snippet":"max-snippet:-1","max-image-preview":"max-image-preview:large","max-video-preview":"max-video-preview:-1"},"canonical":"https:\/\/ruishengglassco.com\/fr\/produit\/rs075-500ml-bouteilles-en-verre-avec-bouchon-en-liege-en-gros","og_locale":"fr_FR","og_type":"article","og_title":"500ml Cork Top Glass Bottles Manufacturers | Empty Gin Bottle Suppliers","og_description":"Buy 500ml Cork Top Glass Bottles Manufacturers From China Empty Gin Bottle Suppliers. Factory Outlet Price&Free Sample Offered. Get Quote Here.","og_url":"https:\/\/ruishengglassco.com\/fr\/produit\/rs075-500ml-bouteilles-en-verre-avec-bouchon-en-liege-en-gros","article_publisher":"https:\/\/www.facebook.com\/ruishengglassbottles","article_modified_time":"2025-07-17T06:13:22+00:00","og_image":[{"width":460,"height":460,"url":"https:\/\/ruishengglassco.com\/wp-content\/uploads\/2025\/03\/RS075-500ml-Cork-Top-Glass-Bottles-Wholesale.webp","type":"image\/webp"}],"twitter_card":"summary_large_image","twitter_misc":{"Dur\u00e9e de lecture estim\u00e9e":"2 minutes"},"schema":{"@context":"https:\/\/schema.org","@graph":[{"@type":"WebPage","@id":"https:\/\/ruishengglassco.com\/product\/rs075-500ml-cork-top-glass-bottles-wholesale","url":"https:\/\/ruishengglassco.com\/product\/rs075-500ml-cork-top-glass-bottles-wholesale","name":"500ml Cork Top Glass Bottles Manufacturers | Empty Gin Bottle Suppliers","isPartOf":{"@id":"https:\/\/ruishengglassco.com\/#website"},"datePublished":"2025-03-15T03:00:36+00:00","dateModified":"2025-07-17T06:13:22+00:00","description":"Buy 500ml Cork Top Glass Bottles Manufacturers From China Empty Gin Bottle Suppliers. Factory Outlet Price&Free Sample Offered. Get Quote Here.","breadcrumb":{"@id":"https:\/\/ruishengglassco.com\/product\/rs075-500ml-cork-top-glass-bottles-wholesale#breadcrumb"},"inLanguage":"fr-FR","potentialAction":[{"@type":"ReadAction","target":["https:\/\/ruishengglassco.com\/product\/rs075-500ml-cork-top-glass-bottles-wholesale"]}]},{"@type":"BreadcrumbList","@id":"https:\/\/ruishengglassco.com\/product\/rs075-500ml-cork-top-glass-bottles-wholesale#breadcrumb","itemListElement":[{"@type":"ListItem","position":1,"name":"Home","item":"https:\/\/ruishengglassco.com\/"},{"@type":"ListItem","position":2,"name":"Products","item":"https:\/\/ruishengglassco.com\/products"},{"@type":"ListItem","position":3,"name":"RS075: 500ml Cork Top Glass Bottles Manufacturers"}]},{"@type":"WebSite","@id":"https:\/\/ruishengglassco.com\/#website","url":"https:\/\/ruishengglassco.com\/","name":"Ruisheng Glass","description":"","publisher":{"@id":"https:\/\/ruishengglassco.com\/#organization"},"potentialAction":[{"@type":"SearchAction","target":{"@type":"EntryPoint","urlTemplate":"https:\/\/ruishengglassco.com\/?s={search_term_string}"},"query-input":"required name=search_term_string"}],"inLanguage":"fr-FR"},{"@type":"Organization","@id":"https:\/\/ruishengglassco.com\/#organization","name":"Shandong Yuncheng Ruisheng Glass Co., Ltd","url":"https:\/\/ruishengglassco.com\/","logo":{"@type":"ImageObject","inLanguage":"fr-FR","@id":"https:\/\/ruishengglassco.com\/#\/schema\/logo\/image\/","url":"https:\/\/ruishengglassco.com\/wp-content\/uploads\/2023\/09\/ruisheng_logo_icon.webp","contentUrl":"https:\/\/ruishengglassco.com\/wp-content\/uploads\/2023\/09\/ruisheng_logo_icon.webp","width":400,"height":233,"caption":"Shandong Yuncheng Ruisheng Glass Co., Ltd"},"image":{"@id":"https:\/\/ruishengglassco.com\/#\/schema\/logo\/image\/"},"sameAs":["https:\/\/www.facebook.com\/ruishengglassbottles","https:\/\/www.instagram.com\/Ruishengglassbottlewholesales\/","https:\/\/www.youtube.com\/channel\/UCMmbMNGwsL-XrtjfSFLCdVQ"]}]}},"_links":{"self":[{"href":"https:\/\/ruishengglassco.com\/fr\/wp-json\/wp\/v2\/product\/4252","targetHints":{"allow":["GET"]}}],"collection":[{"href":"https:\/\/ruishengglassco.com\/fr\/wp-json\/wp\/v2\/product"}],"about":[{"href":"https:\/\/ruishengglassco.com\/fr\/wp-json\/wp\/v2\/types\/product"}],"replies":[{"embeddable":true,"href":"https:\/\/ruishengglassco.com\/fr\/wp-json\/wp\/v2\/comments?post=4252"}],"wp:featuredmedia":[{"embeddable":true,"href":"https:\/\/ruishengglassco.com\/fr\/wp-json\/wp\/v2\/media\/4253"}],"wp:attachment":[{"href":"https:\/\/ruishengglassco.com\/fr\/wp-json\/wp\/v2\/media?parent=4252"}],"wp:term":[{"taxonomy":"product_cat","embeddable":true,"href":"https:\/\/ruishengglassco.com\/fr\/wp-json\/wp\/v2\/product_cat?post=4252"}],"curies":[{"name":"wp","href":"https:\/\/api.w.org\/{rel}","templated":true}]}}