{"id":4248,"date":"2025-03-15T10:51:11","date_gmt":"2025-03-15T02:51:11","guid":{"rendered":"https:\/\/ruishengglassco.com\/?post_type=product&#038;p=4248"},"modified":"2025-09-11T16:18:09","modified_gmt":"2025-09-11T08:18:09","slug":"rs078-wholesale-500ml-clear-glass-wine-bottles","status":"publish","type":"product","link":"https:\/\/ruishengglassco.com\/fr\/produit\/rs078-wholesale-500ml-clear-glass-wine-bottles","title":{"rendered":"RS078 : Bouteilles de vin en verre transparent de 500ml"},"content":{"rendered":"<h2>Bouteilles de vin en verre transparent de 500ml<\/h2>\n<p>Le <em><strong>Bouteilles de vin en verre transparent de 500ml<\/strong><\/em> sont fabriqu\u00e9es par Shandong Yuncheng Ruisheng Glass Co, Ltd. Notre soci\u00e9t\u00e9 est l'un des plus grands fabricants de bouteilles en verre \u00e0 silex en Chine.<\/p>\n<p>Les bouteilles de spiritueux en verre transparent de 500 ml sont fabriqu\u00e9es \u00e0 partir de verre \u00e0 haute teneur en silex, ce qui rend la bouteille en verre plus transparente, plus durable et plus lisse.<\/p>\n<p>Notre soci\u00e9t\u00e9 compte plus de 500 employ\u00e9s et un groupe d'ing\u00e9nieurs qualifi\u00e9s. Gr\u00e2ce \u00e0 notre riche exp\u00e9rience, nous avons acquis une bonne r\u00e9putation dans le monde entier.<\/p>\n<p>Nos principaux produits sont des bouteilles de vin en verre de 500 ml de premi\u00e8re qualit\u00e9, telles que des bouteilles de vodka, de brandy, de whisky, de liqueur, de confiture, etc. Nous proposons \u00e9galement des bouteilles en verre ambr\u00e9, des bouteilles vertes de 500 ml et des bouteilles d'eau. Notre march\u00e9 principal est l'Europe, les \u00c9tats-Unis, l'Australie, l'Am\u00e9rique, etc. Tous nos produits jouissent d'une excellente r\u00e9putation en termes d'innovation et de fonctionnalit\u00e9.<\/p>\n<h2>Les informations relatives \u00e0 la bouteille de vin en verre de 500 ml sont pr\u00e9sent\u00e9es ci-dessous :<\/h2>\n<ul>\n<li>Mat\u00e9riau principal : verre \u00e0 haute teneur en silex<\/li>\n<li>Bouchon : bouchon \u00e0 vis<\/li>\n<li>R\u00e9f\u00e9rence : RS078<\/li>\n<li>MOQ : 10000 PCS<\/li>\n<li>Capacit\u00e9 : 500ml<\/li>\n<li>Pcs\/Ctn : 24pcs<\/li>\n<li>Origine du lieu : Shandong, Chine<\/li>\n<li>Caract\u00e9ristique : Respectueux de l'environnement<\/li>\n<\/ul>\n<p>En tant que fournisseur professionnel de bouteilles de spiritueux en verre, Ruisheng a investi dans deux lignes de production de bouteilles de spiritueux en verre de la machine enti\u00e8rement automatique 8S la plus avanc\u00e9e, dans trois lignes de production de machines manuelles CNC et dans quatre lignes de production de machines semi-automatiques CNC.<\/p>\n<p>Si vous \u00eates int\u00e9ress\u00e9 par nos bouteilles de vin en verre transparent de 500 ml en gros, veuillez nous contacter. Nous vous r\u00e9pondrons dans les 24 heures.<\/p>","protected":false},"excerpt":{"rendered":"<p data-block-id=\"c237bc2e-d286-4ba1-894b-d55076e4e3e0\" data-pm-slice=\"1 1 []\">Les bouteilles de vin en verre transparent de 500 ml sont fabriqu\u00e9es par Shandong Yuncheng Ruisheng Glass Co. Notre soci\u00e9t\u00e9 est l'un des plus grands fabricants de bouteilles en verre super flint en Chine.<\/p>\n<p data-block-id=\"53c93c51-b303-4926-b14b-23a840cd3f86\">Les bouteilles de spiritueux en verre transparent de 500 ml sont fabriqu\u00e9es en verre flint de haute qualit\u00e9. Ce mat\u00e9riau rend les bouteilles plus claires, plus durables et plus lisses.<\/p>","protected":false},"featured_media":4249,"comment_status":"closed","ping_status":"closed","template":"","meta":[],"product_cat":[41],"class_list":{"0":"post-4248","1":"product","2":"type-product","3":"status-publish","4":"has-post-thumbnail","6":"product_cat-500ml-liquor-bottle-manufacturer","8":"first","9":"instock","10":"shipping-taxable","11":"product-type-simple"},"yoast_head":"<!-- This site is optimized with the Yoast SEO plugin v22.0 - https:\/\/yoast.com\/wordpress\/plugins\/seo\/ -->\n<title>500ml Clear Glass Wine Bottles | Glass Spirit Bottle Supplier<\/title>\n<meta name=\"description\" content=\"The 500ml clear glass wine bottles are made in Shandong Yuncheng Ruisheng Glass Co., Ltd. Factory Outlet&amp;Free Sample. Get Price Here.\" \/>\n<meta name=\"robots\" content=\"index, follow, max-snippet:-1, max-image-preview:large, max-video-preview:-1\" \/>\n<link rel=\"canonical\" href=\"https:\/\/ruishengglassco.com\/fr\/produit\/rs078-wholesale-500ml-clear-glass-wine-bottles\" \/>\n<meta property=\"og:locale\" content=\"fr_FR\" \/>\n<meta property=\"og:type\" content=\"article\" \/>\n<meta property=\"og:title\" content=\"500ml Clear Glass Wine Bottles | Glass Spirit Bottle Supplier\" \/>\n<meta property=\"og:description\" content=\"The 500ml clear glass wine bottles are made in Shandong Yuncheng Ruisheng Glass Co., Ltd. Factory Outlet&amp;Free Sample. Get Price Here.\" \/>\n<meta property=\"og:url\" content=\"https:\/\/ruishengglassco.com\/fr\/produit\/rs078-wholesale-500ml-clear-glass-wine-bottles\" \/>\n<meta property=\"article:publisher\" content=\"https:\/\/www.facebook.com\/ruishengglassbottles\" \/>\n<meta property=\"article:modified_time\" content=\"2025-09-11T08:18:09+00:00\" \/>\n<meta property=\"og:image\" content=\"https:\/\/ruishengglassco.com\/wp-content\/uploads\/2025\/03\/RS078-Wholesale-500ml-Clear-Glass-Wine-Bottles.webp\" \/>\n\t<meta property=\"og:image:width\" content=\"460\" \/>\n\t<meta property=\"og:image:height\" content=\"460\" \/>\n\t<meta property=\"og:image:type\" content=\"image\/webp\" \/>\n<meta name=\"twitter:card\" content=\"summary_large_image\" \/>\n<meta name=\"twitter:label1\" content=\"Dur\u00e9e de lecture estim\u00e9e\" \/>\n\t<meta name=\"twitter:data1\" content=\"2 minutes\" \/>\n<script type=\"application\/ld+json\" class=\"yoast-schema-graph\">{\"@context\":\"https:\/\/schema.org\",\"@graph\":[{\"@type\":\"WebPage\",\"@id\":\"https:\/\/ruishengglassco.com\/product\/rs078-wholesale-500ml-clear-glass-wine-bottles\",\"url\":\"https:\/\/ruishengglassco.com\/product\/rs078-wholesale-500ml-clear-glass-wine-bottles\",\"name\":\"500ml Clear Glass Wine Bottles | Glass Spirit Bottle Supplier\",\"isPartOf\":{\"@id\":\"https:\/\/ruishengglassco.com\/#website\"},\"datePublished\":\"2025-03-15T02:51:11+00:00\",\"dateModified\":\"2025-09-11T08:18:09+00:00\",\"description\":\"The 500ml clear glass wine bottles are made in Shandong Yuncheng Ruisheng Glass Co., Ltd. Factory Outlet&Free Sample. Get Price Here.\",\"breadcrumb\":{\"@id\":\"https:\/\/ruishengglassco.com\/product\/rs078-wholesale-500ml-clear-glass-wine-bottles#breadcrumb\"},\"inLanguage\":\"fr-FR\",\"potentialAction\":[{\"@type\":\"ReadAction\",\"target\":[\"https:\/\/ruishengglassco.com\/product\/rs078-wholesale-500ml-clear-glass-wine-bottles\"]}]},{\"@type\":\"BreadcrumbList\",\"@id\":\"https:\/\/ruishengglassco.com\/product\/rs078-wholesale-500ml-clear-glass-wine-bottles#breadcrumb\",\"itemListElement\":[{\"@type\":\"ListItem\",\"position\":1,\"name\":\"Home\",\"item\":\"https:\/\/ruishengglassco.com\/\"},{\"@type\":\"ListItem\",\"position\":2,\"name\":\"Products\",\"item\":\"https:\/\/ruishengglassco.com\/products\"},{\"@type\":\"ListItem\",\"position\":3,\"name\":\"RS078: 500ml Clear Glass Wine Bottles\"}]},{\"@type\":\"WebSite\",\"@id\":\"https:\/\/ruishengglassco.com\/#website\",\"url\":\"https:\/\/ruishengglassco.com\/\",\"name\":\"Ruisheng Glass\",\"description\":\"\",\"publisher\":{\"@id\":\"https:\/\/ruishengglassco.com\/#organization\"},\"potentialAction\":[{\"@type\":\"SearchAction\",\"target\":{\"@type\":\"EntryPoint\",\"urlTemplate\":\"https:\/\/ruishengglassco.com\/?s={search_term_string}\"},\"query-input\":\"required name=search_term_string\"}],\"inLanguage\":\"fr-FR\"},{\"@type\":\"Organization\",\"@id\":\"https:\/\/ruishengglassco.com\/#organization\",\"name\":\"Shandong Yuncheng Ruisheng Glass Co., Ltd\",\"url\":\"https:\/\/ruishengglassco.com\/\",\"logo\":{\"@type\":\"ImageObject\",\"inLanguage\":\"fr-FR\",\"@id\":\"https:\/\/ruishengglassco.com\/#\/schema\/logo\/image\/\",\"url\":\"https:\/\/ruishengglassco.com\/wp-content\/uploads\/2023\/09\/ruisheng_logo_icon.webp\",\"contentUrl\":\"https:\/\/ruishengglassco.com\/wp-content\/uploads\/2023\/09\/ruisheng_logo_icon.webp\",\"width\":400,\"height\":233,\"caption\":\"Shandong Yuncheng Ruisheng Glass Co., Ltd\"},\"image\":{\"@id\":\"https:\/\/ruishengglassco.com\/#\/schema\/logo\/image\/\"},\"sameAs\":[\"https:\/\/www.facebook.com\/ruishengglassbottles\",\"https:\/\/www.instagram.com\/Ruishengglassbottlewholesales\/\",\"https:\/\/www.youtube.com\/channel\/UCMmbMNGwsL-XrtjfSFLCdVQ\"]}]}<\/script>\n<!-- \/ Yoast SEO plugin. -->","yoast_head_json":{"title":"500ml Clear Glass Wine Bottles | Glass Spirit Bottle Supplier","description":"The 500ml clear glass wine bottles are made in Shandong Yuncheng Ruisheng Glass Co., Ltd. Factory Outlet&Free Sample. Get Price Here.","robots":{"index":"index","follow":"follow","max-snippet":"max-snippet:-1","max-image-preview":"max-image-preview:large","max-video-preview":"max-video-preview:-1"},"canonical":"https:\/\/ruishengglassco.com\/fr\/produit\/rs078-wholesale-500ml-clear-glass-wine-bottles","og_locale":"fr_FR","og_type":"article","og_title":"500ml Clear Glass Wine Bottles | Glass Spirit Bottle Supplier","og_description":"The 500ml clear glass wine bottles are made in Shandong Yuncheng Ruisheng Glass Co., Ltd. Factory Outlet&Free Sample. Get Price Here.","og_url":"https:\/\/ruishengglassco.com\/fr\/produit\/rs078-wholesale-500ml-clear-glass-wine-bottles","article_publisher":"https:\/\/www.facebook.com\/ruishengglassbottles","article_modified_time":"2025-09-11T08:18:09+00:00","og_image":[{"width":460,"height":460,"url":"https:\/\/ruishengglassco.com\/wp-content\/uploads\/2025\/03\/RS078-Wholesale-500ml-Clear-Glass-Wine-Bottles.webp","type":"image\/webp"}],"twitter_card":"summary_large_image","twitter_misc":{"Dur\u00e9e de lecture estim\u00e9e":"2 minutes"},"schema":{"@context":"https:\/\/schema.org","@graph":[{"@type":"WebPage","@id":"https:\/\/ruishengglassco.com\/product\/rs078-wholesale-500ml-clear-glass-wine-bottles","url":"https:\/\/ruishengglassco.com\/product\/rs078-wholesale-500ml-clear-glass-wine-bottles","name":"500ml Clear Glass Wine Bottles | Glass Spirit Bottle Supplier","isPartOf":{"@id":"https:\/\/ruishengglassco.com\/#website"},"datePublished":"2025-03-15T02:51:11+00:00","dateModified":"2025-09-11T08:18:09+00:00","description":"The 500ml clear glass wine bottles are made in Shandong Yuncheng Ruisheng Glass Co., Ltd. Factory Outlet&Free Sample. Get Price Here.","breadcrumb":{"@id":"https:\/\/ruishengglassco.com\/product\/rs078-wholesale-500ml-clear-glass-wine-bottles#breadcrumb"},"inLanguage":"fr-FR","potentialAction":[{"@type":"ReadAction","target":["https:\/\/ruishengglassco.com\/product\/rs078-wholesale-500ml-clear-glass-wine-bottles"]}]},{"@type":"BreadcrumbList","@id":"https:\/\/ruishengglassco.com\/product\/rs078-wholesale-500ml-clear-glass-wine-bottles#breadcrumb","itemListElement":[{"@type":"ListItem","position":1,"name":"Home","item":"https:\/\/ruishengglassco.com\/"},{"@type":"ListItem","position":2,"name":"Products","item":"https:\/\/ruishengglassco.com\/products"},{"@type":"ListItem","position":3,"name":"RS078: 500ml Clear Glass Wine Bottles"}]},{"@type":"WebSite","@id":"https:\/\/ruishengglassco.com\/#website","url":"https:\/\/ruishengglassco.com\/","name":"Ruisheng Glass","description":"","publisher":{"@id":"https:\/\/ruishengglassco.com\/#organization"},"potentialAction":[{"@type":"SearchAction","target":{"@type":"EntryPoint","urlTemplate":"https:\/\/ruishengglassco.com\/?s={search_term_string}"},"query-input":"required name=search_term_string"}],"inLanguage":"fr-FR"},{"@type":"Organization","@id":"https:\/\/ruishengglassco.com\/#organization","name":"Shandong Yuncheng Ruisheng Glass Co., Ltd","url":"https:\/\/ruishengglassco.com\/","logo":{"@type":"ImageObject","inLanguage":"fr-FR","@id":"https:\/\/ruishengglassco.com\/#\/schema\/logo\/image\/","url":"https:\/\/ruishengglassco.com\/wp-content\/uploads\/2023\/09\/ruisheng_logo_icon.webp","contentUrl":"https:\/\/ruishengglassco.com\/wp-content\/uploads\/2023\/09\/ruisheng_logo_icon.webp","width":400,"height":233,"caption":"Shandong Yuncheng Ruisheng Glass Co., Ltd"},"image":{"@id":"https:\/\/ruishengglassco.com\/#\/schema\/logo\/image\/"},"sameAs":["https:\/\/www.facebook.com\/ruishengglassbottles","https:\/\/www.instagram.com\/Ruishengglassbottlewholesales\/","https:\/\/www.youtube.com\/channel\/UCMmbMNGwsL-XrtjfSFLCdVQ"]}]}},"_links":{"self":[{"href":"https:\/\/ruishengglassco.com\/fr\/wp-json\/wp\/v2\/product\/4248","targetHints":{"allow":["GET"]}}],"collection":[{"href":"https:\/\/ruishengglassco.com\/fr\/wp-json\/wp\/v2\/product"}],"about":[{"href":"https:\/\/ruishengglassco.com\/fr\/wp-json\/wp\/v2\/types\/product"}],"replies":[{"embeddable":true,"href":"https:\/\/ruishengglassco.com\/fr\/wp-json\/wp\/v2\/comments?post=4248"}],"wp:featuredmedia":[{"embeddable":true,"href":"https:\/\/ruishengglassco.com\/fr\/wp-json\/wp\/v2\/media\/4249"}],"wp:attachment":[{"href":"https:\/\/ruishengglassco.com\/fr\/wp-json\/wp\/v2\/media?parent=4248"}],"wp:term":[{"taxonomy":"product_cat","embeddable":true,"href":"https:\/\/ruishengglassco.com\/fr\/wp-json\/wp\/v2\/product_cat?post=4248"}],"curies":[{"name":"wp","href":"https:\/\/api.w.org\/{rel}","templated":true}]}}