{"id":4243,"date":"2025-03-15T10:39:42","date_gmt":"2025-03-15T02:39:42","guid":{"rendered":"https:\/\/ruishengglassco.com\/?post_type=product&#038;p=4243"},"modified":"2025-03-26T14:58:31","modified_gmt":"2025-03-26T06:58:31","slug":"rs080-bouteille-en-verre-givre-375ml-grossiste","status":"publish","type":"product","link":"https:\/\/ruishengglassco.com\/fr\/produit\/rs080-bouteille-en-verre-givre-375ml-grossiste","title":{"rendered":"RS080 : Bouteille en verre d\u00e9poli 375ml Fabricants"},"content":{"rendered":"<h2>Bienvenue \u00e0 votre commande en vrac pour les fabricants de bouteilles en verre d\u00e9poli de 375 ml.<\/h2>\n<div class=\"tab_content\">\n<p>Cette s\u00e9rie de bouteilles en verre d\u00e9poli 375ml est fabriqu\u00e9e par Shandong Yuncheng Ruisheng Glass Co. Ltd, l'un des plus grands fabricants de bouteilles en verre en Chine. Ces bouteilles rondes en verre sont fabriqu\u00e9es \u00e0 partir de verre \u00e0 haute teneur en silex, ce qui rend nos bouteilles en verre plus claires, plus transparentes et plus r\u00e9sistantes \u00e0 la casse.<\/p>\n<p>Nos bouteilles en verre de 375ml avec bouchons en gros sont largement utilis\u00e9es comme bouteilles de liqueur en verre, bouteilles de whisky, bouteilles de brandy, bouteilles de vodka, bouteilles de rhum, bouteilles de gin, etc. Elles sont bien accueillies par les ch\u00e2teaux, les soci\u00e9t\u00e9s de spiritueux, les grossistes de bouteilles en verre, les supermarch\u00e9s et les boutiques en ligne.<\/p>\n<h2>D\u00e9tails sur les fabricants de bouteilles en verre d\u00e9poli de 375 ml<\/h2>\n<p>Cette bouteille ronde en verre de 375 ml a un diam\u00e8tre de 57 mm et une hauteur de 330 mm.  Son mat\u00e9riau principal est le verre \u00e0 haute teneur en silex. Son poids est de 550 g. Le type de fermeture de cette bouteille est le li\u00e8ge. Cette bouteille peut \u00eatre emball\u00e9e de trois mani\u00e8res diff\u00e9rentes. Le premier mode d'emballage est le carton d'exportation standard.  Le deuxi\u00e8me mode d'emballage est la palette. Enfin, elle est emball\u00e9e dans un carton et sur une palette.<\/p>\n<p>Nos bouteilles en verre bouch\u00e9 de 375 ml pr\u00e9sentent de nombreux avantages. Par exemple, elles sont faciles \u00e0 transporter en raison de leur volume et de leur taille. De plus, nous avons diff\u00e9rentes capacit\u00e9s de ces bouteilles en verre bon march\u00e9 telles que 375ml, 500ml, 700ml, 750ml, et 1000ml (2 oz, 4 oz, 6oz, 8oz, 16oz, 32oz, etc). Nous pouvons vous proposer toutes ces bouteilles, que vous pouvez choisir en fonction de vos besoins. Cette bouteille en verre unique est \u00e9cologique, nous connaissons l'importance de la protection de l'environnement, nous utilisons des mat\u00e9riaux \u00e9cologiques. De plus, les bouteilles de liqueur rondes en verre avec bouchons ont une belle apparence, ce qui est populaire aupr\u00e8s de nombreuses caves \u00e0 vin.<\/p>\n<p>Notre soci\u00e9t\u00e9 a investi dans 2 lignes de production de la machine enti\u00e8rement automatique 8S la plus avanc\u00e9e, 3 lignes de production de machines manuelles CNC, 4 lignes de production de machines semi-automatiques CNC. Notre usine dispose \u00e9galement de deux ensembles de machines IS. La machine 8S et les machines CNC sont utilis\u00e9es pour produire des bouteilles en verre de premi\u00e8re qualit\u00e9 - des bouteilles en verre supper flint. La production journali\u00e8re est de 120 000 pi\u00e8ces. Les machines IS sont utilis\u00e9es pour produire des bouteilles en verre de qualit\u00e9 moyenne et leur production journali\u00e8re est de 200 000 pi\u00e8ces.<\/p>\n<p>Si vous \u00eates int\u00e9ress\u00e9 par nos bouteilles en verre d\u00e9poli en gros ou par l'achat de bouteilles de liqueur avec bouchons en vrac, veuillez nous contacter.<\/p>\n<\/div>","protected":false},"excerpt":{"rendered":"<p>Bienvenue \u00e0 votre commande en gros pour la bouteille en verre d\u00e9poli 375ml Cette s\u00e9rie de bouteille en verre d\u00e9poli 375ml en gros est fabriqu\u00e9e par Shandong Yuncheng Ruisheng Glass Co, Ltd, l'un des plus grands fabricants de bouteilles en verre en Chine. Ces bouteilles rondes en verre sont fabriqu\u00e9es avec du verre \u00e0 haute teneur en silex, ce qui rend nos bouteilles en verre plus claires, transparentes et non...<\/p>","protected":false},"featured_media":4244,"comment_status":"closed","ping_status":"closed","template":"","meta":[],"product_cat":[55],"class_list":{"0":"post-4243","1":"product","2":"type-product","3":"status-publish","4":"has-post-thumbnail","6":"product_cat-375ml-liquor-bottle-manufacturer","8":"first","9":"instock","10":"shipping-taxable","11":"product-type-simple"},"yoast_head":"<!-- This site is optimized with the Yoast SEO plugin v22.0 - https:\/\/yoast.com\/wordpress\/plugins\/seo\/ -->\n<title>375ml Frosted Glass Bottle Manufacturers | Liquor Bottles With Corks In Bulk<\/title>\n<meta name=\"description\" content=\"Ruisheng, a famous China glass liquor bottles manufacturer, sales 375ml Frosted Glass Bottle Wholesale. If you want to buy liquor bottles with corks in bulk, click here!\" \/>\n<meta name=\"robots\" content=\"index, follow, max-snippet:-1, max-image-preview:large, max-video-preview:-1\" \/>\n<link rel=\"canonical\" href=\"https:\/\/ruishengglassco.com\/fr\/produit\/rs080-bouteille-en-verre-givre-375ml-grossiste\" \/>\n<meta property=\"og:locale\" content=\"fr_FR\" \/>\n<meta property=\"og:type\" content=\"article\" \/>\n<meta property=\"og:title\" content=\"375ml Frosted Glass Bottle Manufacturers | Liquor Bottles With Corks In Bulk\" \/>\n<meta property=\"og:description\" content=\"Ruisheng, a famous China glass liquor bottles manufacturer, sales 375ml Frosted Glass Bottle Wholesale. If you want to buy liquor bottles with corks in bulk, click here!\" \/>\n<meta property=\"og:url\" content=\"https:\/\/ruishengglassco.com\/fr\/produit\/rs080-bouteille-en-verre-givre-375ml-grossiste\" \/>\n<meta property=\"article:publisher\" content=\"https:\/\/www.facebook.com\/ruishengglassbottles\" \/>\n<meta property=\"article:modified_time\" content=\"2025-03-26T06:58:31+00:00\" \/>\n<meta property=\"og:image\" content=\"https:\/\/ruishengglassco.com\/wp-content\/uploads\/2025\/03\/RS080-375ml-Frosted-Glass-Bottle-Wholesale.webp\" \/>\n\t<meta property=\"og:image:width\" content=\"800\" \/>\n\t<meta property=\"og:image:height\" content=\"800\" \/>\n\t<meta property=\"og:image:type\" content=\"image\/webp\" \/>\n<meta name=\"twitter:card\" content=\"summary_large_image\" \/>\n<meta name=\"twitter:label1\" content=\"Dur\u00e9e de lecture estim\u00e9e\" \/>\n\t<meta name=\"twitter:data1\" content=\"2 minutes\" \/>\n<script type=\"application\/ld+json\" class=\"yoast-schema-graph\">{\"@context\":\"https:\/\/schema.org\",\"@graph\":[{\"@type\":\"WebPage\",\"@id\":\"https:\/\/ruishengglassco.com\/product\/rs080-375ml-frosted-glass-bottle-wholesale\",\"url\":\"https:\/\/ruishengglassco.com\/product\/rs080-375ml-frosted-glass-bottle-wholesale\",\"name\":\"375ml Frosted Glass Bottle Manufacturers | Liquor Bottles With Corks In Bulk\",\"isPartOf\":{\"@id\":\"https:\/\/ruishengglassco.com\/#website\"},\"datePublished\":\"2025-03-15T02:39:42+00:00\",\"dateModified\":\"2025-03-26T06:58:31+00:00\",\"description\":\"Ruisheng, a famous China glass liquor bottles manufacturer, sales 375ml Frosted Glass Bottle Wholesale. If you want to buy liquor bottles with corks in bulk, click here!\",\"breadcrumb\":{\"@id\":\"https:\/\/ruishengglassco.com\/product\/rs080-375ml-frosted-glass-bottle-wholesale#breadcrumb\"},\"inLanguage\":\"fr-FR\",\"potentialAction\":[{\"@type\":\"ReadAction\",\"target\":[\"https:\/\/ruishengglassco.com\/product\/rs080-375ml-frosted-glass-bottle-wholesale\"]}]},{\"@type\":\"BreadcrumbList\",\"@id\":\"https:\/\/ruishengglassco.com\/product\/rs080-375ml-frosted-glass-bottle-wholesale#breadcrumb\",\"itemListElement\":[{\"@type\":\"ListItem\",\"position\":1,\"name\":\"Home\",\"item\":\"https:\/\/ruishengglassco.com\/\"},{\"@type\":\"ListItem\",\"position\":2,\"name\":\"Products\",\"item\":\"https:\/\/ruishengglassco.com\/products\"},{\"@type\":\"ListItem\",\"position\":3,\"name\":\"RS080: 375ml Frosted Glass Bottle Manufacturers\"}]},{\"@type\":\"WebSite\",\"@id\":\"https:\/\/ruishengglassco.com\/#website\",\"url\":\"https:\/\/ruishengglassco.com\/\",\"name\":\"Ruisheng Glass\",\"description\":\"\",\"publisher\":{\"@id\":\"https:\/\/ruishengglassco.com\/#organization\"},\"potentialAction\":[{\"@type\":\"SearchAction\",\"target\":{\"@type\":\"EntryPoint\",\"urlTemplate\":\"https:\/\/ruishengglassco.com\/?s={search_term_string}\"},\"query-input\":\"required name=search_term_string\"}],\"inLanguage\":\"fr-FR\"},{\"@type\":\"Organization\",\"@id\":\"https:\/\/ruishengglassco.com\/#organization\",\"name\":\"Shandong Yuncheng Ruisheng Glass Co., Ltd\",\"url\":\"https:\/\/ruishengglassco.com\/\",\"logo\":{\"@type\":\"ImageObject\",\"inLanguage\":\"fr-FR\",\"@id\":\"https:\/\/ruishengglassco.com\/#\/schema\/logo\/image\/\",\"url\":\"https:\/\/ruishengglassco.com\/wp-content\/uploads\/2023\/09\/ruisheng_logo_icon.webp\",\"contentUrl\":\"https:\/\/ruishengglassco.com\/wp-content\/uploads\/2023\/09\/ruisheng_logo_icon.webp\",\"width\":400,\"height\":233,\"caption\":\"Shandong Yuncheng Ruisheng Glass Co., Ltd\"},\"image\":{\"@id\":\"https:\/\/ruishengglassco.com\/#\/schema\/logo\/image\/\"},\"sameAs\":[\"https:\/\/www.facebook.com\/ruishengglassbottles\",\"https:\/\/www.instagram.com\/Ruishengglassbottlewholesales\/\",\"https:\/\/www.youtube.com\/channel\/UCMmbMNGwsL-XrtjfSFLCdVQ\"]}]}<\/script>\n<!-- \/ Yoast SEO plugin. -->","yoast_head_json":{"title":"375ml Frosted Glass Bottle Manufacturers | Liquor Bottles With Corks In Bulk","description":"Ruisheng, a famous China glass liquor bottles manufacturer, sales 375ml Frosted Glass Bottle Wholesale. If you want to buy liquor bottles with corks in bulk, click here!","robots":{"index":"index","follow":"follow","max-snippet":"max-snippet:-1","max-image-preview":"max-image-preview:large","max-video-preview":"max-video-preview:-1"},"canonical":"https:\/\/ruishengglassco.com\/fr\/produit\/rs080-bouteille-en-verre-givre-375ml-grossiste","og_locale":"fr_FR","og_type":"article","og_title":"375ml Frosted Glass Bottle Manufacturers | Liquor Bottles With Corks In Bulk","og_description":"Ruisheng, a famous China glass liquor bottles manufacturer, sales 375ml Frosted Glass Bottle Wholesale. If you want to buy liquor bottles with corks in bulk, click here!","og_url":"https:\/\/ruishengglassco.com\/fr\/produit\/rs080-bouteille-en-verre-givre-375ml-grossiste","article_publisher":"https:\/\/www.facebook.com\/ruishengglassbottles","article_modified_time":"2025-03-26T06:58:31+00:00","og_image":[{"width":800,"height":800,"url":"https:\/\/ruishengglassco.com\/wp-content\/uploads\/2025\/03\/RS080-375ml-Frosted-Glass-Bottle-Wholesale.webp","type":"image\/webp"}],"twitter_card":"summary_large_image","twitter_misc":{"Dur\u00e9e de lecture estim\u00e9e":"2 minutes"},"schema":{"@context":"https:\/\/schema.org","@graph":[{"@type":"WebPage","@id":"https:\/\/ruishengglassco.com\/product\/rs080-375ml-frosted-glass-bottle-wholesale","url":"https:\/\/ruishengglassco.com\/product\/rs080-375ml-frosted-glass-bottle-wholesale","name":"375ml Frosted Glass Bottle Manufacturers | Liquor Bottles With Corks In Bulk","isPartOf":{"@id":"https:\/\/ruishengglassco.com\/#website"},"datePublished":"2025-03-15T02:39:42+00:00","dateModified":"2025-03-26T06:58:31+00:00","description":"Ruisheng, a famous China glass liquor bottles manufacturer, sales 375ml Frosted Glass Bottle Wholesale. If you want to buy liquor bottles with corks in bulk, click here!","breadcrumb":{"@id":"https:\/\/ruishengglassco.com\/product\/rs080-375ml-frosted-glass-bottle-wholesale#breadcrumb"},"inLanguage":"fr-FR","potentialAction":[{"@type":"ReadAction","target":["https:\/\/ruishengglassco.com\/product\/rs080-375ml-frosted-glass-bottle-wholesale"]}]},{"@type":"BreadcrumbList","@id":"https:\/\/ruishengglassco.com\/product\/rs080-375ml-frosted-glass-bottle-wholesale#breadcrumb","itemListElement":[{"@type":"ListItem","position":1,"name":"Home","item":"https:\/\/ruishengglassco.com\/"},{"@type":"ListItem","position":2,"name":"Products","item":"https:\/\/ruishengglassco.com\/products"},{"@type":"ListItem","position":3,"name":"RS080: 375ml Frosted Glass Bottle Manufacturers"}]},{"@type":"WebSite","@id":"https:\/\/ruishengglassco.com\/#website","url":"https:\/\/ruishengglassco.com\/","name":"Ruisheng Glass","description":"","publisher":{"@id":"https:\/\/ruishengglassco.com\/#organization"},"potentialAction":[{"@type":"SearchAction","target":{"@type":"EntryPoint","urlTemplate":"https:\/\/ruishengglassco.com\/?s={search_term_string}"},"query-input":"required name=search_term_string"}],"inLanguage":"fr-FR"},{"@type":"Organization","@id":"https:\/\/ruishengglassco.com\/#organization","name":"Shandong Yuncheng Ruisheng Glass Co., Ltd","url":"https:\/\/ruishengglassco.com\/","logo":{"@type":"ImageObject","inLanguage":"fr-FR","@id":"https:\/\/ruishengglassco.com\/#\/schema\/logo\/image\/","url":"https:\/\/ruishengglassco.com\/wp-content\/uploads\/2023\/09\/ruisheng_logo_icon.webp","contentUrl":"https:\/\/ruishengglassco.com\/wp-content\/uploads\/2023\/09\/ruisheng_logo_icon.webp","width":400,"height":233,"caption":"Shandong Yuncheng Ruisheng Glass Co., Ltd"},"image":{"@id":"https:\/\/ruishengglassco.com\/#\/schema\/logo\/image\/"},"sameAs":["https:\/\/www.facebook.com\/ruishengglassbottles","https:\/\/www.instagram.com\/Ruishengglassbottlewholesales\/","https:\/\/www.youtube.com\/channel\/UCMmbMNGwsL-XrtjfSFLCdVQ"]}]}},"_links":{"self":[{"href":"https:\/\/ruishengglassco.com\/fr\/wp-json\/wp\/v2\/product\/4243","targetHints":{"allow":["GET"]}}],"collection":[{"href":"https:\/\/ruishengglassco.com\/fr\/wp-json\/wp\/v2\/product"}],"about":[{"href":"https:\/\/ruishengglassco.com\/fr\/wp-json\/wp\/v2\/types\/product"}],"replies":[{"embeddable":true,"href":"https:\/\/ruishengglassco.com\/fr\/wp-json\/wp\/v2\/comments?post=4243"}],"wp:featuredmedia":[{"embeddable":true,"href":"https:\/\/ruishengglassco.com\/fr\/wp-json\/wp\/v2\/media\/4244"}],"wp:attachment":[{"href":"https:\/\/ruishengglassco.com\/fr\/wp-json\/wp\/v2\/media?parent=4243"}],"wp:term":[{"taxonomy":"product_cat","embeddable":true,"href":"https:\/\/ruishengglassco.com\/fr\/wp-json\/wp\/v2\/product_cat?post=4243"}],"curies":[{"name":"wp","href":"https:\/\/api.w.org\/{rel}","templated":true}]}}