{"id":4239,"date":"2025-03-15T10:33:44","date_gmt":"2025-03-15T02:33:44","guid":{"rendered":"https:\/\/ruishengglassco.com\/?post_type=product&#038;p=4239"},"modified":"2025-07-17T14:04:46","modified_gmt":"2025-07-17T06:04:46","slug":"bouteilles-carrees-en-verre-de-qualite-superieure-50ml-vente-en-gros","status":"publish","type":"product","link":"https:\/\/ruishengglassco.com\/fr\/produit\/bouteilles-carrees-en-verre-de-qualite-superieure-50ml-vente-en-gros","title":{"rendered":"Fabricants de flacons carr\u00e9s en verre de 50 ml de qualit\u00e9 sup\u00e9rieure"},"content":{"rendered":"<p>Le <strong>Bouteilles en verre de qualit\u00e9 sup\u00e9rieure 50ml Wholesale <\/strong>est fabriqu\u00e9e par Shandong Yuncheng Ruisheng Glass Co. Ltd. Notre soci\u00e9t\u00e9 est l'un des plus grands fabricants de bouteilles en verre \u00e0 liqueur super flint en Chine. Elle compte plus de 500 employ\u00e9s et un groupe d'ing\u00e9nieurs qualifi\u00e9s. Gr\u00e2ce \u00e0 notre riche exp\u00e9rience, nous avons acquis une bonne r\u00e9putation dans le monde entier.<\/p>\n<p>En tant que fabricant en gros de bouteilles de spiritueux avec bouchons, Ruisheng se concentre sur la fabrication de bouteilles en verre de qualit\u00e9 sup\u00e9rieure, telles que la bouteille de vodka, la bouteille de brandy, la bouteille de whisky, la bouteille de liqueur, la bouteille de confiture et ainsi de suite. Nous pouvons \u00e9galement proposer des bouteilles de spiritueux de diff\u00e9rentes couleurs en gros, telles que des bouteilles en verre ambr\u00e9, des bouteilles vertes, des bouteilles en verre blanc, des bouteilles en verre transparent, etc. Nos principaux march\u00e9s sont le Royaume-Uni, les \u00c9tats-Unis, l'Australie, le Canada et de nombreux autres pays. Tous nos produits jouissent d'une excellente r\u00e9putation en mati\u00e8re d'innovation et de fonctionnalit\u00e9.<\/p>\n<p>Nous sommes engag\u00e9s dans l'exportation depuis de nombreuses ann\u00e9es, nous avons un contr\u00f4le strict de la qualit\u00e9 et des d\u00e9lais de livraison, nous sommes un d\u00e9partement sp\u00e9cialis\u00e9 dans les affaires internationales, nous pouvons fournir le meilleur service avant et apr\u00e8s-vente et nous vous r\u00e9pondrons \u00e0 temps si vous avez des doutes. Nous fabriquons des bouteilles depuis des ann\u00e9es et leur prix est standard. Nous pensons que nos prix sont raisonnables compte tenu de la qualit\u00e9 de nos bouteilles.<\/p>\n<p>La bouteille en verre de 50 ml avec bouchons est fabriqu\u00e9e \u00e0 partir de verre \u00e0 haute teneur en silex, ce qui rend la bouteille en verre plus claire, plus durable et plus lisse.  Elle convient \u00e0 l'emballage de liqueurs, de vodka, de brandy, de whisky, de confitures, etc.<\/p>\n<h2>D\u00e9tails sur les fabricants de flacons en verre 50ml de qualit\u00e9 sup\u00e9rieure<\/h2>\n<ul>\n<li>Mat\u00e9riau principal : verre \u00e0 haute teneur en silex<\/li>\n<li>Bouchon : li\u00e8ge<\/li>\n<li>R\u00e9f\u00e9rence : R-0704<\/li>\n<li>MOQ : 10000 PCS<\/li>\n<li>Capacit\u00e9 : 50ml<\/li>\n<li>Pcs\/Ctn : 24pcs<\/li>\n<li>Origine du lieu : Shandong, Chine<\/li>\n<li>Caract\u00e9ristique : Respectueux de l'environnement<\/li>\n<\/ul>\n<p>Comment choisir des bouteilles en verre pour e-liquide ? Choisir la bonne bouteille de liqueur miniature en vrac, c'est d'abord choisir la qualit\u00e9 de la bouteille de liquide, une bouteille en verre de haute qualit\u00e9 pouvant garantir la qualit\u00e9 de la liqueur et am\u00e9liorer sa valeur. En outre, les clients doivent \u00e9galement pr\u00eater attention \u00e0 la qualit\u00e9 des produits de liqueur, \u00e0 la saveur de la liqueur et \u00e0 la propagande culturelle pour s\u00e9lectionner la bouteille en verre de e-liquide. En outre, pour choisir et acheter une bouteille de liqueur, il faut choisir un fabricant habituel de bouteilles de liqueur, afin de garantir la qualit\u00e9 et le prix des bouteilles d'alcool.<\/p>\n<p>Si vous \u00eates int\u00e9ress\u00e9 par nos flacons en verre de 50 ml de qualit\u00e9 sup\u00e9rieure, veuillez nous contacter. Nous vous r\u00e9pondrons dans les 24 heures.<\/p>","protected":false},"excerpt":{"rendered":"<p>Le flacon en verre de 50 ml avec bouchon de qualit\u00e9 sup\u00e9rieure est fabriqu\u00e9 en verre flint de haute qualit\u00e9. Ce verre est plus clair, plus durable et plus lisse. Il convient parfaitement \u00e0 l'emballage de liqueurs, de vodka, de brandy, de whisky, de confitures, etc.<\/p>","protected":false},"featured_media":4240,"comment_status":"closed","ping_status":"closed","template":"","meta":[],"product_cat":[48],"class_list":{"0":"post-4239","1":"product","2":"type-product","3":"status-publish","4":"has-post-thumbnail","6":"product_cat-50ml-mini-liquor-bottle-manufacturer","8":"first","9":"instock","10":"shipping-taxable","11":"product-type-simple"},"yoast_head":"<!-- This site is optimized with the Yoast SEO plugin v22.0 - https:\/\/yoast.com\/wordpress\/plugins\/seo\/ -->\n<title>Top Grade 50ml Glass Bottles Manufacturers | Miniature Liquor Bottles Bulk<\/title>\n<meta name=\"description\" content=\"Buy Top Grade 50ml Glass Bottles Wholesale From China Liquor Bottle Factory. Outlet Cheap Price&amp;Free Sample. Get Miniature Liquor Bottles Bulk Price Now.\" \/>\n<meta name=\"robots\" content=\"index, follow, max-snippet:-1, max-image-preview:large, max-video-preview:-1\" \/>\n<link rel=\"canonical\" href=\"https:\/\/ruishengglassco.com\/fr\/produit\/bouteilles-carrees-en-verre-de-qualite-superieure-50ml-vente-en-gros\" \/>\n<meta property=\"og:locale\" content=\"fr_FR\" \/>\n<meta property=\"og:type\" content=\"article\" \/>\n<meta property=\"og:title\" content=\"Top Grade 50ml Glass Bottles Manufacturers | Miniature Liquor Bottles Bulk\" \/>\n<meta property=\"og:description\" content=\"Buy Top Grade 50ml Glass Bottles Wholesale From China Liquor Bottle Factory. Outlet Cheap Price&amp;Free Sample. Get Miniature Liquor Bottles Bulk Price Now.\" \/>\n<meta property=\"og:url\" content=\"https:\/\/ruishengglassco.com\/fr\/produit\/bouteilles-carrees-en-verre-de-qualite-superieure-50ml-vente-en-gros\" \/>\n<meta property=\"article:publisher\" content=\"https:\/\/www.facebook.com\/ruishengglassbottles\" \/>\n<meta property=\"article:modified_time\" content=\"2025-07-17T06:04:46+00:00\" \/>\n<meta property=\"og:image\" content=\"https:\/\/ruishengglassco.com\/wp-content\/uploads\/2025\/03\/Top-Grade-50ml-Square-Glass-Bottles-Wholesale.webp\" \/>\n\t<meta property=\"og:image:width\" content=\"800\" \/>\n\t<meta property=\"og:image:height\" content=\"800\" \/>\n\t<meta property=\"og:image:type\" content=\"image\/webp\" \/>\n<meta name=\"twitter:card\" content=\"summary_large_image\" \/>\n<meta name=\"twitter:label1\" content=\"Dur\u00e9e de lecture estim\u00e9e\" \/>\n\t<meta name=\"twitter:data1\" content=\"2 minutes\" \/>\n<script type=\"application\/ld+json\" class=\"yoast-schema-graph\">{\"@context\":\"https:\/\/schema.org\",\"@graph\":[{\"@type\":\"WebPage\",\"@id\":\"https:\/\/ruishengglassco.com\/product\/top-grade-50ml-square-glass-bottles-wholesale\",\"url\":\"https:\/\/ruishengglassco.com\/product\/top-grade-50ml-square-glass-bottles-wholesale\",\"name\":\"Top Grade 50ml Glass Bottles Manufacturers | Miniature Liquor Bottles Bulk\",\"isPartOf\":{\"@id\":\"https:\/\/ruishengglassco.com\/#website\"},\"datePublished\":\"2025-03-15T02:33:44+00:00\",\"dateModified\":\"2025-07-17T06:04:46+00:00\",\"description\":\"Buy Top Grade 50ml Glass Bottles Wholesale From China Liquor Bottle Factory. Outlet Cheap Price&Free Sample. Get Miniature Liquor Bottles Bulk Price Now.\",\"breadcrumb\":{\"@id\":\"https:\/\/ruishengglassco.com\/product\/top-grade-50ml-square-glass-bottles-wholesale#breadcrumb\"},\"inLanguage\":\"fr-FR\",\"potentialAction\":[{\"@type\":\"ReadAction\",\"target\":[\"https:\/\/ruishengglassco.com\/product\/top-grade-50ml-square-glass-bottles-wholesale\"]}]},{\"@type\":\"BreadcrumbList\",\"@id\":\"https:\/\/ruishengglassco.com\/product\/top-grade-50ml-square-glass-bottles-wholesale#breadcrumb\",\"itemListElement\":[{\"@type\":\"ListItem\",\"position\":1,\"name\":\"Home\",\"item\":\"https:\/\/ruishengglassco.com\/\"},{\"@type\":\"ListItem\",\"position\":2,\"name\":\"Products\",\"item\":\"https:\/\/ruishengglassco.com\/products\"},{\"@type\":\"ListItem\",\"position\":3,\"name\":\"Top Grade 50ml Square Glass Bottles Manufacturers\"}]},{\"@type\":\"WebSite\",\"@id\":\"https:\/\/ruishengglassco.com\/#website\",\"url\":\"https:\/\/ruishengglassco.com\/\",\"name\":\"Ruisheng Glass\",\"description\":\"\",\"publisher\":{\"@id\":\"https:\/\/ruishengglassco.com\/#organization\"},\"potentialAction\":[{\"@type\":\"SearchAction\",\"target\":{\"@type\":\"EntryPoint\",\"urlTemplate\":\"https:\/\/ruishengglassco.com\/?s={search_term_string}\"},\"query-input\":\"required name=search_term_string\"}],\"inLanguage\":\"fr-FR\"},{\"@type\":\"Organization\",\"@id\":\"https:\/\/ruishengglassco.com\/#organization\",\"name\":\"Shandong Yuncheng Ruisheng Glass Co., Ltd\",\"url\":\"https:\/\/ruishengglassco.com\/\",\"logo\":{\"@type\":\"ImageObject\",\"inLanguage\":\"fr-FR\",\"@id\":\"https:\/\/ruishengglassco.com\/#\/schema\/logo\/image\/\",\"url\":\"https:\/\/ruishengglassco.com\/wp-content\/uploads\/2023\/09\/ruisheng_logo_icon.webp\",\"contentUrl\":\"https:\/\/ruishengglassco.com\/wp-content\/uploads\/2023\/09\/ruisheng_logo_icon.webp\",\"width\":400,\"height\":233,\"caption\":\"Shandong Yuncheng Ruisheng Glass Co., Ltd\"},\"image\":{\"@id\":\"https:\/\/ruishengglassco.com\/#\/schema\/logo\/image\/\"},\"sameAs\":[\"https:\/\/www.facebook.com\/ruishengglassbottles\",\"https:\/\/www.instagram.com\/Ruishengglassbottlewholesales\/\",\"https:\/\/www.youtube.com\/channel\/UCMmbMNGwsL-XrtjfSFLCdVQ\"]}]}<\/script>\n<!-- \/ Yoast SEO plugin. -->","yoast_head_json":{"title":"Top Grade 50ml Glass Bottles Manufacturers | Miniature Liquor Bottles Bulk","description":"Buy Top Grade 50ml Glass Bottles Wholesale From China Liquor Bottle Factory. Outlet Cheap Price&Free Sample. Get Miniature Liquor Bottles Bulk Price Now.","robots":{"index":"index","follow":"follow","max-snippet":"max-snippet:-1","max-image-preview":"max-image-preview:large","max-video-preview":"max-video-preview:-1"},"canonical":"https:\/\/ruishengglassco.com\/fr\/produit\/bouteilles-carrees-en-verre-de-qualite-superieure-50ml-vente-en-gros","og_locale":"fr_FR","og_type":"article","og_title":"Top Grade 50ml Glass Bottles Manufacturers | Miniature Liquor Bottles Bulk","og_description":"Buy Top Grade 50ml Glass Bottles Wholesale From China Liquor Bottle Factory. Outlet Cheap Price&Free Sample. Get Miniature Liquor Bottles Bulk Price Now.","og_url":"https:\/\/ruishengglassco.com\/fr\/produit\/bouteilles-carrees-en-verre-de-qualite-superieure-50ml-vente-en-gros","article_publisher":"https:\/\/www.facebook.com\/ruishengglassbottles","article_modified_time":"2025-07-17T06:04:46+00:00","og_image":[{"width":800,"height":800,"url":"https:\/\/ruishengglassco.com\/wp-content\/uploads\/2025\/03\/Top-Grade-50ml-Square-Glass-Bottles-Wholesale.webp","type":"image\/webp"}],"twitter_card":"summary_large_image","twitter_misc":{"Dur\u00e9e de lecture estim\u00e9e":"2 minutes"},"schema":{"@context":"https:\/\/schema.org","@graph":[{"@type":"WebPage","@id":"https:\/\/ruishengglassco.com\/product\/top-grade-50ml-square-glass-bottles-wholesale","url":"https:\/\/ruishengglassco.com\/product\/top-grade-50ml-square-glass-bottles-wholesale","name":"Top Grade 50ml Glass Bottles Manufacturers | Miniature Liquor Bottles Bulk","isPartOf":{"@id":"https:\/\/ruishengglassco.com\/#website"},"datePublished":"2025-03-15T02:33:44+00:00","dateModified":"2025-07-17T06:04:46+00:00","description":"Buy Top Grade 50ml Glass Bottles Wholesale From China Liquor Bottle Factory. Outlet Cheap Price&Free Sample. Get Miniature Liquor Bottles Bulk Price Now.","breadcrumb":{"@id":"https:\/\/ruishengglassco.com\/product\/top-grade-50ml-square-glass-bottles-wholesale#breadcrumb"},"inLanguage":"fr-FR","potentialAction":[{"@type":"ReadAction","target":["https:\/\/ruishengglassco.com\/product\/top-grade-50ml-square-glass-bottles-wholesale"]}]},{"@type":"BreadcrumbList","@id":"https:\/\/ruishengglassco.com\/product\/top-grade-50ml-square-glass-bottles-wholesale#breadcrumb","itemListElement":[{"@type":"ListItem","position":1,"name":"Home","item":"https:\/\/ruishengglassco.com\/"},{"@type":"ListItem","position":2,"name":"Products","item":"https:\/\/ruishengglassco.com\/products"},{"@type":"ListItem","position":3,"name":"Top Grade 50ml Square Glass Bottles Manufacturers"}]},{"@type":"WebSite","@id":"https:\/\/ruishengglassco.com\/#website","url":"https:\/\/ruishengglassco.com\/","name":"Ruisheng Glass","description":"","publisher":{"@id":"https:\/\/ruishengglassco.com\/#organization"},"potentialAction":[{"@type":"SearchAction","target":{"@type":"EntryPoint","urlTemplate":"https:\/\/ruishengglassco.com\/?s={search_term_string}"},"query-input":"required name=search_term_string"}],"inLanguage":"fr-FR"},{"@type":"Organization","@id":"https:\/\/ruishengglassco.com\/#organization","name":"Shandong Yuncheng Ruisheng Glass Co., Ltd","url":"https:\/\/ruishengglassco.com\/","logo":{"@type":"ImageObject","inLanguage":"fr-FR","@id":"https:\/\/ruishengglassco.com\/#\/schema\/logo\/image\/","url":"https:\/\/ruishengglassco.com\/wp-content\/uploads\/2023\/09\/ruisheng_logo_icon.webp","contentUrl":"https:\/\/ruishengglassco.com\/wp-content\/uploads\/2023\/09\/ruisheng_logo_icon.webp","width":400,"height":233,"caption":"Shandong Yuncheng Ruisheng Glass Co., Ltd"},"image":{"@id":"https:\/\/ruishengglassco.com\/#\/schema\/logo\/image\/"},"sameAs":["https:\/\/www.facebook.com\/ruishengglassbottles","https:\/\/www.instagram.com\/Ruishengglassbottlewholesales\/","https:\/\/www.youtube.com\/channel\/UCMmbMNGwsL-XrtjfSFLCdVQ"]}]}},"_links":{"self":[{"href":"https:\/\/ruishengglassco.com\/fr\/wp-json\/wp\/v2\/product\/4239","targetHints":{"allow":["GET"]}}],"collection":[{"href":"https:\/\/ruishengglassco.com\/fr\/wp-json\/wp\/v2\/product"}],"about":[{"href":"https:\/\/ruishengglassco.com\/fr\/wp-json\/wp\/v2\/types\/product"}],"replies":[{"embeddable":true,"href":"https:\/\/ruishengglassco.com\/fr\/wp-json\/wp\/v2\/comments?post=4239"}],"wp:featuredmedia":[{"embeddable":true,"href":"https:\/\/ruishengglassco.com\/fr\/wp-json\/wp\/v2\/media\/4240"}],"wp:attachment":[{"href":"https:\/\/ruishengglassco.com\/fr\/wp-json\/wp\/v2\/media?parent=4239"}],"wp:term":[{"taxonomy":"product_cat","embeddable":true,"href":"https:\/\/ruishengglassco.com\/fr\/wp-json\/wp\/v2\/product_cat?post=4239"}],"curies":[{"name":"wp","href":"https:\/\/api.w.org\/{rel}","templated":true}]}}