{"id":4228,"date":"2025-03-15T10:09:11","date_gmt":"2025-03-15T02:09:11","guid":{"rendered":"https:\/\/ruishengglassco.com\/?post_type=product&#038;p=4228"},"modified":"2025-07-17T14:00:46","modified_gmt":"2025-07-17T06:00:46","slug":"rs086-wholesale-70cl-long-neck-round-whiskey-bottle-corked","status":"publish","type":"product","link":"https:\/\/ruishengglassco.com\/fr\/produit\/rs086-wholesale-70cl-long-neck-round-whiskey-bottle-corked","title":{"rendered":"RS086 : Bouteille de whisky ronde \u00e0 long col de 70cl bouch\u00e9e"},"content":{"rendered":"<p><span data-preserver-spaces=\"true\">Les bouteilles de whisky en vrac de RS ont une contenance de 70cl et sont fabriqu\u00e9es en verre \u00e0 haute teneur en quartz. Ce mat\u00e9riau rend les bouteilles plus claires, plus r\u00e9sistantes et plus douces que celles fabriqu\u00e9es avec d'autres mat\u00e9riaux. Les bouteilles de whisky en vrac de RS sont fabriqu\u00e9es \u00e0 partir de verre de haute qualit\u00e9. <\/span><span data-preserver-spaces=\"true\">sont principalement utilis\u00e9s<\/span><span data-preserver-spaces=\"true\"> pour les liqueurs, le whisky, la vodka, les boissons, l'eau et autres liquides.<\/span><\/p>\n<p><span data-preserver-spaces=\"true\">Ces bouteilles de whisky rondes de 70cl ont un long col. Nous acceptons \u00e9galement les services de bouteilles de whisky en verre personnalis\u00e9es. <\/span><span data-preserver-spaces=\"true\">Dans le cadre de ce service personnalis\u00e9 de bouteilles en verre, vous pouvez <\/span><span data-preserver-spaces=\"true\">personnaliser les diff\u00e9rents<\/span><span data-preserver-spaces=\"true\"> formes de bouteilles en verre, <\/span><span data-preserver-spaces=\"true\">tels que<\/span><span data-preserver-spaces=\"true\"> ronde <\/span><span data-preserver-spaces=\"true\">forme<\/span><span data-preserver-spaces=\"true\">, carr\u00e9 <\/span><span data-preserver-spaces=\"true\">forme<\/span><span data-preserver-spaces=\"true\">rationalis\u00e9 <\/span><span data-preserver-spaces=\"true\">forme<\/span><span data-preserver-spaces=\"true\">cr\u00e2ne <\/span><span data-preserver-spaces=\"true\">forme, etc.<\/span><span data-preserver-spaces=\"true\">.<\/span><span data-preserver-spaces=\"true\"> Diff\u00e9rentes capacit\u00e9s de bouteilles en verre sont disponibles : 50 ml, 100 ml, 250 ml, 350 ml, 500 ml, 700 ml, 750 ml, 1000 ml, 1,5 L et autres. <\/span><span data-preserver-spaces=\"true\">Et nous<\/span><span data-preserver-spaces=\"true\"> acceptent \u00e9galement les marques priv\u00e9es personnalis\u00e9es et les <\/span><span data-preserver-spaces=\"true\">Service du logo<\/span><span data-preserver-spaces=\"true\">.<\/span><span data-preserver-spaces=\"true\"> Nous pouvons vous offrir ce dont vous avez besoin !<\/span><\/p>\n<h2><span data-preserver-spaces=\"true\">\u00a0<\/span><\/h2>\n<p><span style=\"font-size: 23.04px; color: #333333;\">Obtenir des informations sur le prix des bouteilles de whisky en vrac<\/span><\/p>\n<ul>\n<li>Nom : Bouteilles de whisky en verre - vente en gros<\/li>\n<li>Pays d'origine\uff1aChine<\/li>\n<li>Mat\u00e9riau principal : verre \u00e0 haute teneur en silex<\/li>\n<li>Bouchon : Bouchon en li\u00e8ge ( Nous pouvons changer le bouchon en bouchon \u00e0 vis si vous le souhaitez )<\/li>\n<li>R\u00e9f\u00e9rence : RS086<\/li>\n<li>MOQ : 1x 40\u2033 GP<\/li>\n<li>Capacit\u00e9 : 700ml<\/li>\n<li>Mode d'emballage : Carton standard d'exportation\/Palette\/Carton standard d'exportation et palette<\/li>\n<li>Origine du lieu : Shandong, Chine<\/li>\n<li>Caract\u00e9ristique : Respectueux de l'environnement<\/li>\n<\/ul>\n<p>Notre usine compte plus de 500 employ\u00e9s et environ 30 membres du service du contr\u00f4le de la qualit\u00e9 pour v\u00e9rifier la qualit\u00e9 des bouteilles de verre en gros. Toutes les bouteilles de whisky vides sont export\u00e9es apr\u00e8s avoir pass\u00e9 le contr\u00f4le de qualit\u00e9.<\/p>\n<p>En outre, un groupe d'ing\u00e9nieurs qualifi\u00e9s s'occupe des t\u00e2ches telles que le dessin des bouteilles, la conception des \u00e9tiquettes et r\u00e9pond \u00e0 toutes les questions entre les vendeurs et les clients. Forts d'une riche exp\u00e9rience, nous jouissons d'une bonne r\u00e9putation dans le monde entier.<\/p>\n<p>Nos principaux produits sont des bouteilles en verre de qualit\u00e9 sup\u00e9rieure, telles que des bouteilles de vodka, de brandy, de whisky, de liqueur, de rhum, etc. Nous pouvons \u00e9galement proposer des bouteilles en verre ambr\u00e9, des bouteilles vertes et des bouteilles transparentes.<\/p>\n<p>Si vous \u00eates int\u00e9ress\u00e9 par nos bouteilles de whisky rondes \u00e0 long col de 70cl avec couvercles, veuillez nous contacter. Si vous souhaitez cr\u00e9er des bouteilles en verre personnalis\u00e9es, n'h\u00e9sitez pas \u00e0 nous contacter. Nous sommes heureux de recevoir votre demande concernant les meilleures bouteilles de whisky en verre.<\/p>","protected":false},"excerpt":{"rendered":"<p>Ruisheng est un fabricant de bouteilles de whisky qui a plus de 10 ans d'exp\u00e9rience dans la fabrication de bouteilles en verre. Nous fabriquons des bouteilles en verre de haute qualit\u00e9 pour les liqueurs, le whisky, le brandy, la vodka, etc. Notre usine est sp\u00e9cialis\u00e9e dans la production de bouteilles de whisky. Nos bouteilles de whisky sont principalement export\u00e9es vers les Etats-Unis, le Royaume-Uni, la Russie, l'Australie, etc. Si vous \u00eates int\u00e9ress\u00e9 par les prix des bouteilles de whisky en vrac, n'h\u00e9sitez pas \u00e0 me contacter.<\/p>","protected":false},"featured_media":4229,"comment_status":"closed","ping_status":"closed","template":"","meta":[],"product_cat":[45,54],"class_list":{"0":"post-4228","1":"product","2":"type-product","3":"status-publish","4":"has-post-thumbnail","6":"product_cat-custom-glass-bottle","7":"product_cat-whiskey-bottle","9":"first","10":"instock","11":"shipping-taxable","12":"product-type-simple"},"yoast_head":"<!-- This site is optimized with the Yoast SEO plugin v22.0 - https:\/\/yoast.com\/wordpress\/plugins\/seo\/ -->\n<title>Bulk Whiskey Bottles Price | Custom Long Neck Glass Bottles-RS<\/title>\n<meta name=\"description\" content=\"Ruisheng, top liquor bottle manufacturer, custom long neck glass bottles for Whsikey, Brandy, Vodka, and other liquor. Get Bulk Whiskey Bottles Price Here.\" \/>\n<meta name=\"robots\" content=\"index, follow, max-snippet:-1, max-image-preview:large, max-video-preview:-1\" \/>\n<link rel=\"canonical\" href=\"https:\/\/ruishengglassco.com\/fr\/produit\/rs086-wholesale-70cl-long-neck-round-whiskey-bottle-corked\" \/>\n<meta property=\"og:locale\" content=\"fr_FR\" \/>\n<meta property=\"og:type\" content=\"article\" \/>\n<meta property=\"og:title\" content=\"Bulk Whiskey Bottles Price | Custom Long Neck Glass Bottles-RS\" \/>\n<meta property=\"og:description\" content=\"Ruisheng, top liquor bottle manufacturer, custom long neck glass bottles for Whsikey, Brandy, Vodka, and other liquor. Get Bulk Whiskey Bottles Price Here.\" \/>\n<meta property=\"og:url\" content=\"https:\/\/ruishengglassco.com\/fr\/produit\/rs086-wholesale-70cl-long-neck-round-whiskey-bottle-corked\" \/>\n<meta property=\"article:publisher\" content=\"https:\/\/www.facebook.com\/ruishengglassbottles\" \/>\n<meta property=\"article:modified_time\" content=\"2025-07-17T06:00:46+00:00\" \/>\n<meta property=\"og:image\" content=\"https:\/\/ruishengglassco.com\/wp-content\/uploads\/2025\/03\/RS086-Wholesale-70cl-Long-Neck-Round-Whiskey-Bottle-Corked.webp\" \/>\n\t<meta property=\"og:image:width\" content=\"400\" \/>\n\t<meta property=\"og:image:height\" content=\"400\" \/>\n\t<meta property=\"og:image:type\" content=\"image\/webp\" \/>\n<meta name=\"twitter:card\" content=\"summary_large_image\" \/>\n<meta name=\"twitter:label1\" content=\"Dur\u00e9e de lecture estim\u00e9e\" \/>\n\t<meta name=\"twitter:data1\" content=\"2 minutes\" \/>\n<script type=\"application\/ld+json\" class=\"yoast-schema-graph\">{\"@context\":\"https:\/\/schema.org\",\"@graph\":[{\"@type\":\"WebPage\",\"@id\":\"https:\/\/ruishengglassco.com\/product\/rs086-wholesale-70cl-long-neck-round-whiskey-bottle-corked\",\"url\":\"https:\/\/ruishengglassco.com\/product\/rs086-wholesale-70cl-long-neck-round-whiskey-bottle-corked\",\"name\":\"Bulk Whiskey Bottles Price | Custom Long Neck Glass Bottles-RS\",\"isPartOf\":{\"@id\":\"https:\/\/ruishengglassco.com\/#website\"},\"datePublished\":\"2025-03-15T02:09:11+00:00\",\"dateModified\":\"2025-07-17T06:00:46+00:00\",\"description\":\"Ruisheng, top liquor bottle manufacturer, custom long neck glass bottles for Whsikey, Brandy, Vodka, and other liquor. Get Bulk Whiskey Bottles Price Here.\",\"breadcrumb\":{\"@id\":\"https:\/\/ruishengglassco.com\/product\/rs086-wholesale-70cl-long-neck-round-whiskey-bottle-corked#breadcrumb\"},\"inLanguage\":\"fr-FR\",\"potentialAction\":[{\"@type\":\"ReadAction\",\"target\":[\"https:\/\/ruishengglassco.com\/product\/rs086-wholesale-70cl-long-neck-round-whiskey-bottle-corked\"]}]},{\"@type\":\"BreadcrumbList\",\"@id\":\"https:\/\/ruishengglassco.com\/product\/rs086-wholesale-70cl-long-neck-round-whiskey-bottle-corked#breadcrumb\",\"itemListElement\":[{\"@type\":\"ListItem\",\"position\":1,\"name\":\"Home\",\"item\":\"https:\/\/ruishengglassco.com\/\"},{\"@type\":\"ListItem\",\"position\":2,\"name\":\"Products\",\"item\":\"https:\/\/ruishengglassco.com\/products\"},{\"@type\":\"ListItem\",\"position\":3,\"name\":\"RS086: 70cl Long Neck Round Whiskey Bottle Corked\"}]},{\"@type\":\"WebSite\",\"@id\":\"https:\/\/ruishengglassco.com\/#website\",\"url\":\"https:\/\/ruishengglassco.com\/\",\"name\":\"Ruisheng Glass\",\"description\":\"\",\"publisher\":{\"@id\":\"https:\/\/ruishengglassco.com\/#organization\"},\"potentialAction\":[{\"@type\":\"SearchAction\",\"target\":{\"@type\":\"EntryPoint\",\"urlTemplate\":\"https:\/\/ruishengglassco.com\/?s={search_term_string}\"},\"query-input\":\"required name=search_term_string\"}],\"inLanguage\":\"fr-FR\"},{\"@type\":\"Organization\",\"@id\":\"https:\/\/ruishengglassco.com\/#organization\",\"name\":\"Shandong Yuncheng Ruisheng Glass Co., Ltd\",\"url\":\"https:\/\/ruishengglassco.com\/\",\"logo\":{\"@type\":\"ImageObject\",\"inLanguage\":\"fr-FR\",\"@id\":\"https:\/\/ruishengglassco.com\/#\/schema\/logo\/image\/\",\"url\":\"https:\/\/ruishengglassco.com\/wp-content\/uploads\/2023\/09\/ruisheng_logo_icon.webp\",\"contentUrl\":\"https:\/\/ruishengglassco.com\/wp-content\/uploads\/2023\/09\/ruisheng_logo_icon.webp\",\"width\":400,\"height\":233,\"caption\":\"Shandong Yuncheng Ruisheng Glass Co., Ltd\"},\"image\":{\"@id\":\"https:\/\/ruishengglassco.com\/#\/schema\/logo\/image\/\"},\"sameAs\":[\"https:\/\/www.facebook.com\/ruishengglassbottles\",\"https:\/\/www.instagram.com\/Ruishengglassbottlewholesales\/\",\"https:\/\/www.youtube.com\/channel\/UCMmbMNGwsL-XrtjfSFLCdVQ\"]}]}<\/script>\n<!-- \/ Yoast SEO plugin. -->","yoast_head_json":{"title":"Bulk Whiskey Bottles Price | Custom Long Neck Glass Bottles-RS","description":"Ruisheng, top liquor bottle manufacturer, custom long neck glass bottles for Whsikey, Brandy, Vodka, and other liquor. Get Bulk Whiskey Bottles Price Here.","robots":{"index":"index","follow":"follow","max-snippet":"max-snippet:-1","max-image-preview":"max-image-preview:large","max-video-preview":"max-video-preview:-1"},"canonical":"https:\/\/ruishengglassco.com\/fr\/produit\/rs086-wholesale-70cl-long-neck-round-whiskey-bottle-corked","og_locale":"fr_FR","og_type":"article","og_title":"Bulk Whiskey Bottles Price | Custom Long Neck Glass Bottles-RS","og_description":"Ruisheng, top liquor bottle manufacturer, custom long neck glass bottles for Whsikey, Brandy, Vodka, and other liquor. Get Bulk Whiskey Bottles Price Here.","og_url":"https:\/\/ruishengglassco.com\/fr\/produit\/rs086-wholesale-70cl-long-neck-round-whiskey-bottle-corked","article_publisher":"https:\/\/www.facebook.com\/ruishengglassbottles","article_modified_time":"2025-07-17T06:00:46+00:00","og_image":[{"width":400,"height":400,"url":"https:\/\/ruishengglassco.com\/wp-content\/uploads\/2025\/03\/RS086-Wholesale-70cl-Long-Neck-Round-Whiskey-Bottle-Corked.webp","type":"image\/webp"}],"twitter_card":"summary_large_image","twitter_misc":{"Dur\u00e9e de lecture estim\u00e9e":"2 minutes"},"schema":{"@context":"https:\/\/schema.org","@graph":[{"@type":"WebPage","@id":"https:\/\/ruishengglassco.com\/product\/rs086-wholesale-70cl-long-neck-round-whiskey-bottle-corked","url":"https:\/\/ruishengglassco.com\/product\/rs086-wholesale-70cl-long-neck-round-whiskey-bottle-corked","name":"Bulk Whiskey Bottles Price | Custom Long Neck Glass Bottles-RS","isPartOf":{"@id":"https:\/\/ruishengglassco.com\/#website"},"datePublished":"2025-03-15T02:09:11+00:00","dateModified":"2025-07-17T06:00:46+00:00","description":"Ruisheng, top liquor bottle manufacturer, custom long neck glass bottles for Whsikey, Brandy, Vodka, and other liquor. Get Bulk Whiskey Bottles Price Here.","breadcrumb":{"@id":"https:\/\/ruishengglassco.com\/product\/rs086-wholesale-70cl-long-neck-round-whiskey-bottle-corked#breadcrumb"},"inLanguage":"fr-FR","potentialAction":[{"@type":"ReadAction","target":["https:\/\/ruishengglassco.com\/product\/rs086-wholesale-70cl-long-neck-round-whiskey-bottle-corked"]}]},{"@type":"BreadcrumbList","@id":"https:\/\/ruishengglassco.com\/product\/rs086-wholesale-70cl-long-neck-round-whiskey-bottle-corked#breadcrumb","itemListElement":[{"@type":"ListItem","position":1,"name":"Home","item":"https:\/\/ruishengglassco.com\/"},{"@type":"ListItem","position":2,"name":"Products","item":"https:\/\/ruishengglassco.com\/products"},{"@type":"ListItem","position":3,"name":"RS086: 70cl Long Neck Round Whiskey Bottle Corked"}]},{"@type":"WebSite","@id":"https:\/\/ruishengglassco.com\/#website","url":"https:\/\/ruishengglassco.com\/","name":"Ruisheng Glass","description":"","publisher":{"@id":"https:\/\/ruishengglassco.com\/#organization"},"potentialAction":[{"@type":"SearchAction","target":{"@type":"EntryPoint","urlTemplate":"https:\/\/ruishengglassco.com\/?s={search_term_string}"},"query-input":"required name=search_term_string"}],"inLanguage":"fr-FR"},{"@type":"Organization","@id":"https:\/\/ruishengglassco.com\/#organization","name":"Shandong Yuncheng Ruisheng Glass Co., Ltd","url":"https:\/\/ruishengglassco.com\/","logo":{"@type":"ImageObject","inLanguage":"fr-FR","@id":"https:\/\/ruishengglassco.com\/#\/schema\/logo\/image\/","url":"https:\/\/ruishengglassco.com\/wp-content\/uploads\/2023\/09\/ruisheng_logo_icon.webp","contentUrl":"https:\/\/ruishengglassco.com\/wp-content\/uploads\/2023\/09\/ruisheng_logo_icon.webp","width":400,"height":233,"caption":"Shandong Yuncheng Ruisheng Glass Co., Ltd"},"image":{"@id":"https:\/\/ruishengglassco.com\/#\/schema\/logo\/image\/"},"sameAs":["https:\/\/www.facebook.com\/ruishengglassbottles","https:\/\/www.instagram.com\/Ruishengglassbottlewholesales\/","https:\/\/www.youtube.com\/channel\/UCMmbMNGwsL-XrtjfSFLCdVQ"]}]}},"_links":{"self":[{"href":"https:\/\/ruishengglassco.com\/fr\/wp-json\/wp\/v2\/product\/4228","targetHints":{"allow":["GET"]}}],"collection":[{"href":"https:\/\/ruishengglassco.com\/fr\/wp-json\/wp\/v2\/product"}],"about":[{"href":"https:\/\/ruishengglassco.com\/fr\/wp-json\/wp\/v2\/types\/product"}],"replies":[{"embeddable":true,"href":"https:\/\/ruishengglassco.com\/fr\/wp-json\/wp\/v2\/comments?post=4228"}],"wp:featuredmedia":[{"embeddable":true,"href":"https:\/\/ruishengglassco.com\/fr\/wp-json\/wp\/v2\/media\/4229"}],"wp:attachment":[{"href":"https:\/\/ruishengglassco.com\/fr\/wp-json\/wp\/v2\/media?parent=4228"}],"wp:term":[{"taxonomy":"product_cat","embeddable":true,"href":"https:\/\/ruishengglassco.com\/fr\/wp-json\/wp\/v2\/product_cat?post=4228"}],"curies":[{"name":"wp","href":"https:\/\/api.w.org\/{rel}","templated":true}]}}