{"id":4226,"date":"2025-03-15T10:03:51","date_gmt":"2025-03-15T02:03:51","guid":{"rendered":"https:\/\/ruishengglassco.com\/?post_type=product&#038;p=4226"},"modified":"2025-07-16T17:20:56","modified_gmt":"2025-07-16T09:20:56","slug":"rs087-bouteilles-en-verre-colore-en-gros-bouteilles-de-whisky-personnalisees","status":"publish","type":"product","link":"https:\/\/ruishengglassco.com\/fr\/produit\/rs087-bouteilles-en-verre-colore-en-gros-bouteilles-de-whisky-personnalisees","title":{"rendered":"RS087 : Bouteilles en verre color\u00e9 Bouteilles de whisky personnalis\u00e9es"},"content":{"rendered":"<p>La forme de la bouteille de whisky en verre color\u00e9 en gros est fantaisiste ; sa forme est tr\u00e8s nouvelle. En tant que fournisseur professionnel de bouteilles en verre, nous produisons une large gamme de bouteilles en verre personnalis\u00e9es. Nous avons notre propre style de production.<\/p>\n<p>Nous disposons d'un moule pour la conception de bouteilles en verre, ce qui nous permet d'y imprimer votre marque et de changer la couleur selon votre choix. Nos concepteurs connaissent tr\u00e8s bien l'industrie de la bouteille en verre ; ils ont un sens unique de la bouteille en verre.<\/p>\n<p>Notre soci\u00e9t\u00e9 dispose de nombreux travailleurs exp\u00e9riment\u00e9s qui connaissent tr\u00e8s bien le processus de production de la bouteille en verre de whisky. Par cons\u00e9quent, la qualit\u00e9 de nos produits est tr\u00e8s \u00e9lev\u00e9e.<\/p>\n<h2>Grossiste Bouteilles en verre color\u00e9 Bouteilles de whisky personnalis\u00e9es<\/h2>\n<p>Les informations relatives \u00e0 la bouteille en verre sont les suivantes<\/p>\n<ul>\n<li>Mat\u00e9riau principal : verre \u00e0 haute teneur en silex<\/li>\n<li>Cap : Li\u00e8ge<\/li>\n<li>R\u00e9f\u00e9rence : RS087<\/li>\n<li>MOQ : 10000 PCS<\/li>\n<li>Capacit\u00e9 : sur mesure<\/li>\n<li>Pcs\/Ctn : 24pcs<\/li>\n<li>Origine du lieu : Shandong, Chine<\/li>\n<li>Caract\u00e9ristique : Respectueux de l'environnement<\/li>\n<\/ul>\n<p>Nos principaux produits sont des bouteilles en verre de qualit\u00e9 sup\u00e9rieure avec bouchon, notamment des bouteilles de vodka, de brandy, de whisky, de liqueur, de confiture, etc. Nous proposons \u00e9galement des bouteilles en verre ambr\u00e9, des bouteilles vertes et des bouteilles d'eau. Nos principaux march\u00e9s sont l'Europe, les \u00c9tats-Unis, l'Australie et le Canada. Tous nos produits sont r\u00e9put\u00e9s pour leur innovation et leur fonctionnalit\u00e9.<\/p>\n<p>Nous pouvons cr\u00e9er diff\u00e9rentes tailles pour cette bouteille en verre vide, comme 500 ml, 700 ml, 750 ml et 1000 ml. Nous pouvons \u00e9galement proc\u00e9der \u00e0 un traitement approfondi de la bouteille. Cela comprend l'impression, le gla\u00e7age et bien d'autres choses encore.<\/p>\n<p>Si vous \u00eates int\u00e9ress\u00e9 par cette bouteille de whisky personnalis\u00e9e, n'h\u00e9sitez pas \u00e0 nous contacter. Si vous n'aimez pas cette bouteille, nous pouvons vous donner le site web de notre soci\u00e9t\u00e9, et vous pouvez choisir quelqu'un que vous aimez.<\/p>\n<p>En outre, nous vous invitons \u00e0 visiter notre usine, o\u00f9 une personne vous guidera dans les installations.<\/p>\n<p>J'esp\u00e8re que cette bouteille vous plaira et que vous la commanderez.<\/p>\n<p>Si vous \u00eates int\u00e9ress\u00e9 par nos bouteilles en verre color\u00e9 en gros et nos bouteilles de whisky personnalis\u00e9es, veuillez nous contacter. Nous vous r\u00e9pondrons dans les 24 heures.<\/p>","protected":false},"excerpt":{"rendered":"<table class=\"tg\">\n<tbody>\n<tr>\n<th class=\"tg-24i8\" colspan=\"2\">Grossiste Bouteilles en verre color\u00e9 Bouteilles de whisky personnalis\u00e9es<\/th>\n<\/tr>\n<tr>\n<td class=\"tg-b7b8\">R\u00e9f\u00e9rence :<\/td>\n<td class=\"tg-b7b8\">RS087<\/td>\n<\/tr>\n<tr>\n<td class=\"tg-yw4l\">Mat\u00e9riau principal :<\/td>\n<td class=\"tg-yw4l\">Verre \u00e0 haute teneur en silex (ce mat\u00e9riau est \u00e9galement appel\u00e9 verre blanc cristallin)<\/td>\n<\/tr>\n<tr>\n<td class=\"tg-b7b8\">Cap :<\/td>\n<td class=\"tg-b7b8\">Li\u00e8ge<\/td>\n<\/tr>\n<tr>\n<td class=\"tg-yw4l\">Capacit\u00e9 :<\/td>\n<td class=\"tg-yw4l\">Sur mesure<\/td>\n<\/tr>\n<tr>\n<td class=\"tg-b7b8\">Fonctionnalit\u00e9 :<\/td>\n<td class=\"tg-b7b8\">Respect de l'environnement<\/td>\n<\/tr>\n<tr>\n<td class=\"tg-yw4l\">MOQ :<\/td>\n<td class=\"tg-yw4l\">10000 PCS<\/td>\n<\/tr>\n<tr>\n<td class=\"tg-b7b8\">Mode d'emballage :<\/td>\n<td class=\"tg-b7b8\">Carton standard pour l'exportation \/ Palette \/ carton standard pour l'exportation et palette<\/td>\n<\/tr>\n<tr>\n<td class=\"tg-yw4l\">OEM\/ODM :<\/td>\n<td class=\"tg-yw4l\">Bienvenue<\/td>\n<\/tr>\n<tr>\n<td class=\"tg-b7b8\">Origine du lieu :<\/td>\n<td class=\"tg-b7b8\">Shandong, Chine<\/td>\n<\/tr>\n<tr>\n<td class=\"tg-yw4l\">Pcs\/Ctn :<\/td>\n<td class=\"tg-yw4l\">24pcs ou selon la demande du client<\/td>\n<\/tr>\n<\/tbody>\n<\/table>","protected":false},"featured_media":4227,"comment_status":"closed","ping_status":"closed","template":"","meta":[],"product_cat":[45,54],"class_list":{"0":"post-4226","1":"product","2":"type-product","3":"status-publish","4":"has-post-thumbnail","6":"product_cat-custom-glass-bottle","7":"product_cat-whiskey-bottle","9":"first","10":"instock","11":"shipping-taxable","12":"product-type-simple"},"yoast_head":"<!-- This site is optimized with the Yoast SEO plugin v22.0 - https:\/\/yoast.com\/wordpress\/plugins\/seo\/ -->\n<title>Colored Glass Bottles Custom Whiskey Bottles<\/title>\n<meta name=\"description\" content=\"The wholesale colored glass bottles custom whiskey bottles shape is fancy,its shape is very novel.Main material: high flint glass\" \/>\n<meta name=\"robots\" content=\"index, follow, max-snippet:-1, max-image-preview:large, max-video-preview:-1\" \/>\n<link rel=\"canonical\" href=\"https:\/\/ruishengglassco.com\/fr\/produit\/rs087-bouteilles-en-verre-colore-en-gros-bouteilles-de-whisky-personnalisees\" \/>\n<meta property=\"og:locale\" content=\"fr_FR\" \/>\n<meta property=\"og:type\" content=\"article\" \/>\n<meta property=\"og:title\" content=\"Colored Glass Bottles Custom Whiskey Bottles\" \/>\n<meta property=\"og:description\" content=\"The wholesale colored glass bottles custom whiskey bottles shape is fancy,its shape is very novel.Main material: high flint glass\" \/>\n<meta property=\"og:url\" content=\"https:\/\/ruishengglassco.com\/fr\/produit\/rs087-bouteilles-en-verre-colore-en-gros-bouteilles-de-whisky-personnalisees\" \/>\n<meta property=\"article:publisher\" content=\"https:\/\/www.facebook.com\/ruishengglassbottles\" \/>\n<meta property=\"article:modified_time\" content=\"2025-07-16T09:20:56+00:00\" \/>\n<meta property=\"og:image\" content=\"https:\/\/ruishengglassco.com\/wp-content\/uploads\/2025\/03\/RS087-Wholesale-Colored-Glass-Bottles-Custom-Whiskey-Bottles.webp\" \/>\n\t<meta property=\"og:image:width\" content=\"400\" \/>\n\t<meta property=\"og:image:height\" content=\"400\" \/>\n\t<meta property=\"og:image:type\" content=\"image\/webp\" \/>\n<meta name=\"twitter:card\" content=\"summary_large_image\" \/>\n<meta name=\"twitter:label1\" content=\"Dur\u00e9e de lecture estim\u00e9e\" \/>\n\t<meta name=\"twitter:data1\" content=\"2 minutes\" \/>\n<script type=\"application\/ld+json\" class=\"yoast-schema-graph\">{\"@context\":\"https:\/\/schema.org\",\"@graph\":[{\"@type\":\"WebPage\",\"@id\":\"https:\/\/ruishengglassco.com\/product\/rs087-wholesale-colored-glass-bottles-custom-whiskey-bottles\",\"url\":\"https:\/\/ruishengglassco.com\/product\/rs087-wholesale-colored-glass-bottles-custom-whiskey-bottles\",\"name\":\"Colored Glass Bottles Custom Whiskey Bottles\",\"isPartOf\":{\"@id\":\"https:\/\/ruishengglassco.com\/#website\"},\"datePublished\":\"2025-03-15T02:03:51+00:00\",\"dateModified\":\"2025-07-16T09:20:56+00:00\",\"description\":\"The wholesale colored glass bottles custom whiskey bottles shape is fancy,its shape is very novel.Main material: high flint glass\",\"breadcrumb\":{\"@id\":\"https:\/\/ruishengglassco.com\/product\/rs087-wholesale-colored-glass-bottles-custom-whiskey-bottles#breadcrumb\"},\"inLanguage\":\"fr-FR\",\"potentialAction\":[{\"@type\":\"ReadAction\",\"target\":[\"https:\/\/ruishengglassco.com\/product\/rs087-wholesale-colored-glass-bottles-custom-whiskey-bottles\"]}]},{\"@type\":\"BreadcrumbList\",\"@id\":\"https:\/\/ruishengglassco.com\/product\/rs087-wholesale-colored-glass-bottles-custom-whiskey-bottles#breadcrumb\",\"itemListElement\":[{\"@type\":\"ListItem\",\"position\":1,\"name\":\"Home\",\"item\":\"https:\/\/ruishengglassco.com\/\"},{\"@type\":\"ListItem\",\"position\":2,\"name\":\"Products\",\"item\":\"https:\/\/ruishengglassco.com\/products\"},{\"@type\":\"ListItem\",\"position\":3,\"name\":\"RS087: Colored Glass Bottles Custom Whiskey Bottles\"}]},{\"@type\":\"WebSite\",\"@id\":\"https:\/\/ruishengglassco.com\/#website\",\"url\":\"https:\/\/ruishengglassco.com\/\",\"name\":\"Ruisheng Glass\",\"description\":\"\",\"publisher\":{\"@id\":\"https:\/\/ruishengglassco.com\/#organization\"},\"potentialAction\":[{\"@type\":\"SearchAction\",\"target\":{\"@type\":\"EntryPoint\",\"urlTemplate\":\"https:\/\/ruishengglassco.com\/?s={search_term_string}\"},\"query-input\":\"required name=search_term_string\"}],\"inLanguage\":\"fr-FR\"},{\"@type\":\"Organization\",\"@id\":\"https:\/\/ruishengglassco.com\/#organization\",\"name\":\"Shandong Yuncheng Ruisheng Glass Co., Ltd\",\"url\":\"https:\/\/ruishengglassco.com\/\",\"logo\":{\"@type\":\"ImageObject\",\"inLanguage\":\"fr-FR\",\"@id\":\"https:\/\/ruishengglassco.com\/#\/schema\/logo\/image\/\",\"url\":\"https:\/\/ruishengglassco.com\/wp-content\/uploads\/2023\/09\/ruisheng_logo_icon.webp\",\"contentUrl\":\"https:\/\/ruishengglassco.com\/wp-content\/uploads\/2023\/09\/ruisheng_logo_icon.webp\",\"width\":400,\"height\":233,\"caption\":\"Shandong Yuncheng Ruisheng Glass Co., Ltd\"},\"image\":{\"@id\":\"https:\/\/ruishengglassco.com\/#\/schema\/logo\/image\/\"},\"sameAs\":[\"https:\/\/www.facebook.com\/ruishengglassbottles\",\"https:\/\/www.instagram.com\/Ruishengglassbottlewholesales\/\",\"https:\/\/www.youtube.com\/channel\/UCMmbMNGwsL-XrtjfSFLCdVQ\"]}]}<\/script>\n<!-- \/ Yoast SEO plugin. -->","yoast_head_json":{"title":"Colored Glass Bottles Custom Whiskey Bottles","description":"The wholesale colored glass bottles custom whiskey bottles shape is fancy,its shape is very novel.Main material: high flint glass","robots":{"index":"index","follow":"follow","max-snippet":"max-snippet:-1","max-image-preview":"max-image-preview:large","max-video-preview":"max-video-preview:-1"},"canonical":"https:\/\/ruishengglassco.com\/fr\/produit\/rs087-bouteilles-en-verre-colore-en-gros-bouteilles-de-whisky-personnalisees","og_locale":"fr_FR","og_type":"article","og_title":"Colored Glass Bottles Custom Whiskey Bottles","og_description":"The wholesale colored glass bottles custom whiskey bottles shape is fancy,its shape is very novel.Main material: high flint glass","og_url":"https:\/\/ruishengglassco.com\/fr\/produit\/rs087-bouteilles-en-verre-colore-en-gros-bouteilles-de-whisky-personnalisees","article_publisher":"https:\/\/www.facebook.com\/ruishengglassbottles","article_modified_time":"2025-07-16T09:20:56+00:00","og_image":[{"width":400,"height":400,"url":"https:\/\/ruishengglassco.com\/wp-content\/uploads\/2025\/03\/RS087-Wholesale-Colored-Glass-Bottles-Custom-Whiskey-Bottles.webp","type":"image\/webp"}],"twitter_card":"summary_large_image","twitter_misc":{"Dur\u00e9e de lecture estim\u00e9e":"2 minutes"},"schema":{"@context":"https:\/\/schema.org","@graph":[{"@type":"WebPage","@id":"https:\/\/ruishengglassco.com\/product\/rs087-wholesale-colored-glass-bottles-custom-whiskey-bottles","url":"https:\/\/ruishengglassco.com\/product\/rs087-wholesale-colored-glass-bottles-custom-whiskey-bottles","name":"Colored Glass Bottles Custom Whiskey Bottles","isPartOf":{"@id":"https:\/\/ruishengglassco.com\/#website"},"datePublished":"2025-03-15T02:03:51+00:00","dateModified":"2025-07-16T09:20:56+00:00","description":"The wholesale colored glass bottles custom whiskey bottles shape is fancy,its shape is very novel.Main material: high flint glass","breadcrumb":{"@id":"https:\/\/ruishengglassco.com\/product\/rs087-wholesale-colored-glass-bottles-custom-whiskey-bottles#breadcrumb"},"inLanguage":"fr-FR","potentialAction":[{"@type":"ReadAction","target":["https:\/\/ruishengglassco.com\/product\/rs087-wholesale-colored-glass-bottles-custom-whiskey-bottles"]}]},{"@type":"BreadcrumbList","@id":"https:\/\/ruishengglassco.com\/product\/rs087-wholesale-colored-glass-bottles-custom-whiskey-bottles#breadcrumb","itemListElement":[{"@type":"ListItem","position":1,"name":"Home","item":"https:\/\/ruishengglassco.com\/"},{"@type":"ListItem","position":2,"name":"Products","item":"https:\/\/ruishengglassco.com\/products"},{"@type":"ListItem","position":3,"name":"RS087: Colored Glass Bottles Custom Whiskey Bottles"}]},{"@type":"WebSite","@id":"https:\/\/ruishengglassco.com\/#website","url":"https:\/\/ruishengglassco.com\/","name":"Ruisheng Glass","description":"","publisher":{"@id":"https:\/\/ruishengglassco.com\/#organization"},"potentialAction":[{"@type":"SearchAction","target":{"@type":"EntryPoint","urlTemplate":"https:\/\/ruishengglassco.com\/?s={search_term_string}"},"query-input":"required name=search_term_string"}],"inLanguage":"fr-FR"},{"@type":"Organization","@id":"https:\/\/ruishengglassco.com\/#organization","name":"Shandong Yuncheng Ruisheng Glass Co., Ltd","url":"https:\/\/ruishengglassco.com\/","logo":{"@type":"ImageObject","inLanguage":"fr-FR","@id":"https:\/\/ruishengglassco.com\/#\/schema\/logo\/image\/","url":"https:\/\/ruishengglassco.com\/wp-content\/uploads\/2023\/09\/ruisheng_logo_icon.webp","contentUrl":"https:\/\/ruishengglassco.com\/wp-content\/uploads\/2023\/09\/ruisheng_logo_icon.webp","width":400,"height":233,"caption":"Shandong Yuncheng Ruisheng Glass Co., Ltd"},"image":{"@id":"https:\/\/ruishengglassco.com\/#\/schema\/logo\/image\/"},"sameAs":["https:\/\/www.facebook.com\/ruishengglassbottles","https:\/\/www.instagram.com\/Ruishengglassbottlewholesales\/","https:\/\/www.youtube.com\/channel\/UCMmbMNGwsL-XrtjfSFLCdVQ"]}]}},"_links":{"self":[{"href":"https:\/\/ruishengglassco.com\/fr\/wp-json\/wp\/v2\/product\/4226","targetHints":{"allow":["GET"]}}],"collection":[{"href":"https:\/\/ruishengglassco.com\/fr\/wp-json\/wp\/v2\/product"}],"about":[{"href":"https:\/\/ruishengglassco.com\/fr\/wp-json\/wp\/v2\/types\/product"}],"replies":[{"embeddable":true,"href":"https:\/\/ruishengglassco.com\/fr\/wp-json\/wp\/v2\/comments?post=4226"}],"wp:featuredmedia":[{"embeddable":true,"href":"https:\/\/ruishengglassco.com\/fr\/wp-json\/wp\/v2\/media\/4227"}],"wp:attachment":[{"href":"https:\/\/ruishengglassco.com\/fr\/wp-json\/wp\/v2\/media?parent=4226"}],"wp:term":[{"taxonomy":"product_cat","embeddable":true,"href":"https:\/\/ruishengglassco.com\/fr\/wp-json\/wp\/v2\/product_cat?post=4226"}],"curies":[{"name":"wp","href":"https:\/\/api.w.org\/{rel}","templated":true}]}}