{"id":4224,"date":"2025-03-15T10:01:04","date_gmt":"2025-03-15T02:01:04","guid":{"rendered":"https:\/\/ruishengglassco.com\/?post_type=product&#038;p=4224"},"modified":"2025-07-17T13:58:10","modified_gmt":"2025-07-17T05:58:10","slug":"rs088-750ml-whiskey-glass-bottle-manufacturers","status":"publish","type":"product","link":"https:\/\/ruishengglassco.com\/fr\/produit\/rs088-750ml-whiskey-glass-bottle-manufacturers","title":{"rendered":"RS088 : Fabricant de bouteilles de whisky en verre de 750ml"},"content":{"rendered":"<p><span data-preserver-spaces=\"true\">Le\u00a0<\/span><strong><span data-preserver-spaces=\"true\">Bouteille en verre de 750ml pour whisky en gros<\/span><\/strong><span data-preserver-spaces=\"true\"> \u00e0 vendre <\/span><span data-preserver-spaces=\"true\">est fabriqu\u00e9<\/span><span data-preserver-spaces=\"true\"> par Shandong Yuncheng Ruisheng Glass Co, Ltd. Notre soci\u00e9t\u00e9 est l'un des plus grands fabricants de bouteilles de whisky de 750 ml en Chine.<\/span><\/p>\n<p><span data-preserver-spaces=\"true\">Vente de bouteilles de whisky vides de 750 ml <\/span><span data-preserver-spaces=\"true\">sont r\u00e9alis\u00e9s<\/span><span data-preserver-spaces=\"true\"> en verre flint de haute qualit\u00e9, ce qui rend les bouteilles en verre plus claires, plus durables et plus lisses.<\/span><\/p>\n<p><span data-preserver-spaces=\"true\">En tant que professionnel\u00a0<\/span><strong><em><span data-preserver-spaces=\"true\">fournisseur de bouteilles de whisky en verre<\/span><\/em><\/strong><span data-preserver-spaces=\"true\">Notre soci\u00e9t\u00e9 emploie plus de 500 personnes et dispose d'une \u00e9quipe d'ing\u00e9nieurs qualifi\u00e9s. <\/span><span data-preserver-spaces=\"true\">Avec <\/span><span data-preserver-spaces=\"true\">riche<\/span><span data-preserver-spaces=\"true\"> exp\u00e9rience, nous avons une <\/span><span data-preserver-spaces=\"true\">bon<\/span><span data-preserver-spaces=\"true\"> r\u00e9putation <\/span><span data-preserver-spaces=\"true\">dans le monde entier<\/span><span data-preserver-spaces=\"true\">.<\/span><\/p>\n<p><span data-preserver-spaces=\"true\">Nos principaux produits sont des bouteilles en verre pour boissons de qualit\u00e9 sup\u00e9rieure<\/span><span data-preserver-spaces=\"true\">, <\/span><span data-preserver-spaces=\"true\">y compris les bouteilles de vodka, les bouteilles de brandy, les bouteilles de whisky, les bouteilles de liqueur, les bouteilles de confiture, et plus encore. Nous proposons \u00e9galement des bouteilles en verre ambr\u00e9, des bouteilles vertes et des bouteilles d'eau. <\/span><span data-preserver-spaces=\"true\">Notre <\/span><span data-preserver-spaces=\"true\">principal<\/span><span data-preserver-spaces=\"true\"> march\u00e9s <\/span><span data-preserver-spaces=\"true\">sont<\/span><span data-preserver-spaces=\"true\"> L'Europe, <\/span><span data-preserver-spaces=\"true\">les <\/span><span data-preserver-spaces=\"true\">\u00c9tats-Unis, Australie, <\/span><span data-preserver-spaces=\"true\">etc.<\/span><span data-preserver-spaces=\"true\">.<\/span><span data-preserver-spaces=\"true\"> Et tous les<\/span><\/p>\n<p><span style=\"font-size: 14.4px;\">jouissent d'une excellente r\u00e9putation en mati\u00e8re d'innovation et de fonctionnalit\u00e9.<\/span><\/p>\n<h2>Bouteille en verre 750ml Whiskey Wholesale<\/h2>\n<p>Les informations sur les bouteilles en verre de 750 ml \u00e0 vendre sont les suivantes :<\/p>\n<ul>\n<li>Mat\u00e9riau principal : verre \u00e0 haute teneur en silex<\/li>\n<li>Bouchon : bouchon \u00e0 vis<\/li>\n<li>R\u00e9f\u00e9rence : RS088<\/li>\n<li>MOQ : 10000 PCS<\/li>\n<li>Capacit\u00e9 : 750 ml<\/li>\n<li>Pcs\/Ctn : 24pcs<\/li>\n<li>Origine du lieu : Shandong, Chine<\/li>\n<li>Caract\u00e9ristique : Respectueux de l'environnement<\/li>\n<\/ul>\n<p>Nous proposons bien plus que des bouteilles de whisky en verre de 750 ml. D\u00e9couvrez nos bouteilles de whisky de 100 ml et 250 ml avec bouchon. Nous proposons \u00e9galement des bouteilles de whisky transparentes de 375 ml et des bouteilles de spiritueux de 1 000 ml. Si vous souhaitez une touche personnalis\u00e9e, nous pouvons adapter la taille de la bouteille, le type de verre et l'\u00e9tiquette de votre carafe \u00e0 whisky. Notre objectif est de fabriquer les meilleures carafes \u00e0 whisky et d'offrir le meilleur service aux clients du monde entier.<\/p>\n<p>Si vous souhaitez en savoir plus sur nos bouteilles de whisky en verre de 750 ml, n'h\u00e9sitez pas \u00e0 nous contacter. Nous vous r\u00e9pondrons dans les 24 heures.<\/p>","protected":false},"excerpt":{"rendered":"<p>Bouteille de whisky en verre de 750 ml (25 oz) en gros. Elle est \u00e9tanche et munie d'un couvercle \u00e0 vis. Fabriqu\u00e9e en verre r\u00e9sistant, elle est id\u00e9ale pour conserver un whisky de qualit\u00e9 sup\u00e9rieure.<\/p>\n<p>Commande personnalis\u00e9e pour une bouteille en verre de whisky :<\/p>\n<ul>\n<li>R\u00e9f\u00e9rence : RS088<\/li>\n<li><strong>Service OEM\/ODM offert. MOQ:10000pcs(10000 PCS)<\/strong><\/li>\n<li>Bouchon : bouchon \u00e0 vis ou personnalis\u00e9<\/li>\n<li>Mat\u00e9riau : Verre \u00e0 haute teneur en silex<\/li>\n<li>Hauteur de la bouteille : 220 mm<\/li>\n<li>Diam\u00e8tre de la bouteille : 90 mm<\/li>\n<\/ul>","protected":false},"featured_media":4225,"comment_status":"closed","ping_status":"closed","template":"","meta":[],"product_cat":[40,54],"class_list":{"0":"post-4224","1":"product","2":"type-product","3":"status-publish","4":"has-post-thumbnail","6":"product_cat-750ml-liquor-bottle-manufacturer","7":"product_cat-whiskey-bottle","9":"first","10":"instock","11":"shipping-taxable","12":"product-type-simple"},"yoast_head":"<!-- This site is optimized with the Yoast SEO plugin v22.0 - https:\/\/yoast.com\/wordpress\/plugins\/seo\/ -->\n<title>Whiskey Glass Bottle Wholesale | Empty Whsikey Bottle Manufacturers<\/title>\n<meta name=\"description\" content=\"Buy Whiskey Glass Bottle Wholesale From China Empty Whsikey Bottle Manufacturers. Factory Outlet&amp;Bulk Price\" \/>\n<meta name=\"robots\" content=\"index, follow, max-snippet:-1, max-image-preview:large, max-video-preview:-1\" \/>\n<link rel=\"canonical\" href=\"https:\/\/ruishengglassco.com\/fr\/produit\/rs088-750ml-whiskey-glass-bottle-manufacturers\" \/>\n<meta property=\"og:locale\" content=\"fr_FR\" \/>\n<meta property=\"og:type\" content=\"article\" \/>\n<meta property=\"og:title\" content=\"Whiskey Glass Bottle Wholesale | Empty Whsikey Bottle Manufacturers\" \/>\n<meta property=\"og:description\" content=\"Buy Whiskey Glass Bottle Wholesale From China Empty Whsikey Bottle Manufacturers. Factory Outlet&amp;Bulk Price\" \/>\n<meta property=\"og:url\" content=\"https:\/\/ruishengglassco.com\/fr\/produit\/rs088-750ml-whiskey-glass-bottle-manufacturers\" \/>\n<meta property=\"article:publisher\" content=\"https:\/\/www.facebook.com\/ruishengglassbottles\" \/>\n<meta property=\"article:modified_time\" content=\"2025-07-17T05:58:10+00:00\" \/>\n<meta property=\"og:image\" content=\"https:\/\/ruishengglassco.com\/wp-content\/uploads\/2025\/03\/RS088-750ml-Whiskey-Glass-Bottle-Manufacturers.webp\" \/>\n\t<meta property=\"og:image:width\" content=\"800\" \/>\n\t<meta property=\"og:image:height\" content=\"800\" \/>\n\t<meta property=\"og:image:type\" content=\"image\/webp\" \/>\n<meta name=\"twitter:card\" content=\"summary_large_image\" \/>\n<meta name=\"twitter:label1\" content=\"Dur\u00e9e de lecture estim\u00e9e\" \/>\n\t<meta name=\"twitter:data1\" content=\"2 minutes\" \/>\n<script type=\"application\/ld+json\" class=\"yoast-schema-graph\">{\"@context\":\"https:\/\/schema.org\",\"@graph\":[{\"@type\":\"WebPage\",\"@id\":\"https:\/\/ruishengglassco.com\/product\/rs088-750ml-whiskey-glass-bottle-manufacturers\",\"url\":\"https:\/\/ruishengglassco.com\/product\/rs088-750ml-whiskey-glass-bottle-manufacturers\",\"name\":\"Whiskey Glass Bottle Wholesale | Empty Whsikey Bottle Manufacturers\",\"isPartOf\":{\"@id\":\"https:\/\/ruishengglassco.com\/#website\"},\"datePublished\":\"2025-03-15T02:01:04+00:00\",\"dateModified\":\"2025-07-17T05:58:10+00:00\",\"description\":\"Buy Whiskey Glass Bottle Wholesale From China Empty Whsikey Bottle Manufacturers. Factory Outlet&Bulk Price\",\"breadcrumb\":{\"@id\":\"https:\/\/ruishengglassco.com\/product\/rs088-750ml-whiskey-glass-bottle-manufacturers#breadcrumb\"},\"inLanguage\":\"fr-FR\",\"potentialAction\":[{\"@type\":\"ReadAction\",\"target\":[\"https:\/\/ruishengglassco.com\/product\/rs088-750ml-whiskey-glass-bottle-manufacturers\"]}]},{\"@type\":\"BreadcrumbList\",\"@id\":\"https:\/\/ruishengglassco.com\/product\/rs088-750ml-whiskey-glass-bottle-manufacturers#breadcrumb\",\"itemListElement\":[{\"@type\":\"ListItem\",\"position\":1,\"name\":\"Home\",\"item\":\"https:\/\/ruishengglassco.com\/\"},{\"@type\":\"ListItem\",\"position\":2,\"name\":\"Products\",\"item\":\"https:\/\/ruishengglassco.com\/products\"},{\"@type\":\"ListItem\",\"position\":3,\"name\":\"RS088: 750ml Whiskey Glass Bottle Manufacturers\"}]},{\"@type\":\"WebSite\",\"@id\":\"https:\/\/ruishengglassco.com\/#website\",\"url\":\"https:\/\/ruishengglassco.com\/\",\"name\":\"Ruisheng Glass\",\"description\":\"\",\"publisher\":{\"@id\":\"https:\/\/ruishengglassco.com\/#organization\"},\"potentialAction\":[{\"@type\":\"SearchAction\",\"target\":{\"@type\":\"EntryPoint\",\"urlTemplate\":\"https:\/\/ruishengglassco.com\/?s={search_term_string}\"},\"query-input\":\"required name=search_term_string\"}],\"inLanguage\":\"fr-FR\"},{\"@type\":\"Organization\",\"@id\":\"https:\/\/ruishengglassco.com\/#organization\",\"name\":\"Shandong Yuncheng Ruisheng Glass Co., Ltd\",\"url\":\"https:\/\/ruishengglassco.com\/\",\"logo\":{\"@type\":\"ImageObject\",\"inLanguage\":\"fr-FR\",\"@id\":\"https:\/\/ruishengglassco.com\/#\/schema\/logo\/image\/\",\"url\":\"https:\/\/ruishengglassco.com\/wp-content\/uploads\/2023\/09\/ruisheng_logo_icon.webp\",\"contentUrl\":\"https:\/\/ruishengglassco.com\/wp-content\/uploads\/2023\/09\/ruisheng_logo_icon.webp\",\"width\":400,\"height\":233,\"caption\":\"Shandong Yuncheng Ruisheng Glass Co., Ltd\"},\"image\":{\"@id\":\"https:\/\/ruishengglassco.com\/#\/schema\/logo\/image\/\"},\"sameAs\":[\"https:\/\/www.facebook.com\/ruishengglassbottles\",\"https:\/\/www.instagram.com\/Ruishengglassbottlewholesales\/\",\"https:\/\/www.youtube.com\/channel\/UCMmbMNGwsL-XrtjfSFLCdVQ\"]}]}<\/script>\n<!-- \/ Yoast SEO plugin. -->","yoast_head_json":{"title":"Whiskey Glass Bottle Wholesale | Empty Whsikey Bottle Manufacturers","description":"Buy Whiskey Glass Bottle Wholesale From China Empty Whsikey Bottle Manufacturers. Factory Outlet&Bulk Price","robots":{"index":"index","follow":"follow","max-snippet":"max-snippet:-1","max-image-preview":"max-image-preview:large","max-video-preview":"max-video-preview:-1"},"canonical":"https:\/\/ruishengglassco.com\/fr\/produit\/rs088-750ml-whiskey-glass-bottle-manufacturers","og_locale":"fr_FR","og_type":"article","og_title":"Whiskey Glass Bottle Wholesale | Empty Whsikey Bottle Manufacturers","og_description":"Buy Whiskey Glass Bottle Wholesale From China Empty Whsikey Bottle Manufacturers. Factory Outlet&Bulk Price","og_url":"https:\/\/ruishengglassco.com\/fr\/produit\/rs088-750ml-whiskey-glass-bottle-manufacturers","article_publisher":"https:\/\/www.facebook.com\/ruishengglassbottles","article_modified_time":"2025-07-17T05:58:10+00:00","og_image":[{"width":800,"height":800,"url":"https:\/\/ruishengglassco.com\/wp-content\/uploads\/2025\/03\/RS088-750ml-Whiskey-Glass-Bottle-Manufacturers.webp","type":"image\/webp"}],"twitter_card":"summary_large_image","twitter_misc":{"Dur\u00e9e de lecture estim\u00e9e":"2 minutes"},"schema":{"@context":"https:\/\/schema.org","@graph":[{"@type":"WebPage","@id":"https:\/\/ruishengglassco.com\/product\/rs088-750ml-whiskey-glass-bottle-manufacturers","url":"https:\/\/ruishengglassco.com\/product\/rs088-750ml-whiskey-glass-bottle-manufacturers","name":"Whiskey Glass Bottle Wholesale | Empty Whsikey Bottle Manufacturers","isPartOf":{"@id":"https:\/\/ruishengglassco.com\/#website"},"datePublished":"2025-03-15T02:01:04+00:00","dateModified":"2025-07-17T05:58:10+00:00","description":"Buy Whiskey Glass Bottle Wholesale From China Empty Whsikey Bottle Manufacturers. Factory Outlet&Bulk Price","breadcrumb":{"@id":"https:\/\/ruishengglassco.com\/product\/rs088-750ml-whiskey-glass-bottle-manufacturers#breadcrumb"},"inLanguage":"fr-FR","potentialAction":[{"@type":"ReadAction","target":["https:\/\/ruishengglassco.com\/product\/rs088-750ml-whiskey-glass-bottle-manufacturers"]}]},{"@type":"BreadcrumbList","@id":"https:\/\/ruishengglassco.com\/product\/rs088-750ml-whiskey-glass-bottle-manufacturers#breadcrumb","itemListElement":[{"@type":"ListItem","position":1,"name":"Home","item":"https:\/\/ruishengglassco.com\/"},{"@type":"ListItem","position":2,"name":"Products","item":"https:\/\/ruishengglassco.com\/products"},{"@type":"ListItem","position":3,"name":"RS088: 750ml Whiskey Glass Bottle Manufacturers"}]},{"@type":"WebSite","@id":"https:\/\/ruishengglassco.com\/#website","url":"https:\/\/ruishengglassco.com\/","name":"Ruisheng Glass","description":"","publisher":{"@id":"https:\/\/ruishengglassco.com\/#organization"},"potentialAction":[{"@type":"SearchAction","target":{"@type":"EntryPoint","urlTemplate":"https:\/\/ruishengglassco.com\/?s={search_term_string}"},"query-input":"required name=search_term_string"}],"inLanguage":"fr-FR"},{"@type":"Organization","@id":"https:\/\/ruishengglassco.com\/#organization","name":"Shandong Yuncheng Ruisheng Glass Co., Ltd","url":"https:\/\/ruishengglassco.com\/","logo":{"@type":"ImageObject","inLanguage":"fr-FR","@id":"https:\/\/ruishengglassco.com\/#\/schema\/logo\/image\/","url":"https:\/\/ruishengglassco.com\/wp-content\/uploads\/2023\/09\/ruisheng_logo_icon.webp","contentUrl":"https:\/\/ruishengglassco.com\/wp-content\/uploads\/2023\/09\/ruisheng_logo_icon.webp","width":400,"height":233,"caption":"Shandong Yuncheng Ruisheng Glass Co., Ltd"},"image":{"@id":"https:\/\/ruishengglassco.com\/#\/schema\/logo\/image\/"},"sameAs":["https:\/\/www.facebook.com\/ruishengglassbottles","https:\/\/www.instagram.com\/Ruishengglassbottlewholesales\/","https:\/\/www.youtube.com\/channel\/UCMmbMNGwsL-XrtjfSFLCdVQ"]}]}},"_links":{"self":[{"href":"https:\/\/ruishengglassco.com\/fr\/wp-json\/wp\/v2\/product\/4224","targetHints":{"allow":["GET"]}}],"collection":[{"href":"https:\/\/ruishengglassco.com\/fr\/wp-json\/wp\/v2\/product"}],"about":[{"href":"https:\/\/ruishengglassco.com\/fr\/wp-json\/wp\/v2\/types\/product"}],"replies":[{"embeddable":true,"href":"https:\/\/ruishengglassco.com\/fr\/wp-json\/wp\/v2\/comments?post=4224"}],"wp:featuredmedia":[{"embeddable":true,"href":"https:\/\/ruishengglassco.com\/fr\/wp-json\/wp\/v2\/media\/4225"}],"wp:attachment":[{"href":"https:\/\/ruishengglassco.com\/fr\/wp-json\/wp\/v2\/media?parent=4224"}],"wp:term":[{"taxonomy":"product_cat","embeddable":true,"href":"https:\/\/ruishengglassco.com\/fr\/wp-json\/wp\/v2\/product_cat?post=4224"}],"curies":[{"name":"wp","href":"https:\/\/api.w.org\/{rel}","templated":true}]}}