{"id":4219,"date":"2025-03-15T09:55:03","date_gmt":"2025-03-15T01:55:03","guid":{"rendered":"https:\/\/ruishengglassco.com\/?post_type=product&#038;p=4219"},"modified":"2025-09-11T16:06:28","modified_gmt":"2025-09-11T08:06:28","slug":"rs091-bouteille-en-verre-de-vodka-vide-de-250-ml","status":"publish","type":"product","link":"https:\/\/ruishengglassco.com\/fr\/produit\/rs091-bouteille-en-verre-de-vodka-vide-de-250-ml","title":{"rendered":"RS091 : Bouteille en verre de vodka vide de 250ml"},"content":{"rendered":"<p>Cette bouteille de vodka vide de 250 ml est l'une de nos principales bouteilles en verre transparent. La bouteille en verre vide est termin\u00e9e par un bouchon de li\u00e8ge. Sa forme \u00e9l\u00e9gante et ronde fait de la bouteille de vodka vide de 250 ml un bon choix pour une boisson.<\/p>\n<p>Cette mini-bouteille en verre avec bouchon est tr\u00e8s transparente, ce qui permet de voir facilement le liquide \u00e0 l'int\u00e9rieur. Vous pouvez appr\u00e9cier le liquide tout en savourant la vodka. Cette bouteille de liqueur est tr\u00e8s durable pour la vente en gros. Apr\u00e8s avoir bu le liquide, vous pouvez utiliser cette bouteille en verre pour cr\u00e9er une d\u00e9coration DIY.<\/p>\n<p>Le type de fermeture de cette bouteille de vodka vide de 250 ml est le li\u00e8ge. Vous pouvez choisir le bouchon en polym\u00e8re, le bouchon en bois ou le bouchon complexe. Si vous avez besoin d'un bouchon en verre pour cette bouteille, nous pouvons \u00e9galement vous l'offrir.<\/p>\n<h4>Les d\u00e9tails de la bouteille en verre de vodka vide de 250 ml<\/h4>\n<p>L'information des bouteilles en verre est comme un mugissement :<\/p>\n<ul>\n<li>Mat\u00e9riau principal : Verre \u00e0 haute teneur en silex<\/li>\n<li>Cap : Li\u00e8ge<\/li>\n<li>R\u00e9f\u00e9rence : RS091<\/li>\n<li>MOQ : 10000 PCS<\/li>\n<li>Capacit\u00e9 : 250ml<\/li>\n<li>Mode d'emballage : Carton, palette, carton et palette<\/li>\n<li>Origine du lieu : Shandong, Chine<\/li>\n<li>Caract\u00e9ristique : Respectueux de l'environnement<\/li>\n<\/ul>\n<p>Si vous avez besoin d'un traitement approfondi pour cette bouteille de spiritueux en verre de 250 ml, veuillez nous le faire savoir. Vous pouvez choisir entre les d\u00e9calcomanies, la s\u00e9rigraphie, le gla\u00e7age, la peinture, etc. Nous pouvons peindre la bouteille dans la couleur de votre choix, y compris en vert ou en marron.<\/p>\n<p>L'entreprise compte environ 500 employ\u00e9s et une \u00e9quipe de contr\u00f4leurs qualifi\u00e9s qui veillent \u00e0 ce que toutes les bouteilles de spiritueux vides quittent l'usine apr\u00e8s avoir pass\u00e9 les contr\u00f4les de qualit\u00e9. Nos bouteilles d'alcool en gros sont export\u00e9es vers de nombreux pays et r\u00e9gions, tels que l'Europe, l'Australie, l'Am\u00e9rique, la Nouvelle-Z\u00e9lande et d'autres encore. De nombreux clients font l'\u00e9loge de nos bouteilles de vin en verre.<\/p>\n<p>Supposons que vous soyez int\u00e9ress\u00e9 par l'achat en gros de bouteilles en verre de vodka de 250 ml \u00e0 un prix de gros. N'h\u00e9sitez pas \u00e0 nous contacter. Nous ferons de notre mieux pour vous. Ce que nous voulons faire, c'est fournir un service \u00e0 guichet unique \u00e0 tous nos amis dans le monde entier.<\/p>","protected":false},"excerpt":{"rendered":"<table class=\"tg\">\n<tbody>\n<tr>\n<th class=\"tg-24i8\" colspan=\"2\">Bouteille en verre de vodka vide de 250 ml<\/th>\n<\/tr>\n<tr>\n<td class=\"tg-b7b8\">Mat\u00e9riau principal :<\/td>\n<td class=\"tg-b7b8\">Verre \u00e0 haute teneur en silex<\/td>\n<\/tr>\n<tr>\n<td class=\"tg-yw4l\">Cap :<\/td>\n<td class=\"tg-yw4l\">Bouchon \u00e0 vis<\/td>\n<\/tr>\n<tr>\n<td class=\"tg-b7b8\">Mode d'emballage<\/td>\n<td class=\"tg-b7b8\">Carton, palette, carton et palette<\/td>\n<\/tr>\n<tr>\n<td class=\"tg-yw4l\">Fonctionnalit\u00e9 :<\/td>\n<td class=\"tg-yw4l\">Respect de l'environnement<\/td>\n<\/tr>\n<tr>\n<td class=\"tg-b7b8\">MOQ :<\/td>\n<td class=\"tg-b7b8\">10000 PCS<\/td>\n<\/tr>\n<tr>\n<td class=\"tg-yw4l\">Origine du lieu :<\/td>\n<td class=\"tg-yw4l\">Shandong, Chine<\/td>\n<\/tr>\n<tr>\n<td class=\"tg-b7b8\">Pcs\/Ctn :<\/td>\n<td class=\"tg-b7b8\">24pcs<\/td>\n<\/tr>\n<tr>\n<td class=\"tg-yw4l\">R\u00e9f\u00e9rence :<\/td>\n<td class=\"tg-yw4l\">RS091<\/td>\n<\/tr>\n<tr>\n<td class=\"tg-b7b8\">Mode d'exp\u00e9dition :<\/td>\n<td class=\"tg-b7b8\">Exp\u00e9dier, Express<\/td>\n<\/tr>\n<tr>\n<td class=\"tg-yw4l\">OEM\/ODM :<\/td>\n<td class=\"tg-yw4l\">Bienvenue<\/td>\n<\/tr>\n<\/tbody>\n<\/table>","protected":false},"featured_media":4220,"comment_status":"closed","ping_status":"closed","template":"","meta":[],"product_cat":[47,52],"class_list":{"0":"post-4219","1":"product","2":"type-product","3":"status-publish","4":"has-post-thumbnail","6":"product_cat-250ml-liquor-bottle-manufacturer","7":"product_cat-vodka-bottle","9":"first","10":"instock","11":"shipping-taxable","12":"product-type-simple"},"yoast_head":"<!-- This site is optimized with the Yoast SEO plugin v22.0 - https:\/\/yoast.com\/wordpress\/plugins\/seo\/ -->\n<title>Buy 250ml Empty Vodka Glass Bottles In Bulk Wholesale Price<\/title>\n<meta name=\"description\" content=\"Buy 250ml Empty Vodka Glass Bottle In Bulk Wholesale Price From China Liquor Bottle Mnaufacturing Factory. Elegant, Round Shape, And High Quality.\" \/>\n<meta name=\"robots\" content=\"index, follow, max-snippet:-1, max-image-preview:large, max-video-preview:-1\" \/>\n<link rel=\"canonical\" href=\"https:\/\/ruishengglassco.com\/fr\/produit\/rs091-bouteille-en-verre-de-vodka-vide-de-250-ml\" \/>\n<meta property=\"og:locale\" content=\"fr_FR\" \/>\n<meta property=\"og:type\" content=\"article\" \/>\n<meta property=\"og:title\" content=\"Buy 250ml Empty Vodka Glass Bottles In Bulk Wholesale Price\" \/>\n<meta property=\"og:description\" content=\"Buy 250ml Empty Vodka Glass Bottle In Bulk Wholesale Price From China Liquor Bottle Mnaufacturing Factory. Elegant, Round Shape, And High Quality.\" \/>\n<meta property=\"og:url\" content=\"https:\/\/ruishengglassco.com\/fr\/produit\/rs091-bouteille-en-verre-de-vodka-vide-de-250-ml\" \/>\n<meta property=\"article:publisher\" content=\"https:\/\/www.facebook.com\/ruishengglassbottles\" \/>\n<meta property=\"article:modified_time\" content=\"2025-09-11T08:06:28+00:00\" \/>\n<meta property=\"og:image\" content=\"https:\/\/ruishengglassco.com\/wp-content\/uploads\/2025\/03\/RS091-250ml-Empty-Vodka-Glass-Bottle.webp\" \/>\n\t<meta property=\"og:image:width\" content=\"800\" \/>\n\t<meta property=\"og:image:height\" content=\"800\" \/>\n\t<meta property=\"og:image:type\" content=\"image\/webp\" \/>\n<meta name=\"twitter:card\" content=\"summary_large_image\" \/>\n<meta name=\"twitter:label1\" content=\"Dur\u00e9e de lecture estim\u00e9e\" \/>\n\t<meta name=\"twitter:data1\" content=\"2 minutes\" \/>\n<script type=\"application\/ld+json\" class=\"yoast-schema-graph\">{\"@context\":\"https:\/\/schema.org\",\"@graph\":[{\"@type\":\"WebPage\",\"@id\":\"https:\/\/ruishengglassco.com\/product\/rs091-250ml-empty-vodka-glass-bottle\",\"url\":\"https:\/\/ruishengglassco.com\/product\/rs091-250ml-empty-vodka-glass-bottle\",\"name\":\"Buy 250ml Empty Vodka Glass Bottles In Bulk Wholesale Price\",\"isPartOf\":{\"@id\":\"https:\/\/ruishengglassco.com\/#website\"},\"datePublished\":\"2025-03-15T01:55:03+00:00\",\"dateModified\":\"2025-09-11T08:06:28+00:00\",\"description\":\"Buy 250ml Empty Vodka Glass Bottle In Bulk Wholesale Price From China Liquor Bottle Mnaufacturing Factory. Elegant, Round Shape, And High Quality.\",\"breadcrumb\":{\"@id\":\"https:\/\/ruishengglassco.com\/product\/rs091-250ml-empty-vodka-glass-bottle#breadcrumb\"},\"inLanguage\":\"fr-FR\",\"potentialAction\":[{\"@type\":\"ReadAction\",\"target\":[\"https:\/\/ruishengglassco.com\/product\/rs091-250ml-empty-vodka-glass-bottle\"]}]},{\"@type\":\"BreadcrumbList\",\"@id\":\"https:\/\/ruishengglassco.com\/product\/rs091-250ml-empty-vodka-glass-bottle#breadcrumb\",\"itemListElement\":[{\"@type\":\"ListItem\",\"position\":1,\"name\":\"Home\",\"item\":\"https:\/\/ruishengglassco.com\/\"},{\"@type\":\"ListItem\",\"position\":2,\"name\":\"Products\",\"item\":\"https:\/\/ruishengglassco.com\/products\"},{\"@type\":\"ListItem\",\"position\":3,\"name\":\"RS091: 250ml Empty Vodka Glass Bottle\"}]},{\"@type\":\"WebSite\",\"@id\":\"https:\/\/ruishengglassco.com\/#website\",\"url\":\"https:\/\/ruishengglassco.com\/\",\"name\":\"Ruisheng Glass\",\"description\":\"\",\"publisher\":{\"@id\":\"https:\/\/ruishengglassco.com\/#organization\"},\"potentialAction\":[{\"@type\":\"SearchAction\",\"target\":{\"@type\":\"EntryPoint\",\"urlTemplate\":\"https:\/\/ruishengglassco.com\/?s={search_term_string}\"},\"query-input\":\"required name=search_term_string\"}],\"inLanguage\":\"fr-FR\"},{\"@type\":\"Organization\",\"@id\":\"https:\/\/ruishengglassco.com\/#organization\",\"name\":\"Shandong Yuncheng Ruisheng Glass Co., Ltd\",\"url\":\"https:\/\/ruishengglassco.com\/\",\"logo\":{\"@type\":\"ImageObject\",\"inLanguage\":\"fr-FR\",\"@id\":\"https:\/\/ruishengglassco.com\/#\/schema\/logo\/image\/\",\"url\":\"https:\/\/ruishengglassco.com\/wp-content\/uploads\/2023\/09\/ruisheng_logo_icon.webp\",\"contentUrl\":\"https:\/\/ruishengglassco.com\/wp-content\/uploads\/2023\/09\/ruisheng_logo_icon.webp\",\"width\":400,\"height\":233,\"caption\":\"Shandong Yuncheng Ruisheng Glass Co., Ltd\"},\"image\":{\"@id\":\"https:\/\/ruishengglassco.com\/#\/schema\/logo\/image\/\"},\"sameAs\":[\"https:\/\/www.facebook.com\/ruishengglassbottles\",\"https:\/\/www.instagram.com\/Ruishengglassbottlewholesales\/\",\"https:\/\/www.youtube.com\/channel\/UCMmbMNGwsL-XrtjfSFLCdVQ\"]}]}<\/script>\n<!-- \/ Yoast SEO plugin. -->","yoast_head_json":{"title":"Buy 250ml Empty Vodka Glass Bottles In Bulk Wholesale Price","description":"Buy 250ml Empty Vodka Glass Bottle In Bulk Wholesale Price From China Liquor Bottle Mnaufacturing Factory. Elegant, Round Shape, And High Quality.","robots":{"index":"index","follow":"follow","max-snippet":"max-snippet:-1","max-image-preview":"max-image-preview:large","max-video-preview":"max-video-preview:-1"},"canonical":"https:\/\/ruishengglassco.com\/fr\/produit\/rs091-bouteille-en-verre-de-vodka-vide-de-250-ml","og_locale":"fr_FR","og_type":"article","og_title":"Buy 250ml Empty Vodka Glass Bottles In Bulk Wholesale Price","og_description":"Buy 250ml Empty Vodka Glass Bottle In Bulk Wholesale Price From China Liquor Bottle Mnaufacturing Factory. Elegant, Round Shape, And High Quality.","og_url":"https:\/\/ruishengglassco.com\/fr\/produit\/rs091-bouteille-en-verre-de-vodka-vide-de-250-ml","article_publisher":"https:\/\/www.facebook.com\/ruishengglassbottles","article_modified_time":"2025-09-11T08:06:28+00:00","og_image":[{"width":800,"height":800,"url":"https:\/\/ruishengglassco.com\/wp-content\/uploads\/2025\/03\/RS091-250ml-Empty-Vodka-Glass-Bottle.webp","type":"image\/webp"}],"twitter_card":"summary_large_image","twitter_misc":{"Dur\u00e9e de lecture estim\u00e9e":"2 minutes"},"schema":{"@context":"https:\/\/schema.org","@graph":[{"@type":"WebPage","@id":"https:\/\/ruishengglassco.com\/product\/rs091-250ml-empty-vodka-glass-bottle","url":"https:\/\/ruishengglassco.com\/product\/rs091-250ml-empty-vodka-glass-bottle","name":"Buy 250ml Empty Vodka Glass Bottles In Bulk Wholesale Price","isPartOf":{"@id":"https:\/\/ruishengglassco.com\/#website"},"datePublished":"2025-03-15T01:55:03+00:00","dateModified":"2025-09-11T08:06:28+00:00","description":"Buy 250ml Empty Vodka Glass Bottle In Bulk Wholesale Price From China Liquor Bottle Mnaufacturing Factory. Elegant, Round Shape, And High Quality.","breadcrumb":{"@id":"https:\/\/ruishengglassco.com\/product\/rs091-250ml-empty-vodka-glass-bottle#breadcrumb"},"inLanguage":"fr-FR","potentialAction":[{"@type":"ReadAction","target":["https:\/\/ruishengglassco.com\/product\/rs091-250ml-empty-vodka-glass-bottle"]}]},{"@type":"BreadcrumbList","@id":"https:\/\/ruishengglassco.com\/product\/rs091-250ml-empty-vodka-glass-bottle#breadcrumb","itemListElement":[{"@type":"ListItem","position":1,"name":"Home","item":"https:\/\/ruishengglassco.com\/"},{"@type":"ListItem","position":2,"name":"Products","item":"https:\/\/ruishengglassco.com\/products"},{"@type":"ListItem","position":3,"name":"RS091: 250ml Empty Vodka Glass Bottle"}]},{"@type":"WebSite","@id":"https:\/\/ruishengglassco.com\/#website","url":"https:\/\/ruishengglassco.com\/","name":"Ruisheng Glass","description":"","publisher":{"@id":"https:\/\/ruishengglassco.com\/#organization"},"potentialAction":[{"@type":"SearchAction","target":{"@type":"EntryPoint","urlTemplate":"https:\/\/ruishengglassco.com\/?s={search_term_string}"},"query-input":"required name=search_term_string"}],"inLanguage":"fr-FR"},{"@type":"Organization","@id":"https:\/\/ruishengglassco.com\/#organization","name":"Shandong Yuncheng Ruisheng Glass Co., Ltd","url":"https:\/\/ruishengglassco.com\/","logo":{"@type":"ImageObject","inLanguage":"fr-FR","@id":"https:\/\/ruishengglassco.com\/#\/schema\/logo\/image\/","url":"https:\/\/ruishengglassco.com\/wp-content\/uploads\/2023\/09\/ruisheng_logo_icon.webp","contentUrl":"https:\/\/ruishengglassco.com\/wp-content\/uploads\/2023\/09\/ruisheng_logo_icon.webp","width":400,"height":233,"caption":"Shandong Yuncheng Ruisheng Glass Co., Ltd"},"image":{"@id":"https:\/\/ruishengglassco.com\/#\/schema\/logo\/image\/"},"sameAs":["https:\/\/www.facebook.com\/ruishengglassbottles","https:\/\/www.instagram.com\/Ruishengglassbottlewholesales\/","https:\/\/www.youtube.com\/channel\/UCMmbMNGwsL-XrtjfSFLCdVQ"]}]}},"_links":{"self":[{"href":"https:\/\/ruishengglassco.com\/fr\/wp-json\/wp\/v2\/product\/4219","targetHints":{"allow":["GET"]}}],"collection":[{"href":"https:\/\/ruishengglassco.com\/fr\/wp-json\/wp\/v2\/product"}],"about":[{"href":"https:\/\/ruishengglassco.com\/fr\/wp-json\/wp\/v2\/types\/product"}],"replies":[{"embeddable":true,"href":"https:\/\/ruishengglassco.com\/fr\/wp-json\/wp\/v2\/comments?post=4219"}],"wp:featuredmedia":[{"embeddable":true,"href":"https:\/\/ruishengglassco.com\/fr\/wp-json\/wp\/v2\/media\/4220"}],"wp:attachment":[{"href":"https:\/\/ruishengglassco.com\/fr\/wp-json\/wp\/v2\/media?parent=4219"}],"wp:term":[{"taxonomy":"product_cat","embeddable":true,"href":"https:\/\/ruishengglassco.com\/fr\/wp-json\/wp\/v2\/product_cat?post=4219"}],"curies":[{"name":"wp","href":"https:\/\/api.w.org\/{rel}","templated":true}]}}