{"id":4217,"date":"2025-03-15T09:52:30","date_gmt":"2025-03-15T01:52:30","guid":{"rendered":"https:\/\/ruishengglassco.com\/?post_type=product&#038;p=4217"},"modified":"2025-09-11T17:01:43","modified_gmt":"2025-09-11T09:01:43","slug":"rs093-1000ml-bouteilles-rondes-en-verre-boston-vodka-en-gros","status":"publish","type":"product","link":"https:\/\/ruishengglassco.com\/fr\/produit\/rs093-1000ml-bouteilles-rondes-en-verre-boston-vodka-en-gros","title":{"rendered":"RS093 : Bouteilles rondes en verre Boston 1000ml Fabricants Vodka"},"content":{"rendered":"<h2>Informations d\u00e9taill\u00e9es sur les fabricants de bouteilles rondes en verre de Boston<\/h2>\n<p>Ces bouteilles rondes en verre Boston de 1000 ml sont disponibles en quatre tailles : 1000ml, 750ml, 700ml et 500ml. Nous proposons \u00e9galement des bouteilles de vodka de forme similaire pour 375 ml. Cette bouteille de vodka en verre est l'un de nos produits les plus vendus. Nos bouteilles rondes en verre transparent de Boston sont populaires dans de nombreux pays. Elles sont vendues aux \u00c9tats-Unis, au Royaume-Uni, en Australie, en Nouvelle-Z\u00e9lande, au Canada et dans d'autres pays europ\u00e9ens et am\u00e9ricains. Elles sont r\u00e9put\u00e9es pour leur innovation et leur fonctionnalit\u00e9.<\/p>\n<p>En tant que l'un des plus grands fabricants de bouteilles de vodka en Chine, Ruisheng se concentre sur la fabrication de bouteilles de liqueur depuis environ 10 ans. Des machines manuelles CNC sont utilis\u00e9es pour produire nos bouteilles de Boston en gros. Nous utilisons cette machine pour produire des bouteilles en verre cristallin de haute qualit\u00e9. Cela garantit que les bouteilles en verre sont d'une qualit\u00e9 parfaite, d'une grande transparence et d'une surface lisse.<\/p>\n<p>Ces bouteilles rondes en verre Boston de 1000 ml \u00e0 vendre en gros sont dot\u00e9es d'un bouchon de li\u00e8ge. Si vous le souhaitez, nous pouvons \u00e9galement remplacer le bouchon par un bouchon \u00e0 vis. Notre usine produit des bouchons en li\u00e8ge \u00e0 haute teneur en polym\u00e8re, des bouchons en bois naturel, des bouchons complexes, des bouchons en verre et des bouchons \u00e0 vis de diff\u00e9rentes tailles. Nous pouvons vous proposer des bouchons assortis aux bouteilles en verre si vous en avez besoin.<\/p>\n<p><img decoding=\"async\" class=\"aligncenter wp-image-2429 size-full\" src=\"https:\/\/glassbottlewholesale.com\/wp-content\/uploads\/2020\/12\/WX20201229-154422-1.png\" alt=\"bouchons de bouteilles en verre en gros\" width=\"752\" height=\"452\" \/><\/p>\n<p>Notre usine compte plus de 500 employ\u00e9s, dont une trentaine de contr\u00f4leurs de qualit\u00e9 et un groupe d'ing\u00e9nieurs qualifi\u00e9s. Nous acceptons les commandes OEM et ODM. Vous pouvez simplement nous fournir une photo ou nous faire part de vos demandes concernant le design de la bouteille de vodka que vous souhaitez, nous pouvons vous fournir un service de bouteille de vodka personnalis\u00e9. Nous ne pouvons pas envoyer les bouteilles en verre de notre usine tant qu'elles n'ont pas pass\u00e9 le test de contr\u00f4le de qualit\u00e9.<\/p>\n<h2>Les d\u00e9tails de nos fabricants de bouteilles en verre rondes Boston de 1 litre<\/h2>\n<p>Les informations concernant la bouteille en verre sont les suivantes :<\/p>\n<ul>\n<li>Article : 1000ml Bostom round bottles wholesale<\/li>\n<li>Mat\u00e9riau principal : verre \u00e0 haute teneur en silex (verre blanc cristallin)<\/li>\n<li>Cap : Li\u00e8ge (li\u00e8ge \u00e0 haute teneur en polym\u00e8re, li\u00e8ge complexe, li\u00e8ge naturel en bois)<\/li>\n<li>R\u00e9f\u00e9rence : RS093<\/li>\n<li>MOQ : 10000 PCS<\/li>\n<li>Capacit\u00e9 : 500ml \/ 700ml\/ 750ml \/1000ml<\/li>\n<li>Mode d'emballage : Carton \/ Palette \/ Palette et carton<\/li>\n<li>Pcs\/Ctn : 24pcs \/ 20pcs \/ 15 pcs<\/li>\n<li>Origine du lieu : Shandong, Chine<\/li>\n<li>Caract\u00e9ristique : Respectueux de l'environnement<\/li>\n<\/ul>\n<p>Si vous souhaitez obtenir plus d'informations sur les bouteilles en verre rondes Boston 1000ml en gros ou si vous voulez fabriquer des bouteilles en verre personnalis\u00e9es, n'h\u00e9sitez pas \u00e0 nous contacter. Nous ferons de notre mieux pour vous.<\/p>","protected":false},"excerpt":{"rendered":"<p>La marque Ruisheng propose des produits r\u00e9sistants et transparents.<strong> Le tour de Boston<\/strong> <strong>bouteilles en verre<\/strong>. Fabriqu\u00e9es en verre blanc cristallin, elles sont parfaites pour \u00eatre remplies de vodka et d'autres boissons alcoolis\u00e9es. Bouteille en verre de sortie d'usine avec assurance qualit\u00e9&amp;Bulk Price<\/p>\n<p>Informations relatives \u00e0 la commande de bouteilles rondes en verre de Boston (Wholesale)<\/p>\n<ul>\n<li>R\u00e9f\u00e9rence : RS093<\/li>\n<li><strong>Service OEM\/ODM offert. MOQ:10000pcs(10000 PCS)<\/strong><\/li>\n<li>Capacity: 500ml\/700ml\/750ml\/1000ml\/custom<\/li>\n<li>Capuchon : En li\u00e8ge ou sur mesure<\/li>\n<li>Mat\u00e9riau : Verre blanc cristallin<\/li>\n<\/ul>\n<p data-block-id=\"cf255d49-0436-49e0-9121-8d6e8606e3a5\" data-pm-slice=\"1 1 []\">Si vous souhaitez obtenir une bouteille ronde en verre pour vodka, n'h\u00e9sitez pas \u00e0 nous contacter.<\/p>","protected":false},"featured_media":4218,"comment_status":"closed","ping_status":"closed","template":"","meta":[],"product_cat":[43,52],"class_list":{"0":"post-4217","1":"product","2":"type-product","3":"status-publish","4":"has-post-thumbnail","6":"product_cat-1000ml-liquor-bottle-manufacturer","7":"product_cat-vodka-bottle","9":"first","10":"instock","11":"shipping-taxable","12":"product-type-simple"},"yoast_head":"<!-- This site is optimized with the Yoast SEO plugin v22.0 - https:\/\/yoast.com\/wordpress\/plugins\/seo\/ -->\n<title>Boston Round Glass Bottles Manufacturers | Vodka Bottle Manufacturers<\/title>\n<meta name=\"description\" content=\"This boston round glass bottles wholesale are a set of glass bottles for 1000ml, 750ml, 700ml and 500ml. Factory Outlet From Vodka Bottle Manufacturers.\" \/>\n<meta name=\"robots\" content=\"index, follow, max-snippet:-1, max-image-preview:large, max-video-preview:-1\" \/>\n<link rel=\"canonical\" href=\"https:\/\/ruishengglassco.com\/fr\/produit\/rs093-1000ml-bouteilles-rondes-en-verre-boston-vodka-en-gros\" \/>\n<meta property=\"og:locale\" content=\"fr_FR\" \/>\n<meta property=\"og:type\" content=\"article\" \/>\n<meta property=\"og:title\" content=\"Boston Round Glass Bottles Manufacturers | Vodka Bottle Manufacturers\" \/>\n<meta property=\"og:description\" content=\"This boston round glass bottles wholesale are a set of glass bottles for 1000ml, 750ml, 700ml and 500ml. Factory Outlet From Vodka Bottle Manufacturers.\" \/>\n<meta property=\"og:url\" content=\"https:\/\/ruishengglassco.com\/fr\/produit\/rs093-1000ml-bouteilles-rondes-en-verre-boston-vodka-en-gros\" \/>\n<meta property=\"article:publisher\" content=\"https:\/\/www.facebook.com\/ruishengglassbottles\" \/>\n<meta property=\"article:modified_time\" content=\"2025-09-11T09:01:43+00:00\" \/>\n<meta property=\"og:image\" content=\"https:\/\/ruishengglassco.com\/wp-content\/uploads\/2025\/03\/RS093-1000ml-Boston-Round-Glass-Bottles-Wholesale-Vodka.webp\" \/>\n\t<meta property=\"og:image:width\" content=\"800\" \/>\n\t<meta property=\"og:image:height\" content=\"800\" \/>\n\t<meta property=\"og:image:type\" content=\"image\/webp\" \/>\n<meta name=\"twitter:card\" content=\"summary_large_image\" \/>\n<meta name=\"twitter:label1\" content=\"Dur\u00e9e de lecture estim\u00e9e\" \/>\n\t<meta name=\"twitter:data1\" content=\"3 minutes\" \/>\n<script type=\"application\/ld+json\" class=\"yoast-schema-graph\">{\"@context\":\"https:\/\/schema.org\",\"@graph\":[{\"@type\":\"WebPage\",\"@id\":\"https:\/\/ruishengglassco.com\/product\/rs093-1000ml-boston-round-glass-bottles-wholesale-vodka\",\"url\":\"https:\/\/ruishengglassco.com\/product\/rs093-1000ml-boston-round-glass-bottles-wholesale-vodka\",\"name\":\"Boston Round Glass Bottles Manufacturers | Vodka Bottle Manufacturers\",\"isPartOf\":{\"@id\":\"https:\/\/ruishengglassco.com\/#website\"},\"datePublished\":\"2025-03-15T01:52:30+00:00\",\"dateModified\":\"2025-09-11T09:01:43+00:00\",\"description\":\"This boston round glass bottles wholesale are a set of glass bottles for 1000ml, 750ml, 700ml and 500ml. Factory Outlet From Vodka Bottle Manufacturers.\",\"breadcrumb\":{\"@id\":\"https:\/\/ruishengglassco.com\/product\/rs093-1000ml-boston-round-glass-bottles-wholesale-vodka#breadcrumb\"},\"inLanguage\":\"fr-FR\",\"potentialAction\":[{\"@type\":\"ReadAction\",\"target\":[\"https:\/\/ruishengglassco.com\/product\/rs093-1000ml-boston-round-glass-bottles-wholesale-vodka\"]}]},{\"@type\":\"BreadcrumbList\",\"@id\":\"https:\/\/ruishengglassco.com\/product\/rs093-1000ml-boston-round-glass-bottles-wholesale-vodka#breadcrumb\",\"itemListElement\":[{\"@type\":\"ListItem\",\"position\":1,\"name\":\"Home\",\"item\":\"https:\/\/ruishengglassco.com\/\"},{\"@type\":\"ListItem\",\"position\":2,\"name\":\"Products\",\"item\":\"https:\/\/ruishengglassco.com\/products\"},{\"@type\":\"ListItem\",\"position\":3,\"name\":\"RS093: 1000ml Boston Round Glass Bottles Manufacturers Vodka\"}]},{\"@type\":\"WebSite\",\"@id\":\"https:\/\/ruishengglassco.com\/#website\",\"url\":\"https:\/\/ruishengglassco.com\/\",\"name\":\"Ruisheng Glass\",\"description\":\"\",\"publisher\":{\"@id\":\"https:\/\/ruishengglassco.com\/#organization\"},\"potentialAction\":[{\"@type\":\"SearchAction\",\"target\":{\"@type\":\"EntryPoint\",\"urlTemplate\":\"https:\/\/ruishengglassco.com\/?s={search_term_string}\"},\"query-input\":\"required name=search_term_string\"}],\"inLanguage\":\"fr-FR\"},{\"@type\":\"Organization\",\"@id\":\"https:\/\/ruishengglassco.com\/#organization\",\"name\":\"Shandong Yuncheng Ruisheng Glass Co., Ltd\",\"url\":\"https:\/\/ruishengglassco.com\/\",\"logo\":{\"@type\":\"ImageObject\",\"inLanguage\":\"fr-FR\",\"@id\":\"https:\/\/ruishengglassco.com\/#\/schema\/logo\/image\/\",\"url\":\"https:\/\/ruishengglassco.com\/wp-content\/uploads\/2023\/09\/ruisheng_logo_icon.webp\",\"contentUrl\":\"https:\/\/ruishengglassco.com\/wp-content\/uploads\/2023\/09\/ruisheng_logo_icon.webp\",\"width\":400,\"height\":233,\"caption\":\"Shandong Yuncheng Ruisheng Glass Co., Ltd\"},\"image\":{\"@id\":\"https:\/\/ruishengglassco.com\/#\/schema\/logo\/image\/\"},\"sameAs\":[\"https:\/\/www.facebook.com\/ruishengglassbottles\",\"https:\/\/www.instagram.com\/Ruishengglassbottlewholesales\/\",\"https:\/\/www.youtube.com\/channel\/UCMmbMNGwsL-XrtjfSFLCdVQ\"]}]}<\/script>\n<!-- \/ Yoast SEO plugin. -->","yoast_head_json":{"title":"Boston Round Glass Bottles Manufacturers | Vodka Bottle Manufacturers","description":"This boston round glass bottles wholesale are a set of glass bottles for 1000ml, 750ml, 700ml and 500ml. Factory Outlet From Vodka Bottle Manufacturers.","robots":{"index":"index","follow":"follow","max-snippet":"max-snippet:-1","max-image-preview":"max-image-preview:large","max-video-preview":"max-video-preview:-1"},"canonical":"https:\/\/ruishengglassco.com\/fr\/produit\/rs093-1000ml-bouteilles-rondes-en-verre-boston-vodka-en-gros","og_locale":"fr_FR","og_type":"article","og_title":"Boston Round Glass Bottles Manufacturers | Vodka Bottle Manufacturers","og_description":"This boston round glass bottles wholesale are a set of glass bottles for 1000ml, 750ml, 700ml and 500ml. Factory Outlet From Vodka Bottle Manufacturers.","og_url":"https:\/\/ruishengglassco.com\/fr\/produit\/rs093-1000ml-bouteilles-rondes-en-verre-boston-vodka-en-gros","article_publisher":"https:\/\/www.facebook.com\/ruishengglassbottles","article_modified_time":"2025-09-11T09:01:43+00:00","og_image":[{"width":800,"height":800,"url":"https:\/\/ruishengglassco.com\/wp-content\/uploads\/2025\/03\/RS093-1000ml-Boston-Round-Glass-Bottles-Wholesale-Vodka.webp","type":"image\/webp"}],"twitter_card":"summary_large_image","twitter_misc":{"Dur\u00e9e de lecture estim\u00e9e":"3 minutes"},"schema":{"@context":"https:\/\/schema.org","@graph":[{"@type":"WebPage","@id":"https:\/\/ruishengglassco.com\/product\/rs093-1000ml-boston-round-glass-bottles-wholesale-vodka","url":"https:\/\/ruishengglassco.com\/product\/rs093-1000ml-boston-round-glass-bottles-wholesale-vodka","name":"Boston Round Glass Bottles Manufacturers | Vodka Bottle Manufacturers","isPartOf":{"@id":"https:\/\/ruishengglassco.com\/#website"},"datePublished":"2025-03-15T01:52:30+00:00","dateModified":"2025-09-11T09:01:43+00:00","description":"This boston round glass bottles wholesale are a set of glass bottles for 1000ml, 750ml, 700ml and 500ml. Factory Outlet From Vodka Bottle Manufacturers.","breadcrumb":{"@id":"https:\/\/ruishengglassco.com\/product\/rs093-1000ml-boston-round-glass-bottles-wholesale-vodka#breadcrumb"},"inLanguage":"fr-FR","potentialAction":[{"@type":"ReadAction","target":["https:\/\/ruishengglassco.com\/product\/rs093-1000ml-boston-round-glass-bottles-wholesale-vodka"]}]},{"@type":"BreadcrumbList","@id":"https:\/\/ruishengglassco.com\/product\/rs093-1000ml-boston-round-glass-bottles-wholesale-vodka#breadcrumb","itemListElement":[{"@type":"ListItem","position":1,"name":"Home","item":"https:\/\/ruishengglassco.com\/"},{"@type":"ListItem","position":2,"name":"Products","item":"https:\/\/ruishengglassco.com\/products"},{"@type":"ListItem","position":3,"name":"RS093: 1000ml Boston Round Glass Bottles Manufacturers Vodka"}]},{"@type":"WebSite","@id":"https:\/\/ruishengglassco.com\/#website","url":"https:\/\/ruishengglassco.com\/","name":"Ruisheng Glass","description":"","publisher":{"@id":"https:\/\/ruishengglassco.com\/#organization"},"potentialAction":[{"@type":"SearchAction","target":{"@type":"EntryPoint","urlTemplate":"https:\/\/ruishengglassco.com\/?s={search_term_string}"},"query-input":"required name=search_term_string"}],"inLanguage":"fr-FR"},{"@type":"Organization","@id":"https:\/\/ruishengglassco.com\/#organization","name":"Shandong Yuncheng Ruisheng Glass Co., Ltd","url":"https:\/\/ruishengglassco.com\/","logo":{"@type":"ImageObject","inLanguage":"fr-FR","@id":"https:\/\/ruishengglassco.com\/#\/schema\/logo\/image\/","url":"https:\/\/ruishengglassco.com\/wp-content\/uploads\/2023\/09\/ruisheng_logo_icon.webp","contentUrl":"https:\/\/ruishengglassco.com\/wp-content\/uploads\/2023\/09\/ruisheng_logo_icon.webp","width":400,"height":233,"caption":"Shandong Yuncheng Ruisheng Glass Co., Ltd"},"image":{"@id":"https:\/\/ruishengglassco.com\/#\/schema\/logo\/image\/"},"sameAs":["https:\/\/www.facebook.com\/ruishengglassbottles","https:\/\/www.instagram.com\/Ruishengglassbottlewholesales\/","https:\/\/www.youtube.com\/channel\/UCMmbMNGwsL-XrtjfSFLCdVQ"]}]}},"_links":{"self":[{"href":"https:\/\/ruishengglassco.com\/fr\/wp-json\/wp\/v2\/product\/4217","targetHints":{"allow":["GET"]}}],"collection":[{"href":"https:\/\/ruishengglassco.com\/fr\/wp-json\/wp\/v2\/product"}],"about":[{"href":"https:\/\/ruishengglassco.com\/fr\/wp-json\/wp\/v2\/types\/product"}],"replies":[{"embeddable":true,"href":"https:\/\/ruishengglassco.com\/fr\/wp-json\/wp\/v2\/comments?post=4217"}],"wp:featuredmedia":[{"embeddable":true,"href":"https:\/\/ruishengglassco.com\/fr\/wp-json\/wp\/v2\/media\/4218"}],"wp:attachment":[{"href":"https:\/\/ruishengglassco.com\/fr\/wp-json\/wp\/v2\/media?parent=4217"}],"wp:term":[{"taxonomy":"product_cat","embeddable":true,"href":"https:\/\/ruishengglassco.com\/fr\/wp-json\/wp\/v2\/product_cat?post=4217"}],"curies":[{"name":"wp","href":"https:\/\/api.w.org\/{rel}","templated":true}]}}