{"id":4215,"date":"2025-03-15T09:50:03","date_gmt":"2025-03-15T01:50:03","guid":{"rendered":"https:\/\/ruishengglassco.com\/?post_type=product&#038;p=4215"},"modified":"2025-07-16T16:49:37","modified_gmt":"2025-07-16T08:49:37","slug":"rs094-750ml-tequila-skull-bottles-wholesale","status":"publish","type":"product","link":"https:\/\/ruishengglassco.com\/fr\/produit\/rs094-750ml-tequila-skull-bottles-wholesale","title":{"rendered":"RS094 : Bouteilles de Tequila cr\u00e2ne 750ml Fabricants"},"content":{"rendered":"<p><span data-preserver-spaces=\"true\">Bouteilles de tequila 750ml avec t\u00eate de mort en gros ou carafe \u00e0 t\u00eate de mort pour tequila <\/span><span data-preserver-spaces=\"true\">est<\/span><span data-preserver-spaces=\"true\"> fait<\/span> <span data-preserver-spaces=\"true\">en<\/span><span data-preserver-spaces=\"true\"> Ruisheng Glass Bottle, l'un des plus grands fabricants de bouteilles en verre au monde. <\/span><span data-preserver-spaces=\"true\">le plus important<\/span><span data-preserver-spaces=\"true\">\u00a0Fabricants et fournisseurs chinois de bouteilles en verre.<\/span><\/p>\n<p><span data-preserver-spaces=\"true\">Ces bouteilles de tequila <\/span><span data-preserver-spaces=\"true\">adopter<\/span><span data-preserver-spaces=\"true\"> un mat\u00e9riau de haute qualit\u00e9, le verre de silex, qui rend le verre plus transparent, plus clair et plus lisse. Notre soci\u00e9t\u00e9 propose des bouteilles de liqueur en forme de cr\u00e2ne de diff\u00e9rentes tailles : 750ml, 700ml, 100ml, et plus encore. Vous pouvez choisir parmi diff\u00e9rentes couleurs, notamment le blanc, le noir, le bleu, le vert, le violet et le transparent. Nous proposons \u00e9galement un service de bouteilles en verre personnalis\u00e9es.<\/span><\/p>\n<p><span data-preserver-spaces=\"true\">Forts d'une exp\u00e9rience consid\u00e9rable, nous jouissons d'une solide r\u00e9putation dans le monde entier.  Nos bouteilles de tequila Kah ont \u00e9t\u00e9 export\u00e9es aux \u00c9tats-Unis, au Royaume-Uni, en Australie, en France, en Afrique du Sud et dans de nombreux autres pays, ce qui nous a permis d'acqu\u00e9rir une bonne r\u00e9putation aupr\u00e8s de nos clients.<\/span><\/p>\n<h2><strong><span data-preserver-spaces=\"true\">\u00c0 propos des fabricants de bouteilles \u00e0 t\u00eate de mort pour la tequila<\/span><\/strong><\/h2>\n<ul>\n<li><span data-preserver-spaces=\"true\">Nom : Bouteille de Tequila Cr\u00e2ne 750ml<\/span><\/li>\n<li><span data-preserver-spaces=\"true\">Origine du lieu : Shandong, Chine<\/span><\/li>\n<li><span data-preserver-spaces=\"true\">Mat\u00e9riau primaire : Verre \u00e0 haute teneur en silex<\/span><\/li>\n<li><span data-preserver-spaces=\"true\">Bouchon : Bouchon en li\u00e8ge, bouchon \u00e0 vis<\/span><\/li>\n<li><strong><span data-preserver-spaces=\"true\">MOQ : 10000 PCS<\/span><\/strong><\/li>\n<li><span data-preserver-spaces=\"true\">Capacit\u00e9 : 750 ml<\/span><\/li>\n<li><span data-preserver-spaces=\"true\">Pcs\/Ctn : 24pcs<\/span><\/li>\n<li><span data-preserver-spaces=\"true\">Caract\u00e9ristique : Respectueux de l'environnement<\/span><\/li>\n<\/ul>\n<p><span data-preserver-spaces=\"true\">En plus de ce cr\u00e2ne de cristal de 750ml<\/span><span data-preserver-spaces=\"true\"> Nous fournissons \u00e9galement des bouteilles en verre vides de diff\u00e9rentes capacit\u00e9s pour la liqueur, le vermouth, la vodka, le whisky, le brandy, le rhum, le gin et d'autres spiritueux.<\/span><\/p>\n<p><span data-preserver-spaces=\"true\">Si vous \u00eates satisfait de cette bouteille en verre transparent, veuillez me le faire savoir rapidement. Si vous ne l'aimez pas, vous pouvez regarder nos autres bouteilles. Ou bien je vous remettrai le catalogue, et<\/span> <span data-preserver-spaces=\"true\">vous pouvez choisir ce que vous voulez. <\/span><span data-preserver-spaces=\"true\">Si vous \u00eates int\u00e9ress\u00e9 par nos bouteilles d'alcool herm\u00e9tiques, <\/span><span data-preserver-spaces=\"true\">veuillez nous contacter<\/span><span data-preserver-spaces=\"true\">.<\/span><span data-preserver-spaces=\"true\"> Nous vous r\u00e9pondrons dans les 24 heures.<\/span><\/p>","protected":false},"excerpt":{"rendered":"<table>\n<colgroup>\n<col \/>\n<col \/><\/colgroup>\n<tbody>\n<tr>\n<th colspan=\"2\">Bouteilles de Tequila 750ml avec t\u00eate de mort Wholesale<\/th>\n<\/tr>\n<tr>\n<td>Mat\u00e9riau principal :<\/td>\n<td>Verre \u00e0 haute teneur en silex<\/td>\n<\/tr>\n<tr>\n<td>Cap :<\/td>\n<td>Bouchon \u00e0 vis<\/td>\n<\/tr>\n<tr>\n<td>Capacit\u00e9 :<\/td>\n<td>750ml<\/td>\n<\/tr>\n<tr>\n<td>Fonctionnalit\u00e9 :<\/td>\n<td>Respect de l'environnement<\/td>\n<\/tr>\n<tr>\n<td>MOQ :<\/td>\n<td>10000 PCS<\/td>\n<\/tr>\n<tr>\n<td>Mode d'exp\u00e9dition :<\/td>\n<td>Exp\u00e9dier, Express<\/td>\n<\/tr>\n<tr>\n<td>OEM\/ODM :<\/td>\n<td>Bienvenue<\/td>\n<\/tr>\n<tr>\n<td>Origine du lieu :<\/td>\n<td>Shandong, Chine<\/td>\n<\/tr>\n<tr>\n<td>Pcs\/Ctn :<\/td>\n<td>24pcs<\/td>\n<\/tr>\n<\/tbody>\n<\/table>","protected":false},"featured_media":4216,"comment_status":"closed","ping_status":"closed","template":"","meta":[],"product_cat":[40,46],"class_list":{"0":"post-4215","1":"product","2":"type-product","3":"status-publish","4":"has-post-thumbnail","6":"product_cat-750ml-liquor-bottle-manufacturer","7":"product_cat-tequila-bottle","9":"first","10":"instock","11":"shipping-taxable","12":"product-type-simple"},"yoast_head":"<!-- This site is optimized with the Yoast SEO plugin v22.0 - https:\/\/yoast.com\/wordpress\/plugins\/seo\/ -->\n<title>750ml Tequila Skull Bottles Manufacturers | Custom Made Glass Bottle<\/title>\n<meta name=\"description\" content=\"Ruisheng, one of the largest glass bottle manufacturers and suppliers in China, sales different capacity tequila skull bottles wholesale in factory price.\" \/>\n<meta name=\"robots\" content=\"index, follow, max-snippet:-1, max-image-preview:large, max-video-preview:-1\" \/>\n<link rel=\"canonical\" href=\"https:\/\/ruishengglassco.com\/fr\/produit\/rs094-750ml-tequila-skull-bottles-wholesale\" \/>\n<meta property=\"og:locale\" content=\"fr_FR\" \/>\n<meta property=\"og:type\" content=\"article\" \/>\n<meta property=\"og:title\" content=\"750ml Tequila Skull Bottles Manufacturers | Custom Made Glass Bottle\" \/>\n<meta property=\"og:description\" content=\"Ruisheng, one of the largest glass bottle manufacturers and suppliers in China, sales different capacity tequila skull bottles wholesale in factory price.\" \/>\n<meta property=\"og:url\" content=\"https:\/\/ruishengglassco.com\/fr\/produit\/rs094-750ml-tequila-skull-bottles-wholesale\" \/>\n<meta property=\"article:publisher\" content=\"https:\/\/www.facebook.com\/ruishengglassbottles\" \/>\n<meta property=\"article:modified_time\" content=\"2025-07-16T08:49:37+00:00\" \/>\n<meta property=\"og:image\" content=\"https:\/\/ruishengglassco.com\/wp-content\/uploads\/2025\/03\/RS094-750ml-Tequila-Skull-Bottles-Wholesale.webp\" \/>\n\t<meta property=\"og:image:width\" content=\"500\" \/>\n\t<meta property=\"og:image:height\" content=\"500\" \/>\n\t<meta property=\"og:image:type\" content=\"image\/webp\" \/>\n<meta name=\"twitter:card\" content=\"summary_large_image\" \/>\n<meta name=\"twitter:label1\" content=\"Dur\u00e9e de lecture estim\u00e9e\" \/>\n\t<meta name=\"twitter:data1\" content=\"2 minutes\" \/>\n<script type=\"application\/ld+json\" class=\"yoast-schema-graph\">{\"@context\":\"https:\/\/schema.org\",\"@graph\":[{\"@type\":\"WebPage\",\"@id\":\"https:\/\/ruishengglassco.com\/product\/rs094-750ml-tequila-skull-bottles-wholesale\",\"url\":\"https:\/\/ruishengglassco.com\/product\/rs094-750ml-tequila-skull-bottles-wholesale\",\"name\":\"750ml Tequila Skull Bottles Manufacturers | Custom Made Glass Bottle\",\"isPartOf\":{\"@id\":\"https:\/\/ruishengglassco.com\/#website\"},\"datePublished\":\"2025-03-15T01:50:03+00:00\",\"dateModified\":\"2025-07-16T08:49:37+00:00\",\"description\":\"Ruisheng, one of the largest glass bottle manufacturers and suppliers in China, sales different capacity tequila skull bottles wholesale in factory price.\",\"breadcrumb\":{\"@id\":\"https:\/\/ruishengglassco.com\/product\/rs094-750ml-tequila-skull-bottles-wholesale#breadcrumb\"},\"inLanguage\":\"fr-FR\",\"potentialAction\":[{\"@type\":\"ReadAction\",\"target\":[\"https:\/\/ruishengglassco.com\/product\/rs094-750ml-tequila-skull-bottles-wholesale\"]}]},{\"@type\":\"BreadcrumbList\",\"@id\":\"https:\/\/ruishengglassco.com\/product\/rs094-750ml-tequila-skull-bottles-wholesale#breadcrumb\",\"itemListElement\":[{\"@type\":\"ListItem\",\"position\":1,\"name\":\"Home\",\"item\":\"https:\/\/ruishengglassco.com\/\"},{\"@type\":\"ListItem\",\"position\":2,\"name\":\"Products\",\"item\":\"https:\/\/ruishengglassco.com\/products\"},{\"@type\":\"ListItem\",\"position\":3,\"name\":\"RS094: 750ml Tequila Skull Bottles Manufacturers\"}]},{\"@type\":\"WebSite\",\"@id\":\"https:\/\/ruishengglassco.com\/#website\",\"url\":\"https:\/\/ruishengglassco.com\/\",\"name\":\"Ruisheng Glass\",\"description\":\"\",\"publisher\":{\"@id\":\"https:\/\/ruishengglassco.com\/#organization\"},\"potentialAction\":[{\"@type\":\"SearchAction\",\"target\":{\"@type\":\"EntryPoint\",\"urlTemplate\":\"https:\/\/ruishengglassco.com\/?s={search_term_string}\"},\"query-input\":\"required name=search_term_string\"}],\"inLanguage\":\"fr-FR\"},{\"@type\":\"Organization\",\"@id\":\"https:\/\/ruishengglassco.com\/#organization\",\"name\":\"Shandong Yuncheng Ruisheng Glass Co., Ltd\",\"url\":\"https:\/\/ruishengglassco.com\/\",\"logo\":{\"@type\":\"ImageObject\",\"inLanguage\":\"fr-FR\",\"@id\":\"https:\/\/ruishengglassco.com\/#\/schema\/logo\/image\/\",\"url\":\"https:\/\/ruishengglassco.com\/wp-content\/uploads\/2023\/09\/ruisheng_logo_icon.webp\",\"contentUrl\":\"https:\/\/ruishengglassco.com\/wp-content\/uploads\/2023\/09\/ruisheng_logo_icon.webp\",\"width\":400,\"height\":233,\"caption\":\"Shandong Yuncheng Ruisheng Glass Co., Ltd\"},\"image\":{\"@id\":\"https:\/\/ruishengglassco.com\/#\/schema\/logo\/image\/\"},\"sameAs\":[\"https:\/\/www.facebook.com\/ruishengglassbottles\",\"https:\/\/www.instagram.com\/Ruishengglassbottlewholesales\/\",\"https:\/\/www.youtube.com\/channel\/UCMmbMNGwsL-XrtjfSFLCdVQ\"]}]}<\/script>\n<!-- \/ Yoast SEO plugin. -->","yoast_head_json":{"title":"750ml Tequila Skull Bottles Manufacturers | Custom Made Glass Bottle","description":"Ruisheng, one of the largest glass bottle manufacturers and suppliers in China, sales different capacity tequila skull bottles wholesale in factory price.","robots":{"index":"index","follow":"follow","max-snippet":"max-snippet:-1","max-image-preview":"max-image-preview:large","max-video-preview":"max-video-preview:-1"},"canonical":"https:\/\/ruishengglassco.com\/fr\/produit\/rs094-750ml-tequila-skull-bottles-wholesale","og_locale":"fr_FR","og_type":"article","og_title":"750ml Tequila Skull Bottles Manufacturers | Custom Made Glass Bottle","og_description":"Ruisheng, one of the largest glass bottle manufacturers and suppliers in China, sales different capacity tequila skull bottles wholesale in factory price.","og_url":"https:\/\/ruishengglassco.com\/fr\/produit\/rs094-750ml-tequila-skull-bottles-wholesale","article_publisher":"https:\/\/www.facebook.com\/ruishengglassbottles","article_modified_time":"2025-07-16T08:49:37+00:00","og_image":[{"width":500,"height":500,"url":"https:\/\/ruishengglassco.com\/wp-content\/uploads\/2025\/03\/RS094-750ml-Tequila-Skull-Bottles-Wholesale.webp","type":"image\/webp"}],"twitter_card":"summary_large_image","twitter_misc":{"Dur\u00e9e de lecture estim\u00e9e":"2 minutes"},"schema":{"@context":"https:\/\/schema.org","@graph":[{"@type":"WebPage","@id":"https:\/\/ruishengglassco.com\/product\/rs094-750ml-tequila-skull-bottles-wholesale","url":"https:\/\/ruishengglassco.com\/product\/rs094-750ml-tequila-skull-bottles-wholesale","name":"750ml Tequila Skull Bottles Manufacturers | Custom Made Glass Bottle","isPartOf":{"@id":"https:\/\/ruishengglassco.com\/#website"},"datePublished":"2025-03-15T01:50:03+00:00","dateModified":"2025-07-16T08:49:37+00:00","description":"Ruisheng, one of the largest glass bottle manufacturers and suppliers in China, sales different capacity tequila skull bottles wholesale in factory price.","breadcrumb":{"@id":"https:\/\/ruishengglassco.com\/product\/rs094-750ml-tequila-skull-bottles-wholesale#breadcrumb"},"inLanguage":"fr-FR","potentialAction":[{"@type":"ReadAction","target":["https:\/\/ruishengglassco.com\/product\/rs094-750ml-tequila-skull-bottles-wholesale"]}]},{"@type":"BreadcrumbList","@id":"https:\/\/ruishengglassco.com\/product\/rs094-750ml-tequila-skull-bottles-wholesale#breadcrumb","itemListElement":[{"@type":"ListItem","position":1,"name":"Home","item":"https:\/\/ruishengglassco.com\/"},{"@type":"ListItem","position":2,"name":"Products","item":"https:\/\/ruishengglassco.com\/products"},{"@type":"ListItem","position":3,"name":"RS094: 750ml Tequila Skull Bottles Manufacturers"}]},{"@type":"WebSite","@id":"https:\/\/ruishengglassco.com\/#website","url":"https:\/\/ruishengglassco.com\/","name":"Ruisheng Glass","description":"","publisher":{"@id":"https:\/\/ruishengglassco.com\/#organization"},"potentialAction":[{"@type":"SearchAction","target":{"@type":"EntryPoint","urlTemplate":"https:\/\/ruishengglassco.com\/?s={search_term_string}"},"query-input":"required name=search_term_string"}],"inLanguage":"fr-FR"},{"@type":"Organization","@id":"https:\/\/ruishengglassco.com\/#organization","name":"Shandong Yuncheng Ruisheng Glass Co., Ltd","url":"https:\/\/ruishengglassco.com\/","logo":{"@type":"ImageObject","inLanguage":"fr-FR","@id":"https:\/\/ruishengglassco.com\/#\/schema\/logo\/image\/","url":"https:\/\/ruishengglassco.com\/wp-content\/uploads\/2023\/09\/ruisheng_logo_icon.webp","contentUrl":"https:\/\/ruishengglassco.com\/wp-content\/uploads\/2023\/09\/ruisheng_logo_icon.webp","width":400,"height":233,"caption":"Shandong Yuncheng Ruisheng Glass Co., Ltd"},"image":{"@id":"https:\/\/ruishengglassco.com\/#\/schema\/logo\/image\/"},"sameAs":["https:\/\/www.facebook.com\/ruishengglassbottles","https:\/\/www.instagram.com\/Ruishengglassbottlewholesales\/","https:\/\/www.youtube.com\/channel\/UCMmbMNGwsL-XrtjfSFLCdVQ"]}]}},"_links":{"self":[{"href":"https:\/\/ruishengglassco.com\/fr\/wp-json\/wp\/v2\/product\/4215","targetHints":{"allow":["GET"]}}],"collection":[{"href":"https:\/\/ruishengglassco.com\/fr\/wp-json\/wp\/v2\/product"}],"about":[{"href":"https:\/\/ruishengglassco.com\/fr\/wp-json\/wp\/v2\/types\/product"}],"replies":[{"embeddable":true,"href":"https:\/\/ruishengglassco.com\/fr\/wp-json\/wp\/v2\/comments?post=4215"}],"wp:featuredmedia":[{"embeddable":true,"href":"https:\/\/ruishengglassco.com\/fr\/wp-json\/wp\/v2\/media\/4216"}],"wp:attachment":[{"href":"https:\/\/ruishengglassco.com\/fr\/wp-json\/wp\/v2\/media?parent=4215"}],"wp:term":[{"taxonomy":"product_cat","embeddable":true,"href":"https:\/\/ruishengglassco.com\/fr\/wp-json\/wp\/v2\/product_cat?post=4215"}],"curies":[{"name":"wp","href":"https:\/\/api.w.org\/{rel}","templated":true}]}}