{"id":4213,"date":"2025-03-15T09:47:58","date_gmt":"2025-03-15T01:47:58","guid":{"rendered":"https:\/\/ruishengglassco.com\/?post_type=product&#038;p=4213"},"modified":"2025-07-17T13:53:45","modified_gmt":"2025-07-17T05:53:45","slug":"rs095-wholesale-700ml-clear-gin-bottles-with-corks","status":"publish","type":"product","link":"https:\/\/ruishengglassco.com\/fr\/produit\/rs095-wholesale-700ml-clear-gin-bottles-with-corks","title":{"rendered":"RS095 : Bouteilles de Gin transparentes de 700ml avec bouchons"},"content":{"rendered":"<p><span data-preserver-spaces=\"true\">La bouteille de gin transparente de 700 ml en gros est l'un de nos projets les plus r\u00e9ussis ; nous l'avons export\u00e9e dans de nombreuses r\u00e9gions et avons re\u00e7u des \u00e9loges unanimes. En tant que fabricant professionnel de bouteilles de liqueur, nous pouvons garantir la production de bouteilles en verre liquide de haute qualit\u00e9.<\/span><\/p>\n<p><span data-preserver-spaces=\"true\">A propos de<\/span><span data-preserver-spaces=\"true\"> la bouteille de gin transparente de 700 ml, <\/span><span data-preserver-spaces=\"true\">de cette bouteille<\/span><span data-preserver-spaces=\"true\"> la forme est ronde<\/span><span data-preserver-spaces=\"true\">, <\/span><span data-preserver-spaces=\"true\">et <\/span><span data-preserver-spaces=\"true\">il<\/span><span data-preserver-spaces=\"true\"> peut \u00eatre utilis\u00e9<\/span><span data-preserver-spaces=\"true\"> pour la vodka, le brandy, le XO, le whisky, et <\/span><span data-preserver-spaces=\"true\">ainsi de suite<\/span><span data-preserver-spaces=\"true\">.<\/span><\/p>\n<h2><span data-preserver-spaces=\"true\">Bouteille de Gin transparente 700ml Fabricants<\/span><\/h2>\n<p><span data-preserver-spaces=\"true\">Les informations concernant la bouteille en verre sont les suivantes :<\/span><\/p>\n<ul>\n<li><span data-preserver-spaces=\"true\">Principal<\/span><span data-preserver-spaces=\"true\"> mat\u00e9riau : verre super silex<\/span><\/li>\n<li><span data-preserver-spaces=\"true\">Bouchon : li\u00e8ge<\/span><\/li>\n<li><span data-preserver-spaces=\"true\">R\u00e9f\u00e9rence : RS095<\/span><\/li>\n<li><span data-preserver-spaces=\"true\">MOQ : 10000 PCS<\/span><\/li>\n<li><span data-preserver-spaces=\"true\">Capacit\u00e9 : 700ml<\/span><\/li>\n<li><span data-preserver-spaces=\"true\">Pcs\/Ctn : 24pcs<\/span><\/li>\n<li><span data-preserver-spaces=\"true\">Origine du lieu : Shandong, Chine<\/span><\/li>\n<li><span data-preserver-spaces=\"true\">Caract\u00e9ristique : Respectueux de l'environnement<\/span><\/li>\n<\/ul>\n<p><span data-preserver-spaces=\"true\">Notre entreprise emploie plus de 500 personnes, dont beaucoup ont une grande exp\u00e9rience de la fabrication de bouteilles en verre. Nous disposons \u00e9galement d'inspecteurs de la qualit\u00e9 hautement professionnels et d'un personnel qualifi\u00e9.<\/span> <span data-preserver-spaces=\"true\">nous veillons \u00e0 ce que chaque bouteille en verre subisse un contr\u00f4le de qualit\u00e9 rigoureux. En outre, notre emballage est strictement conforme aux normes nationales.<\/span><\/p>\n<p><span data-preserver-spaces=\"true\">Une bouteille de gin transparente de 700 ml avec un bouchon est le produit principal de notre soci\u00e9t\u00e9, et nous sommes donc convaincus que nous pouvons la fabriquer correctement.<\/span><\/p>\n<p><span data-preserver-spaces=\"true\">Surtout, nous pouvons effectuer un traitement approfondi de la bouteille en verre, comme l'impression, le marquage \u00e0 chaud, le gla\u00e7age, etc. Quelle que soit la couleur que vous souhaitez, nous pouvons la r\u00e9aliser.<\/span><\/p>\n<p><span data-preserver-spaces=\"true\">Si vous souhaitez visiter notre usine, nous sommes toujours les bienvenus. <\/span><span data-preserver-spaces=\"true\">Nous pr\u00e9voyons un personnel sp\u00e9cial pour vous accueillir \u00e0 l'a\u00e9roport, et<\/span> <span data-preserver-spaces=\"true\">nous avons \u00e9galement <\/span><span data-preserver-spaces=\"true\">personnel sp\u00e9cialis\u00e9<\/span><span data-preserver-spaces=\"true\"> pour vous faire visiter l'usine.<\/span><\/p>\n<p><span data-preserver-spaces=\"true\">Nous produisons \u00e9galement une vari\u00e9t\u00e9 de bouteilles en verre personnalis\u00e9es, disponibles en <\/span><span data-preserver-spaces=\"true\">tous<\/span><span data-preserver-spaces=\"true\"> les tailles. <\/span><span data-preserver-spaces=\"true\">Nous pouvons <\/span><span data-preserver-spaces=\"true\">produire<\/span> <span data-preserver-spaces=\"true\">diff\u00e9rentes formes<\/span><span data-preserver-spaces=\"true\"> de bouteilles d'eau en verre.<\/span><span data-preserver-spaces=\"true\"> Si vous souhaitez personnaliser la bouteille, nous pouvons \u00e9galement r\u00e9pondre \u00e0 votre demande. Si vous nous fournissez un dessin, nous pouvons produire une bouteille identique.<\/span><\/p>\n<p><span data-preserver-spaces=\"true\">Nous esp\u00e9rons que vous aimerez cette bouteille en verre de brandy et que vous serez satisfaits de la qualit\u00e9 des produits. <\/span><span data-preserver-spaces=\"true\">lieu<\/span><span data-preserver-spaces=\"true\"> une commande. Nous vous invitons \u00e0 visiter notre usine.<\/span><\/p>\n<p><span data-preserver-spaces=\"true\">Si vous \u00eates int\u00e9ress\u00e9 par l'achat en gros de bouteilles de gin transparentes de 700 ml ou par l'achat de bouteilles de gin avec bouchon en vrac, veuillez prendre contact avec nous. Nous vous r\u00e9pondrons dans les 24 heures.<\/span><\/p>","protected":false},"excerpt":{"rendered":"<p>En ce qui concerne la bouteille de gin transparente de 700 ml, sa forme est ronde et elle peut \u00eatre utilis\u00e9e pour la vodka, le brandy, le XO, le whisky, etc.<\/p>","protected":false},"featured_media":4214,"comment_status":"closed","ping_status":"closed","template":"","meta":[],"product_cat":[44,50],"class_list":{"0":"post-4213","1":"product","2":"type-product","3":"status-publish","4":"has-post-thumbnail","6":"product_cat-700ml-liquor-bottle-manufacturer","7":"product_cat-gin-bottle","9":"first","10":"instock","11":"shipping-taxable","12":"product-type-simple"},"yoast_head":"<!-- This site is optimized with the Yoast SEO plugin v22.0 - https:\/\/yoast.com\/wordpress\/plugins\/seo\/ -->\n<title>700ml Clear Gin Bottle Manufacturers | Bulk Gin Bottle With Cork For Sale<\/title>\n<meta name=\"description\" content=\"Buy 700ml Clear Gin Bottle Wholesale From China Ruisheng Glass Bottle Manufacturer. Factory Ouelt&amp;Cheap Price. Buy Bulk Gin Bottle With Cork For Sale Now\" \/>\n<meta name=\"robots\" content=\"index, follow, max-snippet:-1, max-image-preview:large, max-video-preview:-1\" \/>\n<link rel=\"canonical\" href=\"https:\/\/ruishengglassco.com\/fr\/produit\/rs095-wholesale-700ml-clear-gin-bottles-with-corks\" \/>\n<meta property=\"og:locale\" content=\"fr_FR\" \/>\n<meta property=\"og:type\" content=\"article\" \/>\n<meta property=\"og:title\" content=\"700ml Clear Gin Bottle Manufacturers | Bulk Gin Bottle With Cork For Sale\" \/>\n<meta property=\"og:description\" content=\"Buy 700ml Clear Gin Bottle Wholesale From China Ruisheng Glass Bottle Manufacturer. Factory Ouelt&amp;Cheap Price. Buy Bulk Gin Bottle With Cork For Sale Now\" \/>\n<meta property=\"og:url\" content=\"https:\/\/ruishengglassco.com\/fr\/produit\/rs095-wholesale-700ml-clear-gin-bottles-with-corks\" \/>\n<meta property=\"article:publisher\" content=\"https:\/\/www.facebook.com\/ruishengglassbottles\" \/>\n<meta property=\"article:modified_time\" content=\"2025-07-17T05:53:45+00:00\" \/>\n<meta property=\"og:image\" content=\"https:\/\/ruishengglassco.com\/wp-content\/uploads\/2025\/03\/RS095-Wholesale-700ml-Clear-Gin-Bottles-With-Corks.webp\" \/>\n\t<meta property=\"og:image:width\" content=\"800\" \/>\n\t<meta property=\"og:image:height\" content=\"800\" \/>\n\t<meta property=\"og:image:type\" content=\"image\/webp\" \/>\n<meta name=\"twitter:card\" content=\"summary_large_image\" \/>\n<meta name=\"twitter:label1\" content=\"Dur\u00e9e de lecture estim\u00e9e\" \/>\n\t<meta name=\"twitter:data1\" content=\"2 minutes\" \/>\n<script type=\"application\/ld+json\" class=\"yoast-schema-graph\">{\"@context\":\"https:\/\/schema.org\",\"@graph\":[{\"@type\":\"WebPage\",\"@id\":\"https:\/\/ruishengglassco.com\/product\/rs095-wholesale-700ml-clear-gin-bottles-with-corks\",\"url\":\"https:\/\/ruishengglassco.com\/product\/rs095-wholesale-700ml-clear-gin-bottles-with-corks\",\"name\":\"700ml Clear Gin Bottle Manufacturers | Bulk Gin Bottle With Cork For Sale\",\"isPartOf\":{\"@id\":\"https:\/\/ruishengglassco.com\/#website\"},\"datePublished\":\"2025-03-15T01:47:58+00:00\",\"dateModified\":\"2025-07-17T05:53:45+00:00\",\"description\":\"Buy 700ml Clear Gin Bottle Wholesale From China Ruisheng Glass Bottle Manufacturer. Factory Ouelt&Cheap Price. Buy Bulk Gin Bottle With Cork For Sale Now\",\"breadcrumb\":{\"@id\":\"https:\/\/ruishengglassco.com\/product\/rs095-wholesale-700ml-clear-gin-bottles-with-corks#breadcrumb\"},\"inLanguage\":\"fr-FR\",\"potentialAction\":[{\"@type\":\"ReadAction\",\"target\":[\"https:\/\/ruishengglassco.com\/product\/rs095-wholesale-700ml-clear-gin-bottles-with-corks\"]}]},{\"@type\":\"BreadcrumbList\",\"@id\":\"https:\/\/ruishengglassco.com\/product\/rs095-wholesale-700ml-clear-gin-bottles-with-corks#breadcrumb\",\"itemListElement\":[{\"@type\":\"ListItem\",\"position\":1,\"name\":\"Home\",\"item\":\"https:\/\/ruishengglassco.com\/\"},{\"@type\":\"ListItem\",\"position\":2,\"name\":\"Products\",\"item\":\"https:\/\/ruishengglassco.com\/products\"},{\"@type\":\"ListItem\",\"position\":3,\"name\":\"RS095: 700ml Clear Gin Bottles With Corks\"}]},{\"@type\":\"WebSite\",\"@id\":\"https:\/\/ruishengglassco.com\/#website\",\"url\":\"https:\/\/ruishengglassco.com\/\",\"name\":\"Ruisheng Glass\",\"description\":\"\",\"publisher\":{\"@id\":\"https:\/\/ruishengglassco.com\/#organization\"},\"potentialAction\":[{\"@type\":\"SearchAction\",\"target\":{\"@type\":\"EntryPoint\",\"urlTemplate\":\"https:\/\/ruishengglassco.com\/?s={search_term_string}\"},\"query-input\":\"required name=search_term_string\"}],\"inLanguage\":\"fr-FR\"},{\"@type\":\"Organization\",\"@id\":\"https:\/\/ruishengglassco.com\/#organization\",\"name\":\"Shandong Yuncheng Ruisheng Glass Co., Ltd\",\"url\":\"https:\/\/ruishengglassco.com\/\",\"logo\":{\"@type\":\"ImageObject\",\"inLanguage\":\"fr-FR\",\"@id\":\"https:\/\/ruishengglassco.com\/#\/schema\/logo\/image\/\",\"url\":\"https:\/\/ruishengglassco.com\/wp-content\/uploads\/2023\/09\/ruisheng_logo_icon.webp\",\"contentUrl\":\"https:\/\/ruishengglassco.com\/wp-content\/uploads\/2023\/09\/ruisheng_logo_icon.webp\",\"width\":400,\"height\":233,\"caption\":\"Shandong Yuncheng Ruisheng Glass Co., Ltd\"},\"image\":{\"@id\":\"https:\/\/ruishengglassco.com\/#\/schema\/logo\/image\/\"},\"sameAs\":[\"https:\/\/www.facebook.com\/ruishengglassbottles\",\"https:\/\/www.instagram.com\/Ruishengglassbottlewholesales\/\",\"https:\/\/www.youtube.com\/channel\/UCMmbMNGwsL-XrtjfSFLCdVQ\"]}]}<\/script>\n<!-- \/ Yoast SEO plugin. -->","yoast_head_json":{"title":"700ml Clear Gin Bottle Manufacturers | Bulk Gin Bottle With Cork For Sale","description":"Buy 700ml Clear Gin Bottle Wholesale From China Ruisheng Glass Bottle Manufacturer. Factory Ouelt&Cheap Price. Buy Bulk Gin Bottle With Cork For Sale Now","robots":{"index":"index","follow":"follow","max-snippet":"max-snippet:-1","max-image-preview":"max-image-preview:large","max-video-preview":"max-video-preview:-1"},"canonical":"https:\/\/ruishengglassco.com\/fr\/produit\/rs095-wholesale-700ml-clear-gin-bottles-with-corks","og_locale":"fr_FR","og_type":"article","og_title":"700ml Clear Gin Bottle Manufacturers | Bulk Gin Bottle With Cork For Sale","og_description":"Buy 700ml Clear Gin Bottle Wholesale From China Ruisheng Glass Bottle Manufacturer. Factory Ouelt&Cheap Price. Buy Bulk Gin Bottle With Cork For Sale Now","og_url":"https:\/\/ruishengglassco.com\/fr\/produit\/rs095-wholesale-700ml-clear-gin-bottles-with-corks","article_publisher":"https:\/\/www.facebook.com\/ruishengglassbottles","article_modified_time":"2025-07-17T05:53:45+00:00","og_image":[{"width":800,"height":800,"url":"https:\/\/ruishengglassco.com\/wp-content\/uploads\/2025\/03\/RS095-Wholesale-700ml-Clear-Gin-Bottles-With-Corks.webp","type":"image\/webp"}],"twitter_card":"summary_large_image","twitter_misc":{"Dur\u00e9e de lecture estim\u00e9e":"2 minutes"},"schema":{"@context":"https:\/\/schema.org","@graph":[{"@type":"WebPage","@id":"https:\/\/ruishengglassco.com\/product\/rs095-wholesale-700ml-clear-gin-bottles-with-corks","url":"https:\/\/ruishengglassco.com\/product\/rs095-wholesale-700ml-clear-gin-bottles-with-corks","name":"700ml Clear Gin Bottle Manufacturers | Bulk Gin Bottle With Cork For Sale","isPartOf":{"@id":"https:\/\/ruishengglassco.com\/#website"},"datePublished":"2025-03-15T01:47:58+00:00","dateModified":"2025-07-17T05:53:45+00:00","description":"Buy 700ml Clear Gin Bottle Wholesale From China Ruisheng Glass Bottle Manufacturer. Factory Ouelt&Cheap Price. Buy Bulk Gin Bottle With Cork For Sale Now","breadcrumb":{"@id":"https:\/\/ruishengglassco.com\/product\/rs095-wholesale-700ml-clear-gin-bottles-with-corks#breadcrumb"},"inLanguage":"fr-FR","potentialAction":[{"@type":"ReadAction","target":["https:\/\/ruishengglassco.com\/product\/rs095-wholesale-700ml-clear-gin-bottles-with-corks"]}]},{"@type":"BreadcrumbList","@id":"https:\/\/ruishengglassco.com\/product\/rs095-wholesale-700ml-clear-gin-bottles-with-corks#breadcrumb","itemListElement":[{"@type":"ListItem","position":1,"name":"Home","item":"https:\/\/ruishengglassco.com\/"},{"@type":"ListItem","position":2,"name":"Products","item":"https:\/\/ruishengglassco.com\/products"},{"@type":"ListItem","position":3,"name":"RS095: 700ml Clear Gin Bottles With Corks"}]},{"@type":"WebSite","@id":"https:\/\/ruishengglassco.com\/#website","url":"https:\/\/ruishengglassco.com\/","name":"Ruisheng Glass","description":"","publisher":{"@id":"https:\/\/ruishengglassco.com\/#organization"},"potentialAction":[{"@type":"SearchAction","target":{"@type":"EntryPoint","urlTemplate":"https:\/\/ruishengglassco.com\/?s={search_term_string}"},"query-input":"required name=search_term_string"}],"inLanguage":"fr-FR"},{"@type":"Organization","@id":"https:\/\/ruishengglassco.com\/#organization","name":"Shandong Yuncheng Ruisheng Glass Co., Ltd","url":"https:\/\/ruishengglassco.com\/","logo":{"@type":"ImageObject","inLanguage":"fr-FR","@id":"https:\/\/ruishengglassco.com\/#\/schema\/logo\/image\/","url":"https:\/\/ruishengglassco.com\/wp-content\/uploads\/2023\/09\/ruisheng_logo_icon.webp","contentUrl":"https:\/\/ruishengglassco.com\/wp-content\/uploads\/2023\/09\/ruisheng_logo_icon.webp","width":400,"height":233,"caption":"Shandong Yuncheng Ruisheng Glass Co., Ltd"},"image":{"@id":"https:\/\/ruishengglassco.com\/#\/schema\/logo\/image\/"},"sameAs":["https:\/\/www.facebook.com\/ruishengglassbottles","https:\/\/www.instagram.com\/Ruishengglassbottlewholesales\/","https:\/\/www.youtube.com\/channel\/UCMmbMNGwsL-XrtjfSFLCdVQ"]}]}},"_links":{"self":[{"href":"https:\/\/ruishengglassco.com\/fr\/wp-json\/wp\/v2\/product\/4213","targetHints":{"allow":["GET"]}}],"collection":[{"href":"https:\/\/ruishengglassco.com\/fr\/wp-json\/wp\/v2\/product"}],"about":[{"href":"https:\/\/ruishengglassco.com\/fr\/wp-json\/wp\/v2\/types\/product"}],"replies":[{"embeddable":true,"href":"https:\/\/ruishengglassco.com\/fr\/wp-json\/wp\/v2\/comments?post=4213"}],"wp:featuredmedia":[{"embeddable":true,"href":"https:\/\/ruishengglassco.com\/fr\/wp-json\/wp\/v2\/media\/4214"}],"wp:attachment":[{"href":"https:\/\/ruishengglassco.com\/fr\/wp-json\/wp\/v2\/media?parent=4213"}],"wp:term":[{"taxonomy":"product_cat","embeddable":true,"href":"https:\/\/ruishengglassco.com\/fr\/wp-json\/wp\/v2\/product_cat?post=4213"}],"curies":[{"name":"wp","href":"https:\/\/api.w.org\/{rel}","templated":true}]}}