{"id":4211,"date":"2025-03-15T09:45:26","date_gmt":"2025-03-15T01:45:26","guid":{"rendered":"https:\/\/ruishengglassco.com\/?post_type=product&#038;p=4211"},"modified":"2025-07-16T16:37:18","modified_gmt":"2025-07-16T08:37:18","slug":"rs096-700ml-bouteilles-de-gin-vides-fabricants","status":"publish","type":"product","link":"https:\/\/ruishengglassco.com\/fr\/produit\/rs096-700ml-bouteilles-de-gin-vides-fabricants","title":{"rendered":"RS096 : Fabricants de bouteilles de gin vides de 700ml"},"content":{"rendered":"<p><span data-preserver-spaces=\"true\">En tant que leader des fabricants de bouteilles en verre en Chine, Ruisheng se concentre sur la conception et la production de bouteilles en verre depuis 2009.  Nos bouteilles de gin vides de 700 ml <\/span><span data-preserver-spaces=\"true\">sont principalement utilis\u00e9s<\/span><span data-preserver-spaces=\"true\"> pour le conditionnement de produits alcoolis\u00e9s. Cette bouteille de gin noire vide de 700 ml <\/span><span data-preserver-spaces=\"true\">est principalement con\u00e7u<\/span><span data-preserver-spaces=\"true\"> pour <\/span><span data-preserver-spaces=\"true\">stockage<\/span><span data-preserver-spaces=\"true\"> et le conditionnement du gin.<\/span><\/p>\n<p><span data-preserver-spaces=\"true\">Les bouteilles de gin en verre vides de la s\u00e9rie RS-2028 adoptent des verres \u00e0 silex de haute qualit\u00e9, ce qui rend les bouteilles en verre plus transparentes, plus claires et plus dures. <\/span><span data-preserver-spaces=\"true\">Il est appr\u00e9ci\u00e9 par les fabricants de gin, les grossistes en bouteilles de verre, les supermarch\u00e9s, etc.<\/span><\/p>\n<p><span data-preserver-spaces=\"true\">Voici les informations concernant nos bouteilles de gin vides \u00e0 vendre. Nous vous invitons \u00e0 passer vos commandes en gros ou en masse !<\/span><\/p>\n<h2><span data-preserver-spaces=\"true\">A propos des fabricants de bouteilles de gin vides de 700 ml<\/span><\/h2>\n<ul>\n<li><strong><span data-preserver-spaces=\"true\">Marque :<\/span><\/strong><span data-preserver-spaces=\"true\">\u00a0<\/span><a class=\"editor-rtfLink\" href=\"https:\/\/glassbottlewholesale.com\/about-us\/\" target=\"_blank\" rel=\"noopener\"><span data-preserver-spaces=\"true\">RS<\/span><\/a><\/li>\n<li><strong><span data-preserver-spaces=\"true\">Taille de la bouteille de Gin :<\/span><\/strong><span data-preserver-spaces=\"true\"> Bouteilles de liqueur de 700ml et 750ml (ou commande personnalis\u00e9e de 50ml \u00e0 15ml)<\/span><\/li>\n<li><strong><span data-preserver-spaces=\"true\">Forme :\u00a0<\/span><\/strong><span data-preserver-spaces=\"true\"> Bouteilles de verre rondes, carr\u00e9es, ovales, incurv\u00e9es, en forme de cr\u00e2ne et formes uniques de bouteilles de gin. (Service de bouteilles en verre de forme personnalis\u00e9e disponible)<\/span><\/li>\n<li><strong><span data-preserver-spaces=\"true\">Type de joint :<\/span><\/strong><span data-preserver-spaces=\"true\"> Bouchon en li\u00e8ge, bouchon \u00e0 vis et bouchon Guala scell\u00e9s<\/span><\/li>\n<li><strong><span data-preserver-spaces=\"true\">MOQ :<\/span><\/strong><span data-preserver-spaces=\"true\"> 1\u00d740HQ(26,000-30000pcs 700ml bouteilles). \u00e9chantillons gratuits de bouteilles de gin vides.<\/span><\/li>\n<li><span data-preserver-spaces=\"true\">Un \u00e9chantillon gratuit peut \u00eatre offert<\/span><span data-preserver-spaces=\"true\">.<\/span><\/li>\n<\/ul>\n<p><span data-preserver-spaces=\"true\">Notre soci\u00e9t\u00e9 a investi dans deux lignes de production de machines enti\u00e8rement automatiques 8S, trois lignes de production de machines manuelles CNC et quatre lignes de production de machines semi-automatiques CNC pour la fabrication de bouteilles en verre. Tout en assurant la fourniture de verres Gin miniatures en gros, la qualit\u00e9 est \u00e9galement garantie.<\/span><\/p>\n<p><span data-preserver-spaces=\"true\">RS 700ml les meilleures bouteilles de Gin ont <\/span><span data-preserver-spaces=\"true\">ont \u00e9t\u00e9 export\u00e9s<\/span><span data-preserver-spaces=\"true\"> vers de nombreux pays, notamment les \u00c9tats-Unis, le Royaume-Uni, le Canada, l'Australie, la France, les Pays-Bas, l'Allemagne et la Belgique. Avec un bon approvisionnement, une haute qualit\u00e9 et un prix raisonnable, ils ont gagn\u00e9 une forte r\u00e9putation parmi nos clients.<\/span><\/p>\n<p><span data-preserver-spaces=\"true\">Si vous \u00eates satisfait de ces bouteilles d'alcool vides \u00e0 vendre, <\/span><span data-preserver-spaces=\"true\">Veuillez me contacter<\/span><span data-preserver-spaces=\"true\"> rapidement.<\/span><span data-preserver-spaces=\"true\"> Si vous ne l'aimez pas, vous pouvez regarder nos autres bouteilles. Ou bien je vous donnerai le catalogue, et<\/span> <span data-preserver-spaces=\"true\">vous pouvez choisir ce que vous <\/span><span data-preserver-spaces=\"true\">comme<\/span><span data-preserver-spaces=\"true\">. <\/span><span data-preserver-spaces=\"true\">Si vous \u00eates int\u00e9ress\u00e9 par nos bouteilles de gin vides de 700ml en gros, <\/span><span data-preserver-spaces=\"true\">veuillez nous contacter<\/span><span data-preserver-spaces=\"true\">.<\/span><span data-preserver-spaces=\"true\"> Nous vous r\u00e9pondrons dans les 24 heures.<\/span><\/p>","protected":false},"excerpt":{"rendered":"<table class=\"tg\">\n<tbody>\n<tr>\n<th class=\"tg-24i8\" colspan=\"2\">Bouteilles de Gin vides 700ml Wholesale<\/th>\n<\/tr>\n<tr>\n<td class=\"tg-b7b8\">R\u00e9f\u00e9rence :<\/td>\n<td class=\"tg-b7b8\">RS096<\/td>\n<\/tr>\n<tr>\n<td class=\"tg-yw4l\">Mat\u00e9riau principal :<\/td>\n<td class=\"tg-yw4l\">Verre \u00e0 haute teneur en silex (ce mat\u00e9riau est \u00e9galement appel\u00e9 verre blanc cristallin)<\/td>\n<\/tr>\n<tr>\n<td class=\"tg-b7b8\">Cap :<\/td>\n<td class=\"tg-b7b8\">Bouchon en li\u00e8ge, bouchon \u00e0 vis et bouchon Guala<\/td>\n<\/tr>\n<tr>\n<td class=\"tg-yw4l\">Capacit\u00e9 :<\/td>\n<td class=\"tg-yw4l\">700ml\/750ml<\/td>\n<\/tr>\n<tr>\n<td class=\"tg-b7b8\">Fonctionnalit\u00e9 :<\/td>\n<td class=\"tg-b7b8\">Respect de l'environnement<\/td>\n<\/tr>\n<tr>\n<td class=\"tg-yw4l\">MOQ :<\/td>\n<td class=\"tg-yw4l\">10000 PCS<\/td>\n<\/tr>\n<tr>\n<td class=\"tg-b7b8\">Mode d'emballage :<\/td>\n<td class=\"tg-b7b8\">Carton standard pour l'exportation \/ Palette \/ carton standard pour l'exportation et palette<\/td>\n<\/tr>\n<tr>\n<td class=\"tg-yw4l\">OEM\/ODM :<\/td>\n<td class=\"tg-yw4l\">Bienvenue<\/td>\n<\/tr>\n<tr>\n<td class=\"tg-b7b8\">Origine du lieu :<\/td>\n<td class=\"tg-b7b8\">Shandong, Chine<\/td>\n<\/tr>\n<tr>\n<td class=\"tg-yw4l\">Pcs\/Ctn :<\/td>\n<td class=\"tg-yw4l\">24pcs ou selon la demande du client<\/td>\n<\/tr>\n<\/tbody>\n<\/table>","protected":false},"featured_media":4212,"comment_status":"closed","ping_status":"closed","template":"","meta":[],"product_cat":[44,50],"class_list":{"0":"post-4211","1":"product","2":"type-product","3":"status-publish","4":"has-post-thumbnail","6":"product_cat-700ml-liquor-bottle-manufacturer","7":"product_cat-gin-bottle","9":"first","10":"instock","11":"shipping-taxable","12":"product-type-simple"},"yoast_head":"<!-- This site is optimized with the Yoast SEO plugin v22.0 - https:\/\/yoast.com\/wordpress\/plugins\/seo\/ -->\n<title>700ml Empty Gin Bottles Manufacturers | Best Gin Black Bottles Maker-RS<\/title>\n<meta name=\"description\" content=\"Ruisheng, one of the glass bottle manufacturers in China, provide 700ml empty gin bottles wholesale in a factory price. OEM\/ODM Order Acceptable.\" \/>\n<meta name=\"robots\" content=\"index, follow, max-snippet:-1, max-image-preview:large, max-video-preview:-1\" \/>\n<link rel=\"canonical\" href=\"https:\/\/ruishengglassco.com\/fr\/produit\/rs096-700ml-bouteilles-de-gin-vides-fabricants\" \/>\n<meta property=\"og:locale\" content=\"fr_FR\" \/>\n<meta property=\"og:type\" content=\"article\" \/>\n<meta property=\"og:title\" content=\"700ml Empty Gin Bottles Manufacturers | Best Gin Black Bottles Maker-RS\" \/>\n<meta property=\"og:description\" content=\"Ruisheng, one of the glass bottle manufacturers in China, provide 700ml empty gin bottles wholesale in a factory price. OEM\/ODM Order Acceptable.\" \/>\n<meta property=\"og:url\" content=\"https:\/\/ruishengglassco.com\/fr\/produit\/rs096-700ml-bouteilles-de-gin-vides-fabricants\" \/>\n<meta property=\"article:publisher\" content=\"https:\/\/www.facebook.com\/ruishengglassbottles\" \/>\n<meta property=\"article:modified_time\" content=\"2025-07-16T08:37:18+00:00\" \/>\n<meta property=\"og:image\" content=\"https:\/\/ruishengglassco.com\/wp-content\/uploads\/2025\/03\/RS096-700ml-Empty-Gin-Bottles-Wholesale.webp\" \/>\n\t<meta property=\"og:image:width\" content=\"500\" \/>\n\t<meta property=\"og:image:height\" content=\"500\" \/>\n\t<meta property=\"og:image:type\" content=\"image\/webp\" \/>\n<meta name=\"twitter:card\" content=\"summary_large_image\" \/>\n<meta name=\"twitter:label1\" content=\"Dur\u00e9e de lecture estim\u00e9e\" \/>\n\t<meta name=\"twitter:data1\" content=\"2 minutes\" \/>\n<script type=\"application\/ld+json\" class=\"yoast-schema-graph\">{\"@context\":\"https:\/\/schema.org\",\"@graph\":[{\"@type\":\"WebPage\",\"@id\":\"https:\/\/ruishengglassco.com\/product\/rs096-700ml-empty-gin-bottles-manufacturers\",\"url\":\"https:\/\/ruishengglassco.com\/product\/rs096-700ml-empty-gin-bottles-manufacturers\",\"name\":\"700ml Empty Gin Bottles Manufacturers | Best Gin Black Bottles Maker-RS\",\"isPartOf\":{\"@id\":\"https:\/\/ruishengglassco.com\/#website\"},\"datePublished\":\"2025-03-15T01:45:26+00:00\",\"dateModified\":\"2025-07-16T08:37:18+00:00\",\"description\":\"Ruisheng, one of the glass bottle manufacturers in China, provide 700ml empty gin bottles wholesale in a factory price. OEM\/ODM Order Acceptable.\",\"breadcrumb\":{\"@id\":\"https:\/\/ruishengglassco.com\/product\/rs096-700ml-empty-gin-bottles-manufacturers#breadcrumb\"},\"inLanguage\":\"fr-FR\",\"potentialAction\":[{\"@type\":\"ReadAction\",\"target\":[\"https:\/\/ruishengglassco.com\/product\/rs096-700ml-empty-gin-bottles-manufacturers\"]}]},{\"@type\":\"BreadcrumbList\",\"@id\":\"https:\/\/ruishengglassco.com\/product\/rs096-700ml-empty-gin-bottles-manufacturers#breadcrumb\",\"itemListElement\":[{\"@type\":\"ListItem\",\"position\":1,\"name\":\"Home\",\"item\":\"https:\/\/ruishengglassco.com\/\"},{\"@type\":\"ListItem\",\"position\":2,\"name\":\"Products\",\"item\":\"https:\/\/ruishengglassco.com\/products\"},{\"@type\":\"ListItem\",\"position\":3,\"name\":\"RS096: 700ml Empty Gin Bottles Manufacturers\"}]},{\"@type\":\"WebSite\",\"@id\":\"https:\/\/ruishengglassco.com\/#website\",\"url\":\"https:\/\/ruishengglassco.com\/\",\"name\":\"Ruisheng Glass\",\"description\":\"\",\"publisher\":{\"@id\":\"https:\/\/ruishengglassco.com\/#organization\"},\"potentialAction\":[{\"@type\":\"SearchAction\",\"target\":{\"@type\":\"EntryPoint\",\"urlTemplate\":\"https:\/\/ruishengglassco.com\/?s={search_term_string}\"},\"query-input\":\"required name=search_term_string\"}],\"inLanguage\":\"fr-FR\"},{\"@type\":\"Organization\",\"@id\":\"https:\/\/ruishengglassco.com\/#organization\",\"name\":\"Shandong Yuncheng Ruisheng Glass Co., Ltd\",\"url\":\"https:\/\/ruishengglassco.com\/\",\"logo\":{\"@type\":\"ImageObject\",\"inLanguage\":\"fr-FR\",\"@id\":\"https:\/\/ruishengglassco.com\/#\/schema\/logo\/image\/\",\"url\":\"https:\/\/ruishengglassco.com\/wp-content\/uploads\/2023\/09\/ruisheng_logo_icon.webp\",\"contentUrl\":\"https:\/\/ruishengglassco.com\/wp-content\/uploads\/2023\/09\/ruisheng_logo_icon.webp\",\"width\":400,\"height\":233,\"caption\":\"Shandong Yuncheng Ruisheng Glass Co., Ltd\"},\"image\":{\"@id\":\"https:\/\/ruishengglassco.com\/#\/schema\/logo\/image\/\"},\"sameAs\":[\"https:\/\/www.facebook.com\/ruishengglassbottles\",\"https:\/\/www.instagram.com\/Ruishengglassbottlewholesales\/\",\"https:\/\/www.youtube.com\/channel\/UCMmbMNGwsL-XrtjfSFLCdVQ\"]}]}<\/script>\n<!-- \/ Yoast SEO plugin. -->","yoast_head_json":{"title":"700ml Empty Gin Bottles Manufacturers | Best Gin Black Bottles Maker-RS","description":"Ruisheng, one of the glass bottle manufacturers in China, provide 700ml empty gin bottles wholesale in a factory price. OEM\/ODM Order Acceptable.","robots":{"index":"index","follow":"follow","max-snippet":"max-snippet:-1","max-image-preview":"max-image-preview:large","max-video-preview":"max-video-preview:-1"},"canonical":"https:\/\/ruishengglassco.com\/fr\/produit\/rs096-700ml-bouteilles-de-gin-vides-fabricants","og_locale":"fr_FR","og_type":"article","og_title":"700ml Empty Gin Bottles Manufacturers | Best Gin Black Bottles Maker-RS","og_description":"Ruisheng, one of the glass bottle manufacturers in China, provide 700ml empty gin bottles wholesale in a factory price. OEM\/ODM Order Acceptable.","og_url":"https:\/\/ruishengglassco.com\/fr\/produit\/rs096-700ml-bouteilles-de-gin-vides-fabricants","article_publisher":"https:\/\/www.facebook.com\/ruishengglassbottles","article_modified_time":"2025-07-16T08:37:18+00:00","og_image":[{"width":500,"height":500,"url":"https:\/\/ruishengglassco.com\/wp-content\/uploads\/2025\/03\/RS096-700ml-Empty-Gin-Bottles-Wholesale.webp","type":"image\/webp"}],"twitter_card":"summary_large_image","twitter_misc":{"Dur\u00e9e de lecture estim\u00e9e":"2 minutes"},"schema":{"@context":"https:\/\/schema.org","@graph":[{"@type":"WebPage","@id":"https:\/\/ruishengglassco.com\/product\/rs096-700ml-empty-gin-bottles-manufacturers","url":"https:\/\/ruishengglassco.com\/product\/rs096-700ml-empty-gin-bottles-manufacturers","name":"700ml Empty Gin Bottles Manufacturers | Best Gin Black Bottles Maker-RS","isPartOf":{"@id":"https:\/\/ruishengglassco.com\/#website"},"datePublished":"2025-03-15T01:45:26+00:00","dateModified":"2025-07-16T08:37:18+00:00","description":"Ruisheng, one of the glass bottle manufacturers in China, provide 700ml empty gin bottles wholesale in a factory price. OEM\/ODM Order Acceptable.","breadcrumb":{"@id":"https:\/\/ruishengglassco.com\/product\/rs096-700ml-empty-gin-bottles-manufacturers#breadcrumb"},"inLanguage":"fr-FR","potentialAction":[{"@type":"ReadAction","target":["https:\/\/ruishengglassco.com\/product\/rs096-700ml-empty-gin-bottles-manufacturers"]}]},{"@type":"BreadcrumbList","@id":"https:\/\/ruishengglassco.com\/product\/rs096-700ml-empty-gin-bottles-manufacturers#breadcrumb","itemListElement":[{"@type":"ListItem","position":1,"name":"Home","item":"https:\/\/ruishengglassco.com\/"},{"@type":"ListItem","position":2,"name":"Products","item":"https:\/\/ruishengglassco.com\/products"},{"@type":"ListItem","position":3,"name":"RS096: 700ml Empty Gin Bottles Manufacturers"}]},{"@type":"WebSite","@id":"https:\/\/ruishengglassco.com\/#website","url":"https:\/\/ruishengglassco.com\/","name":"Ruisheng Glass","description":"","publisher":{"@id":"https:\/\/ruishengglassco.com\/#organization"},"potentialAction":[{"@type":"SearchAction","target":{"@type":"EntryPoint","urlTemplate":"https:\/\/ruishengglassco.com\/?s={search_term_string}"},"query-input":"required name=search_term_string"}],"inLanguage":"fr-FR"},{"@type":"Organization","@id":"https:\/\/ruishengglassco.com\/#organization","name":"Shandong Yuncheng Ruisheng Glass Co., Ltd","url":"https:\/\/ruishengglassco.com\/","logo":{"@type":"ImageObject","inLanguage":"fr-FR","@id":"https:\/\/ruishengglassco.com\/#\/schema\/logo\/image\/","url":"https:\/\/ruishengglassco.com\/wp-content\/uploads\/2023\/09\/ruisheng_logo_icon.webp","contentUrl":"https:\/\/ruishengglassco.com\/wp-content\/uploads\/2023\/09\/ruisheng_logo_icon.webp","width":400,"height":233,"caption":"Shandong Yuncheng Ruisheng Glass Co., Ltd"},"image":{"@id":"https:\/\/ruishengglassco.com\/#\/schema\/logo\/image\/"},"sameAs":["https:\/\/www.facebook.com\/ruishengglassbottles","https:\/\/www.instagram.com\/Ruishengglassbottlewholesales\/","https:\/\/www.youtube.com\/channel\/UCMmbMNGwsL-XrtjfSFLCdVQ"]}]}},"_links":{"self":[{"href":"https:\/\/ruishengglassco.com\/fr\/wp-json\/wp\/v2\/product\/4211","targetHints":{"allow":["GET"]}}],"collection":[{"href":"https:\/\/ruishengglassco.com\/fr\/wp-json\/wp\/v2\/product"}],"about":[{"href":"https:\/\/ruishengglassco.com\/fr\/wp-json\/wp\/v2\/types\/product"}],"replies":[{"embeddable":true,"href":"https:\/\/ruishengglassco.com\/fr\/wp-json\/wp\/v2\/comments?post=4211"}],"wp:featuredmedia":[{"embeddable":true,"href":"https:\/\/ruishengglassco.com\/fr\/wp-json\/wp\/v2\/media\/4212"}],"wp:attachment":[{"href":"https:\/\/ruishengglassco.com\/fr\/wp-json\/wp\/v2\/media?parent=4211"}],"wp:term":[{"taxonomy":"product_cat","embeddable":true,"href":"https:\/\/ruishengglassco.com\/fr\/wp-json\/wp\/v2\/product_cat?post=4211"}],"curies":[{"name":"wp","href":"https:\/\/api.w.org\/{rel}","templated":true}]}}