{"id":4194,"date":"2025-03-15T09:32:03","date_gmt":"2025-03-15T01:32:03","guid":{"rendered":"https:\/\/ruishengglassco.com\/?post_type=product&#038;p=4194"},"modified":"2025-09-12T09:00:35","modified_gmt":"2025-09-12T01:00:35","slug":"rs0971000ml-bouteilles-en-verre-clair-fournisseur-avec-bouchons","status":"publish","type":"product","link":"https:\/\/ruishengglassco.com\/fr\/produit\/rs0971000ml-bouteilles-en-verre-clair-fournisseur-avec-bouchons","title":{"rendered":"RS097:1000ml Bouteilles en Verre Clair Fournisseur Avec Bouchons"},"content":{"rendered":"<p><span data-preserver-spaces=\"true\">Les machines CNC les plus avanc\u00e9es <\/span><span data-preserver-spaces=\"true\">faire<\/span><span data-preserver-spaces=\"true\"> ces bouteilles en verre clair de 1000ml en gros.<\/span><span data-preserver-spaces=\"true\"> Nous utilisons g\u00e9n\u00e9ralement ces machines pour produire des bouteilles en verre de qualit\u00e9 sup\u00e9rieure. Nos bouteilles en verre transparent en gros <\/span><span data-preserver-spaces=\"true\">sont r\u00e9alis\u00e9s<\/span><span data-preserver-spaces=\"true\"> en verre de qualit\u00e9 sup\u00e9rieure. Cette bouteille en verre avec bouchon est tr\u00e8s lisse et tr\u00e8s r\u00e9sistante. <\/span><span data-preserver-spaces=\"true\">clair<\/span><span data-preserver-spaces=\"true\">.<\/span><\/p>\n<p><span data-preserver-spaces=\"true\">Cette bouteille de liqueur en verre de 1 litre est ronde, et son type de fermeture est le bouchon en li\u00e8ge. <\/span><span data-preserver-spaces=\"true\">Nous <\/span><span data-preserver-spaces=\"true\">peut<\/span><span data-preserver-spaces=\"true\"> offrir <\/span><span data-preserver-spaces=\"true\">diff\u00e9rents<\/span><span data-preserver-spaces=\"true\"> couleurs et <\/span><span data-preserver-spaces=\"true\">diff\u00e9rents<\/span><span data-preserver-spaces=\"true\"> mat\u00e9riaux <\/span><span data-preserver-spaces=\"true\">de<\/span> <span data-preserver-spaces=\"true\">li\u00e8ge, <\/span><span data-preserver-spaces=\"true\">tels que<\/span><span data-preserver-spaces=\"true\"> casquettes noires\/dor\u00e9es\/argent\u00e9es avec <\/span><span data-preserver-spaces=\"true\">haute teneur en polym\u00e8re<\/span><span data-preserver-spaces=\"true\"> bouchons, bouchons noirs avec bouchons complexes, bouchons noirs avec bouchons en bois, bouchons en bois <\/span><span data-preserver-spaces=\"true\">et<\/span><span data-preserver-spaces=\"true\"> li\u00e8ge en bois et autres bouchons.<\/span><\/p>\n<h2><span data-preserver-spaces=\"true\">Informations sur le fournisseur de bouteilles en verre transparent de 1000 ml<\/span><\/h2>\n<ul>\n<li><span data-preserver-spaces=\"true\">Principal<\/span><span data-preserver-spaces=\"true\"> mat\u00e9riau : verre blanc cristallin \/ verre \u00e0 haute teneur en silex<\/span><\/li>\n<li><span data-preserver-spaces=\"true\">Bouchon : bouchon noir avec li\u00e8ge \u00e0 haute teneur en polym\u00e8re<\/span><\/li>\n<li><span data-preserver-spaces=\"true\">R\u00e9f\u00e9rence : RS097<\/span><\/li>\n<li><span data-preserver-spaces=\"true\">MOQ : 10000 PCS<\/span><\/li>\n<li><span data-preserver-spaces=\"true\">Capacit\u00e9 : 1000ml<\/span><\/li>\n<li><span data-preserver-spaces=\"true\">Pcs\/Ctn : 24pcs ou selon la demande du client<\/span><\/li>\n<li><span data-preserver-spaces=\"true\">Origine du lieu : Shandong, Chine<\/span><\/li>\n<li><span data-preserver-spaces=\"true\">Caract\u00e9ristique : \u00c9cologique et r\u00e9utilisable<\/span><\/li>\n<\/ul>\n<p><span data-preserver-spaces=\"true\">Si vous pr\u00e9f\u00e9rez d'autres types de fermeture pour ces bouteilles de boisson en verre de 1000 ml, nous pouvons les fournir avec un bouchon \u00e0 vis. Si vous avez besoin de bouteilles en verre personnalis\u00e9es, n'h\u00e9sitez pas \u00e0 nous contacter. Nous pouvons accepter les commandes OEM ou ODM. <\/span><span data-preserver-spaces=\"true\">Notre <\/span><span data-preserver-spaces=\"true\">fonctionnement<\/span><span data-preserver-spaces=\"true\"> Le principe est <\/span><span data-preserver-spaces=\"true\">de<\/span><span data-preserver-spaces=\"true\"> haute qualit\u00e9 et haute d\u00e9finition.<\/span><span data-preserver-spaces=\"true\"> Il existe quatre lignes de production pour les machines manuelles CNC destin\u00e9es \u00e0 produire des bouteilles en verre blanc cristallin, et deux ensembles de machines IS enti\u00e8rement automatiques pour la fabrication de bouteilles en verre tr\u00e8s blanc.<\/span><\/p>\n<p><span data-preserver-spaces=\"true\">Ces <\/span><span data-preserver-spaces=\"true\">1 litre<\/span><span data-preserver-spaces=\"true\"> bouteilles en verre avec bouchon de li\u00e8ge <\/span><span data-preserver-spaces=\"true\">\u00eatre utilis\u00e9<\/span><span data-preserver-spaces=\"true\"> comme les bouteilles de liqueur, les bouteilles de chewing-gum et d'autres bouteilles de boissons. Nous pouvons garantir que toutes nos bouteilles sont \u00e0 la fois attrayantes et comp\u00e9titives en termes de qualit\u00e9. Nos principaux march\u00e9s sont l'Europe, les \u00c9tats-Unis, l'Australie et d'autres pays. Tous nos produits jouissent d'une excellente r\u00e9putation en termes d'innovation et de fonctionnalit\u00e9.<\/span><\/p>\n<p><span data-preserver-spaces=\"true\">Si vous \u00eates int\u00e9ress\u00e9 par nos bouteilles en verre transparent de 1000ml pour la vente en gros ou par l'achat de bouteilles de liqueur en vrac, n'h\u00e9sitez pas \u00e0 nous contacter, et nous ferons de notre mieux pour vous aider.<\/span><\/p>","protected":false},"excerpt":{"rendered":"<table class=\"tg\">\n<tbody>\n<tr>\n<th class=\"tg-24i8\" colspan=\"2\">1000ml Bouteille en verre transparent avec bouchon Wholesale<\/th>\n<\/tr>\n<tr>\n<td class=\"tg-b7b8\">R\u00e9f\u00e9rence :<\/td>\n<td class=\"tg-b7b8\">RS097<\/td>\n<\/tr>\n<tr>\n<td class=\"tg-yw4l\">Mat\u00e9riau principal :<\/td>\n<td class=\"tg-yw4l\">blanc cristal \/ verre \u00e0 haute teneur en silex<\/td>\n<\/tr>\n<tr>\n<td class=\"tg-b7b8\">Cap :<\/td>\n<td class=\"tg-b7b8\">Capuchon noir avec bouchon en polym\u00e8re<\/td>\n<\/tr>\n<tr>\n<td class=\"tg-yw4l\">Capacit\u00e9 :<\/td>\n<td class=\"tg-yw4l\">1000ml<\/td>\n<\/tr>\n<tr>\n<td class=\"tg-b7b8\">Fonctionnalit\u00e9 :<\/td>\n<td class=\"tg-b7b8\">Respect de l'environnement<\/td>\n<\/tr>\n<tr>\n<td class=\"tg-yw4l\">MOQ :<\/td>\n<td class=\"tg-yw4l\">10000 PCS<\/td>\n<\/tr>\n<tr>\n<td class=\"tg-b7b8\">Mode d'emballage :<\/td>\n<td class=\"tg-b7b8\">Carton standard pour l'exportation \/ Palette \/ carton standard pour l'exportation et palette<\/td>\n<\/tr>\n<tr>\n<td class=\"tg-yw4l\">OEM\/ODM :<\/td>\n<td class=\"tg-yw4l\">Bienvenue<\/td>\n<\/tr>\n<tr>\n<td class=\"tg-b7b8\">Origine du lieu :<\/td>\n<td class=\"tg-b7b8\">Shandong, Chine<\/td>\n<\/tr>\n<tr>\n<td class=\"tg-yw4l\">Pcs\/Ctn :<\/td>\n<td class=\"tg-yw4l\">24pcs ou selon la demande du client<\/td>\n<\/tr>\n<\/tbody>\n<\/table>","protected":false},"featured_media":4195,"comment_status":"closed","ping_status":"closed","template":"","meta":[],"product_cat":[50],"class_list":{"0":"post-4194","1":"product","2":"type-product","3":"status-publish","4":"has-post-thumbnail","6":"product_cat-gin-bottle","8":"first","9":"instock","10":"shipping-taxable","11":"product-type-simple"},"yoast_head":"<!-- This site is optimized with the Yoast SEO plugin v22.0 - https:\/\/yoast.com\/wordpress\/plugins\/seo\/ -->\n<title>1000ml Clear Glass Bottles Supplier | China Liquor Bottle Manufacturer<\/title>\n<meta name=\"description\" content=\"Ruisheng, one of best China Liquor Bottle Manufacturer, sales bulk 1000ml clear glass bottles wholesale for spirit. Factory Outlet&amp;Quality Assurance.\" \/>\n<meta name=\"robots\" content=\"index, follow, max-snippet:-1, max-image-preview:large, max-video-preview:-1\" \/>\n<link rel=\"canonical\" href=\"https:\/\/ruishengglassco.com\/fr\/produit\/rs0971000ml-bouteilles-en-verre-clair-fournisseur-avec-bouchons\" \/>\n<meta property=\"og:locale\" content=\"fr_FR\" \/>\n<meta property=\"og:type\" content=\"article\" \/>\n<meta property=\"og:title\" content=\"1000ml Clear Glass Bottles Supplier | China Liquor Bottle Manufacturer\" \/>\n<meta property=\"og:description\" content=\"Ruisheng, one of best China Liquor Bottle Manufacturer, sales bulk 1000ml clear glass bottles wholesale for spirit. Factory Outlet&amp;Quality Assurance.\" \/>\n<meta property=\"og:url\" content=\"https:\/\/ruishengglassco.com\/fr\/produit\/rs0971000ml-bouteilles-en-verre-clair-fournisseur-avec-bouchons\" \/>\n<meta property=\"article:publisher\" content=\"https:\/\/www.facebook.com\/ruishengglassbottles\" \/>\n<meta property=\"article:modified_time\" content=\"2025-09-12T01:00:35+00:00\" \/>\n<meta property=\"og:image\" content=\"https:\/\/ruishengglassco.com\/wp-content\/uploads\/2025\/03\/RS097-1000ml-Clear-Glass-Bottles-Wholesale-With-Stoppers.webp\" \/>\n\t<meta property=\"og:image:width\" content=\"800\" \/>\n\t<meta property=\"og:image:height\" content=\"800\" \/>\n\t<meta property=\"og:image:type\" content=\"image\/webp\" \/>\n<meta name=\"twitter:card\" content=\"summary_large_image\" \/>\n<meta name=\"twitter:label1\" content=\"Dur\u00e9e de lecture estim\u00e9e\" \/>\n\t<meta name=\"twitter:data1\" content=\"2 minutes\" \/>\n<script type=\"application\/ld+json\" class=\"yoast-schema-graph\">{\"@context\":\"https:\/\/schema.org\",\"@graph\":[{\"@type\":\"WebPage\",\"@id\":\"https:\/\/ruishengglassco.com\/product\/rs0971000ml-clear-glass-bottles-supplier-with-stoppers\",\"url\":\"https:\/\/ruishengglassco.com\/product\/rs0971000ml-clear-glass-bottles-supplier-with-stoppers\",\"name\":\"1000ml Clear Glass Bottles Supplier | China Liquor Bottle Manufacturer\",\"isPartOf\":{\"@id\":\"https:\/\/ruishengglassco.com\/#website\"},\"datePublished\":\"2025-03-15T01:32:03+00:00\",\"dateModified\":\"2025-09-12T01:00:35+00:00\",\"description\":\"Ruisheng, one of best China Liquor Bottle Manufacturer, sales bulk 1000ml clear glass bottles wholesale for spirit. Factory Outlet&Quality Assurance.\",\"breadcrumb\":{\"@id\":\"https:\/\/ruishengglassco.com\/product\/rs0971000ml-clear-glass-bottles-supplier-with-stoppers#breadcrumb\"},\"inLanguage\":\"fr-FR\",\"potentialAction\":[{\"@type\":\"ReadAction\",\"target\":[\"https:\/\/ruishengglassco.com\/product\/rs0971000ml-clear-glass-bottles-supplier-with-stoppers\"]}]},{\"@type\":\"BreadcrumbList\",\"@id\":\"https:\/\/ruishengglassco.com\/product\/rs0971000ml-clear-glass-bottles-supplier-with-stoppers#breadcrumb\",\"itemListElement\":[{\"@type\":\"ListItem\",\"position\":1,\"name\":\"Home\",\"item\":\"https:\/\/ruishengglassco.com\/\"},{\"@type\":\"ListItem\",\"position\":2,\"name\":\"Products\",\"item\":\"https:\/\/ruishengglassco.com\/products\"},{\"@type\":\"ListItem\",\"position\":3,\"name\":\"RS097:1000ml Clear Glass Bottles Supplier With Stoppers\"}]},{\"@type\":\"WebSite\",\"@id\":\"https:\/\/ruishengglassco.com\/#website\",\"url\":\"https:\/\/ruishengglassco.com\/\",\"name\":\"Ruisheng Glass\",\"description\":\"\",\"publisher\":{\"@id\":\"https:\/\/ruishengglassco.com\/#organization\"},\"potentialAction\":[{\"@type\":\"SearchAction\",\"target\":{\"@type\":\"EntryPoint\",\"urlTemplate\":\"https:\/\/ruishengglassco.com\/?s={search_term_string}\"},\"query-input\":\"required name=search_term_string\"}],\"inLanguage\":\"fr-FR\"},{\"@type\":\"Organization\",\"@id\":\"https:\/\/ruishengglassco.com\/#organization\",\"name\":\"Shandong Yuncheng Ruisheng Glass Co., Ltd\",\"url\":\"https:\/\/ruishengglassco.com\/\",\"logo\":{\"@type\":\"ImageObject\",\"inLanguage\":\"fr-FR\",\"@id\":\"https:\/\/ruishengglassco.com\/#\/schema\/logo\/image\/\",\"url\":\"https:\/\/ruishengglassco.com\/wp-content\/uploads\/2023\/09\/ruisheng_logo_icon.webp\",\"contentUrl\":\"https:\/\/ruishengglassco.com\/wp-content\/uploads\/2023\/09\/ruisheng_logo_icon.webp\",\"width\":400,\"height\":233,\"caption\":\"Shandong Yuncheng Ruisheng Glass Co., Ltd\"},\"image\":{\"@id\":\"https:\/\/ruishengglassco.com\/#\/schema\/logo\/image\/\"},\"sameAs\":[\"https:\/\/www.facebook.com\/ruishengglassbottles\",\"https:\/\/www.instagram.com\/Ruishengglassbottlewholesales\/\",\"https:\/\/www.youtube.com\/channel\/UCMmbMNGwsL-XrtjfSFLCdVQ\"]}]}<\/script>\n<!-- \/ Yoast SEO plugin. -->","yoast_head_json":{"title":"1000ml Clear Glass Bottles Supplier | China Liquor Bottle Manufacturer","description":"Ruisheng, one of best China Liquor Bottle Manufacturer, sales bulk 1000ml clear glass bottles wholesale for spirit. Factory Outlet&Quality Assurance.","robots":{"index":"index","follow":"follow","max-snippet":"max-snippet:-1","max-image-preview":"max-image-preview:large","max-video-preview":"max-video-preview:-1"},"canonical":"https:\/\/ruishengglassco.com\/fr\/produit\/rs0971000ml-bouteilles-en-verre-clair-fournisseur-avec-bouchons","og_locale":"fr_FR","og_type":"article","og_title":"1000ml Clear Glass Bottles Supplier | China Liquor Bottle Manufacturer","og_description":"Ruisheng, one of best China Liquor Bottle Manufacturer, sales bulk 1000ml clear glass bottles wholesale for spirit. Factory Outlet&Quality Assurance.","og_url":"https:\/\/ruishengglassco.com\/fr\/produit\/rs0971000ml-bouteilles-en-verre-clair-fournisseur-avec-bouchons","article_publisher":"https:\/\/www.facebook.com\/ruishengglassbottles","article_modified_time":"2025-09-12T01:00:35+00:00","og_image":[{"width":800,"height":800,"url":"https:\/\/ruishengglassco.com\/wp-content\/uploads\/2025\/03\/RS097-1000ml-Clear-Glass-Bottles-Wholesale-With-Stoppers.webp","type":"image\/webp"}],"twitter_card":"summary_large_image","twitter_misc":{"Dur\u00e9e de lecture estim\u00e9e":"2 minutes"},"schema":{"@context":"https:\/\/schema.org","@graph":[{"@type":"WebPage","@id":"https:\/\/ruishengglassco.com\/product\/rs0971000ml-clear-glass-bottles-supplier-with-stoppers","url":"https:\/\/ruishengglassco.com\/product\/rs0971000ml-clear-glass-bottles-supplier-with-stoppers","name":"1000ml Clear Glass Bottles Supplier | China Liquor Bottle Manufacturer","isPartOf":{"@id":"https:\/\/ruishengglassco.com\/#website"},"datePublished":"2025-03-15T01:32:03+00:00","dateModified":"2025-09-12T01:00:35+00:00","description":"Ruisheng, one of best China Liquor Bottle Manufacturer, sales bulk 1000ml clear glass bottles wholesale for spirit. Factory Outlet&Quality Assurance.","breadcrumb":{"@id":"https:\/\/ruishengglassco.com\/product\/rs0971000ml-clear-glass-bottles-supplier-with-stoppers#breadcrumb"},"inLanguage":"fr-FR","potentialAction":[{"@type":"ReadAction","target":["https:\/\/ruishengglassco.com\/product\/rs0971000ml-clear-glass-bottles-supplier-with-stoppers"]}]},{"@type":"BreadcrumbList","@id":"https:\/\/ruishengglassco.com\/product\/rs0971000ml-clear-glass-bottles-supplier-with-stoppers#breadcrumb","itemListElement":[{"@type":"ListItem","position":1,"name":"Home","item":"https:\/\/ruishengglassco.com\/"},{"@type":"ListItem","position":2,"name":"Products","item":"https:\/\/ruishengglassco.com\/products"},{"@type":"ListItem","position":3,"name":"RS097:1000ml Clear Glass Bottles Supplier With Stoppers"}]},{"@type":"WebSite","@id":"https:\/\/ruishengglassco.com\/#website","url":"https:\/\/ruishengglassco.com\/","name":"Ruisheng Glass","description":"","publisher":{"@id":"https:\/\/ruishengglassco.com\/#organization"},"potentialAction":[{"@type":"SearchAction","target":{"@type":"EntryPoint","urlTemplate":"https:\/\/ruishengglassco.com\/?s={search_term_string}"},"query-input":"required name=search_term_string"}],"inLanguage":"fr-FR"},{"@type":"Organization","@id":"https:\/\/ruishengglassco.com\/#organization","name":"Shandong Yuncheng Ruisheng Glass Co., Ltd","url":"https:\/\/ruishengglassco.com\/","logo":{"@type":"ImageObject","inLanguage":"fr-FR","@id":"https:\/\/ruishengglassco.com\/#\/schema\/logo\/image\/","url":"https:\/\/ruishengglassco.com\/wp-content\/uploads\/2023\/09\/ruisheng_logo_icon.webp","contentUrl":"https:\/\/ruishengglassco.com\/wp-content\/uploads\/2023\/09\/ruisheng_logo_icon.webp","width":400,"height":233,"caption":"Shandong Yuncheng Ruisheng Glass Co., Ltd"},"image":{"@id":"https:\/\/ruishengglassco.com\/#\/schema\/logo\/image\/"},"sameAs":["https:\/\/www.facebook.com\/ruishengglassbottles","https:\/\/www.instagram.com\/Ruishengglassbottlewholesales\/","https:\/\/www.youtube.com\/channel\/UCMmbMNGwsL-XrtjfSFLCdVQ"]}]}},"_links":{"self":[{"href":"https:\/\/ruishengglassco.com\/fr\/wp-json\/wp\/v2\/product\/4194","targetHints":{"allow":["GET"]}}],"collection":[{"href":"https:\/\/ruishengglassco.com\/fr\/wp-json\/wp\/v2\/product"}],"about":[{"href":"https:\/\/ruishengglassco.com\/fr\/wp-json\/wp\/v2\/types\/product"}],"replies":[{"embeddable":true,"href":"https:\/\/ruishengglassco.com\/fr\/wp-json\/wp\/v2\/comments?post=4194"}],"wp:featuredmedia":[{"embeddable":true,"href":"https:\/\/ruishengglassco.com\/fr\/wp-json\/wp\/v2\/media\/4195"}],"wp:attachment":[{"href":"https:\/\/ruishengglassco.com\/fr\/wp-json\/wp\/v2\/media?parent=4194"}],"wp:term":[{"taxonomy":"product_cat","embeddable":true,"href":"https:\/\/ruishengglassco.com\/fr\/wp-json\/wp\/v2\/product_cat?post=4194"}],"curies":[{"name":"wp","href":"https:\/\/api.w.org\/{rel}","templated":true}]}}