{"id":4192,"date":"2025-03-15T09:23:51","date_gmt":"2025-03-15T01:23:51","guid":{"rendered":"https:\/\/ruishengglassco.com\/?post_type=product&#038;p=4192"},"modified":"2025-09-11T16:19:37","modified_gmt":"2025-09-11T08:19:37","slug":"rs09850cl-boston-round-glass-bottles-wholesale","status":"publish","type":"product","link":"https:\/\/ruishengglassco.com\/fr\/produit\/rs09850cl-boston-round-glass-bottles-wholesale","title":{"rendered":"RS098:50cl Boston Round Glass Bottles Fabricants"},"content":{"rendered":"<p><span data-preserver-spaces=\"true\">Les bouteilles rondes en verre Boston de 50cl <\/span><span data-preserver-spaces=\"true\">sont fabriqu\u00e9s<\/span><span data-preserver-spaces=\"true\"> en verre de premi\u00e8re qualit\u00e9 de Chine pour la vente en gros. Ces bouteilles de liqueur bon march\u00e9 en gros <\/span><span data-preserver-spaces=\"true\">sont utilis\u00e9s<\/span><span data-preserver-spaces=\"true\"> pour contenir de la vodka, du whisky, de la liqueur, des boissons et d'autres liquides.<\/span><\/p>\n<p><span data-preserver-spaces=\"true\">Notre usine, Shandong Yuncheng Ruisheng Glass Co, Ltd, est situ\u00e9e dans le comt\u00e9 de Yuncheng, r\u00e9put\u00e9 pour son expertise en mati\u00e8re d'emballage de boissons alcoolis\u00e9es. Notre usine peut offrir une gamme de services allant de la production de bouteilles en verre transparent au traitement en profondeur des bouteilles.<\/span><\/p>\n<p><span data-preserver-spaces=\"true\">Il y a<\/span><span data-preserver-spaces=\"true\"> 12 lignes de production pour <\/span><span data-preserver-spaces=\"true\">les<\/span><span data-preserver-spaces=\"true\"> bouteilles en verre <\/span><span data-preserver-spaces=\"true\">dans notre usine<\/span><span data-preserver-spaces=\"true\">tous deux enti\u00e8rement automatiques <\/span><span data-preserver-spaces=\"true\">machines<\/span><span data-preserver-spaces=\"true\"> et semi-automatiques.<\/span><span data-preserver-spaces=\"true\"> Notre production journali\u00e8re est d'environ 120 000 pi\u00e8ces. Quel que soit le nombre de bouteilles en verre \u00e0 liqueur que vous commandez, nous pouvons toutes les terminer \u00e0 temps. Notre usine compte plus de 500 employ\u00e9s et un groupe de contr\u00f4leurs et de concepteurs qualifi\u00e9s. <\/span><span data-preserver-spaces=\"true\">Nous pouvons concevoir et <\/span><span data-preserver-spaces=\"true\">faire le<\/span><span data-preserver-spaces=\"true\"> bouteilles en verre personnalis\u00e9es apr\u00e8s <\/span><span data-preserver-spaces=\"true\">obtenir<\/span><span data-preserver-spaces=\"true\"> votre photo ou votre id\u00e9e.<\/span><\/p>\n<h2><span data-preserver-spaces=\"true\">Les d\u00e9tails des bouteilles rondes en verre de 50cl de Boston<\/span><\/h2>\n<p><span data-preserver-spaces=\"true\">Ces bouteilles rondes de 50cl en verre Boston wholesale <\/span><span data-preserver-spaces=\"true\">sont r\u00e9alis\u00e9s<\/span><span data-preserver-spaces=\"true\"> en verre flint de haute qualit\u00e9. Ce mat\u00e9riau est de la meilleure qualit\u00e9 pour l'utilisation quotidienne des bouteilles en verre. <\/span><span data-preserver-spaces=\"true\">Le poids de cette bouteille en verre est de 580 \u00b1 10g, et sa contenance est de 520 \u00b1 <\/span><span data-preserver-spaces=\"true\">10ml<\/span><span data-preserver-spaces=\"true\">.<\/span><span data-preserver-spaces=\"true\"> Les dimensions de la bouteille en verre sont de 84,2 x 192,2 mm. <\/span><span data-preserver-spaces=\"true\">Son diam\u00e8tre est de <\/span><span data-preserver-spaces=\"true\">84,2 mm<\/span><span data-preserver-spaces=\"true\">et sa hauteur est de <\/span><span data-preserver-spaces=\"true\">192,2 mm<\/span><span data-preserver-spaces=\"true\">.<\/span><span data-preserver-spaces=\"true\"> L'\u00e9paisseur du fond est de 19\u00b12 mm.<\/span><\/p>\n<h2><span data-preserver-spaces=\"true\">D\u00e9lai de livraison de ces bouteilles de liqueur bon march\u00e9 par les fabricants<\/span><\/h2>\n<p><span data-preserver-spaces=\"true\">Bouteilles en verre en stock<\/span><\/p>\n<p><span data-preserver-spaces=\"true\">Nous pouvons les envoyer imm\u00e9diatement. L'heure d'arriv\u00e9e d\u00e9pend du temps de transit jusqu'\u00e0 la destination finale.<\/span><\/p>\n<p><span data-preserver-spaces=\"true\">Le moule existant des bouteilles en verre<\/span><\/p>\n<p><span data-preserver-spaces=\"true\">Ces bouteilles en verre seront envoy\u00e9es<\/span><span data-preserver-spaces=\"true\"> dans un d\u00e9lai de 20 \u00e0 30 jours. Le d\u00e9lai de livraison d\u00e9pend du temps de transit jusqu'\u00e0 la destination finale.<\/span><\/p>\n<p><span data-preserver-spaces=\"true\">Les bouteilles en verre personnalis\u00e9es<\/span><\/p>\n<p><span data-preserver-spaces=\"true\">Le temps de moulage est d'environ 15 \u00e0 20 jours et le d\u00e9lai de livraison de la production de masse est d'environ 20 \u00e0 30 jours. <\/span><span data-preserver-spaces=\"true\">est bas\u00e9<\/span><span data-preserver-spaces=\"true\"> en fonction de notre calendrier de fabrication. L'heure d'arriv\u00e9e d\u00e9pend du temps de transit jusqu'\u00e0 la destination finale.<\/span><\/p>\n<p><span data-preserver-spaces=\"true\">Si vous souhaitez acheter des bouteilles rondes en verre Boston de 50cl ou des bouteilles en verre en gros, veuillez nous contacter par le biais du formulaire de contact de notre site web.<\/span><span data-preserver-spaces=\"true\"> et<\/span><span data-preserver-spaces=\"true\"> nous r\u00e9pondrons dans les plus brefs d\u00e9lais.<\/span><\/p>","protected":false},"excerpt":{"rendered":"<p>Si vous \u00eates int\u00e9ress\u00e9 par nos bouteilles en verre Boston de 500 ml, veuillez nous contacter. Nous vous r\u00e9pondrons dans les 24 heures.<\/p>","protected":false},"featured_media":4193,"comment_status":"closed","ping_status":"closed","template":"","meta":[],"product_cat":[41,50],"class_list":{"0":"post-4192","1":"product","2":"type-product","3":"status-publish","4":"has-post-thumbnail","6":"product_cat-500ml-liquor-bottle-manufacturer","7":"product_cat-gin-bottle","9":"first","10":"instock","11":"shipping-taxable","12":"product-type-simple"},"yoast_head":"<!-- This site is optimized with the Yoast SEO plugin v22.0 - https:\/\/yoast.com\/wordpress\/plugins\/seo\/ -->\n<title>Cheap Liquor Bottles Manufacturers | 50cl Boston Round Glass Bottles Bulk<\/title>\n<meta name=\"description\" content=\"Want To Buy Cheap Liquor Bottles Wholesale? Click here to know 50cl Boston Round Glass Bottles Bulk From China Liquor Bottle Manufacturing Factory.\" \/>\n<meta name=\"robots\" content=\"index, follow, max-snippet:-1, max-image-preview:large, max-video-preview:-1\" \/>\n<link rel=\"canonical\" href=\"https:\/\/ruishengglassco.com\/fr\/produit\/rs09850cl-boston-round-glass-bottles-wholesale\" \/>\n<meta property=\"og:locale\" content=\"fr_FR\" \/>\n<meta property=\"og:type\" content=\"article\" \/>\n<meta property=\"og:title\" content=\"Cheap Liquor Bottles Manufacturers | 50cl Boston Round Glass Bottles Bulk\" \/>\n<meta property=\"og:description\" content=\"Want To Buy Cheap Liquor Bottles Wholesale? Click here to know 50cl Boston Round Glass Bottles Bulk From China Liquor Bottle Manufacturing Factory.\" \/>\n<meta property=\"og:url\" content=\"https:\/\/ruishengglassco.com\/fr\/produit\/rs09850cl-boston-round-glass-bottles-wholesale\" \/>\n<meta property=\"article:publisher\" content=\"https:\/\/www.facebook.com\/ruishengglassbottles\" \/>\n<meta property=\"article:modified_time\" content=\"2025-09-11T08:19:37+00:00\" \/>\n<meta property=\"og:image\" content=\"https:\/\/ruishengglassco.com\/wp-content\/uploads\/2025\/03\/RS098-50cl-Boston-Round-Glass-Bottles-Wholesale.webp\" \/>\n\t<meta property=\"og:image:width\" content=\"400\" \/>\n\t<meta property=\"og:image:height\" content=\"400\" \/>\n\t<meta property=\"og:image:type\" content=\"image\/webp\" \/>\n<meta name=\"twitter:card\" content=\"summary_large_image\" \/>\n<meta name=\"twitter:label1\" content=\"Dur\u00e9e de lecture estim\u00e9e\" \/>\n\t<meta name=\"twitter:data1\" content=\"2 minutes\" \/>\n<script type=\"application\/ld+json\" class=\"yoast-schema-graph\">{\"@context\":\"https:\/\/schema.org\",\"@graph\":[{\"@type\":\"WebPage\",\"@id\":\"https:\/\/ruishengglassco.com\/product\/rs09850cl-boston-round-glass-bottles-wholesale\",\"url\":\"https:\/\/ruishengglassco.com\/product\/rs09850cl-boston-round-glass-bottles-wholesale\",\"name\":\"Cheap Liquor Bottles Manufacturers | 50cl Boston Round Glass Bottles Bulk\",\"isPartOf\":{\"@id\":\"https:\/\/ruishengglassco.com\/#website\"},\"datePublished\":\"2025-03-15T01:23:51+00:00\",\"dateModified\":\"2025-09-11T08:19:37+00:00\",\"description\":\"Want To Buy Cheap Liquor Bottles Wholesale? Click here to know 50cl Boston Round Glass Bottles Bulk From China Liquor Bottle Manufacturing Factory.\",\"breadcrumb\":{\"@id\":\"https:\/\/ruishengglassco.com\/product\/rs09850cl-boston-round-glass-bottles-wholesale#breadcrumb\"},\"inLanguage\":\"fr-FR\",\"potentialAction\":[{\"@type\":\"ReadAction\",\"target\":[\"https:\/\/ruishengglassco.com\/product\/rs09850cl-boston-round-glass-bottles-wholesale\"]}]},{\"@type\":\"BreadcrumbList\",\"@id\":\"https:\/\/ruishengglassco.com\/product\/rs09850cl-boston-round-glass-bottles-wholesale#breadcrumb\",\"itemListElement\":[{\"@type\":\"ListItem\",\"position\":1,\"name\":\"Home\",\"item\":\"https:\/\/ruishengglassco.com\/\"},{\"@type\":\"ListItem\",\"position\":2,\"name\":\"Products\",\"item\":\"https:\/\/ruishengglassco.com\/products\"},{\"@type\":\"ListItem\",\"position\":3,\"name\":\"RS098:50cl Boston Round Glass Bottles Manufacturers\"}]},{\"@type\":\"WebSite\",\"@id\":\"https:\/\/ruishengglassco.com\/#website\",\"url\":\"https:\/\/ruishengglassco.com\/\",\"name\":\"Ruisheng Glass\",\"description\":\"\",\"publisher\":{\"@id\":\"https:\/\/ruishengglassco.com\/#organization\"},\"potentialAction\":[{\"@type\":\"SearchAction\",\"target\":{\"@type\":\"EntryPoint\",\"urlTemplate\":\"https:\/\/ruishengglassco.com\/?s={search_term_string}\"},\"query-input\":\"required name=search_term_string\"}],\"inLanguage\":\"fr-FR\"},{\"@type\":\"Organization\",\"@id\":\"https:\/\/ruishengglassco.com\/#organization\",\"name\":\"Shandong Yuncheng Ruisheng Glass Co., Ltd\",\"url\":\"https:\/\/ruishengglassco.com\/\",\"logo\":{\"@type\":\"ImageObject\",\"inLanguage\":\"fr-FR\",\"@id\":\"https:\/\/ruishengglassco.com\/#\/schema\/logo\/image\/\",\"url\":\"https:\/\/ruishengglassco.com\/wp-content\/uploads\/2023\/09\/ruisheng_logo_icon.webp\",\"contentUrl\":\"https:\/\/ruishengglassco.com\/wp-content\/uploads\/2023\/09\/ruisheng_logo_icon.webp\",\"width\":400,\"height\":233,\"caption\":\"Shandong Yuncheng Ruisheng Glass Co., Ltd\"},\"image\":{\"@id\":\"https:\/\/ruishengglassco.com\/#\/schema\/logo\/image\/\"},\"sameAs\":[\"https:\/\/www.facebook.com\/ruishengglassbottles\",\"https:\/\/www.instagram.com\/Ruishengglassbottlewholesales\/\",\"https:\/\/www.youtube.com\/channel\/UCMmbMNGwsL-XrtjfSFLCdVQ\"]}]}<\/script>\n<!-- \/ Yoast SEO plugin. -->","yoast_head_json":{"title":"Cheap Liquor Bottles Manufacturers | 50cl Boston Round Glass Bottles Bulk","description":"Want To Buy Cheap Liquor Bottles Wholesale? Click here to know 50cl Boston Round Glass Bottles Bulk From China Liquor Bottle Manufacturing Factory.","robots":{"index":"index","follow":"follow","max-snippet":"max-snippet:-1","max-image-preview":"max-image-preview:large","max-video-preview":"max-video-preview:-1"},"canonical":"https:\/\/ruishengglassco.com\/fr\/produit\/rs09850cl-boston-round-glass-bottles-wholesale","og_locale":"fr_FR","og_type":"article","og_title":"Cheap Liquor Bottles Manufacturers | 50cl Boston Round Glass Bottles Bulk","og_description":"Want To Buy Cheap Liquor Bottles Wholesale? Click here to know 50cl Boston Round Glass Bottles Bulk From China Liquor Bottle Manufacturing Factory.","og_url":"https:\/\/ruishengglassco.com\/fr\/produit\/rs09850cl-boston-round-glass-bottles-wholesale","article_publisher":"https:\/\/www.facebook.com\/ruishengglassbottles","article_modified_time":"2025-09-11T08:19:37+00:00","og_image":[{"width":400,"height":400,"url":"https:\/\/ruishengglassco.com\/wp-content\/uploads\/2025\/03\/RS098-50cl-Boston-Round-Glass-Bottles-Wholesale.webp","type":"image\/webp"}],"twitter_card":"summary_large_image","twitter_misc":{"Dur\u00e9e de lecture estim\u00e9e":"2 minutes"},"schema":{"@context":"https:\/\/schema.org","@graph":[{"@type":"WebPage","@id":"https:\/\/ruishengglassco.com\/product\/rs09850cl-boston-round-glass-bottles-wholesale","url":"https:\/\/ruishengglassco.com\/product\/rs09850cl-boston-round-glass-bottles-wholesale","name":"Cheap Liquor Bottles Manufacturers | 50cl Boston Round Glass Bottles Bulk","isPartOf":{"@id":"https:\/\/ruishengglassco.com\/#website"},"datePublished":"2025-03-15T01:23:51+00:00","dateModified":"2025-09-11T08:19:37+00:00","description":"Want To Buy Cheap Liquor Bottles Wholesale? Click here to know 50cl Boston Round Glass Bottles Bulk From China Liquor Bottle Manufacturing Factory.","breadcrumb":{"@id":"https:\/\/ruishengglassco.com\/product\/rs09850cl-boston-round-glass-bottles-wholesale#breadcrumb"},"inLanguage":"fr-FR","potentialAction":[{"@type":"ReadAction","target":["https:\/\/ruishengglassco.com\/product\/rs09850cl-boston-round-glass-bottles-wholesale"]}]},{"@type":"BreadcrumbList","@id":"https:\/\/ruishengglassco.com\/product\/rs09850cl-boston-round-glass-bottles-wholesale#breadcrumb","itemListElement":[{"@type":"ListItem","position":1,"name":"Home","item":"https:\/\/ruishengglassco.com\/"},{"@type":"ListItem","position":2,"name":"Products","item":"https:\/\/ruishengglassco.com\/products"},{"@type":"ListItem","position":3,"name":"RS098:50cl Boston Round Glass Bottles Manufacturers"}]},{"@type":"WebSite","@id":"https:\/\/ruishengglassco.com\/#website","url":"https:\/\/ruishengglassco.com\/","name":"Ruisheng Glass","description":"","publisher":{"@id":"https:\/\/ruishengglassco.com\/#organization"},"potentialAction":[{"@type":"SearchAction","target":{"@type":"EntryPoint","urlTemplate":"https:\/\/ruishengglassco.com\/?s={search_term_string}"},"query-input":"required name=search_term_string"}],"inLanguage":"fr-FR"},{"@type":"Organization","@id":"https:\/\/ruishengglassco.com\/#organization","name":"Shandong Yuncheng Ruisheng Glass Co., Ltd","url":"https:\/\/ruishengglassco.com\/","logo":{"@type":"ImageObject","inLanguage":"fr-FR","@id":"https:\/\/ruishengglassco.com\/#\/schema\/logo\/image\/","url":"https:\/\/ruishengglassco.com\/wp-content\/uploads\/2023\/09\/ruisheng_logo_icon.webp","contentUrl":"https:\/\/ruishengglassco.com\/wp-content\/uploads\/2023\/09\/ruisheng_logo_icon.webp","width":400,"height":233,"caption":"Shandong Yuncheng Ruisheng Glass Co., Ltd"},"image":{"@id":"https:\/\/ruishengglassco.com\/#\/schema\/logo\/image\/"},"sameAs":["https:\/\/www.facebook.com\/ruishengglassbottles","https:\/\/www.instagram.com\/Ruishengglassbottlewholesales\/","https:\/\/www.youtube.com\/channel\/UCMmbMNGwsL-XrtjfSFLCdVQ"]}]}},"_links":{"self":[{"href":"https:\/\/ruishengglassco.com\/fr\/wp-json\/wp\/v2\/product\/4192","targetHints":{"allow":["GET"]}}],"collection":[{"href":"https:\/\/ruishengglassco.com\/fr\/wp-json\/wp\/v2\/product"}],"about":[{"href":"https:\/\/ruishengglassco.com\/fr\/wp-json\/wp\/v2\/types\/product"}],"replies":[{"embeddable":true,"href":"https:\/\/ruishengglassco.com\/fr\/wp-json\/wp\/v2\/comments?post=4192"}],"wp:featuredmedia":[{"embeddable":true,"href":"https:\/\/ruishengglassco.com\/fr\/wp-json\/wp\/v2\/media\/4193"}],"wp:attachment":[{"href":"https:\/\/ruishengglassco.com\/fr\/wp-json\/wp\/v2\/media?parent=4192"}],"wp:term":[{"taxonomy":"product_cat","embeddable":true,"href":"https:\/\/ruishengglassco.com\/fr\/wp-json\/wp\/v2\/product_cat?post=4192"}],"curies":[{"name":"wp","href":"https:\/\/api.w.org\/{rel}","templated":true}]}}