{"id":4190,"date":"2025-03-15T09:20:48","date_gmt":"2025-03-15T01:20:48","guid":{"rendered":"https:\/\/ruishengglassco.com\/?post_type=product&#038;p=4190"},"modified":"2025-09-11T16:51:23","modified_gmt":"2025-09-11T08:51:23","slug":"rs101750ml-swing-top-bottles-factory","status":"publish","type":"product","link":"https:\/\/ruishengglassco.com\/fr\/produit\/rs101750ml-swing-top-bottles-factory","title":{"rendered":"RS101:750ml Swing Top Bottles Factory"},"content":{"rendered":"<p>Cette bouteille \u00e0 bouchon basculant de 750 ml est fabriqu\u00e9e en verre flint de haute qualit\u00e9. Ce mat\u00e9riau rend la bouteille claire, transparente et \u00e9l\u00e9gante. Elle met en valeur l'excellente qualit\u00e9 de votre liqueur.<\/p>\n<p>En tant que fabricant professionnel de bouteilles de liqueur de haute qualit\u00e9 en Chine, Ruisheng se concentre sur la fabrication de bouteilles en verre depuis 2009. Notre usine couvre une superficie de 20 000 m\u00e8tres carr\u00e9s et a une production journali\u00e8re de 120 000 bouteilles. Avec plus de 500 employ\u00e9s et 10 lignes de production dans notre usine, nous nous assurons que toutes les commandes sont achev\u00e9es \u00e0 temps.<\/p>\n<h2>D\u00e9tails de l'usine de fabrication de bouteilles \u00e0 bouchon basculant de 750 ml<\/h2>\n<ul>\n<li>Mat\u00e9riau principal : Verre<\/li>\n<li>Cap : Li\u00e8ge<\/li>\n<li>R\u00e9f\u00e9rence : RS101<\/li>\n<li><strong>MOQ : 10000 PCS<\/strong><\/li>\n<li>Capacit\u00e9 : 750 ml<\/li>\n<li>PCS\/CTN : 24pcs ou selon la demande du client<\/li>\n<li>Origine du lieu : Shandong, Chine<\/li>\n<li>Caract\u00e9ristique : Respectueux de l'environnement<\/li>\n<\/ul>\n<p><span data-preserver-spaces=\"true\">Nos emballages pour ces r\u00e9cipients \u00e0 liqueur en verre de 750 ml sont g\u00e9n\u00e9ralement des cartons ou des palettes d'exportation standard. <\/span><span data-preserver-spaces=\"true\">Et nous<\/span><span data-preserver-spaces=\"true\"> peut \u00e9galement emballer la bouteille <\/span><span data-preserver-spaces=\"true\">avec<\/span><span data-preserver-spaces=\"true\"> cartons et palettes d'exportation standard si <\/span><span data-preserver-spaces=\"true\">vous en avez besoin<\/span><span data-preserver-spaces=\"true\">.<\/span> <span data-preserver-spaces=\"true\">Notre service de contr\u00f4le de la qualit\u00e9 <\/span><span data-preserver-spaces=\"true\">v\u00e9rifier<\/span><span data-preserver-spaces=\"true\"> le verre <\/span><span data-preserver-spaces=\"true\">Qualit\u00e9 des bouteilles<\/span><span data-preserver-spaces=\"true\"> avant l'emballage et n'enverra pas de <\/span><span data-preserver-spaces=\"true\">mauvais<\/span><span data-preserver-spaces=\"true\"> de notre usine.<\/span><\/p>\n<p><span data-preserver-spaces=\"true\">Notre usine dispose d'une flotte de camions. Cette flotte achemine les bouteilles en verre vers le port de Qingdao, en veillant \u00e0 ce qu'elles soient charg\u00e9es \u00e0 bord \u00e0 temps.<\/span><\/p>\n<h4><span data-preserver-spaces=\"true\">A propos de nos principales bouteilles en verre \u00e0 vendre<\/span><\/h4>\n<p><span data-preserver-spaces=\"true\">Nos principaux produits sont des bouteilles en verre de qualit\u00e9 sup\u00e9rieure, telles que des bouteilles de vodka et d'autres bouteilles en verre color\u00e9. <\/span><span data-preserver-spaces=\"true\">Notre <\/span><span data-preserver-spaces=\"true\">principal<\/span><span data-preserver-spaces=\"true\"> march\u00e9s <\/span><span data-preserver-spaces=\"true\">sont<\/span><span data-preserver-spaces=\"true\"> L'Europe, <\/span><span data-preserver-spaces=\"true\">les <\/span><span data-preserver-spaces=\"true\">\u00c9tats-Unis, Australie, <\/span><span data-preserver-spaces=\"true\">etc.<\/span><span data-preserver-spaces=\"true\">.<\/span><span data-preserver-spaces=\"true\"> Tous les produits jouissent d'une excellente r\u00e9putation en mati\u00e8re d'innovation et de fonctionnalit\u00e9.<\/span><\/p>\n<p><span data-preserver-spaces=\"true\">Notre soci\u00e9t\u00e9 continuera \u00e0 adh\u00e9rer au principe de \"bonne foi, bonne qualit\u00e9\". Nous d\u00e9fendrons le concept de service \"int\u00e9grit\u00e9\uff0c soin\uff0c efficacit\u00e9\uff0c pragmatisme\" avec une attitude confiante pour atteindre l'objectif de l'entreprise de devenir une marque de verre chinoise.<\/span><\/p>\n<p><span data-preserver-spaces=\"true\">Si vous <\/span><span data-preserver-spaces=\"true\">vouloir<\/span><span data-preserver-spaces=\"true\"> s'informer sur<\/span> <span data-preserver-spaces=\"true\">notre Gros 750ml de liqueur de silex <\/span><span data-preserver-spaces=\"true\">bouteille<\/span><span data-preserver-spaces=\"true\"> ou verre \u00e0 liqueur personnalis\u00e9 de 750ml <\/span><span data-preserver-spaces=\"true\">conteneur<\/span><span data-preserver-spaces=\"true\">, s'il vous pla\u00eet <\/span><span data-preserver-spaces=\"true\">prendre contact avec<\/span><span data-preserver-spaces=\"true\"> nous.<\/span><span data-preserver-spaces=\"true\"> Nous vous r\u00e9pondrons dans les plus brefs d\u00e9lais. <\/span><span data-preserver-spaces=\"true\">Notre <\/span><span data-preserver-spaces=\"true\">objectif<\/span><span data-preserver-spaces=\"true\"> est de <\/span><span data-preserver-spaces=\"true\">faire un<\/span><span data-preserver-spaces=\"true\"> verre de haute qualit\u00e9 <\/span><span data-preserver-spaces=\"true\">bouteille<\/span><span data-preserver-spaces=\"true\"> et <\/span><span data-preserver-spaces=\"true\">offrir<\/span><span data-preserver-spaces=\"true\"> le meilleur service aux clients <\/span><span data-preserver-spaces=\"true\">du monde entier<\/span><span data-preserver-spaces=\"true\">.<\/span><\/p>","protected":false},"excerpt":{"rendered":"<p>Cette bouteille de liqueur de 750 ml est principalement utilis\u00e9e dans l'emballage des boissons alcoolis\u00e9es. Ces bouteilles de liqueur de 750 ml sont fabriqu\u00e9es \u00e0 partir de mati\u00e8res premi\u00e8res en verre.<\/p>","protected":false},"featured_media":4191,"comment_status":"closed","ping_status":"closed","template":"","meta":[],"product_cat":[40],"class_list":{"0":"post-4190","1":"product","2":"type-product","3":"status-publish","4":"has-post-thumbnail","6":"product_cat-750ml-liquor-bottle-manufacturer","8":"first","9":"instock","10":"shipping-taxable","11":"product-type-simple"},"yoast_head":"<!-- This site is optimized with the Yoast SEO plugin v22.0 - https:\/\/yoast.com\/wordpress\/plugins\/seo\/ -->\n<title>750ml Swing Top Bottles Factory | High Flint Liquor Bottle Manufacturer<\/title>\n<meta name=\"description\" content=\"These 750ml Swing Top Bottles Factory are made by high flint glass material, which widely used for liquor packaging. Primary Liquor Bottle Manufacturer, Sales In Cheap Price.\" \/>\n<meta name=\"robots\" content=\"index, follow, max-snippet:-1, max-image-preview:large, max-video-preview:-1\" \/>\n<link rel=\"canonical\" href=\"https:\/\/ruishengglassco.com\/fr\/rs101750ml-swing-top-bottles-factory\/\" \/>\n<meta property=\"og:locale\" content=\"fr_FR\" \/>\n<meta property=\"og:type\" content=\"article\" \/>\n<meta property=\"og:title\" content=\"750ml Swing Top Bottles Factory | High Flint Liquor Bottle Manufacturer\" \/>\n<meta property=\"og:description\" content=\"These 750ml Swing Top Bottles Factory are made by high flint glass material, which widely used for liquor packaging. Primary Liquor Bottle Manufacturer, Sales In Cheap Price.\" \/>\n<meta property=\"og:url\" content=\"https:\/\/ruishengglassco.com\/fr\/rs101750ml-swing-top-bottles-factory\/\" \/>\n<meta property=\"article:publisher\" content=\"https:\/\/www.facebook.com\/ruishengglassbottles\" \/>\n<meta property=\"article:modified_time\" content=\"2025-09-11T08:51:23+00:00\" \/>\n<meta property=\"og:image\" content=\"https:\/\/ruishengglassco.com\/wp-content\/uploads\/2025\/03\/RS101-750ml-Swing-Top-Bottles-Wholesale.webp\" \/>\n\t<meta property=\"og:image:width\" content=\"800\" \/>\n\t<meta property=\"og:image:height\" content=\"800\" \/>\n\t<meta property=\"og:image:type\" content=\"image\/webp\" \/>\n<meta name=\"twitter:card\" content=\"summary_large_image\" \/>\n<meta name=\"twitter:label1\" content=\"Dur\u00e9e de lecture estim\u00e9e\" \/>\n\t<meta name=\"twitter:data1\" content=\"2 minutes\" \/>\n<script type=\"application\/ld+json\" class=\"yoast-schema-graph\">{\"@context\":\"https:\/\/schema.org\",\"@graph\":[{\"@type\":\"WebPage\",\"@id\":\"https:\/\/ruishengglassco.com\/ru\/rs101750ml-%d0%b1%d1%83%d1%82%d1%8b%d0%bb%d0%ba%d0%b8-%d1%81-%d0%bf%d0%be%d0%b2%d0%be%d1%80%d0%be%d1%82%d0%bd%d1%8b%d0%bc-%d0%b2%d0%b5%d1%80%d1%85%d0%be%d0%bc-%d0%be%d0%bf%d1%82%d0%be%d0%bc\",\"url\":\"https:\/\/ruishengglassco.com\/ru\/rs101750ml-%d0%b1%d1%83%d1%82%d1%8b%d0%bb%d0%ba%d0%b8-%d1%81-%d0%bf%d0%be%d0%b2%d0%be%d1%80%d0%be%d1%82%d0%bd%d1%8b%d0%bc-%d0%b2%d0%b5%d1%80%d1%85%d0%be%d0%bc-%d0%be%d0%bf%d1%82%d0%be%d0%bc\",\"name\":\"750ml Swing Top Bottles Factory | High Flint Liquor Bottle Manufacturer\",\"isPartOf\":{\"@id\":\"https:\/\/ruishengglassco.com\/#website\"},\"datePublished\":\"2025-03-15T01:20:48+00:00\",\"dateModified\":\"2025-09-11T08:51:23+00:00\",\"description\":\"These 750ml Swing Top Bottles Factory are made by high flint glass material, which widely used for liquor packaging. Primary Liquor Bottle Manufacturer, Sales In Cheap Price.\",\"breadcrumb\":{\"@id\":\"https:\/\/ruishengglassco.com\/ru\/rs101750ml-%d0%b1%d1%83%d1%82%d1%8b%d0%bb%d0%ba%d0%b8-%d1%81-%d0%bf%d0%be%d0%b2%d0%be%d1%80%d0%be%d1%82%d0%bd%d1%8b%d0%bc-%d0%b2%d0%b5%d1%80%d1%85%d0%be%d0%bc-%d0%be%d0%bf%d1%82%d0%be%d0%bc#breadcrumb\"},\"inLanguage\":\"fr-FR\",\"potentialAction\":[{\"@type\":\"ReadAction\",\"target\":[\"https:\/\/ruishengglassco.com\/ru\/rs101750ml-%d0%b1%d1%83%d1%82%d1%8b%d0%bb%d0%ba%d0%b8-%d1%81-%d0%bf%d0%be%d0%b2%d0%be%d1%80%d0%be%d1%82%d0%bd%d1%8b%d0%bc-%d0%b2%d0%b5%d1%80%d1%85%d0%be%d0%bc-%d0%be%d0%bf%d1%82%d0%be%d0%bc\"]}]},{\"@type\":\"BreadcrumbList\",\"@id\":\"https:\/\/ruishengglassco.com\/ru\/rs101750ml-%d0%b1%d1%83%d1%82%d1%8b%d0%bb%d0%ba%d0%b8-%d1%81-%d0%bf%d0%be%d0%b2%d0%be%d1%80%d0%be%d1%82%d0%bd%d1%8b%d0%bc-%d0%b2%d0%b5%d1%80%d1%85%d0%be%d0%bc-%d0%be%d0%bf%d1%82%d0%be%d0%bc#breadcrumb\",\"itemListElement\":[{\"@type\":\"ListItem\",\"position\":1,\"name\":\"Home\",\"item\":\"https:\/\/ruishengglassco.com\/\"},{\"@type\":\"ListItem\",\"position\":2,\"name\":\"Products\",\"item\":\"https:\/\/ruishengglassco.com\/products\"},{\"@type\":\"ListItem\",\"position\":3,\"name\":\"RS101:750ml Swing Top Bottles Factory\"}]},{\"@type\":\"WebSite\",\"@id\":\"https:\/\/ruishengglassco.com\/#website\",\"url\":\"https:\/\/ruishengglassco.com\/\",\"name\":\"Ruisheng Glass\",\"description\":\"\",\"publisher\":{\"@id\":\"https:\/\/ruishengglassco.com\/#organization\"},\"potentialAction\":[{\"@type\":\"SearchAction\",\"target\":{\"@type\":\"EntryPoint\",\"urlTemplate\":\"https:\/\/ruishengglassco.com\/?s={search_term_string}\"},\"query-input\":\"required name=search_term_string\"}],\"inLanguage\":\"fr-FR\"},{\"@type\":\"Organization\",\"@id\":\"https:\/\/ruishengglassco.com\/#organization\",\"name\":\"Shandong Yuncheng Ruisheng Glass Co., Ltd\",\"url\":\"https:\/\/ruishengglassco.com\/\",\"logo\":{\"@type\":\"ImageObject\",\"inLanguage\":\"fr-FR\",\"@id\":\"https:\/\/ruishengglassco.com\/#\/schema\/logo\/image\/\",\"url\":\"https:\/\/ruishengglassco.com\/wp-content\/uploads\/2023\/09\/ruisheng_logo_icon.webp\",\"contentUrl\":\"https:\/\/ruishengglassco.com\/wp-content\/uploads\/2023\/09\/ruisheng_logo_icon.webp\",\"width\":400,\"height\":233,\"caption\":\"Shandong Yuncheng Ruisheng Glass Co., Ltd\"},\"image\":{\"@id\":\"https:\/\/ruishengglassco.com\/#\/schema\/logo\/image\/\"},\"sameAs\":[\"https:\/\/www.facebook.com\/ruishengglassbottles\",\"https:\/\/www.instagram.com\/Ruishengglassbottlewholesales\/\",\"https:\/\/www.youtube.com\/channel\/UCMmbMNGwsL-XrtjfSFLCdVQ\"]}]}<\/script>\n<!-- \/ Yoast SEO plugin. -->","yoast_head_json":{"title":"750ml Swing Top Bottles Factory | High Flint Liquor Bottle Manufacturer","description":"These 750ml Swing Top Bottles Factory are made by high flint glass material, which widely used for liquor packaging. Primary Liquor Bottle Manufacturer, Sales In Cheap Price.","robots":{"index":"index","follow":"follow","max-snippet":"max-snippet:-1","max-image-preview":"max-image-preview:large","max-video-preview":"max-video-preview:-1"},"canonical":"https:\/\/ruishengglassco.com\/fr\/rs101750ml-swing-top-bottles-factory\/","og_locale":"fr_FR","og_type":"article","og_title":"750ml Swing Top Bottles Factory | High Flint Liquor Bottle Manufacturer","og_description":"These 750ml Swing Top Bottles Factory are made by high flint glass material, which widely used for liquor packaging. Primary Liquor Bottle Manufacturer, Sales In Cheap Price.","og_url":"https:\/\/ruishengglassco.com\/fr\/rs101750ml-swing-top-bottles-factory\/","article_publisher":"https:\/\/www.facebook.com\/ruishengglassbottles","article_modified_time":"2025-09-11T08:51:23+00:00","og_image":[{"width":800,"height":800,"url":"https:\/\/ruishengglassco.com\/wp-content\/uploads\/2025\/03\/RS101-750ml-Swing-Top-Bottles-Wholesale.webp","type":"image\/webp"}],"twitter_card":"summary_large_image","twitter_misc":{"Dur\u00e9e de lecture estim\u00e9e":"2 minutes"},"schema":{"@context":"https:\/\/schema.org","@graph":[{"@type":"WebPage","@id":"https:\/\/ruishengglassco.com\/ru\/rs101750ml-%d0%b1%d1%83%d1%82%d1%8b%d0%bb%d0%ba%d0%b8-%d1%81-%d0%bf%d0%be%d0%b2%d0%be%d1%80%d0%be%d1%82%d0%bd%d1%8b%d0%bc-%d0%b2%d0%b5%d1%80%d1%85%d0%be%d0%bc-%d0%be%d0%bf%d1%82%d0%be%d0%bc","url":"https:\/\/ruishengglassco.com\/ru\/rs101750ml-%d0%b1%d1%83%d1%82%d1%8b%d0%bb%d0%ba%d0%b8-%d1%81-%d0%bf%d0%be%d0%b2%d0%be%d1%80%d0%be%d1%82%d0%bd%d1%8b%d0%bc-%d0%b2%d0%b5%d1%80%d1%85%d0%be%d0%bc-%d0%be%d0%bf%d1%82%d0%be%d0%bc","name":"750ml Swing Top Bottles Factory | High Flint Liquor Bottle Manufacturer","isPartOf":{"@id":"https:\/\/ruishengglassco.com\/#website"},"datePublished":"2025-03-15T01:20:48+00:00","dateModified":"2025-09-11T08:51:23+00:00","description":"These 750ml Swing Top Bottles Factory are made by high flint glass material, which widely used for liquor packaging. Primary Liquor Bottle Manufacturer, Sales In Cheap Price.","breadcrumb":{"@id":"https:\/\/ruishengglassco.com\/ru\/rs101750ml-%d0%b1%d1%83%d1%82%d1%8b%d0%bb%d0%ba%d0%b8-%d1%81-%d0%bf%d0%be%d0%b2%d0%be%d1%80%d0%be%d1%82%d0%bd%d1%8b%d0%bc-%d0%b2%d0%b5%d1%80%d1%85%d0%be%d0%bc-%d0%be%d0%bf%d1%82%d0%be%d0%bc#breadcrumb"},"inLanguage":"fr-FR","potentialAction":[{"@type":"ReadAction","target":["https:\/\/ruishengglassco.com\/ru\/rs101750ml-%d0%b1%d1%83%d1%82%d1%8b%d0%bb%d0%ba%d0%b8-%d1%81-%d0%bf%d0%be%d0%b2%d0%be%d1%80%d0%be%d1%82%d0%bd%d1%8b%d0%bc-%d0%b2%d0%b5%d1%80%d1%85%d0%be%d0%bc-%d0%be%d0%bf%d1%82%d0%be%d0%bc"]}]},{"@type":"BreadcrumbList","@id":"https:\/\/ruishengglassco.com\/ru\/rs101750ml-%d0%b1%d1%83%d1%82%d1%8b%d0%bb%d0%ba%d0%b8-%d1%81-%d0%bf%d0%be%d0%b2%d0%be%d1%80%d0%be%d1%82%d0%bd%d1%8b%d0%bc-%d0%b2%d0%b5%d1%80%d1%85%d0%be%d0%bc-%d0%be%d0%bf%d1%82%d0%be%d0%bc#breadcrumb","itemListElement":[{"@type":"ListItem","position":1,"name":"Home","item":"https:\/\/ruishengglassco.com\/"},{"@type":"ListItem","position":2,"name":"Products","item":"https:\/\/ruishengglassco.com\/products"},{"@type":"ListItem","position":3,"name":"RS101:750ml Swing Top Bottles Factory"}]},{"@type":"WebSite","@id":"https:\/\/ruishengglassco.com\/#website","url":"https:\/\/ruishengglassco.com\/","name":"Ruisheng Glass","description":"","publisher":{"@id":"https:\/\/ruishengglassco.com\/#organization"},"potentialAction":[{"@type":"SearchAction","target":{"@type":"EntryPoint","urlTemplate":"https:\/\/ruishengglassco.com\/?s={search_term_string}"},"query-input":"required name=search_term_string"}],"inLanguage":"fr-FR"},{"@type":"Organization","@id":"https:\/\/ruishengglassco.com\/#organization","name":"Shandong Yuncheng Ruisheng Glass Co., Ltd","url":"https:\/\/ruishengglassco.com\/","logo":{"@type":"ImageObject","inLanguage":"fr-FR","@id":"https:\/\/ruishengglassco.com\/#\/schema\/logo\/image\/","url":"https:\/\/ruishengglassco.com\/wp-content\/uploads\/2023\/09\/ruisheng_logo_icon.webp","contentUrl":"https:\/\/ruishengglassco.com\/wp-content\/uploads\/2023\/09\/ruisheng_logo_icon.webp","width":400,"height":233,"caption":"Shandong Yuncheng Ruisheng Glass Co., Ltd"},"image":{"@id":"https:\/\/ruishengglassco.com\/#\/schema\/logo\/image\/"},"sameAs":["https:\/\/www.facebook.com\/ruishengglassbottles","https:\/\/www.instagram.com\/Ruishengglassbottlewholesales\/","https:\/\/www.youtube.com\/channel\/UCMmbMNGwsL-XrtjfSFLCdVQ"]}]}},"_links":{"self":[{"href":"https:\/\/ruishengglassco.com\/fr\/wp-json\/wp\/v2\/product\/4190","targetHints":{"allow":["GET"]}}],"collection":[{"href":"https:\/\/ruishengglassco.com\/fr\/wp-json\/wp\/v2\/product"}],"about":[{"href":"https:\/\/ruishengglassco.com\/fr\/wp-json\/wp\/v2\/types\/product"}],"replies":[{"embeddable":true,"href":"https:\/\/ruishengglassco.com\/fr\/wp-json\/wp\/v2\/comments?post=4190"}],"wp:featuredmedia":[{"embeddable":true,"href":"https:\/\/ruishengglassco.com\/fr\/wp-json\/wp\/v2\/media\/4191"}],"wp:attachment":[{"href":"https:\/\/ruishengglassco.com\/fr\/wp-json\/wp\/v2\/media?parent=4190"}],"wp:term":[{"taxonomy":"product_cat","embeddable":true,"href":"https:\/\/ruishengglassco.com\/fr\/wp-json\/wp\/v2\/product_cat?post=4190"}],"curies":[{"name":"wp","href":"https:\/\/api.w.org\/{rel}","templated":true}]}}