{"id":4186,"date":"2025-03-15T09:14:31","date_gmt":"2025-03-15T01:14:31","guid":{"rendered":"https:\/\/ruishengglassco.com\/?post_type=product&#038;p=4186"},"modified":"2025-09-11T16:00:06","modified_gmt":"2025-09-11T08:00:06","slug":"rs10350ml-bouteille-ronde-de-liqueur-en-vrac","status":"publish","type":"product","link":"https:\/\/ruishengglassco.com\/fr\/produit\/rs10350ml-bouteille-ronde-de-liqueur-en-vrac","title":{"rendered":"RS103:Bouteille de liqueur ronde de 50ml en vrac"},"content":{"rendered":"<p>Vous \u00eates \u00e0 la recherche de bouteilles rondes en verre pour votre marque d'alcool ?  Ces bouteilles de liqueur de 50 ml en vrac sont des bouteilles en verre \u00e0 silex. Nous pouvons peindre n'importe quelle couleur sur cette bouteille en verre si vous le souhaitez, comme le vert, le noir, l'or, etc. Il y a une zone ronde sur les bouteilles de liqueur en verre, o\u00f9 nous pouvons placer votre logo, qu'il s'agisse d'un logo en papier, d'un logo en plastique, d'un logo en m\u00e9tal ou d'un autre type.<\/p>\n<p>Notre bouteille ronde en verre de 50 ml en gros est fabriqu\u00e9e \u00e0 l'aide de machines automatiques 8S de pointe. Il y a quatre lignes de production par machine, et nous avons 2 machines 8S enti\u00e8rement automatiques et 1 machine 6S semi-automatique. Notre usine dispose de 12 lignes de production et produit 120 000 bouteilles par jour. Que votre commande soit petite ou grande, nous pouvons \u00e9galement la terminer et vous l'envoyer \u00e0 temps.<\/p>\n<h2>Les informations sur les bouteilles rondes en verre en gros sont les suivantes :<\/h2>\n<ul>\n<li>Mat\u00e9riau principal : Verre blanc cristallin, verre<\/li>\n<li>Capuchon : Capuchon \u00e0 vis<\/li>\n<li>R\u00e9f\u00e9rence : RS103<\/li>\n<li>MOQ : 10000 PCS<\/li>\n<li><span class=\"attr-name J-attr-name\" title=\"Capacit\u00e9\">Capacit\u00e9<\/span>: 50ml\/ 100ml\/375ml\/500ml\/700ml\/750ml\/Custom<\/li>\n<li>Pcs\/Ctn : 24pcs<\/li>\n<li>Origine du lieu : Shandong, Chine<\/li>\n<li>Caract\u00e9ristique : Respectueux de l'environnement<\/li>\n<\/ul>\n<p>Si vous \u00eates satisfaits de ces bouteilles de liqueur de 50ml en vrac, veuillez me contacter \u00e0 temps. Si vous ne l'aimez pas, vous pouvez regarder nos autres bouteilles. Ou je vous donnerai le catalogue, vous pouvez choisir ce que vous voulez. Si vous \u00eates int\u00e9ress\u00e9 par nos bouteilles d'alcool herm\u00e9tiques, veuillez nous contacter. Nous vous r\u00e9pondrons dans les 24 heures.<\/p>","protected":false},"excerpt":{"rendered":"<div class=\"col col-sm-6 col-xs-12\">\n<div id=\"slider-4570-product-image-carosel\" class=\"rt-carousel carousel-holder clearfix product-image-carosel rt-image-carousel\" data-item-width=\"1\" data-nav=\"true\" data-dots=\"false\" data-margin=\"15\" data-autoplay=\"true\" data-timeout=\"7500\" data-loop=\"false\" data-tablet-item-width=\"\" data-mobile-item-width=\"1\">\n<div class=\"owl-carousel owl-loaded owl-drag\">\n<div class=\"owl-nav\">\n<div class=\"owl-next\">Vente en gros de bouteilles rondes en verre avec bouchon d'un fabricant chinois de bouteilles de spiritueux. La couleur claire et transparente du corps permet d'afficher clairement la qualit\u00e9 du contenu de la bouteille. Le fond de la bouteille est \u00e9pais, ce qui facilite le placement des bouteilles. Cette bouteille de 50 ml offre trois options de bouchage : bouchon \u00e0 vis, bouchon en li\u00e8ge et bouchon Guala. L'\u00e9tanch\u00e9it\u00e9 de chaque type de bouchon a \u00e9t\u00e9 test\u00e9e. Ils pr\u00e9servent efficacement la saveur originale de la liqueur.<\/div>\n<div><\/div>\n<div class=\"owl-next\">Si vous souhaitez acheter des bouteilles de liqueur de 50 ml en vrac, n'h\u00e9sitez pas \u00e0 nous contacter.<\/div>\n<\/div>\n<\/div>\n<\/div>\n<\/div>","protected":false},"featured_media":4187,"comment_status":"closed","ping_status":"closed","template":"","meta":[],"product_cat":[48],"class_list":{"0":"post-4186","1":"product","2":"type-product","3":"status-publish","4":"has-post-thumbnail","6":"product_cat-50ml-mini-liquor-bottle-manufacturer","8":"first","9":"instock","10":"shipping-taxable","11":"product-type-simple"},"yoast_head":"<!-- This site is optimized with the Yoast SEO plugin v22.0 - https:\/\/yoast.com\/wordpress\/plugins\/seo\/ -->\n<title>Wholesale Round Glass Bottles With Stoppers | 50ml Liquor Bottles Bulk<\/title>\n<meta name=\"description\" content=\"Buy Wholesale Round Glass Bottles With Stoopers Factory Outlet&amp;Cheap Price. High Quality 50ml Liquor Bottles Bulk With Free Sample. Get Quote Now\" \/>\n<meta name=\"robots\" content=\"index, follow, max-snippet:-1, max-image-preview:large, max-video-preview:-1\" \/>\n<link rel=\"canonical\" href=\"https:\/\/ruishengglassco.com\/fr\/produit\/rs10350ml-bouteille-ronde-de-liqueur-en-vrac\" \/>\n<meta property=\"og:locale\" content=\"fr_FR\" \/>\n<meta property=\"og:type\" content=\"article\" \/>\n<meta property=\"og:title\" content=\"Wholesale Round Glass Bottles With Stoppers | 50ml Liquor Bottles Bulk\" \/>\n<meta property=\"og:description\" content=\"Buy Wholesale Round Glass Bottles With Stoopers Factory Outlet&amp;Cheap Price. High Quality 50ml Liquor Bottles Bulk With Free Sample. Get Quote Now\" \/>\n<meta property=\"og:url\" content=\"https:\/\/ruishengglassco.com\/fr\/produit\/rs10350ml-bouteille-ronde-de-liqueur-en-vrac\" \/>\n<meta property=\"article:publisher\" content=\"https:\/\/www.facebook.com\/ruishengglassbottles\" \/>\n<meta property=\"article:modified_time\" content=\"2025-09-11T08:00:06+00:00\" \/>\n<meta property=\"og:image\" content=\"https:\/\/ruishengglassco.com\/wp-content\/uploads\/2025\/03\/RS103-50ml-Round-Liquor-Bottle-In-Bulk.webp\" \/>\n\t<meta property=\"og:image:width\" content=\"400\" \/>\n\t<meta property=\"og:image:height\" content=\"400\" \/>\n\t<meta property=\"og:image:type\" content=\"image\/webp\" \/>\n<meta name=\"twitter:card\" content=\"summary_large_image\" \/>\n<meta name=\"twitter:label1\" content=\"Dur\u00e9e de lecture estim\u00e9e\" \/>\n\t<meta name=\"twitter:data1\" content=\"2 minutes\" \/>\n<script type=\"application\/ld+json\" class=\"yoast-schema-graph\">{\"@context\":\"https:\/\/schema.org\",\"@graph\":[{\"@type\":\"WebPage\",\"@id\":\"https:\/\/ruishengglassco.com\/product\/rs10350ml-round-liquor-bottle-in-bulk\",\"url\":\"https:\/\/ruishengglassco.com\/product\/rs10350ml-round-liquor-bottle-in-bulk\",\"name\":\"Wholesale Round Glass Bottles With Stoppers | 50ml Liquor Bottles Bulk\",\"isPartOf\":{\"@id\":\"https:\/\/ruishengglassco.com\/#website\"},\"datePublished\":\"2025-03-15T01:14:31+00:00\",\"dateModified\":\"2025-09-11T08:00:06+00:00\",\"description\":\"Buy Wholesale Round Glass Bottles With Stoopers Factory Outlet&Cheap Price. High Quality 50ml Liquor Bottles Bulk With Free Sample. Get Quote Now\",\"breadcrumb\":{\"@id\":\"https:\/\/ruishengglassco.com\/product\/rs10350ml-round-liquor-bottle-in-bulk#breadcrumb\"},\"inLanguage\":\"fr-FR\",\"potentialAction\":[{\"@type\":\"ReadAction\",\"target\":[\"https:\/\/ruishengglassco.com\/product\/rs10350ml-round-liquor-bottle-in-bulk\"]}]},{\"@type\":\"BreadcrumbList\",\"@id\":\"https:\/\/ruishengglassco.com\/product\/rs10350ml-round-liquor-bottle-in-bulk#breadcrumb\",\"itemListElement\":[{\"@type\":\"ListItem\",\"position\":1,\"name\":\"Home\",\"item\":\"https:\/\/ruishengglassco.com\/\"},{\"@type\":\"ListItem\",\"position\":2,\"name\":\"Products\",\"item\":\"https:\/\/ruishengglassco.com\/products\"},{\"@type\":\"ListItem\",\"position\":3,\"name\":\"RS103:50ml Round Liquor Bottle In Bulk\"}]},{\"@type\":\"WebSite\",\"@id\":\"https:\/\/ruishengglassco.com\/#website\",\"url\":\"https:\/\/ruishengglassco.com\/\",\"name\":\"Ruisheng Glass\",\"description\":\"\",\"publisher\":{\"@id\":\"https:\/\/ruishengglassco.com\/#organization\"},\"potentialAction\":[{\"@type\":\"SearchAction\",\"target\":{\"@type\":\"EntryPoint\",\"urlTemplate\":\"https:\/\/ruishengglassco.com\/?s={search_term_string}\"},\"query-input\":\"required name=search_term_string\"}],\"inLanguage\":\"fr-FR\"},{\"@type\":\"Organization\",\"@id\":\"https:\/\/ruishengglassco.com\/#organization\",\"name\":\"Shandong Yuncheng Ruisheng Glass Co., Ltd\",\"url\":\"https:\/\/ruishengglassco.com\/\",\"logo\":{\"@type\":\"ImageObject\",\"inLanguage\":\"fr-FR\",\"@id\":\"https:\/\/ruishengglassco.com\/#\/schema\/logo\/image\/\",\"url\":\"https:\/\/ruishengglassco.com\/wp-content\/uploads\/2023\/09\/ruisheng_logo_icon.webp\",\"contentUrl\":\"https:\/\/ruishengglassco.com\/wp-content\/uploads\/2023\/09\/ruisheng_logo_icon.webp\",\"width\":400,\"height\":233,\"caption\":\"Shandong Yuncheng Ruisheng Glass Co., Ltd\"},\"image\":{\"@id\":\"https:\/\/ruishengglassco.com\/#\/schema\/logo\/image\/\"},\"sameAs\":[\"https:\/\/www.facebook.com\/ruishengglassbottles\",\"https:\/\/www.instagram.com\/Ruishengglassbottlewholesales\/\",\"https:\/\/www.youtube.com\/channel\/UCMmbMNGwsL-XrtjfSFLCdVQ\"]}]}<\/script>\n<!-- \/ Yoast SEO plugin. -->","yoast_head_json":{"title":"Wholesale Round Glass Bottles With Stoppers | 50ml Liquor Bottles Bulk","description":"Buy Wholesale Round Glass Bottles With Stoopers Factory Outlet&Cheap Price. High Quality 50ml Liquor Bottles Bulk With Free Sample. Get Quote Now","robots":{"index":"index","follow":"follow","max-snippet":"max-snippet:-1","max-image-preview":"max-image-preview:large","max-video-preview":"max-video-preview:-1"},"canonical":"https:\/\/ruishengglassco.com\/fr\/produit\/rs10350ml-bouteille-ronde-de-liqueur-en-vrac","og_locale":"fr_FR","og_type":"article","og_title":"Wholesale Round Glass Bottles With Stoppers | 50ml Liquor Bottles Bulk","og_description":"Buy Wholesale Round Glass Bottles With Stoopers Factory Outlet&Cheap Price. High Quality 50ml Liquor Bottles Bulk With Free Sample. Get Quote Now","og_url":"https:\/\/ruishengglassco.com\/fr\/produit\/rs10350ml-bouteille-ronde-de-liqueur-en-vrac","article_publisher":"https:\/\/www.facebook.com\/ruishengglassbottles","article_modified_time":"2025-09-11T08:00:06+00:00","og_image":[{"width":400,"height":400,"url":"https:\/\/ruishengglassco.com\/wp-content\/uploads\/2025\/03\/RS103-50ml-Round-Liquor-Bottle-In-Bulk.webp","type":"image\/webp"}],"twitter_card":"summary_large_image","twitter_misc":{"Dur\u00e9e de lecture estim\u00e9e":"2 minutes"},"schema":{"@context":"https:\/\/schema.org","@graph":[{"@type":"WebPage","@id":"https:\/\/ruishengglassco.com\/product\/rs10350ml-round-liquor-bottle-in-bulk","url":"https:\/\/ruishengglassco.com\/product\/rs10350ml-round-liquor-bottle-in-bulk","name":"Wholesale Round Glass Bottles With Stoppers | 50ml Liquor Bottles Bulk","isPartOf":{"@id":"https:\/\/ruishengglassco.com\/#website"},"datePublished":"2025-03-15T01:14:31+00:00","dateModified":"2025-09-11T08:00:06+00:00","description":"Buy Wholesale Round Glass Bottles With Stoopers Factory Outlet&Cheap Price. High Quality 50ml Liquor Bottles Bulk With Free Sample. Get Quote Now","breadcrumb":{"@id":"https:\/\/ruishengglassco.com\/product\/rs10350ml-round-liquor-bottle-in-bulk#breadcrumb"},"inLanguage":"fr-FR","potentialAction":[{"@type":"ReadAction","target":["https:\/\/ruishengglassco.com\/product\/rs10350ml-round-liquor-bottle-in-bulk"]}]},{"@type":"BreadcrumbList","@id":"https:\/\/ruishengglassco.com\/product\/rs10350ml-round-liquor-bottle-in-bulk#breadcrumb","itemListElement":[{"@type":"ListItem","position":1,"name":"Home","item":"https:\/\/ruishengglassco.com\/"},{"@type":"ListItem","position":2,"name":"Products","item":"https:\/\/ruishengglassco.com\/products"},{"@type":"ListItem","position":3,"name":"RS103:50ml Round Liquor Bottle In Bulk"}]},{"@type":"WebSite","@id":"https:\/\/ruishengglassco.com\/#website","url":"https:\/\/ruishengglassco.com\/","name":"Ruisheng Glass","description":"","publisher":{"@id":"https:\/\/ruishengglassco.com\/#organization"},"potentialAction":[{"@type":"SearchAction","target":{"@type":"EntryPoint","urlTemplate":"https:\/\/ruishengglassco.com\/?s={search_term_string}"},"query-input":"required name=search_term_string"}],"inLanguage":"fr-FR"},{"@type":"Organization","@id":"https:\/\/ruishengglassco.com\/#organization","name":"Shandong Yuncheng Ruisheng Glass Co., Ltd","url":"https:\/\/ruishengglassco.com\/","logo":{"@type":"ImageObject","inLanguage":"fr-FR","@id":"https:\/\/ruishengglassco.com\/#\/schema\/logo\/image\/","url":"https:\/\/ruishengglassco.com\/wp-content\/uploads\/2023\/09\/ruisheng_logo_icon.webp","contentUrl":"https:\/\/ruishengglassco.com\/wp-content\/uploads\/2023\/09\/ruisheng_logo_icon.webp","width":400,"height":233,"caption":"Shandong Yuncheng Ruisheng Glass Co., Ltd"},"image":{"@id":"https:\/\/ruishengglassco.com\/#\/schema\/logo\/image\/"},"sameAs":["https:\/\/www.facebook.com\/ruishengglassbottles","https:\/\/www.instagram.com\/Ruishengglassbottlewholesales\/","https:\/\/www.youtube.com\/channel\/UCMmbMNGwsL-XrtjfSFLCdVQ"]}]}},"_links":{"self":[{"href":"https:\/\/ruishengglassco.com\/fr\/wp-json\/wp\/v2\/product\/4186","targetHints":{"allow":["GET"]}}],"collection":[{"href":"https:\/\/ruishengglassco.com\/fr\/wp-json\/wp\/v2\/product"}],"about":[{"href":"https:\/\/ruishengglassco.com\/fr\/wp-json\/wp\/v2\/types\/product"}],"replies":[{"embeddable":true,"href":"https:\/\/ruishengglassco.com\/fr\/wp-json\/wp\/v2\/comments?post=4186"}],"wp:featuredmedia":[{"embeddable":true,"href":"https:\/\/ruishengglassco.com\/fr\/wp-json\/wp\/v2\/media\/4187"}],"wp:attachment":[{"href":"https:\/\/ruishengglassco.com\/fr\/wp-json\/wp\/v2\/media?parent=4186"}],"wp:term":[{"taxonomy":"product_cat","embeddable":true,"href":"https:\/\/ruishengglassco.com\/fr\/wp-json\/wp\/v2\/product_cat?post=4186"}],"curies":[{"name":"wp","href":"https:\/\/api.w.org\/{rel}","templated":true}]}}