{"id":4179,"date":"2025-03-15T00:25:45","date_gmt":"2025-03-14T16:25:45","guid":{"rendered":"https:\/\/ruishengglassco.com\/?post_type=product&#038;p=4179"},"modified":"2025-09-11T16:00:58","modified_gmt":"2025-09-11T08:00:58","slug":"rs106-grossiste-bouteilles-de-liqueur-50ml-avec-bouchons","status":"publish","type":"product","link":"https:\/\/ruishengglassco.com\/fr\/produit\/rs106-grossiste-bouteilles-de-liqueur-50ml-avec-bouchons","title":{"rendered":"RS106 : Bouteilles de liqueur 50ml avec bouchons en gros"},"content":{"rendered":"<p><span data-preserver-spaces=\"true\">Ces\u00a0<\/span><em><span data-preserver-spaces=\"true\">Bouteilles de liqueur de 50 ml<\/span><\/em><span data-preserver-spaces=\"true\"> avec bouchons en gros sont l'une des bouteilles en verre de 50ml de notre usine. Cette mini-bouteille en verre de 50 ml est carr\u00e9e. Vous pouvez utiliser ce flacon pour contenir n'importe quel liquide, tel qu'une boisson, une huile, un parfum ou d'autres liquides.<\/span><\/p>\n<p><span data-preserver-spaces=\"true\">Cette bouteille de liqueur en verre de 50ml avec bouchons de li\u00e8ge <\/span><span data-preserver-spaces=\"true\">est r\u00e9alis\u00e9<\/span><span data-preserver-spaces=\"true\"> en verre flint de haute qualit\u00e9, \u00e9galement connu sous le nom de verre blanc cristallin. Cette bouteille en verre est \u00e9vidente et tr\u00e8s solide. Le type de fermeture est un bouchon \u00e0 vis, et si n\u00e9cessaire, vous pouvez le changer.<\/span><\/p>\n<p><span data-preserver-spaces=\"true\">Nous pouvons fournir des services d'impression tels que la s\u00e9rigraphie et l'estampage \u00e0 chaud, etc. sur les petites bouteilles en verre. Nous pouvons \u00e9galement givrer la surface.<\/span><\/p>\n<p><span data-preserver-spaces=\"true\">La taille de ces bouteilles d'alcool vides \u00e0 vendre est de 130x70mm, et nous les emballons g\u00e9n\u00e9ralement en cartons de 30 pi\u00e8ces.<\/span><\/p>\n<h2><span data-preserver-spaces=\"true\">Le mode d'emballage de ces bouteilles de liqueur de 50 ml avec bouchons en gros<\/span><\/h2>\n<p><span data-preserver-spaces=\"true\">Il y a trois fa\u00e7ons d'utiliser ces mini-bouteilles de liqueur.<\/span><\/p>\n<p><span data-preserver-spaces=\"true\">La premi\u00e8re m\u00e9thode est l'emballage en carton. Cette m\u00e9thode d'emballage <\/span><span data-preserver-spaces=\"true\">est conforme<\/span><span data-preserver-spaces=\"true\"> avec les normes internationales d'emballage pour l'exportation. Le carton est emball\u00e9 avec des cloisons ondul\u00e9es.<\/span><\/p>\n<p><span data-preserver-spaces=\"true\">La deuxi\u00e8me m\u00e9thode est l'emballage sur palette. Cette palette n'est pas soumise \u00e0 la fumigation et sa taille standard est de 100 x 120 cm. Nous utilisons g\u00e9n\u00e9ralement du papier plastique pour emballer les bouteilles et les palettes. Cela permet de garantir la s\u00e9curit\u00e9 des bouteilles en verre pendant le transport.<\/span><\/p>\n<p><span data-preserver-spaces=\"true\">Le dernier moyen est l'emballage en carton et sur palette. C'est le moyen le plus s\u00fbr pour les bouteilles en verre. Le carton peut \u00eatre un carton d'exportation standard.<\/span><\/p>\n<p><span data-preserver-spaces=\"true\">En tant que fabricant de bouteilles en verre, nous disposons de milliers de moules pour bouteilles en verre sur notre site. L'un d'entre eux correspond peut-\u00eatre \u00e0 ce dont vous avez besoin. Si vous souhaitez fabriquer des bouteilles en verre sur mesure, nous pouvons \u00e9galement les concevoir et les fabriquer pour vous apr\u00e8s avoir re\u00e7u vos demandes.<\/span><\/p>\n<p><span data-preserver-spaces=\"true\">Nous pouvons \u00e9galement offrir <\/span><span data-preserver-spaces=\"true\">diff\u00e9rents<\/span><span data-preserver-spaces=\"true\"> des bouchons pour les mini-bouteilles d'alcool vides, <\/span><span data-preserver-spaces=\"true\">tels que<\/span><span data-preserver-spaces=\"true\"> bouchon de li\u00e8ge, bouchon \u00e0 vis, <\/span><span data-preserver-spaces=\"true\">guala<\/span><span data-preserver-spaces=\"true\"> capuchon, <\/span><span data-preserver-spaces=\"true\">et ainsi de suite<\/span><span data-preserver-spaces=\"true\">.<\/span><span data-preserver-spaces=\"true\">\u00a0 Si vous avez des questions sur les bouteilles en verre, n'h\u00e9sitez pas \u00e0 nous contacter.<\/span><\/p>","protected":false},"excerpt":{"rendered":"<table>\n<tbody>\n<tr>\n<th colspan=\"2\">Bouteilles de liqueur de 50ml en gros<\/th>\n<\/tr>\n<tr>\n<td>R\u00e9f\u00e9rence :<\/td>\n<td>RS106<\/td>\n<\/tr>\n<tr>\n<td>Mat\u00e9riau principal :<\/td>\n<td>Verre super silex (ce mat\u00e9riau est \u00e9galement appel\u00e9 verre blanc cristallin)<\/td>\n<\/tr>\n<tr>\n<td>Cap :<\/td>\n<td>Bouchon en li\u00e8ge\/couronne<\/td>\n<\/tr>\n<tr>\n<td>Capacit\u00e9 :<\/td>\n<td>50ml<\/td>\n<\/tr>\n<tr>\n<td>Fonctionnalit\u00e9 :<\/td>\n<td>Respect de l'environnement<\/td>\n<\/tr>\n<tr>\n<td>MOQ :<\/td>\n<td>10000 PCS<\/td>\n<\/tr>\n<tr>\n<td>Mode d'emballage :<\/td>\n<td>Carton standard pour l'exportation \/ Palette \/ carton standard pour l'exportation et palette<\/td>\n<\/tr>\n<tr>\n<td>OEM\/ODM :<\/td>\n<td>Bienvenue<\/td>\n<\/tr>\n<tr>\n<td>Origine du lieu :<\/td>\n<td>Shandong, Chine<\/td>\n<\/tr>\n<tr>\n<td>Pcs\/Ctn :<\/td>\n<td>24pcs ou selon la demande du client<\/td>\n<\/tr>\n<\/tbody>\n<\/table>","protected":false},"featured_media":4180,"comment_status":"closed","ping_status":"closed","template":"","meta":[],"product_cat":[48],"class_list":{"0":"post-4179","1":"product","2":"type-product","3":"status-publish","4":"has-post-thumbnail","6":"product_cat-50ml-mini-liquor-bottle-manufacturer","8":"first","9":"instock","10":"shipping-taxable","11":"product-type-simple"},"yoast_head":"<!-- This site is optimized with the Yoast SEO plugin v22.0 - https:\/\/yoast.com\/wordpress\/plugins\/seo\/ -->\n<title>50ml Liquor Bottles With Corks Wholesale | Mini Spirit Bottles Suppliers<\/title>\n<meta name=\"description\" content=\"Buy 50ml Liquor Bottles With Corks Wholesale From Mini Spirit Bottles Suppliers. Factory Outlet Price&amp;High Quality Assurance. Get Quote Here.\" \/>\n<meta name=\"robots\" content=\"index, follow, max-snippet:-1, max-image-preview:large, max-video-preview:-1\" \/>\n<link rel=\"canonical\" href=\"https:\/\/ruishengglassco.com\/fr\/produit\/rs106-grossiste-bouteilles-de-liqueur-50ml-avec-bouchons\" \/>\n<meta property=\"og:locale\" content=\"fr_FR\" \/>\n<meta property=\"og:type\" content=\"article\" \/>\n<meta property=\"og:title\" content=\"50ml Liquor Bottles With Corks Wholesale | Mini Spirit Bottles Suppliers\" \/>\n<meta property=\"og:description\" content=\"Buy 50ml Liquor Bottles With Corks Wholesale From Mini Spirit Bottles Suppliers. Factory Outlet Price&amp;High Quality Assurance. Get Quote Here.\" \/>\n<meta property=\"og:url\" content=\"https:\/\/ruishengglassco.com\/fr\/produit\/rs106-grossiste-bouteilles-de-liqueur-50ml-avec-bouchons\" \/>\n<meta property=\"article:publisher\" content=\"https:\/\/www.facebook.com\/ruishengglassbottles\" \/>\n<meta property=\"article:modified_time\" content=\"2025-09-11T08:00:58+00:00\" \/>\n<meta property=\"og:image\" content=\"https:\/\/ruishengglassco.com\/wp-content\/uploads\/2025\/03\/RS106-Wholesale-50ml-Liquor-Bottles-With-Corks.webp\" \/>\n\t<meta property=\"og:image:width\" content=\"800\" \/>\n\t<meta property=\"og:image:height\" content=\"800\" \/>\n\t<meta property=\"og:image:type\" content=\"image\/webp\" \/>\n<meta name=\"twitter:card\" content=\"summary_large_image\" \/>\n<meta name=\"twitter:label1\" content=\"Dur\u00e9e de lecture estim\u00e9e\" \/>\n\t<meta name=\"twitter:data1\" content=\"2 minutes\" \/>\n<script type=\"application\/ld+json\" class=\"yoast-schema-graph\">{\"@context\":\"https:\/\/schema.org\",\"@graph\":[{\"@type\":\"WebPage\",\"@id\":\"https:\/\/ruishengglassco.com\/product\/rs106-wholesale-50ml-liquor-bottles-with-corks\",\"url\":\"https:\/\/ruishengglassco.com\/product\/rs106-wholesale-50ml-liquor-bottles-with-corks\",\"name\":\"50ml Liquor Bottles With Corks Wholesale | Mini Spirit Bottles Suppliers\",\"isPartOf\":{\"@id\":\"https:\/\/ruishengglassco.com\/#website\"},\"datePublished\":\"2025-03-14T16:25:45+00:00\",\"dateModified\":\"2025-09-11T08:00:58+00:00\",\"description\":\"Buy 50ml Liquor Bottles With Corks Wholesale From Mini Spirit Bottles Suppliers. Factory Outlet Price&High Quality Assurance. Get Quote Here.\",\"breadcrumb\":{\"@id\":\"https:\/\/ruishengglassco.com\/product\/rs106-wholesale-50ml-liquor-bottles-with-corks#breadcrumb\"},\"inLanguage\":\"fr-FR\",\"potentialAction\":[{\"@type\":\"ReadAction\",\"target\":[\"https:\/\/ruishengglassco.com\/product\/rs106-wholesale-50ml-liquor-bottles-with-corks\"]}]},{\"@type\":\"BreadcrumbList\",\"@id\":\"https:\/\/ruishengglassco.com\/product\/rs106-wholesale-50ml-liquor-bottles-with-corks#breadcrumb\",\"itemListElement\":[{\"@type\":\"ListItem\",\"position\":1,\"name\":\"Home\",\"item\":\"https:\/\/ruishengglassco.com\/\"},{\"@type\":\"ListItem\",\"position\":2,\"name\":\"Products\",\"item\":\"https:\/\/ruishengglassco.com\/products\"},{\"@type\":\"ListItem\",\"position\":3,\"name\":\"RS106: Wholesale 50ml Liquor Bottles With Corks\"}]},{\"@type\":\"WebSite\",\"@id\":\"https:\/\/ruishengglassco.com\/#website\",\"url\":\"https:\/\/ruishengglassco.com\/\",\"name\":\"Ruisheng Glass\",\"description\":\"\",\"publisher\":{\"@id\":\"https:\/\/ruishengglassco.com\/#organization\"},\"potentialAction\":[{\"@type\":\"SearchAction\",\"target\":{\"@type\":\"EntryPoint\",\"urlTemplate\":\"https:\/\/ruishengglassco.com\/?s={search_term_string}\"},\"query-input\":\"required name=search_term_string\"}],\"inLanguage\":\"fr-FR\"},{\"@type\":\"Organization\",\"@id\":\"https:\/\/ruishengglassco.com\/#organization\",\"name\":\"Shandong Yuncheng Ruisheng Glass Co., Ltd\",\"url\":\"https:\/\/ruishengglassco.com\/\",\"logo\":{\"@type\":\"ImageObject\",\"inLanguage\":\"fr-FR\",\"@id\":\"https:\/\/ruishengglassco.com\/#\/schema\/logo\/image\/\",\"url\":\"https:\/\/ruishengglassco.com\/wp-content\/uploads\/2023\/09\/ruisheng_logo_icon.webp\",\"contentUrl\":\"https:\/\/ruishengglassco.com\/wp-content\/uploads\/2023\/09\/ruisheng_logo_icon.webp\",\"width\":400,\"height\":233,\"caption\":\"Shandong Yuncheng Ruisheng Glass Co., Ltd\"},\"image\":{\"@id\":\"https:\/\/ruishengglassco.com\/#\/schema\/logo\/image\/\"},\"sameAs\":[\"https:\/\/www.facebook.com\/ruishengglassbottles\",\"https:\/\/www.instagram.com\/Ruishengglassbottlewholesales\/\",\"https:\/\/www.youtube.com\/channel\/UCMmbMNGwsL-XrtjfSFLCdVQ\"]}]}<\/script>\n<!-- \/ Yoast SEO plugin. -->","yoast_head_json":{"title":"50ml Liquor Bottles With Corks Wholesale | Mini Spirit Bottles Suppliers","description":"Buy 50ml Liquor Bottles With Corks Wholesale From Mini Spirit Bottles Suppliers. Factory Outlet Price&High Quality Assurance. Get Quote Here.","robots":{"index":"index","follow":"follow","max-snippet":"max-snippet:-1","max-image-preview":"max-image-preview:large","max-video-preview":"max-video-preview:-1"},"canonical":"https:\/\/ruishengglassco.com\/fr\/produit\/rs106-grossiste-bouteilles-de-liqueur-50ml-avec-bouchons","og_locale":"fr_FR","og_type":"article","og_title":"50ml Liquor Bottles With Corks Wholesale | Mini Spirit Bottles Suppliers","og_description":"Buy 50ml Liquor Bottles With Corks Wholesale From Mini Spirit Bottles Suppliers. Factory Outlet Price&High Quality Assurance. Get Quote Here.","og_url":"https:\/\/ruishengglassco.com\/fr\/produit\/rs106-grossiste-bouteilles-de-liqueur-50ml-avec-bouchons","article_publisher":"https:\/\/www.facebook.com\/ruishengglassbottles","article_modified_time":"2025-09-11T08:00:58+00:00","og_image":[{"width":800,"height":800,"url":"https:\/\/ruishengglassco.com\/wp-content\/uploads\/2025\/03\/RS106-Wholesale-50ml-Liquor-Bottles-With-Corks.webp","type":"image\/webp"}],"twitter_card":"summary_large_image","twitter_misc":{"Dur\u00e9e de lecture estim\u00e9e":"2 minutes"},"schema":{"@context":"https:\/\/schema.org","@graph":[{"@type":"WebPage","@id":"https:\/\/ruishengglassco.com\/product\/rs106-wholesale-50ml-liquor-bottles-with-corks","url":"https:\/\/ruishengglassco.com\/product\/rs106-wholesale-50ml-liquor-bottles-with-corks","name":"50ml Liquor Bottles With Corks Wholesale | Mini Spirit Bottles Suppliers","isPartOf":{"@id":"https:\/\/ruishengglassco.com\/#website"},"datePublished":"2025-03-14T16:25:45+00:00","dateModified":"2025-09-11T08:00:58+00:00","description":"Buy 50ml Liquor Bottles With Corks Wholesale From Mini Spirit Bottles Suppliers. Factory Outlet Price&High Quality Assurance. Get Quote Here.","breadcrumb":{"@id":"https:\/\/ruishengglassco.com\/product\/rs106-wholesale-50ml-liquor-bottles-with-corks#breadcrumb"},"inLanguage":"fr-FR","potentialAction":[{"@type":"ReadAction","target":["https:\/\/ruishengglassco.com\/product\/rs106-wholesale-50ml-liquor-bottles-with-corks"]}]},{"@type":"BreadcrumbList","@id":"https:\/\/ruishengglassco.com\/product\/rs106-wholesale-50ml-liquor-bottles-with-corks#breadcrumb","itemListElement":[{"@type":"ListItem","position":1,"name":"Home","item":"https:\/\/ruishengglassco.com\/"},{"@type":"ListItem","position":2,"name":"Products","item":"https:\/\/ruishengglassco.com\/products"},{"@type":"ListItem","position":3,"name":"RS106: Wholesale 50ml Liquor Bottles With Corks"}]},{"@type":"WebSite","@id":"https:\/\/ruishengglassco.com\/#website","url":"https:\/\/ruishengglassco.com\/","name":"Ruisheng Glass","description":"","publisher":{"@id":"https:\/\/ruishengglassco.com\/#organization"},"potentialAction":[{"@type":"SearchAction","target":{"@type":"EntryPoint","urlTemplate":"https:\/\/ruishengglassco.com\/?s={search_term_string}"},"query-input":"required name=search_term_string"}],"inLanguage":"fr-FR"},{"@type":"Organization","@id":"https:\/\/ruishengglassco.com\/#organization","name":"Shandong Yuncheng Ruisheng Glass Co., Ltd","url":"https:\/\/ruishengglassco.com\/","logo":{"@type":"ImageObject","inLanguage":"fr-FR","@id":"https:\/\/ruishengglassco.com\/#\/schema\/logo\/image\/","url":"https:\/\/ruishengglassco.com\/wp-content\/uploads\/2023\/09\/ruisheng_logo_icon.webp","contentUrl":"https:\/\/ruishengglassco.com\/wp-content\/uploads\/2023\/09\/ruisheng_logo_icon.webp","width":400,"height":233,"caption":"Shandong Yuncheng Ruisheng Glass Co., Ltd"},"image":{"@id":"https:\/\/ruishengglassco.com\/#\/schema\/logo\/image\/"},"sameAs":["https:\/\/www.facebook.com\/ruishengglassbottles","https:\/\/www.instagram.com\/Ruishengglassbottlewholesales\/","https:\/\/www.youtube.com\/channel\/UCMmbMNGwsL-XrtjfSFLCdVQ"]}]}},"_links":{"self":[{"href":"https:\/\/ruishengglassco.com\/fr\/wp-json\/wp\/v2\/product\/4179","targetHints":{"allow":["GET"]}}],"collection":[{"href":"https:\/\/ruishengglassco.com\/fr\/wp-json\/wp\/v2\/product"}],"about":[{"href":"https:\/\/ruishengglassco.com\/fr\/wp-json\/wp\/v2\/types\/product"}],"replies":[{"embeddable":true,"href":"https:\/\/ruishengglassco.com\/fr\/wp-json\/wp\/v2\/comments?post=4179"}],"wp:featuredmedia":[{"embeddable":true,"href":"https:\/\/ruishengglassco.com\/fr\/wp-json\/wp\/v2\/media\/4180"}],"wp:attachment":[{"href":"https:\/\/ruishengglassco.com\/fr\/wp-json\/wp\/v2\/media?parent=4179"}],"wp:term":[{"taxonomy":"product_cat","embeddable":true,"href":"https:\/\/ruishengglassco.com\/fr\/wp-json\/wp\/v2\/product_cat?post=4179"}],"curies":[{"name":"wp","href":"https:\/\/api.w.org\/{rel}","templated":true}]}}