{"id":4177,"date":"2025-03-15T00:23:46","date_gmt":"2025-03-14T16:23:46","guid":{"rendered":"https:\/\/ruishengglassco.com\/?post_type=product&#038;p=4177"},"modified":"2025-07-16T15:33:40","modified_gmt":"2025-07-16T07:33:40","slug":"rs107-bouteilles-en-verre-en-vrac-avec-couvercles-fabricants","status":"publish","type":"product","link":"https:\/\/ruishengglassco.com\/fr\/produit\/rs107-bouteilles-en-verre-en-vrac-avec-couvercles-fabricants","title":{"rendered":"RS107 : Fabricants de bouteilles en verre en vrac avec couvercles"},"content":{"rendered":"<p>Voulez-vous vendre des bouteilles d'alcool vides en gros ? Ruisheng, l'un des principaux fabricants de bouteilles en verre bouch\u00e9es, propose une gamme de bouteilles en verre avec couvercle en gros. Elle propose des bouteilles en verre rondes, des bouteilles en verre carr\u00e9es et des bouteilles de forme personnalis\u00e9e. Elle propose \u00e9galement des bouteilles bouch\u00e9es sp\u00e9ciales pour les spiritueux, notamment le whisky, le brandy, le rhum et la vodka.<\/p>\n<p>Faites plier les clients en choisissant une petite bouteille en verre ou une grande bouteille en verre en gros. Les tailles disponibles vont de 50 ml \u00e0 1 500 ml. Les commandes personnalis\u00e9es peuvent \u00eatre accept\u00e9es.  La plupart des bouteilles en verre \u00e0 vendre sont fabriqu\u00e9es \u00e0 partir d'un mat\u00e9riau en verre tr\u00e8s fluide qui rend le corps de la bouteille de liqueur plus solide et plus beau. Nous garantissons que toutes les bouteilles en verre transparent avec bouchon sont non toxiques, 100% recyclables, r\u00e9utilisables et sans danger pour l'environnement.<\/p>\n<p>Cette bouteille en verre de 750ml a une forme unique ; le haut est large, le bas est fin et il y a un motif sur le c\u00f4t\u00e9. Nous pouvons \u00e9galement personnaliser les bouteilles selon les dessins que vous nous avez fournis ; nous pouvons fabriquer toutes les bouteilles que vous souhaitez.<\/p>\n<h2>Les informations sur les bouteilles de liqueur vides en vrac \u00e0 vendre :<\/h2>\n<ul>\n<li>Mat\u00e9riau principal : verre \u00e0 haute teneur en silex<\/li>\n<li>Bouchon : bouchon \u00e0 vis<\/li>\n<li>R\u00e9f\u00e9rence : RS107<\/li>\n<li>MOQ : 10000 PCS<\/li>\n<li>Capacit\u00e9 : 700ml 750ml<\/li>\n<li>Pcs\/Ctn : 24pcs<\/li>\n<li>Origine du lieu : Shandong, Chine<\/li>\n<li>Caract\u00e9ristique : Respectueux de l'environnement<\/li>\n<\/ul>\n<p>Ruisheng fabrique depuis longtemps des bouteilles en verre de 700 ml. Notre \u00e9quipe est tr\u00e8s exp\u00e9riment\u00e9e et nous sommes convaincus de pouvoir cr\u00e9er un produit que vous aimerez. Les bouteilles en verre transparent de Ruisheng sont populaires en Europe, aux \u00c9tats-Unis, en Australie, etc. Tous les produits sont r\u00e9put\u00e9s pour leur innovation et leur fonctionnalit\u00e9.<\/p>\n<p>Ruisheng Glass Bottle a maintenant agrandi son site et introduit des machines de pointe, ce qui lui permet d'atteindre une vitesse de production nettement plus \u00e9lev\u00e9e qu'auparavant. Nous produirons donc de bonnes bouteilles \u00e0 la date fix\u00e9e et nous vous livrerons les marchandises.<\/p>\n<p>Si vous souhaitez acheter des bouteilles d'alcool vides en vrac, n'h\u00e9sitez pas \u00e0 nous contacter. Nous vous r\u00e9pondrons dans les 24 heures.<br \/>J'esp\u00e8re que vous pourrez passer commande.<\/p>","protected":false},"excerpt":{"rendered":"<table class=\"tg\">\n<tbody>\n<tr>\n<th class=\"tg-24i8\" colspan=\"2\">Bouteilles en verre de 700 ml et bouteilles en verre transparent de 750 ml<\/th>\n<\/tr>\n<tr>\n<td class=\"tg-b7b8\">Mat\u00e9riau principal :<\/td>\n<td class=\"tg-b7b8\">Verre \u00e0 haute teneur en silex<\/td>\n<\/tr>\n<tr>\n<td class=\"tg-yw4l\">Cap :<\/td>\n<td class=\"tg-yw4l\">Bouchon \u00e0 vis<\/td>\n<\/tr>\n<tr>\n<td class=\"tg-b7b8\">Capacit\u00e9 :<\/td>\n<td class=\"tg-b7b8\">700ml 750ml<\/td>\n<\/tr>\n<tr>\n<td class=\"tg-yw4l\">Fonctionnalit\u00e9 :<\/td>\n<td class=\"tg-yw4l\">Respect de l'environnement<\/td>\n<\/tr>\n<tr>\n<td class=\"tg-b7b8\">MOQ :<\/td>\n<td class=\"tg-b7b8\">10000 PCS<\/td>\n<\/tr>\n<tr>\n<td class=\"tg-yw4l\">Origine du lieu :<\/td>\n<td class=\"tg-yw4l\">Shandong, Chine<\/td>\n<\/tr>\n<tr>\n<td class=\"tg-b7b8\">Pcs\/Ctn :<\/td>\n<td class=\"tg-b7b8\">24pcs<\/td>\n<\/tr>\n<tr>\n<td class=\"tg-yw4l\">R\u00e9f\u00e9rence :<\/td>\n<td class=\"tg-yw4l\">RS107<\/td>\n<\/tr>\n<tr>\n<td class=\"tg-b7b8\">Mode d'exp\u00e9dition :<\/td>\n<td class=\"tg-b7b8\">Exp\u00e9dier, Express<\/td>\n<\/tr>\n<tr>\n<td class=\"tg-yw4l\">OEM\/ODM :<\/td>\n<td class=\"tg-yw4l\">Tous<\/td>\n<\/tr>\n<\/tbody>\n<\/table>","protected":false},"featured_media":4178,"comment_status":"closed","ping_status":"closed","template":"","meta":[],"product_cat":[44,40],"class_list":{"0":"post-4177","1":"product","2":"type-product","3":"status-publish","4":"has-post-thumbnail","6":"product_cat-700ml-liquor-bottle-manufacturer","7":"product_cat-750ml-liquor-bottle-manufacturer","9":"first","10":"instock","11":"shipping-taxable","12":"product-type-simple"},"yoast_head":"<!-- This site is optimized with the Yoast SEO plugin v22.0 - https:\/\/yoast.com\/wordpress\/plugins\/seo\/ -->\n<title>Bulk Empty Liquor Bottles For Sale | Glass Bottles With Lids<\/title>\n<meta name=\"description\" content=\"Do you want to bulk empty liquor ottles for sale? Click here to wholesale glass bottles with lids for spirit. Factory Outlet Price&amp;Free Sample.\" \/>\n<meta name=\"robots\" content=\"index, follow, max-snippet:-1, max-image-preview:large, max-video-preview:-1\" \/>\n<link rel=\"canonical\" href=\"https:\/\/ruishengglassco.com\/fr\/produit\/rs107-bouteilles-en-verre-en-vrac-avec-couvercles-fabricants\" \/>\n<meta property=\"og:locale\" content=\"fr_FR\" \/>\n<meta property=\"og:type\" content=\"article\" \/>\n<meta property=\"og:title\" content=\"Bulk Empty Liquor Bottles For Sale | Glass Bottles With Lids\" \/>\n<meta property=\"og:description\" content=\"Do you want to bulk empty liquor ottles for sale? Click here to wholesale glass bottles with lids for spirit. Factory Outlet Price&amp;Free Sample.\" \/>\n<meta property=\"og:url\" content=\"https:\/\/ruishengglassco.com\/fr\/produit\/rs107-bouteilles-en-verre-en-vrac-avec-couvercles-fabricants\" \/>\n<meta property=\"article:publisher\" content=\"https:\/\/www.facebook.com\/ruishengglassbottles\" \/>\n<meta property=\"article:modified_time\" content=\"2025-07-16T07:33:40+00:00\" \/>\n<meta property=\"og:image\" content=\"https:\/\/ruishengglassco.com\/wp-content\/uploads\/2025\/03\/RS107-Bulk-Glass-Bottles-With-Lids-Wholesale.webp\" \/>\n\t<meta property=\"og:image:width\" content=\"800\" \/>\n\t<meta property=\"og:image:height\" content=\"800\" \/>\n\t<meta property=\"og:image:type\" content=\"image\/webp\" \/>\n<meta name=\"twitter:card\" content=\"summary_large_image\" \/>\n<meta name=\"twitter:label1\" content=\"Dur\u00e9e de lecture estim\u00e9e\" \/>\n\t<meta name=\"twitter:data1\" content=\"2 minutes\" \/>\n<script type=\"application\/ld+json\" class=\"yoast-schema-graph\">{\"@context\":\"https:\/\/schema.org\",\"@graph\":[{\"@type\":\"WebPage\",\"@id\":\"https:\/\/ruishengglassco.com\/product\/rs107-bulk-glass-bottles-with-lids-manufacturers\",\"url\":\"https:\/\/ruishengglassco.com\/product\/rs107-bulk-glass-bottles-with-lids-manufacturers\",\"name\":\"Bulk Empty Liquor Bottles For Sale | Glass Bottles With Lids\",\"isPartOf\":{\"@id\":\"https:\/\/ruishengglassco.com\/#website\"},\"datePublished\":\"2025-03-14T16:23:46+00:00\",\"dateModified\":\"2025-07-16T07:33:40+00:00\",\"description\":\"Do you want to bulk empty liquor ottles for sale? Click here to wholesale glass bottles with lids for spirit. Factory Outlet Price&Free Sample.\",\"breadcrumb\":{\"@id\":\"https:\/\/ruishengglassco.com\/product\/rs107-bulk-glass-bottles-with-lids-manufacturers#breadcrumb\"},\"inLanguage\":\"fr-FR\",\"potentialAction\":[{\"@type\":\"ReadAction\",\"target\":[\"https:\/\/ruishengglassco.com\/product\/rs107-bulk-glass-bottles-with-lids-manufacturers\"]}]},{\"@type\":\"BreadcrumbList\",\"@id\":\"https:\/\/ruishengglassco.com\/product\/rs107-bulk-glass-bottles-with-lids-manufacturers#breadcrumb\",\"itemListElement\":[{\"@type\":\"ListItem\",\"position\":1,\"name\":\"Home\",\"item\":\"https:\/\/ruishengglassco.com\/\"},{\"@type\":\"ListItem\",\"position\":2,\"name\":\"Products\",\"item\":\"https:\/\/ruishengglassco.com\/products\"},{\"@type\":\"ListItem\",\"position\":3,\"name\":\"RS107: Bulk Glass Bottles With Lids Manufacturers\"}]},{\"@type\":\"WebSite\",\"@id\":\"https:\/\/ruishengglassco.com\/#website\",\"url\":\"https:\/\/ruishengglassco.com\/\",\"name\":\"Ruisheng Glass\",\"description\":\"\",\"publisher\":{\"@id\":\"https:\/\/ruishengglassco.com\/#organization\"},\"potentialAction\":[{\"@type\":\"SearchAction\",\"target\":{\"@type\":\"EntryPoint\",\"urlTemplate\":\"https:\/\/ruishengglassco.com\/?s={search_term_string}\"},\"query-input\":\"required name=search_term_string\"}],\"inLanguage\":\"fr-FR\"},{\"@type\":\"Organization\",\"@id\":\"https:\/\/ruishengglassco.com\/#organization\",\"name\":\"Shandong Yuncheng Ruisheng Glass Co., Ltd\",\"url\":\"https:\/\/ruishengglassco.com\/\",\"logo\":{\"@type\":\"ImageObject\",\"inLanguage\":\"fr-FR\",\"@id\":\"https:\/\/ruishengglassco.com\/#\/schema\/logo\/image\/\",\"url\":\"https:\/\/ruishengglassco.com\/wp-content\/uploads\/2023\/09\/ruisheng_logo_icon.webp\",\"contentUrl\":\"https:\/\/ruishengglassco.com\/wp-content\/uploads\/2023\/09\/ruisheng_logo_icon.webp\",\"width\":400,\"height\":233,\"caption\":\"Shandong Yuncheng Ruisheng Glass Co., Ltd\"},\"image\":{\"@id\":\"https:\/\/ruishengglassco.com\/#\/schema\/logo\/image\/\"},\"sameAs\":[\"https:\/\/www.facebook.com\/ruishengglassbottles\",\"https:\/\/www.instagram.com\/Ruishengglassbottlewholesales\/\",\"https:\/\/www.youtube.com\/channel\/UCMmbMNGwsL-XrtjfSFLCdVQ\"]}]}<\/script>\n<!-- \/ Yoast SEO plugin. -->","yoast_head_json":{"title":"Bulk Empty Liquor Bottles For Sale | Glass Bottles With Lids","description":"Do you want to bulk empty liquor ottles for sale? Click here to wholesale glass bottles with lids for spirit. Factory Outlet Price&Free Sample.","robots":{"index":"index","follow":"follow","max-snippet":"max-snippet:-1","max-image-preview":"max-image-preview:large","max-video-preview":"max-video-preview:-1"},"canonical":"https:\/\/ruishengglassco.com\/fr\/produit\/rs107-bouteilles-en-verre-en-vrac-avec-couvercles-fabricants","og_locale":"fr_FR","og_type":"article","og_title":"Bulk Empty Liquor Bottles For Sale | Glass Bottles With Lids","og_description":"Do you want to bulk empty liquor ottles for sale? Click here to wholesale glass bottles with lids for spirit. Factory Outlet Price&Free Sample.","og_url":"https:\/\/ruishengglassco.com\/fr\/produit\/rs107-bouteilles-en-verre-en-vrac-avec-couvercles-fabricants","article_publisher":"https:\/\/www.facebook.com\/ruishengglassbottles","article_modified_time":"2025-07-16T07:33:40+00:00","og_image":[{"width":800,"height":800,"url":"https:\/\/ruishengglassco.com\/wp-content\/uploads\/2025\/03\/RS107-Bulk-Glass-Bottles-With-Lids-Wholesale.webp","type":"image\/webp"}],"twitter_card":"summary_large_image","twitter_misc":{"Dur\u00e9e de lecture estim\u00e9e":"2 minutes"},"schema":{"@context":"https:\/\/schema.org","@graph":[{"@type":"WebPage","@id":"https:\/\/ruishengglassco.com\/product\/rs107-bulk-glass-bottles-with-lids-manufacturers","url":"https:\/\/ruishengglassco.com\/product\/rs107-bulk-glass-bottles-with-lids-manufacturers","name":"Bulk Empty Liquor Bottles For Sale | Glass Bottles With Lids","isPartOf":{"@id":"https:\/\/ruishengglassco.com\/#website"},"datePublished":"2025-03-14T16:23:46+00:00","dateModified":"2025-07-16T07:33:40+00:00","description":"Do you want to bulk empty liquor ottles for sale? Click here to wholesale glass bottles with lids for spirit. Factory Outlet Price&Free Sample.","breadcrumb":{"@id":"https:\/\/ruishengglassco.com\/product\/rs107-bulk-glass-bottles-with-lids-manufacturers#breadcrumb"},"inLanguage":"fr-FR","potentialAction":[{"@type":"ReadAction","target":["https:\/\/ruishengglassco.com\/product\/rs107-bulk-glass-bottles-with-lids-manufacturers"]}]},{"@type":"BreadcrumbList","@id":"https:\/\/ruishengglassco.com\/product\/rs107-bulk-glass-bottles-with-lids-manufacturers#breadcrumb","itemListElement":[{"@type":"ListItem","position":1,"name":"Home","item":"https:\/\/ruishengglassco.com\/"},{"@type":"ListItem","position":2,"name":"Products","item":"https:\/\/ruishengglassco.com\/products"},{"@type":"ListItem","position":3,"name":"RS107: Bulk Glass Bottles With Lids Manufacturers"}]},{"@type":"WebSite","@id":"https:\/\/ruishengglassco.com\/#website","url":"https:\/\/ruishengglassco.com\/","name":"Ruisheng Glass","description":"","publisher":{"@id":"https:\/\/ruishengglassco.com\/#organization"},"potentialAction":[{"@type":"SearchAction","target":{"@type":"EntryPoint","urlTemplate":"https:\/\/ruishengglassco.com\/?s={search_term_string}"},"query-input":"required name=search_term_string"}],"inLanguage":"fr-FR"},{"@type":"Organization","@id":"https:\/\/ruishengglassco.com\/#organization","name":"Shandong Yuncheng Ruisheng Glass Co., Ltd","url":"https:\/\/ruishengglassco.com\/","logo":{"@type":"ImageObject","inLanguage":"fr-FR","@id":"https:\/\/ruishengglassco.com\/#\/schema\/logo\/image\/","url":"https:\/\/ruishengglassco.com\/wp-content\/uploads\/2023\/09\/ruisheng_logo_icon.webp","contentUrl":"https:\/\/ruishengglassco.com\/wp-content\/uploads\/2023\/09\/ruisheng_logo_icon.webp","width":400,"height":233,"caption":"Shandong Yuncheng Ruisheng Glass Co., Ltd"},"image":{"@id":"https:\/\/ruishengglassco.com\/#\/schema\/logo\/image\/"},"sameAs":["https:\/\/www.facebook.com\/ruishengglassbottles","https:\/\/www.instagram.com\/Ruishengglassbottlewholesales\/","https:\/\/www.youtube.com\/channel\/UCMmbMNGwsL-XrtjfSFLCdVQ"]}]}},"_links":{"self":[{"href":"https:\/\/ruishengglassco.com\/fr\/wp-json\/wp\/v2\/product\/4177","targetHints":{"allow":["GET"]}}],"collection":[{"href":"https:\/\/ruishengglassco.com\/fr\/wp-json\/wp\/v2\/product"}],"about":[{"href":"https:\/\/ruishengglassco.com\/fr\/wp-json\/wp\/v2\/types\/product"}],"replies":[{"embeddable":true,"href":"https:\/\/ruishengglassco.com\/fr\/wp-json\/wp\/v2\/comments?post=4177"}],"wp:featuredmedia":[{"embeddable":true,"href":"https:\/\/ruishengglassco.com\/fr\/wp-json\/wp\/v2\/media\/4178"}],"wp:attachment":[{"href":"https:\/\/ruishengglassco.com\/fr\/wp-json\/wp\/v2\/media?parent=4177"}],"wp:term":[{"taxonomy":"product_cat","embeddable":true,"href":"https:\/\/ruishengglassco.com\/fr\/wp-json\/wp\/v2\/product_cat?post=4177"}],"curies":[{"name":"wp","href":"https:\/\/api.w.org\/{rel}","templated":true}]}}