{"id":4173,"date":"2025-03-15T00:19:29","date_gmt":"2025-03-14T16:19:29","guid":{"rendered":"https:\/\/ruishengglassco.com\/?post_type=product&#038;p=4173"},"modified":"2025-07-16T15:28:37","modified_gmt":"2025-07-16T07:28:37","slug":"rs109700ml-1000ml-bouteille-de-liqueur-en-verre-fournisseurs","status":"publish","type":"product","link":"https:\/\/ruishengglassco.com\/fr\/produit\/rs109700ml-1000ml-bouteille-de-liqueur-en-verre-fournisseurs","title":{"rendered":"RS109:700ml 1000ml Bouteille de liqueur en verre Fournisseurs"},"content":{"rendered":"<div class=\"\" data-block=\"true\" data-editor=\"fjt74\" data-offset-key=\"de3pj-0-0\">\n<div class=\"public-DraftStyleDefault-block public-DraftStyleDefault-ltr\" data-offset-key=\"de3pj-0-0\">\n<p><span data-preserver-spaces=\"true\">Shandong Yuncheng Ruisheng Glass Co, <\/span><span data-preserver-spaces=\"true\">Ltd<\/span><span data-preserver-spaces=\"true\"> est l'un des verres \u00e0 alcool <\/span><span data-preserver-spaces=\"true\">fournisseurs de bouteilles<\/span><span data-preserver-spaces=\"true\">, <\/span><strong><em><span data-preserver-spaces=\"true\">bouteilles de liqueur en gros<\/span><\/em><\/strong><span data-preserver-spaces=\"true\"> 700ml<\/span><span data-preserver-spaces=\"true\">, 750ml,<\/span><span data-preserver-spaces=\"true\"> 1000ml, <\/span><span data-preserver-spaces=\"true\">et<\/span><span data-preserver-spaces=\"true\"> beaucoup d'autres <\/span><span data-preserver-spaces=\"true\">bouteilles en verre de grande capacit\u00e9<\/span><span data-preserver-spaces=\"true\"> pour les boissons alcoolis\u00e9es.<\/span><span data-preserver-spaces=\"true\">\u00a0 Dans notre usine, nous produisons une vari\u00e9t\u00e9 de liquides<\/span><span data-preserver-spaces=\"true\"> les bouteilles en verre, y compris les bouteilles de vodka et de brandy, <\/span><span data-preserver-spaces=\"true\">bouteilles de gin, etc. Nous produisons non seulement des bouteilles en verre de qualit\u00e9 sup\u00e9rieure, mais aussi des bouteilles en verre de qualit\u00e9 moyenne.<\/span><\/p>\n<p><span data-preserver-spaces=\"true\">\u00a0<\/span><\/p>\n<p><span data-preserver-spaces=\"true\">Ici, vous verrez une s\u00e9rie de bouteilles rondes en verre <\/span><span data-preserver-spaces=\"true\">par exemple 500ml<\/span><span data-preserver-spaces=\"true\">, <\/span><span data-preserver-spaces=\"true\">700ml, 750ml, et<\/span><span data-preserver-spaces=\"true\"> 1000ml.<\/span> <span data-preserver-spaces=\"true\">Nous pouvons proposer des bouteilles en verre nu, des bouteilles en verre d\u00e9poli et des bouteilles en acier inoxydable.<\/span> <span data-preserver-spaces=\"true\">bouteilles en verre peintes<\/span><span data-preserver-spaces=\"true\">; c'est selon<\/span><span data-preserver-spaces=\"true\"> \u00e0 votre <\/span><span data-preserver-spaces=\"true\">exigences<\/span><span data-preserver-spaces=\"true\">.<\/span><span data-preserver-spaces=\"true\"> Si vous avez besoin d'un logo, nous pouvons \u00e9galement cr\u00e9er un logo en s\u00e9rigraphie, un logo en d\u00e9calcomanie ou un logo en papier.<\/span> <span data-preserver-spaces=\"true\">Marquage \u00e0 chaud et embossage du logo sur les bouteilles.<\/span><\/p>\n<p><span data-preserver-spaces=\"true\">\u00a0<\/span><\/p>\n<p><span data-preserver-spaces=\"true\">Cette bouteille de liqueur en verre est finie avec du li\u00e8ge ; nous utilisons g\u00e9n\u00e9ralement du li\u00e8ge \u00e0 haute teneur en polym\u00e8re, du li\u00e8ge complexe, du li\u00e8ge en bois et d'autres types de li\u00e8ge. <\/span><span data-preserver-spaces=\"true\">Nos bouteilles en verre de 1000ml <\/span><span data-preserver-spaces=\"true\">\u00e9galement<\/span><span data-preserver-spaces=\"true\"> peuvent changer leur costume de bouche <\/span><span data-preserver-spaces=\"true\">pour les<\/span><span data-preserver-spaces=\"true\"> bouchon \u00e0 vis.<\/span> <span data-preserver-spaces=\"true\">Et \u00e0 propos de<\/span><span data-preserver-spaces=\"true\"> le bouchon \u00e0 vis, nous <\/span><span data-preserver-spaces=\"true\">peut<\/span><span data-preserver-spaces=\"true\"> offrent un bouchon \u00e0 vis court, un bouchon \u00e0 vis moyen et un bouchon \u00e0 vis long.<\/span><\/p>\n<p><span data-preserver-spaces=\"true\">\u00a0<\/span><\/p>\n<p><span data-preserver-spaces=\"true\">Nous disposons d'une s\u00e9rie de syst\u00e8mes de gestion de la qualit\u00e9 tr\u00e8s stricts pour ces bouteilles en verre. <\/span><span data-preserver-spaces=\"true\">Toutes les bouteilles en verre seront <\/span><span data-preserver-spaces=\"true\">\u00eatre envoy\u00e9<\/span><span data-preserver-spaces=\"true\"> de notre bureau avant de passer le test de contr\u00f4le de qualit\u00e9. Tous nos produits jouissent d'une excellente r\u00e9putation en mati\u00e8re d'innovation et de fonctionnalit\u00e9 aupr\u00e8s des clients du monde entier.<\/span><\/p>\n<p><span data-preserver-spaces=\"true\">\u00a0<\/span><\/p>\n<p><span data-preserver-spaces=\"true\">Nous acceptons les commandes OEM ou ODM. <\/span><span data-preserver-spaces=\"true\">Si vous <\/span><span data-preserver-spaces=\"true\">vouloir<\/span><span data-preserver-spaces=\"true\"> \u00e0 <\/span><span data-preserver-spaces=\"true\">faire<\/span><span data-preserver-spaces=\"true\"> bouteilles en verre personnalis\u00e9es, nous pouvons \u00e9galement <\/span><span data-preserver-spaces=\"true\">faire<\/span><span data-preserver-spaces=\"true\"> pour vous.<\/span><span data-preserver-spaces=\"true\"> Il vous suffit de proposer des photos ou des \u00e9chantillons.<\/span><\/p>\n<\/div>\n<\/div>\n<h2 class=\"public-DraftStyleDefault-block public-DraftStyleDefault-ltr\" data-offset-key=\"8ln21-0-0\"><span data-offset-key=\"8ln21-0-0\">Les d\u00e9tails de la vente en gros de bouteilles de liqueur<\/span><\/h2>\n<div class=\"\" data-block=\"true\" data-editor=\"fjt74\" data-offset-key=\"a9lcl-0-0\">\n<div class=\"public-DraftStyleDefault-block public-DraftStyleDefault-ltr\" data-offset-key=\"a9lcl-0-0\"><span data-offset-key=\"a9lcl-0-0\">\u00a0<\/span><\/div>\n<\/div>\n<ul>\n<li class=\"public-DraftStyleDefault-block public-DraftStyleDefault-ltr\" data-offset-key=\"36vqo-0-0\"><span data-offset-key=\"36vqo-0-0\">Mat\u00e9riau principal : verre \u00e0 haute teneur en silex<\/span><span data-offset-key=\"fu6iu-0-0\"><br data-text=\"true\" \/><\/span><\/li>\n<li class=\"public-DraftStyleDefault-block public-DraftStyleDefault-ltr\" data-offset-key=\"5mmf-0-0\"><span data-offset-key=\"5mmf-0-0\">Cap : Li\u00e8ge<\/span><\/li>\n<li data-block=\"true\" data-editor=\"fjt74\" data-offset-key=\"9fcta-0-0\"><span data-offset-key=\"80bg6-0-0\">R\u00e9f\u00e9rence : RS109<\/span><\/li>\n<li data-block=\"true\" data-editor=\"fjt74\" data-offset-key=\"asnef-0-0\"><span data-offset-key=\"5l13k-0-0\">MOQ : 10000 PCS<\/span><\/li>\n<li data-block=\"true\" data-editor=\"fjt74\" data-offset-key=\"2uifl-0-0\"><span data-offset-key=\"fb1pn-0-0\">Capacit\u00e9 : 500ml 700ml 750ml 1000ml<\/span><\/li>\n<li data-block=\"true\" data-editor=\"fjt74\" data-offset-key=\"9sgma-0-0\"><span data-offset-key=\"93ppb-0-0\">Pcs\/Ctn : 24pcs ou 20pcs<\/span><\/li>\n<li data-block=\"true\" data-editor=\"fjt74\" data-offset-key=\"e3qd7-0-0\"><span data-offset-key=\"8sp57-0-0\">Origine du lieu : Shandong, Chine<\/span><\/li>\n<li data-block=\"true\" data-editor=\"fjt74\" data-offset-key=\"a6c0-0-0\"><span data-offset-key=\"73gcj-0-0\">Fonctionnalit\u00e9 : <\/span><span class=\"adverb\"><span data-offset-key=\"73gcj-1-0\">Respect de l'environnement<\/span><\/span><\/li>\n<\/ul>\n<div class=\"\" data-block=\"true\" data-editor=\"fjt74\" data-offset-key=\"dp5u9-0-0\">\n<div class=\"public-DraftStyleDefault-block public-DraftStyleDefault-ltr\" data-offset-key=\"dp5u9-0-0\"><span data-offset-key=\"dp5u9-0-0\">\u00a0<\/span><\/div>\n<\/div>\n<div class=\"\" data-block=\"true\" data-editor=\"fjt74\" data-offset-key=\"arq5a-0-0\">\n<div class=\"public-DraftStyleDefault-block public-DraftStyleDefault-ltr\" data-offset-key=\"arq5a-0-0\"><span data-offset-key=\"arq5a-0-0\">Si vous <\/span><span class=\"passivevoice\"><span data-offset-key=\"arq5a-1-0\">sont int\u00e9ress\u00e9s<\/span><\/span><span data-offset-key=\"arq5a-2-0\"> En ce qui concerne le prix de gros des bouteilles de liqueur, veuillez nous contacter. Nous ferons de notre mieux pour vous.<\/span><\/div>\n<\/div>","protected":false},"excerpt":{"rendered":"<table class=\"tg\">\n<tbody>\n<tr>\n<th class=\"tg-24i8\" colspan=\"2\">Bouteilles de liqueur en gros 700ml 1000ml<\/th>\n<\/tr>\n<tr>\n<td class=\"tg-b7b8\">R\u00e9f\u00e9rence :<\/td>\n<td class=\"tg-b7b8\">RS109<\/td>\n<\/tr>\n<tr>\n<td class=\"tg-yw4l\">Mat\u00e9riau principal :<\/td>\n<td class=\"tg-yw4l\">Verre \u00e0 haute teneur en silex<\/td>\n<\/tr>\n<tr>\n<td class=\"tg-b7b8\">Cap :<\/td>\n<td class=\"tg-b7b8\">bouchon \u00e0 vis<\/td>\n<\/tr>\n<tr>\n<td class=\"tg-yw4l\">Capacit\u00e9 :<\/td>\n<td class=\"tg-yw4l\">500ml 700ml 750ml 1000ml<\/td>\n<\/tr>\n<tr>\n<td class=\"tg-b7b8\">Fonctionnalit\u00e9 :<\/td>\n<td class=\"tg-b7b8\">Respect de l'environnement<\/td>\n<\/tr>\n<tr>\n<td class=\"tg-yw4l\">MOQ :<\/td>\n<td class=\"tg-yw4l\">10000 PCS<\/td>\n<\/tr>\n<tr>\n<td class=\"tg-b7b8\">Mode d'exp\u00e9dition :<\/td>\n<td class=\"tg-b7b8\">Exp\u00e9dition, Express<\/td>\n<\/tr>\n<tr>\n<td class=\"tg-yw4l\">OEM\/ODM :<\/td>\n<td class=\"tg-yw4l\">Bienvenue<\/td>\n<\/tr>\n<tr>\n<td class=\"tg-b7b8\">Origine du lieu :<\/td>\n<td class=\"tg-b7b8\">Shandong, Chine<\/td>\n<\/tr>\n<tr>\n<td class=\"tg-yw4l\">Pcs\/Ctn :<\/td>\n<td class=\"tg-yw4l\">24 pi\u00e8ces ou 20 pi\u00e8ces<\/td>\n<\/tr>\n<\/tbody>\n<\/table>","protected":false},"featured_media":4174,"comment_status":"closed","ping_status":"closed","template":"","meta":[],"product_cat":[44,43],"class_list":{"0":"post-4173","1":"product","2":"type-product","3":"status-publish","4":"has-post-thumbnail","6":"product_cat-700ml-liquor-bottle-manufacturer","7":"product_cat-1000ml-liquor-bottle-manufacturer","9":"first","10":"instock","11":"shipping-taxable","12":"product-type-simple"},"yoast_head":"<!-- This site is optimized with the Yoast SEO plugin v22.0 - https:\/\/yoast.com\/wordpress\/plugins\/seo\/ -->\n<title>Wholesale Liquor Bottles 700ml 1000ml | Spirit Glass Bottle Suppliers<\/title>\n<meta name=\"description\" content=\"Shandong Yuncheng Ruisheng Glass Co., Ltd is One Of The Spirit Glass Bottle Suppliers, Wholesale Liquor Bottles 700ml 1000ml In Bulk Cheap Price.\" \/>\n<meta name=\"robots\" content=\"index, follow, max-snippet:-1, max-image-preview:large, max-video-preview:-1\" \/>\n<link rel=\"canonical\" href=\"https:\/\/ruishengglassco.com\/fr\/produit\/rs109700ml-1000ml-bouteille-de-liqueur-en-verre-fournisseurs\" \/>\n<meta property=\"og:locale\" content=\"fr_FR\" \/>\n<meta property=\"og:type\" content=\"article\" \/>\n<meta property=\"og:title\" content=\"Wholesale Liquor Bottles 700ml 1000ml | Spirit Glass Bottle Suppliers\" \/>\n<meta property=\"og:description\" content=\"Shandong Yuncheng Ruisheng Glass Co., Ltd is One Of The Spirit Glass Bottle Suppliers, Wholesale Liquor Bottles 700ml 1000ml In Bulk Cheap Price.\" \/>\n<meta property=\"og:url\" content=\"https:\/\/ruishengglassco.com\/fr\/produit\/rs109700ml-1000ml-bouteille-de-liqueur-en-verre-fournisseurs\" \/>\n<meta property=\"article:publisher\" content=\"https:\/\/www.facebook.com\/ruishengglassbottles\" \/>\n<meta property=\"article:modified_time\" content=\"2025-07-16T07:28:37+00:00\" \/>\n<meta property=\"og:image\" content=\"https:\/\/ruishengglassco.com\/wp-content\/uploads\/2025\/03\/RS109-700ml-1000ml-Glass-Liquor-Bottle-Suppliers.webp\" \/>\n\t<meta property=\"og:image:width\" content=\"800\" \/>\n\t<meta property=\"og:image:height\" content=\"800\" \/>\n\t<meta property=\"og:image:type\" content=\"image\/webp\" \/>\n<meta name=\"twitter:card\" content=\"summary_large_image\" \/>\n<meta name=\"twitter:label1\" content=\"Dur\u00e9e de lecture estim\u00e9e\" \/>\n\t<meta name=\"twitter:data1\" content=\"2 minutes\" \/>\n<script type=\"application\/ld+json\" class=\"yoast-schema-graph\">{\"@context\":\"https:\/\/schema.org\",\"@graph\":[{\"@type\":\"WebPage\",\"@id\":\"https:\/\/ruishengglassco.com\/product\/rs109700ml-1000ml-glass-liquor-bottle-suppliers\",\"url\":\"https:\/\/ruishengglassco.com\/product\/rs109700ml-1000ml-glass-liquor-bottle-suppliers\",\"name\":\"Wholesale Liquor Bottles 700ml 1000ml | Spirit Glass Bottle Suppliers\",\"isPartOf\":{\"@id\":\"https:\/\/ruishengglassco.com\/#website\"},\"datePublished\":\"2025-03-14T16:19:29+00:00\",\"dateModified\":\"2025-07-16T07:28:37+00:00\",\"description\":\"Shandong Yuncheng Ruisheng Glass Co., Ltd is One Of The Spirit Glass Bottle Suppliers, Wholesale Liquor Bottles 700ml 1000ml In Bulk Cheap Price.\",\"breadcrumb\":{\"@id\":\"https:\/\/ruishengglassco.com\/product\/rs109700ml-1000ml-glass-liquor-bottle-suppliers#breadcrumb\"},\"inLanguage\":\"fr-FR\",\"potentialAction\":[{\"@type\":\"ReadAction\",\"target\":[\"https:\/\/ruishengglassco.com\/product\/rs109700ml-1000ml-glass-liquor-bottle-suppliers\"]}]},{\"@type\":\"BreadcrumbList\",\"@id\":\"https:\/\/ruishengglassco.com\/product\/rs109700ml-1000ml-glass-liquor-bottle-suppliers#breadcrumb\",\"itemListElement\":[{\"@type\":\"ListItem\",\"position\":1,\"name\":\"Home\",\"item\":\"https:\/\/ruishengglassco.com\/\"},{\"@type\":\"ListItem\",\"position\":2,\"name\":\"Products\",\"item\":\"https:\/\/ruishengglassco.com\/products\"},{\"@type\":\"ListItem\",\"position\":3,\"name\":\"RS109:700ml 1000ml Glass Liquor Bottle Suppliers\"}]},{\"@type\":\"WebSite\",\"@id\":\"https:\/\/ruishengglassco.com\/#website\",\"url\":\"https:\/\/ruishengglassco.com\/\",\"name\":\"Ruisheng Glass\",\"description\":\"\",\"publisher\":{\"@id\":\"https:\/\/ruishengglassco.com\/#organization\"},\"potentialAction\":[{\"@type\":\"SearchAction\",\"target\":{\"@type\":\"EntryPoint\",\"urlTemplate\":\"https:\/\/ruishengglassco.com\/?s={search_term_string}\"},\"query-input\":\"required name=search_term_string\"}],\"inLanguage\":\"fr-FR\"},{\"@type\":\"Organization\",\"@id\":\"https:\/\/ruishengglassco.com\/#organization\",\"name\":\"Shandong Yuncheng Ruisheng Glass Co., Ltd\",\"url\":\"https:\/\/ruishengglassco.com\/\",\"logo\":{\"@type\":\"ImageObject\",\"inLanguage\":\"fr-FR\",\"@id\":\"https:\/\/ruishengglassco.com\/#\/schema\/logo\/image\/\",\"url\":\"https:\/\/ruishengglassco.com\/wp-content\/uploads\/2023\/09\/ruisheng_logo_icon.webp\",\"contentUrl\":\"https:\/\/ruishengglassco.com\/wp-content\/uploads\/2023\/09\/ruisheng_logo_icon.webp\",\"width\":400,\"height\":233,\"caption\":\"Shandong Yuncheng Ruisheng Glass Co., Ltd\"},\"image\":{\"@id\":\"https:\/\/ruishengglassco.com\/#\/schema\/logo\/image\/\"},\"sameAs\":[\"https:\/\/www.facebook.com\/ruishengglassbottles\",\"https:\/\/www.instagram.com\/Ruishengglassbottlewholesales\/\",\"https:\/\/www.youtube.com\/channel\/UCMmbMNGwsL-XrtjfSFLCdVQ\"]}]}<\/script>\n<!-- \/ Yoast SEO plugin. -->","yoast_head_json":{"title":"Wholesale Liquor Bottles 700ml 1000ml | Spirit Glass Bottle Suppliers","description":"Shandong Yuncheng Ruisheng Glass Co., Ltd is One Of The Spirit Glass Bottle Suppliers, Wholesale Liquor Bottles 700ml 1000ml In Bulk Cheap Price.","robots":{"index":"index","follow":"follow","max-snippet":"max-snippet:-1","max-image-preview":"max-image-preview:large","max-video-preview":"max-video-preview:-1"},"canonical":"https:\/\/ruishengglassco.com\/fr\/produit\/rs109700ml-1000ml-bouteille-de-liqueur-en-verre-fournisseurs","og_locale":"fr_FR","og_type":"article","og_title":"Wholesale Liquor Bottles 700ml 1000ml | Spirit Glass Bottle Suppliers","og_description":"Shandong Yuncheng Ruisheng Glass Co., Ltd is One Of The Spirit Glass Bottle Suppliers, Wholesale Liquor Bottles 700ml 1000ml In Bulk Cheap Price.","og_url":"https:\/\/ruishengglassco.com\/fr\/produit\/rs109700ml-1000ml-bouteille-de-liqueur-en-verre-fournisseurs","article_publisher":"https:\/\/www.facebook.com\/ruishengglassbottles","article_modified_time":"2025-07-16T07:28:37+00:00","og_image":[{"width":800,"height":800,"url":"https:\/\/ruishengglassco.com\/wp-content\/uploads\/2025\/03\/RS109-700ml-1000ml-Glass-Liquor-Bottle-Suppliers.webp","type":"image\/webp"}],"twitter_card":"summary_large_image","twitter_misc":{"Dur\u00e9e de lecture estim\u00e9e":"2 minutes"},"schema":{"@context":"https:\/\/schema.org","@graph":[{"@type":"WebPage","@id":"https:\/\/ruishengglassco.com\/product\/rs109700ml-1000ml-glass-liquor-bottle-suppliers","url":"https:\/\/ruishengglassco.com\/product\/rs109700ml-1000ml-glass-liquor-bottle-suppliers","name":"Wholesale Liquor Bottles 700ml 1000ml | Spirit Glass Bottle Suppliers","isPartOf":{"@id":"https:\/\/ruishengglassco.com\/#website"},"datePublished":"2025-03-14T16:19:29+00:00","dateModified":"2025-07-16T07:28:37+00:00","description":"Shandong Yuncheng Ruisheng Glass Co., Ltd is One Of The Spirit Glass Bottle Suppliers, Wholesale Liquor Bottles 700ml 1000ml In Bulk Cheap Price.","breadcrumb":{"@id":"https:\/\/ruishengglassco.com\/product\/rs109700ml-1000ml-glass-liquor-bottle-suppliers#breadcrumb"},"inLanguage":"fr-FR","potentialAction":[{"@type":"ReadAction","target":["https:\/\/ruishengglassco.com\/product\/rs109700ml-1000ml-glass-liquor-bottle-suppliers"]}]},{"@type":"BreadcrumbList","@id":"https:\/\/ruishengglassco.com\/product\/rs109700ml-1000ml-glass-liquor-bottle-suppliers#breadcrumb","itemListElement":[{"@type":"ListItem","position":1,"name":"Home","item":"https:\/\/ruishengglassco.com\/"},{"@type":"ListItem","position":2,"name":"Products","item":"https:\/\/ruishengglassco.com\/products"},{"@type":"ListItem","position":3,"name":"RS109:700ml 1000ml Glass Liquor Bottle Suppliers"}]},{"@type":"WebSite","@id":"https:\/\/ruishengglassco.com\/#website","url":"https:\/\/ruishengglassco.com\/","name":"Ruisheng Glass","description":"","publisher":{"@id":"https:\/\/ruishengglassco.com\/#organization"},"potentialAction":[{"@type":"SearchAction","target":{"@type":"EntryPoint","urlTemplate":"https:\/\/ruishengglassco.com\/?s={search_term_string}"},"query-input":"required name=search_term_string"}],"inLanguage":"fr-FR"},{"@type":"Organization","@id":"https:\/\/ruishengglassco.com\/#organization","name":"Shandong Yuncheng Ruisheng Glass Co., Ltd","url":"https:\/\/ruishengglassco.com\/","logo":{"@type":"ImageObject","inLanguage":"fr-FR","@id":"https:\/\/ruishengglassco.com\/#\/schema\/logo\/image\/","url":"https:\/\/ruishengglassco.com\/wp-content\/uploads\/2023\/09\/ruisheng_logo_icon.webp","contentUrl":"https:\/\/ruishengglassco.com\/wp-content\/uploads\/2023\/09\/ruisheng_logo_icon.webp","width":400,"height":233,"caption":"Shandong Yuncheng Ruisheng Glass Co., Ltd"},"image":{"@id":"https:\/\/ruishengglassco.com\/#\/schema\/logo\/image\/"},"sameAs":["https:\/\/www.facebook.com\/ruishengglassbottles","https:\/\/www.instagram.com\/Ruishengglassbottlewholesales\/","https:\/\/www.youtube.com\/channel\/UCMmbMNGwsL-XrtjfSFLCdVQ"]}]}},"_links":{"self":[{"href":"https:\/\/ruishengglassco.com\/fr\/wp-json\/wp\/v2\/product\/4173","targetHints":{"allow":["GET"]}}],"collection":[{"href":"https:\/\/ruishengglassco.com\/fr\/wp-json\/wp\/v2\/product"}],"about":[{"href":"https:\/\/ruishengglassco.com\/fr\/wp-json\/wp\/v2\/types\/product"}],"replies":[{"embeddable":true,"href":"https:\/\/ruishengglassco.com\/fr\/wp-json\/wp\/v2\/comments?post=4173"}],"wp:featuredmedia":[{"embeddable":true,"href":"https:\/\/ruishengglassco.com\/fr\/wp-json\/wp\/v2\/media\/4174"}],"wp:attachment":[{"href":"https:\/\/ruishengglassco.com\/fr\/wp-json\/wp\/v2\/media?parent=4173"}],"wp:term":[{"taxonomy":"product_cat","embeddable":true,"href":"https:\/\/ruishengglassco.com\/fr\/wp-json\/wp\/v2\/product_cat?post=4173"}],"curies":[{"name":"wp","href":"https:\/\/api.w.org\/{rel}","templated":true}]}}