{"id":4171,"date":"2025-03-15T00:17:11","date_gmt":"2025-03-14T16:17:11","guid":{"rendered":"https:\/\/ruishengglassco.com\/?post_type=product&#038;p=4171"},"modified":"2025-09-11T16:08:31","modified_gmt":"2025-09-11T08:08:31","slug":"rs110-wholesale-250ml-green-liquor-bottle-factory-outlet","status":"publish","type":"product","link":"https:\/\/ruishengglassco.com\/fr\/produit\/rs110-wholesale-250ml-green-liquor-bottle-factory-outlet","title":{"rendered":"RS110 : Grossiste Bouteille de liqueur verte 250ml Factory Outlet"},"content":{"rendered":"<h2>Bouteille en verre vert 250ml Wholesale<\/h2>\n<p>Les bouteilles en verre vert de 250 ml sont l'un des produits de notre soci\u00e9t\u00e9. Nous fabriquons \u00e9galement des bouteilles en verre vert de 500 ml, 700 ml, 750 ml et 1000 ml pour les boissons alcoolis\u00e9es.<\/p>\n<p>Nous utilisons la technologie de pulv\u00e9risation pour ces bouteilles rondes en verre et nous partageons des \u00e9quipements de production avanc\u00e9s pour fabriquer les bouteilles. Nos bouteilles sont produites rapidement et selon des normes \u00e9lev\u00e9es.<\/p>\n<p>Ruishsheng Glass Bottle est un fabricant de bouteilles d'alcool vides et un fournisseur de bouteilles en verre. Si vous pr\u00e9f\u00e9rez d'autres couleurs et capacit\u00e9s, nous pouvons \u00e9galement personnaliser les bouteilles en verre pour vous.<\/p>\n<h2>Informations sur la vente de petits flacons en verre de 250 ml en vrac<\/h2>\n<ul>\n<li>Mat\u00e9riau principal : verre \u00e0 haute teneur en silex<\/li>\n<li>Bouchon : bouchon \u00e0 vis<\/li>\n<li>R\u00e9f\u00e9rence : RS110<\/li>\n<li>MOQ : 10000 PCS<\/li>\n<li>Capacit\u00e9 : 200ml<\/li>\n<li>Pcs\/Ctn : 24pcs<\/li>\n<li>Origine du lieu : Shandong, Chine<\/li>\n<li>Caract\u00e9ristique : Respectueux de l'environnement<\/li>\n<\/ul>\n<p>Cette bouteille ronde Boston en verre transparent peut \u00eatre utilis\u00e9e dans les bouteilles de vin, les bouteilles de vodka, les bouteilles de brandy et d'autres bouteilles. De nombreux clients aiment cette bouteille en verre parce qu'ils veulent l'utiliser pour contenir leur jus. Si vous souhaitez d'autres bouteilles pour boissons, nous pouvons \u00e9galement vous fournir des bouteilles en verre pour boissons en gros.<\/p>\n<p>Nos produits sont soumis \u00e0 l'inspection nationale de la qualit\u00e9, de sorte que la qualit\u00e9 de chaque bouteille est garantie.<\/p>\n<p>En outre, notre soci\u00e9t\u00e9 offre un service apr\u00e8s-vente de premier ordre ; nous nous occuperons de tous les probl\u00e8mes que vous pourriez rencontrer.<\/p>\n<p>Nos principaux produits sont des bouteilles en verre de qualit\u00e9 sup\u00e9rieure, notamment des bouteilles de vodka, de brandy, de whisky, de liqueur, de confiture, etc. Nous proposons \u00e9galement des bouteilles en verre ambr\u00e9, des bouteilles vertes et des bouteilles d'eau. Notre march\u00e9 principal est l'Europe, les \u00c9tats-Unis, l'Australie, l'Am\u00e9rique, etc. Tous les produits jouissent d'une excellente r\u00e9putation en mati\u00e8re d'innovation et de fonctionnalit\u00e9.<\/p>\n<p>Si vous \u00eates int\u00e9ress\u00e9 par l'une de nos petites bouteilles en verre avec bouchon, n'h\u00e9sitez pas \u00e0 nous contacter pour plus d'informations.<\/p>\n<p>Nous pouvons \u00e9galement vous fournir notre catalogue, ce qui vous permettra de s\u00e9lectionner la personne de votre choix.<\/p>\n<p>Nous vous invitons \u00e0 visiter notre entreprise et \u00e0 passer commande. Nous aurons du personnel sp\u00e9cial pour nous y rendre.<\/p>\n<p>Veuillez consid\u00e9rer ces Mini bouteilles en verre transparent, bouteilles en verre de 250ml, \u00e0 vendre.<br \/>\nN'h\u00e9sitez pas \u00e0 nous contacter \u00e0 tout moment. Nous vous r\u00e9pondrons dans les 24 heures.<\/p>","protected":false},"excerpt":{"rendered":"<table class=\"tg\">\n<tbody>\n<tr>\n<th class=\"tg-24i8\" colspan=\"2\">Bouteille en verre vert 250ml Wholesale<\/th>\n<\/tr>\n<tr>\n<td class=\"tg-b7b8\">R\u00e9f\u00e9rence :<\/td>\n<td class=\"tg-b7b8\">RS110<\/td>\n<\/tr>\n<tr>\n<td class=\"tg-yw4l\">Mat\u00e9riau principal :<\/td>\n<td class=\"tg-yw4l\">Verre \u00e0 haute teneur en silex<\/td>\n<\/tr>\n<tr>\n<td class=\"tg-b7b8\">Cap :<\/td>\n<td class=\"tg-b7b8\">Capuchon \u00e0 vis<\/td>\n<\/tr>\n<tr>\n<td class=\"tg-yw4l\">Capacit\u00e9 :<\/td>\n<td class=\"tg-yw4l\">200ml 250ml<\/td>\n<\/tr>\n<tr>\n<td class=\"tg-b7b8\">Fonctionnalit\u00e9 :<\/td>\n<td class=\"tg-b7b8\">Respect de l'environnement<\/td>\n<\/tr>\n<tr>\n<td class=\"tg-yw4l\">MOQ :<\/td>\n<td class=\"tg-yw4l\">10000 PCS<\/td>\n<\/tr>\n<tr>\n<td class=\"tg-b7b8\">Mode d'exp\u00e9dition :<\/td>\n<td class=\"tg-b7b8\">Exp\u00e9dier, Express<\/td>\n<\/tr>\n<tr>\n<td class=\"tg-yw4l\">OEM\/ODM :<\/td>\n<td class=\"tg-yw4l\">Bienvenue<\/td>\n<\/tr>\n<tr>\n<td class=\"tg-b7b8\">Origine du lieu :<\/td>\n<td class=\"tg-b7b8\">Shandong, Chine<\/td>\n<\/tr>\n<tr>\n<td class=\"tg-yw4l\">Pcs\/Ctn :<\/td>\n<td class=\"tg-yw4l\">24 pi\u00e8ces \/ 20 pi\u00e8ces \/ 15 pi\u00e8ces<\/td>\n<\/tr>\n<\/tbody>\n<\/table>","protected":false},"featured_media":4172,"comment_status":"closed","ping_status":"closed","template":"","meta":[],"product_cat":[47],"class_list":{"0":"post-4171","1":"product","2":"type-product","3":"status-publish","4":"has-post-thumbnail","6":"product_cat-250ml-liquor-bottle-manufacturer","8":"first","9":"instock","10":"shipping-taxable","11":"product-type-simple"},"yoast_head":"<!-- This site is optimized with the Yoast SEO plugin v22.0 - https:\/\/yoast.com\/wordpress\/plugins\/seo\/ -->\n<title>250ml Green Glass Bottle Wholesale | Empty Liquor Bottles Manufacturer<\/title>\n<meta name=\"description\" content=\"Ruisheng Glass Bottle, A professional Empty Liquor Bottles Manufacturer, sales 250ml Green Glass Bottle Wholesale in Factory Outlet Bulk Price.\" \/>\n<meta name=\"robots\" content=\"index, follow, max-snippet:-1, max-image-preview:large, max-video-preview:-1\" \/>\n<link rel=\"canonical\" href=\"https:\/\/ruishengglassco.com\/fr\/produit\/rs110-wholesale-250ml-green-liquor-bottle-factory-outlet\" \/>\n<meta property=\"og:locale\" content=\"fr_FR\" \/>\n<meta property=\"og:type\" content=\"article\" \/>\n<meta property=\"og:title\" content=\"250ml Green Glass Bottle Wholesale | Empty Liquor Bottles Manufacturer\" \/>\n<meta property=\"og:description\" content=\"Ruisheng Glass Bottle, A professional Empty Liquor Bottles Manufacturer, sales 250ml Green Glass Bottle Wholesale in Factory Outlet Bulk Price.\" \/>\n<meta property=\"og:url\" content=\"https:\/\/ruishengglassco.com\/fr\/produit\/rs110-wholesale-250ml-green-liquor-bottle-factory-outlet\" \/>\n<meta property=\"article:publisher\" content=\"https:\/\/www.facebook.com\/ruishengglassbottles\" \/>\n<meta property=\"article:modified_time\" content=\"2025-09-11T08:08:31+00:00\" \/>\n<meta property=\"og:image\" content=\"https:\/\/ruishengglassco.com\/wp-content\/uploads\/2025\/03\/RS110-Wholesale-250ml-Green-Liquor-Bottle-Factory-Outlet.webp\" \/>\n\t<meta property=\"og:image:width\" content=\"400\" \/>\n\t<meta property=\"og:image:height\" content=\"400\" \/>\n\t<meta property=\"og:image:type\" content=\"image\/webp\" \/>\n<meta name=\"twitter:card\" content=\"summary_large_image\" \/>\n<meta name=\"twitter:label1\" content=\"Dur\u00e9e de lecture estim\u00e9e\" \/>\n\t<meta name=\"twitter:data1\" content=\"2 minutes\" \/>\n<script type=\"application\/ld+json\" class=\"yoast-schema-graph\">{\"@context\":\"https:\/\/schema.org\",\"@graph\":[{\"@type\":\"WebPage\",\"@id\":\"https:\/\/ruishengglassco.com\/product\/rs110-wholesale-250ml-green-liquor-bottle-factory-outlet\",\"url\":\"https:\/\/ruishengglassco.com\/product\/rs110-wholesale-250ml-green-liquor-bottle-factory-outlet\",\"name\":\"250ml Green Glass Bottle Wholesale | Empty Liquor Bottles Manufacturer\",\"isPartOf\":{\"@id\":\"https:\/\/ruishengglassco.com\/#website\"},\"datePublished\":\"2025-03-14T16:17:11+00:00\",\"dateModified\":\"2025-09-11T08:08:31+00:00\",\"description\":\"Ruisheng Glass Bottle, A professional Empty Liquor Bottles Manufacturer, sales 250ml Green Glass Bottle Wholesale in Factory Outlet Bulk Price.\",\"breadcrumb\":{\"@id\":\"https:\/\/ruishengglassco.com\/product\/rs110-wholesale-250ml-green-liquor-bottle-factory-outlet#breadcrumb\"},\"inLanguage\":\"fr-FR\",\"potentialAction\":[{\"@type\":\"ReadAction\",\"target\":[\"https:\/\/ruishengglassco.com\/product\/rs110-wholesale-250ml-green-liquor-bottle-factory-outlet\"]}]},{\"@type\":\"BreadcrumbList\",\"@id\":\"https:\/\/ruishengglassco.com\/product\/rs110-wholesale-250ml-green-liquor-bottle-factory-outlet#breadcrumb\",\"itemListElement\":[{\"@type\":\"ListItem\",\"position\":1,\"name\":\"Home\",\"item\":\"https:\/\/ruishengglassco.com\/\"},{\"@type\":\"ListItem\",\"position\":2,\"name\":\"Products\",\"item\":\"https:\/\/ruishengglassco.com\/products\"},{\"@type\":\"ListItem\",\"position\":3,\"name\":\"RS110: Wholesale 250ml Green Liquor Bottle Factory Outlet\"}]},{\"@type\":\"WebSite\",\"@id\":\"https:\/\/ruishengglassco.com\/#website\",\"url\":\"https:\/\/ruishengglassco.com\/\",\"name\":\"Ruisheng Glass\",\"description\":\"\",\"publisher\":{\"@id\":\"https:\/\/ruishengglassco.com\/#organization\"},\"potentialAction\":[{\"@type\":\"SearchAction\",\"target\":{\"@type\":\"EntryPoint\",\"urlTemplate\":\"https:\/\/ruishengglassco.com\/?s={search_term_string}\"},\"query-input\":\"required name=search_term_string\"}],\"inLanguage\":\"fr-FR\"},{\"@type\":\"Organization\",\"@id\":\"https:\/\/ruishengglassco.com\/#organization\",\"name\":\"Shandong Yuncheng Ruisheng Glass Co., Ltd\",\"url\":\"https:\/\/ruishengglassco.com\/\",\"logo\":{\"@type\":\"ImageObject\",\"inLanguage\":\"fr-FR\",\"@id\":\"https:\/\/ruishengglassco.com\/#\/schema\/logo\/image\/\",\"url\":\"https:\/\/ruishengglassco.com\/wp-content\/uploads\/2023\/09\/ruisheng_logo_icon.webp\",\"contentUrl\":\"https:\/\/ruishengglassco.com\/wp-content\/uploads\/2023\/09\/ruisheng_logo_icon.webp\",\"width\":400,\"height\":233,\"caption\":\"Shandong Yuncheng Ruisheng Glass Co., Ltd\"},\"image\":{\"@id\":\"https:\/\/ruishengglassco.com\/#\/schema\/logo\/image\/\"},\"sameAs\":[\"https:\/\/www.facebook.com\/ruishengglassbottles\",\"https:\/\/www.instagram.com\/Ruishengglassbottlewholesales\/\",\"https:\/\/www.youtube.com\/channel\/UCMmbMNGwsL-XrtjfSFLCdVQ\"]}]}<\/script>\n<!-- \/ Yoast SEO plugin. -->","yoast_head_json":{"title":"250ml Green Glass Bottle Wholesale | Empty Liquor Bottles Manufacturer","description":"Ruisheng Glass Bottle, A professional Empty Liquor Bottles Manufacturer, sales 250ml Green Glass Bottle Wholesale in Factory Outlet Bulk Price.","robots":{"index":"index","follow":"follow","max-snippet":"max-snippet:-1","max-image-preview":"max-image-preview:large","max-video-preview":"max-video-preview:-1"},"canonical":"https:\/\/ruishengglassco.com\/fr\/produit\/rs110-wholesale-250ml-green-liquor-bottle-factory-outlet","og_locale":"fr_FR","og_type":"article","og_title":"250ml Green Glass Bottle Wholesale | Empty Liquor Bottles Manufacturer","og_description":"Ruisheng Glass Bottle, A professional Empty Liquor Bottles Manufacturer, sales 250ml Green Glass Bottle Wholesale in Factory Outlet Bulk Price.","og_url":"https:\/\/ruishengglassco.com\/fr\/produit\/rs110-wholesale-250ml-green-liquor-bottle-factory-outlet","article_publisher":"https:\/\/www.facebook.com\/ruishengglassbottles","article_modified_time":"2025-09-11T08:08:31+00:00","og_image":[{"width":400,"height":400,"url":"https:\/\/ruishengglassco.com\/wp-content\/uploads\/2025\/03\/RS110-Wholesale-250ml-Green-Liquor-Bottle-Factory-Outlet.webp","type":"image\/webp"}],"twitter_card":"summary_large_image","twitter_misc":{"Dur\u00e9e de lecture estim\u00e9e":"2 minutes"},"schema":{"@context":"https:\/\/schema.org","@graph":[{"@type":"WebPage","@id":"https:\/\/ruishengglassco.com\/product\/rs110-wholesale-250ml-green-liquor-bottle-factory-outlet","url":"https:\/\/ruishengglassco.com\/product\/rs110-wholesale-250ml-green-liquor-bottle-factory-outlet","name":"250ml Green Glass Bottle Wholesale | Empty Liquor Bottles Manufacturer","isPartOf":{"@id":"https:\/\/ruishengglassco.com\/#website"},"datePublished":"2025-03-14T16:17:11+00:00","dateModified":"2025-09-11T08:08:31+00:00","description":"Ruisheng Glass Bottle, A professional Empty Liquor Bottles Manufacturer, sales 250ml Green Glass Bottle Wholesale in Factory Outlet Bulk Price.","breadcrumb":{"@id":"https:\/\/ruishengglassco.com\/product\/rs110-wholesale-250ml-green-liquor-bottle-factory-outlet#breadcrumb"},"inLanguage":"fr-FR","potentialAction":[{"@type":"ReadAction","target":["https:\/\/ruishengglassco.com\/product\/rs110-wholesale-250ml-green-liquor-bottle-factory-outlet"]}]},{"@type":"BreadcrumbList","@id":"https:\/\/ruishengglassco.com\/product\/rs110-wholesale-250ml-green-liquor-bottle-factory-outlet#breadcrumb","itemListElement":[{"@type":"ListItem","position":1,"name":"Home","item":"https:\/\/ruishengglassco.com\/"},{"@type":"ListItem","position":2,"name":"Products","item":"https:\/\/ruishengglassco.com\/products"},{"@type":"ListItem","position":3,"name":"RS110: Wholesale 250ml Green Liquor Bottle Factory Outlet"}]},{"@type":"WebSite","@id":"https:\/\/ruishengglassco.com\/#website","url":"https:\/\/ruishengglassco.com\/","name":"Ruisheng Glass","description":"","publisher":{"@id":"https:\/\/ruishengglassco.com\/#organization"},"potentialAction":[{"@type":"SearchAction","target":{"@type":"EntryPoint","urlTemplate":"https:\/\/ruishengglassco.com\/?s={search_term_string}"},"query-input":"required name=search_term_string"}],"inLanguage":"fr-FR"},{"@type":"Organization","@id":"https:\/\/ruishengglassco.com\/#organization","name":"Shandong Yuncheng Ruisheng Glass Co., Ltd","url":"https:\/\/ruishengglassco.com\/","logo":{"@type":"ImageObject","inLanguage":"fr-FR","@id":"https:\/\/ruishengglassco.com\/#\/schema\/logo\/image\/","url":"https:\/\/ruishengglassco.com\/wp-content\/uploads\/2023\/09\/ruisheng_logo_icon.webp","contentUrl":"https:\/\/ruishengglassco.com\/wp-content\/uploads\/2023\/09\/ruisheng_logo_icon.webp","width":400,"height":233,"caption":"Shandong Yuncheng Ruisheng Glass Co., Ltd"},"image":{"@id":"https:\/\/ruishengglassco.com\/#\/schema\/logo\/image\/"},"sameAs":["https:\/\/www.facebook.com\/ruishengglassbottles","https:\/\/www.instagram.com\/Ruishengglassbottlewholesales\/","https:\/\/www.youtube.com\/channel\/UCMmbMNGwsL-XrtjfSFLCdVQ"]}]}},"_links":{"self":[{"href":"https:\/\/ruishengglassco.com\/fr\/wp-json\/wp\/v2\/product\/4171","targetHints":{"allow":["GET"]}}],"collection":[{"href":"https:\/\/ruishengglassco.com\/fr\/wp-json\/wp\/v2\/product"}],"about":[{"href":"https:\/\/ruishengglassco.com\/fr\/wp-json\/wp\/v2\/types\/product"}],"replies":[{"embeddable":true,"href":"https:\/\/ruishengglassco.com\/fr\/wp-json\/wp\/v2\/comments?post=4171"}],"wp:featuredmedia":[{"embeddable":true,"href":"https:\/\/ruishengglassco.com\/fr\/wp-json\/wp\/v2\/media\/4172"}],"wp:attachment":[{"href":"https:\/\/ruishengglassco.com\/fr\/wp-json\/wp\/v2\/media?parent=4171"}],"wp:term":[{"taxonomy":"product_cat","embeddable":true,"href":"https:\/\/ruishengglassco.com\/fr\/wp-json\/wp\/v2\/product_cat?post=4171"}],"curies":[{"name":"wp","href":"https:\/\/api.w.org\/{rel}","templated":true}]}}