{"id":4169,"date":"2025-03-15T00:14:47","date_gmt":"2025-03-14T16:14:47","guid":{"rendered":"https:\/\/ruishengglassco.com\/?post_type=product&#038;p=4169"},"modified":"2025-07-17T13:43:18","modified_gmt":"2025-07-17T05:43:18","slug":"rs111-50cl-bouteille-en-verre-personnalisee-fournisseurs-de-boissons-alcoolisees","status":"publish","type":"product","link":"https:\/\/ruishengglassco.com\/fr\/produit\/rs111-50cl-bouteille-en-verre-personnalisee-fournisseurs-de-boissons-alcoolisees","title":{"rendered":"RS111 : Bouteille en verre de liqueur 50cl personnalis\u00e9e Fournisseurs"},"content":{"rendered":"<p><span data-preserver-spaces=\"true\">Ruisheng Glass Company est l'un des plus grands fabricants de verres \u00e0 liqueur personnalis\u00e9s de 50cl. <\/span><span data-preserver-spaces=\"true\">fournisseurs de bouteilles<\/span><span data-preserver-spaces=\"true\">.<\/span><span data-preserver-spaces=\"true\"> Cette soci\u00e9t\u00e9 fournit une vari\u00e9t\u00e9 de bouteilles en verre pour spiritueux. La plupart des bouteilles de spiritueux sont disponibles en vert ou en transparent (silex). La taille des bouteilles en verre varie de 50 ml \u00e0 3 litres. Le verre offre une excellente r\u00e9sistance et une compatibilit\u00e9 avec les mat\u00e9riaux qui <\/span><span data-preserver-spaces=\"true\">ne peut pas \u00eatre stock\u00e9<\/span><span data-preserver-spaces=\"true\"> dans des r\u00e9cipients en plastique. <\/span><span data-preserver-spaces=\"true\">Les bouteilles en verre sont non toxiques, 100% recyclables, r\u00e9utilisables, et <\/span><span data-preserver-spaces=\"true\">sans danger pour la plan\u00e8te<\/span><span data-preserver-spaces=\"true\">.<\/span><\/p>\n<p><span data-preserver-spaces=\"true\">Cette bouteille de 50cl en verre \u00e0 liqueur personnalis\u00e9e <\/span><span data-preserver-spaces=\"true\">est r\u00e9alis\u00e9<\/span><span data-preserver-spaces=\"true\"> en verre \u00e0 haute teneur en silex. Gr\u00e2ce \u00e0 leur \u00e9paisseur, ces bouteilles en verre donnent une impression de qualit\u00e9 sup\u00e9rieure. Le type de fermeture de ces bouteilles en verre est un bouchon gala. Cette bouteille en verre est de forme carr\u00e9e.<\/span><\/p>\n<p><span data-preserver-spaces=\"true\">Ruisheng Glass Company se consacre \u00e0 la fabrication de bouteilles en verre \u00e0 liqueur de haute qualit\u00e9. Notre usine propose de nombreuses formes. Elles sont rondes, oblongues, carr\u00e9es et autres formes personnalis\u00e9es. La taille de nos bouteilles en verre est de 50ml, 100ml, 125ml, 250ml, 375ml, 500ml, 700ml, 750ml, 1000ml, 3000ml et d'autres tailles personnalis\u00e9es telles que 187ml. Tous nos produits sont propos\u00e9s \u00e0 des prix de gros et en vrac.<\/span><\/p>\n<h5><span data-preserver-spaces=\"true\">Les d\u00e9tails de la bouteille en verre de liqueur personnalis\u00e9e de 50cl<\/span><\/h5>\n<p><span data-preserver-spaces=\"true\">Cette bouteille de liqueur personnalis\u00e9e de 50cl p\u00e8se 580g. Et cette bouteille a un fond lourd. <\/span><span data-preserver-spaces=\"true\">Il existe un <\/span><span data-preserver-spaces=\"true\">forme d'arc sur le<\/span><span data-preserver-spaces=\"true\"> en bas.<\/span> <span data-preserver-spaces=\"true\">La bouteille <\/span><span data-preserver-spaces=\"true\">ressemble \u00e0<\/span><span data-preserver-spaces=\"true\"> un ancien mur d'enceinte ; l'\u00e9paulement ext\u00e9rieur est plus bas que l'\u00e9paulement ext\u00e9rieur. <\/span><span data-preserver-spaces=\"true\">\u00e0 l'int\u00e9rieur<\/span><span data-preserver-spaces=\"true\"> l'\u00e9paule.<\/span> <span data-preserver-spaces=\"true\">Le type de fermeture de cette bouteille est un bouchon de gala ; nous pouvons proposer des bouchons en plastique. <\/span><span data-preserver-spaces=\"true\">g<\/span><span data-preserver-spaces=\"true\">bouchons ala et plastique d'aluminium <\/span><span data-preserver-spaces=\"true\">gala <\/span><span data-preserver-spaces=\"true\">des bouchons, <\/span><span data-preserver-spaces=\"true\">Ceci est conforme \u00e0<\/span><span data-preserver-spaces=\"true\"> client <\/span><span data-preserver-spaces=\"true\">exigences<\/span><span data-preserver-spaces=\"true\">.<\/span><\/p>\n<p><span data-preserver-spaces=\"true\">En tant que fabricant de bouteilles en verre disposant d'une \u00e9quipe de concepteurs qualifi\u00e9s, nous acceptons les commandes OEM. <\/span><span data-preserver-spaces=\"true\">Vous pouvez <\/span><span data-preserver-spaces=\"true\">donner<\/span><span data-preserver-spaces=\"true\"> nous votre \u00e9chantillon ou <\/span><span data-preserver-spaces=\"true\">votre<\/span><span data-preserver-spaces=\"true\"> id\u00e9e <\/span><span data-preserver-spaces=\"true\">\u00e0 propos de<\/span> <span data-preserver-spaces=\"true\">50cl<\/span><span data-preserver-spaces=\"true\"> bouteille en verre personnalis\u00e9e, <\/span><span data-preserver-spaces=\"true\">nous<\/span> <span data-preserver-spaces=\"true\">serait<\/span><span data-preserver-spaces=\"true\"> conception et <\/span><span data-preserver-spaces=\"true\">faire<\/span><span data-preserver-spaces=\"true\"> vos bouteilles en verre personnalis\u00e9es.<\/span><span data-preserver-spaces=\"true\"> Nous proposons \u00e9galement des services personnalis\u00e9s \u00e0 guichet unique.<\/span><\/p>","protected":false},"excerpt":{"rendered":"<p>Ruisheng Glass Company est l'un des fournisseurs de bouteilles d'alcool personnalis\u00e9es de 50 cl. Cette soci\u00e9t\u00e9 propose une grande vari\u00e9t\u00e9 de bouteilles en verre pour spiritueux. La plupart des bouteilles de spiritueux sont disponibles en vert ou en transparent (silex). La taille des bouteilles en verre varie de 50 ml \u00e0 3 litres. Le verre offre une r\u00e9sistance, une durabilit\u00e9 et une compatibilit\u00e9 excellentes pour les mat\u00e9riaux qui ne peuvent pas \u00eatre stock\u00e9s dans des conteneurs en plastique. Les bouteilles en verre sont non toxiques, 100% recyclables, r\u00e9utilisables et sans danger pour la plan\u00e8te.<\/p>","protected":false},"featured_media":4170,"comment_status":"closed","ping_status":"closed","template":"","meta":[],"product_cat":[41],"class_list":{"0":"post-4169","1":"product","2":"type-product","3":"status-publish","4":"has-post-thumbnail","6":"product_cat-500ml-liquor-bottle-manufacturer","8":"first","9":"instock","10":"shipping-taxable","11":"product-type-simple"},"yoast_head":"<!-- This site is optimized with the Yoast SEO plugin v22.0 - https:\/\/yoast.com\/wordpress\/plugins\/seo\/ -->\n<title>Custom Liquor Bottle Suppliers | Engraved Alcohol Bottles Wholesale<\/title>\n<meta name=\"description\" content=\"Custom Liquor Bottle From China Glass Bottle Manufacturer&amp;Supplier. Engraved Alcohol Bottles Wholesale With Factory Outlet Price.\" \/>\n<meta name=\"robots\" content=\"index, follow, max-snippet:-1, max-image-preview:large, max-video-preview:-1\" \/>\n<link rel=\"canonical\" href=\"https:\/\/ruishengglassco.com\/fr\/produit\/rs111-50cl-bouteille-en-verre-personnalisee-fournisseurs-de-boissons-alcoolisees\" \/>\n<meta property=\"og:locale\" content=\"fr_FR\" \/>\n<meta property=\"og:type\" content=\"article\" \/>\n<meta property=\"og:title\" content=\"Custom Liquor Bottle Suppliers | Engraved Alcohol Bottles Wholesale\" \/>\n<meta property=\"og:description\" content=\"Custom Liquor Bottle From China Glass Bottle Manufacturer&amp;Supplier. Engraved Alcohol Bottles Wholesale With Factory Outlet Price.\" \/>\n<meta property=\"og:url\" content=\"https:\/\/ruishengglassco.com\/fr\/produit\/rs111-50cl-bouteille-en-verre-personnalisee-fournisseurs-de-boissons-alcoolisees\" \/>\n<meta property=\"article:publisher\" content=\"https:\/\/www.facebook.com\/ruishengglassbottles\" \/>\n<meta property=\"article:modified_time\" content=\"2025-07-17T05:43:18+00:00\" \/>\n<meta property=\"og:image\" content=\"https:\/\/ruishengglassco.com\/wp-content\/uploads\/2025\/03\/RS111-50cl-Custom-Liquor-Glass-Bottle-Suppliers.webp\" \/>\n\t<meta property=\"og:image:width\" content=\"400\" \/>\n\t<meta property=\"og:image:height\" content=\"400\" \/>\n\t<meta property=\"og:image:type\" content=\"image\/webp\" \/>\n<meta name=\"twitter:card\" content=\"summary_large_image\" \/>\n<meta name=\"twitter:label1\" content=\"Dur\u00e9e de lecture estim\u00e9e\" \/>\n\t<meta name=\"twitter:data1\" content=\"2 minutes\" \/>\n<script type=\"application\/ld+json\" class=\"yoast-schema-graph\">{\"@context\":\"https:\/\/schema.org\",\"@graph\":[{\"@type\":\"WebPage\",\"@id\":\"https:\/\/ruishengglassco.com\/product\/rs111-50cl-custom-liquor-glass-bottle-suppliers\",\"url\":\"https:\/\/ruishengglassco.com\/product\/rs111-50cl-custom-liquor-glass-bottle-suppliers\",\"name\":\"Custom Liquor Bottle Suppliers | Engraved Alcohol Bottles Wholesale\",\"isPartOf\":{\"@id\":\"https:\/\/ruishengglassco.com\/#website\"},\"datePublished\":\"2025-03-14T16:14:47+00:00\",\"dateModified\":\"2025-07-17T05:43:18+00:00\",\"description\":\"Custom Liquor Bottle From China Glass Bottle Manufacturer&Supplier. Engraved Alcohol Bottles Wholesale With Factory Outlet Price.\",\"breadcrumb\":{\"@id\":\"https:\/\/ruishengglassco.com\/product\/rs111-50cl-custom-liquor-glass-bottle-suppliers#breadcrumb\"},\"inLanguage\":\"fr-FR\",\"potentialAction\":[{\"@type\":\"ReadAction\",\"target\":[\"https:\/\/ruishengglassco.com\/product\/rs111-50cl-custom-liquor-glass-bottle-suppliers\"]}]},{\"@type\":\"BreadcrumbList\",\"@id\":\"https:\/\/ruishengglassco.com\/product\/rs111-50cl-custom-liquor-glass-bottle-suppliers#breadcrumb\",\"itemListElement\":[{\"@type\":\"ListItem\",\"position\":1,\"name\":\"Home\",\"item\":\"https:\/\/ruishengglassco.com\/\"},{\"@type\":\"ListItem\",\"position\":2,\"name\":\"Products\",\"item\":\"https:\/\/ruishengglassco.com\/products\"},{\"@type\":\"ListItem\",\"position\":3,\"name\":\"RS111: 50cl Custom Liquor Glass Bottle Suppliers\"}]},{\"@type\":\"WebSite\",\"@id\":\"https:\/\/ruishengglassco.com\/#website\",\"url\":\"https:\/\/ruishengglassco.com\/\",\"name\":\"Ruisheng Glass\",\"description\":\"\",\"publisher\":{\"@id\":\"https:\/\/ruishengglassco.com\/#organization\"},\"potentialAction\":[{\"@type\":\"SearchAction\",\"target\":{\"@type\":\"EntryPoint\",\"urlTemplate\":\"https:\/\/ruishengglassco.com\/?s={search_term_string}\"},\"query-input\":\"required name=search_term_string\"}],\"inLanguage\":\"fr-FR\"},{\"@type\":\"Organization\",\"@id\":\"https:\/\/ruishengglassco.com\/#organization\",\"name\":\"Shandong Yuncheng Ruisheng Glass Co., Ltd\",\"url\":\"https:\/\/ruishengglassco.com\/\",\"logo\":{\"@type\":\"ImageObject\",\"inLanguage\":\"fr-FR\",\"@id\":\"https:\/\/ruishengglassco.com\/#\/schema\/logo\/image\/\",\"url\":\"https:\/\/ruishengglassco.com\/wp-content\/uploads\/2023\/09\/ruisheng_logo_icon.webp\",\"contentUrl\":\"https:\/\/ruishengglassco.com\/wp-content\/uploads\/2023\/09\/ruisheng_logo_icon.webp\",\"width\":400,\"height\":233,\"caption\":\"Shandong Yuncheng Ruisheng Glass Co., Ltd\"},\"image\":{\"@id\":\"https:\/\/ruishengglassco.com\/#\/schema\/logo\/image\/\"},\"sameAs\":[\"https:\/\/www.facebook.com\/ruishengglassbottles\",\"https:\/\/www.instagram.com\/Ruishengglassbottlewholesales\/\",\"https:\/\/www.youtube.com\/channel\/UCMmbMNGwsL-XrtjfSFLCdVQ\"]}]}<\/script>\n<!-- \/ Yoast SEO plugin. -->","yoast_head_json":{"title":"Custom Liquor Bottle Suppliers | Engraved Alcohol Bottles Wholesale","description":"Custom Liquor Bottle From China Glass Bottle Manufacturer&Supplier. Engraved Alcohol Bottles Wholesale With Factory Outlet Price.","robots":{"index":"index","follow":"follow","max-snippet":"max-snippet:-1","max-image-preview":"max-image-preview:large","max-video-preview":"max-video-preview:-1"},"canonical":"https:\/\/ruishengglassco.com\/fr\/produit\/rs111-50cl-bouteille-en-verre-personnalisee-fournisseurs-de-boissons-alcoolisees","og_locale":"fr_FR","og_type":"article","og_title":"Custom Liquor Bottle Suppliers | Engraved Alcohol Bottles Wholesale","og_description":"Custom Liquor Bottle From China Glass Bottle Manufacturer&Supplier. Engraved Alcohol Bottles Wholesale With Factory Outlet Price.","og_url":"https:\/\/ruishengglassco.com\/fr\/produit\/rs111-50cl-bouteille-en-verre-personnalisee-fournisseurs-de-boissons-alcoolisees","article_publisher":"https:\/\/www.facebook.com\/ruishengglassbottles","article_modified_time":"2025-07-17T05:43:18+00:00","og_image":[{"width":400,"height":400,"url":"https:\/\/ruishengglassco.com\/wp-content\/uploads\/2025\/03\/RS111-50cl-Custom-Liquor-Glass-Bottle-Suppliers.webp","type":"image\/webp"}],"twitter_card":"summary_large_image","twitter_misc":{"Dur\u00e9e de lecture estim\u00e9e":"2 minutes"},"schema":{"@context":"https:\/\/schema.org","@graph":[{"@type":"WebPage","@id":"https:\/\/ruishengglassco.com\/product\/rs111-50cl-custom-liquor-glass-bottle-suppliers","url":"https:\/\/ruishengglassco.com\/product\/rs111-50cl-custom-liquor-glass-bottle-suppliers","name":"Custom Liquor Bottle Suppliers | Engraved Alcohol Bottles Wholesale","isPartOf":{"@id":"https:\/\/ruishengglassco.com\/#website"},"datePublished":"2025-03-14T16:14:47+00:00","dateModified":"2025-07-17T05:43:18+00:00","description":"Custom Liquor Bottle From China Glass Bottle Manufacturer&Supplier. Engraved Alcohol Bottles Wholesale With Factory Outlet Price.","breadcrumb":{"@id":"https:\/\/ruishengglassco.com\/product\/rs111-50cl-custom-liquor-glass-bottle-suppliers#breadcrumb"},"inLanguage":"fr-FR","potentialAction":[{"@type":"ReadAction","target":["https:\/\/ruishengglassco.com\/product\/rs111-50cl-custom-liquor-glass-bottle-suppliers"]}]},{"@type":"BreadcrumbList","@id":"https:\/\/ruishengglassco.com\/product\/rs111-50cl-custom-liquor-glass-bottle-suppliers#breadcrumb","itemListElement":[{"@type":"ListItem","position":1,"name":"Home","item":"https:\/\/ruishengglassco.com\/"},{"@type":"ListItem","position":2,"name":"Products","item":"https:\/\/ruishengglassco.com\/products"},{"@type":"ListItem","position":3,"name":"RS111: 50cl Custom Liquor Glass Bottle Suppliers"}]},{"@type":"WebSite","@id":"https:\/\/ruishengglassco.com\/#website","url":"https:\/\/ruishengglassco.com\/","name":"Ruisheng Glass","description":"","publisher":{"@id":"https:\/\/ruishengglassco.com\/#organization"},"potentialAction":[{"@type":"SearchAction","target":{"@type":"EntryPoint","urlTemplate":"https:\/\/ruishengglassco.com\/?s={search_term_string}"},"query-input":"required name=search_term_string"}],"inLanguage":"fr-FR"},{"@type":"Organization","@id":"https:\/\/ruishengglassco.com\/#organization","name":"Shandong Yuncheng Ruisheng Glass Co., Ltd","url":"https:\/\/ruishengglassco.com\/","logo":{"@type":"ImageObject","inLanguage":"fr-FR","@id":"https:\/\/ruishengglassco.com\/#\/schema\/logo\/image\/","url":"https:\/\/ruishengglassco.com\/wp-content\/uploads\/2023\/09\/ruisheng_logo_icon.webp","contentUrl":"https:\/\/ruishengglassco.com\/wp-content\/uploads\/2023\/09\/ruisheng_logo_icon.webp","width":400,"height":233,"caption":"Shandong Yuncheng Ruisheng Glass Co., Ltd"},"image":{"@id":"https:\/\/ruishengglassco.com\/#\/schema\/logo\/image\/"},"sameAs":["https:\/\/www.facebook.com\/ruishengglassbottles","https:\/\/www.instagram.com\/Ruishengglassbottlewholesales\/","https:\/\/www.youtube.com\/channel\/UCMmbMNGwsL-XrtjfSFLCdVQ"]}]}},"_links":{"self":[{"href":"https:\/\/ruishengglassco.com\/fr\/wp-json\/wp\/v2\/product\/4169","targetHints":{"allow":["GET"]}}],"collection":[{"href":"https:\/\/ruishengglassco.com\/fr\/wp-json\/wp\/v2\/product"}],"about":[{"href":"https:\/\/ruishengglassco.com\/fr\/wp-json\/wp\/v2\/types\/product"}],"replies":[{"embeddable":true,"href":"https:\/\/ruishengglassco.com\/fr\/wp-json\/wp\/v2\/comments?post=4169"}],"wp:featuredmedia":[{"embeddable":true,"href":"https:\/\/ruishengglassco.com\/fr\/wp-json\/wp\/v2\/media\/4170"}],"wp:attachment":[{"href":"https:\/\/ruishengglassco.com\/fr\/wp-json\/wp\/v2\/media?parent=4169"}],"wp:term":[{"taxonomy":"product_cat","embeddable":true,"href":"https:\/\/ruishengglassco.com\/fr\/wp-json\/wp\/v2\/product_cat?post=4169"}],"curies":[{"name":"wp","href":"https:\/\/api.w.org\/{rel}","templated":true}]}}