{"id":4167,"date":"2025-03-15T00:11:41","date_gmt":"2025-03-14T16:11:41","guid":{"rendered":"https:\/\/ruishengglassco.com\/?post_type=product&#038;p=4167"},"modified":"2025-07-17T13:38:06","modified_gmt":"2025-07-17T05:38:06","slug":"rs112-bouteilles-en-verre-750ml-personnalisees-prix-en-vrac","status":"publish","type":"product","link":"https:\/\/ruishengglassco.com\/fr\/produit\/rs112-bouteilles-en-verre-750ml-personnalisees-prix-en-vrac","title":{"rendered":"RS112 : Bouteilles en verre 750ml personnalis\u00e9es Prix en vrac"},"content":{"rendered":"<p>Cette bouteille en verre unique de 750 ml fait partie de notre gamme de bouteilles en verre pour boissons alcoolis\u00e9es. Elle a un col \u00e9pais et le corps de la bouteille est \u00e9galement irr\u00e9gulier, ce qui la rend plus \u00e9paisse, donc elle ne se cassera pas facilement. En tant que plus grand fournisseur de bouteilles en verre, Ruisheng peut vous fournir une grande quantit\u00e9 de bouteilles en verre antiques de 750ml avec couvercles en une seule fois.<\/p>\n<p>Notre entreprise compte plus de 500 employ\u00e9s et une \u00e9quipe d'ing\u00e9nieurs qualifi\u00e9s. Les employ\u00e9s de notre soci\u00e9t\u00e9 sont cens\u00e9s avoir une grande exp\u00e9rience, ce qui nous permet de produire des bouteilles en verre \u00e0 liqueur parfaites. Gr\u00e2ce \u00e0 notre riche exp\u00e9rience, nous avons acquis une bonne r\u00e9putation dans le monde entier.<\/p>\n<p>Nos principaux produits sont des bouteilles en verre de qualit\u00e9 sup\u00e9rieure, notamment des bouteilles de vodka, de brandy, de whisky, de liqueur, de confiture, etc. Nous proposons \u00e9galement des bouteilles en verre ambr\u00e9, des bouteilles vertes et des bouteilles d'eau. Notre march\u00e9 principal est l'Europe, les \u00c9tats-Unis, l'Australie, l'Am\u00e9rique, etc. Tous les produits jouissent d'une excellente r\u00e9putation en mati\u00e8re d'innovation et de fonctionnalit\u00e9.<\/p>\n<p>Nous pouvons y imprimer votre logo, et nous pouvons \u00e9galement effectuer un traitement approfondi sur cette bouteille, tel que l'impression, la peinture, et autres.<\/p>\n<h2>D\u00e9tails concernant 750ml Unique Glass Bottle Wholesale<\/h2>\n<ul>\n<li>Mat\u00e9riau principal : verre \u00e0 haute teneur en silex<\/li>\n<li>Cap : Li\u00e8ge<\/li>\n<li>R\u00e9f\u00e9rence : RS112<\/li>\n<li>MOQ : 10000 PCS<\/li>\n<li>Capacit\u00e9 : 750 ml<\/li>\n<li>Pcs\/Ctn : 24pcs<\/li>\n<li>Origine du lieu : Shandong, Chine<\/li>\n<li>Caract\u00e9ristique : Respectueux de l'environnement<\/li>\n<\/ul>\n<p>Nous ouvrons progressivement de nouveaux march\u00e9s. Nous sommes tr\u00e8s confiants quant \u00e0 la qualit\u00e9 de nos bouteilles en verre de 750 ml \u00e0 vendre, car la qualit\u00e9 est notre priorit\u00e9.<\/p>\n<p>Notre soci\u00e9t\u00e9 dispose d'une \u00e9quipe op\u00e9rationnelle qualifi\u00e9e. Nous sommes sp\u00e9cialis\u00e9s dans les bouteilles en verre de 750 ml avec bouchons \u00e0 vis. Ce projet nous est familier et nous connaissons donc tr\u00e8s bien le processus.<\/p>\n<p>Si vous souhaitez le faire, n'h\u00e9sitez pas \u00e0 nous contacter. Si vous souhaitez visiter notre usine, nous serons tr\u00e8s heureux de vous accueillir.<\/p>\n<p>Du personnel sp\u00e9cialis\u00e9 vous fera d\u00e9couvrir l'usine. Nous vous donnerons une description d\u00e9taill\u00e9e du processus de production de la bouteille en verre unique.<br \/>\nSi vous souhaitez obtenir des prix sp\u00e9ciaux pour des bouteilles de liqueur personnalis\u00e9es, veuillez nous contacter. Nous vous r\u00e9pondrons dans les 24 heures.<\/p>","protected":false},"excerpt":{"rendered":"<p>Bouteilles de liqueur sp\u00e9ciales personnalis\u00e9es provenant d'une usine chinoise de bouteilles en verre. La bouteille ronde en verre avec un col long et \u00e9pais, un fond solide assorti, permet \u00e0 cette bouteille en verre unique de 750 ml de rester sp\u00e9ciale, unique, stable et ne pas se casser facilement.<\/p>\n<p>Contactez-nous et obtenez les prix des bouteilles d'alcool :<\/p>\n<ul>\n<li>R\u00e9f\u00e9rence : RS112<\/li>\n<li><strong>Service de bouteilles de liqueur personnalis\u00e9 offert. MOQ:10000pcs(10000 PCS)<\/strong><\/li>\n<li>Capuchon : En li\u00e8ge ou sur mesure<\/li>\n<li>Mat\u00e9riau : Verre \u00e0 haute teneur en silex<\/li>\n<li>Hauteur de la bouteille : 230 mm<\/li>\n<li>Diam\u00e8tre de la bouteille : 45 mm<\/li>\n<\/ul>","protected":false},"featured_media":4168,"comment_status":"closed","ping_status":"closed","template":"","meta":[],"product_cat":[40,45],"class_list":{"0":"post-4167","1":"product","2":"type-product","3":"status-publish","4":"has-post-thumbnail","6":"product_cat-750ml-liquor-bottle-manufacturer","7":"product_cat-custom-glass-bottle","9":"first","10":"instock","11":"shipping-taxable","12":"product-type-simple"},"yoast_head":"<!-- This site is optimized with the Yoast SEO plugin v22.0 - https:\/\/yoast.com\/wordpress\/plugins\/seo\/ -->\n<title>750ml Unique Glass Bottle Wholesale |Custom Special Liquor Bottles Price<\/title>\n<meta name=\"description\" content=\"Do you want to get custom special liquor bottles price? Click here to contact us and get 750ml unique glass bottle wholesale price.\" \/>\n<meta name=\"robots\" content=\"index, follow, max-snippet:-1, max-image-preview:large, max-video-preview:-1\" \/>\n<link rel=\"canonical\" href=\"https:\/\/ruishengglassco.com\/fr\/produit\/rs112-bouteilles-en-verre-750ml-personnalisees-prix-en-vrac\" \/>\n<meta property=\"og:locale\" content=\"fr_FR\" \/>\n<meta property=\"og:type\" content=\"article\" \/>\n<meta property=\"og:title\" content=\"750ml Unique Glass Bottle Wholesale |Custom Special Liquor Bottles Price\" \/>\n<meta property=\"og:description\" content=\"Do you want to get custom special liquor bottles price? Click here to contact us and get 750ml unique glass bottle wholesale price.\" \/>\n<meta property=\"og:url\" content=\"https:\/\/ruishengglassco.com\/fr\/produit\/rs112-bouteilles-en-verre-750ml-personnalisees-prix-en-vrac\" \/>\n<meta property=\"article:publisher\" content=\"https:\/\/www.facebook.com\/ruishengglassbottles\" \/>\n<meta property=\"article:modified_time\" content=\"2025-07-17T05:38:06+00:00\" \/>\n<meta property=\"og:image\" content=\"https:\/\/ruishengglassco.com\/wp-content\/uploads\/2025\/03\/RS112-Custom-750ml-Glass-Bottles-Bulk-Prices.webp\" \/>\n\t<meta property=\"og:image:width\" content=\"800\" \/>\n\t<meta property=\"og:image:height\" content=\"800\" \/>\n\t<meta property=\"og:image:type\" content=\"image\/webp\" \/>\n<meta name=\"twitter:card\" content=\"summary_large_image\" \/>\n<meta name=\"twitter:label1\" content=\"Dur\u00e9e de lecture estim\u00e9e\" \/>\n\t<meta name=\"twitter:data1\" content=\"2 minutes\" \/>\n<script type=\"application\/ld+json\" class=\"yoast-schema-graph\">{\"@context\":\"https:\/\/schema.org\",\"@graph\":[{\"@type\":\"WebPage\",\"@id\":\"https:\/\/ruishengglassco.com\/product\/rs112-custom-750ml-glass-bottles-bulk-prices\",\"url\":\"https:\/\/ruishengglassco.com\/product\/rs112-custom-750ml-glass-bottles-bulk-prices\",\"name\":\"750ml Unique Glass Bottle Wholesale |Custom Special Liquor Bottles Price\",\"isPartOf\":{\"@id\":\"https:\/\/ruishengglassco.com\/#website\"},\"datePublished\":\"2025-03-14T16:11:41+00:00\",\"dateModified\":\"2025-07-17T05:38:06+00:00\",\"description\":\"Do you want to get custom special liquor bottles price? Click here to contact us and get 750ml unique glass bottle wholesale price.\",\"breadcrumb\":{\"@id\":\"https:\/\/ruishengglassco.com\/product\/rs112-custom-750ml-glass-bottles-bulk-prices#breadcrumb\"},\"inLanguage\":\"fr-FR\",\"potentialAction\":[{\"@type\":\"ReadAction\",\"target\":[\"https:\/\/ruishengglassco.com\/product\/rs112-custom-750ml-glass-bottles-bulk-prices\"]}]},{\"@type\":\"BreadcrumbList\",\"@id\":\"https:\/\/ruishengglassco.com\/product\/rs112-custom-750ml-glass-bottles-bulk-prices#breadcrumb\",\"itemListElement\":[{\"@type\":\"ListItem\",\"position\":1,\"name\":\"Home\",\"item\":\"https:\/\/ruishengglassco.com\/\"},{\"@type\":\"ListItem\",\"position\":2,\"name\":\"Products\",\"item\":\"https:\/\/ruishengglassco.com\/products\"},{\"@type\":\"ListItem\",\"position\":3,\"name\":\"RS112: Custom 750ml Glass Bottles Bulk Prices\"}]},{\"@type\":\"WebSite\",\"@id\":\"https:\/\/ruishengglassco.com\/#website\",\"url\":\"https:\/\/ruishengglassco.com\/\",\"name\":\"Ruisheng Glass\",\"description\":\"\",\"publisher\":{\"@id\":\"https:\/\/ruishengglassco.com\/#organization\"},\"potentialAction\":[{\"@type\":\"SearchAction\",\"target\":{\"@type\":\"EntryPoint\",\"urlTemplate\":\"https:\/\/ruishengglassco.com\/?s={search_term_string}\"},\"query-input\":\"required name=search_term_string\"}],\"inLanguage\":\"fr-FR\"},{\"@type\":\"Organization\",\"@id\":\"https:\/\/ruishengglassco.com\/#organization\",\"name\":\"Shandong Yuncheng Ruisheng Glass Co., Ltd\",\"url\":\"https:\/\/ruishengglassco.com\/\",\"logo\":{\"@type\":\"ImageObject\",\"inLanguage\":\"fr-FR\",\"@id\":\"https:\/\/ruishengglassco.com\/#\/schema\/logo\/image\/\",\"url\":\"https:\/\/ruishengglassco.com\/wp-content\/uploads\/2023\/09\/ruisheng_logo_icon.webp\",\"contentUrl\":\"https:\/\/ruishengglassco.com\/wp-content\/uploads\/2023\/09\/ruisheng_logo_icon.webp\",\"width\":400,\"height\":233,\"caption\":\"Shandong Yuncheng Ruisheng Glass Co., Ltd\"},\"image\":{\"@id\":\"https:\/\/ruishengglassco.com\/#\/schema\/logo\/image\/\"},\"sameAs\":[\"https:\/\/www.facebook.com\/ruishengglassbottles\",\"https:\/\/www.instagram.com\/Ruishengglassbottlewholesales\/\",\"https:\/\/www.youtube.com\/channel\/UCMmbMNGwsL-XrtjfSFLCdVQ\"]}]}<\/script>\n<!-- \/ Yoast SEO plugin. -->","yoast_head_json":{"title":"750ml Unique Glass Bottle Wholesale |Custom Special Liquor Bottles Price","description":"Do you want to get custom special liquor bottles price? Click here to contact us and get 750ml unique glass bottle wholesale price.","robots":{"index":"index","follow":"follow","max-snippet":"max-snippet:-1","max-image-preview":"max-image-preview:large","max-video-preview":"max-video-preview:-1"},"canonical":"https:\/\/ruishengglassco.com\/fr\/produit\/rs112-bouteilles-en-verre-750ml-personnalisees-prix-en-vrac","og_locale":"fr_FR","og_type":"article","og_title":"750ml Unique Glass Bottle Wholesale |Custom Special Liquor Bottles Price","og_description":"Do you want to get custom special liquor bottles price? Click here to contact us and get 750ml unique glass bottle wholesale price.","og_url":"https:\/\/ruishengglassco.com\/fr\/produit\/rs112-bouteilles-en-verre-750ml-personnalisees-prix-en-vrac","article_publisher":"https:\/\/www.facebook.com\/ruishengglassbottles","article_modified_time":"2025-07-17T05:38:06+00:00","og_image":[{"width":800,"height":800,"url":"https:\/\/ruishengglassco.com\/wp-content\/uploads\/2025\/03\/RS112-Custom-750ml-Glass-Bottles-Bulk-Prices.webp","type":"image\/webp"}],"twitter_card":"summary_large_image","twitter_misc":{"Dur\u00e9e de lecture estim\u00e9e":"2 minutes"},"schema":{"@context":"https:\/\/schema.org","@graph":[{"@type":"WebPage","@id":"https:\/\/ruishengglassco.com\/product\/rs112-custom-750ml-glass-bottles-bulk-prices","url":"https:\/\/ruishengglassco.com\/product\/rs112-custom-750ml-glass-bottles-bulk-prices","name":"750ml Unique Glass Bottle Wholesale |Custom Special Liquor Bottles Price","isPartOf":{"@id":"https:\/\/ruishengglassco.com\/#website"},"datePublished":"2025-03-14T16:11:41+00:00","dateModified":"2025-07-17T05:38:06+00:00","description":"Do you want to get custom special liquor bottles price? Click here to contact us and get 750ml unique glass bottle wholesale price.","breadcrumb":{"@id":"https:\/\/ruishengglassco.com\/product\/rs112-custom-750ml-glass-bottles-bulk-prices#breadcrumb"},"inLanguage":"fr-FR","potentialAction":[{"@type":"ReadAction","target":["https:\/\/ruishengglassco.com\/product\/rs112-custom-750ml-glass-bottles-bulk-prices"]}]},{"@type":"BreadcrumbList","@id":"https:\/\/ruishengglassco.com\/product\/rs112-custom-750ml-glass-bottles-bulk-prices#breadcrumb","itemListElement":[{"@type":"ListItem","position":1,"name":"Home","item":"https:\/\/ruishengglassco.com\/"},{"@type":"ListItem","position":2,"name":"Products","item":"https:\/\/ruishengglassco.com\/products"},{"@type":"ListItem","position":3,"name":"RS112: Custom 750ml Glass Bottles Bulk Prices"}]},{"@type":"WebSite","@id":"https:\/\/ruishengglassco.com\/#website","url":"https:\/\/ruishengglassco.com\/","name":"Ruisheng Glass","description":"","publisher":{"@id":"https:\/\/ruishengglassco.com\/#organization"},"potentialAction":[{"@type":"SearchAction","target":{"@type":"EntryPoint","urlTemplate":"https:\/\/ruishengglassco.com\/?s={search_term_string}"},"query-input":"required name=search_term_string"}],"inLanguage":"fr-FR"},{"@type":"Organization","@id":"https:\/\/ruishengglassco.com\/#organization","name":"Shandong Yuncheng Ruisheng Glass Co., Ltd","url":"https:\/\/ruishengglassco.com\/","logo":{"@type":"ImageObject","inLanguage":"fr-FR","@id":"https:\/\/ruishengglassco.com\/#\/schema\/logo\/image\/","url":"https:\/\/ruishengglassco.com\/wp-content\/uploads\/2023\/09\/ruisheng_logo_icon.webp","contentUrl":"https:\/\/ruishengglassco.com\/wp-content\/uploads\/2023\/09\/ruisheng_logo_icon.webp","width":400,"height":233,"caption":"Shandong Yuncheng Ruisheng Glass Co., Ltd"},"image":{"@id":"https:\/\/ruishengglassco.com\/#\/schema\/logo\/image\/"},"sameAs":["https:\/\/www.facebook.com\/ruishengglassbottles","https:\/\/www.instagram.com\/Ruishengglassbottlewholesales\/","https:\/\/www.youtube.com\/channel\/UCMmbMNGwsL-XrtjfSFLCdVQ"]}]}},"_links":{"self":[{"href":"https:\/\/ruishengglassco.com\/fr\/wp-json\/wp\/v2\/product\/4167","targetHints":{"allow":["GET"]}}],"collection":[{"href":"https:\/\/ruishengglassco.com\/fr\/wp-json\/wp\/v2\/product"}],"about":[{"href":"https:\/\/ruishengglassco.com\/fr\/wp-json\/wp\/v2\/types\/product"}],"replies":[{"embeddable":true,"href":"https:\/\/ruishengglassco.com\/fr\/wp-json\/wp\/v2\/comments?post=4167"}],"wp:featuredmedia":[{"embeddable":true,"href":"https:\/\/ruishengglassco.com\/fr\/wp-json\/wp\/v2\/media\/4168"}],"wp:attachment":[{"href":"https:\/\/ruishengglassco.com\/fr\/wp-json\/wp\/v2\/media?parent=4167"}],"wp:term":[{"taxonomy":"product_cat","embeddable":true,"href":"https:\/\/ruishengglassco.com\/fr\/wp-json\/wp\/v2\/product_cat?post=4167"}],"curies":[{"name":"wp","href":"https:\/\/api.w.org\/{rel}","templated":true}]}}