{"id":4165,"date":"2025-03-15T00:08:40","date_gmt":"2025-03-14T16:08:40","guid":{"rendered":"https:\/\/ruishengglassco.com\/?post_type=product&#038;p=4165"},"modified":"2025-09-12T09:37:59","modified_gmt":"2025-09-12T01:37:59","slug":"rs113-750ml-bouteilles-de-liqueur-vides-en-gros","status":"publish","type":"product","link":"https:\/\/ruishengglassco.com\/fr\/produit\/rs113-750ml-bouteilles-de-liqueur-vides-en-gros","title":{"rendered":"RS113 : Bouteilles de liqueur vides de 750ml Fournisseur de bouteilles de liqueur vides"},"content":{"rendered":"<h2>Bienvenue sur le site du fournisseur de bouteilles de liqueur vides de 750 ml.<\/h2>\n<p><span data-preserver-spaces=\"true\">Vous \u00eates \u00e0 la recherche d'un site web o\u00f9 vous pouvez<\/span> <span data-preserver-spaces=\"true\">acheter des bouteilles d'alcool en ligne ?\u00a0 <\/span><span data-preserver-spaces=\"true\">Le\u00a0<\/span><em><span data-preserver-spaces=\"true\">Bouteilles de liqueur vides de 750ml grossiste <\/span><\/em><span data-preserver-spaces=\"true\">est l'un des <\/span><span data-preserver-spaces=\"true\">les<\/span><span data-preserver-spaces=\"true\"> projets <\/span><span data-preserver-spaces=\"true\">en <\/span><a class=\"editor-rtfLink\" href=\"https:\/\/glassbottlewholesale.com\" target=\"_blank\" rel=\"noopener\"><span data-preserver-spaces=\"true\">Ruisheng<\/span><\/a><span data-preserver-spaces=\"true\">, <\/span><span data-preserver-spaces=\"true\">l'un des plus grands<\/span><span data-preserver-spaces=\"true\"> liqueur <\/span><span data-preserver-spaces=\"true\">fournisseurs de bouteilles<\/span><span data-preserver-spaces=\"true\"> en Chine.<\/span><span data-preserver-spaces=\"true\"> Nous offrons plus que cette bouteille en verre de 750 ml. <\/span><span data-preserver-spaces=\"true\">V\u00e9rifier<\/span><span data-preserver-spaces=\"true\"> notre gamme de bouteilles en verre, <\/span><span data-preserver-spaces=\"true\">comme<\/span><span data-preserver-spaces=\"true\"> la mini-bouteille de 50 ml, la bouteille de 250 ml, la bouteille de 700 ml et la grande bouteille de 1 litre.<\/span><span data-preserver-spaces=\"true\"> Elles peuvent servir de bouteilles de spiritueux pour la vodka, le whisky, le brandy, la tequila, etc.<\/span><\/p>\n<p><span data-preserver-spaces=\"true\">A propos de ce projet<\/span><span data-preserver-spaces=\"true\"> Bouteille de liqueur en verre de 750ml en gros, nous pouvons imprimer votre logo sur la bouteille. <\/span><span data-preserver-spaces=\"true\">ou imprimez votre logo sur<\/span><span data-preserver-spaces=\"true\"> le bouchon.<\/span><span data-preserver-spaces=\"true\"> Si vous n'aimez pas cette couleur, nous pouvons \u00e9galement m\u00e9langer les couleurs pour r\u00e9pondre \u00e0 vos pr\u00e9f\u00e9rences. <\/span><span data-preserver-spaces=\"true\">Les bouteilles de liqueur en verre \u00e0 vendre <\/span><span data-preserver-spaces=\"true\">sont r\u00e9alis\u00e9s<\/span><span data-preserver-spaces=\"true\"> en verre de haute qualit\u00e9, ce qui rend les carafes \u00e0 liqueur en verre <\/span><span data-preserver-spaces=\"true\">plus clair<\/span><span data-preserver-spaces=\"true\">Le produit est plus l\u00e9ger, plus durable et plus lisse.<\/span> <span data-preserver-spaces=\"true\">Cette bouteille vide de 750ml <\/span><span data-preserver-spaces=\"true\">est <\/span><span data-preserver-spaces=\"true\">b\u00e2illonn\u00e9<\/span><span data-preserver-spaces=\"true\">; son goulot d'\u00e9tranglement est <\/span><span data-preserver-spaces=\"true\">convient pour<\/span><span data-preserver-spaces=\"true\"> li\u00e8ge de bois, li\u00e8ge de polym\u00e8re, li\u00e8ge synth\u00e9tique, et <\/span><span data-preserver-spaces=\"true\">ainsi de suite<\/span><span data-preserver-spaces=\"true\">.<\/span><span data-preserver-spaces=\"true\"> Notre soci\u00e9t\u00e9 compte plus de 500 employ\u00e9s et une \u00e9quipe d'ing\u00e9nieurs qualifi\u00e9s. Gr\u00e2ce \u00e0 notre riche exp\u00e9rience, nous jouissons d'une bonne r\u00e9putation dans le monde entier.<\/span><\/p>\n<p><span data-preserver-spaces=\"true\">Nos principaux produits sont des bouteilles en verre vides de premi\u00e8re qualit\u00e9 pour la vente en gros, notamment des bouteilles de vin, de vodka, de brandy, de whisky, des mini-bouteilles de liqueur, des bouteilles de confiture, et bien d'autres encore. <\/span><span data-preserver-spaces=\"true\">Nous <\/span><span data-preserver-spaces=\"true\">peut<\/span><span data-preserver-spaces=\"true\"> offrent des bouteilles en verre ambr\u00e9, des bouteilles vertes, et<\/span><span data-preserver-spaces=\"true\"> a <\/span><span data-preserver-spaces=\"true\">l'eau <\/span><span data-preserver-spaces=\"true\">bouteille<\/span><span data-preserver-spaces=\"true\">.<\/span> <span data-preserver-spaces=\"true\">Notre <\/span><span data-preserver-spaces=\"true\">principal<\/span><span data-preserver-spaces=\"true\"> Les march\u00e9s comprennent l'Europe, les <\/span><span data-preserver-spaces=\"true\">\u00c9TATS-UNIS<\/span><span data-preserver-spaces=\"true\">et l'Australie.<\/span><span data-preserver-spaces=\"true\"> Tous nos produits jouissent d'une solide r\u00e9putation en mati\u00e8re d'innovation et de fonctionnalit\u00e9.<\/span><\/p>\n<h2><span data-preserver-spaces=\"true\">\u00a0<\/span><\/h2>\n<p><span style=\"font-size: 23.04px; color: #333333;\">A propos du fournisseur de bouteilles de liqueur vides de 750 ml<\/span><\/p>\n<ul>\n<li>Mat\u00e9riau principal : verre \u00e0 haute teneur en silex<\/li>\n<li>Bouchon : bouchon \u00e0 vis<\/li>\n<li>R\u00e9f\u00e9rence : RS113<\/li>\n<li>MOQ : 10000 PCS<\/li>\n<li>Capacit\u00e9 : 750 ml<\/li>\n<li>Pcs\/Ctn : 24pcs<\/li>\n<li>Origine du lieu : Shandong, Chine<\/li>\n<li>Caract\u00e9ristique : Respectueux de l'environnement<\/li>\n<\/ul>\n<p>Bienvenue sur notre site pour acheter des bouteilles d'alcool vides en ligne. J'esp\u00e8re que vous aimerez nos bouteilles de liqueur en verre avec bouchons et que vous passerez commande.<\/p>\n<p>Si vous \u00eates int\u00e9ress\u00e9 par le prix de cette bouteille de liqueur, veuillez nous contacter. Nous vous r\u00e9pondrons dans les 24 heures.<\/p>","protected":false},"excerpt":{"rendered":"<p>Bouteilles de liqueur vides de 750ml offertes en gros pour les fournisseurs de bouteilles en verre, les entreprises, les grossistes et les distributeurs. Cet ensemble de bouteilles rondes de spiritueux est livr\u00e9 avec des bouchons en bois ou un bouchon \u00e0 vis. Les bouteilles en verre bouch\u00e9es offrent une protection suppl\u00e9mentaire \u00e0 vos produits et les maintiennent dans des conditions optimales. Service d'\u00e9tiquetage priv\u00e9 offert.<\/p>\n<h2>D\u00e9tails sur les bouteilles de liqueur vides de 750ml (vente en gros)<\/h2>\n<ul>\n<li>R\u00e9f\u00e9rence : RS113<\/li>\n<li><strong>Service OEM\/ODM offert. MOQ:10000pcs(10000 PCS)<\/strong><\/li>\n<li>Bouchon : Bouchon de li\u00e8ge, bouchon \u00e0 vis ou personnalis\u00e9<\/li>\n<li>Mat\u00e9riau : Verre \u00e0 haute teneur en silex<\/li>\n<li>Hauteur de la bouteille : 220 mm<\/li>\n<li>Diam\u00e8tre de la bouteille : 55 mm<\/li>\n<\/ul>","protected":false},"featured_media":4166,"comment_status":"closed","ping_status":"closed","template":"","meta":[],"product_cat":[40,46],"class_list":{"0":"post-4165","1":"product","2":"type-product","3":"status-publish","4":"has-post-thumbnail","6":"product_cat-750ml-liquor-bottle-manufacturer","7":"product_cat-tequila-bottle","9":"first","10":"instock","11":"shipping-taxable","12":"product-type-simple"},"yoast_head":"<!-- This site is optimized with the Yoast SEO plugin v22.0 - https:\/\/yoast.com\/wordpress\/plugins\/seo\/ -->\n<title>750ml Empty Liquor Bottles Supplier | Cheap Glass Bottles Bulk<\/title>\n<meta name=\"description\" content=\"Buy 750ml Empty Liquor Bottles Wholesale From China Glass Bottle Manufacturer. Factory Outlet&amp;Cheap Glass Bottles Bulk Price.\" \/>\n<meta name=\"robots\" content=\"index, follow, max-snippet:-1, max-image-preview:large, max-video-preview:-1\" \/>\n<link rel=\"canonical\" href=\"https:\/\/ruishengglassco.com\/fr\/produit\/rs113-750ml-bouteilles-de-liqueur-vides-en-gros\" \/>\n<meta property=\"og:locale\" content=\"fr_FR\" \/>\n<meta property=\"og:type\" content=\"article\" \/>\n<meta property=\"og:title\" content=\"750ml Empty Liquor Bottles Supplier | Cheap Glass Bottles Bulk\" \/>\n<meta property=\"og:description\" content=\"Buy 750ml Empty Liquor Bottles Wholesale From China Glass Bottle Manufacturer. Factory Outlet&amp;Cheap Glass Bottles Bulk Price.\" \/>\n<meta property=\"og:url\" content=\"https:\/\/ruishengglassco.com\/fr\/produit\/rs113-750ml-bouteilles-de-liqueur-vides-en-gros\" \/>\n<meta property=\"article:publisher\" content=\"https:\/\/www.facebook.com\/ruishengglassbottles\" \/>\n<meta property=\"article:modified_time\" content=\"2025-09-12T01:37:59+00:00\" \/>\n<meta property=\"og:image\" content=\"https:\/\/ruishengglassco.com\/wp-content\/uploads\/2025\/03\/RS113-750ml-Empty-Liquor-Bottles-Wholesale.webp\" \/>\n\t<meta property=\"og:image:width\" content=\"800\" \/>\n\t<meta property=\"og:image:height\" content=\"800\" \/>\n\t<meta property=\"og:image:type\" content=\"image\/webp\" \/>\n<meta name=\"twitter:card\" content=\"summary_large_image\" \/>\n<meta name=\"twitter:label1\" content=\"Dur\u00e9e de lecture estim\u00e9e\" \/>\n\t<meta name=\"twitter:data1\" content=\"2 minutes\" \/>\n<script type=\"application\/ld+json\" class=\"yoast-schema-graph\">{\"@context\":\"https:\/\/schema.org\",\"@graph\":[{\"@type\":\"WebPage\",\"@id\":\"https:\/\/ruishengglassco.com\/product\/rs113-750ml-empty-liquor-bottles-supplier\",\"url\":\"https:\/\/ruishengglassco.com\/product\/rs113-750ml-empty-liquor-bottles-supplier\",\"name\":\"750ml Empty Liquor Bottles Supplier | Cheap Glass Bottles Bulk\",\"isPartOf\":{\"@id\":\"https:\/\/ruishengglassco.com\/#website\"},\"datePublished\":\"2025-03-14T16:08:40+00:00\",\"dateModified\":\"2025-09-12T01:37:59+00:00\",\"description\":\"Buy 750ml Empty Liquor Bottles Wholesale From China Glass Bottle Manufacturer. Factory Outlet&Cheap Glass Bottles Bulk Price.\",\"breadcrumb\":{\"@id\":\"https:\/\/ruishengglassco.com\/product\/rs113-750ml-empty-liquor-bottles-supplier#breadcrumb\"},\"inLanguage\":\"fr-FR\",\"potentialAction\":[{\"@type\":\"ReadAction\",\"target\":[\"https:\/\/ruishengglassco.com\/product\/rs113-750ml-empty-liquor-bottles-supplier\"]}]},{\"@type\":\"BreadcrumbList\",\"@id\":\"https:\/\/ruishengglassco.com\/product\/rs113-750ml-empty-liquor-bottles-supplier#breadcrumb\",\"itemListElement\":[{\"@type\":\"ListItem\",\"position\":1,\"name\":\"Home\",\"item\":\"https:\/\/ruishengglassco.com\/\"},{\"@type\":\"ListItem\",\"position\":2,\"name\":\"Products\",\"item\":\"https:\/\/ruishengglassco.com\/products\"},{\"@type\":\"ListItem\",\"position\":3,\"name\":\"RS113: 750ml Empty Liquor Bottles Supplier\"}]},{\"@type\":\"WebSite\",\"@id\":\"https:\/\/ruishengglassco.com\/#website\",\"url\":\"https:\/\/ruishengglassco.com\/\",\"name\":\"Ruisheng Glass\",\"description\":\"\",\"publisher\":{\"@id\":\"https:\/\/ruishengglassco.com\/#organization\"},\"potentialAction\":[{\"@type\":\"SearchAction\",\"target\":{\"@type\":\"EntryPoint\",\"urlTemplate\":\"https:\/\/ruishengglassco.com\/?s={search_term_string}\"},\"query-input\":\"required name=search_term_string\"}],\"inLanguage\":\"fr-FR\"},{\"@type\":\"Organization\",\"@id\":\"https:\/\/ruishengglassco.com\/#organization\",\"name\":\"Shandong Yuncheng Ruisheng Glass Co., Ltd\",\"url\":\"https:\/\/ruishengglassco.com\/\",\"logo\":{\"@type\":\"ImageObject\",\"inLanguage\":\"fr-FR\",\"@id\":\"https:\/\/ruishengglassco.com\/#\/schema\/logo\/image\/\",\"url\":\"https:\/\/ruishengglassco.com\/wp-content\/uploads\/2023\/09\/ruisheng_logo_icon.webp\",\"contentUrl\":\"https:\/\/ruishengglassco.com\/wp-content\/uploads\/2023\/09\/ruisheng_logo_icon.webp\",\"width\":400,\"height\":233,\"caption\":\"Shandong Yuncheng Ruisheng Glass Co., Ltd\"},\"image\":{\"@id\":\"https:\/\/ruishengglassco.com\/#\/schema\/logo\/image\/\"},\"sameAs\":[\"https:\/\/www.facebook.com\/ruishengglassbottles\",\"https:\/\/www.instagram.com\/Ruishengglassbottlewholesales\/\",\"https:\/\/www.youtube.com\/channel\/UCMmbMNGwsL-XrtjfSFLCdVQ\"]}]}<\/script>\n<!-- \/ Yoast SEO plugin. -->","yoast_head_json":{"title":"750ml Empty Liquor Bottles Supplier | Cheap Glass Bottles Bulk","description":"Buy 750ml Empty Liquor Bottles Wholesale From China Glass Bottle Manufacturer. Factory Outlet&Cheap Glass Bottles Bulk Price.","robots":{"index":"index","follow":"follow","max-snippet":"max-snippet:-1","max-image-preview":"max-image-preview:large","max-video-preview":"max-video-preview:-1"},"canonical":"https:\/\/ruishengglassco.com\/fr\/produit\/rs113-750ml-bouteilles-de-liqueur-vides-en-gros","og_locale":"fr_FR","og_type":"article","og_title":"750ml Empty Liquor Bottles Supplier | Cheap Glass Bottles Bulk","og_description":"Buy 750ml Empty Liquor Bottles Wholesale From China Glass Bottle Manufacturer. Factory Outlet&Cheap Glass Bottles Bulk Price.","og_url":"https:\/\/ruishengglassco.com\/fr\/produit\/rs113-750ml-bouteilles-de-liqueur-vides-en-gros","article_publisher":"https:\/\/www.facebook.com\/ruishengglassbottles","article_modified_time":"2025-09-12T01:37:59+00:00","og_image":[{"width":800,"height":800,"url":"https:\/\/ruishengglassco.com\/wp-content\/uploads\/2025\/03\/RS113-750ml-Empty-Liquor-Bottles-Wholesale.webp","type":"image\/webp"}],"twitter_card":"summary_large_image","twitter_misc":{"Dur\u00e9e de lecture estim\u00e9e":"2 minutes"},"schema":{"@context":"https:\/\/schema.org","@graph":[{"@type":"WebPage","@id":"https:\/\/ruishengglassco.com\/product\/rs113-750ml-empty-liquor-bottles-supplier","url":"https:\/\/ruishengglassco.com\/product\/rs113-750ml-empty-liquor-bottles-supplier","name":"750ml Empty Liquor Bottles Supplier | Cheap Glass Bottles Bulk","isPartOf":{"@id":"https:\/\/ruishengglassco.com\/#website"},"datePublished":"2025-03-14T16:08:40+00:00","dateModified":"2025-09-12T01:37:59+00:00","description":"Buy 750ml Empty Liquor Bottles Wholesale From China Glass Bottle Manufacturer. Factory Outlet&Cheap Glass Bottles Bulk Price.","breadcrumb":{"@id":"https:\/\/ruishengglassco.com\/product\/rs113-750ml-empty-liquor-bottles-supplier#breadcrumb"},"inLanguage":"fr-FR","potentialAction":[{"@type":"ReadAction","target":["https:\/\/ruishengglassco.com\/product\/rs113-750ml-empty-liquor-bottles-supplier"]}]},{"@type":"BreadcrumbList","@id":"https:\/\/ruishengglassco.com\/product\/rs113-750ml-empty-liquor-bottles-supplier#breadcrumb","itemListElement":[{"@type":"ListItem","position":1,"name":"Home","item":"https:\/\/ruishengglassco.com\/"},{"@type":"ListItem","position":2,"name":"Products","item":"https:\/\/ruishengglassco.com\/products"},{"@type":"ListItem","position":3,"name":"RS113: 750ml Empty Liquor Bottles Supplier"}]},{"@type":"WebSite","@id":"https:\/\/ruishengglassco.com\/#website","url":"https:\/\/ruishengglassco.com\/","name":"Ruisheng Glass","description":"","publisher":{"@id":"https:\/\/ruishengglassco.com\/#organization"},"potentialAction":[{"@type":"SearchAction","target":{"@type":"EntryPoint","urlTemplate":"https:\/\/ruishengglassco.com\/?s={search_term_string}"},"query-input":"required name=search_term_string"}],"inLanguage":"fr-FR"},{"@type":"Organization","@id":"https:\/\/ruishengglassco.com\/#organization","name":"Shandong Yuncheng Ruisheng Glass Co., Ltd","url":"https:\/\/ruishengglassco.com\/","logo":{"@type":"ImageObject","inLanguage":"fr-FR","@id":"https:\/\/ruishengglassco.com\/#\/schema\/logo\/image\/","url":"https:\/\/ruishengglassco.com\/wp-content\/uploads\/2023\/09\/ruisheng_logo_icon.webp","contentUrl":"https:\/\/ruishengglassco.com\/wp-content\/uploads\/2023\/09\/ruisheng_logo_icon.webp","width":400,"height":233,"caption":"Shandong Yuncheng Ruisheng Glass Co., Ltd"},"image":{"@id":"https:\/\/ruishengglassco.com\/#\/schema\/logo\/image\/"},"sameAs":["https:\/\/www.facebook.com\/ruishengglassbottles","https:\/\/www.instagram.com\/Ruishengglassbottlewholesales\/","https:\/\/www.youtube.com\/channel\/UCMmbMNGwsL-XrtjfSFLCdVQ"]}]}},"_links":{"self":[{"href":"https:\/\/ruishengglassco.com\/fr\/wp-json\/wp\/v2\/product\/4165","targetHints":{"allow":["GET"]}}],"collection":[{"href":"https:\/\/ruishengglassco.com\/fr\/wp-json\/wp\/v2\/product"}],"about":[{"href":"https:\/\/ruishengglassco.com\/fr\/wp-json\/wp\/v2\/types\/product"}],"replies":[{"embeddable":true,"href":"https:\/\/ruishengglassco.com\/fr\/wp-json\/wp\/v2\/comments?post=4165"}],"wp:featuredmedia":[{"embeddable":true,"href":"https:\/\/ruishengglassco.com\/fr\/wp-json\/wp\/v2\/media\/4166"}],"wp:attachment":[{"href":"https:\/\/ruishengglassco.com\/fr\/wp-json\/wp\/v2\/media?parent=4165"}],"wp:term":[{"taxonomy":"product_cat","embeddable":true,"href":"https:\/\/ruishengglassco.com\/fr\/wp-json\/wp\/v2\/product_cat?post=4165"}],"curies":[{"name":"wp","href":"https:\/\/api.w.org\/{rel}","templated":true}]}}