{"id":4163,"date":"2025-03-15T00:05:40","date_gmt":"2025-03-14T16:05:40","guid":{"rendered":"https:\/\/ruishengglassco.com\/?post_type=product&#038;p=4163"},"modified":"2025-09-11T16:11:58","modified_gmt":"2025-09-11T08:11:58","slug":"rs114-bouteilles-en-verre-a-long-col-de-375ml-avec-bouchon-en-t","status":"publish","type":"product","link":"https:\/\/ruishengglassco.com\/fr\/produit\/rs114-bouteilles-en-verre-a-long-col-de-375ml-avec-bouchon-en-t","title":{"rendered":"RS114 : Bouteilles en verre \u00e0 long col de 375ml avec bouchon en T"},"content":{"rendered":"<p><span data-preserver-spaces=\"true\">Le fabricant de bouteilles de liqueur en verre de 375 ml, Shandong Yuncheng Ruisheng Glass Co, Ltd, est l'une des plus grandes usines de bouteilles en verre \u00e0 haute teneur en arsenic de Chine. Notre soci\u00e9t\u00e9 est une entreprise industrielle et commerciale. Nous vendons nos bouteilles en verre \u00e0 l'Europe, aux Etats-Unis, \u00e0 l'Australie, \u00e0 l'Am\u00e9rique et \u00e0 d'autres pays et r\u00e9gions.<\/span><\/p>\n<p><span data-preserver-spaces=\"true\">Cette bouteille de liqueur en verre de 375 ml a une forme cylindrique.<\/span> <span data-preserver-spaces=\"true\">est tr\u00e8s facile \u00e0 transporter. <\/span><span data-preserver-spaces=\"true\">Ces bouteilles en verre peuvent \u00eatre utilis\u00e9es<\/span><span data-preserver-spaces=\"true\"> pour les bouteilles de vodka, de gin, de whisky et d'autres liquides. Notre type de fermeture pour ces bouteilles est le bouchon en bois. Nous pouvons produire des bouchons dans toutes les tailles et avec diff\u00e9rents mat\u00e9riaux.<\/span><\/p>\n<h2><span data-preserver-spaces=\"true\">Les d\u00e9tails des bouteilles de liqueur en verre de 375 ml<\/span><\/h2>\n<p><span data-preserver-spaces=\"true\">Le diam\u00e8tre de la bouteille de liqueur en verre de 375 ml est de 59 mm \u00b1 1,5 mm, et sa hauteur est de 343,8 mm \u00b1 2 mm. Le poids en verre de ces bouteilles est de 580 g.  La finition du col de cette bouteille de liqueur en verre de 375 ml est T- a.<\/span> <span data-preserver-spaces=\"true\">finition en li\u00e8ge.<\/span><\/p>\n<p><span data-preserver-spaces=\"true\">Le mat\u00e9riau principal utilis\u00e9 pour ces bouteilles en verre est le verre High Flint. Ce mat\u00e9riau est de premi\u00e8re qualit\u00e9, ce qui rend les bouteilles en verre tr\u00e8s claires et durables.<\/span><\/p>\n<p><span data-preserver-spaces=\"true\">\u00c0 propos de la<\/span><span data-preserver-spaces=\"true\"> emballage <\/span><span data-preserver-spaces=\"true\">mani\u00e8re<\/span><span data-preserver-spaces=\"true\">, diff\u00e9rentes quantit\u00e9s <\/span><span data-preserver-spaces=\"true\">avec<\/span><span data-preserver-spaces=\"true\"> diff\u00e9rents emballages <\/span><span data-preserver-spaces=\"true\">voies<\/span><span data-preserver-spaces=\"true\">.<\/span><span data-preserver-spaces=\"true\"> Si votre commande est petite, nous pouvons utiliser le carton standard pour emballer les bouteilles en verre. <\/span><span data-preserver-spaces=\"true\">Il y a <\/span><span data-preserver-spaces=\"true\">\u00e0 propos de<\/span><span data-preserver-spaces=\"true\"> 20 <\/span><span data-preserver-spaces=\"true\">pcs<\/span><span data-preserver-spaces=\"true\"> par carton ou 24 <\/span><span data-preserver-spaces=\"true\">pcs<\/span><span data-preserver-spaces=\"true\"> par carton.<\/span><span data-preserver-spaces=\"true\"> Toutefois, si vous souhaitez cr\u00e9er une bo\u00eete de couleur personnalis\u00e9e pour l'emballage, nous pouvons \u00e9galement vous l'offrir. Si votre commande est tr\u00e8s importante, nous pouvons utiliser une palette sans fumigation pour l'emballer. Si votre commande n'est ni trop grande ni trop petite, nous pouvons emballer les bouteilles en verre dans un carton et sur une palette.<\/span><\/p>\n<p><span data-preserver-spaces=\"true\">Et, bien s\u00fbr, si vous <\/span><span data-preserver-spaces=\"true\">vouloir<\/span><span data-preserver-spaces=\"true\"> l'emballage des bouteilles en verre selon vos sp\u00e9cifications, nous pouvons \u00e9galement <\/span><span data-preserver-spaces=\"true\">le faire pour vous<\/span><span data-preserver-spaces=\"true\">.<\/span><\/p>\n<p><span data-preserver-spaces=\"true\">En tant que fabricant de bouteilles de liqueur en verre, nous disposons d'une \u00e9quipe de conception professionnelle dans notre usine et nous pouvons proposer des commandes OEM et ODM. <\/span><span data-preserver-spaces=\"true\">Vous pouvez <\/span><span data-preserver-spaces=\"true\">juste<\/span><span data-preserver-spaces=\"true\"> nous dire <\/span><span data-preserver-spaces=\"true\">qui<\/span><span data-preserver-spaces=\"true\"> que vous souhaitez ou nous envoyer une photo, et<\/span> <span data-preserver-spaces=\"true\">puis nous concevrons et <\/span><span data-preserver-spaces=\"true\">faire<\/span><span data-preserver-spaces=\"true\"> les bouteilles en verre.<\/span><\/p>","protected":false},"excerpt":{"rendered":"<table class=\"tg\">\n<tbody>\n<tr>\n<th class=\"tg-24i8\" colspan=\"2\">Bouteilles en verre 375ml \u00e0 long col avec bouchon en T<\/th>\n<\/tr>\n<tr>\n<td class=\"tg-b7b8\">R\u00e9f\u00e9rence :<\/td>\n<td class=\"tg-b7b8\">RS114<\/td>\n<\/tr>\n<tr>\n<td class=\"tg-yw4l\">Mat\u00e9riau principal :<\/td>\n<td class=\"tg-yw4l\">Verre \u00e0 haute teneur en silex (ce mat\u00e9riau est \u00e9galement appel\u00e9 verre blanc cristallin)<\/td>\n<\/tr>\n<tr>\n<td class=\"tg-b7b8\">Cap :<\/td>\n<td class=\"tg-b7b8\">Li\u00e8ge<\/td>\n<\/tr>\n<tr>\n<td class=\"tg-yw4l\">Capacit\u00e9 :<\/td>\n<td class=\"tg-yw4l\">375ml<\/td>\n<\/tr>\n<tr>\n<td class=\"tg-b7b8\">Fonctionnalit\u00e9 :<\/td>\n<td class=\"tg-b7b8\">Respect de l'environnement<\/td>\n<\/tr>\n<tr>\n<td class=\"tg-yw4l\">MOQ :<\/td>\n<td class=\"tg-yw4l\">10000 PCS<\/td>\n<\/tr>\n<tr>\n<td class=\"tg-b7b8\">Mode d'emballage :<\/td>\n<td class=\"tg-b7b8\">Carton standard pour l'exportation \/ Palette \/ carton standard pour l'exportation et palette<\/td>\n<\/tr>\n<tr>\n<td class=\"tg-yw4l\">OEM\/ODM :<\/td>\n<td class=\"tg-yw4l\">Bienvenue<\/td>\n<\/tr>\n<tr>\n<td class=\"tg-b7b8\">Origine du lieu :<\/td>\n<td class=\"tg-b7b8\">Shandong, Chine<\/td>\n<\/tr>\n<tr>\n<td class=\"tg-yw4l\">Pcs\/Ctn :<\/td>\n<td class=\"tg-yw4l\">24pcs ou selon la demande du client<\/td>\n<\/tr>\n<\/tbody>\n<\/table>","protected":false},"featured_media":4164,"comment_status":"closed","ping_status":"closed","template":"","meta":[],"product_cat":[15,55],"class_list":{"0":"post-4163","1":"product","2":"type-product","3":"status-publish","4":"has-post-thumbnail","6":"product_cat-glass-liquor-spirit-bottles","7":"product_cat-375ml-liquor-bottle-manufacturer","9":"first","10":"instock","11":"shipping-taxable","12":"product-type-simple"},"yoast_head":"<!-- This site is optimized with the Yoast SEO plugin v22.0 - https:\/\/yoast.com\/wordpress\/plugins\/seo\/ -->\n<title>Glass Liquor Bottles Manufacturer | Wholesale Long Neck Glass Bottles<\/title>\n<meta name=\"description\" content=\"Ruisheng, a professional glass liquor bottles manufacturer in China, wholesale long neck glass bottles with T-corks in factory outlet price.\" \/>\n<meta name=\"robots\" content=\"index, follow, max-snippet:-1, max-image-preview:large, max-video-preview:-1\" \/>\n<link rel=\"canonical\" href=\"https:\/\/ruishengglassco.com\/fr\/produit\/rs114-bouteilles-en-verre-a-long-col-de-375ml-avec-bouchon-en-t\" \/>\n<meta property=\"og:locale\" content=\"fr_FR\" \/>\n<meta property=\"og:type\" content=\"article\" \/>\n<meta property=\"og:title\" content=\"Glass Liquor Bottles Manufacturer | Wholesale Long Neck Glass Bottles\" \/>\n<meta property=\"og:description\" content=\"Ruisheng, a professional glass liquor bottles manufacturer in China, wholesale long neck glass bottles with T-corks in factory outlet price.\" \/>\n<meta property=\"og:url\" content=\"https:\/\/ruishengglassco.com\/fr\/produit\/rs114-bouteilles-en-verre-a-long-col-de-375ml-avec-bouchon-en-t\" \/>\n<meta property=\"article:publisher\" content=\"https:\/\/www.facebook.com\/ruishengglassbottles\" \/>\n<meta property=\"article:modified_time\" content=\"2025-09-11T08:11:58+00:00\" \/>\n<meta property=\"og:image\" content=\"https:\/\/ruishengglassco.com\/wp-content\/uploads\/2025\/03\/RS114-375ml-Long-Neck-Glass-Bottles-With-T-cork.webp\" \/>\n\t<meta property=\"og:image:width\" content=\"400\" \/>\n\t<meta property=\"og:image:height\" content=\"400\" \/>\n\t<meta property=\"og:image:type\" content=\"image\/webp\" \/>\n<meta name=\"twitter:card\" content=\"summary_large_image\" \/>\n<meta name=\"twitter:label1\" content=\"Dur\u00e9e de lecture estim\u00e9e\" \/>\n\t<meta name=\"twitter:data1\" content=\"2 minutes\" \/>\n<script type=\"application\/ld+json\" class=\"yoast-schema-graph\">{\"@context\":\"https:\/\/schema.org\",\"@graph\":[{\"@type\":\"WebPage\",\"@id\":\"https:\/\/ruishengglassco.com\/product\/rs114-375ml-long-neck-glass-bottles-with-t-cork\",\"url\":\"https:\/\/ruishengglassco.com\/product\/rs114-375ml-long-neck-glass-bottles-with-t-cork\",\"name\":\"Glass Liquor Bottles Manufacturer | Wholesale Long Neck Glass Bottles\",\"isPartOf\":{\"@id\":\"https:\/\/ruishengglassco.com\/#website\"},\"datePublished\":\"2025-03-14T16:05:40+00:00\",\"dateModified\":\"2025-09-11T08:11:58+00:00\",\"description\":\"Ruisheng, a professional glass liquor bottles manufacturer in China, wholesale long neck glass bottles with T-corks in factory outlet price.\",\"breadcrumb\":{\"@id\":\"https:\/\/ruishengglassco.com\/product\/rs114-375ml-long-neck-glass-bottles-with-t-cork#breadcrumb\"},\"inLanguage\":\"fr-FR\",\"potentialAction\":[{\"@type\":\"ReadAction\",\"target\":[\"https:\/\/ruishengglassco.com\/product\/rs114-375ml-long-neck-glass-bottles-with-t-cork\"]}]},{\"@type\":\"BreadcrumbList\",\"@id\":\"https:\/\/ruishengglassco.com\/product\/rs114-375ml-long-neck-glass-bottles-with-t-cork#breadcrumb\",\"itemListElement\":[{\"@type\":\"ListItem\",\"position\":1,\"name\":\"Home\",\"item\":\"https:\/\/ruishengglassco.com\/\"},{\"@type\":\"ListItem\",\"position\":2,\"name\":\"Products\",\"item\":\"https:\/\/ruishengglassco.com\/products\"},{\"@type\":\"ListItem\",\"position\":3,\"name\":\"RS114: 375ml Long Neck Glass Bottles With T- cork\"}]},{\"@type\":\"WebSite\",\"@id\":\"https:\/\/ruishengglassco.com\/#website\",\"url\":\"https:\/\/ruishengglassco.com\/\",\"name\":\"Ruisheng Glass\",\"description\":\"\",\"publisher\":{\"@id\":\"https:\/\/ruishengglassco.com\/#organization\"},\"potentialAction\":[{\"@type\":\"SearchAction\",\"target\":{\"@type\":\"EntryPoint\",\"urlTemplate\":\"https:\/\/ruishengglassco.com\/?s={search_term_string}\"},\"query-input\":\"required name=search_term_string\"}],\"inLanguage\":\"fr-FR\"},{\"@type\":\"Organization\",\"@id\":\"https:\/\/ruishengglassco.com\/#organization\",\"name\":\"Shandong Yuncheng Ruisheng Glass Co., Ltd\",\"url\":\"https:\/\/ruishengglassco.com\/\",\"logo\":{\"@type\":\"ImageObject\",\"inLanguage\":\"fr-FR\",\"@id\":\"https:\/\/ruishengglassco.com\/#\/schema\/logo\/image\/\",\"url\":\"https:\/\/ruishengglassco.com\/wp-content\/uploads\/2023\/09\/ruisheng_logo_icon.webp\",\"contentUrl\":\"https:\/\/ruishengglassco.com\/wp-content\/uploads\/2023\/09\/ruisheng_logo_icon.webp\",\"width\":400,\"height\":233,\"caption\":\"Shandong Yuncheng Ruisheng Glass Co., Ltd\"},\"image\":{\"@id\":\"https:\/\/ruishengglassco.com\/#\/schema\/logo\/image\/\"},\"sameAs\":[\"https:\/\/www.facebook.com\/ruishengglassbottles\",\"https:\/\/www.instagram.com\/Ruishengglassbottlewholesales\/\",\"https:\/\/www.youtube.com\/channel\/UCMmbMNGwsL-XrtjfSFLCdVQ\"]}]}<\/script>\n<!-- \/ Yoast SEO plugin. -->","yoast_head_json":{"title":"Glass Liquor Bottles Manufacturer | Wholesale Long Neck Glass Bottles","description":"Ruisheng, a professional glass liquor bottles manufacturer in China, wholesale long neck glass bottles with T-corks in factory outlet price.","robots":{"index":"index","follow":"follow","max-snippet":"max-snippet:-1","max-image-preview":"max-image-preview:large","max-video-preview":"max-video-preview:-1"},"canonical":"https:\/\/ruishengglassco.com\/fr\/produit\/rs114-bouteilles-en-verre-a-long-col-de-375ml-avec-bouchon-en-t","og_locale":"fr_FR","og_type":"article","og_title":"Glass Liquor Bottles Manufacturer | Wholesale Long Neck Glass Bottles","og_description":"Ruisheng, a professional glass liquor bottles manufacturer in China, wholesale long neck glass bottles with T-corks in factory outlet price.","og_url":"https:\/\/ruishengglassco.com\/fr\/produit\/rs114-bouteilles-en-verre-a-long-col-de-375ml-avec-bouchon-en-t","article_publisher":"https:\/\/www.facebook.com\/ruishengglassbottles","article_modified_time":"2025-09-11T08:11:58+00:00","og_image":[{"width":400,"height":400,"url":"https:\/\/ruishengglassco.com\/wp-content\/uploads\/2025\/03\/RS114-375ml-Long-Neck-Glass-Bottles-With-T-cork.webp","type":"image\/webp"}],"twitter_card":"summary_large_image","twitter_misc":{"Dur\u00e9e de lecture estim\u00e9e":"2 minutes"},"schema":{"@context":"https:\/\/schema.org","@graph":[{"@type":"WebPage","@id":"https:\/\/ruishengglassco.com\/product\/rs114-375ml-long-neck-glass-bottles-with-t-cork","url":"https:\/\/ruishengglassco.com\/product\/rs114-375ml-long-neck-glass-bottles-with-t-cork","name":"Glass Liquor Bottles Manufacturer | Wholesale Long Neck Glass Bottles","isPartOf":{"@id":"https:\/\/ruishengglassco.com\/#website"},"datePublished":"2025-03-14T16:05:40+00:00","dateModified":"2025-09-11T08:11:58+00:00","description":"Ruisheng, a professional glass liquor bottles manufacturer in China, wholesale long neck glass bottles with T-corks in factory outlet price.","breadcrumb":{"@id":"https:\/\/ruishengglassco.com\/product\/rs114-375ml-long-neck-glass-bottles-with-t-cork#breadcrumb"},"inLanguage":"fr-FR","potentialAction":[{"@type":"ReadAction","target":["https:\/\/ruishengglassco.com\/product\/rs114-375ml-long-neck-glass-bottles-with-t-cork"]}]},{"@type":"BreadcrumbList","@id":"https:\/\/ruishengglassco.com\/product\/rs114-375ml-long-neck-glass-bottles-with-t-cork#breadcrumb","itemListElement":[{"@type":"ListItem","position":1,"name":"Home","item":"https:\/\/ruishengglassco.com\/"},{"@type":"ListItem","position":2,"name":"Products","item":"https:\/\/ruishengglassco.com\/products"},{"@type":"ListItem","position":3,"name":"RS114: 375ml Long Neck Glass Bottles With T- cork"}]},{"@type":"WebSite","@id":"https:\/\/ruishengglassco.com\/#website","url":"https:\/\/ruishengglassco.com\/","name":"Ruisheng Glass","description":"","publisher":{"@id":"https:\/\/ruishengglassco.com\/#organization"},"potentialAction":[{"@type":"SearchAction","target":{"@type":"EntryPoint","urlTemplate":"https:\/\/ruishengglassco.com\/?s={search_term_string}"},"query-input":"required name=search_term_string"}],"inLanguage":"fr-FR"},{"@type":"Organization","@id":"https:\/\/ruishengglassco.com\/#organization","name":"Shandong Yuncheng Ruisheng Glass Co., Ltd","url":"https:\/\/ruishengglassco.com\/","logo":{"@type":"ImageObject","inLanguage":"fr-FR","@id":"https:\/\/ruishengglassco.com\/#\/schema\/logo\/image\/","url":"https:\/\/ruishengglassco.com\/wp-content\/uploads\/2023\/09\/ruisheng_logo_icon.webp","contentUrl":"https:\/\/ruishengglassco.com\/wp-content\/uploads\/2023\/09\/ruisheng_logo_icon.webp","width":400,"height":233,"caption":"Shandong Yuncheng Ruisheng Glass Co., Ltd"},"image":{"@id":"https:\/\/ruishengglassco.com\/#\/schema\/logo\/image\/"},"sameAs":["https:\/\/www.facebook.com\/ruishengglassbottles","https:\/\/www.instagram.com\/Ruishengglassbottlewholesales\/","https:\/\/www.youtube.com\/channel\/UCMmbMNGwsL-XrtjfSFLCdVQ"]}]}},"_links":{"self":[{"href":"https:\/\/ruishengglassco.com\/fr\/wp-json\/wp\/v2\/product\/4163","targetHints":{"allow":["GET"]}}],"collection":[{"href":"https:\/\/ruishengglassco.com\/fr\/wp-json\/wp\/v2\/product"}],"about":[{"href":"https:\/\/ruishengglassco.com\/fr\/wp-json\/wp\/v2\/types\/product"}],"replies":[{"embeddable":true,"href":"https:\/\/ruishengglassco.com\/fr\/wp-json\/wp\/v2\/comments?post=4163"}],"wp:featuredmedia":[{"embeddable":true,"href":"https:\/\/ruishengglassco.com\/fr\/wp-json\/wp\/v2\/media\/4164"}],"wp:attachment":[{"href":"https:\/\/ruishengglassco.com\/fr\/wp-json\/wp\/v2\/media?parent=4163"}],"wp:term":[{"taxonomy":"product_cat","embeddable":true,"href":"https:\/\/ruishengglassco.com\/fr\/wp-json\/wp\/v2\/product_cat?post=4163"}],"curies":[{"name":"wp","href":"https:\/\/api.w.org\/{rel}","templated":true}]}}