{"id":4159,"date":"2025-03-15T00:01:07","date_gmt":"2025-03-14T16:01:07","guid":{"rendered":"https:\/\/ruishengglassco.com\/?post_type=product&#038;p=4159"},"modified":"2025-07-16T15:04:30","modified_gmt":"2025-07-16T07:04:30","slug":"rs120clear-750ml-bouteilles-en-verre-avec-bouchons-a-vis-wholesale","status":"publish","type":"product","link":"https:\/\/ruishengglassco.com\/fr\/produit\/rs120clear-750ml-bouteilles-en-verre-avec-bouchons-a-vis-wholesale","title":{"rendered":"RS120:Bouteilles en verre transparent de 750ml avec bouchons \u00e0 vis Factory"},"content":{"rendered":"<p><span data-preserver-spaces=\"true\">Les bouteilles en verre transparent de 750 ml avec bouchons \u00e0 vis <\/span><span data-preserver-spaces=\"true\">sont fabriqu\u00e9s<\/span><span data-preserver-spaces=\"true\"> par Shandong Yuncheng Ruisheng Glass Co, Ltd. Notre soci\u00e9t\u00e9 est l'un des plus grands fabricants de super silex.<\/span><a class=\"editor-rtfLink\" href=\"https:\/\/ruishengglassco.com\/fr\/about-us\/\" target=\"_blank\" rel=\"noopener\"><span data-preserver-spaces=\"true\"> bouteilles de liqueur en verre<\/span><\/a><span data-preserver-spaces=\"true\"> en Chine. Notre soci\u00e9t\u00e9 compte plus de 500 employ\u00e9s et une \u00e9quipe d'ing\u00e9nieurs qualifi\u00e9s. Gr\u00e2ce \u00e0 notre riche exp\u00e9rience, nous avons acquis une bonne r\u00e9putation dans le monde entier.<\/span><\/p>\n<p><span data-preserver-spaces=\"true\">La bouteille de spiritueux en gros de 750 ml est orn\u00e9e de bouchons en li\u00e8ge et d'une \u00e9tiquette en plastique. <\/span><span data-preserver-spaces=\"true\">est \u00e9labor\u00e9<\/span><span data-preserver-spaces=\"true\"> de verre \u00e0 haute teneur en silex. Ce verre est <\/span><span data-preserver-spaces=\"true\">clair<\/span><span data-preserver-spaces=\"true\">Il est tr\u00e8s solide, durable et lisse. Il est id\u00e9al pour l'emballage de liqueurs, de vodka, de brandy, de whisky et d'autres spiritueux.<\/span><\/p>\n<p><span data-preserver-spaces=\"true\">Ruisheng est un fabricant de premier plan de bouteilles de spiritueux en gros avec bouchons. Nous sommes sp\u00e9cialis\u00e9s dans les bouteilles en verre de haute qualit\u00e9, notamment celles destin\u00e9es \u00e0 la vodka, au brandy, au whisky, \u00e0 la liqueur et \u00e0 la confiture. Nous proposons \u00e9galement une vari\u00e9t\u00e9 de couleurs de bouteilles de spiritueux pour la vente en gros. <\/span><span data-preserver-spaces=\"true\">Le pr\u00e9sent<\/span><span data-preserver-spaces=\"true\"> La gamme de produits comprend des bouteilles en verre ambr\u00e9, vert, blanc et transparent. Nos principaux march\u00e9s sont le Royaume-Uni, les \u00c9tats-Unis, l'Australie, le Canada et les \u00c9tats-Unis. <\/span><span data-preserver-spaces=\"true\">autres<\/span><span data-preserver-spaces=\"true\">. Tous les produits jouissent d'une excellente r\u00e9putation en mati\u00e8re d'innovation et de fonctionnalit\u00e9.<\/span><\/p>\n<p><span data-preserver-spaces=\"true\">Comment choisir les bouteilles en verre pour e-liquide ? Choisissez la bonne bouteille en verre transparent pour votre e-liquide. Le premier crit\u00e8re est la qualit\u00e9 des bouteilles de liquide. Qualit\u00e9 sup\u00e9rieure<\/span><a class=\"editor-rtfLink\" href=\"https:\/\/ruishengglassco.com\/fr\/our-products\/\" target=\"_blank\" rel=\"noopener\"><span data-preserver-spaces=\"true\"> bouteilles en verre<\/span><\/a><span data-preserver-spaces=\"true\"> peut garantir la qualit\u00e9 de l'alcool et en augmenter la valeur.\u00a0<\/span><span data-preserver-spaces=\"true\">En outre, les clients doivent \u00e9galement pr\u00eater attention \u00e0 la qualit\u00e9 des produits alcoolis\u00e9s, <\/span><span data-preserver-spaces=\"true\">liqueur<\/span><span data-preserver-spaces=\"true\"> la saveur et la propagande culturelle <\/span><span data-preserver-spaces=\"true\">pour s\u00e9lectionner<\/span><span data-preserver-spaces=\"true\"> un flacon de verre liquide.<\/span><span data-preserver-spaces=\"true\">\u00a0Lorsque vous achetez des bouteilles d'alcool, optez pour un fabricant de confiance. Vous serez ainsi s\u00fbr de la qualit\u00e9 et du prix.<\/span><\/p>\n<p><span data-preserver-spaces=\"true\">Si vous \u00eates int\u00e9ress\u00e9 par nos bouteilles en verre transparent de 750ml avec bouchons \u00e0 vis, <\/span><span data-preserver-spaces=\"true\">veuillez nous contacter<\/span><span data-preserver-spaces=\"true\">.<\/span><span data-preserver-spaces=\"true\"> Nous vous r\u00e9pondrons dans les 24 heures.<\/span><\/p>","protected":false},"excerpt":{"rendered":"<p>Bouteilles rondes en verre transparent de 750 ml avec bouchons \u00e0 vis. La belle couleur du spiritueux transpara\u00eet \u00e0 travers le verre super-flint pour le whisky, le brandy, la vodka, etc. Bouchon en li\u00e8ge\/\u00e0 vis disponible.<\/p>\n<p>Bouteille en verre de 750ml D\u00e9tails :<\/p>\n<ul>\n<li>R\u00e9f\u00e9rence : RS120<\/li>\n<li><strong>Service OEM\/ODM offert. MOQ:10000pcs(10000 PCS)<\/strong><\/li>\n<li>Capuchon : Capuchon \u00e0 vis\/bouchon<\/li>\n<li>Mat\u00e9riau : Verre \u00e0 haute teneur en silex<\/li>\n<li>Livraison : \u00c9chantillon gratuit offert dans les 3 \u00e0 7 jours. Commande en gros sous 30 jours.<\/li>\n<li>Caract\u00e9ristique : Respectueux de l'environnement<\/li>\n<\/ul>","protected":false},"featured_media":4160,"comment_status":"closed","ping_status":"closed","template":"","meta":[],"product_cat":[40],"class_list":{"0":"post-4159","1":"product","2":"type-product","3":"status-publish","4":"has-post-thumbnail","6":"product_cat-750ml-liquor-bottle-manufacturer","8":"first","9":"instock","10":"shipping-taxable","11":"product-type-simple"},"yoast_head":"<!-- This site is optimized with the Yoast SEO plugin v22.0 - https:\/\/yoast.com\/wordpress\/plugins\/seo\/ -->\n<title>Clear Glass Bottles With Screw Caps | Wholesale Glass Liquor Bottle<\/title>\n<meta name=\"description\" content=\"Buy Clear Glass Bottles With Screw Caps From China Liquor Bottle Factory. 750ML Glass Liquot Bottle Wholesale In Cheap Price.\" \/>\n<meta name=\"robots\" content=\"index, follow, max-snippet:-1, max-image-preview:large, max-video-preview:-1\" \/>\n<link rel=\"canonical\" href=\"https:\/\/ruishengglassco.com\/fr\/produit\/rs120clear-750ml-bouteilles-en-verre-avec-bouchons-a-vis-wholesale\" \/>\n<meta property=\"og:locale\" content=\"fr_FR\" \/>\n<meta property=\"og:type\" content=\"article\" \/>\n<meta property=\"og:title\" content=\"Clear Glass Bottles With Screw Caps | Wholesale Glass Liquor Bottle\" \/>\n<meta property=\"og:description\" content=\"Buy Clear Glass Bottles With Screw Caps From China Liquor Bottle Factory. 750ML Glass Liquot Bottle Wholesale In Cheap Price.\" \/>\n<meta property=\"og:url\" content=\"https:\/\/ruishengglassco.com\/fr\/produit\/rs120clear-750ml-bouteilles-en-verre-avec-bouchons-a-vis-wholesale\" \/>\n<meta property=\"article:publisher\" content=\"https:\/\/www.facebook.com\/ruishengglassbottles\" \/>\n<meta property=\"article:modified_time\" content=\"2025-07-16T07:04:30+00:00\" \/>\n<meta property=\"og:image\" content=\"https:\/\/ruishengglassco.com\/wp-content\/uploads\/2025\/03\/RS120-Clear-750ml-Glass-Bottles-With-Screw-Caps-Wholesale.webp\" \/>\n\t<meta property=\"og:image:width\" content=\"800\" \/>\n\t<meta property=\"og:image:height\" content=\"800\" \/>\n\t<meta property=\"og:image:type\" content=\"image\/webp\" \/>\n<meta name=\"twitter:card\" content=\"summary_large_image\" \/>\n<meta name=\"twitter:label1\" content=\"Dur\u00e9e de lecture estim\u00e9e\" \/>\n\t<meta name=\"twitter:data1\" content=\"2 minutes\" \/>\n<script type=\"application\/ld+json\" class=\"yoast-schema-graph\">{\"@context\":\"https:\/\/schema.org\",\"@graph\":[{\"@type\":\"WebPage\",\"@id\":\"https:\/\/ruishengglassco.com\/product\/rs120clear-750ml-glass-bottles-with-screw-caps-wholesale\",\"url\":\"https:\/\/ruishengglassco.com\/product\/rs120clear-750ml-glass-bottles-with-screw-caps-wholesale\",\"name\":\"Clear Glass Bottles With Screw Caps | Wholesale Glass Liquor Bottle\",\"isPartOf\":{\"@id\":\"https:\/\/ruishengglassco.com\/#website\"},\"datePublished\":\"2025-03-14T16:01:07+00:00\",\"dateModified\":\"2025-07-16T07:04:30+00:00\",\"description\":\"Buy Clear Glass Bottles With Screw Caps From China Liquor Bottle Factory. 750ML Glass Liquot Bottle Wholesale In Cheap Price.\",\"breadcrumb\":{\"@id\":\"https:\/\/ruishengglassco.com\/product\/rs120clear-750ml-glass-bottles-with-screw-caps-wholesale#breadcrumb\"},\"inLanguage\":\"fr-FR\",\"potentialAction\":[{\"@type\":\"ReadAction\",\"target\":[\"https:\/\/ruishengglassco.com\/product\/rs120clear-750ml-glass-bottles-with-screw-caps-wholesale\"]}]},{\"@type\":\"BreadcrumbList\",\"@id\":\"https:\/\/ruishengglassco.com\/product\/rs120clear-750ml-glass-bottles-with-screw-caps-wholesale#breadcrumb\",\"itemListElement\":[{\"@type\":\"ListItem\",\"position\":1,\"name\":\"Home\",\"item\":\"https:\/\/ruishengglassco.com\/\"},{\"@type\":\"ListItem\",\"position\":2,\"name\":\"Products\",\"item\":\"https:\/\/ruishengglassco.com\/products\"},{\"@type\":\"ListItem\",\"position\":3,\"name\":\"RS120:Clear 750ml Glass Bottles With Screw Caps Factory\"}]},{\"@type\":\"WebSite\",\"@id\":\"https:\/\/ruishengglassco.com\/#website\",\"url\":\"https:\/\/ruishengglassco.com\/\",\"name\":\"Ruisheng Glass\",\"description\":\"\",\"publisher\":{\"@id\":\"https:\/\/ruishengglassco.com\/#organization\"},\"potentialAction\":[{\"@type\":\"SearchAction\",\"target\":{\"@type\":\"EntryPoint\",\"urlTemplate\":\"https:\/\/ruishengglassco.com\/?s={search_term_string}\"},\"query-input\":\"required name=search_term_string\"}],\"inLanguage\":\"fr-FR\"},{\"@type\":\"Organization\",\"@id\":\"https:\/\/ruishengglassco.com\/#organization\",\"name\":\"Shandong Yuncheng Ruisheng Glass Co., Ltd\",\"url\":\"https:\/\/ruishengglassco.com\/\",\"logo\":{\"@type\":\"ImageObject\",\"inLanguage\":\"fr-FR\",\"@id\":\"https:\/\/ruishengglassco.com\/#\/schema\/logo\/image\/\",\"url\":\"https:\/\/ruishengglassco.com\/wp-content\/uploads\/2023\/09\/ruisheng_logo_icon.webp\",\"contentUrl\":\"https:\/\/ruishengglassco.com\/wp-content\/uploads\/2023\/09\/ruisheng_logo_icon.webp\",\"width\":400,\"height\":233,\"caption\":\"Shandong Yuncheng Ruisheng Glass Co., Ltd\"},\"image\":{\"@id\":\"https:\/\/ruishengglassco.com\/#\/schema\/logo\/image\/\"},\"sameAs\":[\"https:\/\/www.facebook.com\/ruishengglassbottles\",\"https:\/\/www.instagram.com\/Ruishengglassbottlewholesales\/\",\"https:\/\/www.youtube.com\/channel\/UCMmbMNGwsL-XrtjfSFLCdVQ\"]}]}<\/script>\n<!-- \/ Yoast SEO plugin. -->","yoast_head_json":{"title":"Clear Glass Bottles With Screw Caps | Wholesale Glass Liquor Bottle","description":"Buy Clear Glass Bottles With Screw Caps From China Liquor Bottle Factory. 750ML Glass Liquot Bottle Wholesale In Cheap Price.","robots":{"index":"index","follow":"follow","max-snippet":"max-snippet:-1","max-image-preview":"max-image-preview:large","max-video-preview":"max-video-preview:-1"},"canonical":"https:\/\/ruishengglassco.com\/fr\/produit\/rs120clear-750ml-bouteilles-en-verre-avec-bouchons-a-vis-wholesale","og_locale":"fr_FR","og_type":"article","og_title":"Clear Glass Bottles With Screw Caps | Wholesale Glass Liquor Bottle","og_description":"Buy Clear Glass Bottles With Screw Caps From China Liquor Bottle Factory. 750ML Glass Liquot Bottle Wholesale In Cheap Price.","og_url":"https:\/\/ruishengglassco.com\/fr\/produit\/rs120clear-750ml-bouteilles-en-verre-avec-bouchons-a-vis-wholesale","article_publisher":"https:\/\/www.facebook.com\/ruishengglassbottles","article_modified_time":"2025-07-16T07:04:30+00:00","og_image":[{"width":800,"height":800,"url":"https:\/\/ruishengglassco.com\/wp-content\/uploads\/2025\/03\/RS120-Clear-750ml-Glass-Bottles-With-Screw-Caps-Wholesale.webp","type":"image\/webp"}],"twitter_card":"summary_large_image","twitter_misc":{"Dur\u00e9e de lecture estim\u00e9e":"2 minutes"},"schema":{"@context":"https:\/\/schema.org","@graph":[{"@type":"WebPage","@id":"https:\/\/ruishengglassco.com\/product\/rs120clear-750ml-glass-bottles-with-screw-caps-wholesale","url":"https:\/\/ruishengglassco.com\/product\/rs120clear-750ml-glass-bottles-with-screw-caps-wholesale","name":"Clear Glass Bottles With Screw Caps | Wholesale Glass Liquor Bottle","isPartOf":{"@id":"https:\/\/ruishengglassco.com\/#website"},"datePublished":"2025-03-14T16:01:07+00:00","dateModified":"2025-07-16T07:04:30+00:00","description":"Buy Clear Glass Bottles With Screw Caps From China Liquor Bottle Factory. 750ML Glass Liquot Bottle Wholesale In Cheap Price.","breadcrumb":{"@id":"https:\/\/ruishengglassco.com\/product\/rs120clear-750ml-glass-bottles-with-screw-caps-wholesale#breadcrumb"},"inLanguage":"fr-FR","potentialAction":[{"@type":"ReadAction","target":["https:\/\/ruishengglassco.com\/product\/rs120clear-750ml-glass-bottles-with-screw-caps-wholesale"]}]},{"@type":"BreadcrumbList","@id":"https:\/\/ruishengglassco.com\/product\/rs120clear-750ml-glass-bottles-with-screw-caps-wholesale#breadcrumb","itemListElement":[{"@type":"ListItem","position":1,"name":"Home","item":"https:\/\/ruishengglassco.com\/"},{"@type":"ListItem","position":2,"name":"Products","item":"https:\/\/ruishengglassco.com\/products"},{"@type":"ListItem","position":3,"name":"RS120:Clear 750ml Glass Bottles With Screw Caps Factory"}]},{"@type":"WebSite","@id":"https:\/\/ruishengglassco.com\/#website","url":"https:\/\/ruishengglassco.com\/","name":"Ruisheng Glass","description":"","publisher":{"@id":"https:\/\/ruishengglassco.com\/#organization"},"potentialAction":[{"@type":"SearchAction","target":{"@type":"EntryPoint","urlTemplate":"https:\/\/ruishengglassco.com\/?s={search_term_string}"},"query-input":"required name=search_term_string"}],"inLanguage":"fr-FR"},{"@type":"Organization","@id":"https:\/\/ruishengglassco.com\/#organization","name":"Shandong Yuncheng Ruisheng Glass Co., Ltd","url":"https:\/\/ruishengglassco.com\/","logo":{"@type":"ImageObject","inLanguage":"fr-FR","@id":"https:\/\/ruishengglassco.com\/#\/schema\/logo\/image\/","url":"https:\/\/ruishengglassco.com\/wp-content\/uploads\/2023\/09\/ruisheng_logo_icon.webp","contentUrl":"https:\/\/ruishengglassco.com\/wp-content\/uploads\/2023\/09\/ruisheng_logo_icon.webp","width":400,"height":233,"caption":"Shandong Yuncheng Ruisheng Glass Co., Ltd"},"image":{"@id":"https:\/\/ruishengglassco.com\/#\/schema\/logo\/image\/"},"sameAs":["https:\/\/www.facebook.com\/ruishengglassbottles","https:\/\/www.instagram.com\/Ruishengglassbottlewholesales\/","https:\/\/www.youtube.com\/channel\/UCMmbMNGwsL-XrtjfSFLCdVQ"]}]}},"_links":{"self":[{"href":"https:\/\/ruishengglassco.com\/fr\/wp-json\/wp\/v2\/product\/4159","targetHints":{"allow":["GET"]}}],"collection":[{"href":"https:\/\/ruishengglassco.com\/fr\/wp-json\/wp\/v2\/product"}],"about":[{"href":"https:\/\/ruishengglassco.com\/fr\/wp-json\/wp\/v2\/types\/product"}],"replies":[{"embeddable":true,"href":"https:\/\/ruishengglassco.com\/fr\/wp-json\/wp\/v2\/comments?post=4159"}],"wp:featuredmedia":[{"embeddable":true,"href":"https:\/\/ruishengglassco.com\/fr\/wp-json\/wp\/v2\/media\/4160"}],"wp:attachment":[{"href":"https:\/\/ruishengglassco.com\/fr\/wp-json\/wp\/v2\/media?parent=4159"}],"wp:term":[{"taxonomy":"product_cat","embeddable":true,"href":"https:\/\/ruishengglassco.com\/fr\/wp-json\/wp\/v2\/product_cat?post=4159"}],"curies":[{"name":"wp","href":"https:\/\/api.w.org\/{rel}","templated":true}]}}