{"id":4157,"date":"2025-03-14T23:58:51","date_gmt":"2025-03-14T15:58:51","guid":{"rendered":"https:\/\/ruishengglassco.com\/?post_type=product&#038;p=4157"},"modified":"2025-07-17T13:35:48","modified_gmt":"2025-07-17T05:35:48","slug":"rs121-bouteilles-rondes-de-liqueur-de-16-oz-avec-bouchon-a-vis","status":"publish","type":"product","link":"https:\/\/ruishengglassco.com\/fr\/produit\/rs121-bouteilles-rondes-de-liqueur-de-16-oz-avec-bouchon-a-vis","title":{"rendered":"RS121 : Bouteilles rondes de liqueur de 16 OZ avec bouchon \u00e0 vis"},"content":{"rendered":"<p>Les bouteilles en verre 16 oz wholesale sont fabriqu\u00e9es par Shandong Yuncheng Ruisheng Glass Co, Ltd. Notre soci\u00e9t\u00e9 est l'un des plus grands fournisseurs de bouteilles de liqueur en verre super flint en Chine.<\/p>\n<p>La bouteille de liqueur ronde de 500 ml est fabriqu\u00e9e en verre flint de haute qualit\u00e9. Ce choix rend la bouteille plus claire, plus durable et plus douce au toucher.<\/p>\n<p>Notre soci\u00e9t\u00e9 compte plus de 500 employ\u00e9s et une \u00e9quipe d'ing\u00e9nieurs qualifi\u00e9s. Gr\u00e2ce \u00e0 notre riche exp\u00e9rience, nous avons acquis une bonne r\u00e9putation dans le monde entier.<\/p>\n<p>Nos principales lignes de produits comprennent la s\u00e9rie de bouteilles en verre de 750 ml, la s\u00e9rie de bouteilles en verre de 700 ml et la s\u00e9rie de bouteilles en verre de 500 ml. Ruisheng est un fournisseur de premier plan de bouteilles rondes de liqueur de 500 ml en Chine. Nous exportons des bouteilles de vodka, de whisky, de gin, de brandy et de confiture vers plus de 50 pays, dont les \u00c9tats-Unis, le Royaume-Uni, l'Australie, la France et l'\u00c9gypte. Nos produits sont r\u00e9put\u00e9s pour leur innovation et leur fonctionnalit\u00e9.<\/p>\n<h2>D\u00e9tails sur les bouteilles en verre 16 OZ Wholesale<\/h2>\n<ul>\n<li>Mat\u00e9riau principal : verre \u00e0 haute teneur en silex<\/li>\n<li>Bouchon : Bouchon \u00e0 vis\/ Bouchon en li\u00e8ge\/ Bouchon en verre<\/li>\n<li>R\u00e9f\u00e9rence : RS121<\/li>\n<li>MOQ : 10000 PCS<\/li>\n<li>Capacit\u00e9 : 500ml<\/li>\n<li>Pcs\/Ctn:24pcs<\/li>\n<li>Origine du lieu : Shandong, Chine<\/li>\n<li>Caract\u00e9ristique : Respectueux de l'environnement<\/li>\n<\/ul>\n<p>Si vous \u00eates int\u00e9ress\u00e9 par nos bouteilles en verre 16 oz en gros, veuillez nous contacter. Si vous souhaitez fabriquer des bouteilles en verre personnalis\u00e9es, n'h\u00e9sitez pas \u00e0 nous contacter. Nous sommes tr\u00e8s heureux de recevoir votre demande pour la meilleure bouteille d'eau en verre.<\/p>","protected":false},"excerpt":{"rendered":"<p>Les bouteilles en verre Ruisheng 16 oz wholesale ont des corps transparents, ce qui permet de montrer facilement la qualit\u00e9, la couleur et le lustre de la liqueur. Notre bouteille ronde de liqueur en gros de l'usine chinoise a \u00e9t\u00e9 export\u00e9e dans plus de 20 pays et a gagn\u00e9 la faveur des clients.<\/p>","protected":false},"featured_media":4158,"comment_status":"closed","ping_status":"closed","template":"","meta":[],"product_cat":[41],"class_list":{"0":"post-4157","1":"product","2":"type-product","3":"status-publish","4":"has-post-thumbnail","6":"product_cat-500ml-liquor-bottle-manufacturer","8":"first","9":"instock","10":"shipping-taxable","11":"product-type-simple"},"yoast_head":"<!-- This site is optimized with the Yoast SEO plugin v22.0 - https:\/\/yoast.com\/wordpress\/plugins\/seo\/ -->\n<title>16 OZ Glass Bottles Wholesale | 500ml Round Liquor Bottle Supplier<\/title>\n<meta name=\"description\" content=\"Ruisheng, a primary China Liquor Bottle Manufacturer&amp;Supplier, provide 16 OZ glass bottles wholesale for liquor brands, companies.\" \/>\n<meta name=\"robots\" content=\"index, follow, max-snippet:-1, max-image-preview:large, max-video-preview:-1\" \/>\n<link rel=\"canonical\" href=\"https:\/\/ruishengglassco.com\/fr\/produit\/rs121-bouteilles-rondes-de-liqueur-de-16-oz-avec-bouchon-a-vis\" \/>\n<meta property=\"og:locale\" content=\"fr_FR\" \/>\n<meta property=\"og:type\" content=\"article\" \/>\n<meta property=\"og:title\" content=\"16 OZ Glass Bottles Wholesale | 500ml Round Liquor Bottle Supplier\" \/>\n<meta property=\"og:description\" content=\"Ruisheng, a primary China Liquor Bottle Manufacturer&amp;Supplier, provide 16 OZ glass bottles wholesale for liquor brands, companies.\" \/>\n<meta property=\"og:url\" content=\"https:\/\/ruishengglassco.com\/fr\/produit\/rs121-bouteilles-rondes-de-liqueur-de-16-oz-avec-bouchon-a-vis\" \/>\n<meta property=\"article:publisher\" content=\"https:\/\/www.facebook.com\/ruishengglassbottles\" \/>\n<meta property=\"article:modified_time\" content=\"2025-07-17T05:35:48+00:00\" \/>\n<meta property=\"og:image\" content=\"https:\/\/ruishengglassco.com\/wp-content\/uploads\/2025\/03\/RS121-16-OZ-Round-Liquor-Bottles-With-Screw-Cap.webp\" \/>\n\t<meta property=\"og:image:width\" content=\"400\" \/>\n\t<meta property=\"og:image:height\" content=\"400\" \/>\n\t<meta property=\"og:image:type\" content=\"image\/webp\" \/>\n<meta name=\"twitter:card\" content=\"summary_large_image\" \/>\n<meta name=\"twitter:label1\" content=\"Dur\u00e9e de lecture estim\u00e9e\" \/>\n\t<meta name=\"twitter:data1\" content=\"2 minutes\" \/>\n<script type=\"application\/ld+json\" class=\"yoast-schema-graph\">{\"@context\":\"https:\/\/schema.org\",\"@graph\":[{\"@type\":\"WebPage\",\"@id\":\"https:\/\/ruishengglassco.com\/product\/rs121-16-oz-round-liquor-bottles-with-screw-cap\",\"url\":\"https:\/\/ruishengglassco.com\/product\/rs121-16-oz-round-liquor-bottles-with-screw-cap\",\"name\":\"16 OZ Glass Bottles Wholesale | 500ml Round Liquor Bottle Supplier\",\"isPartOf\":{\"@id\":\"https:\/\/ruishengglassco.com\/#website\"},\"datePublished\":\"2025-03-14T15:58:51+00:00\",\"dateModified\":\"2025-07-17T05:35:48+00:00\",\"description\":\"Ruisheng, a primary China Liquor Bottle Manufacturer&Supplier, provide 16 OZ glass bottles wholesale for liquor brands, companies.\",\"breadcrumb\":{\"@id\":\"https:\/\/ruishengglassco.com\/product\/rs121-16-oz-round-liquor-bottles-with-screw-cap#breadcrumb\"},\"inLanguage\":\"fr-FR\",\"potentialAction\":[{\"@type\":\"ReadAction\",\"target\":[\"https:\/\/ruishengglassco.com\/product\/rs121-16-oz-round-liquor-bottles-with-screw-cap\"]}]},{\"@type\":\"BreadcrumbList\",\"@id\":\"https:\/\/ruishengglassco.com\/product\/rs121-16-oz-round-liquor-bottles-with-screw-cap#breadcrumb\",\"itemListElement\":[{\"@type\":\"ListItem\",\"position\":1,\"name\":\"Home\",\"item\":\"https:\/\/ruishengglassco.com\/\"},{\"@type\":\"ListItem\",\"position\":2,\"name\":\"Products\",\"item\":\"https:\/\/ruishengglassco.com\/products\"},{\"@type\":\"ListItem\",\"position\":3,\"name\":\"RS121: 16 OZ Round Liquor Bottles With Screw Cap\"}]},{\"@type\":\"WebSite\",\"@id\":\"https:\/\/ruishengglassco.com\/#website\",\"url\":\"https:\/\/ruishengglassco.com\/\",\"name\":\"Ruisheng Glass\",\"description\":\"\",\"publisher\":{\"@id\":\"https:\/\/ruishengglassco.com\/#organization\"},\"potentialAction\":[{\"@type\":\"SearchAction\",\"target\":{\"@type\":\"EntryPoint\",\"urlTemplate\":\"https:\/\/ruishengglassco.com\/?s={search_term_string}\"},\"query-input\":\"required name=search_term_string\"}],\"inLanguage\":\"fr-FR\"},{\"@type\":\"Organization\",\"@id\":\"https:\/\/ruishengglassco.com\/#organization\",\"name\":\"Shandong Yuncheng Ruisheng Glass Co., Ltd\",\"url\":\"https:\/\/ruishengglassco.com\/\",\"logo\":{\"@type\":\"ImageObject\",\"inLanguage\":\"fr-FR\",\"@id\":\"https:\/\/ruishengglassco.com\/#\/schema\/logo\/image\/\",\"url\":\"https:\/\/ruishengglassco.com\/wp-content\/uploads\/2023\/09\/ruisheng_logo_icon.webp\",\"contentUrl\":\"https:\/\/ruishengglassco.com\/wp-content\/uploads\/2023\/09\/ruisheng_logo_icon.webp\",\"width\":400,\"height\":233,\"caption\":\"Shandong Yuncheng Ruisheng Glass Co., Ltd\"},\"image\":{\"@id\":\"https:\/\/ruishengglassco.com\/#\/schema\/logo\/image\/\"},\"sameAs\":[\"https:\/\/www.facebook.com\/ruishengglassbottles\",\"https:\/\/www.instagram.com\/Ruishengglassbottlewholesales\/\",\"https:\/\/www.youtube.com\/channel\/UCMmbMNGwsL-XrtjfSFLCdVQ\"]}]}<\/script>\n<!-- \/ Yoast SEO plugin. -->","yoast_head_json":{"title":"16 OZ Glass Bottles Wholesale | 500ml Round Liquor Bottle Supplier","description":"Ruisheng, a primary China Liquor Bottle Manufacturer&Supplier, provide 16 OZ glass bottles wholesale for liquor brands, companies.","robots":{"index":"index","follow":"follow","max-snippet":"max-snippet:-1","max-image-preview":"max-image-preview:large","max-video-preview":"max-video-preview:-1"},"canonical":"https:\/\/ruishengglassco.com\/fr\/produit\/rs121-bouteilles-rondes-de-liqueur-de-16-oz-avec-bouchon-a-vis","og_locale":"fr_FR","og_type":"article","og_title":"16 OZ Glass Bottles Wholesale | 500ml Round Liquor Bottle Supplier","og_description":"Ruisheng, a primary China Liquor Bottle Manufacturer&Supplier, provide 16 OZ glass bottles wholesale for liquor brands, companies.","og_url":"https:\/\/ruishengglassco.com\/fr\/produit\/rs121-bouteilles-rondes-de-liqueur-de-16-oz-avec-bouchon-a-vis","article_publisher":"https:\/\/www.facebook.com\/ruishengglassbottles","article_modified_time":"2025-07-17T05:35:48+00:00","og_image":[{"width":400,"height":400,"url":"https:\/\/ruishengglassco.com\/wp-content\/uploads\/2025\/03\/RS121-16-OZ-Round-Liquor-Bottles-With-Screw-Cap.webp","type":"image\/webp"}],"twitter_card":"summary_large_image","twitter_misc":{"Dur\u00e9e de lecture estim\u00e9e":"2 minutes"},"schema":{"@context":"https:\/\/schema.org","@graph":[{"@type":"WebPage","@id":"https:\/\/ruishengglassco.com\/product\/rs121-16-oz-round-liquor-bottles-with-screw-cap","url":"https:\/\/ruishengglassco.com\/product\/rs121-16-oz-round-liquor-bottles-with-screw-cap","name":"16 OZ Glass Bottles Wholesale | 500ml Round Liquor Bottle Supplier","isPartOf":{"@id":"https:\/\/ruishengglassco.com\/#website"},"datePublished":"2025-03-14T15:58:51+00:00","dateModified":"2025-07-17T05:35:48+00:00","description":"Ruisheng, a primary China Liquor Bottle Manufacturer&Supplier, provide 16 OZ glass bottles wholesale for liquor brands, companies.","breadcrumb":{"@id":"https:\/\/ruishengglassco.com\/product\/rs121-16-oz-round-liquor-bottles-with-screw-cap#breadcrumb"},"inLanguage":"fr-FR","potentialAction":[{"@type":"ReadAction","target":["https:\/\/ruishengglassco.com\/product\/rs121-16-oz-round-liquor-bottles-with-screw-cap"]}]},{"@type":"BreadcrumbList","@id":"https:\/\/ruishengglassco.com\/product\/rs121-16-oz-round-liquor-bottles-with-screw-cap#breadcrumb","itemListElement":[{"@type":"ListItem","position":1,"name":"Home","item":"https:\/\/ruishengglassco.com\/"},{"@type":"ListItem","position":2,"name":"Products","item":"https:\/\/ruishengglassco.com\/products"},{"@type":"ListItem","position":3,"name":"RS121: 16 OZ Round Liquor Bottles With Screw Cap"}]},{"@type":"WebSite","@id":"https:\/\/ruishengglassco.com\/#website","url":"https:\/\/ruishengglassco.com\/","name":"Ruisheng Glass","description":"","publisher":{"@id":"https:\/\/ruishengglassco.com\/#organization"},"potentialAction":[{"@type":"SearchAction","target":{"@type":"EntryPoint","urlTemplate":"https:\/\/ruishengglassco.com\/?s={search_term_string}"},"query-input":"required name=search_term_string"}],"inLanguage":"fr-FR"},{"@type":"Organization","@id":"https:\/\/ruishengglassco.com\/#organization","name":"Shandong Yuncheng Ruisheng Glass Co., Ltd","url":"https:\/\/ruishengglassco.com\/","logo":{"@type":"ImageObject","inLanguage":"fr-FR","@id":"https:\/\/ruishengglassco.com\/#\/schema\/logo\/image\/","url":"https:\/\/ruishengglassco.com\/wp-content\/uploads\/2023\/09\/ruisheng_logo_icon.webp","contentUrl":"https:\/\/ruishengglassco.com\/wp-content\/uploads\/2023\/09\/ruisheng_logo_icon.webp","width":400,"height":233,"caption":"Shandong Yuncheng Ruisheng Glass Co., Ltd"},"image":{"@id":"https:\/\/ruishengglassco.com\/#\/schema\/logo\/image\/"},"sameAs":["https:\/\/www.facebook.com\/ruishengglassbottles","https:\/\/www.instagram.com\/Ruishengglassbottlewholesales\/","https:\/\/www.youtube.com\/channel\/UCMmbMNGwsL-XrtjfSFLCdVQ"]}]}},"_links":{"self":[{"href":"https:\/\/ruishengglassco.com\/fr\/wp-json\/wp\/v2\/product\/4157","targetHints":{"allow":["GET"]}}],"collection":[{"href":"https:\/\/ruishengglassco.com\/fr\/wp-json\/wp\/v2\/product"}],"about":[{"href":"https:\/\/ruishengglassco.com\/fr\/wp-json\/wp\/v2\/types\/product"}],"replies":[{"embeddable":true,"href":"https:\/\/ruishengglassco.com\/fr\/wp-json\/wp\/v2\/comments?post=4157"}],"wp:featuredmedia":[{"embeddable":true,"href":"https:\/\/ruishengglassco.com\/fr\/wp-json\/wp\/v2\/media\/4158"}],"wp:attachment":[{"href":"https:\/\/ruishengglassco.com\/fr\/wp-json\/wp\/v2\/media?parent=4157"}],"wp:term":[{"taxonomy":"product_cat","embeddable":true,"href":"https:\/\/ruishengglassco.com\/fr\/wp-json\/wp\/v2\/product_cat?post=4157"}],"curies":[{"name":"wp","href":"https:\/\/api.w.org\/{rel}","templated":true}]}}