{"id":4155,"date":"2025-03-14T23:56:03","date_gmt":"2025-03-14T15:56:03","guid":{"rendered":"https:\/\/ruishengglassco.com\/?post_type=product&#038;p=4155"},"modified":"2025-07-16T15:02:23","modified_gmt":"2025-07-16T07:02:23","slug":"rs122-1000ml-bouteilles-en-verre-clair-pour-la-vente-en-gros-de-spiritueux","status":"publish","type":"product","link":"https:\/\/ruishengglassco.com\/fr\/produit\/rs122-1000ml-bouteilles-en-verre-clair-pour-la-vente-en-gros-de-spiritueux","title":{"rendered":"RS122 : Bouteilles en verre transparent de 1000ml pour la vente de spiritueux"},"content":{"rendered":"<p>Cette bouteille en verre transparent de 1000 ml avec bouchons en gros est l'un des principaux produits de notre usine. Nous utilisons du verre de qualit\u00e9 sup\u00e9rieure pour fabriquer ces bouteilles en verre \u00e0 liqueur. Ce mat\u00e9riau est fabriqu\u00e9 \u00e0 partir de verre \u00e0 haute teneur en silex. Gr\u00e2ce \u00e0 ce mat\u00e9riau, les bouteilles en verre sont tr\u00e8s claires et ne se cassent pas facilement.<\/p>\n<p>Nos bouteilles de vin en verre transparent de 1000 ml \u00e0 vendre peuvent \u00eatre utilis\u00e9es comme bouteilles de vodka, bouteilles de gin, bouteilles de rhum et autres bouteilles de spiritueux en verre. Le type de fermeture de ces bouteilles en verre pour spiritueux est un bouchon de li\u00e8ge. Elles peuvent donc \u00eatre utilis\u00e9es plusieurs fois.<\/p>\n<h2>D\u00e9tails de l'usine de bouteilles en verre transparent avec bouchons de 1000 ml<\/h2>\n<ul>\n<li>Mat\u00e9riau principal : verre \u00e0 haute teneur en silex<\/li>\n<li>Cap : Li\u00e8ge<\/li>\n<li>R\u00e9f\u00e9rence : RS122<\/li>\n<li>MOQ : 10000 PCS<\/li>\n<li>Capacit\u00e9 : 1000ml<\/li>\n<li>Pcs\/Ctn : 24pcs<\/li>\n<li>Origine du lieu : Shandong, Chine<\/li>\n<li>Caract\u00e9ristique : Respectueux de l'environnement<\/li>\n<\/ul>\n<p data-block-id=\"d579b52f-3211-4a03-9e33-ddb125ee90e4\" data-pm-slice=\"1 1 []\">En tant que fabricant de bouteilles en verre de haute qualit\u00e9, nous pouvons produire toutes sortes de bouteilles en verre en gros. Nous produisons des bouteilles en verre de diff\u00e9rentes formes, notamment rondes, carr\u00e9es, plates et autres formes uniques. Si vous souhaitez fabriquer des bouteilles en verre sur mesure, nous pouvons \u00e9galement le faire pour vous.<\/p>\n<p data-block-id=\"10af0ad5-ad2d-4fb2-a4d9-b173abff9420\">Nous pouvons \u00e9galement proposer un traitement approfondi des bouteilles en verre, tel que l'impression, les logos en d\u00e9calcomanie et le gla\u00e7age sur la bouteille. Dites-nous ce dont vous avez besoin, nous pouvons le faire \u00e0 votre demande.<\/p>\n<p data-block-id=\"3daa249d-1744-4e29-95b3-06e4848005e0\">Notre usine compte environ 500 employ\u00e9s, dont le service du contr\u00f4le qualit\u00e9 et un groupe d'ing\u00e9nieurs qualifi\u00e9s. Nous veillons \u00e0 ce que toutes les bouteilles en verre exp\u00e9di\u00e9es par notre usine passent le contr\u00f4le de qualit\u00e9 et \u00e0 ce que tous les clients soient satisfaits de nos bouteilles en verre et de notre service.<\/p>\n<p data-block-id=\"71870d0f-05c4-42a3-90bc-b587dfca90c4\">Si vous \u00eates int\u00e9ress\u00e9 par nos bouteilles en verre spiritueux transparent de 1000 ml ou si vous souhaitez des options personnalis\u00e9es, n'h\u00e9sitez pas \u00e0 nous contacter. Nous ferons de notre mieux pour r\u00e9pondre \u00e0 vos besoins et nous assurer que vous \u00eates satisfaits de nos produits.<\/p>","protected":false},"excerpt":{"rendered":"<table class=\"tg\">\n<tbody>\n<tr>\n<th class=\"tg-n1qb\" colspan=\"2\">Bouteilles en verre clair pour spiritueux (1000ml)<\/th>\n<\/tr>\n<tr>\n<td class=\"tg-dc35\">Mat\u00e9riau principal :<\/td>\n<td class=\"tg-dc35\">Verre \u00e0 haute teneur en silex<\/td>\n<\/tr>\n<tr>\n<td class=\"tg-us36\">Cap :<\/td>\n<td class=\"tg-us36\">Capuchon \u00e0 vis<\/td>\n<\/tr>\n<tr>\n<td class=\"tg-dc35\">Capacit\u00e9 :<\/td>\n<td class=\"tg-dc35\">1000ml<\/td>\n<\/tr>\n<tr>\n<td class=\"tg-us36\">Fonctionnalit\u00e9 :<\/td>\n<td class=\"tg-us36\">Respect de l'environnement<\/td>\n<\/tr>\n<tr>\n<td class=\"tg-dc35\">MOQ :<\/td>\n<td class=\"tg-dc35\">10000 PCS<\/td>\n<\/tr>\n<tr>\n<td class=\"tg-us36\">Mode d'emballage :<\/td>\n<td class=\"tg-us36\">Carton standard pour l'exportation \/ Palette \/ carton standard pour l'exportation et palette<\/td>\n<\/tr>\n<tr>\n<td class=\"tg-dc35\">OEM\/ODM :<\/td>\n<td class=\"tg-dc35\">Bienvenue<\/td>\n<\/tr>\n<tr>\n<td class=\"tg-us36\">Origine du lieu :<\/td>\n<td class=\"tg-us36\">Shandong, Chine<\/td>\n<\/tr>\n<tr>\n<td class=\"tg-dc35\">Pcs\/Ctn :<\/td>\n<td class=\"tg-dc35\">24pcs \/ 20pcs<\/td>\n<\/tr>\n<\/tbody>\n<\/table>","protected":false},"featured_media":4156,"comment_status":"closed","ping_status":"closed","template":"","meta":[],"product_cat":[43],"class_list":{"0":"post-4155","1":"product","2":"type-product","3":"status-publish","4":"has-post-thumbnail","6":"product_cat-1000ml-liquor-bottle-manufacturer","8":"first","9":"instock","10":"shipping-taxable","11":"product-type-simple"},"yoast_head":"<!-- This site is optimized with the Yoast SEO plugin v22.0 - https:\/\/yoast.com\/wordpress\/plugins\/seo\/ -->\n<title>1000ml Clear Glass Bottles With Corks Factory China-Ruisheng<\/title>\n<meta name=\"description\" content=\"This 1000ml Clear Glass Bottles With Corks Factory is produced by best China glass bottle factory. High Quality&amp;Cheap Bulk Price.\" \/>\n<meta name=\"robots\" content=\"index, follow, max-snippet:-1, max-image-preview:large, max-video-preview:-1\" \/>\n<link rel=\"canonical\" href=\"https:\/\/ruishengglassco.com\/fr\/produit\/rs122-1000ml-bouteilles-en-verre-clair-pour-la-vente-en-gros-de-spiritueux\" \/>\n<meta property=\"og:locale\" content=\"fr_FR\" \/>\n<meta property=\"og:type\" content=\"article\" \/>\n<meta property=\"og:title\" content=\"1000ml Clear Glass Bottles With Corks Factory China-Ruisheng\" \/>\n<meta property=\"og:description\" content=\"This 1000ml Clear Glass Bottles With Corks Factory is produced by best China glass bottle factory. High Quality&amp;Cheap Bulk Price.\" \/>\n<meta property=\"og:url\" content=\"https:\/\/ruishengglassco.com\/fr\/produit\/rs122-1000ml-bouteilles-en-verre-clair-pour-la-vente-en-gros-de-spiritueux\" \/>\n<meta property=\"article:publisher\" content=\"https:\/\/www.facebook.com\/ruishengglassbottles\" \/>\n<meta property=\"article:modified_time\" content=\"2025-07-16T07:02:23+00:00\" \/>\n<meta property=\"og:image\" content=\"https:\/\/ruishengglassco.com\/wp-content\/uploads\/2025\/03\/RS122-1000ml-Clear-Spirit-Wholesale-Glass-Bottles-For-Sale.webp\" \/>\n\t<meta property=\"og:image:width\" content=\"800\" \/>\n\t<meta property=\"og:image:height\" content=\"800\" \/>\n\t<meta property=\"og:image:type\" content=\"image\/webp\" \/>\n<meta name=\"twitter:card\" content=\"summary_large_image\" \/>\n<meta name=\"twitter:label1\" content=\"Dur\u00e9e de lecture estim\u00e9e\" \/>\n\t<meta name=\"twitter:data1\" content=\"2 minutes\" \/>\n<script type=\"application\/ld+json\" class=\"yoast-schema-graph\">{\"@context\":\"https:\/\/schema.org\",\"@graph\":[{\"@type\":\"WebPage\",\"@id\":\"https:\/\/ruishengglassco.com\/product\/rs122-1000ml-clear-spirit-wholesale-glass-bottles-for-sale\",\"url\":\"https:\/\/ruishengglassco.com\/product\/rs122-1000ml-clear-spirit-wholesale-glass-bottles-for-sale\",\"name\":\"1000ml Clear Glass Bottles With Corks Factory China-Ruisheng\",\"isPartOf\":{\"@id\":\"https:\/\/ruishengglassco.com\/#website\"},\"datePublished\":\"2025-03-14T15:56:03+00:00\",\"dateModified\":\"2025-07-16T07:02:23+00:00\",\"description\":\"This 1000ml Clear Glass Bottles With Corks Factory is produced by best China glass bottle factory. High Quality&Cheap Bulk Price.\",\"breadcrumb\":{\"@id\":\"https:\/\/ruishengglassco.com\/product\/rs122-1000ml-clear-spirit-wholesale-glass-bottles-for-sale#breadcrumb\"},\"inLanguage\":\"fr-FR\",\"potentialAction\":[{\"@type\":\"ReadAction\",\"target\":[\"https:\/\/ruishengglassco.com\/product\/rs122-1000ml-clear-spirit-wholesale-glass-bottles-for-sale\"]}]},{\"@type\":\"BreadcrumbList\",\"@id\":\"https:\/\/ruishengglassco.com\/product\/rs122-1000ml-clear-spirit-wholesale-glass-bottles-for-sale#breadcrumb\",\"itemListElement\":[{\"@type\":\"ListItem\",\"position\":1,\"name\":\"Home\",\"item\":\"https:\/\/ruishengglassco.com\/\"},{\"@type\":\"ListItem\",\"position\":2,\"name\":\"Products\",\"item\":\"https:\/\/ruishengglassco.com\/products\"},{\"@type\":\"ListItem\",\"position\":3,\"name\":\"RS122: 1000ml Clear Spirit Factory Glass Bottles For Sale\"}]},{\"@type\":\"WebSite\",\"@id\":\"https:\/\/ruishengglassco.com\/#website\",\"url\":\"https:\/\/ruishengglassco.com\/\",\"name\":\"Ruisheng Glass\",\"description\":\"\",\"publisher\":{\"@id\":\"https:\/\/ruishengglassco.com\/#organization\"},\"potentialAction\":[{\"@type\":\"SearchAction\",\"target\":{\"@type\":\"EntryPoint\",\"urlTemplate\":\"https:\/\/ruishengglassco.com\/?s={search_term_string}\"},\"query-input\":\"required name=search_term_string\"}],\"inLanguage\":\"fr-FR\"},{\"@type\":\"Organization\",\"@id\":\"https:\/\/ruishengglassco.com\/#organization\",\"name\":\"Shandong Yuncheng Ruisheng Glass Co., Ltd\",\"url\":\"https:\/\/ruishengglassco.com\/\",\"logo\":{\"@type\":\"ImageObject\",\"inLanguage\":\"fr-FR\",\"@id\":\"https:\/\/ruishengglassco.com\/#\/schema\/logo\/image\/\",\"url\":\"https:\/\/ruishengglassco.com\/wp-content\/uploads\/2023\/09\/ruisheng_logo_icon.webp\",\"contentUrl\":\"https:\/\/ruishengglassco.com\/wp-content\/uploads\/2023\/09\/ruisheng_logo_icon.webp\",\"width\":400,\"height\":233,\"caption\":\"Shandong Yuncheng Ruisheng Glass Co., Ltd\"},\"image\":{\"@id\":\"https:\/\/ruishengglassco.com\/#\/schema\/logo\/image\/\"},\"sameAs\":[\"https:\/\/www.facebook.com\/ruishengglassbottles\",\"https:\/\/www.instagram.com\/Ruishengglassbottlewholesales\/\",\"https:\/\/www.youtube.com\/channel\/UCMmbMNGwsL-XrtjfSFLCdVQ\"]}]}<\/script>\n<!-- \/ Yoast SEO plugin. -->","yoast_head_json":{"title":"1000ml Clear Glass Bottles With Corks Factory China-Ruisheng","description":"This 1000ml Clear Glass Bottles With Corks Factory is produced by best China glass bottle factory. High Quality&Cheap Bulk Price.","robots":{"index":"index","follow":"follow","max-snippet":"max-snippet:-1","max-image-preview":"max-image-preview:large","max-video-preview":"max-video-preview:-1"},"canonical":"https:\/\/ruishengglassco.com\/fr\/produit\/rs122-1000ml-bouteilles-en-verre-clair-pour-la-vente-en-gros-de-spiritueux","og_locale":"fr_FR","og_type":"article","og_title":"1000ml Clear Glass Bottles With Corks Factory China-Ruisheng","og_description":"This 1000ml Clear Glass Bottles With Corks Factory is produced by best China glass bottle factory. High Quality&Cheap Bulk Price.","og_url":"https:\/\/ruishengglassco.com\/fr\/produit\/rs122-1000ml-bouteilles-en-verre-clair-pour-la-vente-en-gros-de-spiritueux","article_publisher":"https:\/\/www.facebook.com\/ruishengglassbottles","article_modified_time":"2025-07-16T07:02:23+00:00","og_image":[{"width":800,"height":800,"url":"https:\/\/ruishengglassco.com\/wp-content\/uploads\/2025\/03\/RS122-1000ml-Clear-Spirit-Wholesale-Glass-Bottles-For-Sale.webp","type":"image\/webp"}],"twitter_card":"summary_large_image","twitter_misc":{"Dur\u00e9e de lecture estim\u00e9e":"2 minutes"},"schema":{"@context":"https:\/\/schema.org","@graph":[{"@type":"WebPage","@id":"https:\/\/ruishengglassco.com\/product\/rs122-1000ml-clear-spirit-wholesale-glass-bottles-for-sale","url":"https:\/\/ruishengglassco.com\/product\/rs122-1000ml-clear-spirit-wholesale-glass-bottles-for-sale","name":"1000ml Clear Glass Bottles With Corks Factory China-Ruisheng","isPartOf":{"@id":"https:\/\/ruishengglassco.com\/#website"},"datePublished":"2025-03-14T15:56:03+00:00","dateModified":"2025-07-16T07:02:23+00:00","description":"This 1000ml Clear Glass Bottles With Corks Factory is produced by best China glass bottle factory. High Quality&Cheap Bulk Price.","breadcrumb":{"@id":"https:\/\/ruishengglassco.com\/product\/rs122-1000ml-clear-spirit-wholesale-glass-bottles-for-sale#breadcrumb"},"inLanguage":"fr-FR","potentialAction":[{"@type":"ReadAction","target":["https:\/\/ruishengglassco.com\/product\/rs122-1000ml-clear-spirit-wholesale-glass-bottles-for-sale"]}]},{"@type":"BreadcrumbList","@id":"https:\/\/ruishengglassco.com\/product\/rs122-1000ml-clear-spirit-wholesale-glass-bottles-for-sale#breadcrumb","itemListElement":[{"@type":"ListItem","position":1,"name":"Home","item":"https:\/\/ruishengglassco.com\/"},{"@type":"ListItem","position":2,"name":"Products","item":"https:\/\/ruishengglassco.com\/products"},{"@type":"ListItem","position":3,"name":"RS122: 1000ml Clear Spirit Factory Glass Bottles For Sale"}]},{"@type":"WebSite","@id":"https:\/\/ruishengglassco.com\/#website","url":"https:\/\/ruishengglassco.com\/","name":"Ruisheng Glass","description":"","publisher":{"@id":"https:\/\/ruishengglassco.com\/#organization"},"potentialAction":[{"@type":"SearchAction","target":{"@type":"EntryPoint","urlTemplate":"https:\/\/ruishengglassco.com\/?s={search_term_string}"},"query-input":"required name=search_term_string"}],"inLanguage":"fr-FR"},{"@type":"Organization","@id":"https:\/\/ruishengglassco.com\/#organization","name":"Shandong Yuncheng Ruisheng Glass Co., Ltd","url":"https:\/\/ruishengglassco.com\/","logo":{"@type":"ImageObject","inLanguage":"fr-FR","@id":"https:\/\/ruishengglassco.com\/#\/schema\/logo\/image\/","url":"https:\/\/ruishengglassco.com\/wp-content\/uploads\/2023\/09\/ruisheng_logo_icon.webp","contentUrl":"https:\/\/ruishengglassco.com\/wp-content\/uploads\/2023\/09\/ruisheng_logo_icon.webp","width":400,"height":233,"caption":"Shandong Yuncheng Ruisheng Glass Co., Ltd"},"image":{"@id":"https:\/\/ruishengglassco.com\/#\/schema\/logo\/image\/"},"sameAs":["https:\/\/www.facebook.com\/ruishengglassbottles","https:\/\/www.instagram.com\/Ruishengglassbottlewholesales\/","https:\/\/www.youtube.com\/channel\/UCMmbMNGwsL-XrtjfSFLCdVQ"]}]}},"_links":{"self":[{"href":"https:\/\/ruishengglassco.com\/fr\/wp-json\/wp\/v2\/product\/4155","targetHints":{"allow":["GET"]}}],"collection":[{"href":"https:\/\/ruishengglassco.com\/fr\/wp-json\/wp\/v2\/product"}],"about":[{"href":"https:\/\/ruishengglassco.com\/fr\/wp-json\/wp\/v2\/types\/product"}],"replies":[{"embeddable":true,"href":"https:\/\/ruishengglassco.com\/fr\/wp-json\/wp\/v2\/comments?post=4155"}],"wp:featuredmedia":[{"embeddable":true,"href":"https:\/\/ruishengglassco.com\/fr\/wp-json\/wp\/v2\/media\/4156"}],"wp:attachment":[{"href":"https:\/\/ruishengglassco.com\/fr\/wp-json\/wp\/v2\/media?parent=4155"}],"wp:term":[{"taxonomy":"product_cat","embeddable":true,"href":"https:\/\/ruishengglassco.com\/fr\/wp-json\/wp\/v2\/product_cat?post=4155"}],"curies":[{"name":"wp","href":"https:\/\/api.w.org\/{rel}","templated":true}]}}