{"id":4151,"date":"2025-03-14T23:47:11","date_gmt":"2025-03-14T15:47:11","guid":{"rendered":"https:\/\/ruishengglassco.com\/?post_type=product&#038;p=4151"},"modified":"2025-09-11T16:19:54","modified_gmt":"2025-09-11T08:19:54","slug":"rs124-500ml-750ml-bouteilles-en-verre-cylindrique-transparent","status":"publish","type":"product","link":"https:\/\/ruishengglassco.com\/fr\/produit\/rs124-500ml-750ml-bouteilles-en-verre-cylindrique-transparent","title":{"rendered":"RS124 : Bouteilles en verre cylindrique transparent 500ml 750ml"},"content":{"rendered":"<p><span data-preserver-spaces=\"true\">La bouteille en verre transparent en vrac <\/span><span data-preserver-spaces=\"true\">est d'origine<\/span><span data-preserver-spaces=\"true\"> de Shandong Yuncheng Ruisheng Glass Co, Ltd. Ruisheng est le plus grand producteur de bouteilles en verre \u00e0 haute teneur en arsenic de Chine. Il propose non seulement des bouteilles en verre transparent de qualit\u00e9 sup\u00e9rieure en gros, mais aussi des bouteilles en verre transparent de qualit\u00e9 moyenne pour un large \u00e9ventail d'applications.<\/span><\/p>\n<p><span data-preserver-spaces=\"true\">Cette bouteille cylindrique en verre est un type courant de bouteille en verre. Cette bouteille en verre transparent de 500ml 750ml en vrac peut <\/span><span data-preserver-spaces=\"true\">\u00eatre utilis\u00e9<\/span><span data-preserver-spaces=\"true\"> pour le vin, la vodka, le whisky, le rhum, le gin et d'autres liquides. Ces bouteilles en verre peuvent <\/span><span data-preserver-spaces=\"true\">\u00eatre vendus<\/span><span data-preserver-spaces=\"true\"> dans de nombreux pays et r\u00e9gions, dont l'Europe, les \u00c9tats-Unis, l'Australie et d'autres.<\/span><\/p>\n<p><span data-preserver-spaces=\"true\">Ces cylindres en verre transparent <\/span><span data-preserver-spaces=\"true\">sont utilis\u00e9s<\/span><span data-preserver-spaces=\"true\"> en verre \u00e0 haute teneur en eau. Ce verre high-flint est \u00e9galement appel\u00e9 verre blanc cristallin. Il s'agit du mat\u00e9riau le plus noble pour les bouteilles en verre. La bouteille en verre fabriqu\u00e9e \u00e0 partir de ce mat\u00e9riau est <\/span><span data-preserver-spaces=\"true\">tr\u00e8s clair<\/span><span data-preserver-spaces=\"true\"> et lisse, et il est tr\u00e8s durable.<\/span><\/p>\n<p><span data-preserver-spaces=\"true\">Nous pouvons produire ces cylindres en verre transparent dans diff\u00e9rentes tailles si vous en avez besoin. Par exemple 375ml, 500ml, 700ml, 750ml, 1000ml et autres. Actuellement, nos bouteilles en verre sont disponibles en 500 ml et 750 ml. Si vous le souhaitez, nous pouvons cr\u00e9er un nouveau moule pour fabriquer les bouteilles en verre.<\/span><\/p>\n<h2><span data-preserver-spaces=\"true\">Les d\u00e9tails de cette bouteille en verre transparent en vrac<\/span><\/h2>\n<p><span data-preserver-spaces=\"true\">Nos bouteilles en verre sont disponibles en deux tailles : 500ml et 750ml.<\/span><\/p>\n<p><span data-preserver-spaces=\"true\">Le poids de la bouteille en verre cylindrique de 750 ml est de 750 g. <\/span><span data-preserver-spaces=\"true\">Diam\u00e8tre de la bouteille<\/span><span data-preserver-spaces=\"true\"> est de 75,6 \u00b1 1,5 mm.<\/span><span data-preserver-spaces=\"true\"> La hauteur de la bouteille est de 330 \u00b1 2 mm. La finition de la fermeture est un bouchon en T. Cette bouteille en verre est <\/span><span data-preserver-spaces=\"true\">convient pour<\/span><span data-preserver-spaces=\"true\"> le bouchon en T de 19,5 mm.<\/span><\/p>\n<p><span data-preserver-spaces=\"true\">Le poids des bouteilles en verre de 500 ml est de 580 g. Le diam\u00e8tre de cette bouteille en verre est de 66,5 \u00b1 1,5 mm. Sa hauteur est de 300 \u00b1 1,5 mm. Cette bouteille est \u00e9galement dot\u00e9e d'un bouchon en T de 19,5 mm.<\/span><\/p>\n<p><span data-preserver-spaces=\"true\">Ces deux bouteilles en verre peuvent \u00eatre transform\u00e9es<\/span><span data-preserver-spaces=\"true\"> jusqu'\u00e0 la finition du bouchon \u00e0 vis. Il est conforme aux exigences du client.<\/span><\/p>\n<p><span data-preserver-spaces=\"true\">Si vous souhaitez acheter des cylindres en verre transparent de 500 ml ou 750 ml ou acheter des bouteilles en verre en gros, veuillez nous contacter par courrier \u00e9lectronique ou par t\u00e9l\u00e9phone. Nous vous r\u00e9pondrons dans les plus brefs d\u00e9lais.<\/span><\/p>","protected":false},"excerpt":{"rendered":"<table class=\"tg\">\n<tbody>\n<tr>\n<th class=\"tg-24i8\" colspan=\"2\">Bouteilles en verre cylindrique transparent 500ml 750ml<\/th>\n<\/tr>\n<tr>\n<td class=\"tg-b7b8\">Mat\u00e9riau principal :<\/td>\n<td class=\"tg-b7b8\">Verre \u00e0 haute teneur en silex<\/td>\n<\/tr>\n<tr>\n<td class=\"tg-yw4l\">Cap :<\/td>\n<td class=\"tg-yw4l\">Bouchon \u00e0 vis<\/td>\n<\/tr>\n<tr>\n<td class=\"tg-b7b8\">Capacit\u00e9 :<\/td>\n<td class=\"tg-b7b8\">500ml 750ml<\/td>\n<\/tr>\n<tr>\n<td class=\"tg-yw4l\">Fonctionnalit\u00e9 :<\/td>\n<td class=\"tg-yw4l\">Respect de l'environnement<\/td>\n<\/tr>\n<tr>\n<td class=\"tg-b7b8\">MOQ :<\/td>\n<td class=\"tg-b7b8\">10000 PCS<\/td>\n<\/tr>\n<tr>\n<td class=\"tg-yw4l\">Origine du lieu :<\/td>\n<td class=\"tg-yw4l\">Shandong, Chine<\/td>\n<\/tr>\n<tr>\n<td class=\"tg-b7b8\">Pcs\/Ctn :<\/td>\n<td class=\"tg-b7b8\">24pcs<\/td>\n<\/tr>\n<tr>\n<td class=\"tg-yw4l\">R\u00e9f\u00e9rence :<\/td>\n<td class=\"tg-yw4l\">RS124<\/td>\n<\/tr>\n<tr>\n<td class=\"tg-b7b8\">Mode d'exp\u00e9dition :<\/td>\n<td class=\"tg-b7b8\">Exp\u00e9dier, Express<\/td>\n<\/tr>\n<tr>\n<td class=\"tg-yw4l\">OEM\/ODM :<\/td>\n<td class=\"tg-yw4l\">Bienvenue<\/td>\n<\/tr>\n<\/tbody>\n<\/table>","protected":false},"featured_media":4152,"comment_status":"closed","ping_status":"closed","template":"","meta":[],"product_cat":[41,40],"class_list":{"0":"post-4151","1":"product","2":"type-product","3":"status-publish","4":"has-post-thumbnail","6":"product_cat-500ml-liquor-bottle-manufacturer","7":"product_cat-750ml-liquor-bottle-manufacturer","9":"first","10":"instock","11":"shipping-taxable","12":"product-type-simple"},"yoast_head":"<!-- This site is optimized with the Yoast SEO plugin v22.0 - https:\/\/yoast.com\/wordpress\/plugins\/seo\/ -->\n<title>750ml Clear Glass Bottle Bulk|Wholesale Cylinder Glass Bottle With T-cork<\/title>\n<meta name=\"description\" content=\"Buy 750ml Clear Glass Bottles Bulk From China Liquor Bottle Manufacturer. Factory Outlet Wholesale Cylinder Glass Bottle With T-cork\" \/>\n<meta name=\"robots\" content=\"index, follow, max-snippet:-1, max-image-preview:large, max-video-preview:-1\" \/>\n<link rel=\"canonical\" href=\"https:\/\/ruishengglassco.com\/fr\/produit\/rs124-500ml-750ml-bouteilles-en-verre-cylindrique-transparent\" \/>\n<meta property=\"og:locale\" content=\"fr_FR\" \/>\n<meta property=\"og:type\" content=\"article\" \/>\n<meta property=\"og:title\" content=\"750ml Clear Glass Bottle Bulk|Wholesale Cylinder Glass Bottle With T-cork\" \/>\n<meta property=\"og:description\" content=\"Buy 750ml Clear Glass Bottles Bulk From China Liquor Bottle Manufacturer. Factory Outlet Wholesale Cylinder Glass Bottle With T-cork\" \/>\n<meta property=\"og:url\" content=\"https:\/\/ruishengglassco.com\/fr\/produit\/rs124-500ml-750ml-bouteilles-en-verre-cylindrique-transparent\" \/>\n<meta property=\"article:publisher\" content=\"https:\/\/www.facebook.com\/ruishengglassbottles\" \/>\n<meta property=\"article:modified_time\" content=\"2025-09-11T08:19:54+00:00\" \/>\n<meta property=\"og:image\" content=\"https:\/\/ruishengglassco.com\/wp-content\/uploads\/2025\/03\/RS124-500ml-750ml-Clear-Cylinder-Glass-Bottles.webp\" \/>\n\t<meta property=\"og:image:width\" content=\"800\" \/>\n\t<meta property=\"og:image:height\" content=\"800\" \/>\n\t<meta property=\"og:image:type\" content=\"image\/webp\" \/>\n<meta name=\"twitter:card\" content=\"summary_large_image\" \/>\n<meta name=\"twitter:label1\" content=\"Dur\u00e9e de lecture estim\u00e9e\" \/>\n\t<meta name=\"twitter:data1\" content=\"2 minutes\" \/>\n<script type=\"application\/ld+json\" class=\"yoast-schema-graph\">{\"@context\":\"https:\/\/schema.org\",\"@graph\":[{\"@type\":\"WebPage\",\"@id\":\"https:\/\/ruishengglassco.com\/product\/rs124-500ml-750ml-clear-cylinder-glass-bottles\",\"url\":\"https:\/\/ruishengglassco.com\/product\/rs124-500ml-750ml-clear-cylinder-glass-bottles\",\"name\":\"750ml Clear Glass Bottle Bulk|Wholesale Cylinder Glass Bottle With T-cork\",\"isPartOf\":{\"@id\":\"https:\/\/ruishengglassco.com\/#website\"},\"datePublished\":\"2025-03-14T15:47:11+00:00\",\"dateModified\":\"2025-09-11T08:19:54+00:00\",\"description\":\"Buy 750ml Clear Glass Bottles Bulk From China Liquor Bottle Manufacturer. Factory Outlet Wholesale Cylinder Glass Bottle With T-cork\",\"breadcrumb\":{\"@id\":\"https:\/\/ruishengglassco.com\/product\/rs124-500ml-750ml-clear-cylinder-glass-bottles#breadcrumb\"},\"inLanguage\":\"fr-FR\",\"potentialAction\":[{\"@type\":\"ReadAction\",\"target\":[\"https:\/\/ruishengglassco.com\/product\/rs124-500ml-750ml-clear-cylinder-glass-bottles\"]}]},{\"@type\":\"BreadcrumbList\",\"@id\":\"https:\/\/ruishengglassco.com\/product\/rs124-500ml-750ml-clear-cylinder-glass-bottles#breadcrumb\",\"itemListElement\":[{\"@type\":\"ListItem\",\"position\":1,\"name\":\"Home\",\"item\":\"https:\/\/ruishengglassco.com\/\"},{\"@type\":\"ListItem\",\"position\":2,\"name\":\"Products\",\"item\":\"https:\/\/ruishengglassco.com\/products\"},{\"@type\":\"ListItem\",\"position\":3,\"name\":\"RS124: 500ml 750ml Clear Cylinder Glass Bottles\"}]},{\"@type\":\"WebSite\",\"@id\":\"https:\/\/ruishengglassco.com\/#website\",\"url\":\"https:\/\/ruishengglassco.com\/\",\"name\":\"Ruisheng Glass\",\"description\":\"\",\"publisher\":{\"@id\":\"https:\/\/ruishengglassco.com\/#organization\"},\"potentialAction\":[{\"@type\":\"SearchAction\",\"target\":{\"@type\":\"EntryPoint\",\"urlTemplate\":\"https:\/\/ruishengglassco.com\/?s={search_term_string}\"},\"query-input\":\"required name=search_term_string\"}],\"inLanguage\":\"fr-FR\"},{\"@type\":\"Organization\",\"@id\":\"https:\/\/ruishengglassco.com\/#organization\",\"name\":\"Shandong Yuncheng Ruisheng Glass Co., Ltd\",\"url\":\"https:\/\/ruishengglassco.com\/\",\"logo\":{\"@type\":\"ImageObject\",\"inLanguage\":\"fr-FR\",\"@id\":\"https:\/\/ruishengglassco.com\/#\/schema\/logo\/image\/\",\"url\":\"https:\/\/ruishengglassco.com\/wp-content\/uploads\/2023\/09\/ruisheng_logo_icon.webp\",\"contentUrl\":\"https:\/\/ruishengglassco.com\/wp-content\/uploads\/2023\/09\/ruisheng_logo_icon.webp\",\"width\":400,\"height\":233,\"caption\":\"Shandong Yuncheng Ruisheng Glass Co., Ltd\"},\"image\":{\"@id\":\"https:\/\/ruishengglassco.com\/#\/schema\/logo\/image\/\"},\"sameAs\":[\"https:\/\/www.facebook.com\/ruishengglassbottles\",\"https:\/\/www.instagram.com\/Ruishengglassbottlewholesales\/\",\"https:\/\/www.youtube.com\/channel\/UCMmbMNGwsL-XrtjfSFLCdVQ\"]}]}<\/script>\n<!-- \/ Yoast SEO plugin. -->","yoast_head_json":{"title":"750ml Clear Glass Bottle Bulk|Wholesale Cylinder Glass Bottle With T-cork","description":"Buy 750ml Clear Glass Bottles Bulk From China Liquor Bottle Manufacturer. Factory Outlet Wholesale Cylinder Glass Bottle With T-cork","robots":{"index":"index","follow":"follow","max-snippet":"max-snippet:-1","max-image-preview":"max-image-preview:large","max-video-preview":"max-video-preview:-1"},"canonical":"https:\/\/ruishengglassco.com\/fr\/produit\/rs124-500ml-750ml-bouteilles-en-verre-cylindrique-transparent","og_locale":"fr_FR","og_type":"article","og_title":"750ml Clear Glass Bottle Bulk|Wholesale Cylinder Glass Bottle With T-cork","og_description":"Buy 750ml Clear Glass Bottles Bulk From China Liquor Bottle Manufacturer. Factory Outlet Wholesale Cylinder Glass Bottle With T-cork","og_url":"https:\/\/ruishengglassco.com\/fr\/produit\/rs124-500ml-750ml-bouteilles-en-verre-cylindrique-transparent","article_publisher":"https:\/\/www.facebook.com\/ruishengglassbottles","article_modified_time":"2025-09-11T08:19:54+00:00","og_image":[{"width":800,"height":800,"url":"https:\/\/ruishengglassco.com\/wp-content\/uploads\/2025\/03\/RS124-500ml-750ml-Clear-Cylinder-Glass-Bottles.webp","type":"image\/webp"}],"twitter_card":"summary_large_image","twitter_misc":{"Dur\u00e9e de lecture estim\u00e9e":"2 minutes"},"schema":{"@context":"https:\/\/schema.org","@graph":[{"@type":"WebPage","@id":"https:\/\/ruishengglassco.com\/product\/rs124-500ml-750ml-clear-cylinder-glass-bottles","url":"https:\/\/ruishengglassco.com\/product\/rs124-500ml-750ml-clear-cylinder-glass-bottles","name":"750ml Clear Glass Bottle Bulk|Wholesale Cylinder Glass Bottle With T-cork","isPartOf":{"@id":"https:\/\/ruishengglassco.com\/#website"},"datePublished":"2025-03-14T15:47:11+00:00","dateModified":"2025-09-11T08:19:54+00:00","description":"Buy 750ml Clear Glass Bottles Bulk From China Liquor Bottle Manufacturer. Factory Outlet Wholesale Cylinder Glass Bottle With T-cork","breadcrumb":{"@id":"https:\/\/ruishengglassco.com\/product\/rs124-500ml-750ml-clear-cylinder-glass-bottles#breadcrumb"},"inLanguage":"fr-FR","potentialAction":[{"@type":"ReadAction","target":["https:\/\/ruishengglassco.com\/product\/rs124-500ml-750ml-clear-cylinder-glass-bottles"]}]},{"@type":"BreadcrumbList","@id":"https:\/\/ruishengglassco.com\/product\/rs124-500ml-750ml-clear-cylinder-glass-bottles#breadcrumb","itemListElement":[{"@type":"ListItem","position":1,"name":"Home","item":"https:\/\/ruishengglassco.com\/"},{"@type":"ListItem","position":2,"name":"Products","item":"https:\/\/ruishengglassco.com\/products"},{"@type":"ListItem","position":3,"name":"RS124: 500ml 750ml Clear Cylinder Glass Bottles"}]},{"@type":"WebSite","@id":"https:\/\/ruishengglassco.com\/#website","url":"https:\/\/ruishengglassco.com\/","name":"Ruisheng Glass","description":"","publisher":{"@id":"https:\/\/ruishengglassco.com\/#organization"},"potentialAction":[{"@type":"SearchAction","target":{"@type":"EntryPoint","urlTemplate":"https:\/\/ruishengglassco.com\/?s={search_term_string}"},"query-input":"required name=search_term_string"}],"inLanguage":"fr-FR"},{"@type":"Organization","@id":"https:\/\/ruishengglassco.com\/#organization","name":"Shandong Yuncheng Ruisheng Glass Co., Ltd","url":"https:\/\/ruishengglassco.com\/","logo":{"@type":"ImageObject","inLanguage":"fr-FR","@id":"https:\/\/ruishengglassco.com\/#\/schema\/logo\/image\/","url":"https:\/\/ruishengglassco.com\/wp-content\/uploads\/2023\/09\/ruisheng_logo_icon.webp","contentUrl":"https:\/\/ruishengglassco.com\/wp-content\/uploads\/2023\/09\/ruisheng_logo_icon.webp","width":400,"height":233,"caption":"Shandong Yuncheng Ruisheng Glass Co., Ltd"},"image":{"@id":"https:\/\/ruishengglassco.com\/#\/schema\/logo\/image\/"},"sameAs":["https:\/\/www.facebook.com\/ruishengglassbottles","https:\/\/www.instagram.com\/Ruishengglassbottlewholesales\/","https:\/\/www.youtube.com\/channel\/UCMmbMNGwsL-XrtjfSFLCdVQ"]}]}},"_links":{"self":[{"href":"https:\/\/ruishengglassco.com\/fr\/wp-json\/wp\/v2\/product\/4151","targetHints":{"allow":["GET"]}}],"collection":[{"href":"https:\/\/ruishengglassco.com\/fr\/wp-json\/wp\/v2\/product"}],"about":[{"href":"https:\/\/ruishengglassco.com\/fr\/wp-json\/wp\/v2\/types\/product"}],"replies":[{"embeddable":true,"href":"https:\/\/ruishengglassco.com\/fr\/wp-json\/wp\/v2\/comments?post=4151"}],"wp:featuredmedia":[{"embeddable":true,"href":"https:\/\/ruishengglassco.com\/fr\/wp-json\/wp\/v2\/media\/4152"}],"wp:attachment":[{"href":"https:\/\/ruishengglassco.com\/fr\/wp-json\/wp\/v2\/media?parent=4151"}],"wp:term":[{"taxonomy":"product_cat","embeddable":true,"href":"https:\/\/ruishengglassco.com\/fr\/wp-json\/wp\/v2\/product_cat?post=4151"}],"curies":[{"name":"wp","href":"https:\/\/api.w.org\/{rel}","templated":true}]}}