{"id":4141,"date":"2025-03-14T11:15:14","date_gmt":"2025-03-14T03:15:14","guid":{"rendered":"https:\/\/ruishengglassco.com\/?post_type=product&#038;p=4141"},"modified":"2025-09-12T08:37:31","modified_gmt":"2025-09-12T00:37:31","slug":"rs128-bouteille-xo-transparente-de-750-ml","status":"publish","type":"product","link":"https:\/\/ruishengglassco.com\/fr\/produit\/rs128-bouteille-xo-transparente-de-750-ml","title":{"rendered":"RS128 : Bouteille transparente de 750 ml de XO"},"content":{"rendered":"<p>Cette bouteille XO transparente de 750 ml avec bouchons est l'une de nos bouteilles en verre de 750 ml les plus vendues en gros dans le monde. Il s'agit d'une forme famili\u00e8re dans les bouteilles en verre 750ml XO.<\/p>\n<p>Notre bouteille XO transparente de 750 ml est fabriqu\u00e9e \u00e0 partir de mati\u00e8res premi\u00e8res de haute qualit\u00e9. Les bouteilles de liqueur en verre seront \u00e9videntes, lisses et moins fragiles que les autres bouteilles en verre. Sans givre, elle est tr\u00e8s claire.<\/p>\n<p>Cette bouteille de 750 ml de XO n'est pas une bouteille en verre l\u00e9g\u00e8re ; vous reconna\u00eetrez sa texture lorsque vous la tiendrez dans votre main.<\/p>\n<h4>Les d\u00e9tails de la bouteille XO transparente de 750 ml<\/h4>\n<p>L'information de la bouteille en verre est un mugissement :<\/p>\n<ul>\n<li>Mat\u00e9riau principal : Verre \u00e0 super silex<\/li>\n<li>Cap : Li\u00e8ge<\/li>\n<li>R\u00e9f\u00e9rence : RS128<\/li>\n<li>MOQ : 10000<\/li>\n<li>Capacit\u00e9 : 750 ml<\/li>\n<li>Pcs\/Ctn : 24pcs<\/li>\n<li>Origine du lieu : Shandong, Chine<\/li>\n<li>Caract\u00e9ristique : Respectueux de l'environnement<\/li>\n<\/ul>\n<h4>Les bouchons de cette bouteille 750ML XO<\/h4>\n<p><span data-preserver-spaces=\"true\">En ce qui concerne les bouchons utilis\u00e9s pour ces bouteilles XO de 750 ml, notre usine produit une vari\u00e9t\u00e9 de types. Les diff\u00e9rents mat\u00e9riaux utilis\u00e9s sont les suivants <\/span><span data-preserver-spaces=\"true\">li\u00e8ge, tels que<\/span><span data-preserver-spaces=\"true\"> le li\u00e8ge \u00e0 haute teneur en polym\u00e8re, le li\u00e8ge complexe et le li\u00e8ge en bois. Diverses couleurs de li\u00e8ge, comme le li\u00e8ge dor\u00e9, le li\u00e8ge argent\u00e9, le li\u00e8ge noir et d'autres couleurs de li\u00e8ge.<\/span><\/p>\n<p><span data-preserver-spaces=\"true\">Ce verre peut \u00eatre utilis\u00e9 dans de nombreux pays, dont les \u00c9tats-Unis, l'Europe, l'Australie et la Russie, entre autres. <\/span><span data-preserver-spaces=\"true\">Nous avons \u00e9tabli <\/span><span data-preserver-spaces=\"true\">coop\u00e9ration<\/span><span data-preserver-spaces=\"true\"> avec <\/span><span data-preserver-spaces=\"true\">nombreux<\/span><span data-preserver-spaces=\"true\"> dans le monde entier et ont acquis une bonne r\u00e9putation aupr\u00e8s d'eux.<\/span><\/p>\n<p><span data-preserver-spaces=\"true\">Notre soci\u00e9t\u00e9 a investi dans :<\/span><\/p>\n<ul>\n<li><span data-preserver-spaces=\"true\">Deux lignes de production de machines enti\u00e8rement automatiques 8S de pointe.<\/span><\/li>\n<li><span data-preserver-spaces=\"true\">Trois lignes de production de machines manuelles CNC.<\/span><\/li>\n<li><span data-preserver-spaces=\"true\">Quatre lignes de production de machines semi-automatiques \u00e0 commande num\u00e9rique.<\/span><\/li>\n<\/ul>\n<p><span data-preserver-spaces=\"true\">Notre usine dispose \u00e9galement de deux ensembles de machines IS. La machine 8S et les machines CNC <\/span><span data-preserver-spaces=\"true\">sont utilis\u00e9s<\/span><span data-preserver-spaces=\"true\"> pour produire des bouteilles en verre de premi\u00e8re qualit\u00e9 - des bouteilles en verre supper flint. La production journali\u00e8re est de 120 000 pi\u00e8ces. Les machines IS <\/span><span data-preserver-spaces=\"true\">sont utilis\u00e9s<\/span><span data-preserver-spaces=\"true\"> pour produire des bouteilles en verre de qualit\u00e9 moyenne, \u00e0 raison d'une bouteille par jour. <\/span><span data-preserver-spaces=\"true\">sortie<\/span><span data-preserver-spaces=\"true\"> de 200 000 pi\u00e8ces.<\/span><\/p>\n<p><span data-preserver-spaces=\"true\">Nous sommes des fabricants experts de bouteilles en verre liquide. Nous pouvons \u00e9galement fabriquer des bouteilles en verre sur mesure en fonction des souhaits de nos clients. Vous pouvez nous faire part de vos souhaits et nous ferons en sorte que notre concepteur les r\u00e9alise pour vous.<\/span><\/p>\n<p><span data-preserver-spaces=\"true\">Si vous souhaitez commander cette bouteille XO transparente de 750 ml ou vous renseigner sur les bouteilles en verre personnalis\u00e9es, <\/span><span data-preserver-spaces=\"true\">veuillez nous contacter<\/span><span data-preserver-spaces=\"true\">et nous cr\u00e9erons la bouteille dont vous avez besoin.<\/span><\/p>\n<p><span data-preserver-spaces=\"true\">Outre les bouteilles XO de 750 ml, nous proposons \u00e9galement des bouteilles en verre de 100 ml pour la vente en gros, des bouteilles en verre de 250 ml avec bouchon,\u00a0<\/span><a class=\"editor-rtfLink\" href=\"https:\/\/glassbottlewholesale.com\/375ml-long-neck-glass-bottles-with-t-cork\/\" target=\"_blank\" rel=\"noopener\"><span data-preserver-spaces=\"true\">bouteilles en verre transparent (375ml)<\/span><\/a><span data-preserver-spaces=\"true\">Petites bouteilles en verre (50cl),<\/span><a class=\"editor-rtfLink\" href=\"https:\/\/glassbottlewholesale.com\/products\/1000ml-glass-bottles\/\" target=\"_blank\" rel=\"noopener\"><span data-preserver-spaces=\"true\"> Bouteilles de spiritueux de 1000 ml<\/span><\/a><span data-preserver-spaces=\"true\">et plus encore. Si vous souhaitez vous renseigner sur nos bouteilles en verre pour la vente en gros, n'h\u00e9sitez pas \u00e0 nous contacter. Nous vous r\u00e9pondrons dans les plus brefs d\u00e9lais. <\/span><span data-preserver-spaces=\"true\">Notre <\/span><span data-preserver-spaces=\"true\">objectif<\/span><span data-preserver-spaces=\"true\"> est de <\/span><span data-preserver-spaces=\"true\">faire un<\/span><span data-preserver-spaces=\"true\"> verre de haute qualit\u00e9 <\/span><span data-preserver-spaces=\"true\">bouteille<\/span><span data-preserver-spaces=\"true\"> et <\/span><span data-preserver-spaces=\"true\">offrir<\/span><span data-preserver-spaces=\"true\"> le meilleur service <\/span><span data-preserver-spaces=\"true\">pour<\/span><span data-preserver-spaces=\"true\"> clients <\/span><span data-preserver-spaces=\"true\">du monde entier<\/span><span data-preserver-spaces=\"true\">.<\/span><\/p>","protected":false},"excerpt":{"rendered":"<p>Notre bouteille XO transparente de 750 ml est fabriqu\u00e9e \u00e0 partir de mati\u00e8res premi\u00e8res de qualit\u00e9 sup\u00e9rieure. Les bouteilles de liqueur en verre seront tr\u00e8s claires, lisses et moins fragiles que les autres bouteilles en verre. Sans givre, elle est tr\u00e8s claire. Cette bouteille transparente de 750ml XO n'est pas une bouteille en verre l\u00e9g\u00e8re ; vous conna\u00eetrez sa texture lorsque vous la tiendrez dans votre main.<\/p>","protected":false},"featured_media":4142,"comment_status":"closed","ping_status":"closed","template":"","meta":[],"product_cat":[40,58],"class_list":{"0":"post-4141","1":"product","2":"type-product","3":"status-publish","4":"has-post-thumbnail","6":"product_cat-750ml-liquor-bottle-manufacturer","7":"product_cat-brandy-bottle","9":"first","10":"instock","11":"shipping-taxable","12":"product-type-simple"},"yoast_head":"<!-- This site is optimized with the Yoast SEO plugin v22.0 - https:\/\/yoast.com\/wordpress\/plugins\/seo\/ -->\n<title>Transparent 750ml XO Bottle Price | Cognac Bottle Supplier<\/title>\n<meta name=\"description\" content=\"Ruisheng, a professional cognac bottle manufacturer, wholesale empty glass bottle for XO, Cognac. Get wholesale transparent 750ml xo bottle price here.\" \/>\n<meta name=\"robots\" content=\"index, follow, max-snippet:-1, max-image-preview:large, max-video-preview:-1\" \/>\n<link rel=\"canonical\" href=\"https:\/\/ruishengglassco.com\/fr\/produit\/rs128-bouteille-xo-transparente-de-750-ml\" \/>\n<meta property=\"og:locale\" content=\"fr_FR\" \/>\n<meta property=\"og:type\" content=\"article\" \/>\n<meta property=\"og:title\" content=\"Transparent 750ml XO Bottle Price | Cognac Bottle Supplier\" \/>\n<meta property=\"og:description\" content=\"Ruisheng, a professional cognac bottle manufacturer, wholesale empty glass bottle for XO, Cognac. Get wholesale transparent 750ml xo bottle price here.\" \/>\n<meta property=\"og:url\" content=\"https:\/\/ruishengglassco.com\/fr\/produit\/rs128-bouteille-xo-transparente-de-750-ml\" \/>\n<meta property=\"article:publisher\" content=\"https:\/\/www.facebook.com\/ruishengglassbottles\" \/>\n<meta property=\"article:modified_time\" content=\"2025-09-12T00:37:31+00:00\" \/>\n<meta property=\"og:image\" content=\"https:\/\/ruishengglassco.com\/wp-content\/uploads\/2025\/03\/Transparent-750ml-XO-Bottle.webp\" \/>\n\t<meta property=\"og:image:width\" content=\"800\" \/>\n\t<meta property=\"og:image:height\" content=\"800\" \/>\n\t<meta property=\"og:image:type\" content=\"image\/webp\" \/>\n<meta name=\"twitter:card\" content=\"summary_large_image\" \/>\n<meta name=\"twitter:label1\" content=\"Dur\u00e9e de lecture estim\u00e9e\" \/>\n\t<meta name=\"twitter:data1\" content=\"3 minutes\" \/>\n<script type=\"application\/ld+json\" class=\"yoast-schema-graph\">{\"@context\":\"https:\/\/schema.org\",\"@graph\":[{\"@type\":\"WebPage\",\"@id\":\"https:\/\/ruishengglassco.com\/product\/rs128-transparent-750ml-xo-bottle\",\"url\":\"https:\/\/ruishengglassco.com\/product\/rs128-transparent-750ml-xo-bottle\",\"name\":\"Transparent 750ml XO Bottle Price | Cognac Bottle Supplier\",\"isPartOf\":{\"@id\":\"https:\/\/ruishengglassco.com\/#website\"},\"datePublished\":\"2025-03-14T03:15:14+00:00\",\"dateModified\":\"2025-09-12T00:37:31+00:00\",\"description\":\"Ruisheng, a professional cognac bottle manufacturer, wholesale empty glass bottle for XO, Cognac. Get wholesale transparent 750ml xo bottle price here.\",\"breadcrumb\":{\"@id\":\"https:\/\/ruishengglassco.com\/product\/rs128-transparent-750ml-xo-bottle#breadcrumb\"},\"inLanguage\":\"fr-FR\",\"potentialAction\":[{\"@type\":\"ReadAction\",\"target\":[\"https:\/\/ruishengglassco.com\/product\/rs128-transparent-750ml-xo-bottle\"]}]},{\"@type\":\"BreadcrumbList\",\"@id\":\"https:\/\/ruishengglassco.com\/product\/rs128-transparent-750ml-xo-bottle#breadcrumb\",\"itemListElement\":[{\"@type\":\"ListItem\",\"position\":1,\"name\":\"Home\",\"item\":\"https:\/\/ruishengglassco.com\/\"},{\"@type\":\"ListItem\",\"position\":2,\"name\":\"Products\",\"item\":\"https:\/\/ruishengglassco.com\/products\"},{\"@type\":\"ListItem\",\"position\":3,\"name\":\"RS128: Transparent 750ml XO Bottle\"}]},{\"@type\":\"WebSite\",\"@id\":\"https:\/\/ruishengglassco.com\/#website\",\"url\":\"https:\/\/ruishengglassco.com\/\",\"name\":\"Ruisheng Glass\",\"description\":\"\",\"publisher\":{\"@id\":\"https:\/\/ruishengglassco.com\/#organization\"},\"potentialAction\":[{\"@type\":\"SearchAction\",\"target\":{\"@type\":\"EntryPoint\",\"urlTemplate\":\"https:\/\/ruishengglassco.com\/?s={search_term_string}\"},\"query-input\":\"required name=search_term_string\"}],\"inLanguage\":\"fr-FR\"},{\"@type\":\"Organization\",\"@id\":\"https:\/\/ruishengglassco.com\/#organization\",\"name\":\"Shandong Yuncheng Ruisheng Glass Co., Ltd\",\"url\":\"https:\/\/ruishengglassco.com\/\",\"logo\":{\"@type\":\"ImageObject\",\"inLanguage\":\"fr-FR\",\"@id\":\"https:\/\/ruishengglassco.com\/#\/schema\/logo\/image\/\",\"url\":\"https:\/\/ruishengglassco.com\/wp-content\/uploads\/2023\/09\/ruisheng_logo_icon.webp\",\"contentUrl\":\"https:\/\/ruishengglassco.com\/wp-content\/uploads\/2023\/09\/ruisheng_logo_icon.webp\",\"width\":400,\"height\":233,\"caption\":\"Shandong Yuncheng Ruisheng Glass Co., Ltd\"},\"image\":{\"@id\":\"https:\/\/ruishengglassco.com\/#\/schema\/logo\/image\/\"},\"sameAs\":[\"https:\/\/www.facebook.com\/ruishengglassbottles\",\"https:\/\/www.instagram.com\/Ruishengglassbottlewholesales\/\",\"https:\/\/www.youtube.com\/channel\/UCMmbMNGwsL-XrtjfSFLCdVQ\"]}]}<\/script>\n<!-- \/ Yoast SEO plugin. -->","yoast_head_json":{"title":"Transparent 750ml XO Bottle Price | Cognac Bottle Supplier","description":"Ruisheng, a professional cognac bottle manufacturer, wholesale empty glass bottle for XO, Cognac. Get wholesale transparent 750ml xo bottle price here.","robots":{"index":"index","follow":"follow","max-snippet":"max-snippet:-1","max-image-preview":"max-image-preview:large","max-video-preview":"max-video-preview:-1"},"canonical":"https:\/\/ruishengglassco.com\/fr\/produit\/rs128-bouteille-xo-transparente-de-750-ml","og_locale":"fr_FR","og_type":"article","og_title":"Transparent 750ml XO Bottle Price | Cognac Bottle Supplier","og_description":"Ruisheng, a professional cognac bottle manufacturer, wholesale empty glass bottle for XO, Cognac. Get wholesale transparent 750ml xo bottle price here.","og_url":"https:\/\/ruishengglassco.com\/fr\/produit\/rs128-bouteille-xo-transparente-de-750-ml","article_publisher":"https:\/\/www.facebook.com\/ruishengglassbottles","article_modified_time":"2025-09-12T00:37:31+00:00","og_image":[{"width":800,"height":800,"url":"https:\/\/ruishengglassco.com\/wp-content\/uploads\/2025\/03\/Transparent-750ml-XO-Bottle.webp","type":"image\/webp"}],"twitter_card":"summary_large_image","twitter_misc":{"Dur\u00e9e de lecture estim\u00e9e":"3 minutes"},"schema":{"@context":"https:\/\/schema.org","@graph":[{"@type":"WebPage","@id":"https:\/\/ruishengglassco.com\/product\/rs128-transparent-750ml-xo-bottle","url":"https:\/\/ruishengglassco.com\/product\/rs128-transparent-750ml-xo-bottle","name":"Transparent 750ml XO Bottle Price | Cognac Bottle Supplier","isPartOf":{"@id":"https:\/\/ruishengglassco.com\/#website"},"datePublished":"2025-03-14T03:15:14+00:00","dateModified":"2025-09-12T00:37:31+00:00","description":"Ruisheng, a professional cognac bottle manufacturer, wholesale empty glass bottle for XO, Cognac. Get wholesale transparent 750ml xo bottle price here.","breadcrumb":{"@id":"https:\/\/ruishengglassco.com\/product\/rs128-transparent-750ml-xo-bottle#breadcrumb"},"inLanguage":"fr-FR","potentialAction":[{"@type":"ReadAction","target":["https:\/\/ruishengglassco.com\/product\/rs128-transparent-750ml-xo-bottle"]}]},{"@type":"BreadcrumbList","@id":"https:\/\/ruishengglassco.com\/product\/rs128-transparent-750ml-xo-bottle#breadcrumb","itemListElement":[{"@type":"ListItem","position":1,"name":"Home","item":"https:\/\/ruishengglassco.com\/"},{"@type":"ListItem","position":2,"name":"Products","item":"https:\/\/ruishengglassco.com\/products"},{"@type":"ListItem","position":3,"name":"RS128: Transparent 750ml XO Bottle"}]},{"@type":"WebSite","@id":"https:\/\/ruishengglassco.com\/#website","url":"https:\/\/ruishengglassco.com\/","name":"Ruisheng Glass","description":"","publisher":{"@id":"https:\/\/ruishengglassco.com\/#organization"},"potentialAction":[{"@type":"SearchAction","target":{"@type":"EntryPoint","urlTemplate":"https:\/\/ruishengglassco.com\/?s={search_term_string}"},"query-input":"required name=search_term_string"}],"inLanguage":"fr-FR"},{"@type":"Organization","@id":"https:\/\/ruishengglassco.com\/#organization","name":"Shandong Yuncheng Ruisheng Glass Co., Ltd","url":"https:\/\/ruishengglassco.com\/","logo":{"@type":"ImageObject","inLanguage":"fr-FR","@id":"https:\/\/ruishengglassco.com\/#\/schema\/logo\/image\/","url":"https:\/\/ruishengglassco.com\/wp-content\/uploads\/2023\/09\/ruisheng_logo_icon.webp","contentUrl":"https:\/\/ruishengglassco.com\/wp-content\/uploads\/2023\/09\/ruisheng_logo_icon.webp","width":400,"height":233,"caption":"Shandong Yuncheng Ruisheng Glass Co., Ltd"},"image":{"@id":"https:\/\/ruishengglassco.com\/#\/schema\/logo\/image\/"},"sameAs":["https:\/\/www.facebook.com\/ruishengglassbottles","https:\/\/www.instagram.com\/Ruishengglassbottlewholesales\/","https:\/\/www.youtube.com\/channel\/UCMmbMNGwsL-XrtjfSFLCdVQ"]}]}},"_links":{"self":[{"href":"https:\/\/ruishengglassco.com\/fr\/wp-json\/wp\/v2\/product\/4141","targetHints":{"allow":["GET"]}}],"collection":[{"href":"https:\/\/ruishengglassco.com\/fr\/wp-json\/wp\/v2\/product"}],"about":[{"href":"https:\/\/ruishengglassco.com\/fr\/wp-json\/wp\/v2\/types\/product"}],"replies":[{"embeddable":true,"href":"https:\/\/ruishengglassco.com\/fr\/wp-json\/wp\/v2\/comments?post=4141"}],"wp:featuredmedia":[{"embeddable":true,"href":"https:\/\/ruishengglassco.com\/fr\/wp-json\/wp\/v2\/media\/4142"}],"wp:attachment":[{"href":"https:\/\/ruishengglassco.com\/fr\/wp-json\/wp\/v2\/media?parent=4141"}],"wp:term":[{"taxonomy":"product_cat","embeddable":true,"href":"https:\/\/ruishengglassco.com\/fr\/wp-json\/wp\/v2\/product_cat?post=4141"}],"curies":[{"name":"wp","href":"https:\/\/api.w.org\/{rel}","templated":true}]}}