{"id":4139,"date":"2025-03-14T11:01:03","date_gmt":"2025-03-14T03:01:03","guid":{"rendered":"https:\/\/ruishengglassco.com\/?post_type=product&#038;p=4139"},"modified":"2025-07-17T13:31:36","modified_gmt":"2025-07-17T05:31:36","slug":"rs129-700ml-old-xo-brandy-bottle-price","status":"publish","type":"product","link":"https:\/\/ruishengglassco.com\/fr\/produit\/rs129-700ml-old-xo-brandy-bottle-price","title":{"rendered":"RS129 : 700ml Old XO Brandy Bottle Prix"},"content":{"rendered":"<p data-block-id=\"1f146316-4f09-4f44-9bd2-33bc381dabee\" data-pm-slice=\"1 1 []\">Voulez-vous obtenir le prix de gros de la bouteille de brandy 700ml d'un fabricant professionnel de bouteilles de brandy avec plus de 10 ans d'exp\u00e9rience ? Ruisheng est le premier fabricant et fournisseur de bouteilles de brandy en Chine. Nous sommes sp\u00e9cialis\u00e9s dans la cr\u00e9ation et la vente d'une vari\u00e9t\u00e9 de bouteilles de spiritueux pour les marques et les entreprises.<\/p>\n<p data-block-id=\"94458085-fbcc-42ea-bbe0-be3f014eef85\">La couleur de cette bouteille en verre est transparente. Si vous souhaitez une couleur diff\u00e9rente, nous pouvons la m\u00e9langer pour vous. Si vous aimez le design de cette bouteille mais n'\u00eates pas satisfait de sa capacit\u00e9, nous pouvons adapter la capacit\u00e9 \u00e0 vos besoins.<\/p>\n<p data-block-id=\"68110036-dd20-468b-9576-5ac12c15e1de\">Nous proposons des bouteilles en verre de haute qualit\u00e9 avec bouchons. Notre gamme comprend des bouteilles de vodka, de brandy, de whisky, de liqueur et de confiture, entre autres. Nous proposons \u00e9galement des bouteilles en verre ambr\u00e9, des bouteilles vertes et des bouteilles d'eau. Notre march\u00e9 principal est l'Europe, les \u00c9tats-Unis, l'Australie, l'Am\u00e9rique, etc. Tous les produits jouissent d'une excellente r\u00e9putation en mati\u00e8re d'innovation et de fonctionnalit\u00e9.<\/p>\n<p data-block-id=\"b9fecb48-2151-4fab-8558-7a109161325a\">Nous s\u00e9lectionnons avec soin les mat\u00e9riaux utilis\u00e9s pour la bouteille de brandy XO. Nous nous approvisionnons dans leur pays d'origine. Nous utilisons \u00e9galement des machines de pointe pour cr\u00e9er la bouteille en verre.<\/p>\n<h4><span data-preserver-spaces=\"true\">\u00a0<\/span><\/h4>\n<p><span style=\"color: #333333; font-size: 14.4px;\">Les informations sur le prix de la bouteille de brandy Old XO de 700 ml sont indiqu\u00e9es ci-dessous :<\/span><\/p>\n<ul>\n<li>Mat\u00e9riau principal : verre \u00e0 haute teneur en silex<\/li>\n<li>Bouchon : li\u00e8ge<\/li>\n<li>R\u00e9f\u00e9rence : RS129<\/li>\n<li>MOQ : 10000 PCS<\/li>\n<li>Capacit\u00e9 : 700ml<\/li>\n<li>Pcs\/Ctn : 24pcs<\/li>\n<li>Origine du lieu : Shandong, Chine<\/li>\n<li>Caract\u00e9ristique : Respectueux de l'environnement<\/li>\n<\/ul>\n<p>Avec cette bouteille unique en verre avec couvercle, nous pouvons changer son embouchure ; nous pouvons la transformer en quelque chose d'autre.<\/p>\n<p>Nous pouvons apposer votre logo sur cette bouteille. Nous pouvons traiter les articles contenus dans cette bouteille, tels que l'impression, le gla\u00e7age, la peinture, etc. Nous invitons les amis du monde entier \u00e0 nous rendre visite ! Nous organiserons une r\u00e9ception pour vous.<\/p>\n<p>Si vous \u00eates satisfait de cette bouteille de 700 ml de Old XO Brandy, n'h\u00e9sitez pas \u00e0 me contacter. Si vous ne l'aimez pas, vous pouvez regarder nos autres bouteilles. Ou je vous donnerai le catalogue, vous pouvez choisir ce que vous voulez. Si vous souhaitez obtenir le prix d'une bouteille de brandy, veuillez nous contacter. Nous vous r\u00e9pondrons dans les 24 heures.<\/p>","protected":false},"excerpt":{"rendered":"<p>Cette bouteille unique en verre avec couvercle peut \u00eatre chang\u00e9e, nous pouvons la transformer en quelque chose d'autre. Nous pouvons apposer votre logo sur cette bouteille. Nous proposons diff\u00e9rentes options de traitement telles que l'impression, le gla\u00e7age et la peinture. Nous invitons nos amis du monde entier \u00e0 nous rendre visite ! Nous vous r\u00e9serverons un accueil chaleureux.<\/p>","protected":false},"featured_media":4140,"comment_status":"closed","ping_status":"closed","template":"","meta":[],"product_cat":[44,58],"class_list":{"0":"post-4139","1":"product","2":"type-product","3":"status-publish","4":"has-post-thumbnail","6":"product_cat-700ml-liquor-bottle-manufacturer","7":"product_cat-brandy-bottle","9":"first","10":"instock","11":"shipping-taxable","12":"product-type-simple"},"yoast_head":"<!-- This site is optimized with the Yoast SEO plugin v22.0 - https:\/\/yoast.com\/wordpress\/plugins\/seo\/ -->\n<title>Wholesale 700ml Brandy Bottle Price | Brandy Bottle Manufacturer<\/title>\n<meta name=\"description\" content=\"Ruisheng, a professional brandy bottle manufacturer, provide wholesale 700ml Brandy bottle price for brandy, XO, Brandy. Factory Outlet&amp;Bulk Price.\" \/>\n<meta name=\"robots\" content=\"index, follow, max-snippet:-1, max-image-preview:large, max-video-preview:-1\" \/>\n<link rel=\"canonical\" href=\"https:\/\/ruishengglassco.com\/fr\/produit\/rs129-700ml-old-xo-brandy-bottle-price\" \/>\n<meta property=\"og:locale\" content=\"fr_FR\" \/>\n<meta property=\"og:type\" content=\"article\" \/>\n<meta property=\"og:title\" content=\"Wholesale 700ml Brandy Bottle Price | Brandy Bottle Manufacturer\" \/>\n<meta property=\"og:description\" content=\"Ruisheng, a professional brandy bottle manufacturer, provide wholesale 700ml Brandy bottle price for brandy, XO, Brandy. Factory Outlet&amp;Bulk Price.\" \/>\n<meta property=\"og:url\" content=\"https:\/\/ruishengglassco.com\/fr\/produit\/rs129-700ml-old-xo-brandy-bottle-price\" \/>\n<meta property=\"article:publisher\" content=\"https:\/\/www.facebook.com\/ruishengglassbottles\" \/>\n<meta property=\"article:modified_time\" content=\"2025-07-17T05:31:36+00:00\" \/>\n<meta property=\"og:image\" content=\"https:\/\/ruishengglassco.com\/wp-content\/uploads\/2025\/03\/700ml-Old-XO-Brandy-Bottle.webp\" \/>\n\t<meta property=\"og:image:width\" content=\"800\" \/>\n\t<meta property=\"og:image:height\" content=\"800\" \/>\n\t<meta property=\"og:image:type\" content=\"image\/webp\" \/>\n<meta name=\"twitter:card\" content=\"summary_large_image\" \/>\n<meta name=\"twitter:label1\" content=\"Dur\u00e9e de lecture estim\u00e9e\" \/>\n\t<meta name=\"twitter:data1\" content=\"2 minutes\" \/>\n<script type=\"application\/ld+json\" class=\"yoast-schema-graph\">{\"@context\":\"https:\/\/schema.org\",\"@graph\":[{\"@type\":\"WebPage\",\"@id\":\"https:\/\/ruishengglassco.com\/product\/rs129-700ml-old-xo-brandy-bottle-price\",\"url\":\"https:\/\/ruishengglassco.com\/product\/rs129-700ml-old-xo-brandy-bottle-price\",\"name\":\"Wholesale 700ml Brandy Bottle Price | Brandy Bottle Manufacturer\",\"isPartOf\":{\"@id\":\"https:\/\/ruishengglassco.com\/#website\"},\"datePublished\":\"2025-03-14T03:01:03+00:00\",\"dateModified\":\"2025-07-17T05:31:36+00:00\",\"description\":\"Ruisheng, a professional brandy bottle manufacturer, provide wholesale 700ml Brandy bottle price for brandy, XO, Brandy. Factory Outlet&Bulk Price.\",\"breadcrumb\":{\"@id\":\"https:\/\/ruishengglassco.com\/product\/rs129-700ml-old-xo-brandy-bottle-price#breadcrumb\"},\"inLanguage\":\"fr-FR\",\"potentialAction\":[{\"@type\":\"ReadAction\",\"target\":[\"https:\/\/ruishengglassco.com\/product\/rs129-700ml-old-xo-brandy-bottle-price\"]}]},{\"@type\":\"BreadcrumbList\",\"@id\":\"https:\/\/ruishengglassco.com\/product\/rs129-700ml-old-xo-brandy-bottle-price#breadcrumb\",\"itemListElement\":[{\"@type\":\"ListItem\",\"position\":1,\"name\":\"Home\",\"item\":\"https:\/\/ruishengglassco.com\/\"},{\"@type\":\"ListItem\",\"position\":2,\"name\":\"Products\",\"item\":\"https:\/\/ruishengglassco.com\/products\"},{\"@type\":\"ListItem\",\"position\":3,\"name\":\"RS129: 700ml Old XO Brandy Bottle Price\"}]},{\"@type\":\"WebSite\",\"@id\":\"https:\/\/ruishengglassco.com\/#website\",\"url\":\"https:\/\/ruishengglassco.com\/\",\"name\":\"Ruisheng Glass\",\"description\":\"\",\"publisher\":{\"@id\":\"https:\/\/ruishengglassco.com\/#organization\"},\"potentialAction\":[{\"@type\":\"SearchAction\",\"target\":{\"@type\":\"EntryPoint\",\"urlTemplate\":\"https:\/\/ruishengglassco.com\/?s={search_term_string}\"},\"query-input\":\"required name=search_term_string\"}],\"inLanguage\":\"fr-FR\"},{\"@type\":\"Organization\",\"@id\":\"https:\/\/ruishengglassco.com\/#organization\",\"name\":\"Shandong Yuncheng Ruisheng Glass Co., Ltd\",\"url\":\"https:\/\/ruishengglassco.com\/\",\"logo\":{\"@type\":\"ImageObject\",\"inLanguage\":\"fr-FR\",\"@id\":\"https:\/\/ruishengglassco.com\/#\/schema\/logo\/image\/\",\"url\":\"https:\/\/ruishengglassco.com\/wp-content\/uploads\/2023\/09\/ruisheng_logo_icon.webp\",\"contentUrl\":\"https:\/\/ruishengglassco.com\/wp-content\/uploads\/2023\/09\/ruisheng_logo_icon.webp\",\"width\":400,\"height\":233,\"caption\":\"Shandong Yuncheng Ruisheng Glass Co., Ltd\"},\"image\":{\"@id\":\"https:\/\/ruishengglassco.com\/#\/schema\/logo\/image\/\"},\"sameAs\":[\"https:\/\/www.facebook.com\/ruishengglassbottles\",\"https:\/\/www.instagram.com\/Ruishengglassbottlewholesales\/\",\"https:\/\/www.youtube.com\/channel\/UCMmbMNGwsL-XrtjfSFLCdVQ\"]}]}<\/script>\n<!-- \/ Yoast SEO plugin. -->","yoast_head_json":{"title":"Wholesale 700ml Brandy Bottle Price | Brandy Bottle Manufacturer","description":"Ruisheng, a professional brandy bottle manufacturer, provide wholesale 700ml Brandy bottle price for brandy, XO, Brandy. Factory Outlet&Bulk Price.","robots":{"index":"index","follow":"follow","max-snippet":"max-snippet:-1","max-image-preview":"max-image-preview:large","max-video-preview":"max-video-preview:-1"},"canonical":"https:\/\/ruishengglassco.com\/fr\/produit\/rs129-700ml-old-xo-brandy-bottle-price","og_locale":"fr_FR","og_type":"article","og_title":"Wholesale 700ml Brandy Bottle Price | Brandy Bottle Manufacturer","og_description":"Ruisheng, a professional brandy bottle manufacturer, provide wholesale 700ml Brandy bottle price for brandy, XO, Brandy. Factory Outlet&Bulk Price.","og_url":"https:\/\/ruishengglassco.com\/fr\/produit\/rs129-700ml-old-xo-brandy-bottle-price","article_publisher":"https:\/\/www.facebook.com\/ruishengglassbottles","article_modified_time":"2025-07-17T05:31:36+00:00","og_image":[{"width":800,"height":800,"url":"https:\/\/ruishengglassco.com\/wp-content\/uploads\/2025\/03\/700ml-Old-XO-Brandy-Bottle.webp","type":"image\/webp"}],"twitter_card":"summary_large_image","twitter_misc":{"Dur\u00e9e de lecture estim\u00e9e":"2 minutes"},"schema":{"@context":"https:\/\/schema.org","@graph":[{"@type":"WebPage","@id":"https:\/\/ruishengglassco.com\/product\/rs129-700ml-old-xo-brandy-bottle-price","url":"https:\/\/ruishengglassco.com\/product\/rs129-700ml-old-xo-brandy-bottle-price","name":"Wholesale 700ml Brandy Bottle Price | Brandy Bottle Manufacturer","isPartOf":{"@id":"https:\/\/ruishengglassco.com\/#website"},"datePublished":"2025-03-14T03:01:03+00:00","dateModified":"2025-07-17T05:31:36+00:00","description":"Ruisheng, a professional brandy bottle manufacturer, provide wholesale 700ml Brandy bottle price for brandy, XO, Brandy. Factory Outlet&Bulk Price.","breadcrumb":{"@id":"https:\/\/ruishengglassco.com\/product\/rs129-700ml-old-xo-brandy-bottle-price#breadcrumb"},"inLanguage":"fr-FR","potentialAction":[{"@type":"ReadAction","target":["https:\/\/ruishengglassco.com\/product\/rs129-700ml-old-xo-brandy-bottle-price"]}]},{"@type":"BreadcrumbList","@id":"https:\/\/ruishengglassco.com\/product\/rs129-700ml-old-xo-brandy-bottle-price#breadcrumb","itemListElement":[{"@type":"ListItem","position":1,"name":"Home","item":"https:\/\/ruishengglassco.com\/"},{"@type":"ListItem","position":2,"name":"Products","item":"https:\/\/ruishengglassco.com\/products"},{"@type":"ListItem","position":3,"name":"RS129: 700ml Old XO Brandy Bottle Price"}]},{"@type":"WebSite","@id":"https:\/\/ruishengglassco.com\/#website","url":"https:\/\/ruishengglassco.com\/","name":"Ruisheng Glass","description":"","publisher":{"@id":"https:\/\/ruishengglassco.com\/#organization"},"potentialAction":[{"@type":"SearchAction","target":{"@type":"EntryPoint","urlTemplate":"https:\/\/ruishengglassco.com\/?s={search_term_string}"},"query-input":"required name=search_term_string"}],"inLanguage":"fr-FR"},{"@type":"Organization","@id":"https:\/\/ruishengglassco.com\/#organization","name":"Shandong Yuncheng Ruisheng Glass Co., Ltd","url":"https:\/\/ruishengglassco.com\/","logo":{"@type":"ImageObject","inLanguage":"fr-FR","@id":"https:\/\/ruishengglassco.com\/#\/schema\/logo\/image\/","url":"https:\/\/ruishengglassco.com\/wp-content\/uploads\/2023\/09\/ruisheng_logo_icon.webp","contentUrl":"https:\/\/ruishengglassco.com\/wp-content\/uploads\/2023\/09\/ruisheng_logo_icon.webp","width":400,"height":233,"caption":"Shandong Yuncheng Ruisheng Glass Co., Ltd"},"image":{"@id":"https:\/\/ruishengglassco.com\/#\/schema\/logo\/image\/"},"sameAs":["https:\/\/www.facebook.com\/ruishengglassbottles","https:\/\/www.instagram.com\/Ruishengglassbottlewholesales\/","https:\/\/www.youtube.com\/channel\/UCMmbMNGwsL-XrtjfSFLCdVQ"]}]}},"_links":{"self":[{"href":"https:\/\/ruishengglassco.com\/fr\/wp-json\/wp\/v2\/product\/4139","targetHints":{"allow":["GET"]}}],"collection":[{"href":"https:\/\/ruishengglassco.com\/fr\/wp-json\/wp\/v2\/product"}],"about":[{"href":"https:\/\/ruishengglassco.com\/fr\/wp-json\/wp\/v2\/types\/product"}],"replies":[{"embeddable":true,"href":"https:\/\/ruishengglassco.com\/fr\/wp-json\/wp\/v2\/comments?post=4139"}],"wp:featuredmedia":[{"embeddable":true,"href":"https:\/\/ruishengglassco.com\/fr\/wp-json\/wp\/v2\/media\/4140"}],"wp:attachment":[{"href":"https:\/\/ruishengglassco.com\/fr\/wp-json\/wp\/v2\/media?parent=4139"}],"wp:term":[{"taxonomy":"product_cat","embeddable":true,"href":"https:\/\/ruishengglassco.com\/fr\/wp-json\/wp\/v2\/product_cat?post=4139"}],"curies":[{"name":"wp","href":"https:\/\/api.w.org\/{rel}","templated":true}]}}