{"id":4133,"date":"2025-03-14T09:46:43","date_gmt":"2025-03-14T01:46:43","guid":{"rendered":"https:\/\/ruishengglassco.com\/?post_type=product&#038;p=4133"},"modified":"2025-07-16T14:21:10","modified_gmt":"2025-07-16T06:21:10","slug":"rs135-1500ml-bouteilles-de-vin-en-verre-uniques","status":"publish","type":"product","link":"https:\/\/ruishengglassco.com\/fr\/produit\/rs135-1500ml-bouteilles-de-vin-en-verre-uniques","title":{"rendered":"RS135 : Bouteilles de vin en verre uniques de 1500ml"},"content":{"rendered":"<p>Vous souhaitez acheter une bouteille de 1,5 litre en vrac aupr\u00e8s de fabricants chinois de bouteilles de liqueur ? Nous utilisons du verre de haute qualit\u00e9 pour ces bouteilles en verre. Ces bouteilles en verre peuvent \u00eatre utilis\u00e9es pour les bouteilles de vin, les bouteilles de vodka, les bouteilles de brandy et d'autres types de bouteilles de liqueur.<\/p>\n<p>Cette bouteille de vin en verre unique de 1 500 ml pr\u00e9sente une forme aplatie. Selon la demande du client, nous pouvons \u00e9galement cr\u00e9er un logo personnalis\u00e9 sur ces bouteilles. Le type de fermeture de cette bouteille est le li\u00e8ge en bois. Ce bouchon a besoin d'une taille plus grande que les autres bouchons courants.<\/p>\n<p>Nous pouvons effectuer un traitement approfondi sur ces bouteilles de vin en verre de 1500 ml en gros. Nous pouvons imprimer des logos, des d\u00e9calcomanies, des givres, des peintures, etc. sur les bouteilles en verre. Nous pouvons \u00e9galement proposer diff\u00e9rentes tailles et formes de bouchons pour les bouteilles en verre.<br \/>Notre usine compte plus de 500 employ\u00e9s, dont 30 personnes charg\u00e9es du contr\u00f4le qualit\u00e9 et un groupe d'ing\u00e9nieurs qualifi\u00e9s. Gr\u00e2ce \u00e0 notre vaste exp\u00e9rience, nos bouteilles en verre sont vendues dans de nombreux pays et r\u00e9gions, et nous avons acquis une bonne r\u00e9putation aupr\u00e8s des clients du monde entier.<\/p>\n<p>En tant que fabricant de bouteilles en verre, nous proposons une gamme de bouteilles en verre de haute qualit\u00e9 \u00e0 des prix comp\u00e9titifs. Si vous souhaitez cr\u00e9er vos bouteilles, nous nous ferons un plaisir de les concevoir et de les produire selon vos id\u00e9es et vos dessins.<br \/>Notre objectif est de produire des bouteilles en verre de haute qualit\u00e9 et de fournir un service exceptionnel. Quel que soit votre besoin, nous ferons de notre mieux pour vous fournir le meilleur service.<\/p>\n<h4>Informations sur l'achat de bouteilles de 1,5 litre en vrac<\/h4>\n<ul>\n<li>Article : 15ooml Bouteille de vin en verre unique Wholesale<\/li>\n<li>Mat\u00e9riau principal : verre \u00e0 haute teneur en silex<\/li>\n<li>Bouchon : bouchon en bois de grande taille<\/li>\n<li>R\u00e9f\u00e9rence : RS135<\/li>\n<li>MOQ : 10000 PCS<\/li>\n<li>Capacit\u00e9 : 1500ml<\/li>\n<li>Pcs\/Ctn:15pcs<\/li>\n<li>Origine du lieu : Shandong, Chine<\/li>\n<li>Caract\u00e9ristique : Respectueux de l'environnement<\/li>\n<\/ul>\n<p>Si vous souhaitez acheter des bouteilles de 1,5 litre en vrac ou passer une commande OEM, veuillez cliquer ici. <a href=\"https:\/\/glassbottlewholesale.com\/contact\/\">nous contacter.<\/a><\/p>","protected":false},"excerpt":{"rendered":"<p>Vous souhaitez acheter une bouteille de 1,5 litre en vrac aupr\u00e8s de fabricants chinois de bouteilles de liqueur ? Nous utilisons du verre de haute qualit\u00e9 pour ces bouteilles en verre. Ces bouteilles en verre peuvent \u00eatre utilis\u00e9es pour les bouteilles de vin, les bouteilles de vodka, les bouteilles de brandy et d'autres types de bouteilles d'alcool. Cette bouteille de vin en verre unique de 1 500 ml se caract\u00e9rise par sa forme oblate. Selon...<\/p>","protected":false},"featured_media":4134,"comment_status":"closed","ping_status":"closed","template":"","meta":[],"product_cat":[15,49],"class_list":{"0":"post-4133","1":"product","2":"type-product","3":"status-publish","4":"has-post-thumbnail","6":"product_cat-glass-liquor-spirit-bottles","7":"product_cat-1500ml-liquor-bottle-manufacturer","9":"first","10":"instock","11":"shipping-taxable","12":"product-type-simple"},"yoast_head":"<!-- This site is optimized with the Yoast SEO plugin v22.0 - https:\/\/yoast.com\/wordpress\/plugins\/seo\/ -->\n<title>Buy 1.5 Liter Bottle | 1500ml Glass Bottle Manufacturer<\/title>\n<meta name=\"description\" content=\"Buy 1.5 Liter Bottle In Bulk From China Liquor Bottle Manufacturers. 1500ml Glass Wine Biottle Wholesale In Factory Outlet Price.\" \/>\n<meta name=\"robots\" content=\"index, follow, max-snippet:-1, max-image-preview:large, max-video-preview:-1\" \/>\n<link rel=\"canonical\" href=\"https:\/\/ruishengglassco.com\/fr\/produit\/rs135-1500ml-bouteilles-de-vin-en-verre-uniques\" \/>\n<meta property=\"og:locale\" content=\"fr_FR\" \/>\n<meta property=\"og:type\" content=\"article\" \/>\n<meta property=\"og:title\" content=\"Buy 1.5 Liter Bottle | 1500ml Glass Bottle Manufacturer\" \/>\n<meta property=\"og:description\" content=\"Buy 1.5 Liter Bottle In Bulk From China Liquor Bottle Manufacturers. 1500ml Glass Wine Biottle Wholesale In Factory Outlet Price.\" \/>\n<meta property=\"og:url\" content=\"https:\/\/ruishengglassco.com\/fr\/produit\/rs135-1500ml-bouteilles-de-vin-en-verre-uniques\" \/>\n<meta property=\"article:publisher\" content=\"https:\/\/www.facebook.com\/ruishengglassbottles\" \/>\n<meta property=\"article:modified_time\" content=\"2025-07-16T06:21:10+00:00\" \/>\n<meta property=\"og:image\" content=\"https:\/\/ruishengglassco.com\/wp-content\/uploads\/2025\/03\/1500ml-Unique-Glass-Wine-Bottles.webp\" \/>\n\t<meta property=\"og:image:width\" content=\"400\" \/>\n\t<meta property=\"og:image:height\" content=\"400\" \/>\n\t<meta property=\"og:image:type\" content=\"image\/webp\" \/>\n<meta name=\"twitter:card\" content=\"summary_large_image\" \/>\n<meta name=\"twitter:label1\" content=\"Dur\u00e9e de lecture estim\u00e9e\" \/>\n\t<meta name=\"twitter:data1\" content=\"1 minute\" \/>\n<script type=\"application\/ld+json\" class=\"yoast-schema-graph\">{\"@context\":\"https:\/\/schema.org\",\"@graph\":[{\"@type\":\"WebPage\",\"@id\":\"https:\/\/ruishengglassco.com\/product\/rs135-1500ml-unique-glass-wine-bottles\",\"url\":\"https:\/\/ruishengglassco.com\/product\/rs135-1500ml-unique-glass-wine-bottles\",\"name\":\"Buy 1.5 Liter Bottle | 1500ml Glass Bottle Manufacturer\",\"isPartOf\":{\"@id\":\"https:\/\/ruishengglassco.com\/#website\"},\"datePublished\":\"2025-03-14T01:46:43+00:00\",\"dateModified\":\"2025-07-16T06:21:10+00:00\",\"description\":\"Buy 1.5 Liter Bottle In Bulk From China Liquor Bottle Manufacturers. 1500ml Glass Wine Biottle Wholesale In Factory Outlet Price.\",\"breadcrumb\":{\"@id\":\"https:\/\/ruishengglassco.com\/product\/rs135-1500ml-unique-glass-wine-bottles#breadcrumb\"},\"inLanguage\":\"fr-FR\",\"potentialAction\":[{\"@type\":\"ReadAction\",\"target\":[\"https:\/\/ruishengglassco.com\/product\/rs135-1500ml-unique-glass-wine-bottles\"]}]},{\"@type\":\"BreadcrumbList\",\"@id\":\"https:\/\/ruishengglassco.com\/product\/rs135-1500ml-unique-glass-wine-bottles#breadcrumb\",\"itemListElement\":[{\"@type\":\"ListItem\",\"position\":1,\"name\":\"Home\",\"item\":\"https:\/\/ruishengglassco.com\/\"},{\"@type\":\"ListItem\",\"position\":2,\"name\":\"Products\",\"item\":\"https:\/\/ruishengglassco.com\/products\"},{\"@type\":\"ListItem\",\"position\":3,\"name\":\"RS135: 1500ml Unique Glass Wine Bottles\"}]},{\"@type\":\"WebSite\",\"@id\":\"https:\/\/ruishengglassco.com\/#website\",\"url\":\"https:\/\/ruishengglassco.com\/\",\"name\":\"Ruisheng Glass\",\"description\":\"\",\"publisher\":{\"@id\":\"https:\/\/ruishengglassco.com\/#organization\"},\"potentialAction\":[{\"@type\":\"SearchAction\",\"target\":{\"@type\":\"EntryPoint\",\"urlTemplate\":\"https:\/\/ruishengglassco.com\/?s={search_term_string}\"},\"query-input\":\"required name=search_term_string\"}],\"inLanguage\":\"fr-FR\"},{\"@type\":\"Organization\",\"@id\":\"https:\/\/ruishengglassco.com\/#organization\",\"name\":\"Shandong Yuncheng Ruisheng Glass Co., Ltd\",\"url\":\"https:\/\/ruishengglassco.com\/\",\"logo\":{\"@type\":\"ImageObject\",\"inLanguage\":\"fr-FR\",\"@id\":\"https:\/\/ruishengglassco.com\/#\/schema\/logo\/image\/\",\"url\":\"https:\/\/ruishengglassco.com\/wp-content\/uploads\/2023\/09\/ruisheng_logo_icon.webp\",\"contentUrl\":\"https:\/\/ruishengglassco.com\/wp-content\/uploads\/2023\/09\/ruisheng_logo_icon.webp\",\"width\":400,\"height\":233,\"caption\":\"Shandong Yuncheng Ruisheng Glass Co., Ltd\"},\"image\":{\"@id\":\"https:\/\/ruishengglassco.com\/#\/schema\/logo\/image\/\"},\"sameAs\":[\"https:\/\/www.facebook.com\/ruishengglassbottles\",\"https:\/\/www.instagram.com\/Ruishengglassbottlewholesales\/\",\"https:\/\/www.youtube.com\/channel\/UCMmbMNGwsL-XrtjfSFLCdVQ\"]}]}<\/script>\n<!-- \/ Yoast SEO plugin. -->","yoast_head_json":{"title":"Buy 1.5 Liter Bottle | 1500ml Glass Bottle Manufacturer","description":"Buy 1.5 Liter Bottle In Bulk From China Liquor Bottle Manufacturers. 1500ml Glass Wine Biottle Wholesale In Factory Outlet Price.","robots":{"index":"index","follow":"follow","max-snippet":"max-snippet:-1","max-image-preview":"max-image-preview:large","max-video-preview":"max-video-preview:-1"},"canonical":"https:\/\/ruishengglassco.com\/fr\/produit\/rs135-1500ml-bouteilles-de-vin-en-verre-uniques","og_locale":"fr_FR","og_type":"article","og_title":"Buy 1.5 Liter Bottle | 1500ml Glass Bottle Manufacturer","og_description":"Buy 1.5 Liter Bottle In Bulk From China Liquor Bottle Manufacturers. 1500ml Glass Wine Biottle Wholesale In Factory Outlet Price.","og_url":"https:\/\/ruishengglassco.com\/fr\/produit\/rs135-1500ml-bouteilles-de-vin-en-verre-uniques","article_publisher":"https:\/\/www.facebook.com\/ruishengglassbottles","article_modified_time":"2025-07-16T06:21:10+00:00","og_image":[{"width":400,"height":400,"url":"https:\/\/ruishengglassco.com\/wp-content\/uploads\/2025\/03\/1500ml-Unique-Glass-Wine-Bottles.webp","type":"image\/webp"}],"twitter_card":"summary_large_image","twitter_misc":{"Dur\u00e9e de lecture estim\u00e9e":"1 minute"},"schema":{"@context":"https:\/\/schema.org","@graph":[{"@type":"WebPage","@id":"https:\/\/ruishengglassco.com\/product\/rs135-1500ml-unique-glass-wine-bottles","url":"https:\/\/ruishengglassco.com\/product\/rs135-1500ml-unique-glass-wine-bottles","name":"Buy 1.5 Liter Bottle | 1500ml Glass Bottle Manufacturer","isPartOf":{"@id":"https:\/\/ruishengglassco.com\/#website"},"datePublished":"2025-03-14T01:46:43+00:00","dateModified":"2025-07-16T06:21:10+00:00","description":"Buy 1.5 Liter Bottle In Bulk From China Liquor Bottle Manufacturers. 1500ml Glass Wine Biottle Wholesale In Factory Outlet Price.","breadcrumb":{"@id":"https:\/\/ruishengglassco.com\/product\/rs135-1500ml-unique-glass-wine-bottles#breadcrumb"},"inLanguage":"fr-FR","potentialAction":[{"@type":"ReadAction","target":["https:\/\/ruishengglassco.com\/product\/rs135-1500ml-unique-glass-wine-bottles"]}]},{"@type":"BreadcrumbList","@id":"https:\/\/ruishengglassco.com\/product\/rs135-1500ml-unique-glass-wine-bottles#breadcrumb","itemListElement":[{"@type":"ListItem","position":1,"name":"Home","item":"https:\/\/ruishengglassco.com\/"},{"@type":"ListItem","position":2,"name":"Products","item":"https:\/\/ruishengglassco.com\/products"},{"@type":"ListItem","position":3,"name":"RS135: 1500ml Unique Glass Wine Bottles"}]},{"@type":"WebSite","@id":"https:\/\/ruishengglassco.com\/#website","url":"https:\/\/ruishengglassco.com\/","name":"Ruisheng Glass","description":"","publisher":{"@id":"https:\/\/ruishengglassco.com\/#organization"},"potentialAction":[{"@type":"SearchAction","target":{"@type":"EntryPoint","urlTemplate":"https:\/\/ruishengglassco.com\/?s={search_term_string}"},"query-input":"required name=search_term_string"}],"inLanguage":"fr-FR"},{"@type":"Organization","@id":"https:\/\/ruishengglassco.com\/#organization","name":"Shandong Yuncheng Ruisheng Glass Co., Ltd","url":"https:\/\/ruishengglassco.com\/","logo":{"@type":"ImageObject","inLanguage":"fr-FR","@id":"https:\/\/ruishengglassco.com\/#\/schema\/logo\/image\/","url":"https:\/\/ruishengglassco.com\/wp-content\/uploads\/2023\/09\/ruisheng_logo_icon.webp","contentUrl":"https:\/\/ruishengglassco.com\/wp-content\/uploads\/2023\/09\/ruisheng_logo_icon.webp","width":400,"height":233,"caption":"Shandong Yuncheng Ruisheng Glass Co., Ltd"},"image":{"@id":"https:\/\/ruishengglassco.com\/#\/schema\/logo\/image\/"},"sameAs":["https:\/\/www.facebook.com\/ruishengglassbottles","https:\/\/www.instagram.com\/Ruishengglassbottlewholesales\/","https:\/\/www.youtube.com\/channel\/UCMmbMNGwsL-XrtjfSFLCdVQ"]}]}},"_links":{"self":[{"href":"https:\/\/ruishengglassco.com\/fr\/wp-json\/wp\/v2\/product\/4133","targetHints":{"allow":["GET"]}}],"collection":[{"href":"https:\/\/ruishengglassco.com\/fr\/wp-json\/wp\/v2\/product"}],"about":[{"href":"https:\/\/ruishengglassco.com\/fr\/wp-json\/wp\/v2\/types\/product"}],"replies":[{"embeddable":true,"href":"https:\/\/ruishengglassco.com\/fr\/wp-json\/wp\/v2\/comments?post=4133"}],"wp:featuredmedia":[{"embeddable":true,"href":"https:\/\/ruishengglassco.com\/fr\/wp-json\/wp\/v2\/media\/4134"}],"wp:attachment":[{"href":"https:\/\/ruishengglassco.com\/fr\/wp-json\/wp\/v2\/media?parent=4133"}],"wp:term":[{"taxonomy":"product_cat","embeddable":true,"href":"https:\/\/ruishengglassco.com\/fr\/wp-json\/wp\/v2\/product_cat?post=4133"}],"curies":[{"name":"wp","href":"https:\/\/api.w.org\/{rel}","templated":true}]}}