{"id":4131,"date":"2025-03-14T09:41:31","date_gmt":"2025-03-14T01:41:31","guid":{"rendered":"https:\/\/ruishengglassco.com\/?post_type=product&#038;p=4131"},"modified":"2026-01-05T09:07:54","modified_gmt":"2026-01-05T01:07:54","slug":"rs136-750ml-unique-liquor-decanter-glass-bottle-for-sale","status":"publish","type":"product","link":"https:\/\/ruishengglassco.com\/fr\/produit\/rs136-750ml-unique-liquor-decanter-glass-bottle-for-sale","title":{"rendered":"RS136 : 1000ml Unique Liquor Decanter Glass Bottle for Sale"},"content":{"rendered":"<p>En tant que l'un des plus grands fabricants chinois de carafes \u00e0 liqueur vides, Ruisheng se concentre sur la fabrication de bouteilles en verre depuis 2009. Ces bouteilles en verre uniques sont \u00e0 vendre. Elles sont fabriqu\u00e9es \u00e0 partir de verre \u00e0 haute teneur en plomb. Elles sont donc claires, durables et lisses. Elles sont principalement utilis\u00e9es pour le conditionnement de liqueurs de haute qualit\u00e9.<\/p>\n<p>Nous avons une bouteille de liqueur unique de 1000ml \u00e0 vendre. Nous vendons \u00e9galement des bouteilles en verre uniques en gros pour le brandy, la vodka, le whisky, le gin, le rhum, etc. En tant que fournisseur qualifi\u00e9 de bouteilles de spiritueux vides en verre, nous proposons des services OEM\/ODM. Cela comprend la conception de bouteilles en verre, l'impression de logos et de bouchons personnalis\u00e9s.<\/p>\n<h4>Bouteille en verre unique en vrac pour liqueur<\/h4>\n<p>Les informations concernant la bouteille en verre sont les suivantes<\/p>\n<ul>\n<li>Mat\u00e9riau principal : verre \u00e0 haute teneur en silex<\/li>\n<li>Bouchon : li\u00e8ge<\/li>\n<li>R\u00e9f\u00e9rence : RS136<\/li>\n<li>MOQ : 10000 PCS<\/li>\n<li>Capacit\u00e9 : 1000ml<\/li>\n<li>Pcs\/Ctn : 24pcs<\/li>\n<li>Origine du lieu : Shandong, Chine<\/li>\n<li>Caract\u00e9ristique : Respectueux de l'environnement<\/li>\n<\/ul>\n<p data-block-id=\"c308a2be-d8aa-46f8-b690-e3349108e148\" data-pm-slice=\"1 1 []\">Nous proposons des bouteilles de spiritueux en verre de 1000 ml de diff\u00e9rentes formes. Vous pouvez choisir des bouteilles en forme de c\u0153ur, de tour ou de t\u00eate de mort.<\/p>\n<p data-block-id=\"38688893-bfb4-4968-97bd-5187795502b6\">Apr\u00e8s dix ans de d\u00e9veloppement, notre bouteille \u00e0 liqueur en verre de 1000 ml est d\u00e9sormais export\u00e9e vers 30 pays. Il s'agit notamment du Royaume-Uni, des \u00c9tats-Unis, de l'Australie, du Canada, de la France, de l'Allemagne, de l'Espagne, du Portugal, de l'\u00c9gypte, etc. Tous les produits jouissent d'une excellente r\u00e9putation en mati\u00e8re d'innovation et de fonctionnalit\u00e9.<\/p>\n<p data-block-id=\"6487c633-639b-42df-80d4-58ff6419e278\">Nous vous invitons \u00e0 visiter notre usine. Nous esp\u00e9rons que nos bouteilles uniques vous plairont et que vous passerez commande.<\/p>\n<p><span data-preserver-spaces=\"true\">Si vous \u00eates int\u00e9ress\u00e9 par l'achat d'une carafe \u00e0 liqueur en vrac, veuillez <\/span><a class=\"editor-rtfLink\" href=\"https:\/\/glassbottlewholesale.com\/contact\/\" target=\"_blank\" rel=\"noopener\"><span data-preserver-spaces=\"true\">n'h\u00e9sitez pas \u00e0 nous contacter<\/span><\/a><span data-preserver-spaces=\"true\">. Nous vous r\u00e9pondrons dans les 24 heures.<\/span><\/p>","protected":false},"excerpt":{"rendered":"<p data-block-id=\"81d268da-2813-4ee7-996f-ec51961a3074\" data-pm-slice=\"1 1 []\">Les tendances de la mode vont et viennent, mais l'\u00e9l\u00e9gance v\u00e9ritable sera toujours d'actualit\u00e9. Ces bouteilles en verre uniques sont vendues en vrac. Elles sont d'une grande qualit\u00e9 et d'un style classique. Elles ajouteront de l'\u00e9l\u00e9gance \u00e0 votre spiritueux. Design classique avec un col \u00e9troit et un bouchon de li\u00e8ge assorti, parfait pour le whisky, la vodka, le brandy et d'autres boissons alcoolis\u00e9es.<\/p>\n<p>Bulk Unique Shape Glass Bottle Information :<\/p>\n<ul>\n<li>R\u00e9f\u00e9rence : RS136<\/li>\n<li><strong>Service OEM\/ODM offert. MOQ:10000pcs(10000 PCS)<\/strong><\/li>\n<li>Capuchon : En li\u00e8ge ou sur mesure<\/li>\n<li>Mat\u00e9riau : Verre \u00e0 haute teneur en silex<\/li>\n<li>Hauteur de la bouteille : 155 mm<\/li>\n<li>Diam\u00e8tre de la bouteille : 56,5 mm<\/li>\n<\/ul>","protected":false},"featured_media":4132,"comment_status":"closed","ping_status":"closed","template":"","meta":[],"product_cat":[15,40],"class_list":{"0":"post-4131","1":"product","2":"type-product","3":"status-publish","4":"has-post-thumbnail","6":"product_cat-glass-liquor-spirit-bottles","7":"product_cat-750ml-liquor-bottle-manufacturer","9":"first","10":"instock","11":"shipping-taxable","12":"product-type-simple"},"yoast_head":"<!-- This site is optimized with the Yoast SEO plugin v22.0 - https:\/\/yoast.com\/wordpress\/plugins\/seo\/ -->\n<title>RS136: 1000ml Unique Liquor Decanter Glass Bottle for Sale<\/title>\n<meta name=\"description\" content=\"Buy Bulk Unique Glass Bottle For Sale From China Liquor Bottle Manufacturer. Factory Outlet 1000ml Glass Spirit Bottle Wholesale In Cheap Price.\" \/>\n<meta name=\"robots\" content=\"index, follow, max-snippet:-1, max-image-preview:large, max-video-preview:-1\" \/>\n<link rel=\"canonical\" href=\"https:\/\/ruishengglassco.com\/fr\/produit\/rs136-750ml-unique-liquor-decanter-glass-bottle-for-sale\" \/>\n<meta property=\"og:locale\" content=\"fr_FR\" \/>\n<meta property=\"og:type\" content=\"article\" \/>\n<meta property=\"og:title\" content=\"RS136: 1000ml Unique Liquor Decanter Glass Bottle for Sale\" \/>\n<meta property=\"og:description\" content=\"Buy Bulk Unique Glass Bottle For Sale From China Liquor Bottle Manufacturer. Factory Outlet 1000ml Glass Spirit Bottle Wholesale In Cheap Price.\" \/>\n<meta property=\"og:url\" content=\"https:\/\/ruishengglassco.com\/fr\/produit\/rs136-750ml-unique-liquor-decanter-glass-bottle-for-sale\" \/>\n<meta property=\"article:publisher\" content=\"https:\/\/www.facebook.com\/ruishengglassbottles\" \/>\n<meta property=\"article:modified_time\" content=\"2026-01-05T01:07:54+00:00\" \/>\n<meta property=\"og:image\" content=\"https:\/\/ruishengglassco.com\/wp-content\/uploads\/2025\/03\/750ml-Unique-Liquor-Decanter-Glass-Bottle-for-Sale.webp\" \/>\n\t<meta property=\"og:image:width\" content=\"400\" \/>\n\t<meta property=\"og:image:height\" content=\"400\" \/>\n\t<meta property=\"og:image:type\" content=\"image\/webp\" \/>\n<meta name=\"twitter:card\" content=\"summary_large_image\" \/>\n<meta name=\"twitter:label1\" content=\"Dur\u00e9e de lecture estim\u00e9e\" \/>\n\t<meta name=\"twitter:data1\" content=\"2 minutes\" \/>\n<script type=\"application\/ld+json\" class=\"yoast-schema-graph\">{\"@context\":\"https:\/\/schema.org\",\"@graph\":[{\"@type\":\"WebPage\",\"@id\":\"https:\/\/ruishengglassco.com\/product\/rs136-750ml-unique-liquor-decanter-glass-bottle-for-sale\",\"url\":\"https:\/\/ruishengglassco.com\/product\/rs136-750ml-unique-liquor-decanter-glass-bottle-for-sale\",\"name\":\"RS136: 1000ml Unique Liquor Decanter Glass Bottle for Sale\",\"isPartOf\":{\"@id\":\"https:\/\/ruishengglassco.com\/#website\"},\"datePublished\":\"2025-03-14T01:41:31+00:00\",\"dateModified\":\"2026-01-05T01:07:54+00:00\",\"description\":\"Buy Bulk Unique Glass Bottle For Sale From China Liquor Bottle Manufacturer. Factory Outlet 1000ml Glass Spirit Bottle Wholesale In Cheap Price.\",\"breadcrumb\":{\"@id\":\"https:\/\/ruishengglassco.com\/product\/rs136-750ml-unique-liquor-decanter-glass-bottle-for-sale#breadcrumb\"},\"inLanguage\":\"fr-FR\",\"potentialAction\":[{\"@type\":\"ReadAction\",\"target\":[\"https:\/\/ruishengglassco.com\/product\/rs136-750ml-unique-liquor-decanter-glass-bottle-for-sale\"]}]},{\"@type\":\"BreadcrumbList\",\"@id\":\"https:\/\/ruishengglassco.com\/product\/rs136-750ml-unique-liquor-decanter-glass-bottle-for-sale#breadcrumb\",\"itemListElement\":[{\"@type\":\"ListItem\",\"position\":1,\"name\":\"Home\",\"item\":\"https:\/\/ruishengglassco.com\/\"},{\"@type\":\"ListItem\",\"position\":2,\"name\":\"Products\",\"item\":\"https:\/\/ruishengglassco.com\/products\"},{\"@type\":\"ListItem\",\"position\":3,\"name\":\"RS136: 1000ml Unique Liquor Decanter Glass Bottle for Sale\"}]},{\"@type\":\"WebSite\",\"@id\":\"https:\/\/ruishengglassco.com\/#website\",\"url\":\"https:\/\/ruishengglassco.com\/\",\"name\":\"Ruisheng Glass\",\"description\":\"\",\"publisher\":{\"@id\":\"https:\/\/ruishengglassco.com\/#organization\"},\"potentialAction\":[{\"@type\":\"SearchAction\",\"target\":{\"@type\":\"EntryPoint\",\"urlTemplate\":\"https:\/\/ruishengglassco.com\/?s={search_term_string}\"},\"query-input\":\"required name=search_term_string\"}],\"inLanguage\":\"fr-FR\"},{\"@type\":\"Organization\",\"@id\":\"https:\/\/ruishengglassco.com\/#organization\",\"name\":\"Shandong Yuncheng Ruisheng Glass Co., Ltd\",\"url\":\"https:\/\/ruishengglassco.com\/\",\"logo\":{\"@type\":\"ImageObject\",\"inLanguage\":\"fr-FR\",\"@id\":\"https:\/\/ruishengglassco.com\/#\/schema\/logo\/image\/\",\"url\":\"https:\/\/ruishengglassco.com\/wp-content\/uploads\/2023\/09\/ruisheng_logo_icon.webp\",\"contentUrl\":\"https:\/\/ruishengglassco.com\/wp-content\/uploads\/2023\/09\/ruisheng_logo_icon.webp\",\"width\":400,\"height\":233,\"caption\":\"Shandong Yuncheng Ruisheng Glass Co., Ltd\"},\"image\":{\"@id\":\"https:\/\/ruishengglassco.com\/#\/schema\/logo\/image\/\"},\"sameAs\":[\"https:\/\/www.facebook.com\/ruishengglassbottles\",\"https:\/\/www.instagram.com\/Ruishengglassbottlewholesales\/\",\"https:\/\/www.youtube.com\/channel\/UCMmbMNGwsL-XrtjfSFLCdVQ\"]}]}<\/script>\n<!-- \/ Yoast SEO plugin. -->","yoast_head_json":{"title":"RS136: 1000ml Unique Liquor Decanter Glass Bottle for Sale","description":"Buy Bulk Unique Glass Bottle For Sale From China Liquor Bottle Manufacturer. Factory Outlet 1000ml Glass Spirit Bottle Wholesale In Cheap Price.","robots":{"index":"index","follow":"follow","max-snippet":"max-snippet:-1","max-image-preview":"max-image-preview:large","max-video-preview":"max-video-preview:-1"},"canonical":"https:\/\/ruishengglassco.com\/fr\/produit\/rs136-750ml-unique-liquor-decanter-glass-bottle-for-sale","og_locale":"fr_FR","og_type":"article","og_title":"RS136: 1000ml Unique Liquor Decanter Glass Bottle for Sale","og_description":"Buy Bulk Unique Glass Bottle For Sale From China Liquor Bottle Manufacturer. Factory Outlet 1000ml Glass Spirit Bottle Wholesale In Cheap Price.","og_url":"https:\/\/ruishengglassco.com\/fr\/produit\/rs136-750ml-unique-liquor-decanter-glass-bottle-for-sale","article_publisher":"https:\/\/www.facebook.com\/ruishengglassbottles","article_modified_time":"2026-01-05T01:07:54+00:00","og_image":[{"width":400,"height":400,"url":"https:\/\/ruishengglassco.com\/wp-content\/uploads\/2025\/03\/750ml-Unique-Liquor-Decanter-Glass-Bottle-for-Sale.webp","type":"image\/webp"}],"twitter_card":"summary_large_image","twitter_misc":{"Dur\u00e9e de lecture estim\u00e9e":"2 minutes"},"schema":{"@context":"https:\/\/schema.org","@graph":[{"@type":"WebPage","@id":"https:\/\/ruishengglassco.com\/product\/rs136-750ml-unique-liquor-decanter-glass-bottle-for-sale","url":"https:\/\/ruishengglassco.com\/product\/rs136-750ml-unique-liquor-decanter-glass-bottle-for-sale","name":"RS136: 1000ml Unique Liquor Decanter Glass Bottle for Sale","isPartOf":{"@id":"https:\/\/ruishengglassco.com\/#website"},"datePublished":"2025-03-14T01:41:31+00:00","dateModified":"2026-01-05T01:07:54+00:00","description":"Buy Bulk Unique Glass Bottle For Sale From China Liquor Bottle Manufacturer. Factory Outlet 1000ml Glass Spirit Bottle Wholesale In Cheap Price.","breadcrumb":{"@id":"https:\/\/ruishengglassco.com\/product\/rs136-750ml-unique-liquor-decanter-glass-bottle-for-sale#breadcrumb"},"inLanguage":"fr-FR","potentialAction":[{"@type":"ReadAction","target":["https:\/\/ruishengglassco.com\/product\/rs136-750ml-unique-liquor-decanter-glass-bottle-for-sale"]}]},{"@type":"BreadcrumbList","@id":"https:\/\/ruishengglassco.com\/product\/rs136-750ml-unique-liquor-decanter-glass-bottle-for-sale#breadcrumb","itemListElement":[{"@type":"ListItem","position":1,"name":"Home","item":"https:\/\/ruishengglassco.com\/"},{"@type":"ListItem","position":2,"name":"Products","item":"https:\/\/ruishengglassco.com\/products"},{"@type":"ListItem","position":3,"name":"RS136: 1000ml Unique Liquor Decanter Glass Bottle for Sale"}]},{"@type":"WebSite","@id":"https:\/\/ruishengglassco.com\/#website","url":"https:\/\/ruishengglassco.com\/","name":"Ruisheng Glass","description":"","publisher":{"@id":"https:\/\/ruishengglassco.com\/#organization"},"potentialAction":[{"@type":"SearchAction","target":{"@type":"EntryPoint","urlTemplate":"https:\/\/ruishengglassco.com\/?s={search_term_string}"},"query-input":"required name=search_term_string"}],"inLanguage":"fr-FR"},{"@type":"Organization","@id":"https:\/\/ruishengglassco.com\/#organization","name":"Shandong Yuncheng Ruisheng Glass Co., Ltd","url":"https:\/\/ruishengglassco.com\/","logo":{"@type":"ImageObject","inLanguage":"fr-FR","@id":"https:\/\/ruishengglassco.com\/#\/schema\/logo\/image\/","url":"https:\/\/ruishengglassco.com\/wp-content\/uploads\/2023\/09\/ruisheng_logo_icon.webp","contentUrl":"https:\/\/ruishengglassco.com\/wp-content\/uploads\/2023\/09\/ruisheng_logo_icon.webp","width":400,"height":233,"caption":"Shandong Yuncheng Ruisheng Glass Co., Ltd"},"image":{"@id":"https:\/\/ruishengglassco.com\/#\/schema\/logo\/image\/"},"sameAs":["https:\/\/www.facebook.com\/ruishengglassbottles","https:\/\/www.instagram.com\/Ruishengglassbottlewholesales\/","https:\/\/www.youtube.com\/channel\/UCMmbMNGwsL-XrtjfSFLCdVQ"]}]}},"_links":{"self":[{"href":"https:\/\/ruishengglassco.com\/fr\/wp-json\/wp\/v2\/product\/4131","targetHints":{"allow":["GET"]}}],"collection":[{"href":"https:\/\/ruishengglassco.com\/fr\/wp-json\/wp\/v2\/product"}],"about":[{"href":"https:\/\/ruishengglassco.com\/fr\/wp-json\/wp\/v2\/types\/product"}],"replies":[{"embeddable":true,"href":"https:\/\/ruishengglassco.com\/fr\/wp-json\/wp\/v2\/comments?post=4131"}],"wp:featuredmedia":[{"embeddable":true,"href":"https:\/\/ruishengglassco.com\/fr\/wp-json\/wp\/v2\/media\/4132"}],"wp:attachment":[{"href":"https:\/\/ruishengglassco.com\/fr\/wp-json\/wp\/v2\/media?parent=4131"}],"wp:term":[{"taxonomy":"product_cat","embeddable":true,"href":"https:\/\/ruishengglassco.com\/fr\/wp-json\/wp\/v2\/product_cat?post=4131"}],"curies":[{"name":"wp","href":"https:\/\/api.w.org\/{rel}","templated":true}]}}