{"id":4129,"date":"2025-03-14T09:31:32","date_gmt":"2025-03-14T01:31:32","guid":{"rendered":"https:\/\/ruishengglassco.com\/?post_type=product&#038;p=4129"},"modified":"2025-07-16T14:47:08","modified_gmt":"2025-07-16T06:47:08","slug":"rs137-acheter-bouteille-en-verre-avec-couvercle","status":"publish","type":"product","link":"https:\/\/ruishengglassco.com\/fr\/produit\/rs137-acheter-bouteille-en-verre-avec-couvercle","title":{"rendered":"RS137 : Acheter des bouteilles en verre avec couvercle"},"content":{"rendered":"<p><span data-preserver-spaces=\"true\">La bouteille en verre transparent de 750 ml pour les boissons alcoolis\u00e9es <\/span><span data-preserver-spaces=\"true\">est fabriqu\u00e9<\/span><span data-preserver-spaces=\"true\"> par Shandong Yuncheng Ruisheng Glass Co, Ltd. Notre soci\u00e9t\u00e9 est l'un des plus grands fabricants de super silex.<\/span><a class=\"editor-rtfLink\" href=\"https:\/\/glassbottlewholesale.com\/about-us\/\" target=\"_blank\" rel=\"noopener\"><span data-preserver-spaces=\"true\"> bouteilles de liqueur en verre en<\/span><\/a><span data-preserver-spaces=\"true\"> Chine. Notre entreprise compte plus de 500 employ\u00e9s et une \u00e9quipe d'ing\u00e9nieurs qualifi\u00e9s. Gr\u00e2ce \u00e0 notre riche exp\u00e9rience, nous avons acquis une bonne r\u00e9putation dans le monde entier.<\/span><\/p>\n<p><span data-preserver-spaces=\"true\">La bouteille de spiritueux en gros de 750 ml est orn\u00e9e de bouchons en li\u00e8ge et d'une \u00e9tiquette en plastique. <\/span><span data-preserver-spaces=\"true\">est \u00e9labor\u00e9<\/span><span data-preserver-spaces=\"true\"> en verre flint de haute qualit\u00e9. Ce type de verre est clair, durable et lisse au toucher. <\/span><span data-preserver-spaces=\"true\">C'est <\/span><span data-preserver-spaces=\"true\">parfait<\/span><span data-preserver-spaces=\"true\"> pour le conditionnement de liqueurs, de vodka, de brandy, de whisky et d'alcools. <\/span><span data-preserver-spaces=\"true\">plus<\/span><span data-preserver-spaces=\"true\">.<\/span><\/p>\n<p><span data-preserver-spaces=\"true\">Ruisheng est un fabricant de premier plan de bouteilles de spiritueux en gros avec bouchons. Nous fabriquons des bouteilles en verre de haute qualit\u00e9 pour la vodka, le brandy, le whisky, la liqueur et la confiture. Nous pouvons \u00e9galement fournir des bouteilles de spiritueux de diff\u00e9rentes couleurs en gros. Les options comprennent les bouteilles en verre ambr\u00e9, vert, blanc et transparent. Nos principaux march\u00e9s sont le Royaume-Uni, les \u00c9tats-Unis, l'Australie, le Canada et d'autres r\u00e9gions. Tous nos produits jouissent d'une excellente r\u00e9putation en mati\u00e8re d'innovation et de fonctionnalit\u00e9.<\/span><\/p>\n<p><span data-preserver-spaces=\"true\">Comment choisir les bouteilles en verre pour e-liquide ? Choisissez la bonne bouteille en verre transparent pour votre e-liquide. Le premier crit\u00e8re est la qualit\u00e9 des bouteilles de liquide. Qualit\u00e9 sup\u00e9rieure<\/span><a class=\"editor-rtfLink\" href=\"https:\/\/glassbottlewholesale.com\/our-products\/\" target=\"_blank\" rel=\"noopener\"><span data-preserver-spaces=\"true\"> bouteilles en verre bo\u00eete de conserve<\/span><\/a><span data-preserver-spaces=\"true\"> garantir la qualit\u00e9 des boissons alcoolis\u00e9es et en augmenter la valeur. En outre, les clients doivent \u00e9galement pr\u00eater attention \u00e0 la qualit\u00e9 des produits alcoolis\u00e9s, \u00e0 la saveur de l'alcool et \u00e0 la propagande culturelle lorsqu'ils choisissent une bouteille en verre.\u00a0<\/span><span data-preserver-spaces=\"true\">Quand <\/span><span data-preserver-spaces=\"true\">l'achat<\/span><span data-preserver-spaces=\"true\"> les bouteilles d'alcool, <\/span><span data-preserver-spaces=\"true\">choisir<\/span><span data-preserver-spaces=\"true\"> a <\/span><span data-preserver-spaces=\"true\">fiable<\/span><span data-preserver-spaces=\"true\"> fabricant.<\/span> <span data-preserver-spaces=\"true\">Le pr\u00e9sent<\/span><span data-preserver-spaces=\"true\"> contribue \u00e0 garantir la qualit\u00e9 et le prix des bouteilles.<\/span><\/p>\n<p><span data-preserver-spaces=\"true\">Si vous \u00eates int\u00e9ress\u00e9 par cette bouteille en verre transparent de 750 ml pour liqueur, <\/span><span data-preserver-spaces=\"true\">veuillez nous contacter<\/span><span data-preserver-spaces=\"true\">.<\/span><span data-preserver-spaces=\"true\"> Nous vous r\u00e9pondrons dans les 24 heures.<\/span><\/p>","protected":false},"excerpt":{"rendered":"<p>Bouteille ronde en verre transparent de 750 ml pour liqueur. La belle couleur du spiritueux appara\u00eet \u00e0 travers le verre super-flint. Convient pour le Whisky, le Brandy, la Vodka, etc. Bouchon de li\u00e8ge ou de moineau disponible.<\/p>\n<p>Bouteille en verre de 750ml D\u00e9tails :<\/p>\n<ul>\n<li>R\u00e9f\u00e9rence : RS137<\/li>\n<li><strong>Service OEM\/ODM offert. MOQ:10000pcs<\/strong><\/li>\n<li>Capuchon : Capuchon \u00e0 vis\/bouchon<\/li>\n<li>Mat\u00e9riau : Verre \u00e0 haute teneur en silex<\/li>\n<li>Livraison : \u00c9chantillon gratuit offert dans les 3 \u00e0 7 jours. Commande en gros sous 30 jours.<\/li>\n<li>Caract\u00e9ristique : Respectueux de l'environnement<\/li>\n<\/ul>","protected":false},"featured_media":4130,"comment_status":"closed","ping_status":"closed","template":"","meta":[],"product_cat":[15],"class_list":{"0":"post-4129","1":"product","2":"type-product","3":"status-publish","4":"has-post-thumbnail","6":"product_cat-glass-liquor-spirit-bottles","8":"first","9":"instock","10":"shipping-taxable","11":"product-type-simple"},"yoast_head":"<!-- This site is optimized with the Yoast SEO plugin v22.0 - https:\/\/yoast.com\/wordpress\/plugins\/seo\/ -->\n<title>RS137: Buy Glass Bottle With Lids<\/title>\n<meta name=\"description\" content=\"Glass round shape 750ml clear glass bottle for liquor. The beautiful color of the spirit shows through the super-flint glass, works for Whiskey, Brandy, Vodka, etc. Cork\/Scrow cap Available.\" \/>\n<meta name=\"robots\" content=\"index, follow, max-snippet:-1, max-image-preview:large, max-video-preview:-1\" \/>\n<link rel=\"canonical\" href=\"https:\/\/ruishengglassco.com\/fr\/produit\/rs137-acheter-bouteille-en-verre-avec-couvercle\" \/>\n<meta property=\"og:locale\" content=\"fr_FR\" \/>\n<meta property=\"og:type\" content=\"article\" \/>\n<meta property=\"og:title\" content=\"RS137: Buy Glass Bottle With Lids\" \/>\n<meta property=\"og:description\" content=\"Glass round shape 750ml clear glass bottle for liquor. The beautiful color of the spirit shows through the super-flint glass, works for Whiskey, Brandy, Vodka, etc. Cork\/Scrow cap Available.\" \/>\n<meta property=\"og:url\" content=\"https:\/\/ruishengglassco.com\/fr\/produit\/rs137-acheter-bouteille-en-verre-avec-couvercle\" \/>\n<meta property=\"article:publisher\" content=\"https:\/\/www.facebook.com\/ruishengglassbottles\" \/>\n<meta property=\"article:modified_time\" content=\"2025-07-16T06:47:08+00:00\" \/>\n<meta property=\"og:image\" content=\"https:\/\/ruishengglassco.com\/wp-content\/uploads\/2025\/03\/RS137-Buy-Glass-Bottle-With-Lids.webp\" \/>\n\t<meta property=\"og:image:width\" content=\"400\" \/>\n\t<meta property=\"og:image:height\" content=\"400\" \/>\n\t<meta property=\"og:image:type\" content=\"image\/webp\" \/>\n<meta name=\"twitter:card\" content=\"summary_large_image\" \/>\n<meta name=\"twitter:label1\" content=\"Dur\u00e9e de lecture estim\u00e9e\" \/>\n\t<meta name=\"twitter:data1\" content=\"2 minutes\" \/>\n<script type=\"application\/ld+json\" class=\"yoast-schema-graph\">{\"@context\":\"https:\/\/schema.org\",\"@graph\":[{\"@type\":\"WebPage\",\"@id\":\"https:\/\/ruishengglassco.com\/product\/rs137-buy-glass-bottle-with-lids\",\"url\":\"https:\/\/ruishengglassco.com\/product\/rs137-buy-glass-bottle-with-lids\",\"name\":\"RS137: Buy Glass Bottle With Lids\",\"isPartOf\":{\"@id\":\"https:\/\/ruishengglassco.com\/#website\"},\"datePublished\":\"2025-03-14T01:31:32+00:00\",\"dateModified\":\"2025-07-16T06:47:08+00:00\",\"description\":\"Glass round shape 750ml clear glass bottle for liquor. The beautiful color of the spirit shows through the super-flint glass, works for Whiskey, Brandy, Vodka, etc. Cork\/Scrow cap Available.\",\"breadcrumb\":{\"@id\":\"https:\/\/ruishengglassco.com\/product\/rs137-buy-glass-bottle-with-lids#breadcrumb\"},\"inLanguage\":\"fr-FR\",\"potentialAction\":[{\"@type\":\"ReadAction\",\"target\":[\"https:\/\/ruishengglassco.com\/product\/rs137-buy-glass-bottle-with-lids\"]}]},{\"@type\":\"BreadcrumbList\",\"@id\":\"https:\/\/ruishengglassco.com\/product\/rs137-buy-glass-bottle-with-lids#breadcrumb\",\"itemListElement\":[{\"@type\":\"ListItem\",\"position\":1,\"name\":\"Home\",\"item\":\"https:\/\/ruishengglassco.com\/\"},{\"@type\":\"ListItem\",\"position\":2,\"name\":\"Products\",\"item\":\"https:\/\/ruishengglassco.com\/products\"},{\"@type\":\"ListItem\",\"position\":3,\"name\":\"RS137: Buy Glass Bottle With Lids\"}]},{\"@type\":\"WebSite\",\"@id\":\"https:\/\/ruishengglassco.com\/#website\",\"url\":\"https:\/\/ruishengglassco.com\/\",\"name\":\"Ruisheng Glass\",\"description\":\"\",\"publisher\":{\"@id\":\"https:\/\/ruishengglassco.com\/#organization\"},\"potentialAction\":[{\"@type\":\"SearchAction\",\"target\":{\"@type\":\"EntryPoint\",\"urlTemplate\":\"https:\/\/ruishengglassco.com\/?s={search_term_string}\"},\"query-input\":\"required name=search_term_string\"}],\"inLanguage\":\"fr-FR\"},{\"@type\":\"Organization\",\"@id\":\"https:\/\/ruishengglassco.com\/#organization\",\"name\":\"Shandong Yuncheng Ruisheng Glass Co., Ltd\",\"url\":\"https:\/\/ruishengglassco.com\/\",\"logo\":{\"@type\":\"ImageObject\",\"inLanguage\":\"fr-FR\",\"@id\":\"https:\/\/ruishengglassco.com\/#\/schema\/logo\/image\/\",\"url\":\"https:\/\/ruishengglassco.com\/wp-content\/uploads\/2023\/09\/ruisheng_logo_icon.webp\",\"contentUrl\":\"https:\/\/ruishengglassco.com\/wp-content\/uploads\/2023\/09\/ruisheng_logo_icon.webp\",\"width\":400,\"height\":233,\"caption\":\"Shandong Yuncheng Ruisheng Glass Co., Ltd\"},\"image\":{\"@id\":\"https:\/\/ruishengglassco.com\/#\/schema\/logo\/image\/\"},\"sameAs\":[\"https:\/\/www.facebook.com\/ruishengglassbottles\",\"https:\/\/www.instagram.com\/Ruishengglassbottlewholesales\/\",\"https:\/\/www.youtube.com\/channel\/UCMmbMNGwsL-XrtjfSFLCdVQ\"]}]}<\/script>\n<!-- \/ Yoast SEO plugin. -->","yoast_head_json":{"title":"RS137: Buy Glass Bottle With Lids","description":"Glass round shape 750ml clear glass bottle for liquor. The beautiful color of the spirit shows through the super-flint glass, works for Whiskey, Brandy, Vodka, etc. Cork\/Scrow cap Available.","robots":{"index":"index","follow":"follow","max-snippet":"max-snippet:-1","max-image-preview":"max-image-preview:large","max-video-preview":"max-video-preview:-1"},"canonical":"https:\/\/ruishengglassco.com\/fr\/produit\/rs137-acheter-bouteille-en-verre-avec-couvercle","og_locale":"fr_FR","og_type":"article","og_title":"RS137: Buy Glass Bottle With Lids","og_description":"Glass round shape 750ml clear glass bottle for liquor. The beautiful color of the spirit shows through the super-flint glass, works for Whiskey, Brandy, Vodka, etc. Cork\/Scrow cap Available.","og_url":"https:\/\/ruishengglassco.com\/fr\/produit\/rs137-acheter-bouteille-en-verre-avec-couvercle","article_publisher":"https:\/\/www.facebook.com\/ruishengglassbottles","article_modified_time":"2025-07-16T06:47:08+00:00","og_image":[{"width":400,"height":400,"url":"https:\/\/ruishengglassco.com\/wp-content\/uploads\/2025\/03\/RS137-Buy-Glass-Bottle-With-Lids.webp","type":"image\/webp"}],"twitter_card":"summary_large_image","twitter_misc":{"Dur\u00e9e de lecture estim\u00e9e":"2 minutes"},"schema":{"@context":"https:\/\/schema.org","@graph":[{"@type":"WebPage","@id":"https:\/\/ruishengglassco.com\/product\/rs137-buy-glass-bottle-with-lids","url":"https:\/\/ruishengglassco.com\/product\/rs137-buy-glass-bottle-with-lids","name":"RS137: Buy Glass Bottle With Lids","isPartOf":{"@id":"https:\/\/ruishengglassco.com\/#website"},"datePublished":"2025-03-14T01:31:32+00:00","dateModified":"2025-07-16T06:47:08+00:00","description":"Glass round shape 750ml clear glass bottle for liquor. The beautiful color of the spirit shows through the super-flint glass, works for Whiskey, Brandy, Vodka, etc. Cork\/Scrow cap Available.","breadcrumb":{"@id":"https:\/\/ruishengglassco.com\/product\/rs137-buy-glass-bottle-with-lids#breadcrumb"},"inLanguage":"fr-FR","potentialAction":[{"@type":"ReadAction","target":["https:\/\/ruishengglassco.com\/product\/rs137-buy-glass-bottle-with-lids"]}]},{"@type":"BreadcrumbList","@id":"https:\/\/ruishengglassco.com\/product\/rs137-buy-glass-bottle-with-lids#breadcrumb","itemListElement":[{"@type":"ListItem","position":1,"name":"Home","item":"https:\/\/ruishengglassco.com\/"},{"@type":"ListItem","position":2,"name":"Products","item":"https:\/\/ruishengglassco.com\/products"},{"@type":"ListItem","position":3,"name":"RS137: Buy Glass Bottle With Lids"}]},{"@type":"WebSite","@id":"https:\/\/ruishengglassco.com\/#website","url":"https:\/\/ruishengglassco.com\/","name":"Ruisheng Glass","description":"","publisher":{"@id":"https:\/\/ruishengglassco.com\/#organization"},"potentialAction":[{"@type":"SearchAction","target":{"@type":"EntryPoint","urlTemplate":"https:\/\/ruishengglassco.com\/?s={search_term_string}"},"query-input":"required name=search_term_string"}],"inLanguage":"fr-FR"},{"@type":"Organization","@id":"https:\/\/ruishengglassco.com\/#organization","name":"Shandong Yuncheng Ruisheng Glass Co., Ltd","url":"https:\/\/ruishengglassco.com\/","logo":{"@type":"ImageObject","inLanguage":"fr-FR","@id":"https:\/\/ruishengglassco.com\/#\/schema\/logo\/image\/","url":"https:\/\/ruishengglassco.com\/wp-content\/uploads\/2023\/09\/ruisheng_logo_icon.webp","contentUrl":"https:\/\/ruishengglassco.com\/wp-content\/uploads\/2023\/09\/ruisheng_logo_icon.webp","width":400,"height":233,"caption":"Shandong Yuncheng Ruisheng Glass Co., Ltd"},"image":{"@id":"https:\/\/ruishengglassco.com\/#\/schema\/logo\/image\/"},"sameAs":["https:\/\/www.facebook.com\/ruishengglassbottles","https:\/\/www.instagram.com\/Ruishengglassbottlewholesales\/","https:\/\/www.youtube.com\/channel\/UCMmbMNGwsL-XrtjfSFLCdVQ"]}]}},"_links":{"self":[{"href":"https:\/\/ruishengglassco.com\/fr\/wp-json\/wp\/v2\/product\/4129","targetHints":{"allow":["GET"]}}],"collection":[{"href":"https:\/\/ruishengglassco.com\/fr\/wp-json\/wp\/v2\/product"}],"about":[{"href":"https:\/\/ruishengglassco.com\/fr\/wp-json\/wp\/v2\/types\/product"}],"replies":[{"embeddable":true,"href":"https:\/\/ruishengglassco.com\/fr\/wp-json\/wp\/v2\/comments?post=4129"}],"wp:featuredmedia":[{"embeddable":true,"href":"https:\/\/ruishengglassco.com\/fr\/wp-json\/wp\/v2\/media\/4130"}],"wp:attachment":[{"href":"https:\/\/ruishengglassco.com\/fr\/wp-json\/wp\/v2\/media?parent=4129"}],"wp:term":[{"taxonomy":"product_cat","embeddable":true,"href":"https:\/\/ruishengglassco.com\/fr\/wp-json\/wp\/v2\/product_cat?post=4129"}],"curies":[{"name":"wp","href":"https:\/\/api.w.org\/{rel}","templated":true}]}}