{"id":4125,"date":"2025-03-14T09:18:43","date_gmt":"2025-03-14T01:18:43","guid":{"rendered":"https:\/\/ruishengglassco.com\/?post_type=product&#038;p=4125"},"modified":"2025-07-17T13:27:03","modified_gmt":"2025-07-17T05:27:03","slug":"rs139-bouteilles-en-verre-vintage-de-500ml-avec-bouchons","status":"publish","type":"product","link":"https:\/\/ruishengglassco.com\/fr\/produit\/rs139-bouteilles-en-verre-vintage-de-500ml-avec-bouchons","title":{"rendered":"RS139 : Bouteilles en verre vintage de 500ml avec bouchons"},"content":{"rendered":"<p>Cette s\u00e9rie de bouteilles en verre vintage convient \u00e0 la vodka, au brandy, au cognac XO et \u00e0 d'autres spiritueux de qualit\u00e9 sup\u00e9rieure. Sa forme plate permet une bonne prise en main.<br \/>\nLe mat\u00e9riau de cette bouteille en verre vide de 500 ml est un silex de haute qualit\u00e9, ce qui garantit qu'elle ne se cassera pas facilement. De plus, elle est tr\u00e8s transparente. Elle convient au bouchon \u00e0 vis, et nous proposons des bouchons en aluminium et des bouchons en gala.<\/p>\n<p>Nous pouvons \u00e9galement changer le bouchon ; si vous pr\u00e9f\u00e9rez utiliser du li\u00e8ge, nous pouvons le faire. En outre, nous pouvons changer la couleur de la bouteille en verre en bleu, vert, rouge et autres couleurs.<\/p>\n<p>Nos employ\u00e9s s'acquittent de leurs t\u00e2ches tous les jours, en travaillant dur et en contr\u00f4lant rigoureusement la qualit\u00e9 des bouteilles. Lorsqu'une bouteille en verre pr\u00e9sente un probl\u00e8me de qualit\u00e9, elle est imm\u00e9diatement corrig\u00e9e.<\/p>\n<p>Si vous souhaitez y imprimer votre logo, nous pouvons \u00e9galement le faire. Nous pouvons effectuer un traitement en profondeur des bouteilles en verre, comme l'application de d\u00e9calcomanies, le givrage, le sablage et la peinture.<\/p>\n<h4>D\u00e9tails sur la vente en gros de bouteilles en verre<\/h4>\n<p>Les informations concernant la bouteille en verre sont les suivantes<\/p>\n<ul>\n<li>Mat\u00e9riau principal : verre \u00e0 haute teneur en silex<\/li>\n<li>Bouchon : bouchon \u00e0 vis<\/li>\n<li>R\u00e9f\u00e9rence : RS139<\/li>\n<li>MOQ : 10000 PCS<\/li>\n<li>Capacit\u00e9 : sur mesure<\/li>\n<li>Pcs\/Ctn:24pcs<\/li>\n<li>Origine du lieu : Shandong, Chine<\/li>\n<li>Caract\u00e9ristique : Respectueux de l'environnement<\/li>\n<\/ul>\n<p><span data-preserver-spaces=\"true\">Nos produits sont emball\u00e9s avec le plus grand soin et<\/span> <span data-preserver-spaces=\"true\">nous pouvons vous assurer qu'ils sont en bon \u00e9tat.<\/span><\/p>\n<p><span data-preserver-spaces=\"true\">Le plus important est que nous offrons un service apr\u00e8s-vente de premier ordre ; nous r\u00e9pondrons \u00e0 vos questions et vous aiderons \u00e0 vous familiariser avec le processus de production de nos produits.<\/span><\/p>\n<p><span data-preserver-spaces=\"true\">Bien entendu, vous <\/span><span data-preserver-spaces=\"true\">peuvent venir et<\/span><span data-preserver-spaces=\"true\"> visiter notre usine<\/span><span data-preserver-spaces=\"true\">, <\/span><span data-preserver-spaces=\"true\">nous<\/span><span data-preserver-spaces=\"true\"> vous faire visiter <\/span><span data-preserver-spaces=\"true\">l'usine<\/span><span data-preserver-spaces=\"true\">.<\/span><span data-preserver-spaces=\"true\"> En outre, notre processus de production est tr\u00e8s formel. Nous esp\u00e9rons que vous pouvez faire confiance \u00e0 nos bouteilles en verre et nous nous r\u00e9jouissons d'une coop\u00e9ration \u00e0 long terme avec vous.<\/span><\/p>\n<p><span data-preserver-spaces=\"true\">Nous acceptons \u00e9galement les bouteilles en verre personnalis\u00e9es ; vous pouvez <\/span><span data-preserver-spaces=\"true\">me donner<\/span><span data-preserver-spaces=\"true\"> \u00e9chantillons ou dessins, et nous pouvons <\/span><span data-preserver-spaces=\"true\">faire la m\u00eame chose avec la bouteille en verre<\/span><span data-preserver-spaces=\"true\">.<\/span><\/p>\n<p><span data-preserver-spaces=\"true\">Veuillez aimer cette bouteille en verre et passer une commande.<\/span><\/p>\n<p><span data-preserver-spaces=\"true\">Si vous <\/span><span data-preserver-spaces=\"true\">comme<\/span><span data-preserver-spaces=\"true\"> cette bouteille en verre vintage en gros, s'il vous pla\u00eet <\/span><span data-preserver-spaces=\"true\">se sentir libre<\/span><span data-preserver-spaces=\"true\"> \u00e0 <\/span><a class=\"editor-rtfLink\" href=\"https:\/\/glassbottlewholesale.com\/contact\/\" target=\"_blank\" rel=\"noopener\"><span data-preserver-spaces=\"true\">nous contacter<\/span><\/a><span data-preserver-spaces=\"true\">.<\/span><span data-preserver-spaces=\"true\"> Nous serons en ligne 24 heures par jour.<\/span><\/p>","protected":false},"excerpt":{"rendered":"<p>Ruisheng Glass Bottle, une soci\u00e9t\u00e9 de fabrication de bouteilles de liqueur \u00e9tablie de longue date \u00e0 Shandong, en Chine, se consacre \u00e0 la fabrication et \u00e0 la vente de bouteilles en verre depuis plus de 10 ans. Notre bouteille en verre vintage en gros est fabriqu\u00e9e en verre flint de haute qualit\u00e9, ce qui rend la bouteille en verre plus claire, plus durable et plus lisse. Elles sont toujours utilis\u00e9es comme bouteilles de liqueur, bouteilles de brandy, bouteilles de whisky et bouteilles de vodka.<\/p>\n<p>Si vous souhaitez acheter une bouteille en verre pour votre alcool, n'h\u00e9sitez pas \u00e0 nous contacter.<\/p>","protected":false},"featured_media":4126,"comment_status":"closed","ping_status":"closed","template":"","meta":[],"product_cat":[15,41],"class_list":{"0":"post-4125","1":"product","2":"type-product","3":"status-publish","4":"has-post-thumbnail","6":"product_cat-glass-liquor-spirit-bottles","7":"product_cat-500ml-liquor-bottle-manufacturer","9":"first","10":"instock","11":"shipping-taxable","12":"product-type-simple"},"yoast_head":"<!-- This site is optimized with the Yoast SEO plugin v22.0 - https:\/\/yoast.com\/wordpress\/plugins\/seo\/ -->\n<title>RS139: 500ml Vintage Glass Bottles With Corks<\/title>\n<meta name=\"description\" content=\"Ruisheng, an old liquor bottle making company, provide 500ml Vintage Glass Bottles Wholesale. Factory Outlet&amp;Save Cost. Free Sample here.\" \/>\n<meta name=\"robots\" content=\"index, follow, max-snippet:-1, max-image-preview:large, max-video-preview:-1\" \/>\n<link rel=\"canonical\" href=\"https:\/\/ruishengglassco.com\/fr\/produit\/rs139-bouteilles-en-verre-vintage-de-500ml-avec-bouchons\" \/>\n<meta property=\"og:locale\" content=\"fr_FR\" \/>\n<meta property=\"og:type\" content=\"article\" \/>\n<meta property=\"og:title\" content=\"RS139: 500ml Vintage Glass Bottles With Corks\" \/>\n<meta property=\"og:description\" content=\"Ruisheng, an old liquor bottle making company, provide 500ml Vintage Glass Bottles Wholesale. Factory Outlet&amp;Save Cost. Free Sample here.\" \/>\n<meta property=\"og:url\" content=\"https:\/\/ruishengglassco.com\/fr\/produit\/rs139-bouteilles-en-verre-vintage-de-500ml-avec-bouchons\" \/>\n<meta property=\"article:publisher\" content=\"https:\/\/www.facebook.com\/ruishengglassbottles\" \/>\n<meta property=\"article:modified_time\" content=\"2025-07-17T05:27:03+00:00\" \/>\n<meta property=\"og:image\" content=\"https:\/\/ruishengglassco.com\/wp-content\/uploads\/2025\/03\/500ml-Vintage-Glass-Bottles-manufacturer.webp\" \/>\n\t<meta property=\"og:image:width\" content=\"350\" \/>\n\t<meta property=\"og:image:height\" content=\"350\" \/>\n\t<meta property=\"og:image:type\" content=\"image\/webp\" \/>\n<meta name=\"twitter:card\" content=\"summary_large_image\" \/>\n<meta name=\"twitter:label1\" content=\"Dur\u00e9e de lecture estim\u00e9e\" \/>\n\t<meta name=\"twitter:data1\" content=\"2 minutes\" \/>\n<script type=\"application\/ld+json\" class=\"yoast-schema-graph\">{\"@context\":\"https:\/\/schema.org\",\"@graph\":[{\"@type\":\"WebPage\",\"@id\":\"https:\/\/ruishengglassco.com\/product\/rs139-500ml-vintage-glass-bottles-with-corks\",\"url\":\"https:\/\/ruishengglassco.com\/product\/rs139-500ml-vintage-glass-bottles-with-corks\",\"name\":\"RS139: 500ml Vintage Glass Bottles With Corks\",\"isPartOf\":{\"@id\":\"https:\/\/ruishengglassco.com\/#website\"},\"datePublished\":\"2025-03-14T01:18:43+00:00\",\"dateModified\":\"2025-07-17T05:27:03+00:00\",\"description\":\"Ruisheng, an old liquor bottle making company, provide 500ml Vintage Glass Bottles Wholesale. Factory Outlet&Save Cost. Free Sample here.\",\"breadcrumb\":{\"@id\":\"https:\/\/ruishengglassco.com\/product\/rs139-500ml-vintage-glass-bottles-with-corks#breadcrumb\"},\"inLanguage\":\"fr-FR\",\"potentialAction\":[{\"@type\":\"ReadAction\",\"target\":[\"https:\/\/ruishengglassco.com\/product\/rs139-500ml-vintage-glass-bottles-with-corks\"]}]},{\"@type\":\"BreadcrumbList\",\"@id\":\"https:\/\/ruishengglassco.com\/product\/rs139-500ml-vintage-glass-bottles-with-corks#breadcrumb\",\"itemListElement\":[{\"@type\":\"ListItem\",\"position\":1,\"name\":\"Home\",\"item\":\"https:\/\/ruishengglassco.com\/\"},{\"@type\":\"ListItem\",\"position\":2,\"name\":\"Products\",\"item\":\"https:\/\/ruishengglassco.com\/products\"},{\"@type\":\"ListItem\",\"position\":3,\"name\":\"RS139: 500ml Vintage Glass Bottles With Corks\"}]},{\"@type\":\"WebSite\",\"@id\":\"https:\/\/ruishengglassco.com\/#website\",\"url\":\"https:\/\/ruishengglassco.com\/\",\"name\":\"Ruisheng Glass\",\"description\":\"\",\"publisher\":{\"@id\":\"https:\/\/ruishengglassco.com\/#organization\"},\"potentialAction\":[{\"@type\":\"SearchAction\",\"target\":{\"@type\":\"EntryPoint\",\"urlTemplate\":\"https:\/\/ruishengglassco.com\/?s={search_term_string}\"},\"query-input\":\"required name=search_term_string\"}],\"inLanguage\":\"fr-FR\"},{\"@type\":\"Organization\",\"@id\":\"https:\/\/ruishengglassco.com\/#organization\",\"name\":\"Shandong Yuncheng Ruisheng Glass Co., Ltd\",\"url\":\"https:\/\/ruishengglassco.com\/\",\"logo\":{\"@type\":\"ImageObject\",\"inLanguage\":\"fr-FR\",\"@id\":\"https:\/\/ruishengglassco.com\/#\/schema\/logo\/image\/\",\"url\":\"https:\/\/ruishengglassco.com\/wp-content\/uploads\/2023\/09\/ruisheng_logo_icon.webp\",\"contentUrl\":\"https:\/\/ruishengglassco.com\/wp-content\/uploads\/2023\/09\/ruisheng_logo_icon.webp\",\"width\":400,\"height\":233,\"caption\":\"Shandong Yuncheng Ruisheng Glass Co., Ltd\"},\"image\":{\"@id\":\"https:\/\/ruishengglassco.com\/#\/schema\/logo\/image\/\"},\"sameAs\":[\"https:\/\/www.facebook.com\/ruishengglassbottles\",\"https:\/\/www.instagram.com\/Ruishengglassbottlewholesales\/\",\"https:\/\/www.youtube.com\/channel\/UCMmbMNGwsL-XrtjfSFLCdVQ\"]}]}<\/script>\n<!-- \/ Yoast SEO plugin. -->","yoast_head_json":{"title":"RS139: 500ml Vintage Glass Bottles With Corks","description":"Ruisheng, an old liquor bottle making company, provide 500ml Vintage Glass Bottles Wholesale. Factory Outlet&Save Cost. Free Sample here.","robots":{"index":"index","follow":"follow","max-snippet":"max-snippet:-1","max-image-preview":"max-image-preview:large","max-video-preview":"max-video-preview:-1"},"canonical":"https:\/\/ruishengglassco.com\/fr\/produit\/rs139-bouteilles-en-verre-vintage-de-500ml-avec-bouchons","og_locale":"fr_FR","og_type":"article","og_title":"RS139: 500ml Vintage Glass Bottles With Corks","og_description":"Ruisheng, an old liquor bottle making company, provide 500ml Vintage Glass Bottles Wholesale. Factory Outlet&Save Cost. Free Sample here.","og_url":"https:\/\/ruishengglassco.com\/fr\/produit\/rs139-bouteilles-en-verre-vintage-de-500ml-avec-bouchons","article_publisher":"https:\/\/www.facebook.com\/ruishengglassbottles","article_modified_time":"2025-07-17T05:27:03+00:00","og_image":[{"width":350,"height":350,"url":"https:\/\/ruishengglassco.com\/wp-content\/uploads\/2025\/03\/500ml-Vintage-Glass-Bottles-manufacturer.webp","type":"image\/webp"}],"twitter_card":"summary_large_image","twitter_misc":{"Dur\u00e9e de lecture estim\u00e9e":"2 minutes"},"schema":{"@context":"https:\/\/schema.org","@graph":[{"@type":"WebPage","@id":"https:\/\/ruishengglassco.com\/product\/rs139-500ml-vintage-glass-bottles-with-corks","url":"https:\/\/ruishengglassco.com\/product\/rs139-500ml-vintage-glass-bottles-with-corks","name":"RS139: 500ml Vintage Glass Bottles With Corks","isPartOf":{"@id":"https:\/\/ruishengglassco.com\/#website"},"datePublished":"2025-03-14T01:18:43+00:00","dateModified":"2025-07-17T05:27:03+00:00","description":"Ruisheng, an old liquor bottle making company, provide 500ml Vintage Glass Bottles Wholesale. Factory Outlet&Save Cost. Free Sample here.","breadcrumb":{"@id":"https:\/\/ruishengglassco.com\/product\/rs139-500ml-vintage-glass-bottles-with-corks#breadcrumb"},"inLanguage":"fr-FR","potentialAction":[{"@type":"ReadAction","target":["https:\/\/ruishengglassco.com\/product\/rs139-500ml-vintage-glass-bottles-with-corks"]}]},{"@type":"BreadcrumbList","@id":"https:\/\/ruishengglassco.com\/product\/rs139-500ml-vintage-glass-bottles-with-corks#breadcrumb","itemListElement":[{"@type":"ListItem","position":1,"name":"Home","item":"https:\/\/ruishengglassco.com\/"},{"@type":"ListItem","position":2,"name":"Products","item":"https:\/\/ruishengglassco.com\/products"},{"@type":"ListItem","position":3,"name":"RS139: 500ml Vintage Glass Bottles With Corks"}]},{"@type":"WebSite","@id":"https:\/\/ruishengglassco.com\/#website","url":"https:\/\/ruishengglassco.com\/","name":"Ruisheng Glass","description":"","publisher":{"@id":"https:\/\/ruishengglassco.com\/#organization"},"potentialAction":[{"@type":"SearchAction","target":{"@type":"EntryPoint","urlTemplate":"https:\/\/ruishengglassco.com\/?s={search_term_string}"},"query-input":"required name=search_term_string"}],"inLanguage":"fr-FR"},{"@type":"Organization","@id":"https:\/\/ruishengglassco.com\/#organization","name":"Shandong Yuncheng Ruisheng Glass Co., Ltd","url":"https:\/\/ruishengglassco.com\/","logo":{"@type":"ImageObject","inLanguage":"fr-FR","@id":"https:\/\/ruishengglassco.com\/#\/schema\/logo\/image\/","url":"https:\/\/ruishengglassco.com\/wp-content\/uploads\/2023\/09\/ruisheng_logo_icon.webp","contentUrl":"https:\/\/ruishengglassco.com\/wp-content\/uploads\/2023\/09\/ruisheng_logo_icon.webp","width":400,"height":233,"caption":"Shandong Yuncheng Ruisheng Glass Co., Ltd"},"image":{"@id":"https:\/\/ruishengglassco.com\/#\/schema\/logo\/image\/"},"sameAs":["https:\/\/www.facebook.com\/ruishengglassbottles","https:\/\/www.instagram.com\/Ruishengglassbottlewholesales\/","https:\/\/www.youtube.com\/channel\/UCMmbMNGwsL-XrtjfSFLCdVQ"]}]}},"_links":{"self":[{"href":"https:\/\/ruishengglassco.com\/fr\/wp-json\/wp\/v2\/product\/4125","targetHints":{"allow":["GET"]}}],"collection":[{"href":"https:\/\/ruishengglassco.com\/fr\/wp-json\/wp\/v2\/product"}],"about":[{"href":"https:\/\/ruishengglassco.com\/fr\/wp-json\/wp\/v2\/types\/product"}],"replies":[{"embeddable":true,"href":"https:\/\/ruishengglassco.com\/fr\/wp-json\/wp\/v2\/comments?post=4125"}],"wp:featuredmedia":[{"embeddable":true,"href":"https:\/\/ruishengglassco.com\/fr\/wp-json\/wp\/v2\/media\/4126"}],"wp:attachment":[{"href":"https:\/\/ruishengglassco.com\/fr\/wp-json\/wp\/v2\/media?parent=4125"}],"wp:term":[{"taxonomy":"product_cat","embeddable":true,"href":"https:\/\/ruishengglassco.com\/fr\/wp-json\/wp\/v2\/product_cat?post=4125"}],"curies":[{"name":"wp","href":"https:\/\/api.w.org\/{rel}","templated":true}]}}