{"id":4119,"date":"2025-03-14T08:55:20","date_gmt":"2025-03-14T00:55:20","guid":{"rendered":"https:\/\/ruishengglassco.com\/?post_type=product&#038;p=4119"},"modified":"2025-07-16T13:24:35","modified_gmt":"2025-07-16T05:24:35","slug":"rs142-buy-500ml-glass-bottles-from-china-manufacturer","status":"publish","type":"product","link":"https:\/\/ruishengglassco.com\/fr\/produit\/rs142-buy-500ml-glass-bottles-from-china-manufacturer","title":{"rendered":"RS142 : Acheter des bouteilles en verre de 500 ml aupr\u00e8s d'un fabricant chinois"},"content":{"rendered":"<p>Notre soci\u00e9t\u00e9 produit toutes sortes de bouteilles, des bouteilles de parfum, et nous pouvons le faire aussi. Il s'agit d'une bouteille en verre color\u00e9 de 500 ml ; sa forme est plate et sa couleur est transparente.<br \/>Nous disposons de mat\u00e9riaux color\u00e9s tels que le High Flint et le Super Flint, ce dernier \u00e9tant plus dur et plus transparent. Si vous souhaitez d'autres couleurs, nous les peignons pour vous.<br \/>Nos produits sont vendus dans le monde entier et nous nous effor\u00e7ons toujours de fournir \u00e0 nos clients les meilleurs produits et services. Nous vendons principalement aux \u00c9tats-Unis, \u00e0 la Russie et \u00e0 l'Asie du Sud-Est.<br \/>Nos principaux produits sont les bouteilles de vodka, les bouteilles de brandy, les bouteilles de whisky, les bouteilles de liqueur, les bouteilles de confiture, etc. Nous proposons \u00e9galement des bouteilles en verre ambr\u00e9, des bouteilles vertes et des bouteilles d'eau.<br \/>Nous pouvons garantir que la qualit\u00e9 de nos produits est \u00e9lev\u00e9e, car toutes les bouteilles en verre sont soumises \u00e0 une inspection stricte avant notre d\u00e9part.<br \/>\u00a0<br \/>De nombreux clients \u00e9trangers commandent nos bouteilles parce qu'une fois qu'ils les ont achet\u00e9es, ils reviennent la prochaine fois.<br \/>Je pense que nos produits sont de haute qualit\u00e9 et nous esp\u00e9rons que vous pouvez nous faire confiance. Si vous ne nous faites pas confiance, n'h\u00e9sitez pas \u00e0 visiter notre usine.<br \/>Notre soci\u00e9t\u00e9 accepte \u00e9galement les bouteilles personnalis\u00e9es ; si vous nous fournissez des dessins, nous pouvons faire de m\u00eame.<br \/>N'h\u00e9sitez pas \u00e0 nous contacter si vous aimez cette bouteille ou si vous ne l'aimez pas. Nous pouvons vous envoyer notre catalogue et vous pouvez choisir les bouteilles qui vous plaisent et m'envoyer une photo.<br \/>Si vous souhaitez en savoir plus sur cette bouteille, n'h\u00e9sitez pas \u00e0 nous contacter, nous r\u00e9pondrons \u00e0 vos questions.<\/p>\n<p>Si vous \u00eates int\u00e9ress\u00e9 par nos bouteilles en verre color\u00e9 500ml, veuillez nous contacter. Nous vous r\u00e9pondrons dans les 24 heures.<\/p>","protected":false},"excerpt":{"rendered":"<ul>\n<li>Mat\u00e9riau principal : verre \u00e0 haute teneur en silex<\/li>\n<li>Cap : Li\u00e8ge<\/li>\n<li>R\u00e9f\u00e9rence : RS142<\/li>\n<li>MOQ : 10000 PCS<\/li>\n<li>Capacit\u00e9 : selon la demande du client<\/li>\n<li>Pcs\/Ctn:24pcs<\/li>\n<li>Origine du lieu : Shandong, Chine<\/li>\n<li>Caract\u00e9ristique : Respectueux de l'environnement<\/li>\n<\/ul>","protected":false},"featured_media":4120,"comment_status":"closed","ping_status":"closed","template":"","meta":[],"product_cat":[41,52],"class_list":{"0":"post-4119","1":"product","2":"type-product","3":"status-publish","4":"has-post-thumbnail","6":"product_cat-500ml-liquor-bottle-manufacturer","7":"product_cat-vodka-bottle","9":"first","10":"instock","11":"shipping-taxable","12":"product-type-simple"},"yoast_head":"<!-- This site is optimized with the Yoast SEO plugin v22.0 - https:\/\/yoast.com\/wordpress\/plugins\/seo\/ -->\n<title>RS142: Buy 500ml Glass Bottles From China Manufacturer<\/title>\n<meta name=\"description\" content=\"The glass bottles with corks is made by high flint glass material which make the glass bottle more clear, more durable and more smooth.\" \/>\n<meta name=\"robots\" content=\"index, follow, max-snippet:-1, max-image-preview:large, max-video-preview:-1\" \/>\n<link rel=\"canonical\" href=\"https:\/\/ruishengglassco.com\/fr\/produit\/rs142-buy-500ml-glass-bottles-from-china-manufacturer\" \/>\n<meta property=\"og:locale\" content=\"fr_FR\" \/>\n<meta property=\"og:type\" content=\"article\" \/>\n<meta property=\"og:title\" content=\"RS142: Buy 500ml Glass Bottles From China Manufacturer\" \/>\n<meta property=\"og:description\" content=\"The glass bottles with corks is made by high flint glass material which make the glass bottle more clear, more durable and more smooth.\" \/>\n<meta property=\"og:url\" content=\"https:\/\/ruishengglassco.com\/fr\/produit\/rs142-buy-500ml-glass-bottles-from-china-manufacturer\" \/>\n<meta property=\"article:publisher\" content=\"https:\/\/www.facebook.com\/ruishengglassbottles\" \/>\n<meta property=\"article:modified_time\" content=\"2025-07-16T05:24:35+00:00\" \/>\n<meta property=\"og:image\" content=\"https:\/\/ruishengglassco.com\/wp-content\/uploads\/2025\/03\/Buy-500ml-Glass-Bottles-From-China-Manufacturer.webp\" \/>\n\t<meta property=\"og:image:width\" content=\"350\" \/>\n\t<meta property=\"og:image:height\" content=\"350\" \/>\n\t<meta property=\"og:image:type\" content=\"image\/webp\" \/>\n<meta name=\"twitter:card\" content=\"summary_large_image\" \/>\n<meta name=\"twitter:label1\" content=\"Dur\u00e9e de lecture estim\u00e9e\" \/>\n\t<meta name=\"twitter:data1\" content=\"2 minutes\" \/>\n<script type=\"application\/ld+json\" class=\"yoast-schema-graph\">{\"@context\":\"https:\/\/schema.org\",\"@graph\":[{\"@type\":\"WebPage\",\"@id\":\"https:\/\/ruishengglassco.com\/product\/rs142-buy-500ml-glass-bottles-from-china-manufacturer\",\"url\":\"https:\/\/ruishengglassco.com\/product\/rs142-buy-500ml-glass-bottles-from-china-manufacturer\",\"name\":\"RS142: Buy 500ml Glass Bottles From China Manufacturer\",\"isPartOf\":{\"@id\":\"https:\/\/ruishengglassco.com\/#website\"},\"datePublished\":\"2025-03-14T00:55:20+00:00\",\"dateModified\":\"2025-07-16T05:24:35+00:00\",\"description\":\"The glass bottles with corks is made by high flint glass material which make the glass bottle more clear, more durable and more smooth.\",\"breadcrumb\":{\"@id\":\"https:\/\/ruishengglassco.com\/product\/rs142-buy-500ml-glass-bottles-from-china-manufacturer#breadcrumb\"},\"inLanguage\":\"fr-FR\",\"potentialAction\":[{\"@type\":\"ReadAction\",\"target\":[\"https:\/\/ruishengglassco.com\/product\/rs142-buy-500ml-glass-bottles-from-china-manufacturer\"]}]},{\"@type\":\"BreadcrumbList\",\"@id\":\"https:\/\/ruishengglassco.com\/product\/rs142-buy-500ml-glass-bottles-from-china-manufacturer#breadcrumb\",\"itemListElement\":[{\"@type\":\"ListItem\",\"position\":1,\"name\":\"Home\",\"item\":\"https:\/\/ruishengglassco.com\/\"},{\"@type\":\"ListItem\",\"position\":2,\"name\":\"Products\",\"item\":\"https:\/\/ruishengglassco.com\/products\"},{\"@type\":\"ListItem\",\"position\":3,\"name\":\"RS142: Buy 500ml Glass Bottles From China Manufacturer\"}]},{\"@type\":\"WebSite\",\"@id\":\"https:\/\/ruishengglassco.com\/#website\",\"url\":\"https:\/\/ruishengglassco.com\/\",\"name\":\"Ruisheng Glass\",\"description\":\"\",\"publisher\":{\"@id\":\"https:\/\/ruishengglassco.com\/#organization\"},\"potentialAction\":[{\"@type\":\"SearchAction\",\"target\":{\"@type\":\"EntryPoint\",\"urlTemplate\":\"https:\/\/ruishengglassco.com\/?s={search_term_string}\"},\"query-input\":\"required name=search_term_string\"}],\"inLanguage\":\"fr-FR\"},{\"@type\":\"Organization\",\"@id\":\"https:\/\/ruishengglassco.com\/#organization\",\"name\":\"Shandong Yuncheng Ruisheng Glass Co., Ltd\",\"url\":\"https:\/\/ruishengglassco.com\/\",\"logo\":{\"@type\":\"ImageObject\",\"inLanguage\":\"fr-FR\",\"@id\":\"https:\/\/ruishengglassco.com\/#\/schema\/logo\/image\/\",\"url\":\"https:\/\/ruishengglassco.com\/wp-content\/uploads\/2023\/09\/ruisheng_logo_icon.webp\",\"contentUrl\":\"https:\/\/ruishengglassco.com\/wp-content\/uploads\/2023\/09\/ruisheng_logo_icon.webp\",\"width\":400,\"height\":233,\"caption\":\"Shandong Yuncheng Ruisheng Glass Co., Ltd\"},\"image\":{\"@id\":\"https:\/\/ruishengglassco.com\/#\/schema\/logo\/image\/\"},\"sameAs\":[\"https:\/\/www.facebook.com\/ruishengglassbottles\",\"https:\/\/www.instagram.com\/Ruishengglassbottlewholesales\/\",\"https:\/\/www.youtube.com\/channel\/UCMmbMNGwsL-XrtjfSFLCdVQ\"]}]}<\/script>\n<!-- \/ Yoast SEO plugin. -->","yoast_head_json":{"title":"RS142: Buy 500ml Glass Bottles From China Manufacturer","description":"The glass bottles with corks is made by high flint glass material which make the glass bottle more clear, more durable and more smooth.","robots":{"index":"index","follow":"follow","max-snippet":"max-snippet:-1","max-image-preview":"max-image-preview:large","max-video-preview":"max-video-preview:-1"},"canonical":"https:\/\/ruishengglassco.com\/fr\/produit\/rs142-buy-500ml-glass-bottles-from-china-manufacturer","og_locale":"fr_FR","og_type":"article","og_title":"RS142: Buy 500ml Glass Bottles From China Manufacturer","og_description":"The glass bottles with corks is made by high flint glass material which make the glass bottle more clear, more durable and more smooth.","og_url":"https:\/\/ruishengglassco.com\/fr\/produit\/rs142-buy-500ml-glass-bottles-from-china-manufacturer","article_publisher":"https:\/\/www.facebook.com\/ruishengglassbottles","article_modified_time":"2025-07-16T05:24:35+00:00","og_image":[{"width":350,"height":350,"url":"https:\/\/ruishengglassco.com\/wp-content\/uploads\/2025\/03\/Buy-500ml-Glass-Bottles-From-China-Manufacturer.webp","type":"image\/webp"}],"twitter_card":"summary_large_image","twitter_misc":{"Dur\u00e9e de lecture estim\u00e9e":"2 minutes"},"schema":{"@context":"https:\/\/schema.org","@graph":[{"@type":"WebPage","@id":"https:\/\/ruishengglassco.com\/product\/rs142-buy-500ml-glass-bottles-from-china-manufacturer","url":"https:\/\/ruishengglassco.com\/product\/rs142-buy-500ml-glass-bottles-from-china-manufacturer","name":"RS142: Buy 500ml Glass Bottles From China Manufacturer","isPartOf":{"@id":"https:\/\/ruishengglassco.com\/#website"},"datePublished":"2025-03-14T00:55:20+00:00","dateModified":"2025-07-16T05:24:35+00:00","description":"The glass bottles with corks is made by high flint glass material which make the glass bottle more clear, more durable and more smooth.","breadcrumb":{"@id":"https:\/\/ruishengglassco.com\/product\/rs142-buy-500ml-glass-bottles-from-china-manufacturer#breadcrumb"},"inLanguage":"fr-FR","potentialAction":[{"@type":"ReadAction","target":["https:\/\/ruishengglassco.com\/product\/rs142-buy-500ml-glass-bottles-from-china-manufacturer"]}]},{"@type":"BreadcrumbList","@id":"https:\/\/ruishengglassco.com\/product\/rs142-buy-500ml-glass-bottles-from-china-manufacturer#breadcrumb","itemListElement":[{"@type":"ListItem","position":1,"name":"Home","item":"https:\/\/ruishengglassco.com\/"},{"@type":"ListItem","position":2,"name":"Products","item":"https:\/\/ruishengglassco.com\/products"},{"@type":"ListItem","position":3,"name":"RS142: Buy 500ml Glass Bottles From China Manufacturer"}]},{"@type":"WebSite","@id":"https:\/\/ruishengglassco.com\/#website","url":"https:\/\/ruishengglassco.com\/","name":"Ruisheng Glass","description":"","publisher":{"@id":"https:\/\/ruishengglassco.com\/#organization"},"potentialAction":[{"@type":"SearchAction","target":{"@type":"EntryPoint","urlTemplate":"https:\/\/ruishengglassco.com\/?s={search_term_string}"},"query-input":"required name=search_term_string"}],"inLanguage":"fr-FR"},{"@type":"Organization","@id":"https:\/\/ruishengglassco.com\/#organization","name":"Shandong Yuncheng Ruisheng Glass Co., Ltd","url":"https:\/\/ruishengglassco.com\/","logo":{"@type":"ImageObject","inLanguage":"fr-FR","@id":"https:\/\/ruishengglassco.com\/#\/schema\/logo\/image\/","url":"https:\/\/ruishengglassco.com\/wp-content\/uploads\/2023\/09\/ruisheng_logo_icon.webp","contentUrl":"https:\/\/ruishengglassco.com\/wp-content\/uploads\/2023\/09\/ruisheng_logo_icon.webp","width":400,"height":233,"caption":"Shandong Yuncheng Ruisheng Glass Co., Ltd"},"image":{"@id":"https:\/\/ruishengglassco.com\/#\/schema\/logo\/image\/"},"sameAs":["https:\/\/www.facebook.com\/ruishengglassbottles","https:\/\/www.instagram.com\/Ruishengglassbottlewholesales\/","https:\/\/www.youtube.com\/channel\/UCMmbMNGwsL-XrtjfSFLCdVQ"]}]}},"_links":{"self":[{"href":"https:\/\/ruishengglassco.com\/fr\/wp-json\/wp\/v2\/product\/4119","targetHints":{"allow":["GET"]}}],"collection":[{"href":"https:\/\/ruishengglassco.com\/fr\/wp-json\/wp\/v2\/product"}],"about":[{"href":"https:\/\/ruishengglassco.com\/fr\/wp-json\/wp\/v2\/types\/product"}],"replies":[{"embeddable":true,"href":"https:\/\/ruishengglassco.com\/fr\/wp-json\/wp\/v2\/comments?post=4119"}],"wp:featuredmedia":[{"embeddable":true,"href":"https:\/\/ruishengglassco.com\/fr\/wp-json\/wp\/v2\/media\/4120"}],"wp:attachment":[{"href":"https:\/\/ruishengglassco.com\/fr\/wp-json\/wp\/v2\/media?parent=4119"}],"wp:term":[{"taxonomy":"product_cat","embeddable":true,"href":"https:\/\/ruishengglassco.com\/fr\/wp-json\/wp\/v2\/product_cat?post=4119"}],"curies":[{"name":"wp","href":"https:\/\/api.w.org\/{rel}","templated":true}]}}