{"id":3824,"date":"2024-07-04T16:15:40","date_gmt":"2024-07-04T08:15:40","guid":{"rendered":"https:\/\/ruishengglassco.com\/?post_type=product&#038;p=3824"},"modified":"2024-07-15T11:45:42","modified_gmt":"2024-07-15T03:45:42","slug":"fournisseur-de-bouteilles-en-verre-pour-la-galvanoplastie","status":"publish","type":"product","link":"https:\/\/ruishengglassco.com\/fr\/produit\/fournisseur-de-bouteilles-en-verre-pour-la-galvanoplastie","title":{"rendered":"Bouteille en verre pour galvanoplastie"},"content":{"rendered":"<section class=\"section\" id=\"section_2006975401\">\n\t\t<div class=\"bg section-bg fill bg-fill  bg-loaded\" >\n\n\t\t\t\n\t\t\t\n\t\t\t\n\n\t\t<\/div>\n\n\t\t\n\n\t\t<div class=\"section-content relative\">\n\t\t\t\n<div class=\"row\"  id=\"row-1187795188\">\n\n\t<div id=\"col-892069562\" class=\"col small-12 large-12\"  >\n\t\t\t\t<div class=\"col-inner\"  >\n\t\t\t\n\t\t\t\n<h2 style=\"text-align: center;\">\u00a0Pourquoi choisir notre bouteille en verre galvanis\u00e9 pour les liqueurs et les spiritueux ?<\/h2>\n\t\t<\/div>\n\t\t\t\t\t<\/div>\n\n\t\n<\/div>\n<div class=\"row\"  id=\"row-1645684235\">\n\n\t<div id=\"col-2025962071\" class=\"col medium-4 small-12 large-4\"  >\n\t\t\t\t<div class=\"col-inner\"  >\n\t\t\t\n\t\t\t\n\t<div class=\"box has-hover   has-hover box-text-bottom\" >\n\n\t\t<div class=\"box-image\" >\n\t\t\t\t\t\t<div class=\"image-zoom\" >\n\t\t\t\t<img decoding=\"async\" width=\"509\" height=\"740\" src=\"https:\/\/ruishengglassco.com\/wp-content\/uploads\/2024\/07\/Electroplating-Glass_Bottle_for_Liquor_Spirits_blue.webp\" class=\"attachment-original size-original\" alt=\"Galvanisation Bouteille en verre pour spiritueux bleu\" srcset=\"https:\/\/ruishengglassco.com\/wp-content\/uploads\/2024\/07\/Electroplating-Glass_Bottle_for_Liquor_Spirits_blue.webp 509w, https:\/\/ruishengglassco.com\/wp-content\/uploads\/2024\/07\/Electroplating-Glass_Bottle_for_Liquor_Spirits_blue-206x300.webp 206w\" sizes=\"(max-width: 509px) 100vw, 509px\" \/>\t\t\t\t\t\t\t\t\t\t\t<\/div>\n\t\t\t\t\t<\/div>\n\n\t\t<div class=\"box-text text-center\" >\n\t\t\t<div class=\"box-text-inner\">\n\t\t\t\t\n<h4>Excellente qualit\u00e9 :<\/h4>\n<p>Notre proc\u00e9d\u00e9 de galvanoplastie garantit une finition de haute qualit\u00e9. La bouteille en verre est ainsi plus belle.<\/p>\n\t\t\t<\/div>\n\t\t<\/div>\n\t<\/div>\n\t\n\t\t<\/div>\n\t\t\t\t\t<\/div>\n\n\t\n\n\t<div id=\"col-1150186656\" class=\"col medium-4 small-12 large-4\"  >\n\t\t\t\t<div class=\"col-inner\"  >\n\t\t\t\n\t\t\t\n\t<div class=\"box has-hover   has-hover box-text-bottom\" >\n\n\t\t<div class=\"box-image\" >\n\t\t\t\t\t\t<div class=\"image-zoom\" >\n\t\t\t\t<img decoding=\"async\" width=\"509\" height=\"740\" src=\"https:\/\/ruishengglassco.com\/wp-content\/uploads\/2024\/07\/Electroplating-Glass_Bottle_for_Liquor_Spirits_clear.webp\" class=\"attachment-original size-original\" alt=\"Placage \u00e9lectrolytique Bouteille en verre pour spiritueux transparente\" srcset=\"https:\/\/ruishengglassco.com\/wp-content\/uploads\/2024\/07\/Electroplating-Glass_Bottle_for_Liquor_Spirits_clear.webp 509w, https:\/\/ruishengglassco.com\/wp-content\/uploads\/2024\/07\/Electroplating-Glass_Bottle_for_Liquor_Spirits_clear-206x300.webp 206w\" sizes=\"(max-width: 509px) 100vw, 509px\" \/>\t\t\t\t\t\t\t\t\t\t\t<\/div>\n\t\t\t\t\t<\/div>\n\n\t\t<div class=\"box-text text-center\" >\n\t\t\t<div class=\"box-text-inner\">\n\t\t\t\t\n<h4>Options de personnalisation :<\/h4>\n<p>Nous proposons des finitions galvaniques personnalis\u00e9es. Elles r\u00e9pondent aux besoins de nos clients en mati\u00e8re d'image de marque et de design.<\/p>\n\t\t\t<\/div>\n\t\t<\/div>\n\t<\/div>\n\t\n\t\t<\/div>\n\t\t\t\t\t<\/div>\n\n\t\n\n\t<div id=\"col-754722893\" class=\"col medium-4 small-12 large-4\"  >\n\t\t\t\t<div class=\"col-inner\"  >\n\t\t\t\n\t\t\t\n\t<div class=\"box has-hover   has-hover box-text-bottom\" >\n\n\t\t<div class=\"box-image\" >\n\t\t\t\t\t\t<div class=\"image-zoom\" >\n\t\t\t\t<img decoding=\"async\" width=\"509\" height=\"740\" src=\"https:\/\/ruishengglassco.com\/wp-content\/uploads\/2024\/07\/Electroplating-Glass_Bottle_for_Liquor_Spirits.webp\" class=\"attachment-original size-original\" alt=\"Bouteille en verre pour spiritueux par galvanoplastie\" srcset=\"https:\/\/ruishengglassco.com\/wp-content\/uploads\/2024\/07\/Electroplating-Glass_Bottle_for_Liquor_Spirits.webp 509w, https:\/\/ruishengglassco.com\/wp-content\/uploads\/2024\/07\/Electroplating-Glass_Bottle_for_Liquor_Spirits-206x300.webp 206w\" sizes=\"(max-width: 509px) 100vw, 509px\" \/>\t\t\t\t\t\t\t\t\t\t\t<\/div>\n\t\t\t\t\t<\/div>\n\n\t\t<div class=\"box-text text-center\" >\n\t\t\t<div class=\"box-text-inner\">\n\t\t\t\t\n<h4>Durabilit\u00e9 :<\/h4>\n<p>L'\u00e9lectrod\u00e9position permet d'obtenir une finition durable. Il garantit que la bouteille conservera son aspect et sa qualit\u00e9 au fil du temps, m\u00eame en cas d'utilisation r\u00e9guli\u00e8re.<\/p>\n\t\t\t<\/div>\n\t\t<\/div>\n\t<\/div>\n\t\n\t\t<\/div>\n\t\t\t\t\t<\/div>\n\n\t\n<\/div>\n<div class=\"row\"  id=\"row-1135592772\">\n\n\t<div id=\"col-1080137741\" class=\"col small-12 large-12\"  >\n\t\t\t\t<div class=\"col-inner\"  >\n\t\t\t\n\t\t\t\n<p style=\"text-align: center;\"><a class=\"button gradient\" data-fancybox=\"\" data-src=\"#hidden-CF7\">Nous contacter<\/a><\/p>\n\t\t<\/div>\n\t\t\t\t\t<\/div>\n\n\t\n<\/div>\n<div class=\"row\"  id=\"row-1211639762\">\n\n\t<div id=\"col-688681257\" class=\"col medium-4 small-12 large-4\"  >\n\t\t\t\t<div class=\"col-inner\"  >\n\t\t\t\n\t\t\t\n\t<div class=\"box has-hover   has-hover box-text-bottom\" >\n\n\t\t<div class=\"box-image\" >\n\t\t\t\t\t\t<div class=\"image-zoom\" >\n\t\t\t\t<img decoding=\"async\" width=\"509\" height=\"740\" src=\"https:\/\/ruishengglassco.com\/wp-content\/uploads\/2024\/07\/Electroplating-Glass_Bottle_for_Liquor_Spirits_roumd_yellow.webp\" class=\"attachment-original size-original\" alt=\"Placage \u00e9lectrolytique Bouteille en verre pour spiritueux et liqueurs Roumd jaune\" srcset=\"https:\/\/ruishengglassco.com\/wp-content\/uploads\/2024\/07\/Electroplating-Glass_Bottle_for_Liquor_Spirits_roumd_yellow.webp 509w, https:\/\/ruishengglassco.com\/wp-content\/uploads\/2024\/07\/Electroplating-Glass_Bottle_for_Liquor_Spirits_roumd_yellow-206x300.webp 206w\" sizes=\"(max-width: 509px) 100vw, 509px\" \/>\t\t\t\t\t\t\t\t\t\t\t<\/div>\n\t\t\t\t\t<\/div>\n\n\t\t<div class=\"box-text text-center\" >\n\t\t\t<div class=\"box-text-inner\">\n\t\t\t\t\n<h4>Am\u00e9lioration de l'image de marque :<\/h4>\n<p>La finition par galvanoplastie conf\u00e8re luxe et sophistication \u00e0 la bouteille en verre, mettant en valeur l'image de marque et l'attrait de la liqueur qu'elle contient.<\/p>\n\t\t\t<\/div>\n\t\t<\/div>\n\t<\/div>\n\t\n\t\t<\/div>\n\t\t\t\t\t<\/div>\n\n\t\n\n\t<div id=\"col-679639892\" class=\"col medium-4 small-12 large-4\"  >\n\t\t\t\t<div class=\"col-inner\"  >\n\t\t\t\n\t\t\t\n\t<div class=\"box has-hover   has-hover box-text-bottom\" >\n\n\t\t<div class=\"box-image\" >\n\t\t\t\t\t\t<div class=\"image-zoom\" >\n\t\t\t\t<img decoding=\"async\" width=\"509\" height=\"740\" src=\"https:\/\/ruishengglassco.com\/wp-content\/uploads\/2024\/07\/Electroplating-Glass_Bottle_for_Liquor_Spirits_round.webp\" class=\"attachment-original size-original\" alt=\"Galvanisation Bouteille_en_verre_pour_liqueurs_rondes\" srcset=\"https:\/\/ruishengglassco.com\/wp-content\/uploads\/2024\/07\/Electroplating-Glass_Bottle_for_Liquor_Spirits_round.webp 509w, https:\/\/ruishengglassco.com\/wp-content\/uploads\/2024\/07\/Electroplating-Glass_Bottle_for_Liquor_Spirits_round-206x300.webp 206w\" sizes=\"(max-width: 509px) 100vw, 509px\" \/>\t\t\t\t\t\t\t\t\t\t\t<\/div>\n\t\t\t\t\t<\/div>\n\n\t\t<div class=\"box-text text-center\" >\n\t\t\t<div class=\"box-text-inner\">\n\t\t\t\t\n<h4>Respectueux de l'environnement :<\/h4>\n<p>Notre proc\u00e9d\u00e9 de galvanoplastie respecte des r\u00e8gles environnementales strictes. Il s'agit d'un choix durable et respectueux de l'environnement pour l'emballage des spiritueux.<\/p>\n\t\t\t<\/div>\n\t\t<\/div>\n\t<\/div>\n\t\n\t\t<\/div>\n\t\t\t\t\t<\/div>\n\n\t\n\n\t<div id=\"col-2061940388\" class=\"col medium-4 small-12 large-4\"  >\n\t\t\t\t<div class=\"col-inner\"  >\n\t\t\t\n\t\t\t\n\t<div class=\"box has-hover   has-hover box-text-bottom\" >\n\n\t\t<div class=\"box-image\" >\n\t\t\t\t\t\t<div class=\"image-zoom\" >\n\t\t\t\t<img decoding=\"async\" width=\"509\" height=\"740\" src=\"https:\/\/ruishengglassco.com\/wp-content\/uploads\/2024\/07\/Electroplating-Glass_Bottle_for_Liquor_Spirits_round_green.webp\" class=\"attachment-original size-original\" alt=\"Galvanisation Bouteille_en_verre_pour_liqueurs_spiritueux_ronde_verte\" srcset=\"https:\/\/ruishengglassco.com\/wp-content\/uploads\/2024\/07\/Electroplating-Glass_Bottle_for_Liquor_Spirits_round_green.webp 509w, https:\/\/ruishengglassco.com\/wp-content\/uploads\/2024\/07\/Electroplating-Glass_Bottle_for_Liquor_Spirits_round_green-206x300.webp 206w\" sizes=\"(max-width: 509px) 100vw, 509px\" \/>\t\t\t\t\t\t\t\t\t\t\t<\/div>\n\t\t\t\t\t<\/div>\n\n\t\t<div class=\"box-text text-center\" >\n\t\t\t<div class=\"box-text-inner\">\n\t\t\t\t\n<h4>Polyvalence :<\/h4>\n<p>Nos bouteilles en verre galvanis\u00e9 conviennent \u00e0 de nombreux types de boissons alcoolis\u00e9es, telles que le whisky, la vodka, le rhum, etc. Elles constituent une option d'emballage flexible et attrayante pour divers produits.<\/p>\n\t\t\t<\/div>\n\t\t<\/div>\n\t<\/div>\n\t\n\t\t<\/div>\n\t\t\t\t\t<\/div>\n\n\t\n<\/div>\n\t<div id=\"gap-800770626\" class=\"gap-element clearfix\" style=\"display:block; height:auto;\">\n\t\t\n<style>\n#gap-800770626 {\n  padding-top: 50px;\n}\n<\/style>\n\t<\/div>\n\t\n<div class=\"row\"  id=\"row-1974360926\">\n\n\t<div id=\"col-1365212691\" class=\"col small-12 large-12\"  >\n\t\t\t\t<div class=\"col-inner\"  >\n\t\t\t\n\t\t\t\n<p style=\"text-align: center;\"><a class=\"button gradient\" data-fancybox=\"\" data-src=\"#hidden-CF7\">Nous contacter<\/a><\/p>\n\t\t<\/div>\n\t\t\t\t\t<\/div>\n\n\t\n<\/div>\n\t\t<\/div>\n\n\t\t\n<style>\n#section_2006975401 {\n  padding-top: 30px;\n  padding-bottom: 30px;\n  background-color: rgb(238, 238, 238);\n}\n<\/style>\n\t<\/section>\n\t\n\t<section class=\"section\" id=\"section_1918033855\">\n\t\t<div class=\"bg section-bg fill bg-fill  bg-loaded\" >\n\n\t\t\t\n\t\t\t\n\t\t\t\n\n\t\t<\/div>\n\n\t\t\n\n\t\t<div class=\"section-content relative\">\n\t\t\t\n<div class=\"row\"  id=\"row-2001974104\">\n\n\t<div id=\"col-67958357\" class=\"col small-12 large-12\"  >\n\t\t\t\t<div class=\"col-inner\"  >\n\t\t\t\n\t\t\t\n<h2 style=\"text-align: center;\">Avantages de l'\u00e9lectrod\u00e9position des bouteilles en verre<\/h2>\n\t\t<\/div>\n\t\t\t\t\t<\/div>\n\n\t\n<\/div>\n\t<div id=\"gap-1708474558\" class=\"gap-element clearfix\" style=\"display:block; height:auto;\">\n\t\t\n<style>\n#gap-1708474558 {\n  padding-top: 30px;\n}\n<\/style>\n\t<\/div>\n\t\n<div class=\"row align-middle\"  id=\"row-1163582615\">\n\n\t<div id=\"col-85217840\" class=\"col medium-6 small-12 large-6\"  >\n\t\t\t\t<div class=\"col-inner\"  >\n\t\t\t\n\t\t\t\n\t<div class=\"img has-hover x md-x lg-x y md-y lg-y\" id=\"image_2122744917\">\n\t\t\t\t\t\t\t\t<div class=\"img-inner image-zoom dark\" >\n\t\t\t<img decoding=\"async\" width=\"509\" height=\"740\" src=\"https:\/\/ruishengglassco.com\/wp-content\/uploads\/2024\/07\/Electroplating-Glass_Bottle_for_Liquor_Spirits_round_pink.webp\" class=\"attachment-original size-original\" alt=\"Galvanisation Bouteille_en_verre_pour_liquor_Spiritueux_rond_rose\" srcset=\"https:\/\/ruishengglassco.com\/wp-content\/uploads\/2024\/07\/Electroplating-Glass_Bottle_for_Liquor_Spirits_round_pink.webp 509w, https:\/\/ruishengglassco.com\/wp-content\/uploads\/2024\/07\/Electroplating-Glass_Bottle_for_Liquor_Spirits_round_pink-206x300.webp 206w\" sizes=\"(max-width: 509px) 100vw, 509px\" \/>\t\t\t\t\t\t\n\t\t\t\t\t<\/div>\n\t\t\t\t\t\t\t\t\n<style>\n#image_2122744917 {\n  width: 86%;\n}\n<\/style>\n\t<\/div>\n\t\n\t\t<\/div>\n\t\t\t\t\t<\/div>\n\n\t\n\n\t<div id=\"col-341417720\" class=\"col medium-6 small-12 large-6\"  >\n\t\t\t\t<div class=\"col-inner\"  >\n\t\t\t\n\t\t\t\n\t<div id=\"text-2290581717\" class=\"text\">\n\t\t\n<ul>\n<li data-block-id=\"5aec3e87-4042-4874-accc-977c2c83e765\" data-pm-slice=\"1 1 &#091;&#093;\">Finition brillante :<br \/>\nL'\u00e9lectrod\u00e9position permet d'obtenir une surface brillante. Elle conf\u00e8re un aspect luxueux \u00e0 la bouteille.<\/li>\n<li data-block-id=\"5aec3e87-4042-4874-accc-977c2c83e765\" data-pm-slice=\"1 1 &#091;&#093;\">Vari\u00e9t\u00e9 de couleurs :<br \/>\nCe proc\u00e9d\u00e9 permet d'obtenir une gamme de couleurs m\u00e9talliques. Il s'agit notamment de l'or, de l'argent et du chrome.<\/li>\n<li data-block-id=\"5aec3e87-4042-4874-accc-977c2c83e765\" data-pm-slice=\"1 1 &#091;&#093;\">Motifs d\u00e9coratifs :<br \/>\nL'\u00e9lectrod\u00e9position permet d'ajouter des dessins et des motifs complexes, ce qui renforce l'attrait visuel et permet \u00e0 la bouteille de se d\u00e9marquer dans les rayons.<\/li>\n<li data-block-id=\"5aec3e87-4042-4874-accc-977c2c83e765\" data-pm-slice=\"1 1 &#091;&#093;\">R\u00e9sistance aux rayures :<br \/>\nLa couche galvanis\u00e9e ajoute une protection suppl\u00e9mentaire. Elle rend la bouteille plus r\u00e9sistante aux rayures et \u00e0 l'usure.<\/li>\n<li data-block-id=\"5aec3e87-4042-4874-accc-977c2c83e765\" data-pm-slice=\"1 1 &#091;&#093;\">R\u00e9sistance \u00e0 la corrosion :<br \/>\nLe rev\u00eatement m\u00e9tallique prot\u00e8ge la bouteille de l'environnement et des produits chimiques. Il contribue \u00e9galement \u00e0 pr\u00e9venir la corrosion.<\/li>\n<\/ul>\n\t\t\n<style>\n#text-2290581717 {\n  font-size: 1rem;\n}\n<\/style>\n\t<\/div>\n\t\n\t\t<\/div>\n\t\t\t\t\t<\/div>\n\n\t\n<\/div>\n\t\t<\/div>\n\n\t\t\n<style>\n#section_1918033855 {\n  padding-top: 30px;\n  padding-bottom: 30px;\n}\n<\/style>\n\t<\/section>","protected":false},"excerpt":{"rendered":"<table>\n<thead>\n<tr>\n<th>Dur\u00e9e<\/th>\n<th>D\u00e9tails<\/th>\n<\/tr>\n<\/thead>\n<tbody>\n<tr>\n<td>Capacit\u00e9 (ml) :<\/td>\n<td>30-3000<\/td>\n<\/tr>\n<tr>\n<td>Mati\u00e8re\uff1a<\/td>\n<td>Verre<\/td>\n<\/tr>\n<tr>\n<td>Forme\uff1a<\/td>\n<td>Cercle, Carr\u00e9, Ovale<\/td>\n<\/tr>\n<tr>\n<td>Couleur :<\/td>\n<td>Or, argent, rouge, personnalis\u00e9<\/td>\n<\/tr>\n<tr>\n<td>Produits d'emballage<\/td>\n<td>Esprits divers<\/td>\n<\/tr>\n<\/tbody>\n<\/table>","protected":false},"featured_media":3828,"comment_status":"closed","ping_status":"closed","template":"","meta":[],"product_cat":[15],"class_list":{"0":"post-3824","1":"product","2":"type-product","3":"status-publish","4":"has-post-thumbnail","6":"product_cat-glass-liquor-spirit-bottles","8":"first","9":"instock","10":"shipping-taxable","11":"product-type-simple"},"yoast_head":"<!-- This site is optimized with the Yoast SEO plugin v22.0 - https:\/\/yoast.com\/wordpress\/plugins\/seo\/ -->\n<title>Electroplating Glass Bottles \uff5cLiquor Spirits Bottle Supplier<\/title>\n<meta name=\"description\" content=\"We are a glass bottle supplier from China. If you are looking for electroplating glass bottles for liquor spirits , please feel free to contact us!\" \/>\n<meta name=\"robots\" content=\"index, follow, max-snippet:-1, max-image-preview:large, max-video-preview:-1\" \/>\n<link rel=\"canonical\" href=\"https:\/\/ruishengglassco.com\/fr\/produit\/fournisseur-de-bouteilles-en-verre-pour-la-galvanoplastie\" \/>\n<meta property=\"og:locale\" content=\"fr_FR\" \/>\n<meta property=\"og:type\" content=\"article\" \/>\n<meta property=\"og:title\" content=\"Electroplating Glass Bottles \uff5cLiquor Spirits Bottle Supplier\" \/>\n<meta property=\"og:description\" content=\"We are a glass bottle supplier from China. If you are looking for electroplating glass bottles for liquor spirits , please feel free to contact us!\" \/>\n<meta property=\"og:url\" content=\"https:\/\/ruishengglassco.com\/fr\/produit\/fournisseur-de-bouteilles-en-verre-pour-la-galvanoplastie\" \/>\n<meta property=\"article:publisher\" content=\"https:\/\/www.facebook.com\/ruishengglassbottles\" \/>\n<meta property=\"article:modified_time\" content=\"2024-07-15T03:45:42+00:00\" \/>\n<meta property=\"og:image\" content=\"https:\/\/ruishengglassco.com\/wp-content\/uploads\/2024\/07\/Electroplating-Glass_Bottle_for_Liquor_Spirits_pink.webp\" \/>\n\t<meta property=\"og:image:width\" content=\"509\" \/>\n\t<meta property=\"og:image:height\" content=\"740\" \/>\n\t<meta property=\"og:image:type\" content=\"image\/webp\" \/>\n<meta name=\"twitter:card\" content=\"summary_large_image\" \/>\n<meta name=\"twitter:label1\" content=\"Dur\u00e9e de lecture estim\u00e9e\" \/>\n\t<meta name=\"twitter:data1\" content=\"2 minutes\" \/>\n<script type=\"application\/ld+json\" class=\"yoast-schema-graph\">{\"@context\":\"https:\/\/schema.org\",\"@graph\":[{\"@type\":\"WebPage\",\"@id\":\"https:\/\/ruishengglassco.com\/product\/electroplating-glass-bottles-supplier\",\"url\":\"https:\/\/ruishengglassco.com\/product\/electroplating-glass-bottles-supplier\",\"name\":\"Electroplating Glass Bottles \uff5cLiquor Spirits Bottle Supplier\",\"isPartOf\":{\"@id\":\"https:\/\/ruishengglassco.com\/#website\"},\"datePublished\":\"2024-07-04T08:15:40+00:00\",\"dateModified\":\"2024-07-15T03:45:42+00:00\",\"description\":\"We are a glass bottle supplier from China. If you are looking for electroplating glass bottles for liquor spirits , please feel free to contact us!\",\"breadcrumb\":{\"@id\":\"https:\/\/ruishengglassco.com\/product\/electroplating-glass-bottles-supplier#breadcrumb\"},\"inLanguage\":\"fr-FR\",\"potentialAction\":[{\"@type\":\"ReadAction\",\"target\":[\"https:\/\/ruishengglassco.com\/product\/electroplating-glass-bottles-supplier\"]}]},{\"@type\":\"BreadcrumbList\",\"@id\":\"https:\/\/ruishengglassco.com\/product\/electroplating-glass-bottles-supplier#breadcrumb\",\"itemListElement\":[{\"@type\":\"ListItem\",\"position\":1,\"name\":\"Home\",\"item\":\"https:\/\/ruishengglassco.com\/\"},{\"@type\":\"ListItem\",\"position\":2,\"name\":\"Products\",\"item\":\"https:\/\/ruishengglassco.com\/products\"},{\"@type\":\"ListItem\",\"position\":3,\"name\":\"Electroplating Glass Bottle\"}]},{\"@type\":\"WebSite\",\"@id\":\"https:\/\/ruishengglassco.com\/#website\",\"url\":\"https:\/\/ruishengglassco.com\/\",\"name\":\"Ruisheng Glass\",\"description\":\"\",\"publisher\":{\"@id\":\"https:\/\/ruishengglassco.com\/#organization\"},\"potentialAction\":[{\"@type\":\"SearchAction\",\"target\":{\"@type\":\"EntryPoint\",\"urlTemplate\":\"https:\/\/ruishengglassco.com\/?s={search_term_string}\"},\"query-input\":\"required name=search_term_string\"}],\"inLanguage\":\"fr-FR\"},{\"@type\":\"Organization\",\"@id\":\"https:\/\/ruishengglassco.com\/#organization\",\"name\":\"Shandong Yuncheng Ruisheng Glass Co., Ltd\",\"url\":\"https:\/\/ruishengglassco.com\/\",\"logo\":{\"@type\":\"ImageObject\",\"inLanguage\":\"fr-FR\",\"@id\":\"https:\/\/ruishengglassco.com\/#\/schema\/logo\/image\/\",\"url\":\"https:\/\/ruishengglassco.com\/wp-content\/uploads\/2023\/09\/ruisheng_logo_icon.webp\",\"contentUrl\":\"https:\/\/ruishengglassco.com\/wp-content\/uploads\/2023\/09\/ruisheng_logo_icon.webp\",\"width\":400,\"height\":233,\"caption\":\"Shandong Yuncheng Ruisheng Glass Co., Ltd\"},\"image\":{\"@id\":\"https:\/\/ruishengglassco.com\/#\/schema\/logo\/image\/\"},\"sameAs\":[\"https:\/\/www.facebook.com\/ruishengglassbottles\",\"https:\/\/www.instagram.com\/Ruishengglassbottlewholesales\/\",\"https:\/\/www.youtube.com\/channel\/UCMmbMNGwsL-XrtjfSFLCdVQ\"]}]}<\/script>\n<!-- \/ Yoast SEO plugin. -->","yoast_head_json":{"title":"Electroplating Glass Bottles \uff5cLiquor Spirits Bottle Supplier","description":"We are a glass bottle supplier from China. If you are looking for electroplating glass bottles for liquor spirits , please feel free to contact us!","robots":{"index":"index","follow":"follow","max-snippet":"max-snippet:-1","max-image-preview":"max-image-preview:large","max-video-preview":"max-video-preview:-1"},"canonical":"https:\/\/ruishengglassco.com\/fr\/produit\/fournisseur-de-bouteilles-en-verre-pour-la-galvanoplastie","og_locale":"fr_FR","og_type":"article","og_title":"Electroplating Glass Bottles \uff5cLiquor Spirits Bottle Supplier","og_description":"We are a glass bottle supplier from China. If you are looking for electroplating glass bottles for liquor spirits , please feel free to contact us!","og_url":"https:\/\/ruishengglassco.com\/fr\/produit\/fournisseur-de-bouteilles-en-verre-pour-la-galvanoplastie","article_publisher":"https:\/\/www.facebook.com\/ruishengglassbottles","article_modified_time":"2024-07-15T03:45:42+00:00","og_image":[{"width":509,"height":740,"url":"https:\/\/ruishengglassco.com\/wp-content\/uploads\/2024\/07\/Electroplating-Glass_Bottle_for_Liquor_Spirits_pink.webp","type":"image\/webp"}],"twitter_card":"summary_large_image","twitter_misc":{"Dur\u00e9e de lecture estim\u00e9e":"2 minutes"},"schema":{"@context":"https:\/\/schema.org","@graph":[{"@type":"WebPage","@id":"https:\/\/ruishengglassco.com\/product\/electroplating-glass-bottles-supplier","url":"https:\/\/ruishengglassco.com\/product\/electroplating-glass-bottles-supplier","name":"Electroplating Glass Bottles \uff5cLiquor Spirits Bottle Supplier","isPartOf":{"@id":"https:\/\/ruishengglassco.com\/#website"},"datePublished":"2024-07-04T08:15:40+00:00","dateModified":"2024-07-15T03:45:42+00:00","description":"We are a glass bottle supplier from China. If you are looking for electroplating glass bottles for liquor spirits , please feel free to contact us!","breadcrumb":{"@id":"https:\/\/ruishengglassco.com\/product\/electroplating-glass-bottles-supplier#breadcrumb"},"inLanguage":"fr-FR","potentialAction":[{"@type":"ReadAction","target":["https:\/\/ruishengglassco.com\/product\/electroplating-glass-bottles-supplier"]}]},{"@type":"BreadcrumbList","@id":"https:\/\/ruishengglassco.com\/product\/electroplating-glass-bottles-supplier#breadcrumb","itemListElement":[{"@type":"ListItem","position":1,"name":"Home","item":"https:\/\/ruishengglassco.com\/"},{"@type":"ListItem","position":2,"name":"Products","item":"https:\/\/ruishengglassco.com\/products"},{"@type":"ListItem","position":3,"name":"Electroplating Glass Bottle"}]},{"@type":"WebSite","@id":"https:\/\/ruishengglassco.com\/#website","url":"https:\/\/ruishengglassco.com\/","name":"Ruisheng Glass","description":"","publisher":{"@id":"https:\/\/ruishengglassco.com\/#organization"},"potentialAction":[{"@type":"SearchAction","target":{"@type":"EntryPoint","urlTemplate":"https:\/\/ruishengglassco.com\/?s={search_term_string}"},"query-input":"required name=search_term_string"}],"inLanguage":"fr-FR"},{"@type":"Organization","@id":"https:\/\/ruishengglassco.com\/#organization","name":"Shandong Yuncheng Ruisheng Glass Co., Ltd","url":"https:\/\/ruishengglassco.com\/","logo":{"@type":"ImageObject","inLanguage":"fr-FR","@id":"https:\/\/ruishengglassco.com\/#\/schema\/logo\/image\/","url":"https:\/\/ruishengglassco.com\/wp-content\/uploads\/2023\/09\/ruisheng_logo_icon.webp","contentUrl":"https:\/\/ruishengglassco.com\/wp-content\/uploads\/2023\/09\/ruisheng_logo_icon.webp","width":400,"height":233,"caption":"Shandong Yuncheng Ruisheng Glass Co., Ltd"},"image":{"@id":"https:\/\/ruishengglassco.com\/#\/schema\/logo\/image\/"},"sameAs":["https:\/\/www.facebook.com\/ruishengglassbottles","https:\/\/www.instagram.com\/Ruishengglassbottlewholesales\/","https:\/\/www.youtube.com\/channel\/UCMmbMNGwsL-XrtjfSFLCdVQ"]}]}},"_links":{"self":[{"href":"https:\/\/ruishengglassco.com\/fr\/wp-json\/wp\/v2\/product\/3824","targetHints":{"allow":["GET"]}}],"collection":[{"href":"https:\/\/ruishengglassco.com\/fr\/wp-json\/wp\/v2\/product"}],"about":[{"href":"https:\/\/ruishengglassco.com\/fr\/wp-json\/wp\/v2\/types\/product"}],"replies":[{"embeddable":true,"href":"https:\/\/ruishengglassco.com\/fr\/wp-json\/wp\/v2\/comments?post=3824"}],"wp:featuredmedia":[{"embeddable":true,"href":"https:\/\/ruishengglassco.com\/fr\/wp-json\/wp\/v2\/media\/3828"}],"wp:attachment":[{"href":"https:\/\/ruishengglassco.com\/fr\/wp-json\/wp\/v2\/media?parent=3824"}],"wp:term":[{"taxonomy":"product_cat","embeddable":true,"href":"https:\/\/ruishengglassco.com\/fr\/wp-json\/wp\/v2\/product_cat?post=3824"}],"curies":[{"name":"wp","href":"https:\/\/api.w.org\/{rel}","templated":true}]}}