{"id":5481,"date":"2026-01-30T08:32:49","date_gmt":"2026-01-30T00:32:49","guid":{"rendered":"https:\/\/ruishengglassco.com\/?page_id=5481"},"modified":"2026-01-30T13:54:38","modified_gmt":"2026-01-30T05:54:38","slug":"service-apres-vente","status":"publish","type":"page","link":"https:\/\/ruishengglassco.com\/fr\/service-apres-vente","title":{"rendered":"Service apr\u00e8s-vente"},"content":{"rendered":"<section class=\"section\" id=\"section_1701805194\">\n\t\t<div class=\"bg section-bg fill bg-fill  bg-loaded\" >\n\n\t\t\t\n\t\t\t\n\t\t\t\n\n\t\t<\/div>\n\n\t\t\n\n\t\t<div class=\"section-content relative\">\n\t\t\t\n<div class=\"row align-middle\"  id=\"row-1997627001\">\n\n\t<div id=\"col-1796984749\" class=\"col medium-6 small-12 large-6\"  >\n\t\t\t\t<div class=\"col-inner text-center\"  >\n\t\t\t\n\t\t\t\n<h1 style=\"text-align: center;\">Service apr\u00e8s-vente de Ruisheng Glass<\/h1>\n<p>Bienvenue dans notre centre de service apr\u00e8s-vente. Ruisheng Glass s'engage \u00e0 fournir \u00e0 ses clients des bouteilles de liqueur de haute qualit\u00e9 et \u00e0 leur offrir un soutien stable et fiable \u00e0 chaque \u00e9tape de notre coop\u00e9ration. De la livraison de la commande \u00e0 l'utilisation ult\u00e9rieure, notre \u00e9quipe de service apr\u00e8s-vente assurera un suivi rapide pour garantir la r\u00e9solution de vos probl\u00e8mes.<\/p>\n<p>Notre garantie de service : Notre \u00e9quipe de service apr\u00e8s-vente est compos\u00e9e de professionnels ayant de nombreuses ann\u00e9es d'exp\u00e9rience dans l'industrie. Ils sont familiaris\u00e9s avec la coordination logistique, l'inspection de la qualit\u00e9 et l'assistance technique. Gr\u00e2ce \u00e0 notre connaissance approfondie de l'industrie de l'emballage en verre, nous pouvons traiter efficacement les probl\u00e8mes courants tels que la protection du transport, la qualit\u00e9 du produit et la compatibilit\u00e9 d'utilisation, et vous fournir des solutions pratiques.<\/p>\n<a class=\"button primary is-pop\"  >\n    <span>Contacter Ruisheng Glass<\/span>\n  <\/a>\n\n\t\t<\/div>\n\t\t\t\t\t<\/div>\n\n\t\n\n\t<div id=\"col-1109798638\" class=\"col medium-6 small-12 large-6\"  >\n\t\t\t\t<div class=\"col-inner\"  >\n\t\t\t\n\t\t\t\n\t<div class=\"img has-hover x md-x lg-x y md-y lg-y\" id=\"image_572425734\">\n\t\t\t\t\t\t\t\t<div class=\"img-inner dark\" >\n\t\t\t<img decoding=\"async\" width=\"969\" height=\"969\" src=\"https:\/\/ruishengglassco.com\/wp-content\/uploads\/2024\/04\/glassbottle_design.webp\" class=\"attachment-original size-original\" alt=\"design_bouteille_en_verre\" srcset=\"https:\/\/ruishengglassco.com\/wp-content\/uploads\/2024\/04\/glassbottle_design.webp 969w, https:\/\/ruishengglassco.com\/wp-content\/uploads\/2024\/04\/glassbottle_design-300x300.webp 300w, https:\/\/ruishengglassco.com\/wp-content\/uploads\/2024\/04\/glassbottle_design-80x80.webp 80w, https:\/\/ruishengglassco.com\/wp-content\/uploads\/2024\/04\/glassbottle_design-768x768.webp 768w, https:\/\/ruishengglassco.com\/wp-content\/uploads\/2024\/04\/glassbottle_design-500x500.webp 500w, https:\/\/ruishengglassco.com\/wp-content\/uploads\/2024\/04\/glassbottle_design-800x800.webp 800w, https:\/\/ruishengglassco.com\/wp-content\/uploads\/2024\/04\/glassbottle_design-100x100.webp 100w\" sizes=\"(max-width: 969px) 100vw, 969px\" \/>\t\t\t\t\t\t\n\t\t\t\t\t<\/div>\n\t\t\t\t\t\t\t\t\n<style>\n#image_572425734 {\n  width: 100%;\n}\n<\/style>\n\t<\/div>\n\t\n\t\t<\/div>\n\t\t\t\t\t<\/div>\n\n\t\n<\/div>\n\t\t<\/div>\n\n\t\t\n<style>\n#section_1701805194 {\n  padding-top: 30px;\n  padding-bottom: 30px;\n}\n<\/style>\n\t<\/section>\n\t\n\t<section class=\"section\" id=\"section_578578730\">\n\t\t<div class=\"bg section-bg fill bg-fill  bg-loaded\" >\n\n\t\t\t\n\t\t\t\n\t\t\t\n\n\t\t<\/div>\n\n\t\t\n\n\t\t<div class=\"section-content relative\">\n\t\t\t\n<div class=\"row\"  id=\"row-809376444\">\n\n\t<div id=\"col-1458612146\" class=\"col small-12 large-12\"  >\n\t\t\t\t<div class=\"col-inner\"  >\n\t\t\t\n\t\t\t\n<h2 style=\"text-align: center;\">Un soutien complet, une coop\u00e9ration sans souci<\/h2>\n\t\t<\/div>\n\t\t\t\t\t<\/div>\n\n\t\n<\/div>\n<div class=\"row\"  id=\"row-1220016483\">\n\n\t<div id=\"col-670322107\" class=\"col medium-3 small-12 large-3\"  >\n\t\t\t\t<div class=\"col-inner\"  >\n\t\t\t\n\t\t\t\n\n\t\t<div class=\"icon-box featured-box icon-box-center text-center\"  >\n\t\t\t\t\t<div class=\"icon-box-img\" style=\"width: 60px\">\n\t\t\t\t<div class=\"icon\">\n\t\t\t\t\t<div class=\"icon-inner\" >\n\t\t\t\t\t\t<img decoding=\"async\" width=\"300\" height=\"300\" src=\"https:\/\/ruishengglassco.com\/wp-content\/uploads\/2026\/01\/support-300x300.png\" class=\"attachment-medium size-medium\" alt=\"\" srcset=\"https:\/\/ruishengglassco.com\/wp-content\/uploads\/2026\/01\/support-300x300.png 300w, https:\/\/ruishengglassco.com\/wp-content\/uploads\/2026\/01\/support-80x80.png 80w, https:\/\/ruishengglassco.com\/wp-content\/uploads\/2026\/01\/support-12x12.png 12w, https:\/\/ruishengglassco.com\/wp-content\/uploads\/2026\/01\/support-500x500.png 500w, https:\/\/ruishengglassco.com\/wp-content\/uploads\/2026\/01\/support-100x100.png 100w, https:\/\/ruishengglassco.com\/wp-content\/uploads\/2026\/01\/support.png 512w\" sizes=\"(max-width: 300px) 100vw, 300px\" \/>\t\t\t\t\t<\/div>\n\t\t\t\t<\/div>\n\t\t\t<\/div>\n\t\t\t\t<div class=\"icon-box-text last-reset\">\n\t\t\t\t\t\t\t\t\t\n<h3>R\u00e9ponse rapide 24 heures sur 24<\/h3>\n<p>Pendant les jours ouvrables, vos demandes et commentaires feront l'objet d'un suivi sp\u00e9cifique et d'une premi\u00e8re r\u00e9ponse dans les 24 heures, les questions urgentes \u00e9tant trait\u00e9es en priorit\u00e9.<\/p>\n\t\t<\/div>\n\t<\/div>\n\t\n\t\n\t\t<\/div>\n\t\t\t\t\t<\/div>\n\n\t\n\n\t<div id=\"col-1139741203\" class=\"col medium-3 small-12 large-3\"  >\n\t\t\t\t<div class=\"col-inner\"  >\n\t\t\t\n\t\t\t\n\n\t\t<div class=\"icon-box featured-box icon-box-center text-center\"  >\n\t\t\t\t\t<div class=\"icon-box-img\" style=\"width: 60px\">\n\t\t\t\t<div class=\"icon\">\n\t\t\t\t\t<div class=\"icon-inner\" >\n\t\t\t\t\t\t<img decoding=\"async\" width=\"300\" height=\"300\" src=\"https:\/\/ruishengglassco.com\/wp-content\/uploads\/2026\/01\/professional-300x300.png\" class=\"attachment-medium size-medium\" alt=\"\" srcset=\"https:\/\/ruishengglassco.com\/wp-content\/uploads\/2026\/01\/professional-300x300.png 300w, https:\/\/ruishengglassco.com\/wp-content\/uploads\/2026\/01\/professional-80x80.png 80w, https:\/\/ruishengglassco.com\/wp-content\/uploads\/2026\/01\/professional-12x12.png 12w, https:\/\/ruishengglassco.com\/wp-content\/uploads\/2026\/01\/professional-500x500.png 500w, https:\/\/ruishengglassco.com\/wp-content\/uploads\/2026\/01\/professional-100x100.png 100w, https:\/\/ruishengglassco.com\/wp-content\/uploads\/2026\/01\/professional.png 512w\" sizes=\"(max-width: 300px) 100vw, 300px\" \/>\t\t\t\t\t<\/div>\n\t\t\t\t<\/div>\n\t\t\t<\/div>\n\t\t\t\t<div class=\"icon-box-text last-reset\">\n\t\t\t\t\t\t\t\t\t\n<h3>Des solutions professionnelles et efficaces<\/h3>\n<p>Qu'il s'agisse de dommages dus au transport, de d\u00e9fauts de qualit\u00e9, de questions techniques ou de conseils d'utilisation, nous fournirons des solutions pratiques bas\u00e9es sur la situation r\u00e9elle - pas d'excuses, pas de retards.<\/p>\n\t\t<\/div>\n\t<\/div>\n\t\n\t\n\t\t<\/div>\n\t\t\t\t\t<\/div>\n\n\t\n\n\t<div id=\"col-1591597433\" class=\"col medium-3 small-12 large-3\"  >\n\t\t\t\t<div class=\"col-inner\"  >\n\t\t\t\n\t\t\t\n\n\t\t<div class=\"icon-box featured-box icon-box-center text-center\"  >\n\t\t\t\t\t<div class=\"icon-box-img\" style=\"width: 60px\">\n\t\t\t\t<div class=\"icon\">\n\t\t\t\t\t<div class=\"icon-inner\" >\n\t\t\t\t\t\t<img decoding=\"async\" width=\"300\" height=\"300\" src=\"https:\/\/ruishengglassco.com\/wp-content\/uploads\/2026\/01\/rfid-300x300.png\" class=\"attachment-medium size-medium\" alt=\"\" srcset=\"https:\/\/ruishengglassco.com\/wp-content\/uploads\/2026\/01\/rfid-300x300.png 300w, https:\/\/ruishengglassco.com\/wp-content\/uploads\/2026\/01\/rfid-80x80.png 80w, https:\/\/ruishengglassco.com\/wp-content\/uploads\/2026\/01\/rfid-12x12.png 12w, https:\/\/ruishengglassco.com\/wp-content\/uploads\/2026\/01\/rfid-500x500.png 500w, https:\/\/ruishengglassco.com\/wp-content\/uploads\/2026\/01\/rfid-100x100.png 100w, https:\/\/ruishengglassco.com\/wp-content\/uploads\/2026\/01\/rfid.png 512w\" sizes=\"(max-width: 300px) 100vw, 300px\" \/>\t\t\t\t\t<\/div>\n\t\t\t\t<\/div>\n\t\t\t<\/div>\n\t\t\t\t<div class=\"icon-box-text last-reset\">\n\t\t\t\t\t\t\t\t\t\n<h3>Service de suivi de l'ensemble du processus<\/h3>\n<p>Nous suivrons le processus de r\u00e9solution des probl\u00e8mes du d\u00e9but \u00e0 la fin jusqu'\u00e0 ce que vos besoins soient enti\u00e8rement satisfaits, garantissant ainsi une exp\u00e9rience sans souci \u00e0 chaque collaboration.<\/p>\n\t\t<\/div>\n\t<\/div>\n\t\n\t\n\t\t<\/div>\n\t\t\t\t\t<\/div>\n\n\t\n\n\t<div id=\"col-446278138\" class=\"col medium-3 small-12 large-3\"  >\n\t\t\t\t<div class=\"col-inner\"  >\n\t\t\t\n\t\t\t\n\n\t\t<div class=\"icon-box featured-box icon-box-center text-center\"  >\n\t\t\t\t\t<div class=\"icon-box-img\" style=\"width: 60px\">\n\t\t\t\t<div class=\"icon\">\n\t\t\t\t\t<div class=\"icon-inner\" >\n\t\t\t\t\t\t<img decoding=\"async\" width=\"300\" height=\"300\" src=\"https:\/\/ruishengglassco.com\/wp-content\/uploads\/2026\/01\/feedback-loop-300x300.png\" class=\"attachment-medium size-medium\" alt=\"\" srcset=\"https:\/\/ruishengglassco.com\/wp-content\/uploads\/2026\/01\/feedback-loop-300x300.png 300w, https:\/\/ruishengglassco.com\/wp-content\/uploads\/2026\/01\/feedback-loop-80x80.png 80w, https:\/\/ruishengglassco.com\/wp-content\/uploads\/2026\/01\/feedback-loop-12x12.png 12w, https:\/\/ruishengglassco.com\/wp-content\/uploads\/2026\/01\/feedback-loop-500x500.png 500w, https:\/\/ruishengglassco.com\/wp-content\/uploads\/2026\/01\/feedback-loop-100x100.png 100w, https:\/\/ruishengglassco.com\/wp-content\/uploads\/2026\/01\/feedback-loop.png 512w\" sizes=\"(max-width: 300px) 100vw, 300px\" \/>\t\t\t\t\t<\/div>\n\t\t\t\t<\/div>\n\t\t\t<\/div>\n\t\t\t\t<div class=\"icon-box-text last-reset\">\n\t\t\t\t\t\t\t\t\t\n<h3>Am\u00e9lioration continue<\/h3>\n<p>Chaque commentaire est tr\u00e8s important pour nous. Nous examinerons r\u00e9guli\u00e8rement les questions relatives au service apr\u00e8s-vente, optimiserons en permanence la production, l'emballage, la logistique et le service global afin d'am\u00e9liorer continuellement votre exp\u00e9rience de coop\u00e9ration.<\/p>\n\t\t<\/div>\n\t<\/div>\n\t\n\t\n\t\t<\/div>\n\t\t\t\t\t<\/div>\n\n\t\n<\/div>\n<div class=\"row\"  id=\"row-185754948\">\n\n\t<div id=\"col-1288563943\" class=\"col small-12 large-12\"  >\n\t\t\t\t<div class=\"col-inner text-center\"  >\n\t\t\t\n\t\t\t\n<a class=\"button primary is-pop\"  >\n    <span>Contacter Ruisheng Glass<\/span>\n  <\/a>\n\n\t\t<\/div>\n\t\t\t\t\t<\/div>\n\n\t\n<\/div>\n\t\t<\/div>\n\n\t\t\n<style>\n#section_578578730 {\n  padding-top: 30px;\n  padding-bottom: 30px;\n}\n<\/style>\n\t<\/section>\n\t\n\t<section class=\"section\" id=\"section_39208912\">\n\t\t<div class=\"bg section-bg fill bg-fill  bg-loaded\" >\n\n\t\t\t\n\t\t\t\n\t\t\t\n\n\t\t<\/div>\n\n\t\t\n\n\t\t<div class=\"section-content relative\">\n\t\t\t\n<div class=\"row\"  id=\"row-2062137119\">\n\n\t<div id=\"col-316336257\" class=\"col small-12 large-12\"  >\n\t\t\t\t<div class=\"col-inner\"  >\n\t\t\t\n\t\t\t\n<h2 style=\"text-align: center;\">Services apr\u00e8s-vente de base : Emballage, garantie et retour\/\u00e9change<\/h2>\n<h3>1. \u00c0 propos de l'emballage<\/h3>\n<p>Les bouteilles en verre sont les plus susceptibles d'\u00eatre endommag\u00e9es par les collisions et la compression pendant le transport, c'est pourquoi nous consacrons des efforts suppl\u00e9mentaires \u00e0 l'emballage.<\/p>\n<p>En fonction de la taille et de la quantit\u00e9 des bouteilles, nous utilisons des s\u00e9parateurs en mousse absorbant les chocs, des cartons \u00e9pais et des rev\u00eatements int\u00e9rieurs individuels pour prot\u00e9ger vos bouteilles en verre. Les collisions et les abrasions sont ainsi r\u00e9duites au minimum, ce qui garantit que vos bouteilles d'alcool arrivent en parfait \u00e9tat.<\/p>\n<p>Lors de l'exp\u00e9dition, nous tenons \u00e9galement compte des situations incontr\u00f4lables qui peuvent survenir lors d'un transport sur de longues distances, c'est pourquoi nous stipulons une tol\u00e9rance de quantit\u00e9 de \u00b12% dans la commande. Ainsi, m\u00eame si un petit nombre de bouteilles sont endommag\u00e9es pendant le transport, cela n'affectera pas l'utilisation normale du produit par le client.<\/p>\n<h3>2. Garantie et retours\/\u00e9changes<\/h3>\n<p>Dans des conditions normales d'utilisation et de stockage, si les bouteilles en verre pr\u00e9sentent des d\u00e9fauts de qualit\u00e9 dus aux processus de fabrication ou aux mat\u00e9riaux, tels que la rupture de la bouteille, une \u00e9paisseur in\u00e9gale, des goulots d\u00e9form\u00e9s ou un mauvais scellement, nous fournirons l'assistance apr\u00e8s-vente correspondante.<\/p>\n<p>Il convient de noter que les probl\u00e8mes caus\u00e9s par une manipulation brutale pendant le transport, un stockage inad\u00e9quat, une erreur humaine pendant l'utilisation ou l'usure normale ne sont g\u00e9n\u00e9ralement pas couverts par la garantie.<\/p>\n<p>Si vous constatez des dommages \u00e9vidents, des probl\u00e8mes de qualit\u00e9 ou des diff\u00e9rences de quantit\u00e9 \u00e0 la r\u00e9ception des bouteilles en verre, veuillez nous contacter dans les 7 jours ouvrables. Vous devrez fournir votre num\u00e9ro de commande, des informations sur le produit et des photos ou vid\u00e9os pertinentes afin que nous puissions rapidement comprendre et v\u00e9rifier la situation. Une fois le probl\u00e8me confirm\u00e9, nous prendrons des dispositions pour un remplacement, un remboursement ou d'autres solutions appropri\u00e9es en fonction des circonstances r\u00e9elles afin de minimiser les d\u00e9sagr\u00e9ments.<\/p>\n<h3>3. Processus de service apr\u00e8s-vente de Ruisheng<\/h3>\n<ul>\n<li><strong>R\u00e9ception et inspection<\/strong><\/li>\n<\/ul>\n<p>Apr\u00e8s avoir re\u00e7u les bouteilles en verre, nous vous recommandons de v\u00e9rifier rapidement si l'emballage ext\u00e9rieur n'est pas endommag\u00e9, de v\u00e9rifier la quantit\u00e9 et de vous assurer qu'il n'y a pas eu de dommages pendant le transport. En cas de probl\u00e8me, veuillez nous en informer rapidement et nous nous en occuperons dans les plus brefs d\u00e9lais.<\/p>\n<ul>\n<li><strong>Retour d'information sur les probl\u00e8mes<\/strong><\/li>\n<\/ul>\n<p>Si vous constatez des anomalies au niveau des bouteilles en verre, veuillez nous envoyer les informations relatives \u00e0 votre commande ainsi que des photos ou des vid\u00e9os claires afin que nous puissions d\u00e9terminer la cause du probl\u00e8me.<\/p>\n<ul>\n<li><strong>Confirmation et solution<\/strong><\/li>\n<\/ul>\n<p>Nous \u00e9valuerons la situation sp\u00e9cifique et communiquerons avec vous pour d\u00e9terminer la solution la plus appropri\u00e9e.<\/p>\n<ul>\n<li><strong>Suivi<\/strong><\/li>\n<\/ul>\n<p>Une fois le probl\u00e8me r\u00e9solu, nous ferons un suivi pour nous assurer que le client a bien re\u00e7u le produit de remplacement ou la solution correspondante.<\/p>\n\t\t<\/div>\n\t\t\t\t\t<\/div>\n\n\t\n<\/div>\n\t\t<\/div>\n\n\t\t\n<style>\n#section_39208912 {\n  padding-top: 30px;\n  padding-bottom: 30px;\n}\n<\/style>\n\t<\/section>\n\t\n\t<section class=\"section\" id=\"section_1395515660\">\n\t\t<div class=\"bg section-bg fill bg-fill  bg-loaded\" >\n\n\t\t\t\n\t\t\t\n\t\t\t\n\n\t\t<\/div>\n\n\t\t\n\n\t\t<div class=\"section-content relative\">\n\t\t\t\n<div class=\"row align-middle\"  id=\"row-959074679\">\n\n\t<div id=\"col-991217436\" class=\"col medium-3 small-12 large-3\"  >\n\t\t\t\t<div class=\"col-inner\"  >\n\t\t\t\n\t\t\t\n\t<div class=\"img has-hover x md-x lg-x y md-y lg-y\" id=\"image_1915047053\">\n\t\t\t\t\t\t\t\t<div class=\"img-inner dark\" >\n\t\t\t<img decoding=\"async\" width=\"512\" height=\"512\" src=\"https:\/\/ruishengglassco.com\/wp-content\/uploads\/2026\/01\/customer-service.png\" class=\"attachment-original size-original\" alt=\"service client\u00e8le\" srcset=\"https:\/\/ruishengglassco.com\/wp-content\/uploads\/2026\/01\/customer-service.png 512w, https:\/\/ruishengglassco.com\/wp-content\/uploads\/2026\/01\/customer-service-300x300.png 300w, https:\/\/ruishengglassco.com\/wp-content\/uploads\/2026\/01\/customer-service-80x80.png 80w, https:\/\/ruishengglassco.com\/wp-content\/uploads\/2026\/01\/customer-service-12x12.png 12w, https:\/\/ruishengglassco.com\/wp-content\/uploads\/2026\/01\/customer-service-500x500.png 500w, https:\/\/ruishengglassco.com\/wp-content\/uploads\/2026\/01\/customer-service-100x100.png 100w\" sizes=\"(max-width: 512px) 100vw, 512px\" \/>\t\t\t\t\t\t\n\t\t\t\t\t<\/div>\n\t\t\t\t\t\t\t\t\n<style>\n#image_1915047053 {\n  width: 100%;\n}\n<\/style>\n\t<\/div>\n\t\n\t\t<\/div>\n\t\t\t\t\t<\/div>\n\n\t\n\n\t<div id=\"col-1846944118\" class=\"col medium-9 small-12 large-9\"  >\n\t\t\t\t<div class=\"col-inner text-center\"  >\n\t\t\t\n\t\t\t\n\t<div id=\"text-4010565814\" class=\"text\">\n\t\t\n<h2><strong>Besoin d'aide ? Nous sommes l\u00e0 pour vous 24 heures sur 24, 7 jours sur 7, tous les jours de l'ann\u00e9e.<\/strong><\/h2>\n\t\t\n<style>\n#text-4010565814 {\n  font-size: 1.2rem;\n}\n<\/style>\n\t<\/div>\n\t\n\t<div id=\"gap-18333343\" class=\"gap-element clearfix\" style=\"display:block; height:auto;\">\n\t\t\n<style>\n#gap-18333343 {\n  padding-top: 30px;\n}\n<\/style>\n\t<\/div>\n\t\n\t<div id=\"text-1278005223\" class=\"text\">\n\t\t\n<p>Votre satisfaction nous tient \u00e0 c\u0153ur. C'est pourquoi notre assistance ne s'arr\u00eate pas \u00e0 la livraison. Fond\u00e9e sur un partenariat \u00e0 long terme et sur la fiabilit\u00e9, notre \u00e9quipe en Chine est toujours pr\u00eate \u00e0 vous assister lorsque vous avez besoin d'aide.<\/p>\n\t\t\n<style>\n#text-1278005223 {\n  font-size: 1rem;\n  text-align: left;\n}\n<\/style>\n\t<\/div>\n\t\n<a href=\"https:\/\/ruishengglassco.com\/fr\/faq\/\" class=\"button primary is-outline is-xlarge is-pop\"  style=\"padding:0px 90px 0px 90px;\">\n    <span>FAQ<\/span>\n  <\/a>\n\n<a class=\"button primary is-outline is-xlarge is-pop\"  >\n    <span>Contact<\/span>\n  <\/a>\n\n\t\t<\/div>\n\t\t\t\t\t<\/div>\n\n\t\n<\/div>\n\t\t<\/div>\n\n\t\t\n<style>\n#section_1395515660 {\n  padding-top: 30px;\n  padding-bottom: 30px;\n}\n<\/style>\n\t<\/section>","protected":false},"excerpt":{"rendered":"","protected":false},"author":10,"featured_media":0,"parent":0,"menu_order":0,"comment_status":"closed","ping_status":"closed","template":"page-blank.php","meta":{"footnotes":""},"class_list":["post-5481","page","type-page","status-publish","hentry"],"yoast_head":"<!-- This site is optimized with the Yoast SEO plugin v27.5 - https:\/\/yoast.com\/product\/yoast-seo-wordpress\/ -->\n<title>Ruisheng Glass After-Sales Service<\/title>\n<meta name=\"description\" content=\"At Ruisheng Glass, we are committed to providing not only high-quality glass bottles but also reliable and professional support throughout your entire experience with us.\" \/>\n<meta name=\"robots\" content=\"index, follow, max-snippet:-1, max-image-preview:large, max-video-preview:-1\" \/>\n<link rel=\"canonical\" href=\"https:\/\/ruishengglassco.com\/fr\/service-apres-vente\" \/>\n<meta property=\"og:locale\" content=\"fr_FR\" \/>\n<meta property=\"og:type\" content=\"article\" \/>\n<meta property=\"og:title\" content=\"Ruisheng Glass After-Sales Service\" \/>\n<meta property=\"og:description\" content=\"At Ruisheng Glass, we are committed to providing not only high-quality glass bottles but also reliable and professional support throughout your entire experience with us.\" \/>\n<meta property=\"og:url\" content=\"https:\/\/ruishengglassco.com\/fr\/service-apres-vente\" \/>\n<meta property=\"article:publisher\" content=\"https:\/\/www.facebook.com\/ruishengglassbottles\" \/>\n<meta property=\"article:modified_time\" content=\"2026-01-30T05:54:38+00:00\" \/>\n<meta name=\"twitter:card\" content=\"summary_large_image\" \/>\n<script type=\"application\/ld+json\" class=\"yoast-schema-graph\">{\"@context\":\"https:\\\/\\\/schema.org\",\"@graph\":[{\"@type\":\"WebPage\",\"@id\":\"https:\\\/\\\/ruishengglassco.com\\\/after-sales-service\",\"url\":\"https:\\\/\\\/ruishengglassco.com\\\/after-sales-service\",\"name\":\"Ruisheng Glass After-Sales Service\",\"isPartOf\":{\"@id\":\"https:\\\/\\\/ruishengglassco.com\\\/#website\"},\"datePublished\":\"2026-01-30T00:32:49+00:00\",\"dateModified\":\"2026-01-30T05:54:38+00:00\",\"description\":\"At Ruisheng Glass, we are committed to providing not only high-quality glass bottles but also reliable and professional support throughout your entire experience with us.\",\"breadcrumb\":{\"@id\":\"https:\\\/\\\/ruishengglassco.com\\\/after-sales-service#breadcrumb\"},\"inLanguage\":\"fr-FR\",\"potentialAction\":[{\"@type\":\"ReadAction\",\"target\":[\"https:\\\/\\\/ruishengglassco.com\\\/after-sales-service\"]}]},{\"@type\":\"BreadcrumbList\",\"@id\":\"https:\\\/\\\/ruishengglassco.com\\\/after-sales-service#breadcrumb\",\"itemListElement\":[{\"@type\":\"ListItem\",\"position\":1,\"name\":\"Home\",\"item\":\"https:\\\/\\\/ruishengglassco.com\\\/\"},{\"@type\":\"ListItem\",\"position\":2,\"name\":\"After-Sales Service\"}]},{\"@type\":\"WebSite\",\"@id\":\"https:\\\/\\\/ruishengglassco.com\\\/#website\",\"url\":\"https:\\\/\\\/ruishengglassco.com\\\/\",\"name\":\"Ruisheng Glass\",\"description\":\"\",\"publisher\":{\"@id\":\"https:\\\/\\\/ruishengglassco.com\\\/#organization\"},\"potentialAction\":[{\"@type\":\"SearchAction\",\"target\":{\"@type\":\"EntryPoint\",\"urlTemplate\":\"https:\\\/\\\/ruishengglassco.com\\\/?s={search_term_string}\"},\"query-input\":{\"@type\":\"PropertyValueSpecification\",\"valueRequired\":true,\"valueName\":\"search_term_string\"}}],\"inLanguage\":\"fr-FR\"},{\"@type\":\"Organization\",\"@id\":\"https:\\\/\\\/ruishengglassco.com\\\/#organization\",\"name\":\"Shandong Yuncheng Ruisheng Glass Co., Ltd\",\"url\":\"https:\\\/\\\/ruishengglassco.com\\\/\",\"logo\":{\"@type\":\"ImageObject\",\"inLanguage\":\"fr-FR\",\"@id\":\"https:\\\/\\\/ruishengglassco.com\\\/#\\\/schema\\\/logo\\\/image\\\/\",\"url\":\"https:\\\/\\\/ruishengglassco.com\\\/wp-content\\\/uploads\\\/2023\\\/09\\\/ruisheng_logo_icon.webp\",\"contentUrl\":\"https:\\\/\\\/ruishengglassco.com\\\/wp-content\\\/uploads\\\/2023\\\/09\\\/ruisheng_logo_icon.webp\",\"width\":400,\"height\":233,\"caption\":\"Shandong Yuncheng Ruisheng Glass Co., Ltd\"},\"image\":{\"@id\":\"https:\\\/\\\/ruishengglassco.com\\\/#\\\/schema\\\/logo\\\/image\\\/\"},\"sameAs\":[\"https:\\\/\\\/www.facebook.com\\\/ruishengglassbottles\",\"https:\\\/\\\/www.instagram.com\\\/Ruishengglassbottlewholesales\\\/\",\"https:\\\/\\\/www.youtube.com\\\/channel\\\/UCMmbMNGwsL-XrtjfSFLCdVQ\"]}]}<\/script>\n<!-- \/ Yoast SEO plugin. -->","yoast_head_json":{"title":"Service apr\u00e8s-vente de Ruisheng Glass","description":"Chez Ruisheng Glass, nous nous engageons \u00e0 fournir non seulement des bouteilles en verre de haute qualit\u00e9, mais aussi une assistance fiable et professionnelle tout au long de votre exp\u00e9rience avec nous.","robots":{"index":"index","follow":"follow","max-snippet":"max-snippet:-1","max-image-preview":"max-image-preview:large","max-video-preview":"max-video-preview:-1"},"canonical":"https:\/\/ruishengglassco.com\/fr\/service-apres-vente","og_locale":"fr_FR","og_type":"article","og_title":"Ruisheng Glass After-Sales Service","og_description":"At Ruisheng Glass, we are committed to providing not only high-quality glass bottles but also reliable and professional support throughout your entire experience with us.","og_url":"https:\/\/ruishengglassco.com\/fr\/service-apres-vente","article_publisher":"https:\/\/www.facebook.com\/ruishengglassbottles","article_modified_time":"2026-01-30T05:54:38+00:00","twitter_card":"summary_large_image","schema":{"@context":"https:\/\/schema.org","@graph":[{"@type":"WebPage","@id":"https:\/\/ruishengglassco.com\/after-sales-service","url":"https:\/\/ruishengglassco.com\/after-sales-service","name":"Service apr\u00e8s-vente de Ruisheng Glass","isPartOf":{"@id":"https:\/\/ruishengglassco.com\/#website"},"datePublished":"2026-01-30T00:32:49+00:00","dateModified":"2026-01-30T05:54:38+00:00","description":"Chez Ruisheng Glass, nous nous engageons \u00e0 fournir non seulement des bouteilles en verre de haute qualit\u00e9, mais aussi une assistance fiable et professionnelle tout au long de votre exp\u00e9rience avec nous.","breadcrumb":{"@id":"https:\/\/ruishengglassco.com\/after-sales-service#breadcrumb"},"inLanguage":"fr-FR","potentialAction":[{"@type":"ReadAction","target":["https:\/\/ruishengglassco.com\/after-sales-service"]}]},{"@type":"BreadcrumbList","@id":"https:\/\/ruishengglassco.com\/after-sales-service#breadcrumb","itemListElement":[{"@type":"ListItem","position":1,"name":"Home","item":"https:\/\/ruishengglassco.com\/"},{"@type":"ListItem","position":2,"name":"After-Sales Service"}]},{"@type":"WebSite","@id":"https:\/\/ruishengglassco.com\/#website","url":"https:\/\/ruishengglassco.com\/","name":"Ruisheng Glass","description":"","publisher":{"@id":"https:\/\/ruishengglassco.com\/#organization"},"potentialAction":[{"@type":"SearchAction","target":{"@type":"EntryPoint","urlTemplate":"https:\/\/ruishengglassco.com\/?s={search_term_string}"},"query-input":{"@type":"PropertyValueSpecification","valueRequired":true,"valueName":"search_term_string"}}],"inLanguage":"fr-FR"},{"@type":"Organization","@id":"https:\/\/ruishengglassco.com\/#organization","name":"Shandong Yuncheng Ruisheng Glass Co, Ltd","url":"https:\/\/ruishengglassco.com\/","logo":{"@type":"ImageObject","inLanguage":"fr-FR","@id":"https:\/\/ruishengglassco.com\/#\/schema\/logo\/image\/","url":"https:\/\/ruishengglassco.com\/wp-content\/uploads\/2023\/09\/ruisheng_logo_icon.webp","contentUrl":"https:\/\/ruishengglassco.com\/wp-content\/uploads\/2023\/09\/ruisheng_logo_icon.webp","width":400,"height":233,"caption":"Shandong Yuncheng Ruisheng Glass Co., Ltd"},"image":{"@id":"https:\/\/ruishengglassco.com\/#\/schema\/logo\/image\/"},"sameAs":["https:\/\/www.facebook.com\/ruishengglassbottles","https:\/\/www.instagram.com\/Ruishengglassbottlewholesales\/","https:\/\/www.youtube.com\/channel\/UCMmbMNGwsL-XrtjfSFLCdVQ"]}]}},"_links":{"self":[{"href":"https:\/\/ruishengglassco.com\/fr\/wp-json\/wp\/v2\/pages\/5481","targetHints":{"allow":["GET"]}}],"collection":[{"href":"https:\/\/ruishengglassco.com\/fr\/wp-json\/wp\/v2\/pages"}],"about":[{"href":"https:\/\/ruishengglassco.com\/fr\/wp-json\/wp\/v2\/types\/page"}],"author":[{"embeddable":true,"href":"https:\/\/ruishengglassco.com\/fr\/wp-json\/wp\/v2\/users\/10"}],"replies":[{"embeddable":true,"href":"https:\/\/ruishengglassco.com\/fr\/wp-json\/wp\/v2\/comments?post=5481"}],"version-history":[{"count":9,"href":"https:\/\/ruishengglassco.com\/fr\/wp-json\/wp\/v2\/pages\/5481\/revisions"}],"predecessor-version":[{"id":5495,"href":"https:\/\/ruishengglassco.com\/fr\/wp-json\/wp\/v2\/pages\/5481\/revisions\/5495"}],"wp:attachment":[{"href":"https:\/\/ruishengglassco.com\/fr\/wp-json\/wp\/v2\/media?parent=5481"}],"curies":[{"name":"wp","href":"https:\/\/api.w.org\/{rel}","templated":true}]}}