{"id":3970,"date":"2024-12-11T16:55:26","date_gmt":"2024-12-11T08:55:26","guid":{"rendered":"https:\/\/ruishengglassco.com\/?page_id=3970"},"modified":"2024-12-11T17:09:44","modified_gmt":"2024-12-11T09:09:44","slug":"politique-de-confidentialite","status":"publish","type":"page","link":"https:\/\/ruishengglassco.com\/fr\/politique-de-confidentialite","title":{"rendered":"Politique de confidentialit\u00e9"},"content":{"rendered":"<div>Derni\u00e8re mise \u00e0 jour le : [2024.12]<\/div>\n<div><\/div>\n<div>Nous vous remercions de votre visite sur le site de Ruisheng Glass Co. (ci-apr\u00e8s d\u00e9nomm\u00e9 \"nous\", \"notre\"). Nous accordons une grande importance \u00e0 votre vie priv\u00e9e et nous nous engageons \u00e0 prot\u00e9ger vos informations personnelles. Cette politique de confidentialit\u00e9 explique comment nous recueillons, utilisons, prot\u00e9geons et partageons vos informations personnelles, ainsi que vos droits connexes lorsque vous utilisez notre site web (ruishengglassco.com).<\/div>\n<div><\/div>\n<div>1. Les informations que nous collectons<\/div>\n<div>Lorsque vous visitez notre site web, nous pouvons collecter les types d'informations suivants :<\/div>\n<div><\/div>\n<div>Informations personnelles :<\/div>\n<div>Nom<\/div>\n<div>Adresse \u00e9lectronique<\/div>\n<div>Num\u00e9ro de contact<\/div>\n<div>Adresse<\/div>\n<div>Autres informations pouvant \u00eatre fournies en remplissant des formulaires ou en interagissant avec nous<\/div>\n<div>Informations non personnelles :<\/div>\n<div>Type de navigateur<\/div>\n<div>Syst\u00e8me d'exploitation<\/div>\n<div>Adresse IP<\/div>\n<div>Date et heure de la visite<\/div>\n<div>Pages visit\u00e9es<\/div>\n<div>Informations de g\u00e9olocalisation (si activ\u00e9es)<\/div>\n<div>les statistiques d'utilisation du site web (par exemple, les donn\u00e9es collect\u00e9es par le biais de cookies)<\/div>\n<div>2. Utilisation de l'information<\/div>\n<div>Les informations que nous recueillons sont principalement utilis\u00e9es aux fins suivantes :<\/div>\n<div><\/div>\n<div>Fournir et am\u00e9liorer les services : Vous offrir une meilleure exp\u00e9rience en mati\u00e8re de produits et de services.<\/div>\n<div>Assistance \u00e0 la client\u00e8le : R\u00e9pondre \u00e0 vos questions et assurer le service apr\u00e8s-vente.<\/div>\n<div>Marketing et promotion : Vous envoyer des mises \u00e0 jour concernant nos produits, services, promotions et nouvelles (si vous choisissez de les recevoir).<\/div>\n<div>Exigences juridiques et de conformit\u00e9 : Respecter les lois, les r\u00e8glements et les normes industrielles applicables.<\/div>\n<div>3. Partage et divulgation d'informations<\/div>\n<div>Nous nous engageons \u00e0 ne pas vendre ou louer vos informations personnelles \u00e0 des tiers sans votre consentement. Toutefois, nous pouvons partager vos informations dans les circonstances suivantes :<\/div>\n<div><\/div>\n<div>Prestataires de services tiers : Nous pouvons travailler avec des partenaires tiers pour fournir une assistance technique, un traitement des paiements et des services de logistique et de livraison. Ces prestataires de services n'auront acc\u00e8s \u00e0 vos informations que lorsque cela est n\u00e9cessaire et doivent se conformer aux conditions de protection de la vie priv\u00e9e.<\/div>\n<div>Exigences l\u00e9gales : Nous pouvons divulguer vos informations si nous estimons que cela est n\u00e9cessaire pour nous conformer \u00e0 des obligations l\u00e9gales, r\u00e9pondre \u00e0 des demandes l\u00e9gitimes du gouvernement, appliquer nos conditions g\u00e9n\u00e9rales ou prot\u00e9ger nos droits, nos biens et notre s\u00e9curit\u00e9.<\/div>\n<div>4. S\u00e9curit\u00e9 des donn\u00e9es<\/div>\n<div>Nous prenons des mesures techniques et administratives raisonnables pour prot\u00e9ger vos informations personnelles contre la perte, l'acc\u00e8s non autoris\u00e9, la divulgation, l'alt\u00e9ration ou la destruction. Toutefois, veuillez noter qu'aucun processus de transmission d'informations ou de stockage en ligne ne peut \u00eatre totalement s\u00e9curis\u00e9. Nous ne pouvons donc pas garantir la s\u00e9curit\u00e9 absolue des donn\u00e9es pendant leur transmission.<\/div>\n<div><\/div>\n<div>5. Cookies et technologies de suivi<\/div>\n<div>Notre site web utilise des cookies et d'autres technologies similaires pour am\u00e9liorer votre exp\u00e9rience. Ces technologies nous aident \u00e0 collecter et \u00e0 stocker des donn\u00e9es sur votre comportement de navigation afin de vous fournir un contenu et une publicit\u00e9 personnalis\u00e9s. Vous pouvez d\u00e9sactiver les cookies dans les param\u00e8tres de votre navigateur, mais cela peut affecter votre exp\u00e9rience de certaines fonctionnalit\u00e9s.<\/div>\n<div><\/div>\n<div>6. Sites web de tiers<\/div>\n<div>Notre politique de confidentialit\u00e9 s'applique uniquement au site Web ruishengglassco.com. Notre site web peut contenir des liens vers des sites web de tiers, et nous ne sommes pas responsables des pratiques de confidentialit\u00e9 ou du contenu de ces sites web. Nous vous recommandons de consulter leurs politiques de confidentialit\u00e9 lorsque vous visitez ces sites web.<\/div>\n<div><\/div>\n<div>7. Vie priv\u00e9e des enfants<\/div>\n<div>Notre site web ne s'adresse pas aux enfants de moins de 13 ans. Nous ne collectons pas sciemment d'informations personnelles aupr\u00e8s d'enfants de moins de 13 ans. Si nous d\u00e9couvrons que de telles informations ont \u00e9t\u00e9 collect\u00e9es, nous prendrons des mesures pour les supprimer d\u00e8s que possible.<\/div>\n<div><\/div>\n<div>8. Vos droits<\/div>\n<div>En vertu des lois applicables en mati\u00e8re de protection de la vie priv\u00e9e, vous pouvez avoir le droit :<\/div>\n<div><\/div>\n<div>Acc\u00e9der aux informations personnelles que nous d\u00e9tenons \u00e0 votre sujet.<\/div>\n<div><\/div>\n<div>Demander la correction ou la mise \u00e0 jour de vos informations personnelles.<\/div>\n<div><\/div>\n<div>Demander la suppression de vos informations personnelles.<\/div>\n<div><\/div>\n<div>Refuser que nous utilisions certaines donn\u00e9es ou retirer son consentement.<\/div>\n<div>Si vous souhaitez exercer les droits susmentionn\u00e9s, veuillez nous contacter comme suit (voir section 9).<\/div>\n<div><\/div>\n<div>9. Nous contacter<\/div>\n<div>Si vous avez des questions sur la pr\u00e9sente politique de confidentialit\u00e9 ou si vous souhaitez exercer vos droits en mati\u00e8re de protection de la vie priv\u00e9e, veuillez nous contacter comme suit :<\/div>\n<div><\/div>\n<div>Ruisheng Glass Co.<\/div>\n<div>Courriel : [<a href=\"mailto:sales@ruishengglassco.com\">sales@ruishengglassco.com<\/a>]<\/div>\n<div>T\u00e9l\u00e9phone : [+86 15865878888]<\/div>\n<div>Adresse : [Parc industriel du verre, comt\u00e9 de Yuncheng, Heze, province de Shandong, Chine].<\/div>\n<div><\/div>\n<div>10. Mises \u00e0 jour de la politique de confidentialit\u00e9<\/div>\n<div>Nous pouvons mettre \u00e0 jour la pr\u00e9sente politique de confidentialit\u00e9 de temps \u00e0 autre. Toute modification vous sera notifi\u00e9e par la publication de la politique de confidentialit\u00e9 mise \u00e0 jour sur cette page. Nous vous recommandons de consulter r\u00e9guli\u00e8rement cette page pour vous tenir inform\u00e9 de la mani\u00e8re dont nous prot\u00e9geons vos informations.<\/div>","protected":false},"excerpt":{"rendered":"<p>Derni\u00e8re mise \u00e0 jour le : [2024.12] Merci de votre visite sur le site de Ruisheng Glass Co. (ci-apr\u00e8s d\u00e9nomm\u00e9 \"nous\", \"notre\"). Nous accordons une grande importance \u00e0 votre vie priv\u00e9e et nous nous engageons \u00e0 prot\u00e9ger vos informations personnelles. Cette politique de confidentialit\u00e9 explique comment nous collectons, utilisons, prot\u00e9geons et partageons vos informations personnelles, ainsi que vos droits connexes lorsque vous utilisez notre site web (ruishengglassco.com). 1....<\/p>","protected":false},"author":8,"featured_media":0,"parent":0,"menu_order":0,"comment_status":"closed","ping_status":"closed","template":"","meta":{"footnotes":""},"class_list":["post-3970","page","type-page","status-publish","hentry"],"yoast_head":"<!-- This site is optimized with the Yoast SEO plugin v22.0 - https:\/\/yoast.com\/wordpress\/plugins\/seo\/ -->\n<title>Privacy Policy -<\/title>\n<meta name=\"robots\" content=\"index, follow, max-snippet:-1, max-image-preview:large, max-video-preview:-1\" \/>\n<link rel=\"canonical\" href=\"https:\/\/ruishengglassco.com\/fr\/politique-de-confidentialite\" \/>\n<meta property=\"og:locale\" content=\"fr_FR\" \/>\n<meta property=\"og:type\" content=\"article\" \/>\n<meta property=\"og:title\" content=\"Privacy Policy -\" \/>\n<meta property=\"og:description\" content=\"Last updated on: [2024.12] Thank you for visiting Ruisheng Glass Co. (hereinafter referred to as &#8220;we&#8221;, &#8220;our&#8221;). We value your privacy and are committed to protecting your personal information. This privacy policy explains how we collect, use, protect and share your personal information, as well as your related rights when using our website (ruishengglassco.com). 1....\" \/>\n<meta property=\"og:url\" content=\"https:\/\/ruishengglassco.com\/fr\/politique-de-confidentialite\" \/>\n<meta property=\"article:publisher\" content=\"https:\/\/www.facebook.com\/ruishengglassbottles\" \/>\n<meta property=\"article:modified_time\" content=\"2024-12-11T09:09:44+00:00\" \/>\n<meta name=\"twitter:card\" content=\"summary_large_image\" \/>\n<meta name=\"twitter:label1\" content=\"Dur\u00e9e de lecture estim\u00e9e\" \/>\n\t<meta name=\"twitter:data1\" content=\"3 minutes\" \/>\n<script type=\"application\/ld+json\" class=\"yoast-schema-graph\">{\"@context\":\"https:\/\/schema.org\",\"@graph\":[{\"@type\":\"WebPage\",\"@id\":\"https:\/\/ruishengglassco.com\/privacy-policy\",\"url\":\"https:\/\/ruishengglassco.com\/privacy-policy\",\"name\":\"Privacy Policy -\",\"isPartOf\":{\"@id\":\"https:\/\/ruishengglassco.com\/#website\"},\"datePublished\":\"2024-12-11T08:55:26+00:00\",\"dateModified\":\"2024-12-11T09:09:44+00:00\",\"breadcrumb\":{\"@id\":\"https:\/\/ruishengglassco.com\/privacy-policy#breadcrumb\"},\"inLanguage\":\"fr-FR\",\"potentialAction\":[{\"@type\":\"ReadAction\",\"target\":[\"https:\/\/ruishengglassco.com\/privacy-policy\"]}]},{\"@type\":\"BreadcrumbList\",\"@id\":\"https:\/\/ruishengglassco.com\/privacy-policy#breadcrumb\",\"itemListElement\":[{\"@type\":\"ListItem\",\"position\":1,\"name\":\"Home\",\"item\":\"https:\/\/ruishengglassco.com\/\"},{\"@type\":\"ListItem\",\"position\":2,\"name\":\"Privacy Policy\"}]},{\"@type\":\"WebSite\",\"@id\":\"https:\/\/ruishengglassco.com\/#website\",\"url\":\"https:\/\/ruishengglassco.com\/\",\"name\":\"Ruisheng Glass\",\"description\":\"\",\"publisher\":{\"@id\":\"https:\/\/ruishengglassco.com\/#organization\"},\"potentialAction\":[{\"@type\":\"SearchAction\",\"target\":{\"@type\":\"EntryPoint\",\"urlTemplate\":\"https:\/\/ruishengglassco.com\/?s={search_term_string}\"},\"query-input\":\"required name=search_term_string\"}],\"inLanguage\":\"fr-FR\"},{\"@type\":\"Organization\",\"@id\":\"https:\/\/ruishengglassco.com\/#organization\",\"name\":\"Shandong Yuncheng Ruisheng Glass Co., Ltd\",\"url\":\"https:\/\/ruishengglassco.com\/\",\"logo\":{\"@type\":\"ImageObject\",\"inLanguage\":\"fr-FR\",\"@id\":\"https:\/\/ruishengglassco.com\/#\/schema\/logo\/image\/\",\"url\":\"https:\/\/ruishengglassco.com\/wp-content\/uploads\/2023\/09\/ruisheng_logo_icon.webp\",\"contentUrl\":\"https:\/\/ruishengglassco.com\/wp-content\/uploads\/2023\/09\/ruisheng_logo_icon.webp\",\"width\":400,\"height\":233,\"caption\":\"Shandong Yuncheng Ruisheng Glass Co., Ltd\"},\"image\":{\"@id\":\"https:\/\/ruishengglassco.com\/#\/schema\/logo\/image\/\"},\"sameAs\":[\"https:\/\/www.facebook.com\/ruishengglassbottles\",\"https:\/\/www.instagram.com\/Ruishengglassbottlewholesales\/\",\"https:\/\/www.youtube.com\/channel\/UCMmbMNGwsL-XrtjfSFLCdVQ\"]}]}<\/script>\n<!-- \/ Yoast SEO plugin. -->","yoast_head_json":{"title":"Privacy Policy -","robots":{"index":"index","follow":"follow","max-snippet":"max-snippet:-1","max-image-preview":"max-image-preview:large","max-video-preview":"max-video-preview:-1"},"canonical":"https:\/\/ruishengglassco.com\/fr\/politique-de-confidentialite","og_locale":"fr_FR","og_type":"article","og_title":"Privacy Policy -","og_description":"Last updated on: [2024.12] Thank you for visiting Ruisheng Glass Co. (hereinafter referred to as &#8220;we&#8221;, &#8220;our&#8221;). We value your privacy and are committed to protecting your personal information. This privacy policy explains how we collect, use, protect and share your personal information, as well as your related rights when using our website (ruishengglassco.com). 1....","og_url":"https:\/\/ruishengglassco.com\/fr\/politique-de-confidentialite","article_publisher":"https:\/\/www.facebook.com\/ruishengglassbottles","article_modified_time":"2024-12-11T09:09:44+00:00","twitter_card":"summary_large_image","twitter_misc":{"Dur\u00e9e de lecture estim\u00e9e":"3 minutes"},"schema":{"@context":"https:\/\/schema.org","@graph":[{"@type":"WebPage","@id":"https:\/\/ruishengglassco.com\/privacy-policy","url":"https:\/\/ruishengglassco.com\/privacy-policy","name":"Privacy Policy -","isPartOf":{"@id":"https:\/\/ruishengglassco.com\/#website"},"datePublished":"2024-12-11T08:55:26+00:00","dateModified":"2024-12-11T09:09:44+00:00","breadcrumb":{"@id":"https:\/\/ruishengglassco.com\/privacy-policy#breadcrumb"},"inLanguage":"fr-FR","potentialAction":[{"@type":"ReadAction","target":["https:\/\/ruishengglassco.com\/privacy-policy"]}]},{"@type":"BreadcrumbList","@id":"https:\/\/ruishengglassco.com\/privacy-policy#breadcrumb","itemListElement":[{"@type":"ListItem","position":1,"name":"Home","item":"https:\/\/ruishengglassco.com\/"},{"@type":"ListItem","position":2,"name":"Privacy Policy"}]},{"@type":"WebSite","@id":"https:\/\/ruishengglassco.com\/#website","url":"https:\/\/ruishengglassco.com\/","name":"Ruisheng Glass","description":"","publisher":{"@id":"https:\/\/ruishengglassco.com\/#organization"},"potentialAction":[{"@type":"SearchAction","target":{"@type":"EntryPoint","urlTemplate":"https:\/\/ruishengglassco.com\/?s={search_term_string}"},"query-input":"required name=search_term_string"}],"inLanguage":"fr-FR"},{"@type":"Organization","@id":"https:\/\/ruishengglassco.com\/#organization","name":"Shandong Yuncheng Ruisheng Glass Co., Ltd","url":"https:\/\/ruishengglassco.com\/","logo":{"@type":"ImageObject","inLanguage":"fr-FR","@id":"https:\/\/ruishengglassco.com\/#\/schema\/logo\/image\/","url":"https:\/\/ruishengglassco.com\/wp-content\/uploads\/2023\/09\/ruisheng_logo_icon.webp","contentUrl":"https:\/\/ruishengglassco.com\/wp-content\/uploads\/2023\/09\/ruisheng_logo_icon.webp","width":400,"height":233,"caption":"Shandong Yuncheng Ruisheng Glass Co., Ltd"},"image":{"@id":"https:\/\/ruishengglassco.com\/#\/schema\/logo\/image\/"},"sameAs":["https:\/\/www.facebook.com\/ruishengglassbottles","https:\/\/www.instagram.com\/Ruishengglassbottlewholesales\/","https:\/\/www.youtube.com\/channel\/UCMmbMNGwsL-XrtjfSFLCdVQ"]}]}},"_links":{"self":[{"href":"https:\/\/ruishengglassco.com\/fr\/wp-json\/wp\/v2\/pages\/3970","targetHints":{"allow":["GET"]}}],"collection":[{"href":"https:\/\/ruishengglassco.com\/fr\/wp-json\/wp\/v2\/pages"}],"about":[{"href":"https:\/\/ruishengglassco.com\/fr\/wp-json\/wp\/v2\/types\/page"}],"author":[{"embeddable":true,"href":"https:\/\/ruishengglassco.com\/fr\/wp-json\/wp\/v2\/users\/8"}],"replies":[{"embeddable":true,"href":"https:\/\/ruishengglassco.com\/fr\/wp-json\/wp\/v2\/comments?post=3970"}],"version-history":[{"count":4,"href":"https:\/\/ruishengglassco.com\/fr\/wp-json\/wp\/v2\/pages\/3970\/revisions"}],"predecessor-version":[{"id":3976,"href":"https:\/\/ruishengglassco.com\/fr\/wp-json\/wp\/v2\/pages\/3970\/revisions\/3976"}],"wp:attachment":[{"href":"https:\/\/ruishengglassco.com\/fr\/wp-json\/wp\/v2\/media?parent=3970"}],"curies":[{"name":"wp","href":"https:\/\/api.w.org\/{rel}","templated":true}]}}