{"id":4693,"date":"2025-04-14T16:52:20","date_gmt":"2025-04-14T08:52:20","guid":{"rendered":"https:\/\/ruishengglassco.com\/?post_type=product&#038;p=4693"},"modified":"2025-09-11T16:53:22","modified_gmt":"2025-09-11T08:53:22","slug":"botella-cuadrada-noble-de-750-ml","status":"publish","type":"product","link":"https:\/\/ruishengglassco.com\/es\/producto\/botella-cuadrada-noble-de-750-ml","title":{"rendered":"RS161 Botella cuadrada noble de 750 ml"},"content":{"rendered":"<section class=\"section\" id=\"section_436442655\">\n\t\t<div class=\"bg section-bg fill bg-fill  bg-loaded\" >\n\n\t\t\t\n\t\t\t\n\t\t\t\n\n\t\t<\/div>\n\n\t\t\n\n\t\t<div class=\"section-content relative\">\n\t\t\t\n<div class=\"row\"  id=\"row-355184353\">\n\n\t<div id=\"col-235034515\" class=\"col small-12 large-12\"  >\n\t\t\t\t<div class=\"col-inner\"  >\n\t\t\t\n\t\t\t\n<h2 style=\"text-align: center;\"><strong>Tabla de par\u00e1metros de nuestra botella cuadrada Noble de 750 ml<\/strong><\/h2>\n<div style=\"overflow: auto;\">\n<table border=\"\u201d1\u2033\" width=\"\u201d3000px\u201d\" align=\"\u201dcenter\u201d\">\n<thead>\n<tr>\n<td>Capacidad Tama\u00f1o<\/td>\n<td>750 ml<\/td>\n<\/tr>\n<\/thead>\n<tbody>\n<tr>\n<td>Temperatura<\/td>\n<td>-10\u00b0C ~ 80\u00b0C<\/td>\n<\/tr>\n<tr>\n<td>Material<\/td>\n<td>Vidrio Super Flint<\/td>\n<\/tr>\n<tr>\n<td>Tratamiento de la superficie:<\/td>\n<td>Serigraf\u00eda, calcoman\u00edas, gofrado, grabado, galvanoplastia, glaseado, pintura, etc.<\/td>\n<\/tr>\n<tr>\n<td>Utilizaci\u00f3n<\/td>\n<td>Brandy, whisky, vino, licor, vodka, tequila, agua, bebidas y aceite de oliva, etc.<\/td>\n<\/tr>\n<tr>\n<td>Certificaci\u00f3n de calidad alimentaria<\/td>\n<td>Certificado FDA y UE<\/td>\n<\/tr>\n<tr>\n<td>MOQ<\/td>\n<td>6000 piezas<\/td>\n<\/tr>\n<tr>\n<td>Disponible OEM\/ODM<\/td>\n<td>S\u00ed<\/td>\n<\/tr>\n<tr>\n<td>Muestra gratuita<\/td>\n<td>Muestras gratuitas<\/p>\n<p>Las muestras personalizadas requieren el pago de una prueba.<\/td>\n<\/tr>\n<tr>\n<td>Precio<\/td>\n<td>El precio depende del peso de la botella, el material, la cantidad, el envasado y el tratamiento en profundidad, etc. P\u00f3ngase en contacto con nosotros para obtener m\u00e1s informaci\u00f3n.<\/td>\n<\/tr>\n<tr>\n<td>Embalaje<\/td>\n<td>1. Cart\u00f3n est\u00e1ndar de exportaci\u00f3n con separador de cart\u00f3n<\/p>\n<p>2. Embalaje est\u00e1ndar en paletas de exportaci\u00f3n<\/p>\n<p>3. Embalaje est\u00e1ndar de cart\u00f3n para exportaci\u00f3n + pal\u00e9<\/p>\n<p>4. Embalaje en caja de cart\u00f3n ondulado a medida (la caja se reutilizar\u00e1 para embalar licores en la f\u00e1brica del cliente).<\/td>\n<\/tr>\n<tr>\n<td>M\u00e9todos de env\u00edo<\/td>\n<td>Por mar, por aire, por expreso (DHL, FedEx, UPS)<\/td>\n<\/tr>\n<tr>\n<td>Tiempo de producci\u00f3n<\/td>\n<td>El plazo de entrega es de unos 25 d\u00edas para las botellas transparentes y de otros 10 d\u00edas para el tratamiento en profundidad, a partir de la recepci\u00f3n del dep\u00f3sito 50%.<\/td>\n<\/tr>\n<\/tbody>\n<\/table>\n<\/div>\n\t\t<\/div>\n\t\t\t\t\t<\/div>\n\n\t\n<\/div>\n<div class=\"row\"  id=\"row-381808956\">\n\n\t<div id=\"col-55555006\" class=\"col small-12 large-12\"  >\n\t\t\t\t<div class=\"col-inner\"  >\n\t\t\t\n\t\t\t\n<div style=\"overflow: auto;\">\n<table border=\"\u201d1\u2033\" width=\"\u201d3000px\u201d\" align=\"\u201dcenter\u201d\">\n<thead>\n<tr>\n<td>\u00a0\u00a0\u00a0Corchos<\/td>\n<td>Ofrecemos una amplia gama de tapones est\u00e1ndar para satisfacer las diversas necesidades y preferencias de nuestros clientes. Estos tapones no solo son fiables y duraderos, sino que tambi\u00e9n mantienen eficazmente la frescura y la calidad del l\u00edquido.<\/p>\n<p>1. Tapones de sellado cl\u00e1sicos: incluidos los tradicionales tapones de pol\u00edmero con tapa de aluminio y los tapones de pol\u00edmero con tapa de madera, adecuados para aplicaciones con altos requisitos de sellado.<\/p>\n<p>2. Opciones de gama alta: ofrecen elegantes tapones de vidrio para los clientes que buscan envases de alta calidad.<\/p>\n<p>3. Tapones roscados: incluidos los tapones de aluminio y los tapones combinados de aluminio y pl\u00e1stico, adecuados para una gran variedad de tipos de botellas, y proporcionan una gran variedad de opciones de tama\u00f1o.<\/p>\n<p>4. Gorras Guala que cumplen las normas europeas: garantizan que cumplen los requisitos de calidad del mercado internacional, combinando belleza y practicidad.<\/p>\n<p>Nuestros tapones no s\u00f3lo son funcionales, sino que tambi\u00e9n realzan el efecto visual del envase en su conjunto, lo que los hace adecuados para diversos sectores y escenarios de aplicaci\u00f3n.<\/td>\n<\/tr>\n<\/thead>\n<tbody>\n<tr>\n<td>Certificaci\u00f3n de productos<\/td>\n<td>Como empresa del grupo con una capacidad de producci\u00f3n de 600.000 piezas de botellas de vidrio al d\u00eda, nuestras 2 f\u00e1bricas filiales cuentan con la certificaci\u00f3n ISO9001 y el registro de la FDA. Nuestros principales productos son las botellas de vidrio Super Flint y High Flint. Nuestros productos cumplen las normas de calidad m\u00e1s exigentes, incluidas las certificaciones SGS, TUV y de seguridad alimentaria de la UE. Nuestro equipo t\u00e9cnico, formado por m\u00e1s de 70 profesionales, est\u00e1 siempre a su servicio y garantiza que su pedido ODM y OEM se cumpla a la perfecci\u00f3n.<\/td>\n<\/tr>\n<tr>\n<td>Pol\u00edtica de entregas y devoluciones<\/td>\n<td>Trabajamos con transitarios profesionales para organizar la entrega en su puerto mar\u00edtimo designado o proporcionar un servicio puerta a puerta. Dependiendo de la disponibilidad de la naviera, ofrecemos opciones con Maersk, COSCO, MSC, CMA, ONE y otros transportistas.<\/p>\n<p>Se considera normal una tasa de rotura de hasta 3% durante el env\u00edo. Si la rotura supera los 3%, compensaremos el exceso en su pr\u00f3ximo pedido.<\/td>\n<\/tr>\n<\/tbody>\n<\/table>\n<\/div>\n\t\t<\/div>\n\t\t\t\t\t<\/div>\n\n\t\n<\/div>\n<div class=\"row align-center\"  id=\"row-10951974\">\n\n\t<div id=\"col-982018138\" class=\"col medium-6 small-12 large-6\"  >\n\t\t\t\t<div class=\"col-inner text-center\"  >\n\t\t\t\n\t\t\t\n\t<div class=\"img has-hover x md-x lg-x y md-y lg-y\" id=\"image_1557230316\">\n\t\t\t\t\t\t\t\t<div class=\"img-inner dark\" >\n\t\t\t<img decoding=\"async\" width=\"750\" height=\"1000\" src=\"https:\/\/ruishengglassco.com\/wp-content\/uploads\/2025\/04\/750ml-Noble-Square-Bottle-mould.webp\" class=\"attachment-original size-original\" alt=\"Molde de botella cuadrado noble de 750 ml\" srcset=\"https:\/\/ruishengglassco.com\/wp-content\/uploads\/2025\/04\/750ml-Noble-Square-Bottle-mould.webp 750w, https:\/\/ruishengglassco.com\/wp-content\/uploads\/2025\/04\/750ml-Noble-Square-Bottle-mould-225x300.webp 225w, https:\/\/ruishengglassco.com\/wp-content\/uploads\/2025\/04\/750ml-Noble-Square-Bottle-mould-9x12.webp 9w\" sizes=\"(max-width: 750px) 100vw, 750px\" \/>\t\t\t\t\t\t\n\t\t\t\t\t<\/div>\n\t\t\t\t\t\t\t\t\n<style>\n#image_1557230316 {\n  width: 100%;\n}\n<\/style>\n\t<\/div>\n\t\n\t\t<\/div>\n\t\t\t\t\t<\/div>\n\n\t\n<\/div>\n\t\t<\/div>\n\n\t\t\n<style>\n#section_436442655 {\n  padding-top: 30px;\n  padding-bottom: 30px;\n}\n<\/style>\n\t<\/section>\n\t\n\t<section class=\"section\" id=\"section_1306540575\">\n\t\t<div class=\"bg section-bg fill bg-fill  bg-loaded\" >\n\n\t\t\t\n\t\t\t\n\t\t\t\n\n\t\t<\/div>\n\n\t\t\n\n\t\t<div class=\"section-content relative\">\n\t\t\t\n<div class=\"row\"  id=\"row-872283469\">\n\n\t<div id=\"col-1023965900\" class=\"col small-12 large-12\"  >\n\t\t\t\t<div class=\"col-inner\"  >\n\t\t\t\n\t\t\t\n<h2 style=\"text-align: center;\">Ruisheng Fabricante de botellas de vidrio<\/h2>\n<p>Ruisheng tiene m\u00e1s de 16 a\u00f1os de experiencia en la producci\u00f3n de botellas de vidrio desde 2009. Tambi\u00e9n contamos con tecnolog\u00eda de producci\u00f3n avanzada y un estricto control de calidad. Nuestras botellas est\u00e1n hechas de vidrio blanco cristalino de alta calidad, conocido por su aspecto cristalino y su alto \u00edndice de transparencia. Utilizamos materiales ecol\u00f3gicos y reciclables para garantizar la sostenibilidad y cumplir las normas medioambientales.<\/p>\n<p>La superficie de la botella est\u00e1 tratada con un acabado liso para ofrecer un aspecto refinado y un agarre c\u00f3modo. Nuestras botellas de licor de vidrio son muy resistentes a astilladuras y ara\u00f1azos, lo que garantiza un uso duradero incluso durante el transporte y la manipulaci\u00f3n.<\/p>\n<p><strong>Fabricaci\u00f3n y servicios<\/strong><br \/>\nAceptamos pedidos OEM y ODM: colaboramos estrechamente con nuestros clientes para hacer realidad su visi\u00f3n, desde el concepto hasta la producci\u00f3n.<br \/>\nSomos fabricantes y podemos controlar el plazo de entrega para satisfacer las demandas de los clientes.<\/p>\n<p style=\"text-align: center;\"><a class=\"button gradient\" data-fancybox=\"\" data-src=\"#hidden-CF7\">Solicitar presupuesto<\/a><\/p>\n<h2 style=\"text-align: center;\">Opciones de dise\u00f1o personalizables<\/h2>\n<p>Ofrecemos varias formas, tama\u00f1os y colores para satisfacer sus necesidades. Tambi\u00e9n podemos crear un nuevo molde para fabricar botellas exactamente seg\u00fan su solicitud.<\/p>\n<p>Como fabricante profesional de botellas de vidrio, tambi\u00e9n ofrecemos servicios personalizados y a medida, como impresi\u00f3n de logotipos, etiquetas de calcoman\u00eda, gofrado, grabado, glaseado, pintura, etc.<\/p>\n<p>Tambi\u00e9n ofrecemos tapones a juego, como tapones de aluminio con patas de alto pol\u00edmero y tapones de madera con patas de alto pol\u00edmero, y colores personalizados disponibles.<\/p>\n<p>Gracias por elegir nuestras botellas de vidrio para vino. Esperamos poder ofrecerle los mejores productos y servicios.<\/p>\n<p>Si tiene alguna pregunta o petici\u00f3n espec\u00edfica, p\u00f3ngase en contacto con nosotros: \u00a1nuestro equipo est\u00e1 dispuesto a ayudarle!<\/p>\n\t\t<\/div>\n\t\t\t\t\t<\/div>\n\n\t\n<\/div>\n\t\t<\/div>\n\n\t\t\n<style>\n#section_1306540575 {\n  padding-top: 30px;\n  padding-bottom: 30px;\n}\n<\/style>\n\t<\/section>","protected":false},"excerpt":{"rendered":"<p><strong>Nombre del producto<\/strong>: Botella cuadrada noble de 750 ml<\/p>\n<p><strong>Material<\/strong>: Cristal blanco (Super Flint Glass)<\/p>\n<p><strong>Peso<\/strong>: 780g<\/p>\n<p><strong>MOQ<\/strong>: 10.000 unidades<\/p>\n<p><strong>Dimensiones<\/strong>: Di\u00e1metro 93mm \u00d7 Altura 227mm<\/p>\n<p><strong>Aplicaciones<\/strong>: Es ideal para envasar bebidas espirituosas de alta calidad como vodka, whisky, ginebra, tequila y otros licores y bebidas.<\/p>","protected":false},"featured_media":4694,"comment_status":"closed","ping_status":"closed","template":"","meta":[],"product_cat":[40,54],"class_list":{"0":"post-4693","1":"product","2":"type-product","3":"status-publish","4":"has-post-thumbnail","6":"product_cat-750ml-liquor-bottle-manufacturer","7":"product_cat-whiskey-bottle","9":"first","10":"instock","11":"shipping-taxable","12":"product-type-simple"},"yoast_head":"<!-- This site is optimized with the Yoast SEO plugin v22.0 - https:\/\/yoast.com\/wordpress\/plugins\/seo\/ -->\n<title>750ml Noble Square Bottle<\/title>\n<meta name=\"description\" content=\"Clear square glass bottle with thick base, ideal for spirits packaging. Sleek, modern design perfect for whiskey, vodka, gin, and other premium liquors.\" \/>\n<meta name=\"robots\" content=\"index, follow, max-snippet:-1, max-image-preview:large, max-video-preview:-1\" \/>\n<link rel=\"canonical\" href=\"https:\/\/ruishengglassco.com\/es\/botella-cuadrada-noble-de-750-ml\/\" \/>\n<meta property=\"og:locale\" content=\"es_ES\" \/>\n<meta property=\"og:type\" content=\"article\" \/>\n<meta property=\"og:title\" content=\"750ml Noble Square Bottle\" \/>\n<meta property=\"og:description\" content=\"Clear square glass bottle with thick base, ideal for spirits packaging. Sleek, modern design perfect for whiskey, vodka, gin, and other premium liquors.\" \/>\n<meta property=\"og:url\" content=\"https:\/\/ruishengglassco.com\/es\/botella-cuadrada-noble-de-750-ml\/\" \/>\n<meta property=\"article:publisher\" content=\"https:\/\/www.facebook.com\/ruishengglassbottles\" \/>\n<meta property=\"article:modified_time\" content=\"2025-09-11T08:53:22+00:00\" \/>\n<meta property=\"og:image\" content=\"https:\/\/ruishengglassco.com\/wp-content\/uploads\/2025\/04\/750ml-Clear-Glass-Spirits-Bottle-Square-Shape-Thick-Bottom.webp\" \/>\n\t<meta property=\"og:image:width\" content=\"800\" \/>\n\t<meta property=\"og:image:height\" content=\"800\" \/>\n\t<meta property=\"og:image:type\" content=\"image\/webp\" \/>\n<meta name=\"twitter:card\" content=\"summary_large_image\" \/>\n<meta name=\"twitter:label1\" content=\"Tiempo de lectura\" \/>\n\t<meta name=\"twitter:data1\" content=\"4 minutos\" \/>\n<script type=\"application\/ld+json\" class=\"yoast-schema-graph\">{\"@context\":\"https:\/\/schema.org\",\"@graph\":[{\"@type\":\"WebPage\",\"@id\":\"https:\/\/ruishengglassco.com\/750ml-noble-square-bottle\",\"url\":\"https:\/\/ruishengglassco.com\/750ml-noble-square-bottle\",\"name\":\"750ml Noble Square Bottle\",\"isPartOf\":{\"@id\":\"https:\/\/ruishengglassco.com\/#website\"},\"datePublished\":\"2025-04-14T08:52:20+00:00\",\"dateModified\":\"2025-09-11T08:53:22+00:00\",\"description\":\"Clear square glass bottle with thick base, ideal for spirits packaging. Sleek, modern design perfect for whiskey, vodka, gin, and other premium liquors.\",\"breadcrumb\":{\"@id\":\"https:\/\/ruishengglassco.com\/750ml-noble-square-bottle#breadcrumb\"},\"inLanguage\":\"es\",\"potentialAction\":[{\"@type\":\"ReadAction\",\"target\":[\"https:\/\/ruishengglassco.com\/750ml-noble-square-bottle\"]}]},{\"@type\":\"BreadcrumbList\",\"@id\":\"https:\/\/ruishengglassco.com\/750ml-noble-square-bottle#breadcrumb\",\"itemListElement\":[{\"@type\":\"ListItem\",\"position\":1,\"name\":\"Home\",\"item\":\"https:\/\/ruishengglassco.com\/\"},{\"@type\":\"ListItem\",\"position\":2,\"name\":\"Products\",\"item\":\"https:\/\/ruishengglassco.com\/products\"},{\"@type\":\"ListItem\",\"position\":3,\"name\":\"RS161 750ml Noble Square Bottle\"}]},{\"@type\":\"WebSite\",\"@id\":\"https:\/\/ruishengglassco.com\/#website\",\"url\":\"https:\/\/ruishengglassco.com\/\",\"name\":\"Ruisheng Glass\",\"description\":\"\",\"publisher\":{\"@id\":\"https:\/\/ruishengglassco.com\/#organization\"},\"potentialAction\":[{\"@type\":\"SearchAction\",\"target\":{\"@type\":\"EntryPoint\",\"urlTemplate\":\"https:\/\/ruishengglassco.com\/?s={search_term_string}\"},\"query-input\":\"required name=search_term_string\"}],\"inLanguage\":\"es\"},{\"@type\":\"Organization\",\"@id\":\"https:\/\/ruishengglassco.com\/#organization\",\"name\":\"Shandong Yuncheng Ruisheng Glass Co., Ltd\",\"url\":\"https:\/\/ruishengglassco.com\/\",\"logo\":{\"@type\":\"ImageObject\",\"inLanguage\":\"es\",\"@id\":\"https:\/\/ruishengglassco.com\/#\/schema\/logo\/image\/\",\"url\":\"https:\/\/ruishengglassco.com\/wp-content\/uploads\/2023\/09\/ruisheng_logo_icon.webp\",\"contentUrl\":\"https:\/\/ruishengglassco.com\/wp-content\/uploads\/2023\/09\/ruisheng_logo_icon.webp\",\"width\":400,\"height\":233,\"caption\":\"Shandong Yuncheng Ruisheng Glass Co., Ltd\"},\"image\":{\"@id\":\"https:\/\/ruishengglassco.com\/#\/schema\/logo\/image\/\"},\"sameAs\":[\"https:\/\/www.facebook.com\/ruishengglassbottles\",\"https:\/\/www.instagram.com\/Ruishengglassbottlewholesales\/\",\"https:\/\/www.youtube.com\/channel\/UCMmbMNGwsL-XrtjfSFLCdVQ\"]}]}<\/script>\n<!-- \/ Yoast SEO plugin. -->","yoast_head_json":{"title":"750ml Noble Square Bottle","description":"Clear square glass bottle with thick base, ideal for spirits packaging. Sleek, modern design perfect for whiskey, vodka, gin, and other premium liquors.","robots":{"index":"index","follow":"follow","max-snippet":"max-snippet:-1","max-image-preview":"max-image-preview:large","max-video-preview":"max-video-preview:-1"},"canonical":"https:\/\/ruishengglassco.com\/es\/botella-cuadrada-noble-de-750-ml\/","og_locale":"es_ES","og_type":"article","og_title":"750ml Noble Square Bottle","og_description":"Clear square glass bottle with thick base, ideal for spirits packaging. Sleek, modern design perfect for whiskey, vodka, gin, and other premium liquors.","og_url":"https:\/\/ruishengglassco.com\/es\/botella-cuadrada-noble-de-750-ml\/","article_publisher":"https:\/\/www.facebook.com\/ruishengglassbottles","article_modified_time":"2025-09-11T08:53:22+00:00","og_image":[{"width":800,"height":800,"url":"https:\/\/ruishengglassco.com\/wp-content\/uploads\/2025\/04\/750ml-Clear-Glass-Spirits-Bottle-Square-Shape-Thick-Bottom.webp","type":"image\/webp"}],"twitter_card":"summary_large_image","twitter_misc":{"Tiempo de lectura":"4 minutos"},"schema":{"@context":"https:\/\/schema.org","@graph":[{"@type":"WebPage","@id":"https:\/\/ruishengglassco.com\/750ml-noble-square-bottle","url":"https:\/\/ruishengglassco.com\/750ml-noble-square-bottle","name":"750ml Noble Square Bottle","isPartOf":{"@id":"https:\/\/ruishengglassco.com\/#website"},"datePublished":"2025-04-14T08:52:20+00:00","dateModified":"2025-09-11T08:53:22+00:00","description":"Clear square glass bottle with thick base, ideal for spirits packaging. Sleek, modern design perfect for whiskey, vodka, gin, and other premium liquors.","breadcrumb":{"@id":"https:\/\/ruishengglassco.com\/750ml-noble-square-bottle#breadcrumb"},"inLanguage":"es","potentialAction":[{"@type":"ReadAction","target":["https:\/\/ruishengglassco.com\/750ml-noble-square-bottle"]}]},{"@type":"BreadcrumbList","@id":"https:\/\/ruishengglassco.com\/750ml-noble-square-bottle#breadcrumb","itemListElement":[{"@type":"ListItem","position":1,"name":"Home","item":"https:\/\/ruishengglassco.com\/"},{"@type":"ListItem","position":2,"name":"Products","item":"https:\/\/ruishengglassco.com\/products"},{"@type":"ListItem","position":3,"name":"RS161 750ml Noble Square Bottle"}]},{"@type":"WebSite","@id":"https:\/\/ruishengglassco.com\/#website","url":"https:\/\/ruishengglassco.com\/","name":"Ruisheng Glass","description":"","publisher":{"@id":"https:\/\/ruishengglassco.com\/#organization"},"potentialAction":[{"@type":"SearchAction","target":{"@type":"EntryPoint","urlTemplate":"https:\/\/ruishengglassco.com\/?s={search_term_string}"},"query-input":"required name=search_term_string"}],"inLanguage":"es"},{"@type":"Organization","@id":"https:\/\/ruishengglassco.com\/#organization","name":"Shandong Yuncheng Ruisheng Glass Co., Ltd","url":"https:\/\/ruishengglassco.com\/","logo":{"@type":"ImageObject","inLanguage":"es","@id":"https:\/\/ruishengglassco.com\/#\/schema\/logo\/image\/","url":"https:\/\/ruishengglassco.com\/wp-content\/uploads\/2023\/09\/ruisheng_logo_icon.webp","contentUrl":"https:\/\/ruishengglassco.com\/wp-content\/uploads\/2023\/09\/ruisheng_logo_icon.webp","width":400,"height":233,"caption":"Shandong Yuncheng Ruisheng Glass Co., Ltd"},"image":{"@id":"https:\/\/ruishengglassco.com\/#\/schema\/logo\/image\/"},"sameAs":["https:\/\/www.facebook.com\/ruishengglassbottles","https:\/\/www.instagram.com\/Ruishengglassbottlewholesales\/","https:\/\/www.youtube.com\/channel\/UCMmbMNGwsL-XrtjfSFLCdVQ"]}]}},"_links":{"self":[{"href":"https:\/\/ruishengglassco.com\/es\/wp-json\/wp\/v2\/product\/4693","targetHints":{"allow":["GET"]}}],"collection":[{"href":"https:\/\/ruishengglassco.com\/es\/wp-json\/wp\/v2\/product"}],"about":[{"href":"https:\/\/ruishengglassco.com\/es\/wp-json\/wp\/v2\/types\/product"}],"replies":[{"embeddable":true,"href":"https:\/\/ruishengglassco.com\/es\/wp-json\/wp\/v2\/comments?post=4693"}],"wp:featuredmedia":[{"embeddable":true,"href":"https:\/\/ruishengglassco.com\/es\/wp-json\/wp\/v2\/media\/4694"}],"wp:attachment":[{"href":"https:\/\/ruishengglassco.com\/es\/wp-json\/wp\/v2\/media?parent=4693"}],"wp:term":[{"taxonomy":"product_cat","embeddable":true,"href":"https:\/\/ruishengglassco.com\/es\/wp-json\/wp\/v2\/product_cat?post=4693"}],"curies":[{"name":"wp","href":"https:\/\/api.w.org\/{rel}","templated":true}]}}